{"id":17197,"date":"2025-12-12T04:27:00","date_gmt":"2025-12-12T03:27:00","guid":{"rendered":"https:\/\/www.prokennex.eu\/?post_type=product&#038;p=17197"},"modified":"2025-12-12T13:44:14","modified_gmt":"2025-12-12T12:44:14","slug":"q-tour","status":"publish","type":"product","link":"https:\/\/www.prokennex.eu\/fr\/q-fr\/q-tour\/","title":{"rendered":"Q+TOUR"},"content":{"rendered":"","protected":false},"excerpt":{"rendered":"<p>La nouvelle Q+Tour est con\u00e7ue pour les joueurs qui recherchent le contr\u00f4le et la sensation \u00e0 chaque frappe. Le cadre carr\u00e9, le plan de cordage 16&#215;19 et le poids de 305 g la rendent pr\u00e9cise, stable et performante dans toutes les phases du jeu, tout en g\u00e9n\u00e9rant une excellente rotation sur les coups lift\u00e9s. Le syst\u00e8me Kinetic Quadfocus am\u00e9liore la stabilit\u00e9 de ce cadre \u00e0 la grande flexibilit\u00e9.<\/p>\n","protected":false},"featured_media":17191,"comment_status":"open","ping_status":"closed","template":"","meta":{"_acf_changed":false},"tecnologia":[1569,1571,1572],"product_brand":[],"product_cat":[1736,1728,1734],"product_tag":[],"class_list":{"0":"post-17197","1":"product","2":"type-product","3":"status-publish","4":"has-post-thumbnail","6":"tecnologia-kinetic-system-fr","7":"tecnologia-quad-focus-fr","8":"tecnologia-spiral-tech-carbon-fr","9":"product_cat-q-fr","10":"product_cat-tennis-fr","11":"product_cat-raquettes-fr","13":"first","14":"instock","15":"taxable","16":"shipping-taxable","17":"purchasable","18":"product-type-variable"},"bundled_by":[],"bundle_stock_status":"instock","bundle_stock_quantity":null,"bundle_virtual":false,"bundle_layout":"","bundle_add_to_cart_form_location":"","bundle_editable_in_cart":false,"bundle_sold_individually_context":"","bundle_item_grouping":"","bundle_min_size":"","bundle_max_size":"","bundle_price":[],"bundled_items":[],"bundle_sell_ids":[],"acf":[],"yoast_head":"<!-- This site is optimized with the Yoast SEO plugin v27.4 - https:\/\/yoast.com\/product\/yoast-seo-wordpress\/ -->\n<title>Q+TOUR - ProKennex Racchette e Accessori<\/title>\n<meta name=\"robots\" content=\"index, follow, max-snippet:-1, max-image-preview:large, max-video-preview:-1\" \/>\n<link rel=\"canonical\" href=\"https:\/\/www.prokennex.eu\/fr\/q-fr\/q-tour\/\" \/>\n<meta property=\"og:locale\" content=\"fr_FR\" \/>\n<meta property=\"og:type\" content=\"article\" \/>\n<meta property=\"og:title\" content=\"Q+TOUR - ProKennex Racchette e Accessori\" \/>\n<meta property=\"og:description\" content=\"La nouvelle Q+Tour est con\u00e7ue pour les joueurs qui recherchent le contr\u00f4le et la sensation \u00e0 chaque frappe. Le cadre carr\u00e9, le plan de cordage 16x19 et le poids de 305 g la rendent pr\u00e9cise, stable et performante dans toutes les phases du jeu, tout en g\u00e9n\u00e9rant une excellente rotation sur les coups lift\u00e9s. Le syst\u00e8me Kinetic Quadfocus am\u00e9liore la stabilit\u00e9 de ce cadre \u00e0 la grande flexibilit\u00e9.\" \/>\n<meta property=\"og:url\" content=\"https:\/\/www.prokennex.eu\/fr\/q-fr\/q-tour\/\" \/>\n<meta property=\"og:site_name\" content=\"ProKennex Racchette e Accessori\" \/>\n<meta property=\"article:modified_time\" content=\"2025-12-12T12:44:14+00:00\" \/>\n<meta property=\"og:image\" content=\"https:\/\/www.prokennex.eu\/wp-content\/uploads\/2025\/12\/qtour-1.jpg\" \/>\n\t<meta property=\"og:image:width\" content=\"2000\" \/>\n\t<meta property=\"og:image:height\" content=\"2000\" \/>\n\t<meta property=\"og:image:type\" content=\"image\/jpeg\" \/>\n<meta name=\"twitter:card\" content=\"summary_large_image\" \/>\n<script type=\"application\/ld+json\" class=\"yoast-schema-graph\">{\"@context\":\"https:\\\/\\\/schema.org\",\"@graph\":[{\"@type\":\"WebPage\",\"@id\":\"https:\\\/\\\/www.prokennex.eu\\\/fr\\\/q-fr\\\/q-tour\\\/\",\"url\":\"https:\\\/\\\/www.prokennex.eu\\\/fr\\\/q-fr\\\/q-tour\\\/\",\"name\":\"Q+TOUR - ProKennex Racchette e Accessori\",\"isPartOf\":{\"@id\":\"https:\\\/\\\/www.prokennex.eu\\\/fr\\\/#website\"},\"primaryImageOfPage\":{\"@id\":\"https:\\\/\\\/www.prokennex.eu\\\/fr\\\/q-fr\\\/q-tour\\\/#primaryimage\"},\"image\":{\"@id\":\"https:\\\/\\\/www.prokennex.eu\\\/fr\\\/q-fr\\\/q-tour\\\/#primaryimage\"},\"thumbnailUrl\":\"https:\\\/\\\/www.prokennex.eu\\\/wp-content\\\/uploads\\\/2025\\\/12\\\/qtour-1.jpg\",\"datePublished\":\"2025-12-12T03:27:00+00:00\",\"dateModified\":\"2025-12-12T12:44:14+00:00\",\"breadcrumb\":{\"@id\":\"https:\\\/\\\/www.prokennex.eu\\\/fr\\\/q-fr\\\/q-tour\\\/#breadcrumb\"},\"inLanguage\":\"fr-FR\",\"potentialAction\":[{\"@type\":\"ReadAction\",\"target\":[\"https:\\\/\\\/www.prokennex.eu\\\/fr\\\/q-fr\\\/q-tour\\\/\"]}]},{\"@type\":\"ImageObject\",\"inLanguage\":\"fr-FR\",\"@id\":\"https:\\\/\\\/www.prokennex.eu\\\/fr\\\/q-fr\\\/q-tour\\\/#primaryimage\",\"url\":\"https:\\\/\\\/www.prokennex.eu\\\/wp-content\\\/uploads\\\/2025\\\/12\\\/qtour-1.jpg\",\"contentUrl\":\"https:\\\/\\\/www.prokennex.eu\\\/wp-content\\\/uploads\\\/2025\\\/12\\\/qtour-1.jpg\",\"width\":2000,\"height\":2000},{\"@type\":\"BreadcrumbList\",\"@id\":\"https:\\\/\\\/www.prokennex.eu\\\/fr\\\/q-fr\\\/q-tour\\\/#breadcrumb\",\"itemListElement\":[{\"@type\":\"ListItem\",\"position\":1,\"name\":\"Shop\",\"item\":\"https:\\\/\\\/www.prokennex.eu\\\/fr\\\/negozio\\\/\"},{\"@type\":\"ListItem\",\"position\":2,\"name\":\"Tennis\",\"item\":\"https:\\\/\\\/www.prokennex.eu\\\/fr\\\/tennis-fr\\\/\"},{\"@type\":\"ListItem\",\"position\":3,\"name\":\"Raquettes\",\"item\":\"https:\\\/\\\/www.prokennex.eu\\\/fr\\\/tennis-fr\\\/raquettes-fr\\\/\"},{\"@type\":\"ListItem\",\"position\":4,\"name\":\"Q+\",\"item\":\"https:\\\/\\\/www.prokennex.eu\\\/fr\\\/tennis-fr\\\/raquettes-fr\\\/q-fr\\\/\"},{\"@type\":\"ListItem\",\"position\":5,\"name\":\"Q+TOUR\"}]},{\"@type\":\"WebSite\",\"@id\":\"https:\\\/\\\/www.prokennex.eu\\\/fr\\\/#website\",\"url\":\"https:\\\/\\\/www.prokennex.eu\\\/fr\\\/\",\"name\":\"ProKennex Racchette e Accessori\",\"description\":\"Tomorrow&#039;s Technologies\",\"publisher\":{\"@id\":\"https:\\\/\\\/www.prokennex.eu\\\/fr\\\/#organization\"},\"potentialAction\":[{\"@type\":\"SearchAction\",\"target\":{\"@type\":\"EntryPoint\",\"urlTemplate\":\"https:\\\/\\\/www.prokennex.eu\\\/fr\\\/?s={search_term_string}\"},\"query-input\":{\"@type\":\"PropertyValueSpecification\",\"valueRequired\":true,\"valueName\":\"search_term_string\"}}],\"inLanguage\":\"fr-FR\"},{\"@type\":\"Organization\",\"@id\":\"https:\\\/\\\/www.prokennex.eu\\\/fr\\\/#organization\",\"name\":\"Pro Kennex s.r.l.\",\"url\":\"https:\\\/\\\/www.prokennex.eu\\\/fr\\\/\",\"logo\":{\"@type\":\"ImageObject\",\"inLanguage\":\"fr-FR\",\"@id\":\"https:\\\/\\\/www.prokennex.eu\\\/fr\\\/#\\\/schema\\\/logo\\\/image\\\/\",\"url\":\"https:\\\/\\\/www.prokennex.eu\\\/wp-content\\\/uploads\\\/2021\\\/09\\\/prokennex-logo.svg\",\"contentUrl\":\"https:\\\/\\\/www.prokennex.eu\\\/wp-content\\\/uploads\\\/2021\\\/09\\\/prokennex-logo.svg\",\"width\":\"1440\",\"height\":\"1080\",\"caption\":\"Pro Kennex s.r.l.\"},\"image\":{\"@id\":\"https:\\\/\\\/www.prokennex.eu\\\/fr\\\/#\\\/schema\\\/logo\\\/image\\\/\"}}]}<\/script>\n<!-- \/ Yoast SEO plugin. -->","yoast_head_json":{"title":"Q+TOUR - ProKennex Racchette e Accessori","robots":{"index":"index","follow":"follow","max-snippet":"max-snippet:-1","max-image-preview":"max-image-preview:large","max-video-preview":"max-video-preview:-1"},"canonical":"https:\/\/www.prokennex.eu\/fr\/q-fr\/q-tour\/","og_locale":"fr_FR","og_type":"article","og_title":"Q+TOUR - ProKennex Racchette e Accessori","og_description":"La nouvelle Q+Tour est con\u00e7ue pour les joueurs qui recherchent le contr\u00f4le et la sensation \u00e0 chaque frappe. Le cadre carr\u00e9, le plan de cordage 16x19 et le poids de 305 g la rendent pr\u00e9cise, stable et performante dans toutes les phases du jeu, tout en g\u00e9n\u00e9rant une excellente rotation sur les coups lift\u00e9s. Le syst\u00e8me Kinetic Quadfocus am\u00e9liore la stabilit\u00e9 de ce cadre \u00e0 la grande flexibilit\u00e9.","og_url":"https:\/\/www.prokennex.eu\/fr\/q-fr\/q-tour\/","og_site_name":"ProKennex Racchette e Accessori","article_modified_time":"2025-12-12T12:44:14+00:00","og_image":[{"width":2000,"height":2000,"url":"https:\/\/www.prokennex.eu\/wp-content\/uploads\/2025\/12\/qtour-1.jpg","type":"image\/jpeg"}],"twitter_card":"summary_large_image","schema":{"@context":"https:\/\/schema.org","@graph":[{"@type":"WebPage","@id":"https:\/\/www.prokennex.eu\/fr\/q-fr\/q-tour\/","url":"https:\/\/www.prokennex.eu\/fr\/q-fr\/q-tour\/","name":"Q+TOUR - ProKennex Racchette e Accessori","isPartOf":{"@id":"https:\/\/www.prokennex.eu\/fr\/#website"},"primaryImageOfPage":{"@id":"https:\/\/www.prokennex.eu\/fr\/q-fr\/q-tour\/#primaryimage"},"image":{"@id":"https:\/\/www.prokennex.eu\/fr\/q-fr\/q-tour\/#primaryimage"},"thumbnailUrl":"https:\/\/www.prokennex.eu\/wp-content\/uploads\/2025\/12\/qtour-1.jpg","datePublished":"2025-12-12T03:27:00+00:00","dateModified":"2025-12-12T12:44:14+00:00","breadcrumb":{"@id":"https:\/\/www.prokennex.eu\/fr\/q-fr\/q-tour\/#breadcrumb"},"inLanguage":"fr-FR","potentialAction":[{"@type":"ReadAction","target":["https:\/\/www.prokennex.eu\/fr\/q-fr\/q-tour\/"]}]},{"@type":"ImageObject","inLanguage":"fr-FR","@id":"https:\/\/www.prokennex.eu\/fr\/q-fr\/q-tour\/#primaryimage","url":"https:\/\/www.prokennex.eu\/wp-content\/uploads\/2025\/12\/qtour-1.jpg","contentUrl":"https:\/\/www.prokennex.eu\/wp-content\/uploads\/2025\/12\/qtour-1.jpg","width":2000,"height":2000},{"@type":"BreadcrumbList","@id":"https:\/\/www.prokennex.eu\/fr\/q-fr\/q-tour\/#breadcrumb","itemListElement":[{"@type":"ListItem","position":1,"name":"Shop","item":"https:\/\/www.prokennex.eu\/fr\/negozio\/"},{"@type":"ListItem","position":2,"name":"Tennis","item":"https:\/\/www.prokennex.eu\/fr\/tennis-fr\/"},{"@type":"ListItem","position":3,"name":"Raquettes","item":"https:\/\/www.prokennex.eu\/fr\/tennis-fr\/raquettes-fr\/"},{"@type":"ListItem","position":4,"name":"Q+","item":"https:\/\/www.prokennex.eu\/fr\/tennis-fr\/raquettes-fr\/q-fr\/"},{"@type":"ListItem","position":5,"name":"Q+TOUR"}]},{"@type":"WebSite","@id":"https:\/\/www.prokennex.eu\/fr\/#website","url":"https:\/\/www.prokennex.eu\/fr\/","name":"ProKennex Racchette e Accessori","description":"Tomorrow&#039;s Technologies","publisher":{"@id":"https:\/\/www.prokennex.eu\/fr\/#organization"},"potentialAction":[{"@type":"SearchAction","target":{"@type":"EntryPoint","urlTemplate":"https:\/\/www.prokennex.eu\/fr\/?s={search_term_string}"},"query-input":{"@type":"PropertyValueSpecification","valueRequired":true,"valueName":"search_term_string"}}],"inLanguage":"fr-FR"},{"@type":"Organization","@id":"https:\/\/www.prokennex.eu\/fr\/#organization","name":"Pro Kennex s.r.l.","url":"https:\/\/www.prokennex.eu\/fr\/","logo":{"@type":"ImageObject","inLanguage":"fr-FR","@id":"https:\/\/www.prokennex.eu\/fr\/#\/schema\/logo\/image\/","url":"https:\/\/www.prokennex.eu\/wp-content\/uploads\/2021\/09\/prokennex-logo.svg","contentUrl":"https:\/\/www.prokennex.eu\/wp-content\/uploads\/2021\/09\/prokennex-logo.svg","width":"1440","height":"1080","caption":"Pro Kennex s.r.l."},"image":{"@id":"https:\/\/www.prokennex.eu\/fr\/#\/schema\/logo\/image\/"}}]}},"_links":{"self":[{"href":"https:\/\/www.prokennex.eu\/fr\/wp-json\/wp\/v2\/product\/17197","targetHints":{"allow":["GET"]}}],"collection":[{"href":"https:\/\/www.prokennex.eu\/fr\/wp-json\/wp\/v2\/product"}],"about":[{"href":"https:\/\/www.prokennex.eu\/fr\/wp-json\/wp\/v2\/types\/product"}],"replies":[{"embeddable":true,"href":"https:\/\/www.prokennex.eu\/fr\/wp-json\/wp\/v2\/comments?post=17197"}],"wp:featuredmedia":[{"embeddable":true,"href":"https:\/\/www.prokennex.eu\/fr\/wp-json\/wp\/v2\/media\/17191"}],"wp:attachment":[{"href":"https:\/\/www.prokennex.eu\/fr\/wp-json\/wp\/v2\/media?parent=17197"}],"wp:term":[{"taxonomy":"tecnologia","embeddable":true,"href":"https:\/\/www.prokennex.eu\/fr\/wp-json\/wp\/v2\/tecnologia?post=17197"},{"taxonomy":"product_brand","embeddable":true,"href":"https:\/\/www.prokennex.eu\/fr\/wp-json\/wp\/v2\/product_brand?post=17197"},{"taxonomy":"product_cat","embeddable":true,"href":"https:\/\/www.prokennex.eu\/fr\/wp-json\/wp\/v2\/product_cat?post=17197"},{"taxonomy":"product_tag","embeddable":true,"href":"https:\/\/www.prokennex.eu\/fr\/wp-json\/wp\/v2\/product_tag?post=17197"}],"curies":[{"name":"wp","href":"https:\/\/api.w.org\/{rel}","templated":true}]}}