{"id":16788,"date":"2025-11-21T11:14:47","date_gmt":"2025-11-21T10:14:47","guid":{"rendered":"https:\/\/www.prokennex.eu\/?post_type=product&#038;p=16788"},"modified":"2025-11-25T19:58:12","modified_gmt":"2025-11-25T18:58:12","slug":"q5","status":"publish","type":"product","link":"https:\/\/www.prokennex.eu\/fr\/raquettes-fr\/q5\/","title":{"rendered":"Q+5"},"content":{"rendered":"","protected":false},"excerpt":{"rendered":"<p>Le nouveau Q+5 r\u00e9volutionne le concept m\u00eame de raquette de comp\u00e9tition, gr\u00e2ce \u00e0 la technologie QuadFocus Kinetic, au cadre renouvel\u00e9 en Spiral Tech Carbon et \u00e0 un design con\u00e7u et test\u00e9 en soufflerie. Con\u00e7ue pour les joueurs qui aiment un jeu rapide et puissant sans renoncer \u00e0 la stabilit\u00e9 maximale, la nouvelle Q+5 combine une sortie de balle explosive et une facilit\u00e9 naturelle dans les rotations, en topspin comme en slice.<\/p>\n<p>Elle est disponible en six versions de poids diff\u00e9rentes, afin d\u2019offrir la meilleure exp\u00e9rience de jeu m\u00eame aux joueurs les plus exigeants.<\/p>\n<p>La technologie exclusive QuadFocus Kinetic r\u00e9partit l\u2019\u00e9nergie dans quatre zones strat\u00e9giques du cadre, permettant une absorption accrue des vibrations, une protection maximale du bras et une stabilit\u00e9 torsionnelle renforc\u00e9e \u00e0 chaque coup, garantissant un ressenti de jeu constant et parfait.<\/p>\n","protected":false},"featured_media":16091,"comment_status":"open","ping_status":"closed","template":"","meta":{"_acf_changed":false},"tecnologia":[1569,1571,1572],"product_brand":[],"product_cat":[1736,1728,1734],"product_tag":[2213],"class_list":{"0":"post-16788","1":"product","2":"type-product","3":"status-publish","4":"has-post-thumbnail","6":"tecnologia-kinetic-system-fr","7":"tecnologia-quad-focus-fr","8":"tecnologia-spiral-tech-carbon-fr","9":"product_cat-q-fr","10":"product_cat-tennis-fr","11":"product_cat-raquettes-fr","12":"product_tag-q5-fr","14":"first","15":"instock","16":"taxable","17":"shipping-taxable","18":"purchasable","19":"product-type-variable"},"bundled_by":[],"bundle_stock_status":"instock","bundle_stock_quantity":null,"bundle_virtual":false,"bundle_layout":"","bundle_add_to_cart_form_location":"","bundle_editable_in_cart":false,"bundle_sold_individually_context":"","bundle_item_grouping":"","bundle_min_size":"","bundle_max_size":"","bundle_price":[],"bundled_items":[],"bundle_sell_ids":[],"acf":[],"yoast_head":"<!-- This site is optimized with the Yoast SEO plugin v27.1.1 - https:\/\/yoast.com\/product\/yoast-seo-wordpress\/ -->\n<title>Q+5 - ProKennex Racchette e Accessori<\/title>\n<meta name=\"robots\" content=\"index, follow, max-snippet:-1, max-image-preview:large, max-video-preview:-1\" \/>\n<link rel=\"canonical\" href=\"https:\/\/www.prokennex.eu\/fr\/raquettes-fr\/q5\/\" \/>\n<meta property=\"og:locale\" content=\"fr_FR\" \/>\n<meta property=\"og:type\" content=\"article\" \/>\n<meta property=\"og:title\" content=\"Q+5 - ProKennex Racchette e Accessori\" \/>\n<meta property=\"og:description\" content=\"Le nouveau Q+5 r\u00e9volutionne le concept m\u00eame de raquette de comp\u00e9tition, gr\u00e2ce \u00e0 la technologie QuadFocus Kinetic, au cadre renouvel\u00e9 en Spiral Tech Carbon et \u00e0 un design con\u00e7u et test\u00e9 en soufflerie. Con\u00e7ue pour les joueurs qui aiment un jeu rapide et puissant sans renoncer \u00e0 la stabilit\u00e9 maximale, la nouvelle Q+5 combine une sortie de balle explosive et une facilit\u00e9 naturelle dans les rotations, en topspin comme en slice.  Elle est disponible en six versions de poids diff\u00e9rentes, afin d\u2019offrir la meilleure exp\u00e9rience de jeu m\u00eame aux joueurs les plus exigeants.  La technologie exclusive QuadFocus Kinetic r\u00e9partit l\u2019\u00e9nergie dans quatre zones strat\u00e9giques du cadre, permettant une absorption accrue des vibrations, une protection maximale du bras et une stabilit\u00e9 torsionnelle renforc\u00e9e \u00e0 chaque coup, garantissant un ressenti de jeu constant et parfait.\" \/>\n<meta property=\"og:url\" content=\"https:\/\/www.prokennex.eu\/fr\/raquettes-fr\/q5\/\" \/>\n<meta property=\"og:site_name\" content=\"ProKennex Racchette e Accessori\" \/>\n<meta property=\"article:modified_time\" content=\"2025-11-25T18:58:12+00:00\" \/>\n<meta property=\"og:image\" content=\"https:\/\/www.prokennex.eu\/wp-content\/uploads\/2021\/04\/q5-1.jpg\" \/>\n\t<meta property=\"og:image:width\" content=\"2000\" \/>\n\t<meta property=\"og:image:height\" content=\"2000\" \/>\n\t<meta property=\"og:image:type\" content=\"image\/jpeg\" \/>\n<meta name=\"twitter:card\" content=\"summary_large_image\" \/>\n<script type=\"application\/ld+json\" class=\"yoast-schema-graph\">{\"@context\":\"https:\/\/schema.org\",\"@graph\":[{\"@type\":\"WebPage\",\"@id\":\"https:\/\/www.prokennex.eu\/fr\/raquettes-fr\/q5\/\",\"url\":\"https:\/\/www.prokennex.eu\/fr\/raquettes-fr\/q5\/\",\"name\":\"Q+5 - ProKennex Racchette e Accessori\",\"isPartOf\":{\"@id\":\"https:\/\/www.prokennex.eu\/fr\/#website\"},\"primaryImageOfPage\":{\"@id\":\"https:\/\/www.prokennex.eu\/fr\/raquettes-fr\/q5\/#primaryimage\"},\"image\":{\"@id\":\"https:\/\/www.prokennex.eu\/fr\/raquettes-fr\/q5\/#primaryimage\"},\"thumbnailUrl\":\"https:\/\/www.prokennex.eu\/wp-content\/uploads\/2021\/04\/q5-1.jpg\",\"datePublished\":\"2025-11-21T10:14:47+00:00\",\"dateModified\":\"2025-11-25T18:58:12+00:00\",\"breadcrumb\":{\"@id\":\"https:\/\/www.prokennex.eu\/fr\/raquettes-fr\/q5\/#breadcrumb\"},\"inLanguage\":\"fr-FR\",\"potentialAction\":[{\"@type\":\"ReadAction\",\"target\":[\"https:\/\/www.prokennex.eu\/fr\/raquettes-fr\/q5\/\"]}]},{\"@type\":\"ImageObject\",\"inLanguage\":\"fr-FR\",\"@id\":\"https:\/\/www.prokennex.eu\/fr\/raquettes-fr\/q5\/#primaryimage\",\"url\":\"https:\/\/www.prokennex.eu\/wp-content\/uploads\/2021\/04\/q5-1.jpg\",\"contentUrl\":\"https:\/\/www.prokennex.eu\/wp-content\/uploads\/2021\/04\/q5-1.jpg\",\"width\":2000,\"height\":2000},{\"@type\":\"BreadcrumbList\",\"@id\":\"https:\/\/www.prokennex.eu\/fr\/raquettes-fr\/q5\/#breadcrumb\",\"itemListElement\":[{\"@type\":\"ListItem\",\"position\":1,\"name\":\"Shop\",\"item\":\"https:\/\/www.prokennex.eu\/fr\/negozio\/\"},{\"@type\":\"ListItem\",\"position\":2,\"name\":\"Tennis\",\"item\":\"https:\/\/www.prokennex.eu\/fr\/tennis-fr\/\"},{\"@type\":\"ListItem\",\"position\":3,\"name\":\"Raquettes\",\"item\":\"https:\/\/www.prokennex.eu\/fr\/tennis-fr\/raquettes-fr\/\"},{\"@type\":\"ListItem\",\"position\":4,\"name\":\"Q+5\"}]},{\"@type\":\"WebSite\",\"@id\":\"https:\/\/www.prokennex.eu\/fr\/#website\",\"url\":\"https:\/\/www.prokennex.eu\/fr\/\",\"name\":\"ProKennex Racchette e Accessori\",\"description\":\"Tomorrow&#039;s Technologies\",\"publisher\":{\"@id\":\"https:\/\/www.prokennex.eu\/fr\/#organization\"},\"potentialAction\":[{\"@type\":\"SearchAction\",\"target\":{\"@type\":\"EntryPoint\",\"urlTemplate\":\"https:\/\/www.prokennex.eu\/fr\/?s={search_term_string}\"},\"query-input\":{\"@type\":\"PropertyValueSpecification\",\"valueRequired\":true,\"valueName\":\"search_term_string\"}}],\"inLanguage\":\"fr-FR\"},{\"@type\":\"Organization\",\"@id\":\"https:\/\/www.prokennex.eu\/fr\/#organization\",\"name\":\"Pro Kennex s.r.l.\",\"url\":\"https:\/\/www.prokennex.eu\/fr\/\",\"logo\":{\"@type\":\"ImageObject\",\"inLanguage\":\"fr-FR\",\"@id\":\"https:\/\/www.prokennex.eu\/fr\/#\/schema\/logo\/image\/\",\"url\":\"https:\/\/www.prokennex.eu\/wp-content\/uploads\/2021\/09\/prokennex-logo.svg\",\"contentUrl\":\"https:\/\/www.prokennex.eu\/wp-content\/uploads\/2021\/09\/prokennex-logo.svg\",\"width\":\"1440\",\"height\":\"1080\",\"caption\":\"Pro Kennex s.r.l.\"},\"image\":{\"@id\":\"https:\/\/www.prokennex.eu\/fr\/#\/schema\/logo\/image\/\"}}]}<\/script>\n<!-- \/ Yoast SEO plugin. -->","yoast_head_json":{"title":"Q+5 - ProKennex Racchette e Accessori","robots":{"index":"index","follow":"follow","max-snippet":"max-snippet:-1","max-image-preview":"max-image-preview:large","max-video-preview":"max-video-preview:-1"},"canonical":"https:\/\/www.prokennex.eu\/fr\/raquettes-fr\/q5\/","og_locale":"fr_FR","og_type":"article","og_title":"Q+5 - ProKennex Racchette e Accessori","og_description":"Le nouveau Q+5 r\u00e9volutionne le concept m\u00eame de raquette de comp\u00e9tition, gr\u00e2ce \u00e0 la technologie QuadFocus Kinetic, au cadre renouvel\u00e9 en Spiral Tech Carbon et \u00e0 un design con\u00e7u et test\u00e9 en soufflerie. Con\u00e7ue pour les joueurs qui aiment un jeu rapide et puissant sans renoncer \u00e0 la stabilit\u00e9 maximale, la nouvelle Q+5 combine une sortie de balle explosive et une facilit\u00e9 naturelle dans les rotations, en topspin comme en slice.  Elle est disponible en six versions de poids diff\u00e9rentes, afin d\u2019offrir la meilleure exp\u00e9rience de jeu m\u00eame aux joueurs les plus exigeants.  La technologie exclusive QuadFocus Kinetic r\u00e9partit l\u2019\u00e9nergie dans quatre zones strat\u00e9giques du cadre, permettant une absorption accrue des vibrations, une protection maximale du bras et une stabilit\u00e9 torsionnelle renforc\u00e9e \u00e0 chaque coup, garantissant un ressenti de jeu constant et parfait.","og_url":"https:\/\/www.prokennex.eu\/fr\/raquettes-fr\/q5\/","og_site_name":"ProKennex Racchette e Accessori","article_modified_time":"2025-11-25T18:58:12+00:00","og_image":[{"width":2000,"height":2000,"url":"https:\/\/www.prokennex.eu\/wp-content\/uploads\/2021\/04\/q5-1.jpg","type":"image\/jpeg"}],"twitter_card":"summary_large_image","schema":{"@context":"https:\/\/schema.org","@graph":[{"@type":"WebPage","@id":"https:\/\/www.prokennex.eu\/fr\/raquettes-fr\/q5\/","url":"https:\/\/www.prokennex.eu\/fr\/raquettes-fr\/q5\/","name":"Q+5 - ProKennex Racchette e Accessori","isPartOf":{"@id":"https:\/\/www.prokennex.eu\/fr\/#website"},"primaryImageOfPage":{"@id":"https:\/\/www.prokennex.eu\/fr\/raquettes-fr\/q5\/#primaryimage"},"image":{"@id":"https:\/\/www.prokennex.eu\/fr\/raquettes-fr\/q5\/#primaryimage"},"thumbnailUrl":"https:\/\/www.prokennex.eu\/wp-content\/uploads\/2021\/04\/q5-1.jpg","datePublished":"2025-11-21T10:14:47+00:00","dateModified":"2025-11-25T18:58:12+00:00","breadcrumb":{"@id":"https:\/\/www.prokennex.eu\/fr\/raquettes-fr\/q5\/#breadcrumb"},"inLanguage":"fr-FR","potentialAction":[{"@type":"ReadAction","target":["https:\/\/www.prokennex.eu\/fr\/raquettes-fr\/q5\/"]}]},{"@type":"ImageObject","inLanguage":"fr-FR","@id":"https:\/\/www.prokennex.eu\/fr\/raquettes-fr\/q5\/#primaryimage","url":"https:\/\/www.prokennex.eu\/wp-content\/uploads\/2021\/04\/q5-1.jpg","contentUrl":"https:\/\/www.prokennex.eu\/wp-content\/uploads\/2021\/04\/q5-1.jpg","width":2000,"height":2000},{"@type":"BreadcrumbList","@id":"https:\/\/www.prokennex.eu\/fr\/raquettes-fr\/q5\/#breadcrumb","itemListElement":[{"@type":"ListItem","position":1,"name":"Shop","item":"https:\/\/www.prokennex.eu\/fr\/negozio\/"},{"@type":"ListItem","position":2,"name":"Tennis","item":"https:\/\/www.prokennex.eu\/fr\/tennis-fr\/"},{"@type":"ListItem","position":3,"name":"Raquettes","item":"https:\/\/www.prokennex.eu\/fr\/tennis-fr\/raquettes-fr\/"},{"@type":"ListItem","position":4,"name":"Q+5"}]},{"@type":"WebSite","@id":"https:\/\/www.prokennex.eu\/fr\/#website","url":"https:\/\/www.prokennex.eu\/fr\/","name":"ProKennex Racchette e Accessori","description":"Tomorrow&#039;s Technologies","publisher":{"@id":"https:\/\/www.prokennex.eu\/fr\/#organization"},"potentialAction":[{"@type":"SearchAction","target":{"@type":"EntryPoint","urlTemplate":"https:\/\/www.prokennex.eu\/fr\/?s={search_term_string}"},"query-input":{"@type":"PropertyValueSpecification","valueRequired":true,"valueName":"search_term_string"}}],"inLanguage":"fr-FR"},{"@type":"Organization","@id":"https:\/\/www.prokennex.eu\/fr\/#organization","name":"Pro Kennex s.r.l.","url":"https:\/\/www.prokennex.eu\/fr\/","logo":{"@type":"ImageObject","inLanguage":"fr-FR","@id":"https:\/\/www.prokennex.eu\/fr\/#\/schema\/logo\/image\/","url":"https:\/\/www.prokennex.eu\/wp-content\/uploads\/2021\/09\/prokennex-logo.svg","contentUrl":"https:\/\/www.prokennex.eu\/wp-content\/uploads\/2021\/09\/prokennex-logo.svg","width":"1440","height":"1080","caption":"Pro Kennex s.r.l."},"image":{"@id":"https:\/\/www.prokennex.eu\/fr\/#\/schema\/logo\/image\/"}}]}},"_links":{"self":[{"href":"https:\/\/www.prokennex.eu\/fr\/wp-json\/wp\/v2\/product\/16788","targetHints":{"allow":["GET"]}}],"collection":[{"href":"https:\/\/www.prokennex.eu\/fr\/wp-json\/wp\/v2\/product"}],"about":[{"href":"https:\/\/www.prokennex.eu\/fr\/wp-json\/wp\/v2\/types\/product"}],"replies":[{"embeddable":true,"href":"https:\/\/www.prokennex.eu\/fr\/wp-json\/wp\/v2\/comments?post=16788"}],"wp:featuredmedia":[{"embeddable":true,"href":"https:\/\/www.prokennex.eu\/fr\/wp-json\/wp\/v2\/media\/16091"}],"wp:attachment":[{"href":"https:\/\/www.prokennex.eu\/fr\/wp-json\/wp\/v2\/media?parent=16788"}],"wp:term":[{"taxonomy":"tecnologia","embeddable":true,"href":"https:\/\/www.prokennex.eu\/fr\/wp-json\/wp\/v2\/tecnologia?post=16788"},{"taxonomy":"product_brand","embeddable":true,"href":"https:\/\/www.prokennex.eu\/fr\/wp-json\/wp\/v2\/product_brand?post=16788"},{"taxonomy":"product_cat","embeddable":true,"href":"https:\/\/www.prokennex.eu\/fr\/wp-json\/wp\/v2\/product_cat?post=16788"},{"taxonomy":"product_tag","embeddable":true,"href":"https:\/\/www.prokennex.eu\/fr\/wp-json\/wp\/v2\/product_tag?post=16788"}],"curies":[{"name":"wp","href":"https:\/\/api.w.org\/{rel}","templated":true}]}}