{"id":15116,"date":"2025-02-24T09:16:08","date_gmt":"2025-02-24T08:16:08","guid":{"rendered":"https:\/\/www.prokennex.eu\/non class\u00e9\/black-ace-14\/"},"modified":"2025-02-24T09:16:08","modified_gmt":"2025-02-24T08:16:08","slug":"black-ace-14","status":"publish","type":"product","link":"https:\/\/www.prokennex.eu\/fr\/raquettes-pickleball\/black-ace-14\/","title":{"rendered":"Black Ace 14"},"content":{"rendered":"","protected":false},"excerpt":{"rendered":"<p>Toute la puissance de la Black Ace dans un nouveau design r\u00e9volutionnaire avec un profil de 14 mm, pour une exp\u00e9rience de jeu sup\u00e9rieure, en termes de stabilit\u00e9, de pr\u00e9cision et de rotation.<br \/>\nLe<strong> Kinetic System<\/strong>, pr\u00e9sent dans toute la nouvelle s\u00e9rie Black Ace, rend imm\u00e9diatement la raquette stable apr\u00e8s chaque frappe, emp\u00eachant les vibrations d&rsquo;atteindre le bras, garantissant un contr\u00f4le absolu et une continuit\u00e9 de jeu sans \u00e9gale.<br \/>\nLe tamis, con\u00e7u et fabriqu\u00e9 avec la technologie <strong>Carbon Fire<\/strong>, garantit des rotations encore plus efficaces et permet d&rsquo;exploiter au mieux votre potentiel pour dominer vos adversaires.<\/p>\n<p>Housse de raquette gratuite.<\/p>\n","protected":false},"featured_media":14768,"comment_status":"open","ping_status":"closed","template":"","meta":{"_acf_changed":false},"tecnologia":[2122,1569,2155],"product_brand":[],"product_cat":[1717,1719],"product_tag":[2055,2160],"class_list":{"0":"post-15116","1":"product","2":"type-product","3":"status-publish","4":"has-post-thumbnail","6":"tecnologia-carbon-fire-fr","7":"tecnologia-kinetic-system-fr","8":"tecnologia-racquet-sense-fr","9":"product_cat-pickleball-fr","10":"product_cat-raquettes-pickleball","11":"product_tag-ace-station-fr","12":"product_tag-black-ace-pickleball-fr","14":"first","15":"instock","16":"taxable","17":"shipping-taxable","18":"purchasable","19":"product-type-simple"},"bundled_by":[],"bundle_stock_status":"instock","bundle_stock_quantity":10,"bundle_virtual":false,"bundle_layout":"","bundle_add_to_cart_form_location":"","bundle_editable_in_cart":false,"bundle_sold_individually_context":"","bundle_item_grouping":"","bundle_min_size":"","bundle_max_size":"","bundle_price":[],"bundled_items":[],"bundle_sell_ids":[],"acf":[],"yoast_head":"<!-- This site is optimized with the Yoast SEO plugin v27.1.1 - https:\/\/yoast.com\/product\/yoast-seo-wordpress\/ -->\n<title>Black Ace 14 - ProKennex Racchette e Accessori<\/title>\n<meta name=\"robots\" content=\"index, follow, max-snippet:-1, max-image-preview:large, max-video-preview:-1\" \/>\n<link rel=\"canonical\" href=\"https:\/\/www.prokennex.eu\/fr\/raquettes-pickleball\/black-ace-14\/\" \/>\n<meta property=\"og:locale\" content=\"fr_FR\" \/>\n<meta property=\"og:type\" content=\"article\" \/>\n<meta property=\"og:title\" content=\"Black Ace 14 - ProKennex Racchette e Accessori\" \/>\n<meta property=\"og:description\" content=\"Toute la puissance de la Black Ace dans un nouveau design r\u00e9volutionnaire avec un profil de 14 mm, pour une exp\u00e9rience de jeu sup\u00e9rieure, en termes de stabilit\u00e9, de pr\u00e9cision et de rotation. Le Kinetic System, pr\u00e9sent dans toute la nouvelle s\u00e9rie Black Ace, rend imm\u00e9diatement la raquette stable apr\u00e8s chaque frappe, emp\u00eachant les vibrations d&#039;atteindre le bras, garantissant un contr\u00f4le absolu et une continuit\u00e9 de jeu sans \u00e9gale. Le tamis, con\u00e7u et fabriqu\u00e9 avec la technologie Carbon Fire, garantit des rotations encore plus efficaces et permet d&#039;exploiter au mieux votre potentiel pour dominer vos adversaires.  Housse de raquette gratuite.\" \/>\n<meta property=\"og:url\" content=\"https:\/\/www.prokennex.eu\/fr\/raquettes-pickleball\/black-ace-14\/\" \/>\n<meta property=\"og:site_name\" content=\"ProKennex Racchette e Accessori\" \/>\n<meta property=\"og:image\" content=\"https:\/\/www.prokennex.eu\/wp-content\/uploads\/2025\/02\/black-ace-14-1.jpg\" \/>\n\t<meta property=\"og:image:width\" content=\"2000\" \/>\n\t<meta property=\"og:image:height\" content=\"2000\" \/>\n\t<meta property=\"og:image:type\" content=\"image\/jpeg\" \/>\n<meta name=\"twitter:card\" content=\"summary_large_image\" \/>\n<script type=\"application\/ld+json\" class=\"yoast-schema-graph\">{\"@context\":\"https:\/\/schema.org\",\"@graph\":[{\"@type\":\"WebPage\",\"@id\":\"https:\/\/www.prokennex.eu\/fr\/raquettes-pickleball\/black-ace-14\/\",\"url\":\"https:\/\/www.prokennex.eu\/fr\/raquettes-pickleball\/black-ace-14\/\",\"name\":\"Black Ace 14 - ProKennex Racchette e Accessori\",\"isPartOf\":{\"@id\":\"https:\/\/www.prokennex.eu\/fr\/#website\"},\"primaryImageOfPage\":{\"@id\":\"https:\/\/www.prokennex.eu\/fr\/raquettes-pickleball\/black-ace-14\/#primaryimage\"},\"image\":{\"@id\":\"https:\/\/www.prokennex.eu\/fr\/raquettes-pickleball\/black-ace-14\/#primaryimage\"},\"thumbnailUrl\":\"https:\/\/www.prokennex.eu\/wp-content\/uploads\/2025\/02\/black-ace-14-1.jpg\",\"datePublished\":\"2025-02-24T08:16:08+00:00\",\"breadcrumb\":{\"@id\":\"https:\/\/www.prokennex.eu\/fr\/raquettes-pickleball\/black-ace-14\/#breadcrumb\"},\"inLanguage\":\"fr-FR\",\"potentialAction\":[{\"@type\":\"ReadAction\",\"target\":[\"https:\/\/www.prokennex.eu\/fr\/raquettes-pickleball\/black-ace-14\/\"]}]},{\"@type\":\"ImageObject\",\"inLanguage\":\"fr-FR\",\"@id\":\"https:\/\/www.prokennex.eu\/fr\/raquettes-pickleball\/black-ace-14\/#primaryimage\",\"url\":\"https:\/\/www.prokennex.eu\/wp-content\/uploads\/2025\/02\/black-ace-14-1.jpg\",\"contentUrl\":\"https:\/\/www.prokennex.eu\/wp-content\/uploads\/2025\/02\/black-ace-14-1.jpg\",\"width\":2000,\"height\":2000},{\"@type\":\"BreadcrumbList\",\"@id\":\"https:\/\/www.prokennex.eu\/fr\/raquettes-pickleball\/black-ace-14\/#breadcrumb\",\"itemListElement\":[{\"@type\":\"ListItem\",\"position\":1,\"name\":\"Shop\",\"item\":\"https:\/\/www.prokennex.eu\/fr\/negozio\/\"},{\"@type\":\"ListItem\",\"position\":2,\"name\":\"Pickleball\",\"item\":\"https:\/\/www.prokennex.eu\/fr\/pickleball-fr\/\"},{\"@type\":\"ListItem\",\"position\":3,\"name\":\"Raquettes\",\"item\":\"https:\/\/www.prokennex.eu\/fr\/pickleball-fr\/raquettes-pickleball\/\"},{\"@type\":\"ListItem\",\"position\":4,\"name\":\"Black Ace 14\"}]},{\"@type\":\"WebSite\",\"@id\":\"https:\/\/www.prokennex.eu\/fr\/#website\",\"url\":\"https:\/\/www.prokennex.eu\/fr\/\",\"name\":\"ProKennex Racchette e Accessori\",\"description\":\"Tomorrow&#039;s Technologies\",\"publisher\":{\"@id\":\"https:\/\/www.prokennex.eu\/fr\/#organization\"},\"potentialAction\":[{\"@type\":\"SearchAction\",\"target\":{\"@type\":\"EntryPoint\",\"urlTemplate\":\"https:\/\/www.prokennex.eu\/fr\/?s={search_term_string}\"},\"query-input\":{\"@type\":\"PropertyValueSpecification\",\"valueRequired\":true,\"valueName\":\"search_term_string\"}}],\"inLanguage\":\"fr-FR\"},{\"@type\":\"Organization\",\"@id\":\"https:\/\/www.prokennex.eu\/fr\/#organization\",\"name\":\"Pro Kennex s.r.l.\",\"url\":\"https:\/\/www.prokennex.eu\/fr\/\",\"logo\":{\"@type\":\"ImageObject\",\"inLanguage\":\"fr-FR\",\"@id\":\"https:\/\/www.prokennex.eu\/fr\/#\/schema\/logo\/image\/\",\"url\":\"https:\/\/www.prokennex.eu\/wp-content\/uploads\/2021\/09\/prokennex-logo.svg\",\"contentUrl\":\"https:\/\/www.prokennex.eu\/wp-content\/uploads\/2021\/09\/prokennex-logo.svg\",\"width\":\"1440\",\"height\":\"1080\",\"caption\":\"Pro Kennex s.r.l.\"},\"image\":{\"@id\":\"https:\/\/www.prokennex.eu\/fr\/#\/schema\/logo\/image\/\"}}]}<\/script>\n<!-- \/ Yoast SEO plugin. -->","yoast_head_json":{"title":"Black Ace 14 - ProKennex Racchette e Accessori","robots":{"index":"index","follow":"follow","max-snippet":"max-snippet:-1","max-image-preview":"max-image-preview:large","max-video-preview":"max-video-preview:-1"},"canonical":"https:\/\/www.prokennex.eu\/fr\/raquettes-pickleball\/black-ace-14\/","og_locale":"fr_FR","og_type":"article","og_title":"Black Ace 14 - ProKennex Racchette e Accessori","og_description":"Toute la puissance de la Black Ace dans un nouveau design r\u00e9volutionnaire avec un profil de 14 mm, pour une exp\u00e9rience de jeu sup\u00e9rieure, en termes de stabilit\u00e9, de pr\u00e9cision et de rotation. Le Kinetic System, pr\u00e9sent dans toute la nouvelle s\u00e9rie Black Ace, rend imm\u00e9diatement la raquette stable apr\u00e8s chaque frappe, emp\u00eachant les vibrations d'atteindre le bras, garantissant un contr\u00f4le absolu et une continuit\u00e9 de jeu sans \u00e9gale. Le tamis, con\u00e7u et fabriqu\u00e9 avec la technologie Carbon Fire, garantit des rotations encore plus efficaces et permet d'exploiter au mieux votre potentiel pour dominer vos adversaires.  Housse de raquette gratuite.","og_url":"https:\/\/www.prokennex.eu\/fr\/raquettes-pickleball\/black-ace-14\/","og_site_name":"ProKennex Racchette e Accessori","og_image":[{"width":2000,"height":2000,"url":"https:\/\/www.prokennex.eu\/wp-content\/uploads\/2025\/02\/black-ace-14-1.jpg","type":"image\/jpeg"}],"twitter_card":"summary_large_image","schema":{"@context":"https:\/\/schema.org","@graph":[{"@type":"WebPage","@id":"https:\/\/www.prokennex.eu\/fr\/raquettes-pickleball\/black-ace-14\/","url":"https:\/\/www.prokennex.eu\/fr\/raquettes-pickleball\/black-ace-14\/","name":"Black Ace 14 - ProKennex Racchette e Accessori","isPartOf":{"@id":"https:\/\/www.prokennex.eu\/fr\/#website"},"primaryImageOfPage":{"@id":"https:\/\/www.prokennex.eu\/fr\/raquettes-pickleball\/black-ace-14\/#primaryimage"},"image":{"@id":"https:\/\/www.prokennex.eu\/fr\/raquettes-pickleball\/black-ace-14\/#primaryimage"},"thumbnailUrl":"https:\/\/www.prokennex.eu\/wp-content\/uploads\/2025\/02\/black-ace-14-1.jpg","datePublished":"2025-02-24T08:16:08+00:00","breadcrumb":{"@id":"https:\/\/www.prokennex.eu\/fr\/raquettes-pickleball\/black-ace-14\/#breadcrumb"},"inLanguage":"fr-FR","potentialAction":[{"@type":"ReadAction","target":["https:\/\/www.prokennex.eu\/fr\/raquettes-pickleball\/black-ace-14\/"]}]},{"@type":"ImageObject","inLanguage":"fr-FR","@id":"https:\/\/www.prokennex.eu\/fr\/raquettes-pickleball\/black-ace-14\/#primaryimage","url":"https:\/\/www.prokennex.eu\/wp-content\/uploads\/2025\/02\/black-ace-14-1.jpg","contentUrl":"https:\/\/www.prokennex.eu\/wp-content\/uploads\/2025\/02\/black-ace-14-1.jpg","width":2000,"height":2000},{"@type":"BreadcrumbList","@id":"https:\/\/www.prokennex.eu\/fr\/raquettes-pickleball\/black-ace-14\/#breadcrumb","itemListElement":[{"@type":"ListItem","position":1,"name":"Shop","item":"https:\/\/www.prokennex.eu\/fr\/negozio\/"},{"@type":"ListItem","position":2,"name":"Pickleball","item":"https:\/\/www.prokennex.eu\/fr\/pickleball-fr\/"},{"@type":"ListItem","position":3,"name":"Raquettes","item":"https:\/\/www.prokennex.eu\/fr\/pickleball-fr\/raquettes-pickleball\/"},{"@type":"ListItem","position":4,"name":"Black Ace 14"}]},{"@type":"WebSite","@id":"https:\/\/www.prokennex.eu\/fr\/#website","url":"https:\/\/www.prokennex.eu\/fr\/","name":"ProKennex Racchette e Accessori","description":"Tomorrow&#039;s Technologies","publisher":{"@id":"https:\/\/www.prokennex.eu\/fr\/#organization"},"potentialAction":[{"@type":"SearchAction","target":{"@type":"EntryPoint","urlTemplate":"https:\/\/www.prokennex.eu\/fr\/?s={search_term_string}"},"query-input":{"@type":"PropertyValueSpecification","valueRequired":true,"valueName":"search_term_string"}}],"inLanguage":"fr-FR"},{"@type":"Organization","@id":"https:\/\/www.prokennex.eu\/fr\/#organization","name":"Pro Kennex s.r.l.","url":"https:\/\/www.prokennex.eu\/fr\/","logo":{"@type":"ImageObject","inLanguage":"fr-FR","@id":"https:\/\/www.prokennex.eu\/fr\/#\/schema\/logo\/image\/","url":"https:\/\/www.prokennex.eu\/wp-content\/uploads\/2021\/09\/prokennex-logo.svg","contentUrl":"https:\/\/www.prokennex.eu\/wp-content\/uploads\/2021\/09\/prokennex-logo.svg","width":"1440","height":"1080","caption":"Pro Kennex s.r.l."},"image":{"@id":"https:\/\/www.prokennex.eu\/fr\/#\/schema\/logo\/image\/"}}]}},"_links":{"self":[{"href":"https:\/\/www.prokennex.eu\/fr\/wp-json\/wp\/v2\/product\/15116","targetHints":{"allow":["GET"]}}],"collection":[{"href":"https:\/\/www.prokennex.eu\/fr\/wp-json\/wp\/v2\/product"}],"about":[{"href":"https:\/\/www.prokennex.eu\/fr\/wp-json\/wp\/v2\/types\/product"}],"replies":[{"embeddable":true,"href":"https:\/\/www.prokennex.eu\/fr\/wp-json\/wp\/v2\/comments?post=15116"}],"wp:featuredmedia":[{"embeddable":true,"href":"https:\/\/www.prokennex.eu\/fr\/wp-json\/wp\/v2\/media\/14768"}],"wp:attachment":[{"href":"https:\/\/www.prokennex.eu\/fr\/wp-json\/wp\/v2\/media?parent=15116"}],"wp:term":[{"taxonomy":"tecnologia","embeddable":true,"href":"https:\/\/www.prokennex.eu\/fr\/wp-json\/wp\/v2\/tecnologia?post=15116"},{"taxonomy":"product_brand","embeddable":true,"href":"https:\/\/www.prokennex.eu\/fr\/wp-json\/wp\/v2\/product_brand?post=15116"},{"taxonomy":"product_cat","embeddable":true,"href":"https:\/\/www.prokennex.eu\/fr\/wp-json\/wp\/v2\/product_cat?post=15116"},{"taxonomy":"product_tag","embeddable":true,"href":"https:\/\/www.prokennex.eu\/fr\/wp-json\/wp\/v2\/product_tag?post=15116"}],"curies":[{"name":"wp","href":"https:\/\/api.w.org\/{rel}","templated":true}]}}