{"id":14575,"date":"2025-01-29T01:36:38","date_gmt":"2025-01-29T00:36:38","guid":{"rendered":"https:\/\/www.prokennex.eu\/non%20class\u00e9\/ace-leather-grip\/"},"modified":"2025-09-23T23:04:09","modified_gmt":"2025-09-23T21:04:09","slug":"ace-leather-grip","status":"publish","type":"product","link":"https:\/\/www.prokennex.eu\/fr\/grip-fr\/ace-leather-grip\/","title":{"rendered":"Black Ace Leather grip"},"content":{"rendered":"","protected":false},"excerpt":{"rendered":"<p>Grip en cuir pour une meilleure adh\u00e9rence et une plus grande sensibilit\u00e9 dans le jeu. La qualit\u00e9 du cuir, en plus d&rsquo;assurer une adh\u00e9rence durable, garantit une grande capacit\u00e9 d&rsquo;absorption de la transpiration.<\/p>\n","protected":false},"featured_media":14571,"comment_status":"open","ping_status":"closed","template":"","meta":{"_acf_changed":false},"tecnologia":[],"product_brand":[],"product_cat":[1712,1720,1710,1727,1721,1742,1715,1717,1725,1728,1718,1716,1726,1711,1737],"product_tag":[2055],"class_list":{"0":"post-14575","1":"product","2":"type-product","3":"status-publish","4":"has-post-thumbnail","6":"product_cat-accessoires-badminton","7":"product_cat-accessoires-pickleball","8":"product_cat-badminton-fr","9":"product_cat-grip-squash-fr","10":"product_cat-grip-padel-fr","11":"product_cat-grip-fr","12":"product_cat-padel-fr","13":"product_cat-pickleball-fr","14":"product_cat-squash-fr","15":"product_cat-tennis-fr","16":"product_cat-xtras-pickleball-fr","17":"product_cat-xtras-padel-fr","18":"product_cat-xtras-squash-fr","19":"product_cat-xtras-badminton-fr","20":"product_cat-xtras-tennis-fr","21":"product_tag-ace-station-fr","23":"first","24":"instock","25":"taxable","26":"shipping-taxable","27":"purchasable","28":"product-type-simple"},"bundled_by":[],"bundle_stock_status":"instock","bundle_stock_quantity":10,"bundle_virtual":false,"bundle_layout":"","bundle_add_to_cart_form_location":"","bundle_editable_in_cart":false,"bundle_sold_individually_context":"","bundle_item_grouping":"","bundle_min_size":"","bundle_max_size":"","bundle_price":[],"bundled_items":[],"bundle_sell_ids":[],"acf":[],"yoast_head":"<!-- This site is optimized with the Yoast SEO plugin v27.1.1 - https:\/\/yoast.com\/product\/yoast-seo-wordpress\/ -->\n<title>Black Ace Leather grip - ProKennex Racchette e Accessori<\/title>\n<meta name=\"description\" content=\"La qualit\u00e9 du cuir, en plus d&#039;assurer une adh\u00e9rence durable, garantit une grande capacit\u00e9 d&#039;absorption de la transpiration.\" \/>\n<meta name=\"robots\" content=\"index, follow, max-snippet:-1, max-image-preview:large, max-video-preview:-1\" \/>\n<link rel=\"canonical\" href=\"https:\/\/www.prokennex.eu\/fr\/grip-fr\/ace-leather-grip\/\" \/>\n<meta property=\"og:locale\" content=\"fr_FR\" \/>\n<meta property=\"og:type\" content=\"article\" \/>\n<meta property=\"og:title\" content=\"Black Ace Leather grip - ProKennex Racchette e Accessori\" \/>\n<meta property=\"og:description\" content=\"La qualit\u00e9 du cuir, en plus d&#039;assurer une adh\u00e9rence durable, garantit une grande capacit\u00e9 d&#039;absorption de la transpiration.\" \/>\n<meta property=\"og:url\" content=\"https:\/\/www.prokennex.eu\/fr\/grip-fr\/ace-leather-grip\/\" \/>\n<meta property=\"og:site_name\" content=\"ProKennex Racchette e Accessori\" \/>\n<meta property=\"article:modified_time\" content=\"2025-09-23T21:04:09+00:00\" \/>\n<meta property=\"og:image\" content=\"https:\/\/www.prokennex.eu\/wp-content\/uploads\/2025\/01\/black-ace-leather-grip.jpg\" \/>\n\t<meta property=\"og:image:width\" content=\"2000\" \/>\n\t<meta property=\"og:image:height\" content=\"2000\" \/>\n\t<meta property=\"og:image:type\" content=\"image\/jpeg\" \/>\n<meta name=\"twitter:card\" content=\"summary_large_image\" \/>\n<script type=\"application\/ld+json\" class=\"yoast-schema-graph\">{\"@context\":\"https:\/\/schema.org\",\"@graph\":[{\"@type\":\"WebPage\",\"@id\":\"https:\/\/www.prokennex.eu\/fr\/grip-fr\/ace-leather-grip\/\",\"url\":\"https:\/\/www.prokennex.eu\/fr\/grip-fr\/ace-leather-grip\/\",\"name\":\"Black Ace Leather grip - ProKennex Racchette e Accessori\",\"isPartOf\":{\"@id\":\"https:\/\/www.prokennex.eu\/fr\/#website\"},\"primaryImageOfPage\":{\"@id\":\"https:\/\/www.prokennex.eu\/fr\/grip-fr\/ace-leather-grip\/#primaryimage\"},\"image\":{\"@id\":\"https:\/\/www.prokennex.eu\/fr\/grip-fr\/ace-leather-grip\/#primaryimage\"},\"thumbnailUrl\":\"https:\/\/www.prokennex.eu\/wp-content\/uploads\/2025\/01\/black-ace-leather-grip.jpg\",\"datePublished\":\"2025-01-29T00:36:38+00:00\",\"dateModified\":\"2025-09-23T21:04:09+00:00\",\"description\":\"La qualit\u00e9 du cuir, en plus d'assurer une adh\u00e9rence durable, garantit une grande capacit\u00e9 d'absorption de la transpiration.\",\"breadcrumb\":{\"@id\":\"https:\/\/www.prokennex.eu\/fr\/grip-fr\/ace-leather-grip\/#breadcrumb\"},\"inLanguage\":\"fr-FR\",\"potentialAction\":[{\"@type\":\"ReadAction\",\"target\":[\"https:\/\/www.prokennex.eu\/fr\/grip-fr\/ace-leather-grip\/\"]}]},{\"@type\":\"ImageObject\",\"inLanguage\":\"fr-FR\",\"@id\":\"https:\/\/www.prokennex.eu\/fr\/grip-fr\/ace-leather-grip\/#primaryimage\",\"url\":\"https:\/\/www.prokennex.eu\/wp-content\/uploads\/2025\/01\/black-ace-leather-grip.jpg\",\"contentUrl\":\"https:\/\/www.prokennex.eu\/wp-content\/uploads\/2025\/01\/black-ace-leather-grip.jpg\",\"width\":2000,\"height\":2000},{\"@type\":\"BreadcrumbList\",\"@id\":\"https:\/\/www.prokennex.eu\/fr\/grip-fr\/ace-leather-grip\/#breadcrumb\",\"itemListElement\":[{\"@type\":\"ListItem\",\"position\":1,\"name\":\"Shop\",\"item\":\"https:\/\/www.prokennex.eu\/fr\/negozio\/\"},{\"@type\":\"ListItem\",\"position\":2,\"name\":\"Badminton\",\"item\":\"https:\/\/www.prokennex.eu\/fr\/badminton-fr\/\"},{\"@type\":\"ListItem\",\"position\":3,\"name\":\"XTRAS\",\"item\":\"https:\/\/www.prokennex.eu\/fr\/badminton-fr\/xtras-badminton-fr\/\"},{\"@type\":\"ListItem\",\"position\":4,\"name\":\"Accessoires\",\"item\":\"https:\/\/www.prokennex.eu\/fr\/badminton-fr\/xtras-badminton-fr\/accessoires-badminton\/\"},{\"@type\":\"ListItem\",\"position\":5,\"name\":\"Black Ace Leather grip\"}]},{\"@type\":\"WebSite\",\"@id\":\"https:\/\/www.prokennex.eu\/fr\/#website\",\"url\":\"https:\/\/www.prokennex.eu\/fr\/\",\"name\":\"ProKennex Racchette e Accessori\",\"description\":\"Tomorrow&#039;s Technologies\",\"publisher\":{\"@id\":\"https:\/\/www.prokennex.eu\/fr\/#organization\"},\"potentialAction\":[{\"@type\":\"SearchAction\",\"target\":{\"@type\":\"EntryPoint\",\"urlTemplate\":\"https:\/\/www.prokennex.eu\/fr\/?s={search_term_string}\"},\"query-input\":{\"@type\":\"PropertyValueSpecification\",\"valueRequired\":true,\"valueName\":\"search_term_string\"}}],\"inLanguage\":\"fr-FR\"},{\"@type\":\"Organization\",\"@id\":\"https:\/\/www.prokennex.eu\/fr\/#organization\",\"name\":\"Pro Kennex s.r.l.\",\"url\":\"https:\/\/www.prokennex.eu\/fr\/\",\"logo\":{\"@type\":\"ImageObject\",\"inLanguage\":\"fr-FR\",\"@id\":\"https:\/\/www.prokennex.eu\/fr\/#\/schema\/logo\/image\/\",\"url\":\"https:\/\/www.prokennex.eu\/wp-content\/uploads\/2021\/09\/prokennex-logo.svg\",\"contentUrl\":\"https:\/\/www.prokennex.eu\/wp-content\/uploads\/2021\/09\/prokennex-logo.svg\",\"width\":\"1440\",\"height\":\"1080\",\"caption\":\"Pro Kennex s.r.l.\"},\"image\":{\"@id\":\"https:\/\/www.prokennex.eu\/fr\/#\/schema\/logo\/image\/\"}}]}<\/script>\n<!-- \/ Yoast SEO plugin. -->","yoast_head_json":{"title":"Black Ace Leather grip - ProKennex Racchette e Accessori","description":"La qualit\u00e9 du cuir, en plus d'assurer une adh\u00e9rence durable, garantit une grande capacit\u00e9 d'absorption de la transpiration.","robots":{"index":"index","follow":"follow","max-snippet":"max-snippet:-1","max-image-preview":"max-image-preview:large","max-video-preview":"max-video-preview:-1"},"canonical":"https:\/\/www.prokennex.eu\/fr\/grip-fr\/ace-leather-grip\/","og_locale":"fr_FR","og_type":"article","og_title":"Black Ace Leather grip - ProKennex Racchette e Accessori","og_description":"La qualit\u00e9 du cuir, en plus d'assurer une adh\u00e9rence durable, garantit une grande capacit\u00e9 d'absorption de la transpiration.","og_url":"https:\/\/www.prokennex.eu\/fr\/grip-fr\/ace-leather-grip\/","og_site_name":"ProKennex Racchette e Accessori","article_modified_time":"2025-09-23T21:04:09+00:00","og_image":[{"width":2000,"height":2000,"url":"https:\/\/www.prokennex.eu\/wp-content\/uploads\/2025\/01\/black-ace-leather-grip.jpg","type":"image\/jpeg"}],"twitter_card":"summary_large_image","schema":{"@context":"https:\/\/schema.org","@graph":[{"@type":"WebPage","@id":"https:\/\/www.prokennex.eu\/fr\/grip-fr\/ace-leather-grip\/","url":"https:\/\/www.prokennex.eu\/fr\/grip-fr\/ace-leather-grip\/","name":"Black Ace Leather grip - ProKennex Racchette e Accessori","isPartOf":{"@id":"https:\/\/www.prokennex.eu\/fr\/#website"},"primaryImageOfPage":{"@id":"https:\/\/www.prokennex.eu\/fr\/grip-fr\/ace-leather-grip\/#primaryimage"},"image":{"@id":"https:\/\/www.prokennex.eu\/fr\/grip-fr\/ace-leather-grip\/#primaryimage"},"thumbnailUrl":"https:\/\/www.prokennex.eu\/wp-content\/uploads\/2025\/01\/black-ace-leather-grip.jpg","datePublished":"2025-01-29T00:36:38+00:00","dateModified":"2025-09-23T21:04:09+00:00","description":"La qualit\u00e9 du cuir, en plus d'assurer une adh\u00e9rence durable, garantit une grande capacit\u00e9 d'absorption de la transpiration.","breadcrumb":{"@id":"https:\/\/www.prokennex.eu\/fr\/grip-fr\/ace-leather-grip\/#breadcrumb"},"inLanguage":"fr-FR","potentialAction":[{"@type":"ReadAction","target":["https:\/\/www.prokennex.eu\/fr\/grip-fr\/ace-leather-grip\/"]}]},{"@type":"ImageObject","inLanguage":"fr-FR","@id":"https:\/\/www.prokennex.eu\/fr\/grip-fr\/ace-leather-grip\/#primaryimage","url":"https:\/\/www.prokennex.eu\/wp-content\/uploads\/2025\/01\/black-ace-leather-grip.jpg","contentUrl":"https:\/\/www.prokennex.eu\/wp-content\/uploads\/2025\/01\/black-ace-leather-grip.jpg","width":2000,"height":2000},{"@type":"BreadcrumbList","@id":"https:\/\/www.prokennex.eu\/fr\/grip-fr\/ace-leather-grip\/#breadcrumb","itemListElement":[{"@type":"ListItem","position":1,"name":"Shop","item":"https:\/\/www.prokennex.eu\/fr\/negozio\/"},{"@type":"ListItem","position":2,"name":"Badminton","item":"https:\/\/www.prokennex.eu\/fr\/badminton-fr\/"},{"@type":"ListItem","position":3,"name":"XTRAS","item":"https:\/\/www.prokennex.eu\/fr\/badminton-fr\/xtras-badminton-fr\/"},{"@type":"ListItem","position":4,"name":"Accessoires","item":"https:\/\/www.prokennex.eu\/fr\/badminton-fr\/xtras-badminton-fr\/accessoires-badminton\/"},{"@type":"ListItem","position":5,"name":"Black Ace Leather grip"}]},{"@type":"WebSite","@id":"https:\/\/www.prokennex.eu\/fr\/#website","url":"https:\/\/www.prokennex.eu\/fr\/","name":"ProKennex Racchette e Accessori","description":"Tomorrow&#039;s Technologies","publisher":{"@id":"https:\/\/www.prokennex.eu\/fr\/#organization"},"potentialAction":[{"@type":"SearchAction","target":{"@type":"EntryPoint","urlTemplate":"https:\/\/www.prokennex.eu\/fr\/?s={search_term_string}"},"query-input":{"@type":"PropertyValueSpecification","valueRequired":true,"valueName":"search_term_string"}}],"inLanguage":"fr-FR"},{"@type":"Organization","@id":"https:\/\/www.prokennex.eu\/fr\/#organization","name":"Pro Kennex s.r.l.","url":"https:\/\/www.prokennex.eu\/fr\/","logo":{"@type":"ImageObject","inLanguage":"fr-FR","@id":"https:\/\/www.prokennex.eu\/fr\/#\/schema\/logo\/image\/","url":"https:\/\/www.prokennex.eu\/wp-content\/uploads\/2021\/09\/prokennex-logo.svg","contentUrl":"https:\/\/www.prokennex.eu\/wp-content\/uploads\/2021\/09\/prokennex-logo.svg","width":"1440","height":"1080","caption":"Pro Kennex s.r.l."},"image":{"@id":"https:\/\/www.prokennex.eu\/fr\/#\/schema\/logo\/image\/"}}]}},"_links":{"self":[{"href":"https:\/\/www.prokennex.eu\/fr\/wp-json\/wp\/v2\/product\/14575","targetHints":{"allow":["GET"]}}],"collection":[{"href":"https:\/\/www.prokennex.eu\/fr\/wp-json\/wp\/v2\/product"}],"about":[{"href":"https:\/\/www.prokennex.eu\/fr\/wp-json\/wp\/v2\/types\/product"}],"replies":[{"embeddable":true,"href":"https:\/\/www.prokennex.eu\/fr\/wp-json\/wp\/v2\/comments?post=14575"}],"wp:featuredmedia":[{"embeddable":true,"href":"https:\/\/www.prokennex.eu\/fr\/wp-json\/wp\/v2\/media\/14571"}],"wp:attachment":[{"href":"https:\/\/www.prokennex.eu\/fr\/wp-json\/wp\/v2\/media?parent=14575"}],"wp:term":[{"taxonomy":"tecnologia","embeddable":true,"href":"https:\/\/www.prokennex.eu\/fr\/wp-json\/wp\/v2\/tecnologia?post=14575"},{"taxonomy":"product_brand","embeddable":true,"href":"https:\/\/www.prokennex.eu\/fr\/wp-json\/wp\/v2\/product_brand?post=14575"},{"taxonomy":"product_cat","embeddable":true,"href":"https:\/\/www.prokennex.eu\/fr\/wp-json\/wp\/v2\/product_cat?post=14575"},{"taxonomy":"product_tag","embeddable":true,"href":"https:\/\/www.prokennex.eu\/fr\/wp-json\/wp\/v2\/product_tag?post=14575"}],"curies":[{"name":"wp","href":"https:\/\/api.w.org\/{rel}","templated":true}]}}