{"id":14518,"date":"2025-01-25T07:10:18","date_gmt":"2025-01-25T06:10:18","guid":{"rendered":"https:\/\/www.prokennex.eu\/?post_type=product&#038;p=14518"},"modified":"2025-05-06T07:59:09","modified_gmt":"2025-05-06T05:59:09","slug":"ace-triple-thermo-bag","status":"publish","type":"product","link":"https:\/\/www.prokennex.eu\/fr\/sacs-et-sacs-a-dos-tennis\/ace-triple-thermo-bag\/","title":{"rendered":"ACE Triple Thermo Bag"},"content":{"rendered":"","protected":false},"excerpt":{"rendered":"<p>Housse exclusive \u00e0 trois compartiments, dont un dot\u00e9 d&rsquo;une isolation thermique, con\u00e7ue pour accueillir jusqu&rsquo;\u00e0 12 raquettes. Une fonctionnalit\u00e9 haute performance dans un design unique et exclusif Ace Station.<br \/>\n\u00c9quip\u00e9e de multiples poches pour tous types d&rsquo;accessoires et d&rsquo;un compartiment ventil\u00e9 pour ranger les chaussures et v\u00eatements apr\u00e8s l&rsquo;entra\u00eenement, la housse triple Ace Station est le choix id\u00e9al pour les joueurs les plus exigeants en mati\u00e8re d&rsquo;organisation et de style.<br \/>\nLes bretelles ergonomiques et rembourr\u00e9es sont enti\u00e8rement amovibles et ajustables, offrant une grande polyvalence et diff\u00e9rents modes de transport.<\/p>\n<ul>\n<li>Dimensions : 79 x 33 x 35 cm<\/li>\n<li>Capacit\u00e9 : 12 raquettes<\/li>\n<\/ul>\n","protected":false},"featured_media":14353,"comment_status":"open","ping_status":"closed","template":"","meta":{"_acf_changed":false},"tecnologia":[2059],"product_brand":[],"product_cat":[1709,1731,1739],"product_tag":[2055],"class_list":{"0":"post-14518","1":"product","2":"type-product","3":"status-publish","4":"has-post-thumbnail","6":"tecnologia-thermotech-fr","7":"product_cat-sacs-et-sacs-a-dos-badminton","8":"product_cat-sacs-et-sacs-a-dos-squash","9":"product_cat-sacs-et-sacs-a-dos-tennis","10":"product_tag-ace-station-fr","12":"first","13":"outofstock","14":"taxable","15":"shipping-taxable","16":"purchasable","17":"product-type-simple"},"bundled_by":[],"bundle_stock_status":"outofstock","bundle_stock_quantity":0,"bundle_virtual":false,"bundle_layout":"","bundle_add_to_cart_form_location":"","bundle_editable_in_cart":false,"bundle_sold_individually_context":"","bundle_item_grouping":"","bundle_min_size":"","bundle_max_size":"","bundle_price":[],"bundled_items":[],"bundle_sell_ids":[],"acf":[],"yoast_head":"<!-- This site is optimized with the Yoast SEO plugin v27.4 - https:\/\/yoast.com\/product\/yoast-seo-wordpress\/ -->\n<title>ACE Triple Thermo Bag - ProKennex Racchette e Accessori<\/title>\n<meta name=\"description\" content=\"Housse exclusive \u00e0 trois compartiments, \u00e9quip\u00e9e de multiples poches pour tous types d&#039;accessoires et d&#039;un compartiment ventil\u00e9 pour ranger les chaussures et v\u00eatements apr\u00e8s l&#039;entra\u00eenement\" \/>\n<meta name=\"robots\" content=\"index, follow, max-snippet:-1, max-image-preview:large, max-video-preview:-1\" \/>\n<link rel=\"canonical\" href=\"https:\/\/www.prokennex.eu\/fr\/sacs-et-sacs-a-dos-tennis\/ace-triple-thermo-bag\/\" \/>\n<meta property=\"og:locale\" content=\"fr_FR\" \/>\n<meta property=\"og:type\" content=\"article\" \/>\n<meta property=\"og:title\" content=\"ACE Triple Thermo Bag - ProKennex Racchette e Accessori\" \/>\n<meta property=\"og:description\" content=\"Housse exclusive \u00e0 trois compartiments, \u00e9quip\u00e9e de multiples poches pour tous types d&#039;accessoires et d&#039;un compartiment ventil\u00e9 pour ranger les chaussures et v\u00eatements apr\u00e8s l&#039;entra\u00eenement\" \/>\n<meta property=\"og:url\" content=\"https:\/\/www.prokennex.eu\/fr\/sacs-et-sacs-a-dos-tennis\/ace-triple-thermo-bag\/\" \/>\n<meta property=\"og:site_name\" content=\"ProKennex Racchette e Accessori\" \/>\n<meta property=\"article:modified_time\" content=\"2025-05-06T05:59:09+00:00\" \/>\n<meta property=\"og:image\" content=\"https:\/\/www.prokennex.eu\/wp-content\/uploads\/2025\/01\/ace-triple-thermo-bag-1.jpg\" \/>\n\t<meta property=\"og:image:width\" content=\"2000\" \/>\n\t<meta property=\"og:image:height\" content=\"2000\" \/>\n\t<meta property=\"og:image:type\" content=\"image\/jpeg\" \/>\n<meta name=\"twitter:card\" content=\"summary_large_image\" \/>\n<script type=\"application\/ld+json\" class=\"yoast-schema-graph\">{\"@context\":\"https:\\\/\\\/schema.org\",\"@graph\":[{\"@type\":\"WebPage\",\"@id\":\"https:\\\/\\\/www.prokennex.eu\\\/fr\\\/sacs-et-sacs-a-dos-tennis\\\/ace-triple-thermo-bag\\\/\",\"url\":\"https:\\\/\\\/www.prokennex.eu\\\/fr\\\/sacs-et-sacs-a-dos-tennis\\\/ace-triple-thermo-bag\\\/\",\"name\":\"ACE Triple Thermo Bag - ProKennex Racchette e Accessori\",\"isPartOf\":{\"@id\":\"https:\\\/\\\/www.prokennex.eu\\\/fr\\\/#website\"},\"primaryImageOfPage\":{\"@id\":\"https:\\\/\\\/www.prokennex.eu\\\/fr\\\/sacs-et-sacs-a-dos-tennis\\\/ace-triple-thermo-bag\\\/#primaryimage\"},\"image\":{\"@id\":\"https:\\\/\\\/www.prokennex.eu\\\/fr\\\/sacs-et-sacs-a-dos-tennis\\\/ace-triple-thermo-bag\\\/#primaryimage\"},\"thumbnailUrl\":\"https:\\\/\\\/www.prokennex.eu\\\/wp-content\\\/uploads\\\/2025\\\/01\\\/ace-triple-thermo-bag-1.jpg\",\"datePublished\":\"2025-01-25T06:10:18+00:00\",\"dateModified\":\"2025-05-06T05:59:09+00:00\",\"description\":\"Housse exclusive \u00e0 trois compartiments, \u00e9quip\u00e9e de multiples poches pour tous types d'accessoires et d'un compartiment ventil\u00e9 pour ranger les chaussures et v\u00eatements apr\u00e8s l'entra\u00eenement\",\"breadcrumb\":{\"@id\":\"https:\\\/\\\/www.prokennex.eu\\\/fr\\\/sacs-et-sacs-a-dos-tennis\\\/ace-triple-thermo-bag\\\/#breadcrumb\"},\"inLanguage\":\"fr-FR\",\"potentialAction\":[{\"@type\":\"ReadAction\",\"target\":[\"https:\\\/\\\/www.prokennex.eu\\\/fr\\\/sacs-et-sacs-a-dos-tennis\\\/ace-triple-thermo-bag\\\/\"]}]},{\"@type\":\"ImageObject\",\"inLanguage\":\"fr-FR\",\"@id\":\"https:\\\/\\\/www.prokennex.eu\\\/fr\\\/sacs-et-sacs-a-dos-tennis\\\/ace-triple-thermo-bag\\\/#primaryimage\",\"url\":\"https:\\\/\\\/www.prokennex.eu\\\/wp-content\\\/uploads\\\/2025\\\/01\\\/ace-triple-thermo-bag-1.jpg\",\"contentUrl\":\"https:\\\/\\\/www.prokennex.eu\\\/wp-content\\\/uploads\\\/2025\\\/01\\\/ace-triple-thermo-bag-1.jpg\",\"width\":2000,\"height\":2000},{\"@type\":\"BreadcrumbList\",\"@id\":\"https:\\\/\\\/www.prokennex.eu\\\/fr\\\/sacs-et-sacs-a-dos-tennis\\\/ace-triple-thermo-bag\\\/#breadcrumb\",\"itemListElement\":[{\"@type\":\"ListItem\",\"position\":1,\"name\":\"Shop\",\"item\":\"https:\\\/\\\/www.prokennex.eu\\\/fr\\\/negozio\\\/\"},{\"@type\":\"ListItem\",\"position\":2,\"name\":\"Badminton\",\"item\":\"https:\\\/\\\/www.prokennex.eu\\\/fr\\\/badminton-fr\\\/\"},{\"@type\":\"ListItem\",\"position\":3,\"name\":\"XTRAS\",\"item\":\"https:\\\/\\\/www.prokennex.eu\\\/fr\\\/badminton-fr\\\/xtras-badminton-fr\\\/\"},{\"@type\":\"ListItem\",\"position\":4,\"name\":\"Sacs et sacs \u00e0 dos\",\"item\":\"https:\\\/\\\/www.prokennex.eu\\\/fr\\\/badminton-fr\\\/xtras-badminton-fr\\\/sacs-et-sacs-a-dos-badminton\\\/\"},{\"@type\":\"ListItem\",\"position\":5,\"name\":\"ACE Triple Thermo Bag\"}]},{\"@type\":\"WebSite\",\"@id\":\"https:\\\/\\\/www.prokennex.eu\\\/fr\\\/#website\",\"url\":\"https:\\\/\\\/www.prokennex.eu\\\/fr\\\/\",\"name\":\"ProKennex Racchette e Accessori\",\"description\":\"Tomorrow&#039;s Technologies\",\"publisher\":{\"@id\":\"https:\\\/\\\/www.prokennex.eu\\\/fr\\\/#organization\"},\"potentialAction\":[{\"@type\":\"SearchAction\",\"target\":{\"@type\":\"EntryPoint\",\"urlTemplate\":\"https:\\\/\\\/www.prokennex.eu\\\/fr\\\/?s={search_term_string}\"},\"query-input\":{\"@type\":\"PropertyValueSpecification\",\"valueRequired\":true,\"valueName\":\"search_term_string\"}}],\"inLanguage\":\"fr-FR\"},{\"@type\":\"Organization\",\"@id\":\"https:\\\/\\\/www.prokennex.eu\\\/fr\\\/#organization\",\"name\":\"Pro Kennex s.r.l.\",\"url\":\"https:\\\/\\\/www.prokennex.eu\\\/fr\\\/\",\"logo\":{\"@type\":\"ImageObject\",\"inLanguage\":\"fr-FR\",\"@id\":\"https:\\\/\\\/www.prokennex.eu\\\/fr\\\/#\\\/schema\\\/logo\\\/image\\\/\",\"url\":\"https:\\\/\\\/www.prokennex.eu\\\/wp-content\\\/uploads\\\/2021\\\/09\\\/prokennex-logo.svg\",\"contentUrl\":\"https:\\\/\\\/www.prokennex.eu\\\/wp-content\\\/uploads\\\/2021\\\/09\\\/prokennex-logo.svg\",\"width\":\"1440\",\"height\":\"1080\",\"caption\":\"Pro Kennex s.r.l.\"},\"image\":{\"@id\":\"https:\\\/\\\/www.prokennex.eu\\\/fr\\\/#\\\/schema\\\/logo\\\/image\\\/\"}}]}<\/script>\n<!-- \/ Yoast SEO plugin. -->","yoast_head_json":{"title":"ACE Triple Thermo Bag - ProKennex Racchette e Accessori","description":"Housse exclusive \u00e0 trois compartiments, \u00e9quip\u00e9e de multiples poches pour tous types d'accessoires et d'un compartiment ventil\u00e9 pour ranger les chaussures et v\u00eatements apr\u00e8s l'entra\u00eenement","robots":{"index":"index","follow":"follow","max-snippet":"max-snippet:-1","max-image-preview":"max-image-preview:large","max-video-preview":"max-video-preview:-1"},"canonical":"https:\/\/www.prokennex.eu\/fr\/sacs-et-sacs-a-dos-tennis\/ace-triple-thermo-bag\/","og_locale":"fr_FR","og_type":"article","og_title":"ACE Triple Thermo Bag - ProKennex Racchette e Accessori","og_description":"Housse exclusive \u00e0 trois compartiments, \u00e9quip\u00e9e de multiples poches pour tous types d'accessoires et d'un compartiment ventil\u00e9 pour ranger les chaussures et v\u00eatements apr\u00e8s l'entra\u00eenement","og_url":"https:\/\/www.prokennex.eu\/fr\/sacs-et-sacs-a-dos-tennis\/ace-triple-thermo-bag\/","og_site_name":"ProKennex Racchette e Accessori","article_modified_time":"2025-05-06T05:59:09+00:00","og_image":[{"width":2000,"height":2000,"url":"https:\/\/www.prokennex.eu\/wp-content\/uploads\/2025\/01\/ace-triple-thermo-bag-1.jpg","type":"image\/jpeg"}],"twitter_card":"summary_large_image","schema":{"@context":"https:\/\/schema.org","@graph":[{"@type":"WebPage","@id":"https:\/\/www.prokennex.eu\/fr\/sacs-et-sacs-a-dos-tennis\/ace-triple-thermo-bag\/","url":"https:\/\/www.prokennex.eu\/fr\/sacs-et-sacs-a-dos-tennis\/ace-triple-thermo-bag\/","name":"ACE Triple Thermo Bag - ProKennex Racchette e Accessori","isPartOf":{"@id":"https:\/\/www.prokennex.eu\/fr\/#website"},"primaryImageOfPage":{"@id":"https:\/\/www.prokennex.eu\/fr\/sacs-et-sacs-a-dos-tennis\/ace-triple-thermo-bag\/#primaryimage"},"image":{"@id":"https:\/\/www.prokennex.eu\/fr\/sacs-et-sacs-a-dos-tennis\/ace-triple-thermo-bag\/#primaryimage"},"thumbnailUrl":"https:\/\/www.prokennex.eu\/wp-content\/uploads\/2025\/01\/ace-triple-thermo-bag-1.jpg","datePublished":"2025-01-25T06:10:18+00:00","dateModified":"2025-05-06T05:59:09+00:00","description":"Housse exclusive \u00e0 trois compartiments, \u00e9quip\u00e9e de multiples poches pour tous types d'accessoires et d'un compartiment ventil\u00e9 pour ranger les chaussures et v\u00eatements apr\u00e8s l'entra\u00eenement","breadcrumb":{"@id":"https:\/\/www.prokennex.eu\/fr\/sacs-et-sacs-a-dos-tennis\/ace-triple-thermo-bag\/#breadcrumb"},"inLanguage":"fr-FR","potentialAction":[{"@type":"ReadAction","target":["https:\/\/www.prokennex.eu\/fr\/sacs-et-sacs-a-dos-tennis\/ace-triple-thermo-bag\/"]}]},{"@type":"ImageObject","inLanguage":"fr-FR","@id":"https:\/\/www.prokennex.eu\/fr\/sacs-et-sacs-a-dos-tennis\/ace-triple-thermo-bag\/#primaryimage","url":"https:\/\/www.prokennex.eu\/wp-content\/uploads\/2025\/01\/ace-triple-thermo-bag-1.jpg","contentUrl":"https:\/\/www.prokennex.eu\/wp-content\/uploads\/2025\/01\/ace-triple-thermo-bag-1.jpg","width":2000,"height":2000},{"@type":"BreadcrumbList","@id":"https:\/\/www.prokennex.eu\/fr\/sacs-et-sacs-a-dos-tennis\/ace-triple-thermo-bag\/#breadcrumb","itemListElement":[{"@type":"ListItem","position":1,"name":"Shop","item":"https:\/\/www.prokennex.eu\/fr\/negozio\/"},{"@type":"ListItem","position":2,"name":"Badminton","item":"https:\/\/www.prokennex.eu\/fr\/badminton-fr\/"},{"@type":"ListItem","position":3,"name":"XTRAS","item":"https:\/\/www.prokennex.eu\/fr\/badminton-fr\/xtras-badminton-fr\/"},{"@type":"ListItem","position":4,"name":"Sacs et sacs \u00e0 dos","item":"https:\/\/www.prokennex.eu\/fr\/badminton-fr\/xtras-badminton-fr\/sacs-et-sacs-a-dos-badminton\/"},{"@type":"ListItem","position":5,"name":"ACE Triple Thermo Bag"}]},{"@type":"WebSite","@id":"https:\/\/www.prokennex.eu\/fr\/#website","url":"https:\/\/www.prokennex.eu\/fr\/","name":"ProKennex Racchette e Accessori","description":"Tomorrow&#039;s Technologies","publisher":{"@id":"https:\/\/www.prokennex.eu\/fr\/#organization"},"potentialAction":[{"@type":"SearchAction","target":{"@type":"EntryPoint","urlTemplate":"https:\/\/www.prokennex.eu\/fr\/?s={search_term_string}"},"query-input":{"@type":"PropertyValueSpecification","valueRequired":true,"valueName":"search_term_string"}}],"inLanguage":"fr-FR"},{"@type":"Organization","@id":"https:\/\/www.prokennex.eu\/fr\/#organization","name":"Pro Kennex s.r.l.","url":"https:\/\/www.prokennex.eu\/fr\/","logo":{"@type":"ImageObject","inLanguage":"fr-FR","@id":"https:\/\/www.prokennex.eu\/fr\/#\/schema\/logo\/image\/","url":"https:\/\/www.prokennex.eu\/wp-content\/uploads\/2021\/09\/prokennex-logo.svg","contentUrl":"https:\/\/www.prokennex.eu\/wp-content\/uploads\/2021\/09\/prokennex-logo.svg","width":"1440","height":"1080","caption":"Pro Kennex s.r.l."},"image":{"@id":"https:\/\/www.prokennex.eu\/fr\/#\/schema\/logo\/image\/"}}]}},"_links":{"self":[{"href":"https:\/\/www.prokennex.eu\/fr\/wp-json\/wp\/v2\/product\/14518","targetHints":{"allow":["GET"]}}],"collection":[{"href":"https:\/\/www.prokennex.eu\/fr\/wp-json\/wp\/v2\/product"}],"about":[{"href":"https:\/\/www.prokennex.eu\/fr\/wp-json\/wp\/v2\/types\/product"}],"replies":[{"embeddable":true,"href":"https:\/\/www.prokennex.eu\/fr\/wp-json\/wp\/v2\/comments?post=14518"}],"wp:featuredmedia":[{"embeddable":true,"href":"https:\/\/www.prokennex.eu\/fr\/wp-json\/wp\/v2\/media\/14353"}],"wp:attachment":[{"href":"https:\/\/www.prokennex.eu\/fr\/wp-json\/wp\/v2\/media?parent=14518"}],"wp:term":[{"taxonomy":"tecnologia","embeddable":true,"href":"https:\/\/www.prokennex.eu\/fr\/wp-json\/wp\/v2\/tecnologia?post=14518"},{"taxonomy":"product_brand","embeddable":true,"href":"https:\/\/www.prokennex.eu\/fr\/wp-json\/wp\/v2\/product_brand?post=14518"},{"taxonomy":"product_cat","embeddable":true,"href":"https:\/\/www.prokennex.eu\/fr\/wp-json\/wp\/v2\/product_cat?post=14518"},{"taxonomy":"product_tag","embeddable":true,"href":"https:\/\/www.prokennex.eu\/fr\/wp-json\/wp\/v2\/product_tag?post=14518"}],"curies":[{"name":"wp","href":"https:\/\/api.w.org\/{rel}","templated":true}]}}