{"id":14506,"date":"2025-01-25T07:10:03","date_gmt":"2025-01-25T06:10:03","guid":{"rendered":"https:\/\/www.prokennex.eu\/?post_type=product&#038;p=14506"},"modified":"2025-05-06T07:59:09","modified_gmt":"2025-05-06T05:59:09","slug":"ace-barrel-bag","status":"publish","type":"product","link":"https:\/\/www.prokennex.eu\/fr\/sacs-et-sacs-a-dos-tennis\/ace-barrel-bag\/","title":{"rendered":"ACE Barrel Bag"},"content":{"rendered":"","protected":false},"excerpt":{"rendered":"<p>Le sac Barrel Ace Station combine un design unique avec une fonctionnalit\u00e9 in\u00e9gal\u00e9e. Con\u00e7u pour les joueurs qui appr\u00e9cient la praticit\u00e9 et souhaitent se d\u00e9marquer sur et en dehors du court, le sac Barrel est dot\u00e9 d\u2019un compartiment pour l\u2019\u00e9quipement avec des protections sp\u00e9cifiques pour les manches des raquettes, d\u2019une poche rembourr\u00e9e pour ordinateur portable ou tablette, d\u2019une poche zipp\u00e9e pour les accessoires, ainsi que d\u2019un compartiment arri\u00e8re pratique.<br \/>\nLa partie inf\u00e9rieure est \u00e9quip\u00e9e d\u2019une section tunnel ventil\u00e9e et bien isol\u00e9e, id\u00e9ale pour ranger chaussures et v\u00eatements apr\u00e8s le match.<br \/>\nLe sac Barrel Ace Station est muni d\u2019un panneau arri\u00e8re doux et ergonomique et de bretelles rembourr\u00e9es r\u00e9glables, offrant un confort et un soutien exceptionnels pendant le transport.<\/p>\n<p>Dimensions: 71 x 39 x 25 cm<\/p>\n","protected":false},"featured_media":14420,"comment_status":"open","ping_status":"closed","template":"","meta":{"_acf_changed":false},"tecnologia":[],"product_brand":[],"product_cat":[1720,1723,1731,1739,1709],"product_tag":[2055],"class_list":{"0":"post-14506","1":"product","2":"type-product","3":"status-publish","4":"has-post-thumbnail","6":"product_cat-accessoires-pickleball","7":"product_cat-sacs-et-sacs-a-dos-padel","8":"product_cat-sacs-et-sacs-a-dos-squash","9":"product_cat-sacs-et-sacs-a-dos-tennis","10":"product_cat-sacs-et-sacs-a-dos-badminton","11":"product_tag-ace-station-fr","13":"first","14":"outofstock","15":"taxable","16":"shipping-taxable","17":"purchasable","18":"product-type-simple"},"bundled_by":[],"bundle_stock_status":"outofstock","bundle_stock_quantity":0,"bundle_virtual":false,"bundle_layout":"","bundle_add_to_cart_form_location":"","bundle_editable_in_cart":false,"bundle_sold_individually_context":"","bundle_item_grouping":"","bundle_min_size":"","bundle_max_size":"","bundle_price":[],"bundled_items":[],"bundle_sell_ids":[],"acf":[],"yoast_head":"<!-- This site is optimized with the Yoast SEO plugin v27.1.1 - https:\/\/yoast.com\/product\/yoast-seo-wordpress\/ -->\n<title>ACE Barrel Bag - ProKennex Racchette e Accessori<\/title>\n<meta name=\"description\" content=\"Le sac Barrel est dot\u00e9 d\u2019un compartiment pour l\u2019\u00e9quipement avec des protections sp\u00e9cifiques pour les manches des raquettes, d\u2019une poche rembourr\u00e9e pour ordinateur portable ou tablette, d\u2019une poche zipp\u00e9e pour les accessoires, ainsi que d\u2019un compartiment arri\u00e8re pratique.\" \/>\n<meta name=\"robots\" content=\"index, follow, max-snippet:-1, max-image-preview:large, max-video-preview:-1\" \/>\n<link rel=\"canonical\" href=\"https:\/\/www.prokennex.eu\/fr\/sacs-et-sacs-a-dos-tennis\/ace-barrel-bag\/\" \/>\n<meta property=\"og:locale\" content=\"fr_FR\" \/>\n<meta property=\"og:type\" content=\"article\" \/>\n<meta property=\"og:title\" content=\"ACE Barrel Bag - ProKennex Racchette e Accessori\" \/>\n<meta property=\"og:description\" content=\"Le sac Barrel est dot\u00e9 d\u2019un compartiment pour l\u2019\u00e9quipement avec des protections sp\u00e9cifiques pour les manches des raquettes, d\u2019une poche rembourr\u00e9e pour ordinateur portable ou tablette, d\u2019une poche zipp\u00e9e pour les accessoires, ainsi que d\u2019un compartiment arri\u00e8re pratique.\" \/>\n<meta property=\"og:url\" content=\"https:\/\/www.prokennex.eu\/fr\/sacs-et-sacs-a-dos-tennis\/ace-barrel-bag\/\" \/>\n<meta property=\"og:site_name\" content=\"ProKennex Racchette e Accessori\" \/>\n<meta property=\"article:modified_time\" content=\"2025-05-06T05:59:09+00:00\" \/>\n<meta property=\"og:image\" content=\"https:\/\/www.prokennex.eu\/wp-content\/uploads\/2025\/01\/ace-barrel-bag-1.jpg\" \/>\n\t<meta property=\"og:image:width\" content=\"2000\" \/>\n\t<meta property=\"og:image:height\" content=\"2000\" \/>\n\t<meta property=\"og:image:type\" content=\"image\/jpeg\" \/>\n<meta name=\"twitter:card\" content=\"summary_large_image\" \/>\n<script type=\"application\/ld+json\" class=\"yoast-schema-graph\">{\"@context\":\"https:\/\/schema.org\",\"@graph\":[{\"@type\":\"WebPage\",\"@id\":\"https:\/\/www.prokennex.eu\/fr\/sacs-et-sacs-a-dos-tennis\/ace-barrel-bag\/\",\"url\":\"https:\/\/www.prokennex.eu\/fr\/sacs-et-sacs-a-dos-tennis\/ace-barrel-bag\/\",\"name\":\"ACE Barrel Bag - ProKennex Racchette e Accessori\",\"isPartOf\":{\"@id\":\"https:\/\/www.prokennex.eu\/fr\/#website\"},\"primaryImageOfPage\":{\"@id\":\"https:\/\/www.prokennex.eu\/fr\/sacs-et-sacs-a-dos-tennis\/ace-barrel-bag\/#primaryimage\"},\"image\":{\"@id\":\"https:\/\/www.prokennex.eu\/fr\/sacs-et-sacs-a-dos-tennis\/ace-barrel-bag\/#primaryimage\"},\"thumbnailUrl\":\"https:\/\/www.prokennex.eu\/wp-content\/uploads\/2025\/01\/ace-barrel-bag-1.jpg\",\"datePublished\":\"2025-01-25T06:10:03+00:00\",\"dateModified\":\"2025-05-06T05:59:09+00:00\",\"description\":\"Le sac Barrel est dot\u00e9 d\u2019un compartiment pour l\u2019\u00e9quipement avec des protections sp\u00e9cifiques pour les manches des raquettes, d\u2019une poche rembourr\u00e9e pour ordinateur portable ou tablette, d\u2019une poche zipp\u00e9e pour les accessoires, ainsi que d\u2019un compartiment arri\u00e8re pratique.\",\"breadcrumb\":{\"@id\":\"https:\/\/www.prokennex.eu\/fr\/sacs-et-sacs-a-dos-tennis\/ace-barrel-bag\/#breadcrumb\"},\"inLanguage\":\"fr-FR\",\"potentialAction\":[{\"@type\":\"ReadAction\",\"target\":[\"https:\/\/www.prokennex.eu\/fr\/sacs-et-sacs-a-dos-tennis\/ace-barrel-bag\/\"]}]},{\"@type\":\"ImageObject\",\"inLanguage\":\"fr-FR\",\"@id\":\"https:\/\/www.prokennex.eu\/fr\/sacs-et-sacs-a-dos-tennis\/ace-barrel-bag\/#primaryimage\",\"url\":\"https:\/\/www.prokennex.eu\/wp-content\/uploads\/2025\/01\/ace-barrel-bag-1.jpg\",\"contentUrl\":\"https:\/\/www.prokennex.eu\/wp-content\/uploads\/2025\/01\/ace-barrel-bag-1.jpg\",\"width\":2000,\"height\":2000},{\"@type\":\"BreadcrumbList\",\"@id\":\"https:\/\/www.prokennex.eu\/fr\/sacs-et-sacs-a-dos-tennis\/ace-barrel-bag\/#breadcrumb\",\"itemListElement\":[{\"@type\":\"ListItem\",\"position\":1,\"name\":\"Shop\",\"item\":\"https:\/\/www.prokennex.eu\/fr\/negozio\/\"},{\"@type\":\"ListItem\",\"position\":2,\"name\":\"Pickleball\",\"item\":\"https:\/\/www.prokennex.eu\/fr\/pickleball-fr\/\"},{\"@type\":\"ListItem\",\"position\":3,\"name\":\"XTRAS\",\"item\":\"https:\/\/www.prokennex.eu\/fr\/pickleball-fr\/xtras-pickleball-fr\/\"},{\"@type\":\"ListItem\",\"position\":4,\"name\":\"Accessoires\",\"item\":\"https:\/\/www.prokennex.eu\/fr\/pickleball-fr\/xtras-pickleball-fr\/accessoires-pickleball\/\"},{\"@type\":\"ListItem\",\"position\":5,\"name\":\"ACE Barrel Bag\"}]},{\"@type\":\"WebSite\",\"@id\":\"https:\/\/www.prokennex.eu\/fr\/#website\",\"url\":\"https:\/\/www.prokennex.eu\/fr\/\",\"name\":\"ProKennex Racchette e Accessori\",\"description\":\"Tomorrow&#039;s Technologies\",\"publisher\":{\"@id\":\"https:\/\/www.prokennex.eu\/fr\/#organization\"},\"potentialAction\":[{\"@type\":\"SearchAction\",\"target\":{\"@type\":\"EntryPoint\",\"urlTemplate\":\"https:\/\/www.prokennex.eu\/fr\/?s={search_term_string}\"},\"query-input\":{\"@type\":\"PropertyValueSpecification\",\"valueRequired\":true,\"valueName\":\"search_term_string\"}}],\"inLanguage\":\"fr-FR\"},{\"@type\":\"Organization\",\"@id\":\"https:\/\/www.prokennex.eu\/fr\/#organization\",\"name\":\"Pro Kennex s.r.l.\",\"url\":\"https:\/\/www.prokennex.eu\/fr\/\",\"logo\":{\"@type\":\"ImageObject\",\"inLanguage\":\"fr-FR\",\"@id\":\"https:\/\/www.prokennex.eu\/fr\/#\/schema\/logo\/image\/\",\"url\":\"https:\/\/www.prokennex.eu\/wp-content\/uploads\/2021\/09\/prokennex-logo.svg\",\"contentUrl\":\"https:\/\/www.prokennex.eu\/wp-content\/uploads\/2021\/09\/prokennex-logo.svg\",\"width\":\"1440\",\"height\":\"1080\",\"caption\":\"Pro Kennex s.r.l.\"},\"image\":{\"@id\":\"https:\/\/www.prokennex.eu\/fr\/#\/schema\/logo\/image\/\"}}]}<\/script>\n<!-- \/ Yoast SEO plugin. -->","yoast_head_json":{"title":"ACE Barrel Bag - ProKennex Racchette e Accessori","description":"Le sac Barrel est dot\u00e9 d\u2019un compartiment pour l\u2019\u00e9quipement avec des protections sp\u00e9cifiques pour les manches des raquettes, d\u2019une poche rembourr\u00e9e pour ordinateur portable ou tablette, d\u2019une poche zipp\u00e9e pour les accessoires, ainsi que d\u2019un compartiment arri\u00e8re pratique.","robots":{"index":"index","follow":"follow","max-snippet":"max-snippet:-1","max-image-preview":"max-image-preview:large","max-video-preview":"max-video-preview:-1"},"canonical":"https:\/\/www.prokennex.eu\/fr\/sacs-et-sacs-a-dos-tennis\/ace-barrel-bag\/","og_locale":"fr_FR","og_type":"article","og_title":"ACE Barrel Bag - ProKennex Racchette e Accessori","og_description":"Le sac Barrel est dot\u00e9 d\u2019un compartiment pour l\u2019\u00e9quipement avec des protections sp\u00e9cifiques pour les manches des raquettes, d\u2019une poche rembourr\u00e9e pour ordinateur portable ou tablette, d\u2019une poche zipp\u00e9e pour les accessoires, ainsi que d\u2019un compartiment arri\u00e8re pratique.","og_url":"https:\/\/www.prokennex.eu\/fr\/sacs-et-sacs-a-dos-tennis\/ace-barrel-bag\/","og_site_name":"ProKennex Racchette e Accessori","article_modified_time":"2025-05-06T05:59:09+00:00","og_image":[{"width":2000,"height":2000,"url":"https:\/\/www.prokennex.eu\/wp-content\/uploads\/2025\/01\/ace-barrel-bag-1.jpg","type":"image\/jpeg"}],"twitter_card":"summary_large_image","schema":{"@context":"https:\/\/schema.org","@graph":[{"@type":"WebPage","@id":"https:\/\/www.prokennex.eu\/fr\/sacs-et-sacs-a-dos-tennis\/ace-barrel-bag\/","url":"https:\/\/www.prokennex.eu\/fr\/sacs-et-sacs-a-dos-tennis\/ace-barrel-bag\/","name":"ACE Barrel Bag - ProKennex Racchette e Accessori","isPartOf":{"@id":"https:\/\/www.prokennex.eu\/fr\/#website"},"primaryImageOfPage":{"@id":"https:\/\/www.prokennex.eu\/fr\/sacs-et-sacs-a-dos-tennis\/ace-barrel-bag\/#primaryimage"},"image":{"@id":"https:\/\/www.prokennex.eu\/fr\/sacs-et-sacs-a-dos-tennis\/ace-barrel-bag\/#primaryimage"},"thumbnailUrl":"https:\/\/www.prokennex.eu\/wp-content\/uploads\/2025\/01\/ace-barrel-bag-1.jpg","datePublished":"2025-01-25T06:10:03+00:00","dateModified":"2025-05-06T05:59:09+00:00","description":"Le sac Barrel est dot\u00e9 d\u2019un compartiment pour l\u2019\u00e9quipement avec des protections sp\u00e9cifiques pour les manches des raquettes, d\u2019une poche rembourr\u00e9e pour ordinateur portable ou tablette, d\u2019une poche zipp\u00e9e pour les accessoires, ainsi que d\u2019un compartiment arri\u00e8re pratique.","breadcrumb":{"@id":"https:\/\/www.prokennex.eu\/fr\/sacs-et-sacs-a-dos-tennis\/ace-barrel-bag\/#breadcrumb"},"inLanguage":"fr-FR","potentialAction":[{"@type":"ReadAction","target":["https:\/\/www.prokennex.eu\/fr\/sacs-et-sacs-a-dos-tennis\/ace-barrel-bag\/"]}]},{"@type":"ImageObject","inLanguage":"fr-FR","@id":"https:\/\/www.prokennex.eu\/fr\/sacs-et-sacs-a-dos-tennis\/ace-barrel-bag\/#primaryimage","url":"https:\/\/www.prokennex.eu\/wp-content\/uploads\/2025\/01\/ace-barrel-bag-1.jpg","contentUrl":"https:\/\/www.prokennex.eu\/wp-content\/uploads\/2025\/01\/ace-barrel-bag-1.jpg","width":2000,"height":2000},{"@type":"BreadcrumbList","@id":"https:\/\/www.prokennex.eu\/fr\/sacs-et-sacs-a-dos-tennis\/ace-barrel-bag\/#breadcrumb","itemListElement":[{"@type":"ListItem","position":1,"name":"Shop","item":"https:\/\/www.prokennex.eu\/fr\/negozio\/"},{"@type":"ListItem","position":2,"name":"Pickleball","item":"https:\/\/www.prokennex.eu\/fr\/pickleball-fr\/"},{"@type":"ListItem","position":3,"name":"XTRAS","item":"https:\/\/www.prokennex.eu\/fr\/pickleball-fr\/xtras-pickleball-fr\/"},{"@type":"ListItem","position":4,"name":"Accessoires","item":"https:\/\/www.prokennex.eu\/fr\/pickleball-fr\/xtras-pickleball-fr\/accessoires-pickleball\/"},{"@type":"ListItem","position":5,"name":"ACE Barrel Bag"}]},{"@type":"WebSite","@id":"https:\/\/www.prokennex.eu\/fr\/#website","url":"https:\/\/www.prokennex.eu\/fr\/","name":"ProKennex Racchette e Accessori","description":"Tomorrow&#039;s Technologies","publisher":{"@id":"https:\/\/www.prokennex.eu\/fr\/#organization"},"potentialAction":[{"@type":"SearchAction","target":{"@type":"EntryPoint","urlTemplate":"https:\/\/www.prokennex.eu\/fr\/?s={search_term_string}"},"query-input":{"@type":"PropertyValueSpecification","valueRequired":true,"valueName":"search_term_string"}}],"inLanguage":"fr-FR"},{"@type":"Organization","@id":"https:\/\/www.prokennex.eu\/fr\/#organization","name":"Pro Kennex s.r.l.","url":"https:\/\/www.prokennex.eu\/fr\/","logo":{"@type":"ImageObject","inLanguage":"fr-FR","@id":"https:\/\/www.prokennex.eu\/fr\/#\/schema\/logo\/image\/","url":"https:\/\/www.prokennex.eu\/wp-content\/uploads\/2021\/09\/prokennex-logo.svg","contentUrl":"https:\/\/www.prokennex.eu\/wp-content\/uploads\/2021\/09\/prokennex-logo.svg","width":"1440","height":"1080","caption":"Pro Kennex s.r.l."},"image":{"@id":"https:\/\/www.prokennex.eu\/fr\/#\/schema\/logo\/image\/"}}]}},"_links":{"self":[{"href":"https:\/\/www.prokennex.eu\/fr\/wp-json\/wp\/v2\/product\/14506","targetHints":{"allow":["GET"]}}],"collection":[{"href":"https:\/\/www.prokennex.eu\/fr\/wp-json\/wp\/v2\/product"}],"about":[{"href":"https:\/\/www.prokennex.eu\/fr\/wp-json\/wp\/v2\/types\/product"}],"replies":[{"embeddable":true,"href":"https:\/\/www.prokennex.eu\/fr\/wp-json\/wp\/v2\/comments?post=14506"}],"wp:featuredmedia":[{"embeddable":true,"href":"https:\/\/www.prokennex.eu\/fr\/wp-json\/wp\/v2\/media\/14420"}],"wp:attachment":[{"href":"https:\/\/www.prokennex.eu\/fr\/wp-json\/wp\/v2\/media?parent=14506"}],"wp:term":[{"taxonomy":"tecnologia","embeddable":true,"href":"https:\/\/www.prokennex.eu\/fr\/wp-json\/wp\/v2\/tecnologia?post=14506"},{"taxonomy":"product_brand","embeddable":true,"href":"https:\/\/www.prokennex.eu\/fr\/wp-json\/wp\/v2\/product_brand?post=14506"},{"taxonomy":"product_cat","embeddable":true,"href":"https:\/\/www.prokennex.eu\/fr\/wp-json\/wp\/v2\/product_cat?post=14506"},{"taxonomy":"product_tag","embeddable":true,"href":"https:\/\/www.prokennex.eu\/fr\/wp-json\/wp\/v2\/product_tag?post=14506"}],"curies":[{"name":"wp","href":"https:\/\/api.w.org\/{rel}","templated":true}]}}