{"id":13372,"date":"2024-01-05T23:27:23","date_gmt":"2024-01-05T22:27:23","guid":{"rendered":"https:\/\/www.prokennex.eu\/non class\u00e9\/black-ace-lg\/"},"modified":"2025-02-01T18:50:41","modified_gmt":"2025-02-01T17:50:41","slug":"black-ace-lg","status":"publish","type":"product","link":"https:\/\/www.prokennex.eu\/fr\/raquettes-outlet\/black-ace-lg\/","title":{"rendered":"Black Ace LG"},"content":{"rendered":"","protected":false},"excerpt":{"rendered":"<p>Black Ace LG, acronyme de \u00ab\u00a0LONG GRIP\u00a0\u00bb, est le r\u00e9sultat d&rsquo;une collaboration entre ProKennex et Daniel De La Rosa, num\u00e9ro 1 mondial du racquetball et joueur professionnel de l&rsquo;Association professionnelle de pickleball et du circuit de la Ligue majeure de pickleball.<\/p>\n<p>D\u00e9velopp\u00e9e en carbone graphite avec un plateau plus \u00e9troit et plus long, par rapport \u00e0 la Black Ace Pro, la nouvelle LG garantit des performances maximales pour chaque type d&rsquo;effet. Le syst\u00e8me Air-O-Guard offre un a\u00e9rodynamisme et une swingabilit\u00e9 sans pr\u00e9c\u00e9dent pour des r\u00e9flexes ultra-rapides et un impact de balle encore plus incisif. Le manche allong\u00e9, dont le sweet spot est pouss\u00e9 vers le haut, est con\u00e7u pour favoriser une puissance maximale et faciliter le revers \u00e0 deux mains, qui peut \u00eatre jou\u00e9 avec une grande aisance dans toutes les situations de jeu.<\/p>\n<p>Enfin, le syst\u00e8me cin\u00e9tique unique conf\u00e8re \u00e0 la raquette une stabilit\u00e9 et \u00e9limine toute vibration, pour une exp\u00e9rience de jeu maximale dans le confort et la protection du bras.<\/p>\n","protected":false},"featured_media":13270,"comment_status":"open","ping_status":"closed","template":"","meta":{"_acf_changed":false},"tecnologia":[1569],"product_brand":[],"product_cat":[1714,1707],"product_tag":[2055],"class_list":{"0":"post-13372","1":"product","2":"type-product","3":"status-publish","4":"has-post-thumbnail","6":"tecnologia-kinetic-system-fr","7":"product_cat-outlet-fr","8":"product_cat-raquettes-outlet","9":"product_tag-ace-station-fr","11":"first","12":"outofstock","13":"sale","14":"taxable","15":"shipping-taxable","16":"purchasable","17":"product-type-simple"},"bundled_by":[],"bundle_stock_status":"outofstock","bundle_stock_quantity":0,"bundle_virtual":false,"bundle_layout":"","bundle_add_to_cart_form_location":"","bundle_editable_in_cart":false,"bundle_sold_individually_context":"","bundle_item_grouping":"","bundle_min_size":"","bundle_max_size":"","bundle_price":[],"bundled_items":[],"bundle_sell_ids":[],"acf":[],"yoast_head":"<!-- This site is optimized with the Yoast SEO plugin v27.4 - https:\/\/yoast.com\/product\/yoast-seo-wordpress\/ -->\n<title>Black Ace LG - ProKennex Racchette e Accessori<\/title>\n<meta name=\"robots\" content=\"index, follow, max-snippet:-1, max-image-preview:large, max-video-preview:-1\" \/>\n<link rel=\"canonical\" href=\"https:\/\/www.prokennex.eu\/fr\/raquettes-outlet\/black-ace-lg\/\" \/>\n<meta property=\"og:locale\" content=\"fr_FR\" \/>\n<meta property=\"og:type\" content=\"article\" \/>\n<meta property=\"og:title\" content=\"Black Ace LG - ProKennex Racchette e Accessori\" \/>\n<meta property=\"og:description\" content=\"Black Ace LG, acronyme de &quot;LONG GRIP&quot;, est le r\u00e9sultat d&#039;une collaboration entre ProKennex et Daniel De La Rosa, num\u00e9ro 1 mondial du racquetball et joueur professionnel de l&#039;Association professionnelle de pickleball et du circuit de la Ligue majeure de pickleball.  D\u00e9velopp\u00e9e en carbone graphite avec un plateau plus \u00e9troit et plus long, par rapport \u00e0 la Black Ace Pro, la nouvelle LG garantit des performances maximales pour chaque type d&#039;effet. Le syst\u00e8me Air-O-Guard offre un a\u00e9rodynamisme et une swingabilit\u00e9 sans pr\u00e9c\u00e9dent pour des r\u00e9flexes ultra-rapides et un impact de balle encore plus incisif. Le manche allong\u00e9, dont le sweet spot est pouss\u00e9 vers le haut, est con\u00e7u pour favoriser une puissance maximale et faciliter le revers \u00e0 deux mains, qui peut \u00eatre jou\u00e9 avec une grande aisance dans toutes les situations de jeu.  Enfin, le syst\u00e8me cin\u00e9tique unique conf\u00e8re \u00e0 la raquette une stabilit\u00e9 et \u00e9limine toute vibration, pour une exp\u00e9rience de jeu maximale dans le confort et la protection du bras.\" \/>\n<meta property=\"og:url\" content=\"https:\/\/www.prokennex.eu\/fr\/raquettes-outlet\/black-ace-lg\/\" \/>\n<meta property=\"og:site_name\" content=\"ProKennex Racchette e Accessori\" \/>\n<meta property=\"article:modified_time\" content=\"2025-02-01T17:50:41+00:00\" \/>\n<meta property=\"og:image\" content=\"https:\/\/www.prokennex.eu\/wp-content\/uploads\/2024\/01\/black-ace-lg-01.jpg\" \/>\n\t<meta property=\"og:image:width\" content=\"2000\" \/>\n\t<meta property=\"og:image:height\" content=\"2000\" \/>\n\t<meta property=\"og:image:type\" content=\"image\/jpeg\" \/>\n<meta name=\"twitter:card\" content=\"summary_large_image\" \/>\n<script type=\"application\/ld+json\" class=\"yoast-schema-graph\">{\"@context\":\"https:\\\/\\\/schema.org\",\"@graph\":[{\"@type\":\"WebPage\",\"@id\":\"https:\\\/\\\/www.prokennex.eu\\\/fr\\\/raquettes-outlet\\\/black-ace-lg\\\/\",\"url\":\"https:\\\/\\\/www.prokennex.eu\\\/fr\\\/raquettes-outlet\\\/black-ace-lg\\\/\",\"name\":\"Black Ace LG - ProKennex Racchette e Accessori\",\"isPartOf\":{\"@id\":\"https:\\\/\\\/www.prokennex.eu\\\/fr\\\/#website\"},\"primaryImageOfPage\":{\"@id\":\"https:\\\/\\\/www.prokennex.eu\\\/fr\\\/raquettes-outlet\\\/black-ace-lg\\\/#primaryimage\"},\"image\":{\"@id\":\"https:\\\/\\\/www.prokennex.eu\\\/fr\\\/raquettes-outlet\\\/black-ace-lg\\\/#primaryimage\"},\"thumbnailUrl\":\"https:\\\/\\\/www.prokennex.eu\\\/wp-content\\\/uploads\\\/2024\\\/01\\\/black-ace-lg-01.jpg\",\"datePublished\":\"2024-01-05T22:27:23+00:00\",\"dateModified\":\"2025-02-01T17:50:41+00:00\",\"breadcrumb\":{\"@id\":\"https:\\\/\\\/www.prokennex.eu\\\/fr\\\/raquettes-outlet\\\/black-ace-lg\\\/#breadcrumb\"},\"inLanguage\":\"fr-FR\",\"potentialAction\":[{\"@type\":\"ReadAction\",\"target\":[\"https:\\\/\\\/www.prokennex.eu\\\/fr\\\/raquettes-outlet\\\/black-ace-lg\\\/\"]}]},{\"@type\":\"ImageObject\",\"inLanguage\":\"fr-FR\",\"@id\":\"https:\\\/\\\/www.prokennex.eu\\\/fr\\\/raquettes-outlet\\\/black-ace-lg\\\/#primaryimage\",\"url\":\"https:\\\/\\\/www.prokennex.eu\\\/wp-content\\\/uploads\\\/2024\\\/01\\\/black-ace-lg-01.jpg\",\"contentUrl\":\"https:\\\/\\\/www.prokennex.eu\\\/wp-content\\\/uploads\\\/2024\\\/01\\\/black-ace-lg-01.jpg\",\"width\":2000,\"height\":2000},{\"@type\":\"BreadcrumbList\",\"@id\":\"https:\\\/\\\/www.prokennex.eu\\\/fr\\\/raquettes-outlet\\\/black-ace-lg\\\/#breadcrumb\",\"itemListElement\":[{\"@type\":\"ListItem\",\"position\":1,\"name\":\"Shop\",\"item\":\"https:\\\/\\\/www.prokennex.eu\\\/fr\\\/negozio\\\/\"},{\"@type\":\"ListItem\",\"position\":2,\"name\":\"Outlet\",\"item\":\"https:\\\/\\\/www.prokennex.eu\\\/fr\\\/outlet-fr\\\/\"},{\"@type\":\"ListItem\",\"position\":3,\"name\":\"Raquettes\",\"item\":\"https:\\\/\\\/www.prokennex.eu\\\/fr\\\/outlet-fr\\\/raquettes-outlet\\\/\"},{\"@type\":\"ListItem\",\"position\":4,\"name\":\"Black Ace LG\"}]},{\"@type\":\"WebSite\",\"@id\":\"https:\\\/\\\/www.prokennex.eu\\\/fr\\\/#website\",\"url\":\"https:\\\/\\\/www.prokennex.eu\\\/fr\\\/\",\"name\":\"ProKennex Racchette e Accessori\",\"description\":\"Tomorrow&#039;s Technologies\",\"publisher\":{\"@id\":\"https:\\\/\\\/www.prokennex.eu\\\/fr\\\/#organization\"},\"potentialAction\":[{\"@type\":\"SearchAction\",\"target\":{\"@type\":\"EntryPoint\",\"urlTemplate\":\"https:\\\/\\\/www.prokennex.eu\\\/fr\\\/?s={search_term_string}\"},\"query-input\":{\"@type\":\"PropertyValueSpecification\",\"valueRequired\":true,\"valueName\":\"search_term_string\"}}],\"inLanguage\":\"fr-FR\"},{\"@type\":\"Organization\",\"@id\":\"https:\\\/\\\/www.prokennex.eu\\\/fr\\\/#organization\",\"name\":\"Pro Kennex s.r.l.\",\"url\":\"https:\\\/\\\/www.prokennex.eu\\\/fr\\\/\",\"logo\":{\"@type\":\"ImageObject\",\"inLanguage\":\"fr-FR\",\"@id\":\"https:\\\/\\\/www.prokennex.eu\\\/fr\\\/#\\\/schema\\\/logo\\\/image\\\/\",\"url\":\"https:\\\/\\\/www.prokennex.eu\\\/wp-content\\\/uploads\\\/2021\\\/09\\\/prokennex-logo.svg\",\"contentUrl\":\"https:\\\/\\\/www.prokennex.eu\\\/wp-content\\\/uploads\\\/2021\\\/09\\\/prokennex-logo.svg\",\"width\":\"1440\",\"height\":\"1080\",\"caption\":\"Pro Kennex s.r.l.\"},\"image\":{\"@id\":\"https:\\\/\\\/www.prokennex.eu\\\/fr\\\/#\\\/schema\\\/logo\\\/image\\\/\"}}]}<\/script>\n<!-- \/ Yoast SEO plugin. -->","yoast_head_json":{"title":"Black Ace LG - ProKennex Racchette e Accessori","robots":{"index":"index","follow":"follow","max-snippet":"max-snippet:-1","max-image-preview":"max-image-preview:large","max-video-preview":"max-video-preview:-1"},"canonical":"https:\/\/www.prokennex.eu\/fr\/raquettes-outlet\/black-ace-lg\/","og_locale":"fr_FR","og_type":"article","og_title":"Black Ace LG - ProKennex Racchette e Accessori","og_description":"Black Ace LG, acronyme de \"LONG GRIP\", est le r\u00e9sultat d'une collaboration entre ProKennex et Daniel De La Rosa, num\u00e9ro 1 mondial du racquetball et joueur professionnel de l'Association professionnelle de pickleball et du circuit de la Ligue majeure de pickleball.  D\u00e9velopp\u00e9e en carbone graphite avec un plateau plus \u00e9troit et plus long, par rapport \u00e0 la Black Ace Pro, la nouvelle LG garantit des performances maximales pour chaque type d'effet. Le syst\u00e8me Air-O-Guard offre un a\u00e9rodynamisme et une swingabilit\u00e9 sans pr\u00e9c\u00e9dent pour des r\u00e9flexes ultra-rapides et un impact de balle encore plus incisif. Le manche allong\u00e9, dont le sweet spot est pouss\u00e9 vers le haut, est con\u00e7u pour favoriser une puissance maximale et faciliter le revers \u00e0 deux mains, qui peut \u00eatre jou\u00e9 avec une grande aisance dans toutes les situations de jeu.  Enfin, le syst\u00e8me cin\u00e9tique unique conf\u00e8re \u00e0 la raquette une stabilit\u00e9 et \u00e9limine toute vibration, pour une exp\u00e9rience de jeu maximale dans le confort et la protection du bras.","og_url":"https:\/\/www.prokennex.eu\/fr\/raquettes-outlet\/black-ace-lg\/","og_site_name":"ProKennex Racchette e Accessori","article_modified_time":"2025-02-01T17:50:41+00:00","og_image":[{"width":2000,"height":2000,"url":"https:\/\/www.prokennex.eu\/wp-content\/uploads\/2024\/01\/black-ace-lg-01.jpg","type":"image\/jpeg"}],"twitter_card":"summary_large_image","schema":{"@context":"https:\/\/schema.org","@graph":[{"@type":"WebPage","@id":"https:\/\/www.prokennex.eu\/fr\/raquettes-outlet\/black-ace-lg\/","url":"https:\/\/www.prokennex.eu\/fr\/raquettes-outlet\/black-ace-lg\/","name":"Black Ace LG - ProKennex Racchette e Accessori","isPartOf":{"@id":"https:\/\/www.prokennex.eu\/fr\/#website"},"primaryImageOfPage":{"@id":"https:\/\/www.prokennex.eu\/fr\/raquettes-outlet\/black-ace-lg\/#primaryimage"},"image":{"@id":"https:\/\/www.prokennex.eu\/fr\/raquettes-outlet\/black-ace-lg\/#primaryimage"},"thumbnailUrl":"https:\/\/www.prokennex.eu\/wp-content\/uploads\/2024\/01\/black-ace-lg-01.jpg","datePublished":"2024-01-05T22:27:23+00:00","dateModified":"2025-02-01T17:50:41+00:00","breadcrumb":{"@id":"https:\/\/www.prokennex.eu\/fr\/raquettes-outlet\/black-ace-lg\/#breadcrumb"},"inLanguage":"fr-FR","potentialAction":[{"@type":"ReadAction","target":["https:\/\/www.prokennex.eu\/fr\/raquettes-outlet\/black-ace-lg\/"]}]},{"@type":"ImageObject","inLanguage":"fr-FR","@id":"https:\/\/www.prokennex.eu\/fr\/raquettes-outlet\/black-ace-lg\/#primaryimage","url":"https:\/\/www.prokennex.eu\/wp-content\/uploads\/2024\/01\/black-ace-lg-01.jpg","contentUrl":"https:\/\/www.prokennex.eu\/wp-content\/uploads\/2024\/01\/black-ace-lg-01.jpg","width":2000,"height":2000},{"@type":"BreadcrumbList","@id":"https:\/\/www.prokennex.eu\/fr\/raquettes-outlet\/black-ace-lg\/#breadcrumb","itemListElement":[{"@type":"ListItem","position":1,"name":"Shop","item":"https:\/\/www.prokennex.eu\/fr\/negozio\/"},{"@type":"ListItem","position":2,"name":"Outlet","item":"https:\/\/www.prokennex.eu\/fr\/outlet-fr\/"},{"@type":"ListItem","position":3,"name":"Raquettes","item":"https:\/\/www.prokennex.eu\/fr\/outlet-fr\/raquettes-outlet\/"},{"@type":"ListItem","position":4,"name":"Black Ace LG"}]},{"@type":"WebSite","@id":"https:\/\/www.prokennex.eu\/fr\/#website","url":"https:\/\/www.prokennex.eu\/fr\/","name":"ProKennex Racchette e Accessori","description":"Tomorrow&#039;s Technologies","publisher":{"@id":"https:\/\/www.prokennex.eu\/fr\/#organization"},"potentialAction":[{"@type":"SearchAction","target":{"@type":"EntryPoint","urlTemplate":"https:\/\/www.prokennex.eu\/fr\/?s={search_term_string}"},"query-input":{"@type":"PropertyValueSpecification","valueRequired":true,"valueName":"search_term_string"}}],"inLanguage":"fr-FR"},{"@type":"Organization","@id":"https:\/\/www.prokennex.eu\/fr\/#organization","name":"Pro Kennex s.r.l.","url":"https:\/\/www.prokennex.eu\/fr\/","logo":{"@type":"ImageObject","inLanguage":"fr-FR","@id":"https:\/\/www.prokennex.eu\/fr\/#\/schema\/logo\/image\/","url":"https:\/\/www.prokennex.eu\/wp-content\/uploads\/2021\/09\/prokennex-logo.svg","contentUrl":"https:\/\/www.prokennex.eu\/wp-content\/uploads\/2021\/09\/prokennex-logo.svg","width":"1440","height":"1080","caption":"Pro Kennex s.r.l."},"image":{"@id":"https:\/\/www.prokennex.eu\/fr\/#\/schema\/logo\/image\/"}}]}},"_links":{"self":[{"href":"https:\/\/www.prokennex.eu\/fr\/wp-json\/wp\/v2\/product\/13372","targetHints":{"allow":["GET"]}}],"collection":[{"href":"https:\/\/www.prokennex.eu\/fr\/wp-json\/wp\/v2\/product"}],"about":[{"href":"https:\/\/www.prokennex.eu\/fr\/wp-json\/wp\/v2\/types\/product"}],"replies":[{"embeddable":true,"href":"https:\/\/www.prokennex.eu\/fr\/wp-json\/wp\/v2\/comments?post=13372"}],"wp:featuredmedia":[{"embeddable":true,"href":"https:\/\/www.prokennex.eu\/fr\/wp-json\/wp\/v2\/media\/13270"}],"wp:attachment":[{"href":"https:\/\/www.prokennex.eu\/fr\/wp-json\/wp\/v2\/media?parent=13372"}],"wp:term":[{"taxonomy":"tecnologia","embeddable":true,"href":"https:\/\/www.prokennex.eu\/fr\/wp-json\/wp\/v2\/tecnologia?post=13372"},{"taxonomy":"product_brand","embeddable":true,"href":"https:\/\/www.prokennex.eu\/fr\/wp-json\/wp\/v2\/product_brand?post=13372"},{"taxonomy":"product_cat","embeddable":true,"href":"https:\/\/www.prokennex.eu\/fr\/wp-json\/wp\/v2\/product_cat?post=13372"},{"taxonomy":"product_tag","embeddable":true,"href":"https:\/\/www.prokennex.eu\/fr\/wp-json\/wp\/v2\/product_tag?post=13372"}],"curies":[{"name":"wp","href":"https:\/\/api.w.org\/{rel}","templated":true}]}}