{"id":12756,"date":"2023-09-23T18:48:17","date_gmt":"2023-09-23T16:48:17","guid":{"rendered":"https:\/\/www.prokennex.eu\/non class\u00e9\/sac-tour-padel-thermo\/"},"modified":"2023-09-23T18:48:17","modified_gmt":"2023-09-23T16:48:17","slug":"sac-tour-padel-thermo","status":"publish","type":"product","link":"https:\/\/www.prokennex.eu\/fr\/sacs-et-sacs-a-dos-padel\/sac-tour-padel-thermo\/","title":{"rendered":"Sac Tour Padel Thermo"},"content":{"rendered":"","protected":false},"excerpt":{"rendered":"<p>Double compartiment, dont l\u2019un est thermique. Poche \u00e0 chaussures s\u00e9par\u00e9e et poches lat\u00e9rales pratiques pour le rangement et les balles. Les bretelles ergonomiques et la bandouli\u00e8re s\u2019adaptent \u00e0 tous les besoins de transport.<\/p>\n<ul>\n<li>Dimensions: 55 x 30 x 32 cm<\/li>\n<li>Capacit\u00e9: 5\u00a0raquettes de padel<\/li>\n<\/ul>\n","protected":false},"featured_media":12580,"comment_status":"open","ping_status":"closed","template":"","meta":{"_acf_changed":false},"tecnologia":[],"product_brand":[],"product_cat":[1715,1717,1723,1716,1718],"product_tag":[],"class_list":{"0":"post-12756","1":"product","2":"type-product","3":"status-publish","4":"has-post-thumbnail","6":"product_cat-padel-fr","7":"product_cat-pickleball-fr","8":"product_cat-sacs-et-sacs-a-dos-padel","9":"product_cat-xtras-padel-fr","10":"product_cat-xtras-pickleball-fr","12":"first","13":"instock","14":"taxable","15":"shipping-taxable","16":"purchasable","17":"product-type-simple"},"bundled_by":[],"bundle_stock_status":"instock","bundle_stock_quantity":10,"bundle_virtual":false,"bundle_layout":"","bundle_add_to_cart_form_location":"","bundle_editable_in_cart":false,"bundle_sold_individually_context":"","bundle_item_grouping":"","bundle_min_size":"","bundle_max_size":"","bundle_price":[],"bundled_items":[],"bundle_sell_ids":[],"acf":[],"yoast_head":"<!-- This site is optimized with the Yoast SEO plugin v27.1.1 - https:\/\/yoast.com\/product\/yoast-seo-wordpress\/ -->\n<title>Sac Tour Padel Thermo - ProKennex Racchette e Accessori<\/title>\n<meta name=\"robots\" content=\"index, follow, max-snippet:-1, max-image-preview:large, max-video-preview:-1\" \/>\n<link rel=\"canonical\" href=\"https:\/\/www.prokennex.eu\/fr\/sacs-et-sacs-a-dos-padel\/sac-tour-padel-thermo\/\" \/>\n<meta property=\"og:locale\" content=\"fr_FR\" \/>\n<meta property=\"og:type\" content=\"article\" \/>\n<meta property=\"og:title\" content=\"Sac Tour Padel Thermo - ProKennex Racchette e Accessori\" \/>\n<meta property=\"og:description\" content=\"Double compartiment, dont l\u2019un est thermique. Poche \u00e0 chaussures s\u00e9par\u00e9e et poches lat\u00e9rales pratiques pour le rangement et les balles. Les bretelles ergonomiques et la bandouli\u00e8re s\u2019adaptent \u00e0 tous les besoins de transport.   Dimensions: 55 x 30 x 32 cm  Capacit\u00e9: 5\u00a0raquettes de padel\" \/>\n<meta property=\"og:url\" content=\"https:\/\/www.prokennex.eu\/fr\/sacs-et-sacs-a-dos-padel\/sac-tour-padel-thermo\/\" \/>\n<meta property=\"og:site_name\" content=\"ProKennex Racchette e Accessori\" \/>\n<meta property=\"og:image\" content=\"https:\/\/www.prokennex.eu\/wp-content\/uploads\/2016\/10\/tour-padel-thermo-bag.jpg\" \/>\n\t<meta property=\"og:image:width\" content=\"2000\" \/>\n\t<meta property=\"og:image:height\" content=\"2000\" \/>\n\t<meta property=\"og:image:type\" content=\"image\/jpeg\" \/>\n<meta name=\"twitter:card\" content=\"summary_large_image\" \/>\n<script type=\"application\/ld+json\" class=\"yoast-schema-graph\">{\"@context\":\"https:\/\/schema.org\",\"@graph\":[{\"@type\":\"WebPage\",\"@id\":\"https:\/\/www.prokennex.eu\/fr\/sacs-et-sacs-a-dos-padel\/sac-tour-padel-thermo\/\",\"url\":\"https:\/\/www.prokennex.eu\/fr\/sacs-et-sacs-a-dos-padel\/sac-tour-padel-thermo\/\",\"name\":\"Sac Tour Padel Thermo - ProKennex Racchette e Accessori\",\"isPartOf\":{\"@id\":\"https:\/\/www.prokennex.eu\/fr\/#website\"},\"primaryImageOfPage\":{\"@id\":\"https:\/\/www.prokennex.eu\/fr\/sacs-et-sacs-a-dos-padel\/sac-tour-padel-thermo\/#primaryimage\"},\"image\":{\"@id\":\"https:\/\/www.prokennex.eu\/fr\/sacs-et-sacs-a-dos-padel\/sac-tour-padel-thermo\/#primaryimage\"},\"thumbnailUrl\":\"https:\/\/www.prokennex.eu\/wp-content\/uploads\/2016\/10\/tour-padel-thermo-bag.jpg\",\"datePublished\":\"2023-09-23T16:48:17+00:00\",\"breadcrumb\":{\"@id\":\"https:\/\/www.prokennex.eu\/fr\/sacs-et-sacs-a-dos-padel\/sac-tour-padel-thermo\/#breadcrumb\"},\"inLanguage\":\"fr-FR\",\"potentialAction\":[{\"@type\":\"ReadAction\",\"target\":[\"https:\/\/www.prokennex.eu\/fr\/sacs-et-sacs-a-dos-padel\/sac-tour-padel-thermo\/\"]}]},{\"@type\":\"ImageObject\",\"inLanguage\":\"fr-FR\",\"@id\":\"https:\/\/www.prokennex.eu\/fr\/sacs-et-sacs-a-dos-padel\/sac-tour-padel-thermo\/#primaryimage\",\"url\":\"https:\/\/www.prokennex.eu\/wp-content\/uploads\/2016\/10\/tour-padel-thermo-bag.jpg\",\"contentUrl\":\"https:\/\/www.prokennex.eu\/wp-content\/uploads\/2016\/10\/tour-padel-thermo-bag.jpg\",\"width\":2000,\"height\":2000},{\"@type\":\"BreadcrumbList\",\"@id\":\"https:\/\/www.prokennex.eu\/fr\/sacs-et-sacs-a-dos-padel\/sac-tour-padel-thermo\/#breadcrumb\",\"itemListElement\":[{\"@type\":\"ListItem\",\"position\":1,\"name\":\"Shop\",\"item\":\"https:\/\/www.prokennex.eu\/fr\/negozio\/\"},{\"@type\":\"ListItem\",\"position\":2,\"name\":\"Padel\",\"item\":\"https:\/\/www.prokennex.eu\/fr\/padel-fr\/\"},{\"@type\":\"ListItem\",\"position\":3,\"name\":\"XTRAS\",\"item\":\"https:\/\/www.prokennex.eu\/fr\/padel-fr\/xtras-padel-fr\/\"},{\"@type\":\"ListItem\",\"position\":4,\"name\":\"Sacs et sacs \u00e0 dos\",\"item\":\"https:\/\/www.prokennex.eu\/fr\/padel-fr\/xtras-padel-fr\/sacs-et-sacs-a-dos-padel\/\"},{\"@type\":\"ListItem\",\"position\":5,\"name\":\"Sac Tour Padel Thermo\"}]},{\"@type\":\"WebSite\",\"@id\":\"https:\/\/www.prokennex.eu\/fr\/#website\",\"url\":\"https:\/\/www.prokennex.eu\/fr\/\",\"name\":\"ProKennex Racchette e Accessori\",\"description\":\"Tomorrow&#039;s Technologies\",\"publisher\":{\"@id\":\"https:\/\/www.prokennex.eu\/fr\/#organization\"},\"potentialAction\":[{\"@type\":\"SearchAction\",\"target\":{\"@type\":\"EntryPoint\",\"urlTemplate\":\"https:\/\/www.prokennex.eu\/fr\/?s={search_term_string}\"},\"query-input\":{\"@type\":\"PropertyValueSpecification\",\"valueRequired\":true,\"valueName\":\"search_term_string\"}}],\"inLanguage\":\"fr-FR\"},{\"@type\":\"Organization\",\"@id\":\"https:\/\/www.prokennex.eu\/fr\/#organization\",\"name\":\"Pro Kennex s.r.l.\",\"url\":\"https:\/\/www.prokennex.eu\/fr\/\",\"logo\":{\"@type\":\"ImageObject\",\"inLanguage\":\"fr-FR\",\"@id\":\"https:\/\/www.prokennex.eu\/fr\/#\/schema\/logo\/image\/\",\"url\":\"https:\/\/www.prokennex.eu\/wp-content\/uploads\/2021\/09\/prokennex-logo.svg\",\"contentUrl\":\"https:\/\/www.prokennex.eu\/wp-content\/uploads\/2021\/09\/prokennex-logo.svg\",\"width\":\"1440\",\"height\":\"1080\",\"caption\":\"Pro Kennex s.r.l.\"},\"image\":{\"@id\":\"https:\/\/www.prokennex.eu\/fr\/#\/schema\/logo\/image\/\"}}]}<\/script>\n<!-- \/ Yoast SEO plugin. -->","yoast_head_json":{"title":"Sac Tour Padel Thermo - ProKennex Racchette e Accessori","robots":{"index":"index","follow":"follow","max-snippet":"max-snippet:-1","max-image-preview":"max-image-preview:large","max-video-preview":"max-video-preview:-1"},"canonical":"https:\/\/www.prokennex.eu\/fr\/sacs-et-sacs-a-dos-padel\/sac-tour-padel-thermo\/","og_locale":"fr_FR","og_type":"article","og_title":"Sac Tour Padel Thermo - ProKennex Racchette e Accessori","og_description":"Double compartiment, dont l\u2019un est thermique. Poche \u00e0 chaussures s\u00e9par\u00e9e et poches lat\u00e9rales pratiques pour le rangement et les balles. Les bretelles ergonomiques et la bandouli\u00e8re s\u2019adaptent \u00e0 tous les besoins de transport.   Dimensions: 55 x 30 x 32 cm  Capacit\u00e9: 5\u00a0raquettes de padel","og_url":"https:\/\/www.prokennex.eu\/fr\/sacs-et-sacs-a-dos-padel\/sac-tour-padel-thermo\/","og_site_name":"ProKennex Racchette e Accessori","og_image":[{"width":2000,"height":2000,"url":"https:\/\/www.prokennex.eu\/wp-content\/uploads\/2016\/10\/tour-padel-thermo-bag.jpg","type":"image\/jpeg"}],"twitter_card":"summary_large_image","schema":{"@context":"https:\/\/schema.org","@graph":[{"@type":"WebPage","@id":"https:\/\/www.prokennex.eu\/fr\/sacs-et-sacs-a-dos-padel\/sac-tour-padel-thermo\/","url":"https:\/\/www.prokennex.eu\/fr\/sacs-et-sacs-a-dos-padel\/sac-tour-padel-thermo\/","name":"Sac Tour Padel Thermo - ProKennex Racchette e Accessori","isPartOf":{"@id":"https:\/\/www.prokennex.eu\/fr\/#website"},"primaryImageOfPage":{"@id":"https:\/\/www.prokennex.eu\/fr\/sacs-et-sacs-a-dos-padel\/sac-tour-padel-thermo\/#primaryimage"},"image":{"@id":"https:\/\/www.prokennex.eu\/fr\/sacs-et-sacs-a-dos-padel\/sac-tour-padel-thermo\/#primaryimage"},"thumbnailUrl":"https:\/\/www.prokennex.eu\/wp-content\/uploads\/2016\/10\/tour-padel-thermo-bag.jpg","datePublished":"2023-09-23T16:48:17+00:00","breadcrumb":{"@id":"https:\/\/www.prokennex.eu\/fr\/sacs-et-sacs-a-dos-padel\/sac-tour-padel-thermo\/#breadcrumb"},"inLanguage":"fr-FR","potentialAction":[{"@type":"ReadAction","target":["https:\/\/www.prokennex.eu\/fr\/sacs-et-sacs-a-dos-padel\/sac-tour-padel-thermo\/"]}]},{"@type":"ImageObject","inLanguage":"fr-FR","@id":"https:\/\/www.prokennex.eu\/fr\/sacs-et-sacs-a-dos-padel\/sac-tour-padel-thermo\/#primaryimage","url":"https:\/\/www.prokennex.eu\/wp-content\/uploads\/2016\/10\/tour-padel-thermo-bag.jpg","contentUrl":"https:\/\/www.prokennex.eu\/wp-content\/uploads\/2016\/10\/tour-padel-thermo-bag.jpg","width":2000,"height":2000},{"@type":"BreadcrumbList","@id":"https:\/\/www.prokennex.eu\/fr\/sacs-et-sacs-a-dos-padel\/sac-tour-padel-thermo\/#breadcrumb","itemListElement":[{"@type":"ListItem","position":1,"name":"Shop","item":"https:\/\/www.prokennex.eu\/fr\/negozio\/"},{"@type":"ListItem","position":2,"name":"Padel","item":"https:\/\/www.prokennex.eu\/fr\/padel-fr\/"},{"@type":"ListItem","position":3,"name":"XTRAS","item":"https:\/\/www.prokennex.eu\/fr\/padel-fr\/xtras-padel-fr\/"},{"@type":"ListItem","position":4,"name":"Sacs et sacs \u00e0 dos","item":"https:\/\/www.prokennex.eu\/fr\/padel-fr\/xtras-padel-fr\/sacs-et-sacs-a-dos-padel\/"},{"@type":"ListItem","position":5,"name":"Sac Tour Padel Thermo"}]},{"@type":"WebSite","@id":"https:\/\/www.prokennex.eu\/fr\/#website","url":"https:\/\/www.prokennex.eu\/fr\/","name":"ProKennex Racchette e Accessori","description":"Tomorrow&#039;s Technologies","publisher":{"@id":"https:\/\/www.prokennex.eu\/fr\/#organization"},"potentialAction":[{"@type":"SearchAction","target":{"@type":"EntryPoint","urlTemplate":"https:\/\/www.prokennex.eu\/fr\/?s={search_term_string}"},"query-input":{"@type":"PropertyValueSpecification","valueRequired":true,"valueName":"search_term_string"}}],"inLanguage":"fr-FR"},{"@type":"Organization","@id":"https:\/\/www.prokennex.eu\/fr\/#organization","name":"Pro Kennex s.r.l.","url":"https:\/\/www.prokennex.eu\/fr\/","logo":{"@type":"ImageObject","inLanguage":"fr-FR","@id":"https:\/\/www.prokennex.eu\/fr\/#\/schema\/logo\/image\/","url":"https:\/\/www.prokennex.eu\/wp-content\/uploads\/2021\/09\/prokennex-logo.svg","contentUrl":"https:\/\/www.prokennex.eu\/wp-content\/uploads\/2021\/09\/prokennex-logo.svg","width":"1440","height":"1080","caption":"Pro Kennex s.r.l."},"image":{"@id":"https:\/\/www.prokennex.eu\/fr\/#\/schema\/logo\/image\/"}}]}},"_links":{"self":[{"href":"https:\/\/www.prokennex.eu\/fr\/wp-json\/wp\/v2\/product\/12756","targetHints":{"allow":["GET"]}}],"collection":[{"href":"https:\/\/www.prokennex.eu\/fr\/wp-json\/wp\/v2\/product"}],"about":[{"href":"https:\/\/www.prokennex.eu\/fr\/wp-json\/wp\/v2\/types\/product"}],"replies":[{"embeddable":true,"href":"https:\/\/www.prokennex.eu\/fr\/wp-json\/wp\/v2\/comments?post=12756"}],"wp:featuredmedia":[{"embeddable":true,"href":"https:\/\/www.prokennex.eu\/fr\/wp-json\/wp\/v2\/media\/12580"}],"wp:attachment":[{"href":"https:\/\/www.prokennex.eu\/fr\/wp-json\/wp\/v2\/media?parent=12756"}],"wp:term":[{"taxonomy":"tecnologia","embeddable":true,"href":"https:\/\/www.prokennex.eu\/fr\/wp-json\/wp\/v2\/tecnologia?post=12756"},{"taxonomy":"product_brand","embeddable":true,"href":"https:\/\/www.prokennex.eu\/fr\/wp-json\/wp\/v2\/product_brand?post=12756"},{"taxonomy":"product_cat","embeddable":true,"href":"https:\/\/www.prokennex.eu\/fr\/wp-json\/wp\/v2\/product_cat?post=12756"},{"taxonomy":"product_tag","embeddable":true,"href":"https:\/\/www.prokennex.eu\/fr\/wp-json\/wp\/v2\/product_tag?post=12756"}],"curies":[{"name":"wp","href":"https:\/\/api.w.org\/{rel}","templated":true}]}}