{"id":12733,"date":"2023-09-23T13:00:43","date_gmt":"2023-09-23T11:00:43","guid":{"rendered":"https:\/\/www.prokennex.eu\/non%20class\u00e9\/maxi-sac-a-dos-tour\/"},"modified":"2025-03-18T23:39:36","modified_gmt":"2025-03-18T22:39:36","slug":"maxi-sac-a-dos-tour","status":"publish","type":"product","link":"https:\/\/www.prokennex.eu\/fr\/sacs-et-sacs-a-dos-tennis\/maxi-sac-a-dos-tour\/","title":{"rendered":"Maxi sac \u00e0 dos Tour"},"content":{"rendered":"","protected":false},"excerpt":{"rendered":"<p>Grand sac \u00e0 dos d\u00e9velopp\u00e9 verticalement qui r\u00e9pond \u00e0 tous les besoins pratiques. Gr\u00e2ce \u00e0 son dossier ergonomique, le Maxi Zaino Tour est \u00e9galement con\u00e7u pour une utilisation pratique sur deux roues. Il comporte trois compartiments, dont un thermique, et six poches pratiques pour ranger les chaussures, les accessoires et un ordinateur portable ou une tablette.<\/p>\n<ul>\n<li>Dimensions: 70 x 30 x 30 cm<\/li>\n<li>Capacit\u00e9: 2 raquettes<\/li>\n<\/ul>\n","protected":false},"featured_media":12575,"comment_status":"open","ping_status":"closed","template":"","meta":{"_acf_changed":false},"tecnologia":[],"product_brand":[],"product_cat":[1710,1715,1717,1731,1723,1739,1709,1725,1728,1711,1716,1726,1718,1737],"product_tag":[],"class_list":{"0":"post-12733","1":"product","2":"type-product","3":"status-publish","4":"has-post-thumbnail","6":"product_cat-badminton-fr","7":"product_cat-padel-fr","8":"product_cat-pickleball-fr","9":"product_cat-sacs-et-sacs-a-dos-squash","10":"product_cat-sacs-et-sacs-a-dos-padel","11":"product_cat-sacs-et-sacs-a-dos-tennis","12":"product_cat-sacs-et-sacs-a-dos-badminton","13":"product_cat-squash-fr","14":"product_cat-tennis-fr","15":"product_cat-xtras-badminton-fr","16":"product_cat-xtras-padel-fr","17":"product_cat-xtras-squash-fr","18":"product_cat-xtras-pickleball-fr","19":"product_cat-xtras-tennis-fr","21":"first","22":"instock","23":"taxable","24":"shipping-taxable","25":"purchasable","26":"product-type-simple"},"bundled_by":[],"bundle_stock_status":"instock","bundle_stock_quantity":10,"bundle_virtual":false,"bundle_layout":"","bundle_add_to_cart_form_location":"","bundle_editable_in_cart":false,"bundle_sold_individually_context":"","bundle_item_grouping":"","bundle_min_size":"","bundle_max_size":"","bundle_price":[],"bundled_items":[],"bundle_sell_ids":[],"acf":[],"yoast_head":"<!-- This site is optimized with the Yoast SEO plugin v27.1.1 - https:\/\/yoast.com\/product\/yoast-seo-wordpress\/ -->\n<title>Maxi sac \u00e0 dos Tour - ProKennex Racchette e Accessori<\/title>\n<meta name=\"robots\" content=\"index, follow, max-snippet:-1, max-image-preview:large, max-video-preview:-1\" \/>\n<link rel=\"canonical\" href=\"https:\/\/www.prokennex.eu\/fr\/sacs-et-sacs-a-dos-tennis\/maxi-sac-a-dos-tour\/\" \/>\n<meta property=\"og:locale\" content=\"fr_FR\" \/>\n<meta property=\"og:type\" content=\"article\" \/>\n<meta property=\"og:title\" content=\"Maxi sac \u00e0 dos Tour - ProKennex Racchette e Accessori\" \/>\n<meta property=\"og:description\" content=\"Grand sac \u00e0 dos d\u00e9velopp\u00e9 verticalement qui r\u00e9pond \u00e0 tous les besoins pratiques. Gr\u00e2ce \u00e0 son dossier ergonomique, le Maxi Zaino Tour est \u00e9galement con\u00e7u pour une utilisation pratique sur deux roues. Il comporte trois compartiments, dont un thermique, et six poches pratiques pour ranger les chaussures, les accessoires et un ordinateur portable ou une tablette.   Dimensions: 70 x 30 x 30 cm  Capacit\u00e9: 2 raquettes\" \/>\n<meta property=\"og:url\" content=\"https:\/\/www.prokennex.eu\/fr\/sacs-et-sacs-a-dos-tennis\/maxi-sac-a-dos-tour\/\" \/>\n<meta property=\"og:site_name\" content=\"ProKennex Racchette e Accessori\" \/>\n<meta property=\"article:modified_time\" content=\"2025-03-18T22:39:36+00:00\" \/>\n<meta property=\"og:image\" content=\"https:\/\/www.prokennex.eu\/wp-content\/uploads\/2016\/10\/tour-longback-pack.jpg\" \/>\n\t<meta property=\"og:image:width\" content=\"2000\" \/>\n\t<meta property=\"og:image:height\" content=\"2000\" \/>\n\t<meta property=\"og:image:type\" content=\"image\/jpeg\" \/>\n<meta name=\"twitter:card\" content=\"summary_large_image\" \/>\n<script type=\"application\/ld+json\" class=\"yoast-schema-graph\">{\"@context\":\"https:\/\/schema.org\",\"@graph\":[{\"@type\":\"WebPage\",\"@id\":\"https:\/\/www.prokennex.eu\/fr\/sacs-et-sacs-a-dos-tennis\/maxi-sac-a-dos-tour\/\",\"url\":\"https:\/\/www.prokennex.eu\/fr\/sacs-et-sacs-a-dos-tennis\/maxi-sac-a-dos-tour\/\",\"name\":\"Maxi sac \u00e0 dos Tour - ProKennex Racchette e Accessori\",\"isPartOf\":{\"@id\":\"https:\/\/www.prokennex.eu\/fr\/#website\"},\"primaryImageOfPage\":{\"@id\":\"https:\/\/www.prokennex.eu\/fr\/sacs-et-sacs-a-dos-tennis\/maxi-sac-a-dos-tour\/#primaryimage\"},\"image\":{\"@id\":\"https:\/\/www.prokennex.eu\/fr\/sacs-et-sacs-a-dos-tennis\/maxi-sac-a-dos-tour\/#primaryimage\"},\"thumbnailUrl\":\"https:\/\/www.prokennex.eu\/wp-content\/uploads\/2016\/10\/tour-longback-pack.jpg\",\"datePublished\":\"2023-09-23T11:00:43+00:00\",\"dateModified\":\"2025-03-18T22:39:36+00:00\",\"breadcrumb\":{\"@id\":\"https:\/\/www.prokennex.eu\/fr\/sacs-et-sacs-a-dos-tennis\/maxi-sac-a-dos-tour\/#breadcrumb\"},\"inLanguage\":\"fr-FR\",\"potentialAction\":[{\"@type\":\"ReadAction\",\"target\":[\"https:\/\/www.prokennex.eu\/fr\/sacs-et-sacs-a-dos-tennis\/maxi-sac-a-dos-tour\/\"]}]},{\"@type\":\"ImageObject\",\"inLanguage\":\"fr-FR\",\"@id\":\"https:\/\/www.prokennex.eu\/fr\/sacs-et-sacs-a-dos-tennis\/maxi-sac-a-dos-tour\/#primaryimage\",\"url\":\"https:\/\/www.prokennex.eu\/wp-content\/uploads\/2016\/10\/tour-longback-pack.jpg\",\"contentUrl\":\"https:\/\/www.prokennex.eu\/wp-content\/uploads\/2016\/10\/tour-longback-pack.jpg\",\"width\":2000,\"height\":2000},{\"@type\":\"BreadcrumbList\",\"@id\":\"https:\/\/www.prokennex.eu\/fr\/sacs-et-sacs-a-dos-tennis\/maxi-sac-a-dos-tour\/#breadcrumb\",\"itemListElement\":[{\"@type\":\"ListItem\",\"position\":1,\"name\":\"Shop\",\"item\":\"https:\/\/www.prokennex.eu\/fr\/negozio\/\"},{\"@type\":\"ListItem\",\"position\":2,\"name\":\"Tennis\",\"item\":\"https:\/\/www.prokennex.eu\/fr\/tennis-fr\/\"},{\"@type\":\"ListItem\",\"position\":3,\"name\":\"XTRAS\",\"item\":\"https:\/\/www.prokennex.eu\/fr\/tennis-fr\/xtras-tennis-fr\/\"},{\"@type\":\"ListItem\",\"position\":4,\"name\":\"Sacs et sacs \u00e0 dos\",\"item\":\"https:\/\/www.prokennex.eu\/fr\/tennis-fr\/xtras-tennis-fr\/sacs-et-sacs-a-dos-tennis\/\"},{\"@type\":\"ListItem\",\"position\":5,\"name\":\"Maxi sac \u00e0 dos Tour\"}]},{\"@type\":\"WebSite\",\"@id\":\"https:\/\/www.prokennex.eu\/fr\/#website\",\"url\":\"https:\/\/www.prokennex.eu\/fr\/\",\"name\":\"ProKennex Racchette e Accessori\",\"description\":\"Tomorrow&#039;s Technologies\",\"publisher\":{\"@id\":\"https:\/\/www.prokennex.eu\/fr\/#organization\"},\"potentialAction\":[{\"@type\":\"SearchAction\",\"target\":{\"@type\":\"EntryPoint\",\"urlTemplate\":\"https:\/\/www.prokennex.eu\/fr\/?s={search_term_string}\"},\"query-input\":{\"@type\":\"PropertyValueSpecification\",\"valueRequired\":true,\"valueName\":\"search_term_string\"}}],\"inLanguage\":\"fr-FR\"},{\"@type\":\"Organization\",\"@id\":\"https:\/\/www.prokennex.eu\/fr\/#organization\",\"name\":\"Pro Kennex s.r.l.\",\"url\":\"https:\/\/www.prokennex.eu\/fr\/\",\"logo\":{\"@type\":\"ImageObject\",\"inLanguage\":\"fr-FR\",\"@id\":\"https:\/\/www.prokennex.eu\/fr\/#\/schema\/logo\/image\/\",\"url\":\"https:\/\/www.prokennex.eu\/wp-content\/uploads\/2021\/09\/prokennex-logo.svg\",\"contentUrl\":\"https:\/\/www.prokennex.eu\/wp-content\/uploads\/2021\/09\/prokennex-logo.svg\",\"width\":\"1440\",\"height\":\"1080\",\"caption\":\"Pro Kennex s.r.l.\"},\"image\":{\"@id\":\"https:\/\/www.prokennex.eu\/fr\/#\/schema\/logo\/image\/\"}}]}<\/script>\n<!-- \/ Yoast SEO plugin. -->","yoast_head_json":{"title":"Maxi sac \u00e0 dos Tour - ProKennex Racchette e Accessori","robots":{"index":"index","follow":"follow","max-snippet":"max-snippet:-1","max-image-preview":"max-image-preview:large","max-video-preview":"max-video-preview:-1"},"canonical":"https:\/\/www.prokennex.eu\/fr\/sacs-et-sacs-a-dos-tennis\/maxi-sac-a-dos-tour\/","og_locale":"fr_FR","og_type":"article","og_title":"Maxi sac \u00e0 dos Tour - ProKennex Racchette e Accessori","og_description":"Grand sac \u00e0 dos d\u00e9velopp\u00e9 verticalement qui r\u00e9pond \u00e0 tous les besoins pratiques. Gr\u00e2ce \u00e0 son dossier ergonomique, le Maxi Zaino Tour est \u00e9galement con\u00e7u pour une utilisation pratique sur deux roues. Il comporte trois compartiments, dont un thermique, et six poches pratiques pour ranger les chaussures, les accessoires et un ordinateur portable ou une tablette.   Dimensions: 70 x 30 x 30 cm  Capacit\u00e9: 2 raquettes","og_url":"https:\/\/www.prokennex.eu\/fr\/sacs-et-sacs-a-dos-tennis\/maxi-sac-a-dos-tour\/","og_site_name":"ProKennex Racchette e Accessori","article_modified_time":"2025-03-18T22:39:36+00:00","og_image":[{"width":2000,"height":2000,"url":"https:\/\/www.prokennex.eu\/wp-content\/uploads\/2016\/10\/tour-longback-pack.jpg","type":"image\/jpeg"}],"twitter_card":"summary_large_image","schema":{"@context":"https:\/\/schema.org","@graph":[{"@type":"WebPage","@id":"https:\/\/www.prokennex.eu\/fr\/sacs-et-sacs-a-dos-tennis\/maxi-sac-a-dos-tour\/","url":"https:\/\/www.prokennex.eu\/fr\/sacs-et-sacs-a-dos-tennis\/maxi-sac-a-dos-tour\/","name":"Maxi sac \u00e0 dos Tour - ProKennex Racchette e Accessori","isPartOf":{"@id":"https:\/\/www.prokennex.eu\/fr\/#website"},"primaryImageOfPage":{"@id":"https:\/\/www.prokennex.eu\/fr\/sacs-et-sacs-a-dos-tennis\/maxi-sac-a-dos-tour\/#primaryimage"},"image":{"@id":"https:\/\/www.prokennex.eu\/fr\/sacs-et-sacs-a-dos-tennis\/maxi-sac-a-dos-tour\/#primaryimage"},"thumbnailUrl":"https:\/\/www.prokennex.eu\/wp-content\/uploads\/2016\/10\/tour-longback-pack.jpg","datePublished":"2023-09-23T11:00:43+00:00","dateModified":"2025-03-18T22:39:36+00:00","breadcrumb":{"@id":"https:\/\/www.prokennex.eu\/fr\/sacs-et-sacs-a-dos-tennis\/maxi-sac-a-dos-tour\/#breadcrumb"},"inLanguage":"fr-FR","potentialAction":[{"@type":"ReadAction","target":["https:\/\/www.prokennex.eu\/fr\/sacs-et-sacs-a-dos-tennis\/maxi-sac-a-dos-tour\/"]}]},{"@type":"ImageObject","inLanguage":"fr-FR","@id":"https:\/\/www.prokennex.eu\/fr\/sacs-et-sacs-a-dos-tennis\/maxi-sac-a-dos-tour\/#primaryimage","url":"https:\/\/www.prokennex.eu\/wp-content\/uploads\/2016\/10\/tour-longback-pack.jpg","contentUrl":"https:\/\/www.prokennex.eu\/wp-content\/uploads\/2016\/10\/tour-longback-pack.jpg","width":2000,"height":2000},{"@type":"BreadcrumbList","@id":"https:\/\/www.prokennex.eu\/fr\/sacs-et-sacs-a-dos-tennis\/maxi-sac-a-dos-tour\/#breadcrumb","itemListElement":[{"@type":"ListItem","position":1,"name":"Shop","item":"https:\/\/www.prokennex.eu\/fr\/negozio\/"},{"@type":"ListItem","position":2,"name":"Tennis","item":"https:\/\/www.prokennex.eu\/fr\/tennis-fr\/"},{"@type":"ListItem","position":3,"name":"XTRAS","item":"https:\/\/www.prokennex.eu\/fr\/tennis-fr\/xtras-tennis-fr\/"},{"@type":"ListItem","position":4,"name":"Sacs et sacs \u00e0 dos","item":"https:\/\/www.prokennex.eu\/fr\/tennis-fr\/xtras-tennis-fr\/sacs-et-sacs-a-dos-tennis\/"},{"@type":"ListItem","position":5,"name":"Maxi sac \u00e0 dos Tour"}]},{"@type":"WebSite","@id":"https:\/\/www.prokennex.eu\/fr\/#website","url":"https:\/\/www.prokennex.eu\/fr\/","name":"ProKennex Racchette e Accessori","description":"Tomorrow&#039;s Technologies","publisher":{"@id":"https:\/\/www.prokennex.eu\/fr\/#organization"},"potentialAction":[{"@type":"SearchAction","target":{"@type":"EntryPoint","urlTemplate":"https:\/\/www.prokennex.eu\/fr\/?s={search_term_string}"},"query-input":{"@type":"PropertyValueSpecification","valueRequired":true,"valueName":"search_term_string"}}],"inLanguage":"fr-FR"},{"@type":"Organization","@id":"https:\/\/www.prokennex.eu\/fr\/#organization","name":"Pro Kennex s.r.l.","url":"https:\/\/www.prokennex.eu\/fr\/","logo":{"@type":"ImageObject","inLanguage":"fr-FR","@id":"https:\/\/www.prokennex.eu\/fr\/#\/schema\/logo\/image\/","url":"https:\/\/www.prokennex.eu\/wp-content\/uploads\/2021\/09\/prokennex-logo.svg","contentUrl":"https:\/\/www.prokennex.eu\/wp-content\/uploads\/2021\/09\/prokennex-logo.svg","width":"1440","height":"1080","caption":"Pro Kennex s.r.l."},"image":{"@id":"https:\/\/www.prokennex.eu\/fr\/#\/schema\/logo\/image\/"}}]}},"_links":{"self":[{"href":"https:\/\/www.prokennex.eu\/fr\/wp-json\/wp\/v2\/product\/12733","targetHints":{"allow":["GET"]}}],"collection":[{"href":"https:\/\/www.prokennex.eu\/fr\/wp-json\/wp\/v2\/product"}],"about":[{"href":"https:\/\/www.prokennex.eu\/fr\/wp-json\/wp\/v2\/types\/product"}],"replies":[{"embeddable":true,"href":"https:\/\/www.prokennex.eu\/fr\/wp-json\/wp\/v2\/comments?post=12733"}],"wp:featuredmedia":[{"embeddable":true,"href":"https:\/\/www.prokennex.eu\/fr\/wp-json\/wp\/v2\/media\/12575"}],"wp:attachment":[{"href":"https:\/\/www.prokennex.eu\/fr\/wp-json\/wp\/v2\/media?parent=12733"}],"wp:term":[{"taxonomy":"tecnologia","embeddable":true,"href":"https:\/\/www.prokennex.eu\/fr\/wp-json\/wp\/v2\/tecnologia?post=12733"},{"taxonomy":"product_brand","embeddable":true,"href":"https:\/\/www.prokennex.eu\/fr\/wp-json\/wp\/v2\/product_brand?post=12733"},{"taxonomy":"product_cat","embeddable":true,"href":"https:\/\/www.prokennex.eu\/fr\/wp-json\/wp\/v2\/product_cat?post=12733"},{"taxonomy":"product_tag","embeddable":true,"href":"https:\/\/www.prokennex.eu\/fr\/wp-json\/wp\/v2\/product_tag?post=12733"}],"curies":[{"name":"wp","href":"https:\/\/api.w.org\/{rel}","templated":true}]}}