{"id":12347,"date":"2023-07-25T18:48:13","date_gmt":"2023-07-14T19:41:11","guid":{"rendered":"https:\/\/www.prokennex.eu\/?post_type=product&#038;p=12347"},"modified":"2023-07-26T11:52:21","modified_gmt":"2023-07-26T09:52:21","slug":"turbo","status":"publish","type":"product","link":"https:\/\/www.prokennex.eu\/fr\/raquettes-padel\/turbo\/","title":{"rendered":"Turbo"},"content":{"rendered":"","protected":false},"excerpt":{"rendered":"<p>Une raquette ronde pr\u00e9sent\u00e9e en deux versions et 3 couleurs, avec une grande jouabilit\u00e9, qui permet au joueur de tout niveau d\u2019avoir une sensation imm\u00e9diate. Les trois couches de Spiral Tech Carbon\u00ae assurent stabilit\u00e9 et contr\u00f4le. La taille particuli\u00e8rement g\u00e9n\u00e9reuse du plateau et le Soft EVA\u00ae 16 de derni\u00e8re g\u00e9n\u00e9ration permettent de faciliter l\u2019impact dans toutes les situations de jeu.<br \/>\nLa diff\u00e9renciation des diam\u00e8tres de trous permet d\u2019excellents effets sur la balle.<br \/>\nDans la version <a style=\"padding: 2px 6px 4px; border: 1px solid black;\" href=\"..\/turbo-speed\/\">Speed<\/a>, le faible poids conf\u00e8re \u00e0 l\u2019outil une maniabilit\u00e9 accrue.<\/p>\n<p><strong>Housse de raquette gratuite<br \/>\n<\/strong><\/p>\n","protected":false},"featured_media":12328,"comment_status":"open","ping_status":"closed","template":"","meta":{"_acf_changed":false},"tecnologia":[1572],"product_brand":[],"product_cat":[1715,1724],"product_tag":[],"class_list":{"0":"post-12347","1":"product","2":"type-product","3":"status-publish","4":"has-post-thumbnail","6":"tecnologia-spiral-tech-carbon-fr","7":"product_cat-padel-fr","8":"product_cat-raquettes-padel","10":"first","11":"instock","12":"taxable","13":"shipping-taxable","14":"purchasable","15":"product-type-variable"},"bundled_by":[],"bundle_stock_status":"instock","bundle_stock_quantity":10,"bundle_virtual":false,"bundle_layout":"","bundle_add_to_cart_form_location":"","bundle_editable_in_cart":false,"bundle_sold_individually_context":"","bundle_item_grouping":"","bundle_min_size":"","bundle_max_size":"","bundle_price":[],"bundled_items":[],"bundle_sell_ids":[],"acf":[],"yoast_head":"<!-- This site is optimized with the Yoast SEO plugin v27.4 - https:\/\/yoast.com\/product\/yoast-seo-wordpress\/ -->\n<title>Turbo - ProKennex Racchette e Accessori<\/title>\n<meta name=\"robots\" content=\"index, follow, max-snippet:-1, max-image-preview:large, max-video-preview:-1\" \/>\n<link rel=\"canonical\" href=\"https:\/\/www.prokennex.eu\/fr\/raquettes-padel\/turbo\/\" \/>\n<meta property=\"og:locale\" content=\"fr_FR\" \/>\n<meta property=\"og:type\" content=\"article\" \/>\n<meta property=\"og:title\" content=\"Turbo - ProKennex Racchette e Accessori\" \/>\n<meta property=\"og:description\" content=\"Une raquette ronde pr\u00e9sent\u00e9e en deux versions et 3 couleurs, avec une grande jouabilit\u00e9, qui permet au joueur de tout niveau d\u2019avoir une sensation imm\u00e9diate. Les trois couches de Spiral Tech Carbon\u00ae assurent stabilit\u00e9 et contr\u00f4le. La taille particuli\u00e8rement g\u00e9n\u00e9reuse du plateau et le Soft EVA\u00ae 16 de derni\u00e8re g\u00e9n\u00e9ration permettent de faciliter l\u2019impact dans toutes les situations de jeu. La diff\u00e9renciation des diam\u00e8tres de trous permet d\u2019excellents effets sur la balle. Dans la version Speed, le faible poids conf\u00e8re \u00e0 l\u2019outil une maniabilit\u00e9 accrue.  Housse de raquette gratuite\" \/>\n<meta property=\"og:url\" content=\"https:\/\/www.prokennex.eu\/fr\/raquettes-padel\/turbo\/\" \/>\n<meta property=\"og:site_name\" content=\"ProKennex Racchette e Accessori\" \/>\n<meta property=\"article:modified_time\" content=\"2023-07-26T09:52:21+00:00\" \/>\n<meta property=\"og:image\" content=\"https:\/\/www.prokennex.eu\/wp-content\/uploads\/2023\/07\/turbo-orange-01.jpg\" \/>\n\t<meta property=\"og:image:width\" content=\"2000\" \/>\n\t<meta property=\"og:image:height\" content=\"2000\" \/>\n\t<meta property=\"og:image:type\" content=\"image\/jpeg\" \/>\n<meta name=\"twitter:card\" content=\"summary_large_image\" \/>\n<script type=\"application\/ld+json\" class=\"yoast-schema-graph\">{\"@context\":\"https:\\\/\\\/schema.org\",\"@graph\":[{\"@type\":\"WebPage\",\"@id\":\"https:\\\/\\\/www.prokennex.eu\\\/fr\\\/raquettes-padel\\\/turbo\\\/\",\"url\":\"https:\\\/\\\/www.prokennex.eu\\\/fr\\\/raquettes-padel\\\/turbo\\\/\",\"name\":\"Turbo - ProKennex Racchette e Accessori\",\"isPartOf\":{\"@id\":\"https:\\\/\\\/www.prokennex.eu\\\/fr\\\/#website\"},\"primaryImageOfPage\":{\"@id\":\"https:\\\/\\\/www.prokennex.eu\\\/fr\\\/raquettes-padel\\\/turbo\\\/#primaryimage\"},\"image\":{\"@id\":\"https:\\\/\\\/www.prokennex.eu\\\/fr\\\/raquettes-padel\\\/turbo\\\/#primaryimage\"},\"thumbnailUrl\":\"https:\\\/\\\/www.prokennex.eu\\\/wp-content\\\/uploads\\\/2023\\\/07\\\/turbo-orange-01.jpg\",\"datePublished\":\"2023-07-14T19:41:11+00:00\",\"dateModified\":\"2023-07-26T09:52:21+00:00\",\"breadcrumb\":{\"@id\":\"https:\\\/\\\/www.prokennex.eu\\\/fr\\\/raquettes-padel\\\/turbo\\\/#breadcrumb\"},\"inLanguage\":\"fr-FR\",\"potentialAction\":[{\"@type\":\"ReadAction\",\"target\":[\"https:\\\/\\\/www.prokennex.eu\\\/fr\\\/raquettes-padel\\\/turbo\\\/\"]}]},{\"@type\":\"ImageObject\",\"inLanguage\":\"fr-FR\",\"@id\":\"https:\\\/\\\/www.prokennex.eu\\\/fr\\\/raquettes-padel\\\/turbo\\\/#primaryimage\",\"url\":\"https:\\\/\\\/www.prokennex.eu\\\/wp-content\\\/uploads\\\/2023\\\/07\\\/turbo-orange-01.jpg\",\"contentUrl\":\"https:\\\/\\\/www.prokennex.eu\\\/wp-content\\\/uploads\\\/2023\\\/07\\\/turbo-orange-01.jpg\",\"width\":2000,\"height\":2000},{\"@type\":\"BreadcrumbList\",\"@id\":\"https:\\\/\\\/www.prokennex.eu\\\/fr\\\/raquettes-padel\\\/turbo\\\/#breadcrumb\",\"itemListElement\":[{\"@type\":\"ListItem\",\"position\":1,\"name\":\"Shop\",\"item\":\"https:\\\/\\\/www.prokennex.eu\\\/fr\\\/negozio\\\/\"},{\"@type\":\"ListItem\",\"position\":2,\"name\":\"Padel\",\"item\":\"https:\\\/\\\/www.prokennex.eu\\\/fr\\\/padel-fr\\\/\"},{\"@type\":\"ListItem\",\"position\":3,\"name\":\"Raquettes\",\"item\":\"https:\\\/\\\/www.prokennex.eu\\\/fr\\\/padel-fr\\\/raquettes-padel\\\/\"},{\"@type\":\"ListItem\",\"position\":4,\"name\":\"Turbo\"}]},{\"@type\":\"WebSite\",\"@id\":\"https:\\\/\\\/www.prokennex.eu\\\/fr\\\/#website\",\"url\":\"https:\\\/\\\/www.prokennex.eu\\\/fr\\\/\",\"name\":\"ProKennex Racchette e Accessori\",\"description\":\"Tomorrow&#039;s Technologies\",\"publisher\":{\"@id\":\"https:\\\/\\\/www.prokennex.eu\\\/fr\\\/#organization\"},\"potentialAction\":[{\"@type\":\"SearchAction\",\"target\":{\"@type\":\"EntryPoint\",\"urlTemplate\":\"https:\\\/\\\/www.prokennex.eu\\\/fr\\\/?s={search_term_string}\"},\"query-input\":{\"@type\":\"PropertyValueSpecification\",\"valueRequired\":true,\"valueName\":\"search_term_string\"}}],\"inLanguage\":\"fr-FR\"},{\"@type\":\"Organization\",\"@id\":\"https:\\\/\\\/www.prokennex.eu\\\/fr\\\/#organization\",\"name\":\"Pro Kennex s.r.l.\",\"url\":\"https:\\\/\\\/www.prokennex.eu\\\/fr\\\/\",\"logo\":{\"@type\":\"ImageObject\",\"inLanguage\":\"fr-FR\",\"@id\":\"https:\\\/\\\/www.prokennex.eu\\\/fr\\\/#\\\/schema\\\/logo\\\/image\\\/\",\"url\":\"https:\\\/\\\/www.prokennex.eu\\\/wp-content\\\/uploads\\\/2021\\\/09\\\/prokennex-logo.svg\",\"contentUrl\":\"https:\\\/\\\/www.prokennex.eu\\\/wp-content\\\/uploads\\\/2021\\\/09\\\/prokennex-logo.svg\",\"width\":\"1440\",\"height\":\"1080\",\"caption\":\"Pro Kennex s.r.l.\"},\"image\":{\"@id\":\"https:\\\/\\\/www.prokennex.eu\\\/fr\\\/#\\\/schema\\\/logo\\\/image\\\/\"}}]}<\/script>\n<!-- \/ Yoast SEO plugin. -->","yoast_head_json":{"title":"Turbo - ProKennex Racchette e Accessori","robots":{"index":"index","follow":"follow","max-snippet":"max-snippet:-1","max-image-preview":"max-image-preview:large","max-video-preview":"max-video-preview:-1"},"canonical":"https:\/\/www.prokennex.eu\/fr\/raquettes-padel\/turbo\/","og_locale":"fr_FR","og_type":"article","og_title":"Turbo - ProKennex Racchette e Accessori","og_description":"Une raquette ronde pr\u00e9sent\u00e9e en deux versions et 3 couleurs, avec une grande jouabilit\u00e9, qui permet au joueur de tout niveau d\u2019avoir une sensation imm\u00e9diate. Les trois couches de Spiral Tech Carbon\u00ae assurent stabilit\u00e9 et contr\u00f4le. La taille particuli\u00e8rement g\u00e9n\u00e9reuse du plateau et le Soft EVA\u00ae 16 de derni\u00e8re g\u00e9n\u00e9ration permettent de faciliter l\u2019impact dans toutes les situations de jeu. La diff\u00e9renciation des diam\u00e8tres de trous permet d\u2019excellents effets sur la balle. Dans la version Speed, le faible poids conf\u00e8re \u00e0 l\u2019outil une maniabilit\u00e9 accrue.  Housse de raquette gratuite","og_url":"https:\/\/www.prokennex.eu\/fr\/raquettes-padel\/turbo\/","og_site_name":"ProKennex Racchette e Accessori","article_modified_time":"2023-07-26T09:52:21+00:00","og_image":[{"width":2000,"height":2000,"url":"https:\/\/www.prokennex.eu\/wp-content\/uploads\/2023\/07\/turbo-orange-01.jpg","type":"image\/jpeg"}],"twitter_card":"summary_large_image","schema":{"@context":"https:\/\/schema.org","@graph":[{"@type":"WebPage","@id":"https:\/\/www.prokennex.eu\/fr\/raquettes-padel\/turbo\/","url":"https:\/\/www.prokennex.eu\/fr\/raquettes-padel\/turbo\/","name":"Turbo - ProKennex Racchette e Accessori","isPartOf":{"@id":"https:\/\/www.prokennex.eu\/fr\/#website"},"primaryImageOfPage":{"@id":"https:\/\/www.prokennex.eu\/fr\/raquettes-padel\/turbo\/#primaryimage"},"image":{"@id":"https:\/\/www.prokennex.eu\/fr\/raquettes-padel\/turbo\/#primaryimage"},"thumbnailUrl":"https:\/\/www.prokennex.eu\/wp-content\/uploads\/2023\/07\/turbo-orange-01.jpg","datePublished":"2023-07-14T19:41:11+00:00","dateModified":"2023-07-26T09:52:21+00:00","breadcrumb":{"@id":"https:\/\/www.prokennex.eu\/fr\/raquettes-padel\/turbo\/#breadcrumb"},"inLanguage":"fr-FR","potentialAction":[{"@type":"ReadAction","target":["https:\/\/www.prokennex.eu\/fr\/raquettes-padel\/turbo\/"]}]},{"@type":"ImageObject","inLanguage":"fr-FR","@id":"https:\/\/www.prokennex.eu\/fr\/raquettes-padel\/turbo\/#primaryimage","url":"https:\/\/www.prokennex.eu\/wp-content\/uploads\/2023\/07\/turbo-orange-01.jpg","contentUrl":"https:\/\/www.prokennex.eu\/wp-content\/uploads\/2023\/07\/turbo-orange-01.jpg","width":2000,"height":2000},{"@type":"BreadcrumbList","@id":"https:\/\/www.prokennex.eu\/fr\/raquettes-padel\/turbo\/#breadcrumb","itemListElement":[{"@type":"ListItem","position":1,"name":"Shop","item":"https:\/\/www.prokennex.eu\/fr\/negozio\/"},{"@type":"ListItem","position":2,"name":"Padel","item":"https:\/\/www.prokennex.eu\/fr\/padel-fr\/"},{"@type":"ListItem","position":3,"name":"Raquettes","item":"https:\/\/www.prokennex.eu\/fr\/padel-fr\/raquettes-padel\/"},{"@type":"ListItem","position":4,"name":"Turbo"}]},{"@type":"WebSite","@id":"https:\/\/www.prokennex.eu\/fr\/#website","url":"https:\/\/www.prokennex.eu\/fr\/","name":"ProKennex Racchette e Accessori","description":"Tomorrow&#039;s Technologies","publisher":{"@id":"https:\/\/www.prokennex.eu\/fr\/#organization"},"potentialAction":[{"@type":"SearchAction","target":{"@type":"EntryPoint","urlTemplate":"https:\/\/www.prokennex.eu\/fr\/?s={search_term_string}"},"query-input":{"@type":"PropertyValueSpecification","valueRequired":true,"valueName":"search_term_string"}}],"inLanguage":"fr-FR"},{"@type":"Organization","@id":"https:\/\/www.prokennex.eu\/fr\/#organization","name":"Pro Kennex s.r.l.","url":"https:\/\/www.prokennex.eu\/fr\/","logo":{"@type":"ImageObject","inLanguage":"fr-FR","@id":"https:\/\/www.prokennex.eu\/fr\/#\/schema\/logo\/image\/","url":"https:\/\/www.prokennex.eu\/wp-content\/uploads\/2021\/09\/prokennex-logo.svg","contentUrl":"https:\/\/www.prokennex.eu\/wp-content\/uploads\/2021\/09\/prokennex-logo.svg","width":"1440","height":"1080","caption":"Pro Kennex s.r.l."},"image":{"@id":"https:\/\/www.prokennex.eu\/fr\/#\/schema\/logo\/image\/"}}]}},"_links":{"self":[{"href":"https:\/\/www.prokennex.eu\/fr\/wp-json\/wp\/v2\/product\/12347","targetHints":{"allow":["GET"]}}],"collection":[{"href":"https:\/\/www.prokennex.eu\/fr\/wp-json\/wp\/v2\/product"}],"about":[{"href":"https:\/\/www.prokennex.eu\/fr\/wp-json\/wp\/v2\/types\/product"}],"replies":[{"embeddable":true,"href":"https:\/\/www.prokennex.eu\/fr\/wp-json\/wp\/v2\/comments?post=12347"}],"wp:featuredmedia":[{"embeddable":true,"href":"https:\/\/www.prokennex.eu\/fr\/wp-json\/wp\/v2\/media\/12328"}],"wp:attachment":[{"href":"https:\/\/www.prokennex.eu\/fr\/wp-json\/wp\/v2\/media?parent=12347"}],"wp:term":[{"taxonomy":"tecnologia","embeddable":true,"href":"https:\/\/www.prokennex.eu\/fr\/wp-json\/wp\/v2\/tecnologia?post=12347"},{"taxonomy":"product_brand","embeddable":true,"href":"https:\/\/www.prokennex.eu\/fr\/wp-json\/wp\/v2\/product_brand?post=12347"},{"taxonomy":"product_cat","embeddable":true,"href":"https:\/\/www.prokennex.eu\/fr\/wp-json\/wp\/v2\/product_cat?post=12347"},{"taxonomy":"product_tag","embeddable":true,"href":"https:\/\/www.prokennex.eu\/fr\/wp-json\/wp\/v2\/product_tag?post=12347"}],"curies":[{"name":"wp","href":"https:\/\/api.w.org\/{rel}","templated":true}]}}