{"id":12255,"date":"2023-07-20T02:06:55","date_gmt":"2023-07-20T00:06:55","guid":{"rendered":"https:\/\/www.prokennex.eu\/non%20class\u00e9\/legend\/"},"modified":"2023-07-17T19:13:23","modified_gmt":"2023-07-17T17:13:23","slug":"legend","status":"publish","type":"product","link":"https:\/\/www.prokennex.eu\/fr\/raquettes-padel\/legend\/","title":{"rendered":"Legend"},"content":{"rendered":"","protected":false},"excerpt":{"rendered":"<p>Le faible poids et l&rsquo;\u00e9quilibre moyen am\u00e9liorent la maniabilit\u00e9 du cadre sur tous les coups d\u00e9fensifs et donnent une grande r\u00e9activit\u00e9 pr\u00e8s du filet. Le contr\u00f4le et la sensibilit\u00e9 sont assur\u00e9s par la combinaison de la forme ronde, des trois couches de Graphite Spiral Tech\u00ae et de la derni\u00e8re g\u00e9n\u00e9ration Hyper Soft EVA\u00ae 13\u00b0.<br \/>\nThe 3D Grain Surface\u00ae combined with the Geo-Dynamic Hole Design\u00ae amplifies the impact on the ball. The Kinetic System\u00ae together with the Kinetic Damping Chamber\u00ae ensures absolute comfort by drastically reducing vibrations and torsional distortion of the frame and gives sensitivity and control at impact.<\/p>\n","protected":false},"featured_media":12432,"comment_status":"open","ping_status":"closed","template":"","meta":{"_acf_changed":false},"tecnologia":[1569,1572],"product_brand":[],"product_cat":[1715,1724],"product_tag":[],"class_list":{"0":"post-12255","1":"product","2":"type-product","3":"status-publish","4":"has-post-thumbnail","6":"tecnologia-kinetic-system-fr","7":"tecnologia-spiral-tech-carbon-fr","8":"product_cat-padel-fr","9":"product_cat-raquettes-padel","11":"first","12":"instock","13":"taxable","14":"shipping-taxable","15":"purchasable","16":"product-type-simple"},"bundled_by":[],"bundle_stock_status":"instock","bundle_stock_quantity":10,"bundle_virtual":false,"bundle_layout":"","bundle_add_to_cart_form_location":"","bundle_editable_in_cart":false,"bundle_sold_individually_context":"","bundle_item_grouping":"","bundle_min_size":"","bundle_max_size":"","bundle_price":[],"bundled_items":[],"bundle_sell_ids":[],"acf":[],"yoast_head":"<!-- This site is optimized with the Yoast SEO plugin v27.1.1 - https:\/\/yoast.com\/product\/yoast-seo-wordpress\/ -->\n<title>Legend - ProKennex Racchette e Accessori<\/title>\n<meta name=\"description\" content=\"Le faible poids et l&#039;\u00e9quilibre moyen am\u00e9liorent la maniabilit\u00e9 du cadre sur tous les coups d\u00e9fensifs et donnent une grande r\u00e9activit\u00e9 pr\u00e8s du filet\" \/>\n<meta name=\"robots\" content=\"index, follow, max-snippet:-1, max-image-preview:large, max-video-preview:-1\" \/>\n<link rel=\"canonical\" href=\"https:\/\/www.prokennex.eu\/fr\/raquettes-padel\/legend\/\" \/>\n<meta property=\"og:locale\" content=\"fr_FR\" \/>\n<meta property=\"og:type\" content=\"article\" \/>\n<meta property=\"og:title\" content=\"Legend - ProKennex Racchette e Accessori\" \/>\n<meta property=\"og:description\" content=\"Le faible poids et l&#039;\u00e9quilibre moyen am\u00e9liorent la maniabilit\u00e9 du cadre sur tous les coups d\u00e9fensifs et donnent une grande r\u00e9activit\u00e9 pr\u00e8s du filet\" \/>\n<meta property=\"og:url\" content=\"https:\/\/www.prokennex.eu\/fr\/raquettes-padel\/legend\/\" \/>\n<meta property=\"og:site_name\" content=\"ProKennex Racchette e Accessori\" \/>\n<meta property=\"og:image\" content=\"https:\/\/www.prokennex.eu\/wp-content\/uploads\/2023\/07\/legend-01.jpg\" \/>\n\t<meta property=\"og:image:width\" content=\"2000\" \/>\n\t<meta property=\"og:image:height\" content=\"2000\" \/>\n\t<meta property=\"og:image:type\" content=\"image\/jpeg\" \/>\n<meta name=\"twitter:card\" content=\"summary_large_image\" \/>\n<script type=\"application\/ld+json\" class=\"yoast-schema-graph\">{\"@context\":\"https:\/\/schema.org\",\"@graph\":[{\"@type\":\"WebPage\",\"@id\":\"https:\/\/www.prokennex.eu\/fr\/raquettes-padel\/legend\/\",\"url\":\"https:\/\/www.prokennex.eu\/fr\/raquettes-padel\/legend\/\",\"name\":\"Legend - ProKennex Racchette e Accessori\",\"isPartOf\":{\"@id\":\"https:\/\/www.prokennex.eu\/fr\/#website\"},\"primaryImageOfPage\":{\"@id\":\"https:\/\/www.prokennex.eu\/fr\/raquettes-padel\/legend\/#primaryimage\"},\"image\":{\"@id\":\"https:\/\/www.prokennex.eu\/fr\/raquettes-padel\/legend\/#primaryimage\"},\"thumbnailUrl\":\"https:\/\/www.prokennex.eu\/wp-content\/uploads\/2023\/07\/legend-01.jpg\",\"datePublished\":\"2023-07-20T00:06:55+00:00\",\"description\":\"Le faible poids et l'\u00e9quilibre moyen am\u00e9liorent la maniabilit\u00e9 du cadre sur tous les coups d\u00e9fensifs et donnent une grande r\u00e9activit\u00e9 pr\u00e8s du filet\",\"breadcrumb\":{\"@id\":\"https:\/\/www.prokennex.eu\/fr\/raquettes-padel\/legend\/#breadcrumb\"},\"inLanguage\":\"fr-FR\",\"potentialAction\":[{\"@type\":\"ReadAction\",\"target\":[\"https:\/\/www.prokennex.eu\/fr\/raquettes-padel\/legend\/\"]}]},{\"@type\":\"ImageObject\",\"inLanguage\":\"fr-FR\",\"@id\":\"https:\/\/www.prokennex.eu\/fr\/raquettes-padel\/legend\/#primaryimage\",\"url\":\"https:\/\/www.prokennex.eu\/wp-content\/uploads\/2023\/07\/legend-01.jpg\",\"contentUrl\":\"https:\/\/www.prokennex.eu\/wp-content\/uploads\/2023\/07\/legend-01.jpg\",\"width\":2000,\"height\":2000},{\"@type\":\"BreadcrumbList\",\"@id\":\"https:\/\/www.prokennex.eu\/fr\/raquettes-padel\/legend\/#breadcrumb\",\"itemListElement\":[{\"@type\":\"ListItem\",\"position\":1,\"name\":\"Shop\",\"item\":\"https:\/\/www.prokennex.eu\/fr\/negozio\/\"},{\"@type\":\"ListItem\",\"position\":2,\"name\":\"Padel\",\"item\":\"https:\/\/www.prokennex.eu\/fr\/padel-fr\/\"},{\"@type\":\"ListItem\",\"position\":3,\"name\":\"Raquettes\",\"item\":\"https:\/\/www.prokennex.eu\/fr\/padel-fr\/raquettes-padel\/\"},{\"@type\":\"ListItem\",\"position\":4,\"name\":\"Legend\"}]},{\"@type\":\"WebSite\",\"@id\":\"https:\/\/www.prokennex.eu\/fr\/#website\",\"url\":\"https:\/\/www.prokennex.eu\/fr\/\",\"name\":\"ProKennex Racchette e Accessori\",\"description\":\"Tomorrow&#039;s Technologies\",\"publisher\":{\"@id\":\"https:\/\/www.prokennex.eu\/fr\/#organization\"},\"potentialAction\":[{\"@type\":\"SearchAction\",\"target\":{\"@type\":\"EntryPoint\",\"urlTemplate\":\"https:\/\/www.prokennex.eu\/fr\/?s={search_term_string}\"},\"query-input\":{\"@type\":\"PropertyValueSpecification\",\"valueRequired\":true,\"valueName\":\"search_term_string\"}}],\"inLanguage\":\"fr-FR\"},{\"@type\":\"Organization\",\"@id\":\"https:\/\/www.prokennex.eu\/fr\/#organization\",\"name\":\"Pro Kennex s.r.l.\",\"url\":\"https:\/\/www.prokennex.eu\/fr\/\",\"logo\":{\"@type\":\"ImageObject\",\"inLanguage\":\"fr-FR\",\"@id\":\"https:\/\/www.prokennex.eu\/fr\/#\/schema\/logo\/image\/\",\"url\":\"https:\/\/www.prokennex.eu\/wp-content\/uploads\/2021\/09\/prokennex-logo.svg\",\"contentUrl\":\"https:\/\/www.prokennex.eu\/wp-content\/uploads\/2021\/09\/prokennex-logo.svg\",\"width\":\"1440\",\"height\":\"1080\",\"caption\":\"Pro Kennex s.r.l.\"},\"image\":{\"@id\":\"https:\/\/www.prokennex.eu\/fr\/#\/schema\/logo\/image\/\"}}]}<\/script>\n<!-- \/ Yoast SEO plugin. -->","yoast_head_json":{"title":"Legend - ProKennex Racchette e Accessori","description":"Le faible poids et l'\u00e9quilibre moyen am\u00e9liorent la maniabilit\u00e9 du cadre sur tous les coups d\u00e9fensifs et donnent une grande r\u00e9activit\u00e9 pr\u00e8s du filet","robots":{"index":"index","follow":"follow","max-snippet":"max-snippet:-1","max-image-preview":"max-image-preview:large","max-video-preview":"max-video-preview:-1"},"canonical":"https:\/\/www.prokennex.eu\/fr\/raquettes-padel\/legend\/","og_locale":"fr_FR","og_type":"article","og_title":"Legend - ProKennex Racchette e Accessori","og_description":"Le faible poids et l'\u00e9quilibre moyen am\u00e9liorent la maniabilit\u00e9 du cadre sur tous les coups d\u00e9fensifs et donnent une grande r\u00e9activit\u00e9 pr\u00e8s du filet","og_url":"https:\/\/www.prokennex.eu\/fr\/raquettes-padel\/legend\/","og_site_name":"ProKennex Racchette e Accessori","og_image":[{"width":2000,"height":2000,"url":"https:\/\/www.prokennex.eu\/wp-content\/uploads\/2023\/07\/legend-01.jpg","type":"image\/jpeg"}],"twitter_card":"summary_large_image","schema":{"@context":"https:\/\/schema.org","@graph":[{"@type":"WebPage","@id":"https:\/\/www.prokennex.eu\/fr\/raquettes-padel\/legend\/","url":"https:\/\/www.prokennex.eu\/fr\/raquettes-padel\/legend\/","name":"Legend - ProKennex Racchette e Accessori","isPartOf":{"@id":"https:\/\/www.prokennex.eu\/fr\/#website"},"primaryImageOfPage":{"@id":"https:\/\/www.prokennex.eu\/fr\/raquettes-padel\/legend\/#primaryimage"},"image":{"@id":"https:\/\/www.prokennex.eu\/fr\/raquettes-padel\/legend\/#primaryimage"},"thumbnailUrl":"https:\/\/www.prokennex.eu\/wp-content\/uploads\/2023\/07\/legend-01.jpg","datePublished":"2023-07-20T00:06:55+00:00","description":"Le faible poids et l'\u00e9quilibre moyen am\u00e9liorent la maniabilit\u00e9 du cadre sur tous les coups d\u00e9fensifs et donnent une grande r\u00e9activit\u00e9 pr\u00e8s du filet","breadcrumb":{"@id":"https:\/\/www.prokennex.eu\/fr\/raquettes-padel\/legend\/#breadcrumb"},"inLanguage":"fr-FR","potentialAction":[{"@type":"ReadAction","target":["https:\/\/www.prokennex.eu\/fr\/raquettes-padel\/legend\/"]}]},{"@type":"ImageObject","inLanguage":"fr-FR","@id":"https:\/\/www.prokennex.eu\/fr\/raquettes-padel\/legend\/#primaryimage","url":"https:\/\/www.prokennex.eu\/wp-content\/uploads\/2023\/07\/legend-01.jpg","contentUrl":"https:\/\/www.prokennex.eu\/wp-content\/uploads\/2023\/07\/legend-01.jpg","width":2000,"height":2000},{"@type":"BreadcrumbList","@id":"https:\/\/www.prokennex.eu\/fr\/raquettes-padel\/legend\/#breadcrumb","itemListElement":[{"@type":"ListItem","position":1,"name":"Shop","item":"https:\/\/www.prokennex.eu\/fr\/negozio\/"},{"@type":"ListItem","position":2,"name":"Padel","item":"https:\/\/www.prokennex.eu\/fr\/padel-fr\/"},{"@type":"ListItem","position":3,"name":"Raquettes","item":"https:\/\/www.prokennex.eu\/fr\/padel-fr\/raquettes-padel\/"},{"@type":"ListItem","position":4,"name":"Legend"}]},{"@type":"WebSite","@id":"https:\/\/www.prokennex.eu\/fr\/#website","url":"https:\/\/www.prokennex.eu\/fr\/","name":"ProKennex Racchette e Accessori","description":"Tomorrow&#039;s Technologies","publisher":{"@id":"https:\/\/www.prokennex.eu\/fr\/#organization"},"potentialAction":[{"@type":"SearchAction","target":{"@type":"EntryPoint","urlTemplate":"https:\/\/www.prokennex.eu\/fr\/?s={search_term_string}"},"query-input":{"@type":"PropertyValueSpecification","valueRequired":true,"valueName":"search_term_string"}}],"inLanguage":"fr-FR"},{"@type":"Organization","@id":"https:\/\/www.prokennex.eu\/fr\/#organization","name":"Pro Kennex s.r.l.","url":"https:\/\/www.prokennex.eu\/fr\/","logo":{"@type":"ImageObject","inLanguage":"fr-FR","@id":"https:\/\/www.prokennex.eu\/fr\/#\/schema\/logo\/image\/","url":"https:\/\/www.prokennex.eu\/wp-content\/uploads\/2021\/09\/prokennex-logo.svg","contentUrl":"https:\/\/www.prokennex.eu\/wp-content\/uploads\/2021\/09\/prokennex-logo.svg","width":"1440","height":"1080","caption":"Pro Kennex s.r.l."},"image":{"@id":"https:\/\/www.prokennex.eu\/fr\/#\/schema\/logo\/image\/"}}]}},"_links":{"self":[{"href":"https:\/\/www.prokennex.eu\/fr\/wp-json\/wp\/v2\/product\/12255","targetHints":{"allow":["GET"]}}],"collection":[{"href":"https:\/\/www.prokennex.eu\/fr\/wp-json\/wp\/v2\/product"}],"about":[{"href":"https:\/\/www.prokennex.eu\/fr\/wp-json\/wp\/v2\/types\/product"}],"replies":[{"embeddable":true,"href":"https:\/\/www.prokennex.eu\/fr\/wp-json\/wp\/v2\/comments?post=12255"}],"wp:featuredmedia":[{"embeddable":true,"href":"https:\/\/www.prokennex.eu\/fr\/wp-json\/wp\/v2\/media\/12432"}],"wp:attachment":[{"href":"https:\/\/www.prokennex.eu\/fr\/wp-json\/wp\/v2\/media?parent=12255"}],"wp:term":[{"taxonomy":"tecnologia","embeddable":true,"href":"https:\/\/www.prokennex.eu\/fr\/wp-json\/wp\/v2\/tecnologia?post=12255"},{"taxonomy":"product_brand","embeddable":true,"href":"https:\/\/www.prokennex.eu\/fr\/wp-json\/wp\/v2\/product_brand?post=12255"},{"taxonomy":"product_cat","embeddable":true,"href":"https:\/\/www.prokennex.eu\/fr\/wp-json\/wp\/v2\/product_cat?post=12255"},{"taxonomy":"product_tag","embeddable":true,"href":"https:\/\/www.prokennex.eu\/fr\/wp-json\/wp\/v2\/product_tag?post=12255"}],"curies":[{"name":"wp","href":"https:\/\/api.w.org\/{rel}","templated":true}]}}