{"id":12249,"date":"2023-07-20T01:52:18","date_gmt":"2023-07-19T23:52:18","guid":{"rendered":"https:\/\/www.prokennex.eu\/?post_type=product&#038;p=12249"},"modified":"2023-07-18T10:25:51","modified_gmt":"2023-07-18T08:25:51","slug":"focus","status":"publish","type":"product","link":"https:\/\/www.prokennex.eu\/fr\/raquettes-padel\/focus\/","title":{"rendered":"Focus"},"content":{"rendered":"","protected":false},"excerpt":{"rendered":"<p>Convient aux joueurs d&rsquo;attaque qui recherchent un outil agile et r\u00e9actif pr\u00e8s du filet. Les trois couches de Graphite Spiral Tech\u00ae apportent pr\u00e9cision et contr\u00f4le, la derni\u00e8re g\u00e9n\u00e9ration d&rsquo;Hyper Soft EVA 13\u00b0, gr\u00e2ce \u00e0 une plus faible rigidit\u00e9, donne de l&rsquo;\u00e9lan \u00e0 la balle.<br \/>\nLa 3D Grain Surface\u00ae combin\u00e9e au Geo-Dinamic Hole Design\u00ae augmentent les effets sur la balle. Le Kinetic System\u00ae et la Kinetic Damping Chamber\u00ae offrent un confort absolu en r\u00e9duisant consid\u00e9rablement les vibrations et les distorsions de torsion du cadre, tout en offrant sensibilit\u00e9 et contr\u00f4le \u00e0 l&rsquo;impact.<\/p>\n<p><strong>Housse termique de raquette gratuite.<\/strong><\/p>\n","protected":false},"featured_media":12387,"comment_status":"open","ping_status":"closed","template":"","meta":{"_acf_changed":false},"tecnologia":[1569,1572],"product_brand":[],"product_cat":[1715,1724],"product_tag":[],"class_list":{"0":"post-12249","1":"product","2":"type-product","3":"status-publish","4":"has-post-thumbnail","6":"tecnologia-kinetic-system-fr","7":"tecnologia-spiral-tech-carbon-fr","8":"product_cat-padel-fr","9":"product_cat-raquettes-padel","11":"first","12":"instock","13":"taxable","14":"shipping-taxable","15":"purchasable","16":"product-type-simple"},"bundled_by":[],"bundle_stock_status":"instock","bundle_stock_quantity":10,"bundle_virtual":false,"bundle_layout":"","bundle_add_to_cart_form_location":"","bundle_editable_in_cart":false,"bundle_sold_individually_context":"","bundle_item_grouping":"","bundle_min_size":"","bundle_max_size":"","bundle_price":[],"bundled_items":[],"bundle_sell_ids":[],"acf":[],"yoast_head":"<!-- This site is optimized with the Yoast SEO plugin v27.4 - https:\/\/yoast.com\/product\/yoast-seo-wordpress\/ -->\n<title>Focus - ProKennex Racchette e Accessori<\/title>\n<meta name=\"description\" content=\"Convient aux joueurs d&#039;attaque qui recherchent un outil agile et r\u00e9actif pr\u00e8s du filet\" \/>\n<meta name=\"robots\" content=\"index, follow, max-snippet:-1, max-image-preview:large, max-video-preview:-1\" \/>\n<link rel=\"canonical\" href=\"https:\/\/www.prokennex.eu\/fr\/raquettes-padel\/focus\/\" \/>\n<meta property=\"og:locale\" content=\"fr_FR\" \/>\n<meta property=\"og:type\" content=\"article\" \/>\n<meta property=\"og:title\" content=\"Focus - ProKennex Racchette e Accessori\" \/>\n<meta property=\"og:description\" content=\"Convient aux joueurs d&#039;attaque qui recherchent un outil agile et r\u00e9actif pr\u00e8s du filet\" \/>\n<meta property=\"og:url\" content=\"https:\/\/www.prokennex.eu\/fr\/raquettes-padel\/focus\/\" \/>\n<meta property=\"og:site_name\" content=\"ProKennex Racchette e Accessori\" \/>\n<meta property=\"og:image\" content=\"https:\/\/www.prokennex.eu\/wp-content\/uploads\/2023\/07\/focus-01.jpg\" \/>\n\t<meta property=\"og:image:width\" content=\"2000\" \/>\n\t<meta property=\"og:image:height\" content=\"2000\" \/>\n\t<meta property=\"og:image:type\" content=\"image\/jpeg\" \/>\n<meta name=\"twitter:card\" content=\"summary_large_image\" \/>\n<script type=\"application\/ld+json\" class=\"yoast-schema-graph\">{\"@context\":\"https:\\\/\\\/schema.org\",\"@graph\":[{\"@type\":\"WebPage\",\"@id\":\"https:\\\/\\\/www.prokennex.eu\\\/fr\\\/raquettes-padel\\\/focus\\\/\",\"url\":\"https:\\\/\\\/www.prokennex.eu\\\/fr\\\/raquettes-padel\\\/focus\\\/\",\"name\":\"Focus - ProKennex Racchette e Accessori\",\"isPartOf\":{\"@id\":\"https:\\\/\\\/www.prokennex.eu\\\/fr\\\/#website\"},\"primaryImageOfPage\":{\"@id\":\"https:\\\/\\\/www.prokennex.eu\\\/fr\\\/raquettes-padel\\\/focus\\\/#primaryimage\"},\"image\":{\"@id\":\"https:\\\/\\\/www.prokennex.eu\\\/fr\\\/raquettes-padel\\\/focus\\\/#primaryimage\"},\"thumbnailUrl\":\"https:\\\/\\\/www.prokennex.eu\\\/wp-content\\\/uploads\\\/2023\\\/07\\\/focus-01.jpg\",\"datePublished\":\"2023-07-19T23:52:18+00:00\",\"description\":\"Convient aux joueurs d'attaque qui recherchent un outil agile et r\u00e9actif pr\u00e8s du filet\",\"breadcrumb\":{\"@id\":\"https:\\\/\\\/www.prokennex.eu\\\/fr\\\/raquettes-padel\\\/focus\\\/#breadcrumb\"},\"inLanguage\":\"fr-FR\",\"potentialAction\":[{\"@type\":\"ReadAction\",\"target\":[\"https:\\\/\\\/www.prokennex.eu\\\/fr\\\/raquettes-padel\\\/focus\\\/\"]}]},{\"@type\":\"ImageObject\",\"inLanguage\":\"fr-FR\",\"@id\":\"https:\\\/\\\/www.prokennex.eu\\\/fr\\\/raquettes-padel\\\/focus\\\/#primaryimage\",\"url\":\"https:\\\/\\\/www.prokennex.eu\\\/wp-content\\\/uploads\\\/2023\\\/07\\\/focus-01.jpg\",\"contentUrl\":\"https:\\\/\\\/www.prokennex.eu\\\/wp-content\\\/uploads\\\/2023\\\/07\\\/focus-01.jpg\",\"width\":2000,\"height\":2000},{\"@type\":\"BreadcrumbList\",\"@id\":\"https:\\\/\\\/www.prokennex.eu\\\/fr\\\/raquettes-padel\\\/focus\\\/#breadcrumb\",\"itemListElement\":[{\"@type\":\"ListItem\",\"position\":1,\"name\":\"Shop\",\"item\":\"https:\\\/\\\/www.prokennex.eu\\\/fr\\\/negozio\\\/\"},{\"@type\":\"ListItem\",\"position\":2,\"name\":\"Padel\",\"item\":\"https:\\\/\\\/www.prokennex.eu\\\/fr\\\/padel-fr\\\/\"},{\"@type\":\"ListItem\",\"position\":3,\"name\":\"Raquettes\",\"item\":\"https:\\\/\\\/www.prokennex.eu\\\/fr\\\/padel-fr\\\/raquettes-padel\\\/\"},{\"@type\":\"ListItem\",\"position\":4,\"name\":\"Focus\"}]},{\"@type\":\"WebSite\",\"@id\":\"https:\\\/\\\/www.prokennex.eu\\\/fr\\\/#website\",\"url\":\"https:\\\/\\\/www.prokennex.eu\\\/fr\\\/\",\"name\":\"ProKennex Racchette e Accessori\",\"description\":\"Tomorrow&#039;s Technologies\",\"publisher\":{\"@id\":\"https:\\\/\\\/www.prokennex.eu\\\/fr\\\/#organization\"},\"potentialAction\":[{\"@type\":\"SearchAction\",\"target\":{\"@type\":\"EntryPoint\",\"urlTemplate\":\"https:\\\/\\\/www.prokennex.eu\\\/fr\\\/?s={search_term_string}\"},\"query-input\":{\"@type\":\"PropertyValueSpecification\",\"valueRequired\":true,\"valueName\":\"search_term_string\"}}],\"inLanguage\":\"fr-FR\"},{\"@type\":\"Organization\",\"@id\":\"https:\\\/\\\/www.prokennex.eu\\\/fr\\\/#organization\",\"name\":\"Pro Kennex s.r.l.\",\"url\":\"https:\\\/\\\/www.prokennex.eu\\\/fr\\\/\",\"logo\":{\"@type\":\"ImageObject\",\"inLanguage\":\"fr-FR\",\"@id\":\"https:\\\/\\\/www.prokennex.eu\\\/fr\\\/#\\\/schema\\\/logo\\\/image\\\/\",\"url\":\"https:\\\/\\\/www.prokennex.eu\\\/wp-content\\\/uploads\\\/2021\\\/09\\\/prokennex-logo.svg\",\"contentUrl\":\"https:\\\/\\\/www.prokennex.eu\\\/wp-content\\\/uploads\\\/2021\\\/09\\\/prokennex-logo.svg\",\"width\":\"1440\",\"height\":\"1080\",\"caption\":\"Pro Kennex s.r.l.\"},\"image\":{\"@id\":\"https:\\\/\\\/www.prokennex.eu\\\/fr\\\/#\\\/schema\\\/logo\\\/image\\\/\"}}]}<\/script>\n<!-- \/ Yoast SEO plugin. -->","yoast_head_json":{"title":"Focus - ProKennex Racchette e Accessori","description":"Convient aux joueurs d'attaque qui recherchent un outil agile et r\u00e9actif pr\u00e8s du filet","robots":{"index":"index","follow":"follow","max-snippet":"max-snippet:-1","max-image-preview":"max-image-preview:large","max-video-preview":"max-video-preview:-1"},"canonical":"https:\/\/www.prokennex.eu\/fr\/raquettes-padel\/focus\/","og_locale":"fr_FR","og_type":"article","og_title":"Focus - ProKennex Racchette e Accessori","og_description":"Convient aux joueurs d'attaque qui recherchent un outil agile et r\u00e9actif pr\u00e8s du filet","og_url":"https:\/\/www.prokennex.eu\/fr\/raquettes-padel\/focus\/","og_site_name":"ProKennex Racchette e Accessori","og_image":[{"width":2000,"height":2000,"url":"https:\/\/www.prokennex.eu\/wp-content\/uploads\/2023\/07\/focus-01.jpg","type":"image\/jpeg"}],"twitter_card":"summary_large_image","schema":{"@context":"https:\/\/schema.org","@graph":[{"@type":"WebPage","@id":"https:\/\/www.prokennex.eu\/fr\/raquettes-padel\/focus\/","url":"https:\/\/www.prokennex.eu\/fr\/raquettes-padel\/focus\/","name":"Focus - ProKennex Racchette e Accessori","isPartOf":{"@id":"https:\/\/www.prokennex.eu\/fr\/#website"},"primaryImageOfPage":{"@id":"https:\/\/www.prokennex.eu\/fr\/raquettes-padel\/focus\/#primaryimage"},"image":{"@id":"https:\/\/www.prokennex.eu\/fr\/raquettes-padel\/focus\/#primaryimage"},"thumbnailUrl":"https:\/\/www.prokennex.eu\/wp-content\/uploads\/2023\/07\/focus-01.jpg","datePublished":"2023-07-19T23:52:18+00:00","description":"Convient aux joueurs d'attaque qui recherchent un outil agile et r\u00e9actif pr\u00e8s du filet","breadcrumb":{"@id":"https:\/\/www.prokennex.eu\/fr\/raquettes-padel\/focus\/#breadcrumb"},"inLanguage":"fr-FR","potentialAction":[{"@type":"ReadAction","target":["https:\/\/www.prokennex.eu\/fr\/raquettes-padel\/focus\/"]}]},{"@type":"ImageObject","inLanguage":"fr-FR","@id":"https:\/\/www.prokennex.eu\/fr\/raquettes-padel\/focus\/#primaryimage","url":"https:\/\/www.prokennex.eu\/wp-content\/uploads\/2023\/07\/focus-01.jpg","contentUrl":"https:\/\/www.prokennex.eu\/wp-content\/uploads\/2023\/07\/focus-01.jpg","width":2000,"height":2000},{"@type":"BreadcrumbList","@id":"https:\/\/www.prokennex.eu\/fr\/raquettes-padel\/focus\/#breadcrumb","itemListElement":[{"@type":"ListItem","position":1,"name":"Shop","item":"https:\/\/www.prokennex.eu\/fr\/negozio\/"},{"@type":"ListItem","position":2,"name":"Padel","item":"https:\/\/www.prokennex.eu\/fr\/padel-fr\/"},{"@type":"ListItem","position":3,"name":"Raquettes","item":"https:\/\/www.prokennex.eu\/fr\/padel-fr\/raquettes-padel\/"},{"@type":"ListItem","position":4,"name":"Focus"}]},{"@type":"WebSite","@id":"https:\/\/www.prokennex.eu\/fr\/#website","url":"https:\/\/www.prokennex.eu\/fr\/","name":"ProKennex Racchette e Accessori","description":"Tomorrow&#039;s Technologies","publisher":{"@id":"https:\/\/www.prokennex.eu\/fr\/#organization"},"potentialAction":[{"@type":"SearchAction","target":{"@type":"EntryPoint","urlTemplate":"https:\/\/www.prokennex.eu\/fr\/?s={search_term_string}"},"query-input":{"@type":"PropertyValueSpecification","valueRequired":true,"valueName":"search_term_string"}}],"inLanguage":"fr-FR"},{"@type":"Organization","@id":"https:\/\/www.prokennex.eu\/fr\/#organization","name":"Pro Kennex s.r.l.","url":"https:\/\/www.prokennex.eu\/fr\/","logo":{"@type":"ImageObject","inLanguage":"fr-FR","@id":"https:\/\/www.prokennex.eu\/fr\/#\/schema\/logo\/image\/","url":"https:\/\/www.prokennex.eu\/wp-content\/uploads\/2021\/09\/prokennex-logo.svg","contentUrl":"https:\/\/www.prokennex.eu\/wp-content\/uploads\/2021\/09\/prokennex-logo.svg","width":"1440","height":"1080","caption":"Pro Kennex s.r.l."},"image":{"@id":"https:\/\/www.prokennex.eu\/fr\/#\/schema\/logo\/image\/"}}]}},"_links":{"self":[{"href":"https:\/\/www.prokennex.eu\/fr\/wp-json\/wp\/v2\/product\/12249","targetHints":{"allow":["GET"]}}],"collection":[{"href":"https:\/\/www.prokennex.eu\/fr\/wp-json\/wp\/v2\/product"}],"about":[{"href":"https:\/\/www.prokennex.eu\/fr\/wp-json\/wp\/v2\/types\/product"}],"replies":[{"embeddable":true,"href":"https:\/\/www.prokennex.eu\/fr\/wp-json\/wp\/v2\/comments?post=12249"}],"wp:featuredmedia":[{"embeddable":true,"href":"https:\/\/www.prokennex.eu\/fr\/wp-json\/wp\/v2\/media\/12387"}],"wp:attachment":[{"href":"https:\/\/www.prokennex.eu\/fr\/wp-json\/wp\/v2\/media?parent=12249"}],"wp:term":[{"taxonomy":"tecnologia","embeddable":true,"href":"https:\/\/www.prokennex.eu\/fr\/wp-json\/wp\/v2\/tecnologia?post=12249"},{"taxonomy":"product_brand","embeddable":true,"href":"https:\/\/www.prokennex.eu\/fr\/wp-json\/wp\/v2\/product_brand?post=12249"},{"taxonomy":"product_cat","embeddable":true,"href":"https:\/\/www.prokennex.eu\/fr\/wp-json\/wp\/v2\/product_cat?post=12249"},{"taxonomy":"product_tag","embeddable":true,"href":"https:\/\/www.prokennex.eu\/fr\/wp-json\/wp\/v2\/product_tag?post=12249"}],"curies":[{"name":"wp","href":"https:\/\/api.w.org\/{rel}","templated":true}]}}