{"id":10504,"date":"2021-12-23T14:02:48","date_gmt":"2021-12-23T13:02:48","guid":{"rendered":"https:\/\/www.prokennex.eu\/non%20class\u00e9\/expert-tx-set\/"},"modified":"2022-10-28T21:56:53","modified_gmt":"2022-10-28T19:56:53","slug":"expert-tx-set","status":"publish","type":"product","link":"https:\/\/www.prokennex.eu\/fr\/cordes-multi-filament-tennis\/expert-tx-set\/","title":{"rendered":"Expert Tx Set"},"content":{"rendered":"","protected":false},"excerpt":{"rendered":"<p>Corde construite avec un noyau central en monofilament de nylon 66 \u00e0 haute r\u00e9sistance, envelopp\u00e9e dans une gaine multifilament avec diff\u00e9rentes densit\u00e9s, et entrelac\u00e9e les unes avec les autres. C\u2019est un m\u00e9lange de contr\u00f4le, de sensibilit\u00e9 et de puissance. Le traitement thermique de cette corde r\u00e9duit le mouvement des rang\u00e9es verticales pendant le jeu.<\/p>\n","protected":false},"featured_media":10011,"comment_status":"open","ping_status":"closed","template":"","meta":{"_acf_changed":false},"tecnologia":[],"product_brand":[],"product_cat":[1741,1728,1737],"product_tag":[],"class_list":{"0":"post-10504","1":"product","2":"type-product","3":"status-publish","4":"has-post-thumbnail","6":"product_cat-cordes-multi-filament-tennis","7":"product_cat-tennis-fr","8":"product_cat-xtras-tennis-fr","10":"first","11":"outofstock","12":"taxable","13":"shipping-taxable","14":"purchasable","15":"product-type-variable"},"bundled_by":[],"bundle_stock_status":"outofstock","bundle_stock_quantity":null,"bundle_virtual":false,"bundle_layout":"","bundle_add_to_cart_form_location":"","bundle_editable_in_cart":false,"bundle_sold_individually_context":"","bundle_item_grouping":"","bundle_min_size":"","bundle_max_size":"","bundle_price":[],"bundled_items":[],"bundle_sell_ids":[],"acf":[],"yoast_head":"<!-- This site is optimized with the Yoast SEO plugin v27.1.1 - https:\/\/yoast.com\/product\/yoast-seo-wordpress\/ -->\n<title>Expert Tx Set - ProKennex Racchette e Accessori<\/title>\n<meta name=\"robots\" content=\"index, follow, max-snippet:-1, max-image-preview:large, max-video-preview:-1\" \/>\n<link rel=\"canonical\" href=\"https:\/\/www.prokennex.eu\/fr\/cordes-multi-filament-tennis\/expert-tx-set\/\" \/>\n<meta property=\"og:locale\" content=\"fr_FR\" \/>\n<meta property=\"og:type\" content=\"article\" \/>\n<meta property=\"og:title\" content=\"Expert Tx Set - ProKennex Racchette e Accessori\" \/>\n<meta property=\"og:description\" content=\"Corde construite avec un noyau central en monofilament de nylon 66 \u00e0 haute r\u00e9sistance, envelopp\u00e9e dans une gaine multifilament avec diff\u00e9rentes densit\u00e9s, et entrelac\u00e9e les unes avec les autres. C\u2019est un m\u00e9lange de contr\u00f4le, de sensibilit\u00e9 et de puissance. Le traitement thermique de cette corde r\u00e9duit le mouvement des rang\u00e9es verticales pendant le jeu.\" \/>\n<meta property=\"og:url\" content=\"https:\/\/www.prokennex.eu\/fr\/cordes-multi-filament-tennis\/expert-tx-set\/\" \/>\n<meta property=\"og:site_name\" content=\"ProKennex Racchette e Accessori\" \/>\n<meta property=\"article:modified_time\" content=\"2022-10-28T19:56:53+00:00\" \/>\n<meta property=\"og:image\" content=\"https:\/\/www.prokennex.eu\/wp-content\/uploads\/2022\/09\/prokennex_20221383-scaled.jpg\" \/>\n\t<meta property=\"og:image:width\" content=\"2560\" \/>\n\t<meta property=\"og:image:height\" content=\"2505\" \/>\n\t<meta property=\"og:image:type\" content=\"image\/jpeg\" \/>\n<meta name=\"twitter:card\" content=\"summary_large_image\" \/>\n<script type=\"application\/ld+json\" class=\"yoast-schema-graph\">{\"@context\":\"https:\/\/schema.org\",\"@graph\":[{\"@type\":\"WebPage\",\"@id\":\"https:\/\/www.prokennex.eu\/fr\/cordes-multi-filament-tennis\/expert-tx-set\/\",\"url\":\"https:\/\/www.prokennex.eu\/fr\/cordes-multi-filament-tennis\/expert-tx-set\/\",\"name\":\"Expert Tx Set - ProKennex Racchette e Accessori\",\"isPartOf\":{\"@id\":\"https:\/\/www.prokennex.eu\/fr\/#website\"},\"primaryImageOfPage\":{\"@id\":\"https:\/\/www.prokennex.eu\/fr\/cordes-multi-filament-tennis\/expert-tx-set\/#primaryimage\"},\"image\":{\"@id\":\"https:\/\/www.prokennex.eu\/fr\/cordes-multi-filament-tennis\/expert-tx-set\/#primaryimage\"},\"thumbnailUrl\":\"https:\/\/www.prokennex.eu\/wp-content\/uploads\/2022\/09\/prokennex_20221383-scaled.jpg\",\"datePublished\":\"2021-12-23T13:02:48+00:00\",\"dateModified\":\"2022-10-28T19:56:53+00:00\",\"breadcrumb\":{\"@id\":\"https:\/\/www.prokennex.eu\/fr\/cordes-multi-filament-tennis\/expert-tx-set\/#breadcrumb\"},\"inLanguage\":\"fr-FR\",\"potentialAction\":[{\"@type\":\"ReadAction\",\"target\":[\"https:\/\/www.prokennex.eu\/fr\/cordes-multi-filament-tennis\/expert-tx-set\/\"]}]},{\"@type\":\"ImageObject\",\"inLanguage\":\"fr-FR\",\"@id\":\"https:\/\/www.prokennex.eu\/fr\/cordes-multi-filament-tennis\/expert-tx-set\/#primaryimage\",\"url\":\"https:\/\/www.prokennex.eu\/wp-content\/uploads\/2022\/09\/prokennex_20221383-scaled.jpg\",\"contentUrl\":\"https:\/\/www.prokennex.eu\/wp-content\/uploads\/2022\/09\/prokennex_20221383-scaled.jpg\",\"width\":2560,\"height\":2505},{\"@type\":\"BreadcrumbList\",\"@id\":\"https:\/\/www.prokennex.eu\/fr\/cordes-multi-filament-tennis\/expert-tx-set\/#breadcrumb\",\"itemListElement\":[{\"@type\":\"ListItem\",\"position\":1,\"name\":\"Shop\",\"item\":\"https:\/\/www.prokennex.eu\/fr\/negozio\/\"},{\"@type\":\"ListItem\",\"position\":2,\"name\":\"Tennis\",\"item\":\"https:\/\/www.prokennex.eu\/fr\/tennis-fr\/\"},{\"@type\":\"ListItem\",\"position\":3,\"name\":\"XTRAS\",\"item\":\"https:\/\/www.prokennex.eu\/fr\/tennis-fr\/xtras-tennis-fr\/\"},{\"@type\":\"ListItem\",\"position\":4,\"name\":\"Cordes multi-filament\",\"item\":\"https:\/\/www.prokennex.eu\/fr\/tennis-fr\/xtras-tennis-fr\/cordes-multi-filament-tennis\/\"},{\"@type\":\"ListItem\",\"position\":5,\"name\":\"Expert Tx Set\"}]},{\"@type\":\"WebSite\",\"@id\":\"https:\/\/www.prokennex.eu\/fr\/#website\",\"url\":\"https:\/\/www.prokennex.eu\/fr\/\",\"name\":\"ProKennex Racchette e Accessori\",\"description\":\"Tomorrow&#039;s Technologies\",\"publisher\":{\"@id\":\"https:\/\/www.prokennex.eu\/fr\/#organization\"},\"potentialAction\":[{\"@type\":\"SearchAction\",\"target\":{\"@type\":\"EntryPoint\",\"urlTemplate\":\"https:\/\/www.prokennex.eu\/fr\/?s={search_term_string}\"},\"query-input\":{\"@type\":\"PropertyValueSpecification\",\"valueRequired\":true,\"valueName\":\"search_term_string\"}}],\"inLanguage\":\"fr-FR\"},{\"@type\":\"Organization\",\"@id\":\"https:\/\/www.prokennex.eu\/fr\/#organization\",\"name\":\"Pro Kennex s.r.l.\",\"url\":\"https:\/\/www.prokennex.eu\/fr\/\",\"logo\":{\"@type\":\"ImageObject\",\"inLanguage\":\"fr-FR\",\"@id\":\"https:\/\/www.prokennex.eu\/fr\/#\/schema\/logo\/image\/\",\"url\":\"https:\/\/www.prokennex.eu\/wp-content\/uploads\/2021\/09\/prokennex-logo.svg\",\"contentUrl\":\"https:\/\/www.prokennex.eu\/wp-content\/uploads\/2021\/09\/prokennex-logo.svg\",\"width\":\"1440\",\"height\":\"1080\",\"caption\":\"Pro Kennex s.r.l.\"},\"image\":{\"@id\":\"https:\/\/www.prokennex.eu\/fr\/#\/schema\/logo\/image\/\"}}]}<\/script>\n<!-- \/ Yoast SEO plugin. -->","yoast_head_json":{"title":"Expert Tx Set - ProKennex Racchette e Accessori","robots":{"index":"index","follow":"follow","max-snippet":"max-snippet:-1","max-image-preview":"max-image-preview:large","max-video-preview":"max-video-preview:-1"},"canonical":"https:\/\/www.prokennex.eu\/fr\/cordes-multi-filament-tennis\/expert-tx-set\/","og_locale":"fr_FR","og_type":"article","og_title":"Expert Tx Set - ProKennex Racchette e Accessori","og_description":"Corde construite avec un noyau central en monofilament de nylon 66 \u00e0 haute r\u00e9sistance, envelopp\u00e9e dans une gaine multifilament avec diff\u00e9rentes densit\u00e9s, et entrelac\u00e9e les unes avec les autres. C\u2019est un m\u00e9lange de contr\u00f4le, de sensibilit\u00e9 et de puissance. Le traitement thermique de cette corde r\u00e9duit le mouvement des rang\u00e9es verticales pendant le jeu.","og_url":"https:\/\/www.prokennex.eu\/fr\/cordes-multi-filament-tennis\/expert-tx-set\/","og_site_name":"ProKennex Racchette e Accessori","article_modified_time":"2022-10-28T19:56:53+00:00","og_image":[{"width":2560,"height":2505,"url":"https:\/\/www.prokennex.eu\/wp-content\/uploads\/2022\/09\/prokennex_20221383-scaled.jpg","type":"image\/jpeg"}],"twitter_card":"summary_large_image","schema":{"@context":"https:\/\/schema.org","@graph":[{"@type":"WebPage","@id":"https:\/\/www.prokennex.eu\/fr\/cordes-multi-filament-tennis\/expert-tx-set\/","url":"https:\/\/www.prokennex.eu\/fr\/cordes-multi-filament-tennis\/expert-tx-set\/","name":"Expert Tx Set - ProKennex Racchette e Accessori","isPartOf":{"@id":"https:\/\/www.prokennex.eu\/fr\/#website"},"primaryImageOfPage":{"@id":"https:\/\/www.prokennex.eu\/fr\/cordes-multi-filament-tennis\/expert-tx-set\/#primaryimage"},"image":{"@id":"https:\/\/www.prokennex.eu\/fr\/cordes-multi-filament-tennis\/expert-tx-set\/#primaryimage"},"thumbnailUrl":"https:\/\/www.prokennex.eu\/wp-content\/uploads\/2022\/09\/prokennex_20221383-scaled.jpg","datePublished":"2021-12-23T13:02:48+00:00","dateModified":"2022-10-28T19:56:53+00:00","breadcrumb":{"@id":"https:\/\/www.prokennex.eu\/fr\/cordes-multi-filament-tennis\/expert-tx-set\/#breadcrumb"},"inLanguage":"fr-FR","potentialAction":[{"@type":"ReadAction","target":["https:\/\/www.prokennex.eu\/fr\/cordes-multi-filament-tennis\/expert-tx-set\/"]}]},{"@type":"ImageObject","inLanguage":"fr-FR","@id":"https:\/\/www.prokennex.eu\/fr\/cordes-multi-filament-tennis\/expert-tx-set\/#primaryimage","url":"https:\/\/www.prokennex.eu\/wp-content\/uploads\/2022\/09\/prokennex_20221383-scaled.jpg","contentUrl":"https:\/\/www.prokennex.eu\/wp-content\/uploads\/2022\/09\/prokennex_20221383-scaled.jpg","width":2560,"height":2505},{"@type":"BreadcrumbList","@id":"https:\/\/www.prokennex.eu\/fr\/cordes-multi-filament-tennis\/expert-tx-set\/#breadcrumb","itemListElement":[{"@type":"ListItem","position":1,"name":"Shop","item":"https:\/\/www.prokennex.eu\/fr\/negozio\/"},{"@type":"ListItem","position":2,"name":"Tennis","item":"https:\/\/www.prokennex.eu\/fr\/tennis-fr\/"},{"@type":"ListItem","position":3,"name":"XTRAS","item":"https:\/\/www.prokennex.eu\/fr\/tennis-fr\/xtras-tennis-fr\/"},{"@type":"ListItem","position":4,"name":"Cordes multi-filament","item":"https:\/\/www.prokennex.eu\/fr\/tennis-fr\/xtras-tennis-fr\/cordes-multi-filament-tennis\/"},{"@type":"ListItem","position":5,"name":"Expert Tx Set"}]},{"@type":"WebSite","@id":"https:\/\/www.prokennex.eu\/fr\/#website","url":"https:\/\/www.prokennex.eu\/fr\/","name":"ProKennex Racchette e Accessori","description":"Tomorrow&#039;s Technologies","publisher":{"@id":"https:\/\/www.prokennex.eu\/fr\/#organization"},"potentialAction":[{"@type":"SearchAction","target":{"@type":"EntryPoint","urlTemplate":"https:\/\/www.prokennex.eu\/fr\/?s={search_term_string}"},"query-input":{"@type":"PropertyValueSpecification","valueRequired":true,"valueName":"search_term_string"}}],"inLanguage":"fr-FR"},{"@type":"Organization","@id":"https:\/\/www.prokennex.eu\/fr\/#organization","name":"Pro Kennex s.r.l.","url":"https:\/\/www.prokennex.eu\/fr\/","logo":{"@type":"ImageObject","inLanguage":"fr-FR","@id":"https:\/\/www.prokennex.eu\/fr\/#\/schema\/logo\/image\/","url":"https:\/\/www.prokennex.eu\/wp-content\/uploads\/2021\/09\/prokennex-logo.svg","contentUrl":"https:\/\/www.prokennex.eu\/wp-content\/uploads\/2021\/09\/prokennex-logo.svg","width":"1440","height":"1080","caption":"Pro Kennex s.r.l."},"image":{"@id":"https:\/\/www.prokennex.eu\/fr\/#\/schema\/logo\/image\/"}}]}},"_links":{"self":[{"href":"https:\/\/www.prokennex.eu\/fr\/wp-json\/wp\/v2\/product\/10504","targetHints":{"allow":["GET"]}}],"collection":[{"href":"https:\/\/www.prokennex.eu\/fr\/wp-json\/wp\/v2\/product"}],"about":[{"href":"https:\/\/www.prokennex.eu\/fr\/wp-json\/wp\/v2\/types\/product"}],"replies":[{"embeddable":true,"href":"https:\/\/www.prokennex.eu\/fr\/wp-json\/wp\/v2\/comments?post=10504"}],"wp:featuredmedia":[{"embeddable":true,"href":"https:\/\/www.prokennex.eu\/fr\/wp-json\/wp\/v2\/media\/10011"}],"wp:attachment":[{"href":"https:\/\/www.prokennex.eu\/fr\/wp-json\/wp\/v2\/media?parent=10504"}],"wp:term":[{"taxonomy":"tecnologia","embeddable":true,"href":"https:\/\/www.prokennex.eu\/fr\/wp-json\/wp\/v2\/tecnologia?post=10504"},{"taxonomy":"product_brand","embeddable":true,"href":"https:\/\/www.prokennex.eu\/fr\/wp-json\/wp\/v2\/product_brand?post=10504"},{"taxonomy":"product_cat","embeddable":true,"href":"https:\/\/www.prokennex.eu\/fr\/wp-json\/wp\/v2\/product_cat?post=10504"},{"taxonomy":"product_tag","embeddable":true,"href":"https:\/\/www.prokennex.eu\/fr\/wp-json\/wp\/v2\/product_tag?post=10504"}],"curies":[{"name":"wp","href":"https:\/\/api.w.org\/{rel}","templated":true}]}}