{"id":10502,"date":"2023-09-23T13:00:42","date_gmt":"2016-10-28T04:56:42","guid":{"rendered":"https:\/\/www.prokennex.eu\/non%20class\u00e9\/fodero-doppio-tour\/"},"modified":"2023-10-09T16:50:04","modified_gmt":"2023-10-09T14:50:04","slug":"tour-double-thermo-sac","status":"publish","type":"product","link":"https:\/\/www.prokennex.eu\/fr\/sacs-et-sacs-a-dos-tennis\/tour-double-thermo-sac\/","title":{"rendered":"Tour Double Thermo sac"},"content":{"rendered":"","protected":false},"excerpt":{"rendered":"<p>\u00c9quip\u00e9 de deux grands compartiments principaux, dont un compartiment thermique pouvant accueillir jusqu\u2019\u00e0 6\u00a0raquettes, Fodero Doppio Tour est \u00e9galement dot\u00e9 d\u2019un trou d\u2019a\u00e9ration \u00e0 son extr\u00e9mit\u00e9 pour accueillir parfaitement les chaussures et les v\u00eatements de match. Pour les accessoires et les objets personnels, deux poches zipp\u00e9es extr\u00eamement pratiques sont situ\u00e9es, une de chaque c\u00f4t\u00e9. Les confortables bretelles ergonomiques sont amovibles et peuvent \u00eatre utilis\u00e9es \u00e0 l\u2019avant ou \u00e0 l\u2019arri\u00e8re du sac, pour r\u00e9pondre \u00e0 tous les besoins.<\/p>\n<ul>\n<li>Dimensions: 78 x 33 x 25 cm<\/li>\n<li>Capacit\u00e9: 6 raquettes<\/li>\n<\/ul>\n","protected":false},"featured_media":12570,"comment_status":"open","ping_status":"closed","template":"","meta":{"_acf_changed":false},"tecnologia":[],"product_brand":[],"product_cat":[1710,1709,1731,1739,1725,1728,1711,1726,1737],"product_tag":[],"class_list":{"0":"post-10502","1":"product","2":"type-product","3":"status-publish","4":"has-post-thumbnail","6":"product_cat-badminton-fr","7":"product_cat-sacs-et-sacs-a-dos-badminton","8":"product_cat-sacs-et-sacs-a-dos-squash","9":"product_cat-sacs-et-sacs-a-dos-tennis","10":"product_cat-squash-fr","11":"product_cat-tennis-fr","12":"product_cat-xtras-badminton-fr","13":"product_cat-xtras-squash-fr","14":"product_cat-xtras-tennis-fr","16":"first","17":"outofstock","18":"taxable","19":"shipping-taxable","20":"purchasable","21":"product-type-simple"},"bundled_by":[],"bundle_stock_status":"outofstock","bundle_stock_quantity":0,"bundle_virtual":false,"bundle_layout":"","bundle_add_to_cart_form_location":"","bundle_editable_in_cart":false,"bundle_sold_individually_context":"","bundle_item_grouping":"","bundle_min_size":"","bundle_max_size":"","bundle_price":[],"bundled_items":[],"bundle_sell_ids":[],"acf":[],"yoast_head":"<!-- This site is optimized with the Yoast SEO plugin v27.1.1 - https:\/\/yoast.com\/product\/yoast-seo-wordpress\/ -->\n<title>Tour Double Thermo sac - ProKennex Racchette e Accessori<\/title>\n<meta name=\"robots\" content=\"index, follow, max-snippet:-1, max-image-preview:large, max-video-preview:-1\" \/>\n<link rel=\"canonical\" href=\"https:\/\/www.prokennex.eu\/fr\/sacs-et-sacs-a-dos-tennis\/tour-double-thermo-sac\/\" \/>\n<meta property=\"og:locale\" content=\"fr_FR\" \/>\n<meta property=\"og:type\" content=\"article\" \/>\n<meta property=\"og:title\" content=\"Tour Double Thermo sac - ProKennex Racchette e Accessori\" \/>\n<meta property=\"og:description\" content=\"\u00c9quip\u00e9 de deux grands compartiments principaux, dont un compartiment thermique pouvant accueillir jusqu\u2019\u00e0 6\u00a0raquettes, Fodero Doppio Tour est \u00e9galement dot\u00e9 d\u2019un trou d\u2019a\u00e9ration \u00e0 son extr\u00e9mit\u00e9 pour accueillir parfaitement les chaussures et les v\u00eatements de match. Pour les accessoires et les objets personnels, deux poches zipp\u00e9es extr\u00eamement pratiques sont situ\u00e9es, une de chaque c\u00f4t\u00e9. Les confortables bretelles ergonomiques sont amovibles et peuvent \u00eatre utilis\u00e9es \u00e0 l\u2019avant ou \u00e0 l\u2019arri\u00e8re du sac, pour r\u00e9pondre \u00e0 tous les besoins.   Dimensions: 78 x 33 x 25 cm  Capacit\u00e9: 6 raquettes\" \/>\n<meta property=\"og:url\" content=\"https:\/\/www.prokennex.eu\/fr\/sacs-et-sacs-a-dos-tennis\/tour-double-thermo-sac\/\" \/>\n<meta property=\"og:site_name\" content=\"ProKennex Racchette e Accessori\" \/>\n<meta property=\"article:modified_time\" content=\"2023-10-09T14:50:04+00:00\" \/>\n<meta property=\"og:image\" content=\"https:\/\/www.prokennex.eu\/wp-content\/uploads\/2016\/10\/tour-double-thermo-bag.jpg\" \/>\n\t<meta property=\"og:image:width\" content=\"2000\" \/>\n\t<meta property=\"og:image:height\" content=\"2000\" \/>\n\t<meta property=\"og:image:type\" content=\"image\/jpeg\" \/>\n<meta name=\"twitter:card\" content=\"summary_large_image\" \/>\n<script type=\"application\/ld+json\" class=\"yoast-schema-graph\">{\"@context\":\"https:\/\/schema.org\",\"@graph\":[{\"@type\":\"WebPage\",\"@id\":\"https:\/\/www.prokennex.eu\/fr\/sacs-et-sacs-a-dos-tennis\/tour-double-thermo-sac\/\",\"url\":\"https:\/\/www.prokennex.eu\/fr\/sacs-et-sacs-a-dos-tennis\/tour-double-thermo-sac\/\",\"name\":\"Tour Double Thermo sac - ProKennex Racchette e Accessori\",\"isPartOf\":{\"@id\":\"https:\/\/www.prokennex.eu\/fr\/#website\"},\"primaryImageOfPage\":{\"@id\":\"https:\/\/www.prokennex.eu\/fr\/sacs-et-sacs-a-dos-tennis\/tour-double-thermo-sac\/#primaryimage\"},\"image\":{\"@id\":\"https:\/\/www.prokennex.eu\/fr\/sacs-et-sacs-a-dos-tennis\/tour-double-thermo-sac\/#primaryimage\"},\"thumbnailUrl\":\"https:\/\/www.prokennex.eu\/wp-content\/uploads\/2016\/10\/tour-double-thermo-bag.jpg\",\"datePublished\":\"2016-10-28T04:56:42+00:00\",\"dateModified\":\"2023-10-09T14:50:04+00:00\",\"breadcrumb\":{\"@id\":\"https:\/\/www.prokennex.eu\/fr\/sacs-et-sacs-a-dos-tennis\/tour-double-thermo-sac\/#breadcrumb\"},\"inLanguage\":\"fr-FR\",\"potentialAction\":[{\"@type\":\"ReadAction\",\"target\":[\"https:\/\/www.prokennex.eu\/fr\/sacs-et-sacs-a-dos-tennis\/tour-double-thermo-sac\/\"]}]},{\"@type\":\"ImageObject\",\"inLanguage\":\"fr-FR\",\"@id\":\"https:\/\/www.prokennex.eu\/fr\/sacs-et-sacs-a-dos-tennis\/tour-double-thermo-sac\/#primaryimage\",\"url\":\"https:\/\/www.prokennex.eu\/wp-content\/uploads\/2016\/10\/tour-double-thermo-bag.jpg\",\"contentUrl\":\"https:\/\/www.prokennex.eu\/wp-content\/uploads\/2016\/10\/tour-double-thermo-bag.jpg\",\"width\":2000,\"height\":2000},{\"@type\":\"BreadcrumbList\",\"@id\":\"https:\/\/www.prokennex.eu\/fr\/sacs-et-sacs-a-dos-tennis\/tour-double-thermo-sac\/#breadcrumb\",\"itemListElement\":[{\"@type\":\"ListItem\",\"position\":1,\"name\":\"Shop\",\"item\":\"https:\/\/www.prokennex.eu\/fr\/negozio\/\"},{\"@type\":\"ListItem\",\"position\":2,\"name\":\"Squash\",\"item\":\"https:\/\/www.prokennex.eu\/fr\/squash-fr\/\"},{\"@type\":\"ListItem\",\"position\":3,\"name\":\"XTRAS\",\"item\":\"https:\/\/www.prokennex.eu\/fr\/squash-fr\/xtras-squash-fr\/\"},{\"@type\":\"ListItem\",\"position\":4,\"name\":\"Sacs et sacs \u00e0 dos\",\"item\":\"https:\/\/www.prokennex.eu\/fr\/squash-fr\/xtras-squash-fr\/sacs-et-sacs-a-dos-squash\/\"},{\"@type\":\"ListItem\",\"position\":5,\"name\":\"Tour Double Thermo sac\"}]},{\"@type\":\"WebSite\",\"@id\":\"https:\/\/www.prokennex.eu\/fr\/#website\",\"url\":\"https:\/\/www.prokennex.eu\/fr\/\",\"name\":\"ProKennex Racchette e Accessori\",\"description\":\"Tomorrow&#039;s Technologies\",\"publisher\":{\"@id\":\"https:\/\/www.prokennex.eu\/fr\/#organization\"},\"potentialAction\":[{\"@type\":\"SearchAction\",\"target\":{\"@type\":\"EntryPoint\",\"urlTemplate\":\"https:\/\/www.prokennex.eu\/fr\/?s={search_term_string}\"},\"query-input\":{\"@type\":\"PropertyValueSpecification\",\"valueRequired\":true,\"valueName\":\"search_term_string\"}}],\"inLanguage\":\"fr-FR\"},{\"@type\":\"Organization\",\"@id\":\"https:\/\/www.prokennex.eu\/fr\/#organization\",\"name\":\"Pro Kennex s.r.l.\",\"url\":\"https:\/\/www.prokennex.eu\/fr\/\",\"logo\":{\"@type\":\"ImageObject\",\"inLanguage\":\"fr-FR\",\"@id\":\"https:\/\/www.prokennex.eu\/fr\/#\/schema\/logo\/image\/\",\"url\":\"https:\/\/www.prokennex.eu\/wp-content\/uploads\/2021\/09\/prokennex-logo.svg\",\"contentUrl\":\"https:\/\/www.prokennex.eu\/wp-content\/uploads\/2021\/09\/prokennex-logo.svg\",\"width\":\"1440\",\"height\":\"1080\",\"caption\":\"Pro Kennex s.r.l.\"},\"image\":{\"@id\":\"https:\/\/www.prokennex.eu\/fr\/#\/schema\/logo\/image\/\"}}]}<\/script>\n<!-- \/ Yoast SEO plugin. -->","yoast_head_json":{"title":"Tour Double Thermo sac - ProKennex Racchette e Accessori","robots":{"index":"index","follow":"follow","max-snippet":"max-snippet:-1","max-image-preview":"max-image-preview:large","max-video-preview":"max-video-preview:-1"},"canonical":"https:\/\/www.prokennex.eu\/fr\/sacs-et-sacs-a-dos-tennis\/tour-double-thermo-sac\/","og_locale":"fr_FR","og_type":"article","og_title":"Tour Double Thermo sac - ProKennex Racchette e Accessori","og_description":"\u00c9quip\u00e9 de deux grands compartiments principaux, dont un compartiment thermique pouvant accueillir jusqu\u2019\u00e0 6\u00a0raquettes, Fodero Doppio Tour est \u00e9galement dot\u00e9 d\u2019un trou d\u2019a\u00e9ration \u00e0 son extr\u00e9mit\u00e9 pour accueillir parfaitement les chaussures et les v\u00eatements de match. Pour les accessoires et les objets personnels, deux poches zipp\u00e9es extr\u00eamement pratiques sont situ\u00e9es, une de chaque c\u00f4t\u00e9. Les confortables bretelles ergonomiques sont amovibles et peuvent \u00eatre utilis\u00e9es \u00e0 l\u2019avant ou \u00e0 l\u2019arri\u00e8re du sac, pour r\u00e9pondre \u00e0 tous les besoins.   Dimensions: 78 x 33 x 25 cm  Capacit\u00e9: 6 raquettes","og_url":"https:\/\/www.prokennex.eu\/fr\/sacs-et-sacs-a-dos-tennis\/tour-double-thermo-sac\/","og_site_name":"ProKennex Racchette e Accessori","article_modified_time":"2023-10-09T14:50:04+00:00","og_image":[{"width":2000,"height":2000,"url":"https:\/\/www.prokennex.eu\/wp-content\/uploads\/2016\/10\/tour-double-thermo-bag.jpg","type":"image\/jpeg"}],"twitter_card":"summary_large_image","schema":{"@context":"https:\/\/schema.org","@graph":[{"@type":"WebPage","@id":"https:\/\/www.prokennex.eu\/fr\/sacs-et-sacs-a-dos-tennis\/tour-double-thermo-sac\/","url":"https:\/\/www.prokennex.eu\/fr\/sacs-et-sacs-a-dos-tennis\/tour-double-thermo-sac\/","name":"Tour Double Thermo sac - ProKennex Racchette e Accessori","isPartOf":{"@id":"https:\/\/www.prokennex.eu\/fr\/#website"},"primaryImageOfPage":{"@id":"https:\/\/www.prokennex.eu\/fr\/sacs-et-sacs-a-dos-tennis\/tour-double-thermo-sac\/#primaryimage"},"image":{"@id":"https:\/\/www.prokennex.eu\/fr\/sacs-et-sacs-a-dos-tennis\/tour-double-thermo-sac\/#primaryimage"},"thumbnailUrl":"https:\/\/www.prokennex.eu\/wp-content\/uploads\/2016\/10\/tour-double-thermo-bag.jpg","datePublished":"2016-10-28T04:56:42+00:00","dateModified":"2023-10-09T14:50:04+00:00","breadcrumb":{"@id":"https:\/\/www.prokennex.eu\/fr\/sacs-et-sacs-a-dos-tennis\/tour-double-thermo-sac\/#breadcrumb"},"inLanguage":"fr-FR","potentialAction":[{"@type":"ReadAction","target":["https:\/\/www.prokennex.eu\/fr\/sacs-et-sacs-a-dos-tennis\/tour-double-thermo-sac\/"]}]},{"@type":"ImageObject","inLanguage":"fr-FR","@id":"https:\/\/www.prokennex.eu\/fr\/sacs-et-sacs-a-dos-tennis\/tour-double-thermo-sac\/#primaryimage","url":"https:\/\/www.prokennex.eu\/wp-content\/uploads\/2016\/10\/tour-double-thermo-bag.jpg","contentUrl":"https:\/\/www.prokennex.eu\/wp-content\/uploads\/2016\/10\/tour-double-thermo-bag.jpg","width":2000,"height":2000},{"@type":"BreadcrumbList","@id":"https:\/\/www.prokennex.eu\/fr\/sacs-et-sacs-a-dos-tennis\/tour-double-thermo-sac\/#breadcrumb","itemListElement":[{"@type":"ListItem","position":1,"name":"Shop","item":"https:\/\/www.prokennex.eu\/fr\/negozio\/"},{"@type":"ListItem","position":2,"name":"Squash","item":"https:\/\/www.prokennex.eu\/fr\/squash-fr\/"},{"@type":"ListItem","position":3,"name":"XTRAS","item":"https:\/\/www.prokennex.eu\/fr\/squash-fr\/xtras-squash-fr\/"},{"@type":"ListItem","position":4,"name":"Sacs et sacs \u00e0 dos","item":"https:\/\/www.prokennex.eu\/fr\/squash-fr\/xtras-squash-fr\/sacs-et-sacs-a-dos-squash\/"},{"@type":"ListItem","position":5,"name":"Tour Double Thermo sac"}]},{"@type":"WebSite","@id":"https:\/\/www.prokennex.eu\/fr\/#website","url":"https:\/\/www.prokennex.eu\/fr\/","name":"ProKennex Racchette e Accessori","description":"Tomorrow&#039;s Technologies","publisher":{"@id":"https:\/\/www.prokennex.eu\/fr\/#organization"},"potentialAction":[{"@type":"SearchAction","target":{"@type":"EntryPoint","urlTemplate":"https:\/\/www.prokennex.eu\/fr\/?s={search_term_string}"},"query-input":{"@type":"PropertyValueSpecification","valueRequired":true,"valueName":"search_term_string"}}],"inLanguage":"fr-FR"},{"@type":"Organization","@id":"https:\/\/www.prokennex.eu\/fr\/#organization","name":"Pro Kennex s.r.l.","url":"https:\/\/www.prokennex.eu\/fr\/","logo":{"@type":"ImageObject","inLanguage":"fr-FR","@id":"https:\/\/www.prokennex.eu\/fr\/#\/schema\/logo\/image\/","url":"https:\/\/www.prokennex.eu\/wp-content\/uploads\/2021\/09\/prokennex-logo.svg","contentUrl":"https:\/\/www.prokennex.eu\/wp-content\/uploads\/2021\/09\/prokennex-logo.svg","width":"1440","height":"1080","caption":"Pro Kennex s.r.l."},"image":{"@id":"https:\/\/www.prokennex.eu\/fr\/#\/schema\/logo\/image\/"}}]}},"_links":{"self":[{"href":"https:\/\/www.prokennex.eu\/fr\/wp-json\/wp\/v2\/product\/10502","targetHints":{"allow":["GET"]}}],"collection":[{"href":"https:\/\/www.prokennex.eu\/fr\/wp-json\/wp\/v2\/product"}],"about":[{"href":"https:\/\/www.prokennex.eu\/fr\/wp-json\/wp\/v2\/types\/product"}],"replies":[{"embeddable":true,"href":"https:\/\/www.prokennex.eu\/fr\/wp-json\/wp\/v2\/comments?post=10502"}],"wp:featuredmedia":[{"embeddable":true,"href":"https:\/\/www.prokennex.eu\/fr\/wp-json\/wp\/v2\/media\/12570"}],"wp:attachment":[{"href":"https:\/\/www.prokennex.eu\/fr\/wp-json\/wp\/v2\/media?parent=10502"}],"wp:term":[{"taxonomy":"tecnologia","embeddable":true,"href":"https:\/\/www.prokennex.eu\/fr\/wp-json\/wp\/v2\/tecnologia?post=10502"},{"taxonomy":"product_brand","embeddable":true,"href":"https:\/\/www.prokennex.eu\/fr\/wp-json\/wp\/v2\/product_brand?post=10502"},{"taxonomy":"product_cat","embeddable":true,"href":"https:\/\/www.prokennex.eu\/fr\/wp-json\/wp\/v2\/product_cat?post=10502"},{"taxonomy":"product_tag","embeddable":true,"href":"https:\/\/www.prokennex.eu\/fr\/wp-json\/wp\/v2\/product_tag?post=10502"}],"curies":[{"name":"wp","href":"https:\/\/api.w.org\/{rel}","templated":true}]}}