{"id":10355,"date":"2021-09-14T11:23:24","date_gmt":"2021-09-14T09:23:24","guid":{"rendered":"https:\/\/www.prokennex.eu\/non%20class\u00e9\/destiny-fcs-245\/"},"modified":"2023-12-21T16:28:59","modified_gmt":"2023-12-21T15:28:59","slug":"destiny-fcs-245","status":"publish","type":"product","link":"https:\/\/www.prokennex.eu\/fr\/raquettes-tennis-academy\/destiny-fcs-245\/","title":{"rendered":"Destiny Fcs 245"},"content":{"rendered":"","protected":false},"excerpt":{"rendered":"<p>La s\u00e9rie Destiny est la premi\u00e8re au monde \u00e0 adopter la technologie Arbre rond au c\u0153ur de la raquette, vous permettant de frapper la balle en faisant des frappes lift\u00e9es et coup\u00e9es. Le poids et la longueur de ce mod\u00e8le la rendent appropri\u00e9e pour une utilisation par des joueurs de moins de 10 ans.<\/p>\n","protected":false},"featured_media":7515,"comment_status":"open","ping_status":"closed","template":"","meta":{"_acf_changed":false},"tecnologia":[1572],"product_brand":[],"product_cat":[1749,1747],"product_tag":[],"class_list":{"0":"post-10355","1":"product","2":"type-product","3":"status-publish","4":"has-post-thumbnail","6":"tecnologia-spiral-tech-carbon-fr","7":"product_cat-raquettes-tennis-academy","8":"product_cat-tennis-academy-fr","10":"first","11":"instock","12":"taxable","13":"shipping-taxable","14":"purchasable","15":"product-type-variable","16":"has-default-attributes"},"bundled_by":[],"bundle_stock_status":"instock","bundle_stock_quantity":null,"bundle_virtual":false,"bundle_layout":"","bundle_add_to_cart_form_location":"","bundle_editable_in_cart":false,"bundle_sold_individually_context":"","bundle_item_grouping":"","bundle_min_size":"","bundle_max_size":"","bundle_price":[],"bundled_items":[],"bundle_sell_ids":[],"acf":[],"yoast_head":"<!-- This site is optimized with the Yoast SEO plugin v27.1.1 - https:\/\/yoast.com\/product\/yoast-seo-wordpress\/ -->\n<title>Destiny Fcs 245 - ProKennex Racchette e Accessori<\/title>\n<meta name=\"robots\" content=\"index, follow, max-snippet:-1, max-image-preview:large, max-video-preview:-1\" \/>\n<link rel=\"canonical\" href=\"https:\/\/www.prokennex.eu\/fr\/raquettes-tennis-academy\/destiny-fcs-245\/\" \/>\n<meta property=\"og:locale\" content=\"fr_FR\" \/>\n<meta property=\"og:type\" content=\"article\" \/>\n<meta property=\"og:title\" content=\"Destiny Fcs 245 - ProKennex Racchette e Accessori\" \/>\n<meta property=\"og:description\" content=\"La s\u00e9rie Destiny est la premi\u00e8re au monde \u00e0 adopter la technologie Arbre rond au c\u0153ur de la raquette, vous permettant de frapper la balle en faisant des frappes lift\u00e9es et coup\u00e9es. Le poids et la longueur de ce mod\u00e8le la rendent appropri\u00e9e pour une utilisation par des joueurs de moins de 10 ans.\" \/>\n<meta property=\"og:url\" content=\"https:\/\/www.prokennex.eu\/fr\/raquettes-tennis-academy\/destiny-fcs-245\/\" \/>\n<meta property=\"og:site_name\" content=\"ProKennex Racchette e Accessori\" \/>\n<meta property=\"article:modified_time\" content=\"2023-12-21T15:28:59+00:00\" \/>\n<meta property=\"og:image\" content=\"https:\/\/www.prokennex.eu\/wp-content\/uploads\/2021\/09\/racchetta-tennis-destiny-fcs-245.jpg\" \/>\n\t<meta property=\"og:image:width\" content=\"2000\" \/>\n\t<meta property=\"og:image:height\" content=\"2000\" \/>\n\t<meta property=\"og:image:type\" content=\"image\/jpeg\" \/>\n<meta name=\"twitter:card\" content=\"summary_large_image\" \/>\n<script type=\"application\/ld+json\" class=\"yoast-schema-graph\">{\"@context\":\"https:\/\/schema.org\",\"@graph\":[{\"@type\":\"WebPage\",\"@id\":\"https:\/\/www.prokennex.eu\/fr\/raquettes-tennis-academy\/destiny-fcs-245\/\",\"url\":\"https:\/\/www.prokennex.eu\/fr\/raquettes-tennis-academy\/destiny-fcs-245\/\",\"name\":\"Destiny Fcs 245 - ProKennex Racchette e Accessori\",\"isPartOf\":{\"@id\":\"https:\/\/www.prokennex.eu\/fr\/#website\"},\"primaryImageOfPage\":{\"@id\":\"https:\/\/www.prokennex.eu\/fr\/raquettes-tennis-academy\/destiny-fcs-245\/#primaryimage\"},\"image\":{\"@id\":\"https:\/\/www.prokennex.eu\/fr\/raquettes-tennis-academy\/destiny-fcs-245\/#primaryimage\"},\"thumbnailUrl\":\"https:\/\/www.prokennex.eu\/wp-content\/uploads\/2021\/09\/racchetta-tennis-destiny-fcs-245.jpg\",\"datePublished\":\"2021-09-14T09:23:24+00:00\",\"dateModified\":\"2023-12-21T15:28:59+00:00\",\"breadcrumb\":{\"@id\":\"https:\/\/www.prokennex.eu\/fr\/raquettes-tennis-academy\/destiny-fcs-245\/#breadcrumb\"},\"inLanguage\":\"fr-FR\",\"potentialAction\":[{\"@type\":\"ReadAction\",\"target\":[\"https:\/\/www.prokennex.eu\/fr\/raquettes-tennis-academy\/destiny-fcs-245\/\"]}]},{\"@type\":\"ImageObject\",\"inLanguage\":\"fr-FR\",\"@id\":\"https:\/\/www.prokennex.eu\/fr\/raquettes-tennis-academy\/destiny-fcs-245\/#primaryimage\",\"url\":\"https:\/\/www.prokennex.eu\/wp-content\/uploads\/2021\/09\/racchetta-tennis-destiny-fcs-245.jpg\",\"contentUrl\":\"https:\/\/www.prokennex.eu\/wp-content\/uploads\/2021\/09\/racchetta-tennis-destiny-fcs-245.jpg\",\"width\":2000,\"height\":2000},{\"@type\":\"BreadcrumbList\",\"@id\":\"https:\/\/www.prokennex.eu\/fr\/raquettes-tennis-academy\/destiny-fcs-245\/#breadcrumb\",\"itemListElement\":[{\"@type\":\"ListItem\",\"position\":1,\"name\":\"Shop\",\"item\":\"https:\/\/www.prokennex.eu\/fr\/negozio\/\"},{\"@type\":\"ListItem\",\"position\":2,\"name\":\"Tennis Academy\",\"item\":\"https:\/\/www.prokennex.eu\/fr\/tennis-academy-fr\/\"},{\"@type\":\"ListItem\",\"position\":3,\"name\":\"Raquettes\",\"item\":\"https:\/\/www.prokennex.eu\/fr\/tennis-academy-fr\/raquettes-tennis-academy\/\"},{\"@type\":\"ListItem\",\"position\":4,\"name\":\"Destiny Fcs 245\"}]},{\"@type\":\"WebSite\",\"@id\":\"https:\/\/www.prokennex.eu\/fr\/#website\",\"url\":\"https:\/\/www.prokennex.eu\/fr\/\",\"name\":\"ProKennex Racchette e Accessori\",\"description\":\"Tomorrow&#039;s Technologies\",\"publisher\":{\"@id\":\"https:\/\/www.prokennex.eu\/fr\/#organization\"},\"potentialAction\":[{\"@type\":\"SearchAction\",\"target\":{\"@type\":\"EntryPoint\",\"urlTemplate\":\"https:\/\/www.prokennex.eu\/fr\/?s={search_term_string}\"},\"query-input\":{\"@type\":\"PropertyValueSpecification\",\"valueRequired\":true,\"valueName\":\"search_term_string\"}}],\"inLanguage\":\"fr-FR\"},{\"@type\":\"Organization\",\"@id\":\"https:\/\/www.prokennex.eu\/fr\/#organization\",\"name\":\"Pro Kennex s.r.l.\",\"url\":\"https:\/\/www.prokennex.eu\/fr\/\",\"logo\":{\"@type\":\"ImageObject\",\"inLanguage\":\"fr-FR\",\"@id\":\"https:\/\/www.prokennex.eu\/fr\/#\/schema\/logo\/image\/\",\"url\":\"https:\/\/www.prokennex.eu\/wp-content\/uploads\/2021\/09\/prokennex-logo.svg\",\"contentUrl\":\"https:\/\/www.prokennex.eu\/wp-content\/uploads\/2021\/09\/prokennex-logo.svg\",\"width\":\"1440\",\"height\":\"1080\",\"caption\":\"Pro Kennex s.r.l.\"},\"image\":{\"@id\":\"https:\/\/www.prokennex.eu\/fr\/#\/schema\/logo\/image\/\"}}]}<\/script>\n<!-- \/ Yoast SEO plugin. -->","yoast_head_json":{"title":"Destiny Fcs 245 - ProKennex Racchette e Accessori","robots":{"index":"index","follow":"follow","max-snippet":"max-snippet:-1","max-image-preview":"max-image-preview:large","max-video-preview":"max-video-preview:-1"},"canonical":"https:\/\/www.prokennex.eu\/fr\/raquettes-tennis-academy\/destiny-fcs-245\/","og_locale":"fr_FR","og_type":"article","og_title":"Destiny Fcs 245 - ProKennex Racchette e Accessori","og_description":"La s\u00e9rie Destiny est la premi\u00e8re au monde \u00e0 adopter la technologie Arbre rond au c\u0153ur de la raquette, vous permettant de frapper la balle en faisant des frappes lift\u00e9es et coup\u00e9es. Le poids et la longueur de ce mod\u00e8le la rendent appropri\u00e9e pour une utilisation par des joueurs de moins de 10 ans.","og_url":"https:\/\/www.prokennex.eu\/fr\/raquettes-tennis-academy\/destiny-fcs-245\/","og_site_name":"ProKennex Racchette e Accessori","article_modified_time":"2023-12-21T15:28:59+00:00","og_image":[{"width":2000,"height":2000,"url":"https:\/\/www.prokennex.eu\/wp-content\/uploads\/2021\/09\/racchetta-tennis-destiny-fcs-245.jpg","type":"image\/jpeg"}],"twitter_card":"summary_large_image","schema":{"@context":"https:\/\/schema.org","@graph":[{"@type":"WebPage","@id":"https:\/\/www.prokennex.eu\/fr\/raquettes-tennis-academy\/destiny-fcs-245\/","url":"https:\/\/www.prokennex.eu\/fr\/raquettes-tennis-academy\/destiny-fcs-245\/","name":"Destiny Fcs 245 - ProKennex Racchette e Accessori","isPartOf":{"@id":"https:\/\/www.prokennex.eu\/fr\/#website"},"primaryImageOfPage":{"@id":"https:\/\/www.prokennex.eu\/fr\/raquettes-tennis-academy\/destiny-fcs-245\/#primaryimage"},"image":{"@id":"https:\/\/www.prokennex.eu\/fr\/raquettes-tennis-academy\/destiny-fcs-245\/#primaryimage"},"thumbnailUrl":"https:\/\/www.prokennex.eu\/wp-content\/uploads\/2021\/09\/racchetta-tennis-destiny-fcs-245.jpg","datePublished":"2021-09-14T09:23:24+00:00","dateModified":"2023-12-21T15:28:59+00:00","breadcrumb":{"@id":"https:\/\/www.prokennex.eu\/fr\/raquettes-tennis-academy\/destiny-fcs-245\/#breadcrumb"},"inLanguage":"fr-FR","potentialAction":[{"@type":"ReadAction","target":["https:\/\/www.prokennex.eu\/fr\/raquettes-tennis-academy\/destiny-fcs-245\/"]}]},{"@type":"ImageObject","inLanguage":"fr-FR","@id":"https:\/\/www.prokennex.eu\/fr\/raquettes-tennis-academy\/destiny-fcs-245\/#primaryimage","url":"https:\/\/www.prokennex.eu\/wp-content\/uploads\/2021\/09\/racchetta-tennis-destiny-fcs-245.jpg","contentUrl":"https:\/\/www.prokennex.eu\/wp-content\/uploads\/2021\/09\/racchetta-tennis-destiny-fcs-245.jpg","width":2000,"height":2000},{"@type":"BreadcrumbList","@id":"https:\/\/www.prokennex.eu\/fr\/raquettes-tennis-academy\/destiny-fcs-245\/#breadcrumb","itemListElement":[{"@type":"ListItem","position":1,"name":"Shop","item":"https:\/\/www.prokennex.eu\/fr\/negozio\/"},{"@type":"ListItem","position":2,"name":"Tennis Academy","item":"https:\/\/www.prokennex.eu\/fr\/tennis-academy-fr\/"},{"@type":"ListItem","position":3,"name":"Raquettes","item":"https:\/\/www.prokennex.eu\/fr\/tennis-academy-fr\/raquettes-tennis-academy\/"},{"@type":"ListItem","position":4,"name":"Destiny Fcs 245"}]},{"@type":"WebSite","@id":"https:\/\/www.prokennex.eu\/fr\/#website","url":"https:\/\/www.prokennex.eu\/fr\/","name":"ProKennex Racchette e Accessori","description":"Tomorrow&#039;s Technologies","publisher":{"@id":"https:\/\/www.prokennex.eu\/fr\/#organization"},"potentialAction":[{"@type":"SearchAction","target":{"@type":"EntryPoint","urlTemplate":"https:\/\/www.prokennex.eu\/fr\/?s={search_term_string}"},"query-input":{"@type":"PropertyValueSpecification","valueRequired":true,"valueName":"search_term_string"}}],"inLanguage":"fr-FR"},{"@type":"Organization","@id":"https:\/\/www.prokennex.eu\/fr\/#organization","name":"Pro Kennex s.r.l.","url":"https:\/\/www.prokennex.eu\/fr\/","logo":{"@type":"ImageObject","inLanguage":"fr-FR","@id":"https:\/\/www.prokennex.eu\/fr\/#\/schema\/logo\/image\/","url":"https:\/\/www.prokennex.eu\/wp-content\/uploads\/2021\/09\/prokennex-logo.svg","contentUrl":"https:\/\/www.prokennex.eu\/wp-content\/uploads\/2021\/09\/prokennex-logo.svg","width":"1440","height":"1080","caption":"Pro Kennex s.r.l."},"image":{"@id":"https:\/\/www.prokennex.eu\/fr\/#\/schema\/logo\/image\/"}}]}},"_links":{"self":[{"href":"https:\/\/www.prokennex.eu\/fr\/wp-json\/wp\/v2\/product\/10355","targetHints":{"allow":["GET"]}}],"collection":[{"href":"https:\/\/www.prokennex.eu\/fr\/wp-json\/wp\/v2\/product"}],"about":[{"href":"https:\/\/www.prokennex.eu\/fr\/wp-json\/wp\/v2\/types\/product"}],"replies":[{"embeddable":true,"href":"https:\/\/www.prokennex.eu\/fr\/wp-json\/wp\/v2\/comments?post=10355"}],"wp:featuredmedia":[{"embeddable":true,"href":"https:\/\/www.prokennex.eu\/fr\/wp-json\/wp\/v2\/media\/7515"}],"wp:attachment":[{"href":"https:\/\/www.prokennex.eu\/fr\/wp-json\/wp\/v2\/media?parent=10355"}],"wp:term":[{"taxonomy":"tecnologia","embeddable":true,"href":"https:\/\/www.prokennex.eu\/fr\/wp-json\/wp\/v2\/tecnologia?post=10355"},{"taxonomy":"product_brand","embeddable":true,"href":"https:\/\/www.prokennex.eu\/fr\/wp-json\/wp\/v2\/product_brand?post=10355"},{"taxonomy":"product_cat","embeddable":true,"href":"https:\/\/www.prokennex.eu\/fr\/wp-json\/wp\/v2\/product_cat?post=10355"},{"taxonomy":"product_tag","embeddable":true,"href":"https:\/\/www.prokennex.eu\/fr\/wp-json\/wp\/v2\/product_tag?post=10355"}],"curies":[{"name":"wp","href":"https:\/\/api.w.org\/{rel}","templated":true}]}}