{"id":10339,"date":"2021-08-14T12:09:10","date_gmt":"2021-08-14T10:09:10","guid":{"rendered":"https:\/\/www.prokennex.eu\/non%20class\u00e9\/flight-ovation\/"},"modified":"2022-12-14T22:40:40","modified_gmt":"2022-12-14T21:40:40","slug":"flight-ovation","status":"publish","type":"product","link":"https:\/\/www.prokennex.eu\/fr\/raquettes-pickleball\/flight-ovation\/","title":{"rendered":"Flight Ovation"},"content":{"rendered":"","protected":false},"excerpt":{"rendered":"<p>La nouvelle s\u00e9rie Flight int\u00e8gre des innovations r\u00e9volutionnaires qui maintiennent ProKennex \u00e0 l\u2019avant-garde des performances de la raquette. La s\u00e9rie Flight comprend notre nouveau syst\u00e8me de base Loud Cell\u2122 exclusif qui r\u00e9duit consid\u00e9rablement le poids de la raquette en augmentant la taille et l\u2019espace entre chaque cellule dans le noyau en nid d\u2019abeille. Notre capuchon de p\u00e9rim\u00e8tre en graphite offre la force et la stabilit\u00e9 n\u00e9cessaires pour soutenir ce nouveau noyau l\u00e9ger, en vous offrant des performances sans compromis.<br \/>\nNon seulement la s\u00e9rie Flight est la raquette la plus l\u00e9g\u00e8re que nous ayons fabriqu\u00e9e, mais elle fournit \u00e9galement le plus d\u2019effet\u00a0! Tous les mat\u00e9riaux faciaux ProKennex sont exclusifs et disponibles uniquement sur nos raquettes, et ne peuvent pas \u00eatre utilis\u00e9s par une autre entreprise. Notre nouveau mat\u00e9riau facial mortel, appel\u00e9 Diamond Frost\u2122, recouvre la surface de frappe d\u2019un compos\u00e9 unique capable d\u2019ajouter un contact de surface avec la balle, qui non seulement conf\u00e8re plus d\u2019effet, mais dure plus longtemps que les surfaces traditionnelles afin que vous puissiez avoir plus d\u2019effet pendant une plus longue p\u00e9riode de temps.<\/p>\n","protected":false},"featured_media":11662,"comment_status":"open","ping_status":"closed","template":"","meta":{"_acf_changed":false},"tecnologia":[1569],"product_brand":[],"product_cat":[1717,1719],"product_tag":[],"class_list":{"0":"post-10339","1":"product","2":"type-product","3":"status-publish","4":"has-post-thumbnail","6":"tecnologia-kinetic-system-fr","7":"product_cat-pickleball-fr","8":"product_cat-raquettes-pickleball","10":"first","11":"outofstock","12":"taxable","13":"shipping-taxable","14":"purchasable","15":"product-type-variable"},"bundled_by":[],"bundle_stock_status":"outofstock","bundle_stock_quantity":null,"bundle_virtual":false,"bundle_layout":"","bundle_add_to_cart_form_location":"","bundle_editable_in_cart":false,"bundle_sold_individually_context":"","bundle_item_grouping":"","bundle_min_size":"","bundle_max_size":"","bundle_price":[],"bundled_items":[],"bundle_sell_ids":[],"acf":[],"yoast_head":"<!-- This site is optimized with the Yoast SEO plugin v27.4 - https:\/\/yoast.com\/product\/yoast-seo-wordpress\/ -->\n<title>Flight Ovation - ProKennex Racchette e Accessori<\/title>\n<meta name=\"robots\" content=\"index, follow, max-snippet:-1, max-image-preview:large, max-video-preview:-1\" \/>\n<link rel=\"canonical\" href=\"https:\/\/www.prokennex.eu\/fr\/raquettes-pickleball\/flight-ovation\/\" \/>\n<meta property=\"og:locale\" content=\"fr_FR\" \/>\n<meta property=\"og:type\" content=\"article\" \/>\n<meta property=\"og:title\" content=\"Flight Ovation - ProKennex Racchette e Accessori\" \/>\n<meta property=\"og:description\" content=\"La nouvelle s\u00e9rie Flight int\u00e8gre des innovations r\u00e9volutionnaires qui maintiennent ProKennex \u00e0 l\u2019avant-garde des performances de la raquette. La s\u00e9rie Flight comprend notre nouveau syst\u00e8me de base Loud Cell\u2122 exclusif qui r\u00e9duit consid\u00e9rablement le poids de la raquette en augmentant la taille et l\u2019espace entre chaque cellule dans le noyau en nid d\u2019abeille. Notre capuchon de p\u00e9rim\u00e8tre en graphite offre la force et la stabilit\u00e9 n\u00e9cessaires pour soutenir ce nouveau noyau l\u00e9ger, en vous offrant des performances sans compromis. Non seulement la s\u00e9rie Flight est la raquette la plus l\u00e9g\u00e8re que nous ayons fabriqu\u00e9e, mais elle fournit \u00e9galement le plus d\u2019effet\u00a0! Tous les mat\u00e9riaux faciaux ProKennex sont exclusifs et disponibles uniquement sur nos raquettes, et ne peuvent pas \u00eatre utilis\u00e9s par une autre entreprise. Notre nouveau mat\u00e9riau facial mortel, appel\u00e9 Diamond Frost\u2122, recouvre la surface de frappe d\u2019un compos\u00e9 unique capable d\u2019ajouter un contact de surface avec la balle, qui non seulement conf\u00e8re plus d\u2019effet, mais dure plus longtemps que les surfaces traditionnelles afin que vous puissiez avoir plus d\u2019effet pendant une plus longue p\u00e9riode de temps.\" \/>\n<meta property=\"og:url\" content=\"https:\/\/www.prokennex.eu\/fr\/raquettes-pickleball\/flight-ovation\/\" \/>\n<meta property=\"og:site_name\" content=\"ProKennex Racchette e Accessori\" \/>\n<meta property=\"article:modified_time\" content=\"2022-12-14T21:40:40+00:00\" \/>\n<meta property=\"og:image\" content=\"https:\/\/www.prokennex.eu\/wp-content\/uploads\/2022\/12\/prokennex-flight-ovation2-1.jpg\" \/>\n\t<meta property=\"og:image:width\" content=\"2000\" \/>\n\t<meta property=\"og:image:height\" content=\"2000\" \/>\n\t<meta property=\"og:image:type\" content=\"image\/jpeg\" \/>\n<meta name=\"twitter:card\" content=\"summary_large_image\" \/>\n<script type=\"application\/ld+json\" class=\"yoast-schema-graph\">{\"@context\":\"https:\\\/\\\/schema.org\",\"@graph\":[{\"@type\":\"WebPage\",\"@id\":\"https:\\\/\\\/www.prokennex.eu\\\/fr\\\/raquettes-pickleball\\\/flight-ovation\\\/\",\"url\":\"https:\\\/\\\/www.prokennex.eu\\\/fr\\\/raquettes-pickleball\\\/flight-ovation\\\/\",\"name\":\"Flight Ovation - ProKennex Racchette e Accessori\",\"isPartOf\":{\"@id\":\"https:\\\/\\\/www.prokennex.eu\\\/fr\\\/#website\"},\"primaryImageOfPage\":{\"@id\":\"https:\\\/\\\/www.prokennex.eu\\\/fr\\\/raquettes-pickleball\\\/flight-ovation\\\/#primaryimage\"},\"image\":{\"@id\":\"https:\\\/\\\/www.prokennex.eu\\\/fr\\\/raquettes-pickleball\\\/flight-ovation\\\/#primaryimage\"},\"thumbnailUrl\":\"https:\\\/\\\/www.prokennex.eu\\\/wp-content\\\/uploads\\\/2022\\\/12\\\/prokennex-flight-ovation2-1.jpg\",\"datePublished\":\"2021-08-14T10:09:10+00:00\",\"dateModified\":\"2022-12-14T21:40:40+00:00\",\"breadcrumb\":{\"@id\":\"https:\\\/\\\/www.prokennex.eu\\\/fr\\\/raquettes-pickleball\\\/flight-ovation\\\/#breadcrumb\"},\"inLanguage\":\"fr-FR\",\"potentialAction\":[{\"@type\":\"ReadAction\",\"target\":[\"https:\\\/\\\/www.prokennex.eu\\\/fr\\\/raquettes-pickleball\\\/flight-ovation\\\/\"]}]},{\"@type\":\"ImageObject\",\"inLanguage\":\"fr-FR\",\"@id\":\"https:\\\/\\\/www.prokennex.eu\\\/fr\\\/raquettes-pickleball\\\/flight-ovation\\\/#primaryimage\",\"url\":\"https:\\\/\\\/www.prokennex.eu\\\/wp-content\\\/uploads\\\/2022\\\/12\\\/prokennex-flight-ovation2-1.jpg\",\"contentUrl\":\"https:\\\/\\\/www.prokennex.eu\\\/wp-content\\\/uploads\\\/2022\\\/12\\\/prokennex-flight-ovation2-1.jpg\",\"width\":2000,\"height\":2000},{\"@type\":\"BreadcrumbList\",\"@id\":\"https:\\\/\\\/www.prokennex.eu\\\/fr\\\/raquettes-pickleball\\\/flight-ovation\\\/#breadcrumb\",\"itemListElement\":[{\"@type\":\"ListItem\",\"position\":1,\"name\":\"Shop\",\"item\":\"https:\\\/\\\/www.prokennex.eu\\\/fr\\\/negozio\\\/\"},{\"@type\":\"ListItem\",\"position\":2,\"name\":\"Pickleball\",\"item\":\"https:\\\/\\\/www.prokennex.eu\\\/fr\\\/pickleball-fr\\\/\"},{\"@type\":\"ListItem\",\"position\":3,\"name\":\"Raquettes\",\"item\":\"https:\\\/\\\/www.prokennex.eu\\\/fr\\\/pickleball-fr\\\/raquettes-pickleball\\\/\"},{\"@type\":\"ListItem\",\"position\":4,\"name\":\"Flight Ovation\"}]},{\"@type\":\"WebSite\",\"@id\":\"https:\\\/\\\/www.prokennex.eu\\\/fr\\\/#website\",\"url\":\"https:\\\/\\\/www.prokennex.eu\\\/fr\\\/\",\"name\":\"ProKennex Racchette e Accessori\",\"description\":\"Tomorrow&#039;s Technologies\",\"publisher\":{\"@id\":\"https:\\\/\\\/www.prokennex.eu\\\/fr\\\/#organization\"},\"potentialAction\":[{\"@type\":\"SearchAction\",\"target\":{\"@type\":\"EntryPoint\",\"urlTemplate\":\"https:\\\/\\\/www.prokennex.eu\\\/fr\\\/?s={search_term_string}\"},\"query-input\":{\"@type\":\"PropertyValueSpecification\",\"valueRequired\":true,\"valueName\":\"search_term_string\"}}],\"inLanguage\":\"fr-FR\"},{\"@type\":\"Organization\",\"@id\":\"https:\\\/\\\/www.prokennex.eu\\\/fr\\\/#organization\",\"name\":\"Pro Kennex s.r.l.\",\"url\":\"https:\\\/\\\/www.prokennex.eu\\\/fr\\\/\",\"logo\":{\"@type\":\"ImageObject\",\"inLanguage\":\"fr-FR\",\"@id\":\"https:\\\/\\\/www.prokennex.eu\\\/fr\\\/#\\\/schema\\\/logo\\\/image\\\/\",\"url\":\"https:\\\/\\\/www.prokennex.eu\\\/wp-content\\\/uploads\\\/2021\\\/09\\\/prokennex-logo.svg\",\"contentUrl\":\"https:\\\/\\\/www.prokennex.eu\\\/wp-content\\\/uploads\\\/2021\\\/09\\\/prokennex-logo.svg\",\"width\":\"1440\",\"height\":\"1080\",\"caption\":\"Pro Kennex s.r.l.\"},\"image\":{\"@id\":\"https:\\\/\\\/www.prokennex.eu\\\/fr\\\/#\\\/schema\\\/logo\\\/image\\\/\"}}]}<\/script>\n<!-- \/ Yoast SEO plugin. -->","yoast_head_json":{"title":"Flight Ovation - ProKennex Racchette e Accessori","robots":{"index":"index","follow":"follow","max-snippet":"max-snippet:-1","max-image-preview":"max-image-preview:large","max-video-preview":"max-video-preview:-1"},"canonical":"https:\/\/www.prokennex.eu\/fr\/raquettes-pickleball\/flight-ovation\/","og_locale":"fr_FR","og_type":"article","og_title":"Flight Ovation - ProKennex Racchette e Accessori","og_description":"La nouvelle s\u00e9rie Flight int\u00e8gre des innovations r\u00e9volutionnaires qui maintiennent ProKennex \u00e0 l\u2019avant-garde des performances de la raquette. La s\u00e9rie Flight comprend notre nouveau syst\u00e8me de base Loud Cell\u2122 exclusif qui r\u00e9duit consid\u00e9rablement le poids de la raquette en augmentant la taille et l\u2019espace entre chaque cellule dans le noyau en nid d\u2019abeille. Notre capuchon de p\u00e9rim\u00e8tre en graphite offre la force et la stabilit\u00e9 n\u00e9cessaires pour soutenir ce nouveau noyau l\u00e9ger, en vous offrant des performances sans compromis. Non seulement la s\u00e9rie Flight est la raquette la plus l\u00e9g\u00e8re que nous ayons fabriqu\u00e9e, mais elle fournit \u00e9galement le plus d\u2019effet\u00a0! Tous les mat\u00e9riaux faciaux ProKennex sont exclusifs et disponibles uniquement sur nos raquettes, et ne peuvent pas \u00eatre utilis\u00e9s par une autre entreprise. Notre nouveau mat\u00e9riau facial mortel, appel\u00e9 Diamond Frost\u2122, recouvre la surface de frappe d\u2019un compos\u00e9 unique capable d\u2019ajouter un contact de surface avec la balle, qui non seulement conf\u00e8re plus d\u2019effet, mais dure plus longtemps que les surfaces traditionnelles afin que vous puissiez avoir plus d\u2019effet pendant une plus longue p\u00e9riode de temps.","og_url":"https:\/\/www.prokennex.eu\/fr\/raquettes-pickleball\/flight-ovation\/","og_site_name":"ProKennex Racchette e Accessori","article_modified_time":"2022-12-14T21:40:40+00:00","og_image":[{"width":2000,"height":2000,"url":"https:\/\/www.prokennex.eu\/wp-content\/uploads\/2022\/12\/prokennex-flight-ovation2-1.jpg","type":"image\/jpeg"}],"twitter_card":"summary_large_image","schema":{"@context":"https:\/\/schema.org","@graph":[{"@type":"WebPage","@id":"https:\/\/www.prokennex.eu\/fr\/raquettes-pickleball\/flight-ovation\/","url":"https:\/\/www.prokennex.eu\/fr\/raquettes-pickleball\/flight-ovation\/","name":"Flight Ovation - ProKennex Racchette e Accessori","isPartOf":{"@id":"https:\/\/www.prokennex.eu\/fr\/#website"},"primaryImageOfPage":{"@id":"https:\/\/www.prokennex.eu\/fr\/raquettes-pickleball\/flight-ovation\/#primaryimage"},"image":{"@id":"https:\/\/www.prokennex.eu\/fr\/raquettes-pickleball\/flight-ovation\/#primaryimage"},"thumbnailUrl":"https:\/\/www.prokennex.eu\/wp-content\/uploads\/2022\/12\/prokennex-flight-ovation2-1.jpg","datePublished":"2021-08-14T10:09:10+00:00","dateModified":"2022-12-14T21:40:40+00:00","breadcrumb":{"@id":"https:\/\/www.prokennex.eu\/fr\/raquettes-pickleball\/flight-ovation\/#breadcrumb"},"inLanguage":"fr-FR","potentialAction":[{"@type":"ReadAction","target":["https:\/\/www.prokennex.eu\/fr\/raquettes-pickleball\/flight-ovation\/"]}]},{"@type":"ImageObject","inLanguage":"fr-FR","@id":"https:\/\/www.prokennex.eu\/fr\/raquettes-pickleball\/flight-ovation\/#primaryimage","url":"https:\/\/www.prokennex.eu\/wp-content\/uploads\/2022\/12\/prokennex-flight-ovation2-1.jpg","contentUrl":"https:\/\/www.prokennex.eu\/wp-content\/uploads\/2022\/12\/prokennex-flight-ovation2-1.jpg","width":2000,"height":2000},{"@type":"BreadcrumbList","@id":"https:\/\/www.prokennex.eu\/fr\/raquettes-pickleball\/flight-ovation\/#breadcrumb","itemListElement":[{"@type":"ListItem","position":1,"name":"Shop","item":"https:\/\/www.prokennex.eu\/fr\/negozio\/"},{"@type":"ListItem","position":2,"name":"Pickleball","item":"https:\/\/www.prokennex.eu\/fr\/pickleball-fr\/"},{"@type":"ListItem","position":3,"name":"Raquettes","item":"https:\/\/www.prokennex.eu\/fr\/pickleball-fr\/raquettes-pickleball\/"},{"@type":"ListItem","position":4,"name":"Flight Ovation"}]},{"@type":"WebSite","@id":"https:\/\/www.prokennex.eu\/fr\/#website","url":"https:\/\/www.prokennex.eu\/fr\/","name":"ProKennex Racchette e Accessori","description":"Tomorrow&#039;s Technologies","publisher":{"@id":"https:\/\/www.prokennex.eu\/fr\/#organization"},"potentialAction":[{"@type":"SearchAction","target":{"@type":"EntryPoint","urlTemplate":"https:\/\/www.prokennex.eu\/fr\/?s={search_term_string}"},"query-input":{"@type":"PropertyValueSpecification","valueRequired":true,"valueName":"search_term_string"}}],"inLanguage":"fr-FR"},{"@type":"Organization","@id":"https:\/\/www.prokennex.eu\/fr\/#organization","name":"Pro Kennex s.r.l.","url":"https:\/\/www.prokennex.eu\/fr\/","logo":{"@type":"ImageObject","inLanguage":"fr-FR","@id":"https:\/\/www.prokennex.eu\/fr\/#\/schema\/logo\/image\/","url":"https:\/\/www.prokennex.eu\/wp-content\/uploads\/2021\/09\/prokennex-logo.svg","contentUrl":"https:\/\/www.prokennex.eu\/wp-content\/uploads\/2021\/09\/prokennex-logo.svg","width":"1440","height":"1080","caption":"Pro Kennex s.r.l."},"image":{"@id":"https:\/\/www.prokennex.eu\/fr\/#\/schema\/logo\/image\/"}}]}},"_links":{"self":[{"href":"https:\/\/www.prokennex.eu\/fr\/wp-json\/wp\/v2\/product\/10339","targetHints":{"allow":["GET"]}}],"collection":[{"href":"https:\/\/www.prokennex.eu\/fr\/wp-json\/wp\/v2\/product"}],"about":[{"href":"https:\/\/www.prokennex.eu\/fr\/wp-json\/wp\/v2\/types\/product"}],"replies":[{"embeddable":true,"href":"https:\/\/www.prokennex.eu\/fr\/wp-json\/wp\/v2\/comments?post=10339"}],"wp:featuredmedia":[{"embeddable":true,"href":"https:\/\/www.prokennex.eu\/fr\/wp-json\/wp\/v2\/media\/11662"}],"wp:attachment":[{"href":"https:\/\/www.prokennex.eu\/fr\/wp-json\/wp\/v2\/media?parent=10339"}],"wp:term":[{"taxonomy":"tecnologia","embeddable":true,"href":"https:\/\/www.prokennex.eu\/fr\/wp-json\/wp\/v2\/tecnologia?post=10339"},{"taxonomy":"product_brand","embeddable":true,"href":"https:\/\/www.prokennex.eu\/fr\/wp-json\/wp\/v2\/product_brand?post=10339"},{"taxonomy":"product_cat","embeddable":true,"href":"https:\/\/www.prokennex.eu\/fr\/wp-json\/wp\/v2\/product_cat?post=10339"},{"taxonomy":"product_tag","embeddable":true,"href":"https:\/\/www.prokennex.eu\/fr\/wp-json\/wp\/v2\/product_tag?post=10339"}],"curies":[{"name":"wp","href":"https:\/\/api.w.org\/{rel}","templated":true}]}}