{"id":10300,"date":"2022-02-28T16:37:06","date_gmt":"2022-02-28T15:37:06","guid":{"rendered":"https:\/\/www.prokennex.eu\/non%20class\u00e9\/delta-x10\/"},"modified":"2025-11-08T22:12:57","modified_gmt":"2025-11-08T21:12:57","slug":"delta-x10","status":"publish","type":"product","link":"https:\/\/www.prokennex.eu\/fr\/raquettes-outlet\/delta-x10\/","title":{"rendered":"Delta X10"},"content":{"rendered":"","protected":false},"excerpt":{"rendered":"<p>Cadre Mid-size Plus tr\u00e8s innovant gr\u00e2ce \u00e0 son c\u0153ur \u00ab\u00a0delta\u00a0\u00bb ferm\u00e9, qui permet d\u2019avoir les 6 cordes centrales plus longues de 28 cm qu\u2019une raquette traditionnelle. Celles-ci et le bois \u00e0 l\u2019int\u00e9rieur de la forme ovale garantissent une puissance sans pr\u00e9c\u00e9dent. Dans la DELTA, la torsion est pratiquement nulle, ce qui permet une grande pr\u00e9cision des frappes. Le bois assure le confort.<\/p>\n","protected":false},"featured_media":8487,"comment_status":"open","ping_status":"closed","template":"","meta":{"_acf_changed":false},"tecnologia":[],"product_brand":[],"product_cat":[1714,1707],"product_tag":[],"class_list":{"0":"post-10300","1":"product","2":"type-product","3":"status-publish","4":"has-post-thumbnail","6":"product_cat-outlet-fr","7":"product_cat-raquettes-outlet","9":"first","10":"instock","11":"sale","12":"taxable","13":"shipping-taxable","14":"purchasable","15":"product-type-variable"},"bundled_by":[],"bundle_stock_status":"instock","bundle_stock_quantity":null,"bundle_virtual":false,"bundle_layout":"","bundle_add_to_cart_form_location":"","bundle_editable_in_cart":false,"bundle_sold_individually_context":"","bundle_item_grouping":"","bundle_min_size":"","bundle_max_size":"","bundle_price":[],"bundled_items":[],"bundle_sell_ids":[],"acf":[],"yoast_head":"<!-- This site is optimized with the Yoast SEO plugin v27.4 - https:\/\/yoast.com\/product\/yoast-seo-wordpress\/ -->\n<title>Delta X10 - ProKennex Racchette e Accessori<\/title>\n<meta name=\"robots\" content=\"index, follow, max-snippet:-1, max-image-preview:large, max-video-preview:-1\" \/>\n<link rel=\"canonical\" href=\"https:\/\/www.prokennex.eu\/fr\/raquettes-outlet\/delta-x10\/\" \/>\n<meta property=\"og:locale\" content=\"fr_FR\" \/>\n<meta property=\"og:type\" content=\"article\" \/>\n<meta property=\"og:title\" content=\"Delta X10 - ProKennex Racchette e Accessori\" \/>\n<meta property=\"og:description\" content=\"Cadre Mid-size Plus tr\u00e8s innovant gr\u00e2ce \u00e0 son c\u0153ur \u00ab\u00a0delta\u00a0\u00bb ferm\u00e9, qui permet d\u2019avoir les 6 cordes centrales plus longues de 28 cm qu\u2019une raquette traditionnelle. Celles-ci et le bois \u00e0 l\u2019int\u00e9rieur de la forme ovale garantissent une puissance sans pr\u00e9c\u00e9dent. Dans la DELTA, la torsion est pratiquement nulle, ce qui permet une grande pr\u00e9cision des frappes. Le bois assure le confort.\" \/>\n<meta property=\"og:url\" content=\"https:\/\/www.prokennex.eu\/fr\/raquettes-outlet\/delta-x10\/\" \/>\n<meta property=\"og:site_name\" content=\"ProKennex Racchette e Accessori\" \/>\n<meta property=\"article:modified_time\" content=\"2025-11-08T21:12:57+00:00\" \/>\n<meta property=\"og:image\" content=\"https:\/\/www.prokennex.eu\/wp-content\/uploads\/2022\/02\/prokennex-delta-x10.jpg\" \/>\n\t<meta property=\"og:image:width\" content=\"1600\" \/>\n\t<meta property=\"og:image:height\" content=\"1600\" \/>\n\t<meta property=\"og:image:type\" content=\"image\/jpeg\" \/>\n<meta name=\"twitter:card\" content=\"summary_large_image\" \/>\n<script type=\"application\/ld+json\" class=\"yoast-schema-graph\">{\"@context\":\"https:\\\/\\\/schema.org\",\"@graph\":[{\"@type\":\"WebPage\",\"@id\":\"https:\\\/\\\/www.prokennex.eu\\\/fr\\\/raquettes-outlet\\\/delta-x10\\\/\",\"url\":\"https:\\\/\\\/www.prokennex.eu\\\/fr\\\/raquettes-outlet\\\/delta-x10\\\/\",\"name\":\"Delta X10 - ProKennex Racchette e Accessori\",\"isPartOf\":{\"@id\":\"https:\\\/\\\/www.prokennex.eu\\\/fr\\\/#website\"},\"primaryImageOfPage\":{\"@id\":\"https:\\\/\\\/www.prokennex.eu\\\/fr\\\/raquettes-outlet\\\/delta-x10\\\/#primaryimage\"},\"image\":{\"@id\":\"https:\\\/\\\/www.prokennex.eu\\\/fr\\\/raquettes-outlet\\\/delta-x10\\\/#primaryimage\"},\"thumbnailUrl\":\"https:\\\/\\\/www.prokennex.eu\\\/wp-content\\\/uploads\\\/2022\\\/02\\\/prokennex-delta-x10.jpg\",\"datePublished\":\"2022-02-28T15:37:06+00:00\",\"dateModified\":\"2025-11-08T21:12:57+00:00\",\"breadcrumb\":{\"@id\":\"https:\\\/\\\/www.prokennex.eu\\\/fr\\\/raquettes-outlet\\\/delta-x10\\\/#breadcrumb\"},\"inLanguage\":\"fr-FR\",\"potentialAction\":[{\"@type\":\"ReadAction\",\"target\":[\"https:\\\/\\\/www.prokennex.eu\\\/fr\\\/raquettes-outlet\\\/delta-x10\\\/\"]}]},{\"@type\":\"ImageObject\",\"inLanguage\":\"fr-FR\",\"@id\":\"https:\\\/\\\/www.prokennex.eu\\\/fr\\\/raquettes-outlet\\\/delta-x10\\\/#primaryimage\",\"url\":\"https:\\\/\\\/www.prokennex.eu\\\/wp-content\\\/uploads\\\/2022\\\/02\\\/prokennex-delta-x10.jpg\",\"contentUrl\":\"https:\\\/\\\/www.prokennex.eu\\\/wp-content\\\/uploads\\\/2022\\\/02\\\/prokennex-delta-x10.jpg\",\"width\":1600,\"height\":1600},{\"@type\":\"BreadcrumbList\",\"@id\":\"https:\\\/\\\/www.prokennex.eu\\\/fr\\\/raquettes-outlet\\\/delta-x10\\\/#breadcrumb\",\"itemListElement\":[{\"@type\":\"ListItem\",\"position\":1,\"name\":\"Shop\",\"item\":\"https:\\\/\\\/www.prokennex.eu\\\/fr\\\/negozio\\\/\"},{\"@type\":\"ListItem\",\"position\":2,\"name\":\"Outlet\",\"item\":\"https:\\\/\\\/www.prokennex.eu\\\/fr\\\/outlet-fr\\\/\"},{\"@type\":\"ListItem\",\"position\":3,\"name\":\"Raquettes\",\"item\":\"https:\\\/\\\/www.prokennex.eu\\\/fr\\\/outlet-fr\\\/raquettes-outlet\\\/\"},{\"@type\":\"ListItem\",\"position\":4,\"name\":\"Delta X10\"}]},{\"@type\":\"WebSite\",\"@id\":\"https:\\\/\\\/www.prokennex.eu\\\/fr\\\/#website\",\"url\":\"https:\\\/\\\/www.prokennex.eu\\\/fr\\\/\",\"name\":\"ProKennex Racchette e Accessori\",\"description\":\"Tomorrow&#039;s Technologies\",\"publisher\":{\"@id\":\"https:\\\/\\\/www.prokennex.eu\\\/fr\\\/#organization\"},\"potentialAction\":[{\"@type\":\"SearchAction\",\"target\":{\"@type\":\"EntryPoint\",\"urlTemplate\":\"https:\\\/\\\/www.prokennex.eu\\\/fr\\\/?s={search_term_string}\"},\"query-input\":{\"@type\":\"PropertyValueSpecification\",\"valueRequired\":true,\"valueName\":\"search_term_string\"}}],\"inLanguage\":\"fr-FR\"},{\"@type\":\"Organization\",\"@id\":\"https:\\\/\\\/www.prokennex.eu\\\/fr\\\/#organization\",\"name\":\"Pro Kennex s.r.l.\",\"url\":\"https:\\\/\\\/www.prokennex.eu\\\/fr\\\/\",\"logo\":{\"@type\":\"ImageObject\",\"inLanguage\":\"fr-FR\",\"@id\":\"https:\\\/\\\/www.prokennex.eu\\\/fr\\\/#\\\/schema\\\/logo\\\/image\\\/\",\"url\":\"https:\\\/\\\/www.prokennex.eu\\\/wp-content\\\/uploads\\\/2021\\\/09\\\/prokennex-logo.svg\",\"contentUrl\":\"https:\\\/\\\/www.prokennex.eu\\\/wp-content\\\/uploads\\\/2021\\\/09\\\/prokennex-logo.svg\",\"width\":\"1440\",\"height\":\"1080\",\"caption\":\"Pro Kennex s.r.l.\"},\"image\":{\"@id\":\"https:\\\/\\\/www.prokennex.eu\\\/fr\\\/#\\\/schema\\\/logo\\\/image\\\/\"}}]}<\/script>\n<!-- \/ Yoast SEO plugin. -->","yoast_head_json":{"title":"Delta X10 - ProKennex Racchette e Accessori","robots":{"index":"index","follow":"follow","max-snippet":"max-snippet:-1","max-image-preview":"max-image-preview:large","max-video-preview":"max-video-preview:-1"},"canonical":"https:\/\/www.prokennex.eu\/fr\/raquettes-outlet\/delta-x10\/","og_locale":"fr_FR","og_type":"article","og_title":"Delta X10 - ProKennex Racchette e Accessori","og_description":"Cadre Mid-size Plus tr\u00e8s innovant gr\u00e2ce \u00e0 son c\u0153ur \u00ab\u00a0delta\u00a0\u00bb ferm\u00e9, qui permet d\u2019avoir les 6 cordes centrales plus longues de 28 cm qu\u2019une raquette traditionnelle. Celles-ci et le bois \u00e0 l\u2019int\u00e9rieur de la forme ovale garantissent une puissance sans pr\u00e9c\u00e9dent. Dans la DELTA, la torsion est pratiquement nulle, ce qui permet une grande pr\u00e9cision des frappes. Le bois assure le confort.","og_url":"https:\/\/www.prokennex.eu\/fr\/raquettes-outlet\/delta-x10\/","og_site_name":"ProKennex Racchette e Accessori","article_modified_time":"2025-11-08T21:12:57+00:00","og_image":[{"width":1600,"height":1600,"url":"https:\/\/www.prokennex.eu\/wp-content\/uploads\/2022\/02\/prokennex-delta-x10.jpg","type":"image\/jpeg"}],"twitter_card":"summary_large_image","schema":{"@context":"https:\/\/schema.org","@graph":[{"@type":"WebPage","@id":"https:\/\/www.prokennex.eu\/fr\/raquettes-outlet\/delta-x10\/","url":"https:\/\/www.prokennex.eu\/fr\/raquettes-outlet\/delta-x10\/","name":"Delta X10 - ProKennex Racchette e Accessori","isPartOf":{"@id":"https:\/\/www.prokennex.eu\/fr\/#website"},"primaryImageOfPage":{"@id":"https:\/\/www.prokennex.eu\/fr\/raquettes-outlet\/delta-x10\/#primaryimage"},"image":{"@id":"https:\/\/www.prokennex.eu\/fr\/raquettes-outlet\/delta-x10\/#primaryimage"},"thumbnailUrl":"https:\/\/www.prokennex.eu\/wp-content\/uploads\/2022\/02\/prokennex-delta-x10.jpg","datePublished":"2022-02-28T15:37:06+00:00","dateModified":"2025-11-08T21:12:57+00:00","breadcrumb":{"@id":"https:\/\/www.prokennex.eu\/fr\/raquettes-outlet\/delta-x10\/#breadcrumb"},"inLanguage":"fr-FR","potentialAction":[{"@type":"ReadAction","target":["https:\/\/www.prokennex.eu\/fr\/raquettes-outlet\/delta-x10\/"]}]},{"@type":"ImageObject","inLanguage":"fr-FR","@id":"https:\/\/www.prokennex.eu\/fr\/raquettes-outlet\/delta-x10\/#primaryimage","url":"https:\/\/www.prokennex.eu\/wp-content\/uploads\/2022\/02\/prokennex-delta-x10.jpg","contentUrl":"https:\/\/www.prokennex.eu\/wp-content\/uploads\/2022\/02\/prokennex-delta-x10.jpg","width":1600,"height":1600},{"@type":"BreadcrumbList","@id":"https:\/\/www.prokennex.eu\/fr\/raquettes-outlet\/delta-x10\/#breadcrumb","itemListElement":[{"@type":"ListItem","position":1,"name":"Shop","item":"https:\/\/www.prokennex.eu\/fr\/negozio\/"},{"@type":"ListItem","position":2,"name":"Outlet","item":"https:\/\/www.prokennex.eu\/fr\/outlet-fr\/"},{"@type":"ListItem","position":3,"name":"Raquettes","item":"https:\/\/www.prokennex.eu\/fr\/outlet-fr\/raquettes-outlet\/"},{"@type":"ListItem","position":4,"name":"Delta X10"}]},{"@type":"WebSite","@id":"https:\/\/www.prokennex.eu\/fr\/#website","url":"https:\/\/www.prokennex.eu\/fr\/","name":"ProKennex Racchette e Accessori","description":"Tomorrow&#039;s Technologies","publisher":{"@id":"https:\/\/www.prokennex.eu\/fr\/#organization"},"potentialAction":[{"@type":"SearchAction","target":{"@type":"EntryPoint","urlTemplate":"https:\/\/www.prokennex.eu\/fr\/?s={search_term_string}"},"query-input":{"@type":"PropertyValueSpecification","valueRequired":true,"valueName":"search_term_string"}}],"inLanguage":"fr-FR"},{"@type":"Organization","@id":"https:\/\/www.prokennex.eu\/fr\/#organization","name":"Pro Kennex s.r.l.","url":"https:\/\/www.prokennex.eu\/fr\/","logo":{"@type":"ImageObject","inLanguage":"fr-FR","@id":"https:\/\/www.prokennex.eu\/fr\/#\/schema\/logo\/image\/","url":"https:\/\/www.prokennex.eu\/wp-content\/uploads\/2021\/09\/prokennex-logo.svg","contentUrl":"https:\/\/www.prokennex.eu\/wp-content\/uploads\/2021\/09\/prokennex-logo.svg","width":"1440","height":"1080","caption":"Pro Kennex s.r.l."},"image":{"@id":"https:\/\/www.prokennex.eu\/fr\/#\/schema\/logo\/image\/"}}]}},"_links":{"self":[{"href":"https:\/\/www.prokennex.eu\/fr\/wp-json\/wp\/v2\/product\/10300","targetHints":{"allow":["GET"]}}],"collection":[{"href":"https:\/\/www.prokennex.eu\/fr\/wp-json\/wp\/v2\/product"}],"about":[{"href":"https:\/\/www.prokennex.eu\/fr\/wp-json\/wp\/v2\/types\/product"}],"replies":[{"embeddable":true,"href":"https:\/\/www.prokennex.eu\/fr\/wp-json\/wp\/v2\/comments?post=10300"}],"wp:featuredmedia":[{"embeddable":true,"href":"https:\/\/www.prokennex.eu\/fr\/wp-json\/wp\/v2\/media\/8487"}],"wp:attachment":[{"href":"https:\/\/www.prokennex.eu\/fr\/wp-json\/wp\/v2\/media?parent=10300"}],"wp:term":[{"taxonomy":"tecnologia","embeddable":true,"href":"https:\/\/www.prokennex.eu\/fr\/wp-json\/wp\/v2\/tecnologia?post=10300"},{"taxonomy":"product_brand","embeddable":true,"href":"https:\/\/www.prokennex.eu\/fr\/wp-json\/wp\/v2\/product_brand?post=10300"},{"taxonomy":"product_cat","embeddable":true,"href":"https:\/\/www.prokennex.eu\/fr\/wp-json\/wp\/v2\/product_cat?post=10300"},{"taxonomy":"product_tag","embeddable":true,"href":"https:\/\/www.prokennex.eu\/fr\/wp-json\/wp\/v2\/product_tag?post=10300"}],"curies":[{"name":"wp","href":"https:\/\/api.w.org\/{rel}","templated":true}]}}