{"id":10257,"date":"2018-11-20T15:49:26","date_gmt":"2018-11-20T14:49:26","guid":{"rendered":"https:\/\/www.prokennex.eu\/non%20class\u00e9\/impact-plus-matassa\/"},"modified":"2022-10-28T23:10:16","modified_gmt":"2022-10-28T21:10:16","slug":"impact-plus-pelote","status":"publish","type":"product","link":"https:\/\/www.prokennex.eu\/fr\/cordes-multi-filament-tennis\/impact-plus-pelote\/","title":{"rendered":"Impact Plus Pelote"},"content":{"rendered":"","protected":false},"excerpt":{"rendered":"<p>Multifilament de derni\u00e8re g\u00e9n\u00e9ration. Impact Plus se caract\u00e9rise par l\u2019assemblage de multifilaments de diff\u00e9rents mat\u00e9riaux synth\u00e9tiques qui garantissent une puissance maximale, la sensibilit\u00e9 et le contr\u00f4le en l\u2019absence de vibrations. Elle maintient la tension.<\/p>\n","protected":false},"featured_media":10258,"comment_status":"open","ping_status":"closed","template":"","meta":{"_acf_changed":false},"tecnologia":[],"product_brand":[],"product_cat":[1741,1728,1737],"product_tag":[],"class_list":{"0":"post-10257","1":"product","2":"type-product","3":"status-publish","4":"has-post-thumbnail","6":"product_cat-cordes-multi-filament-tennis","7":"product_cat-tennis-fr","8":"product_cat-xtras-tennis-fr","10":"first","11":"instock","12":"taxable","13":"shipping-taxable","14":"purchasable","15":"product-type-variable"},"bundled_by":[],"bundle_stock_status":"instock","bundle_stock_quantity":null,"bundle_virtual":false,"bundle_layout":"","bundle_add_to_cart_form_location":"","bundle_editable_in_cart":false,"bundle_sold_individually_context":"","bundle_item_grouping":"","bundle_min_size":"","bundle_max_size":"","bundle_price":[],"bundled_items":[],"bundle_sell_ids":[],"acf":[],"yoast_head":"<!-- This site is optimized with the Yoast SEO plugin v27.4 - https:\/\/yoast.com\/product\/yoast-seo-wordpress\/ -->\n<title>Impact Plus Pelote - ProKennex Racchette e Accessori<\/title>\n<meta name=\"robots\" content=\"index, follow, max-snippet:-1, max-image-preview:large, max-video-preview:-1\" \/>\n<link rel=\"canonical\" href=\"https:\/\/www.prokennex.eu\/fr\/cordes-multi-filament-tennis\/impact-plus-pelote\/\" \/>\n<meta property=\"og:locale\" content=\"fr_FR\" \/>\n<meta property=\"og:type\" content=\"article\" \/>\n<meta property=\"og:title\" content=\"Impact Plus Pelote - ProKennex Racchette e Accessori\" \/>\n<meta property=\"og:description\" content=\"Multifilament de derni\u00e8re g\u00e9n\u00e9ration. Impact Plus se caract\u00e9rise par l\u2019assemblage de multifilaments de diff\u00e9rents mat\u00e9riaux synth\u00e9tiques qui garantissent une puissance maximale, la sensibilit\u00e9 et le contr\u00f4le en l\u2019absence de vibrations. Elle maintient la tension.\" \/>\n<meta property=\"og:url\" content=\"https:\/\/www.prokennex.eu\/fr\/cordes-multi-filament-tennis\/impact-plus-pelote\/\" \/>\n<meta property=\"og:site_name\" content=\"ProKennex Racchette e Accessori\" \/>\n<meta property=\"article:modified_time\" content=\"2022-10-28T21:10:16+00:00\" \/>\n<meta property=\"og:image\" content=\"https:\/\/www.prokennex.eu\/wp-content\/uploads\/2018\/11\/products-945181771.jpg\" \/>\n\t<meta property=\"og:image:width\" content=\"3408\" \/>\n\t<meta property=\"og:image:height\" content=\"3396\" \/>\n\t<meta property=\"og:image:type\" content=\"image\/jpeg\" \/>\n<meta name=\"twitter:card\" content=\"summary_large_image\" \/>\n<script type=\"application\/ld+json\" class=\"yoast-schema-graph\">{\"@context\":\"https:\\\/\\\/schema.org\",\"@graph\":[{\"@type\":\"WebPage\",\"@id\":\"https:\\\/\\\/www.prokennex.eu\\\/fr\\\/cordes-multi-filament-tennis\\\/impact-plus-pelote\\\/\",\"url\":\"https:\\\/\\\/www.prokennex.eu\\\/fr\\\/cordes-multi-filament-tennis\\\/impact-plus-pelote\\\/\",\"name\":\"Impact Plus Pelote - ProKennex Racchette e Accessori\",\"isPartOf\":{\"@id\":\"https:\\\/\\\/www.prokennex.eu\\\/fr\\\/#website\"},\"primaryImageOfPage\":{\"@id\":\"https:\\\/\\\/www.prokennex.eu\\\/fr\\\/cordes-multi-filament-tennis\\\/impact-plus-pelote\\\/#primaryimage\"},\"image\":{\"@id\":\"https:\\\/\\\/www.prokennex.eu\\\/fr\\\/cordes-multi-filament-tennis\\\/impact-plus-pelote\\\/#primaryimage\"},\"thumbnailUrl\":\"https:\\\/\\\/www.prokennex.eu\\\/wp-content\\\/uploads\\\/2018\\\/11\\\/products-945181771.jpg\",\"datePublished\":\"2018-11-20T14:49:26+00:00\",\"dateModified\":\"2022-10-28T21:10:16+00:00\",\"breadcrumb\":{\"@id\":\"https:\\\/\\\/www.prokennex.eu\\\/fr\\\/cordes-multi-filament-tennis\\\/impact-plus-pelote\\\/#breadcrumb\"},\"inLanguage\":\"fr-FR\",\"potentialAction\":[{\"@type\":\"ReadAction\",\"target\":[\"https:\\\/\\\/www.prokennex.eu\\\/fr\\\/cordes-multi-filament-tennis\\\/impact-plus-pelote\\\/\"]}]},{\"@type\":\"ImageObject\",\"inLanguage\":\"fr-FR\",\"@id\":\"https:\\\/\\\/www.prokennex.eu\\\/fr\\\/cordes-multi-filament-tennis\\\/impact-plus-pelote\\\/#primaryimage\",\"url\":\"https:\\\/\\\/www.prokennex.eu\\\/wp-content\\\/uploads\\\/2018\\\/11\\\/products-945181771.jpg\",\"contentUrl\":\"https:\\\/\\\/www.prokennex.eu\\\/wp-content\\\/uploads\\\/2018\\\/11\\\/products-945181771.jpg\",\"width\":\"3408\",\"height\":\"3396\"},{\"@type\":\"BreadcrumbList\",\"@id\":\"https:\\\/\\\/www.prokennex.eu\\\/fr\\\/cordes-multi-filament-tennis\\\/impact-plus-pelote\\\/#breadcrumb\",\"itemListElement\":[{\"@type\":\"ListItem\",\"position\":1,\"name\":\"Shop\",\"item\":\"https:\\\/\\\/www.prokennex.eu\\\/fr\\\/negozio\\\/\"},{\"@type\":\"ListItem\",\"position\":2,\"name\":\"Tennis\",\"item\":\"https:\\\/\\\/www.prokennex.eu\\\/fr\\\/tennis-fr\\\/\"},{\"@type\":\"ListItem\",\"position\":3,\"name\":\"XTRAS\",\"item\":\"https:\\\/\\\/www.prokennex.eu\\\/fr\\\/tennis-fr\\\/xtras-tennis-fr\\\/\"},{\"@type\":\"ListItem\",\"position\":4,\"name\":\"Cordes multi-filament\",\"item\":\"https:\\\/\\\/www.prokennex.eu\\\/fr\\\/tennis-fr\\\/xtras-tennis-fr\\\/cordes-multi-filament-tennis\\\/\"},{\"@type\":\"ListItem\",\"position\":5,\"name\":\"Impact Plus Pelote\"}]},{\"@type\":\"WebSite\",\"@id\":\"https:\\\/\\\/www.prokennex.eu\\\/fr\\\/#website\",\"url\":\"https:\\\/\\\/www.prokennex.eu\\\/fr\\\/\",\"name\":\"ProKennex Racchette e Accessori\",\"description\":\"Tomorrow&#039;s Technologies\",\"publisher\":{\"@id\":\"https:\\\/\\\/www.prokennex.eu\\\/fr\\\/#organization\"},\"potentialAction\":[{\"@type\":\"SearchAction\",\"target\":{\"@type\":\"EntryPoint\",\"urlTemplate\":\"https:\\\/\\\/www.prokennex.eu\\\/fr\\\/?s={search_term_string}\"},\"query-input\":{\"@type\":\"PropertyValueSpecification\",\"valueRequired\":true,\"valueName\":\"search_term_string\"}}],\"inLanguage\":\"fr-FR\"},{\"@type\":\"Organization\",\"@id\":\"https:\\\/\\\/www.prokennex.eu\\\/fr\\\/#organization\",\"name\":\"Pro Kennex s.r.l.\",\"url\":\"https:\\\/\\\/www.prokennex.eu\\\/fr\\\/\",\"logo\":{\"@type\":\"ImageObject\",\"inLanguage\":\"fr-FR\",\"@id\":\"https:\\\/\\\/www.prokennex.eu\\\/fr\\\/#\\\/schema\\\/logo\\\/image\\\/\",\"url\":\"https:\\\/\\\/www.prokennex.eu\\\/wp-content\\\/uploads\\\/2021\\\/09\\\/prokennex-logo.svg\",\"contentUrl\":\"https:\\\/\\\/www.prokennex.eu\\\/wp-content\\\/uploads\\\/2021\\\/09\\\/prokennex-logo.svg\",\"width\":\"1440\",\"height\":\"1080\",\"caption\":\"Pro Kennex s.r.l.\"},\"image\":{\"@id\":\"https:\\\/\\\/www.prokennex.eu\\\/fr\\\/#\\\/schema\\\/logo\\\/image\\\/\"}}]}<\/script>\n<!-- \/ Yoast SEO plugin. -->","yoast_head_json":{"title":"Impact Plus Pelote - ProKennex Racchette e Accessori","robots":{"index":"index","follow":"follow","max-snippet":"max-snippet:-1","max-image-preview":"max-image-preview:large","max-video-preview":"max-video-preview:-1"},"canonical":"https:\/\/www.prokennex.eu\/fr\/cordes-multi-filament-tennis\/impact-plus-pelote\/","og_locale":"fr_FR","og_type":"article","og_title":"Impact Plus Pelote - ProKennex Racchette e Accessori","og_description":"Multifilament de derni\u00e8re g\u00e9n\u00e9ration. Impact Plus se caract\u00e9rise par l\u2019assemblage de multifilaments de diff\u00e9rents mat\u00e9riaux synth\u00e9tiques qui garantissent une puissance maximale, la sensibilit\u00e9 et le contr\u00f4le en l\u2019absence de vibrations. Elle maintient la tension.","og_url":"https:\/\/www.prokennex.eu\/fr\/cordes-multi-filament-tennis\/impact-plus-pelote\/","og_site_name":"ProKennex Racchette e Accessori","article_modified_time":"2022-10-28T21:10:16+00:00","og_image":[{"width":3408,"height":3396,"url":"https:\/\/www.prokennex.eu\/wp-content\/uploads\/2018\/11\/products-945181771.jpg","type":"image\/jpeg"}],"twitter_card":"summary_large_image","schema":{"@context":"https:\/\/schema.org","@graph":[{"@type":"WebPage","@id":"https:\/\/www.prokennex.eu\/fr\/cordes-multi-filament-tennis\/impact-plus-pelote\/","url":"https:\/\/www.prokennex.eu\/fr\/cordes-multi-filament-tennis\/impact-plus-pelote\/","name":"Impact Plus Pelote - ProKennex Racchette e Accessori","isPartOf":{"@id":"https:\/\/www.prokennex.eu\/fr\/#website"},"primaryImageOfPage":{"@id":"https:\/\/www.prokennex.eu\/fr\/cordes-multi-filament-tennis\/impact-plus-pelote\/#primaryimage"},"image":{"@id":"https:\/\/www.prokennex.eu\/fr\/cordes-multi-filament-tennis\/impact-plus-pelote\/#primaryimage"},"thumbnailUrl":"https:\/\/www.prokennex.eu\/wp-content\/uploads\/2018\/11\/products-945181771.jpg","datePublished":"2018-11-20T14:49:26+00:00","dateModified":"2022-10-28T21:10:16+00:00","breadcrumb":{"@id":"https:\/\/www.prokennex.eu\/fr\/cordes-multi-filament-tennis\/impact-plus-pelote\/#breadcrumb"},"inLanguage":"fr-FR","potentialAction":[{"@type":"ReadAction","target":["https:\/\/www.prokennex.eu\/fr\/cordes-multi-filament-tennis\/impact-plus-pelote\/"]}]},{"@type":"ImageObject","inLanguage":"fr-FR","@id":"https:\/\/www.prokennex.eu\/fr\/cordes-multi-filament-tennis\/impact-plus-pelote\/#primaryimage","url":"https:\/\/www.prokennex.eu\/wp-content\/uploads\/2018\/11\/products-945181771.jpg","contentUrl":"https:\/\/www.prokennex.eu\/wp-content\/uploads\/2018\/11\/products-945181771.jpg","width":"3408","height":"3396"},{"@type":"BreadcrumbList","@id":"https:\/\/www.prokennex.eu\/fr\/cordes-multi-filament-tennis\/impact-plus-pelote\/#breadcrumb","itemListElement":[{"@type":"ListItem","position":1,"name":"Shop","item":"https:\/\/www.prokennex.eu\/fr\/negozio\/"},{"@type":"ListItem","position":2,"name":"Tennis","item":"https:\/\/www.prokennex.eu\/fr\/tennis-fr\/"},{"@type":"ListItem","position":3,"name":"XTRAS","item":"https:\/\/www.prokennex.eu\/fr\/tennis-fr\/xtras-tennis-fr\/"},{"@type":"ListItem","position":4,"name":"Cordes multi-filament","item":"https:\/\/www.prokennex.eu\/fr\/tennis-fr\/xtras-tennis-fr\/cordes-multi-filament-tennis\/"},{"@type":"ListItem","position":5,"name":"Impact Plus Pelote"}]},{"@type":"WebSite","@id":"https:\/\/www.prokennex.eu\/fr\/#website","url":"https:\/\/www.prokennex.eu\/fr\/","name":"ProKennex Racchette e Accessori","description":"Tomorrow&#039;s Technologies","publisher":{"@id":"https:\/\/www.prokennex.eu\/fr\/#organization"},"potentialAction":[{"@type":"SearchAction","target":{"@type":"EntryPoint","urlTemplate":"https:\/\/www.prokennex.eu\/fr\/?s={search_term_string}"},"query-input":{"@type":"PropertyValueSpecification","valueRequired":true,"valueName":"search_term_string"}}],"inLanguage":"fr-FR"},{"@type":"Organization","@id":"https:\/\/www.prokennex.eu\/fr\/#organization","name":"Pro Kennex s.r.l.","url":"https:\/\/www.prokennex.eu\/fr\/","logo":{"@type":"ImageObject","inLanguage":"fr-FR","@id":"https:\/\/www.prokennex.eu\/fr\/#\/schema\/logo\/image\/","url":"https:\/\/www.prokennex.eu\/wp-content\/uploads\/2021\/09\/prokennex-logo.svg","contentUrl":"https:\/\/www.prokennex.eu\/wp-content\/uploads\/2021\/09\/prokennex-logo.svg","width":"1440","height":"1080","caption":"Pro Kennex s.r.l."},"image":{"@id":"https:\/\/www.prokennex.eu\/fr\/#\/schema\/logo\/image\/"}}]}},"_links":{"self":[{"href":"https:\/\/www.prokennex.eu\/fr\/wp-json\/wp\/v2\/product\/10257","targetHints":{"allow":["GET"]}}],"collection":[{"href":"https:\/\/www.prokennex.eu\/fr\/wp-json\/wp\/v2\/product"}],"about":[{"href":"https:\/\/www.prokennex.eu\/fr\/wp-json\/wp\/v2\/types\/product"}],"replies":[{"embeddable":true,"href":"https:\/\/www.prokennex.eu\/fr\/wp-json\/wp\/v2\/comments?post=10257"}],"wp:featuredmedia":[{"embeddable":true,"href":"https:\/\/www.prokennex.eu\/fr\/wp-json\/wp\/v2\/media\/10258"}],"wp:attachment":[{"href":"https:\/\/www.prokennex.eu\/fr\/wp-json\/wp\/v2\/media?parent=10257"}],"wp:term":[{"taxonomy":"tecnologia","embeddable":true,"href":"https:\/\/www.prokennex.eu\/fr\/wp-json\/wp\/v2\/tecnologia?post=10257"},{"taxonomy":"product_brand","embeddable":true,"href":"https:\/\/www.prokennex.eu\/fr\/wp-json\/wp\/v2\/product_brand?post=10257"},{"taxonomy":"product_cat","embeddable":true,"href":"https:\/\/www.prokennex.eu\/fr\/wp-json\/wp\/v2\/product_cat?post=10257"},{"taxonomy":"product_tag","embeddable":true,"href":"https:\/\/www.prokennex.eu\/fr\/wp-json\/wp\/v2\/product_tag?post=10257"}],"curies":[{"name":"wp","href":"https:\/\/api.w.org\/{rel}","templated":true}]}}