{"id":10239,"date":"2021-12-22T12:37:48","date_gmt":"2021-12-22T11:37:48","guid":{"rendered":"https:\/\/www.prokennex.eu\/non%20class\u00e9\/iq-hexa-matassa\/"},"modified":"2024-03-12T04:18:46","modified_gmt":"2024-03-12T03:18:46","slug":"iq-hexa-matassa","status":"publish","type":"product","link":"https:\/\/www.prokennex.eu\/fr\/cordes-mono-filament\/iq-hexa-matassa\/","title":{"rendered":"Iq Hexa Matassa"},"content":{"rendered":"","protected":false},"excerpt":{"rendered":"<p>Corde monofilament de derni\u00e8re g\u00e9n\u00e9ration. La dimension fine garantit un entra\u00eenement sans pr\u00e9c\u00e9dent et la nouvelle composition du polym\u00e8re garantit moins de perte de tension. La conception unique du monofilament garantit une meilleure adh\u00e9rence sur la balle pour des rotations plus intenses.<\/p>\n","protected":false},"featured_media":10056,"comment_status":"open","ping_status":"closed","template":"","meta":{"_acf_changed":false},"tecnologia":[],"product_brand":[],"product_cat":[1740,1728,1737],"product_tag":[],"class_list":{"0":"post-10239","1":"product","2":"type-product","3":"status-publish","4":"has-post-thumbnail","6":"product_cat-cordes-mono-filament","7":"product_cat-tennis-fr","8":"product_cat-xtras-tennis-fr","10":"first","11":"instock","12":"taxable","13":"shipping-taxable","14":"purchasable","15":"product-type-variable"},"bundled_by":[],"bundle_stock_status":"instock","bundle_stock_quantity":null,"bundle_virtual":false,"bundle_layout":"","bundle_add_to_cart_form_location":"","bundle_editable_in_cart":false,"bundle_sold_individually_context":"","bundle_item_grouping":"","bundle_min_size":"","bundle_max_size":"","bundle_price":[],"bundled_items":[],"bundle_sell_ids":[],"acf":[],"yoast_head":"<!-- This site is optimized with the Yoast SEO plugin v27.4 - https:\/\/yoast.com\/product\/yoast-seo-wordpress\/ -->\n<title>Iq Hexa Matassa - ProKennex Racchette e Accessori<\/title>\n<meta name=\"robots\" content=\"index, follow, max-snippet:-1, max-image-preview:large, max-video-preview:-1\" \/>\n<link rel=\"canonical\" href=\"https:\/\/www.prokennex.eu\/fr\/cordes-mono-filament\/iq-hexa-matassa\/\" \/>\n<meta property=\"og:locale\" content=\"fr_FR\" \/>\n<meta property=\"og:type\" content=\"article\" \/>\n<meta property=\"og:title\" content=\"Iq Hexa Matassa - ProKennex Racchette e Accessori\" \/>\n<meta property=\"og:description\" content=\"Corde monofilament de derni\u00e8re g\u00e9n\u00e9ration. La dimension fine garantit un entra\u00eenement sans pr\u00e9c\u00e9dent et la nouvelle composition du polym\u00e8re garantit moins de perte de tension. La conception unique du monofilament garantit une meilleure adh\u00e9rence sur la balle pour des rotations plus intenses.\" \/>\n<meta property=\"og:url\" content=\"https:\/\/www.prokennex.eu\/fr\/cordes-mono-filament\/iq-hexa-matassa\/\" \/>\n<meta property=\"og:site_name\" content=\"ProKennex Racchette e Accessori\" \/>\n<meta property=\"article:modified_time\" content=\"2024-03-12T03:18:46+00:00\" \/>\n<meta property=\"og:image\" content=\"https:\/\/www.prokennex.eu\/wp-content\/uploads\/2022\/09\/prokennex_20221409-scaled.jpg\" \/>\n\t<meta property=\"og:image:width\" content=\"2560\" \/>\n\t<meta property=\"og:image:height\" content=\"2407\" \/>\n\t<meta property=\"og:image:type\" content=\"image\/jpeg\" \/>\n<meta name=\"twitter:card\" content=\"summary_large_image\" \/>\n<script type=\"application\/ld+json\" class=\"yoast-schema-graph\">{\"@context\":\"https:\\\/\\\/schema.org\",\"@graph\":[{\"@type\":\"WebPage\",\"@id\":\"https:\\\/\\\/www.prokennex.eu\\\/fr\\\/cordes-mono-filament\\\/iq-hexa-matassa\\\/\",\"url\":\"https:\\\/\\\/www.prokennex.eu\\\/fr\\\/cordes-mono-filament\\\/iq-hexa-matassa\\\/\",\"name\":\"Iq Hexa Matassa - ProKennex Racchette e Accessori\",\"isPartOf\":{\"@id\":\"https:\\\/\\\/www.prokennex.eu\\\/fr\\\/#website\"},\"primaryImageOfPage\":{\"@id\":\"https:\\\/\\\/www.prokennex.eu\\\/fr\\\/cordes-mono-filament\\\/iq-hexa-matassa\\\/#primaryimage\"},\"image\":{\"@id\":\"https:\\\/\\\/www.prokennex.eu\\\/fr\\\/cordes-mono-filament\\\/iq-hexa-matassa\\\/#primaryimage\"},\"thumbnailUrl\":\"https:\\\/\\\/www.prokennex.eu\\\/wp-content\\\/uploads\\\/2022\\\/09\\\/prokennex_20221409-scaled.jpg\",\"datePublished\":\"2021-12-22T11:37:48+00:00\",\"dateModified\":\"2024-03-12T03:18:46+00:00\",\"breadcrumb\":{\"@id\":\"https:\\\/\\\/www.prokennex.eu\\\/fr\\\/cordes-mono-filament\\\/iq-hexa-matassa\\\/#breadcrumb\"},\"inLanguage\":\"fr-FR\",\"potentialAction\":[{\"@type\":\"ReadAction\",\"target\":[\"https:\\\/\\\/www.prokennex.eu\\\/fr\\\/cordes-mono-filament\\\/iq-hexa-matassa\\\/\"]}]},{\"@type\":\"ImageObject\",\"inLanguage\":\"fr-FR\",\"@id\":\"https:\\\/\\\/www.prokennex.eu\\\/fr\\\/cordes-mono-filament\\\/iq-hexa-matassa\\\/#primaryimage\",\"url\":\"https:\\\/\\\/www.prokennex.eu\\\/wp-content\\\/uploads\\\/2022\\\/09\\\/prokennex_20221409-scaled.jpg\",\"contentUrl\":\"https:\\\/\\\/www.prokennex.eu\\\/wp-content\\\/uploads\\\/2022\\\/09\\\/prokennex_20221409-scaled.jpg\",\"width\":2560,\"height\":2407},{\"@type\":\"BreadcrumbList\",\"@id\":\"https:\\\/\\\/www.prokennex.eu\\\/fr\\\/cordes-mono-filament\\\/iq-hexa-matassa\\\/#breadcrumb\",\"itemListElement\":[{\"@type\":\"ListItem\",\"position\":1,\"name\":\"Shop\",\"item\":\"https:\\\/\\\/www.prokennex.eu\\\/fr\\\/negozio\\\/\"},{\"@type\":\"ListItem\",\"position\":2,\"name\":\"Tennis\",\"item\":\"https:\\\/\\\/www.prokennex.eu\\\/fr\\\/tennis-fr\\\/\"},{\"@type\":\"ListItem\",\"position\":3,\"name\":\"XTRAS\",\"item\":\"https:\\\/\\\/www.prokennex.eu\\\/fr\\\/tennis-fr\\\/xtras-tennis-fr\\\/\"},{\"@type\":\"ListItem\",\"position\":4,\"name\":\"Cordes Mono-filament\",\"item\":\"https:\\\/\\\/www.prokennex.eu\\\/fr\\\/tennis-fr\\\/xtras-tennis-fr\\\/cordes-mono-filament\\\/\"},{\"@type\":\"ListItem\",\"position\":5,\"name\":\"Iq Hexa Matassa\"}]},{\"@type\":\"WebSite\",\"@id\":\"https:\\\/\\\/www.prokennex.eu\\\/fr\\\/#website\",\"url\":\"https:\\\/\\\/www.prokennex.eu\\\/fr\\\/\",\"name\":\"ProKennex Racchette e Accessori\",\"description\":\"Tomorrow&#039;s Technologies\",\"publisher\":{\"@id\":\"https:\\\/\\\/www.prokennex.eu\\\/fr\\\/#organization\"},\"potentialAction\":[{\"@type\":\"SearchAction\",\"target\":{\"@type\":\"EntryPoint\",\"urlTemplate\":\"https:\\\/\\\/www.prokennex.eu\\\/fr\\\/?s={search_term_string}\"},\"query-input\":{\"@type\":\"PropertyValueSpecification\",\"valueRequired\":true,\"valueName\":\"search_term_string\"}}],\"inLanguage\":\"fr-FR\"},{\"@type\":\"Organization\",\"@id\":\"https:\\\/\\\/www.prokennex.eu\\\/fr\\\/#organization\",\"name\":\"Pro Kennex s.r.l.\",\"url\":\"https:\\\/\\\/www.prokennex.eu\\\/fr\\\/\",\"logo\":{\"@type\":\"ImageObject\",\"inLanguage\":\"fr-FR\",\"@id\":\"https:\\\/\\\/www.prokennex.eu\\\/fr\\\/#\\\/schema\\\/logo\\\/image\\\/\",\"url\":\"https:\\\/\\\/www.prokennex.eu\\\/wp-content\\\/uploads\\\/2021\\\/09\\\/prokennex-logo.svg\",\"contentUrl\":\"https:\\\/\\\/www.prokennex.eu\\\/wp-content\\\/uploads\\\/2021\\\/09\\\/prokennex-logo.svg\",\"width\":\"1440\",\"height\":\"1080\",\"caption\":\"Pro Kennex s.r.l.\"},\"image\":{\"@id\":\"https:\\\/\\\/www.prokennex.eu\\\/fr\\\/#\\\/schema\\\/logo\\\/image\\\/\"}}]}<\/script>\n<!-- \/ Yoast SEO plugin. -->","yoast_head_json":{"title":"Iq Hexa Matassa - ProKennex Racchette e Accessori","robots":{"index":"index","follow":"follow","max-snippet":"max-snippet:-1","max-image-preview":"max-image-preview:large","max-video-preview":"max-video-preview:-1"},"canonical":"https:\/\/www.prokennex.eu\/fr\/cordes-mono-filament\/iq-hexa-matassa\/","og_locale":"fr_FR","og_type":"article","og_title":"Iq Hexa Matassa - ProKennex Racchette e Accessori","og_description":"Corde monofilament de derni\u00e8re g\u00e9n\u00e9ration. La dimension fine garantit un entra\u00eenement sans pr\u00e9c\u00e9dent et la nouvelle composition du polym\u00e8re garantit moins de perte de tension. La conception unique du monofilament garantit une meilleure adh\u00e9rence sur la balle pour des rotations plus intenses.","og_url":"https:\/\/www.prokennex.eu\/fr\/cordes-mono-filament\/iq-hexa-matassa\/","og_site_name":"ProKennex Racchette e Accessori","article_modified_time":"2024-03-12T03:18:46+00:00","og_image":[{"width":2560,"height":2407,"url":"https:\/\/www.prokennex.eu\/wp-content\/uploads\/2022\/09\/prokennex_20221409-scaled.jpg","type":"image\/jpeg"}],"twitter_card":"summary_large_image","schema":{"@context":"https:\/\/schema.org","@graph":[{"@type":"WebPage","@id":"https:\/\/www.prokennex.eu\/fr\/cordes-mono-filament\/iq-hexa-matassa\/","url":"https:\/\/www.prokennex.eu\/fr\/cordes-mono-filament\/iq-hexa-matassa\/","name":"Iq Hexa Matassa - ProKennex Racchette e Accessori","isPartOf":{"@id":"https:\/\/www.prokennex.eu\/fr\/#website"},"primaryImageOfPage":{"@id":"https:\/\/www.prokennex.eu\/fr\/cordes-mono-filament\/iq-hexa-matassa\/#primaryimage"},"image":{"@id":"https:\/\/www.prokennex.eu\/fr\/cordes-mono-filament\/iq-hexa-matassa\/#primaryimage"},"thumbnailUrl":"https:\/\/www.prokennex.eu\/wp-content\/uploads\/2022\/09\/prokennex_20221409-scaled.jpg","datePublished":"2021-12-22T11:37:48+00:00","dateModified":"2024-03-12T03:18:46+00:00","breadcrumb":{"@id":"https:\/\/www.prokennex.eu\/fr\/cordes-mono-filament\/iq-hexa-matassa\/#breadcrumb"},"inLanguage":"fr-FR","potentialAction":[{"@type":"ReadAction","target":["https:\/\/www.prokennex.eu\/fr\/cordes-mono-filament\/iq-hexa-matassa\/"]}]},{"@type":"ImageObject","inLanguage":"fr-FR","@id":"https:\/\/www.prokennex.eu\/fr\/cordes-mono-filament\/iq-hexa-matassa\/#primaryimage","url":"https:\/\/www.prokennex.eu\/wp-content\/uploads\/2022\/09\/prokennex_20221409-scaled.jpg","contentUrl":"https:\/\/www.prokennex.eu\/wp-content\/uploads\/2022\/09\/prokennex_20221409-scaled.jpg","width":2560,"height":2407},{"@type":"BreadcrumbList","@id":"https:\/\/www.prokennex.eu\/fr\/cordes-mono-filament\/iq-hexa-matassa\/#breadcrumb","itemListElement":[{"@type":"ListItem","position":1,"name":"Shop","item":"https:\/\/www.prokennex.eu\/fr\/negozio\/"},{"@type":"ListItem","position":2,"name":"Tennis","item":"https:\/\/www.prokennex.eu\/fr\/tennis-fr\/"},{"@type":"ListItem","position":3,"name":"XTRAS","item":"https:\/\/www.prokennex.eu\/fr\/tennis-fr\/xtras-tennis-fr\/"},{"@type":"ListItem","position":4,"name":"Cordes Mono-filament","item":"https:\/\/www.prokennex.eu\/fr\/tennis-fr\/xtras-tennis-fr\/cordes-mono-filament\/"},{"@type":"ListItem","position":5,"name":"Iq Hexa Matassa"}]},{"@type":"WebSite","@id":"https:\/\/www.prokennex.eu\/fr\/#website","url":"https:\/\/www.prokennex.eu\/fr\/","name":"ProKennex Racchette e Accessori","description":"Tomorrow&#039;s Technologies","publisher":{"@id":"https:\/\/www.prokennex.eu\/fr\/#organization"},"potentialAction":[{"@type":"SearchAction","target":{"@type":"EntryPoint","urlTemplate":"https:\/\/www.prokennex.eu\/fr\/?s={search_term_string}"},"query-input":{"@type":"PropertyValueSpecification","valueRequired":true,"valueName":"search_term_string"}}],"inLanguage":"fr-FR"},{"@type":"Organization","@id":"https:\/\/www.prokennex.eu\/fr\/#organization","name":"Pro Kennex s.r.l.","url":"https:\/\/www.prokennex.eu\/fr\/","logo":{"@type":"ImageObject","inLanguage":"fr-FR","@id":"https:\/\/www.prokennex.eu\/fr\/#\/schema\/logo\/image\/","url":"https:\/\/www.prokennex.eu\/wp-content\/uploads\/2021\/09\/prokennex-logo.svg","contentUrl":"https:\/\/www.prokennex.eu\/wp-content\/uploads\/2021\/09\/prokennex-logo.svg","width":"1440","height":"1080","caption":"Pro Kennex s.r.l."},"image":{"@id":"https:\/\/www.prokennex.eu\/fr\/#\/schema\/logo\/image\/"}}]}},"_links":{"self":[{"href":"https:\/\/www.prokennex.eu\/fr\/wp-json\/wp\/v2\/product\/10239","targetHints":{"allow":["GET"]}}],"collection":[{"href":"https:\/\/www.prokennex.eu\/fr\/wp-json\/wp\/v2\/product"}],"about":[{"href":"https:\/\/www.prokennex.eu\/fr\/wp-json\/wp\/v2\/types\/product"}],"replies":[{"embeddable":true,"href":"https:\/\/www.prokennex.eu\/fr\/wp-json\/wp\/v2\/comments?post=10239"}],"wp:featuredmedia":[{"embeddable":true,"href":"https:\/\/www.prokennex.eu\/fr\/wp-json\/wp\/v2\/media\/10056"}],"wp:attachment":[{"href":"https:\/\/www.prokennex.eu\/fr\/wp-json\/wp\/v2\/media?parent=10239"}],"wp:term":[{"taxonomy":"tecnologia","embeddable":true,"href":"https:\/\/www.prokennex.eu\/fr\/wp-json\/wp\/v2\/tecnologia?post=10239"},{"taxonomy":"product_brand","embeddable":true,"href":"https:\/\/www.prokennex.eu\/fr\/wp-json\/wp\/v2\/product_brand?post=10239"},{"taxonomy":"product_cat","embeddable":true,"href":"https:\/\/www.prokennex.eu\/fr\/wp-json\/wp\/v2\/product_cat?post=10239"},{"taxonomy":"product_tag","embeddable":true,"href":"https:\/\/www.prokennex.eu\/fr\/wp-json\/wp\/v2\/product_tag?post=10239"}],"curies":[{"name":"wp","href":"https:\/\/api.w.org\/{rel}","templated":true}]}}