{"id":10229,"date":"2023-09-23T13:00:23","date_gmt":"2023-09-23T11:00:23","guid":{"rendered":"https:\/\/www.prokennex.eu\/non%20class\u00e9\/zaino-tour\/"},"modified":"2023-10-09T17:18:29","modified_gmt":"2023-10-09T15:18:29","slug":"sac-a-dos-tour","status":"publish","type":"product","link":"https:\/\/www.prokennex.eu\/fr\/sacs-et-sacs-a-dos-tennis\/sac-a-dos-tour\/","title":{"rendered":"Sac \u00e0 dos Tour"},"content":{"rendered":"","protected":false},"excerpt":{"rendered":"<p>Dos ergonomique molletonn\u00e9, trois compartiments dont un pour la raquette avec un prot\u00e8ge-poign\u00e9e pour assurer la s\u00e9curit\u00e9 lors du transport. Poche rembourr\u00e9e pour ordinateur portable ou tablette, plus une poche zipp\u00e9e pour les accessoires et le rangement, et 2poches en filet pour l\u2019eau, les boissons ou un tube \u00e0 balles. Le fond du sac \u00e0 dos est dot\u00e9 d\u2019une poche avec un trou d\u2019a\u00e9ration, id\u00e9ale pour les chaussures ou les v\u00eatements qui transpirent.<\/p>\n<ul>\n<li>Dimensions: 36 x 44 x 26 cm<\/li>\n<li>Capacit\u00e9: 2 raquettes<\/li>\n<\/ul>\n","protected":false},"featured_media":12560,"comment_status":"open","ping_status":"closed","template":"","meta":{"_acf_changed":false},"tecnologia":[],"product_brand":[],"product_cat":[1710,1715,1731,1709,1723,1739,1725,1728,1726,1716,1711,1737],"product_tag":[],"class_list":{"0":"post-10229","1":"product","2":"type-product","3":"status-publish","4":"has-post-thumbnail","6":"product_cat-badminton-fr","7":"product_cat-padel-fr","8":"product_cat-sacs-et-sacs-a-dos-squash","9":"product_cat-sacs-et-sacs-a-dos-badminton","10":"product_cat-sacs-et-sacs-a-dos-padel","11":"product_cat-sacs-et-sacs-a-dos-tennis","12":"product_cat-squash-fr","13":"product_cat-tennis-fr","14":"product_cat-xtras-squash-fr","15":"product_cat-xtras-padel-fr","16":"product_cat-xtras-badminton-fr","17":"product_cat-xtras-tennis-fr","19":"first","20":"outofstock","21":"taxable","22":"shipping-taxable","23":"purchasable","24":"product-type-simple"},"bundled_by":[],"bundle_stock_status":"outofstock","bundle_stock_quantity":0,"bundle_virtual":false,"bundle_layout":"","bundle_add_to_cart_form_location":"","bundle_editable_in_cart":false,"bundle_sold_individually_context":"","bundle_item_grouping":"","bundle_min_size":"","bundle_max_size":"","bundle_price":[],"bundled_items":[],"bundle_sell_ids":[],"acf":[],"yoast_head":"<!-- This site is optimized with the Yoast SEO plugin v27.1.1 - https:\/\/yoast.com\/product\/yoast-seo-wordpress\/ -->\n<title>Sac \u00e0 dos Tour - ProKennex Racchette e Accessori<\/title>\n<meta name=\"robots\" content=\"index, follow, max-snippet:-1, max-image-preview:large, max-video-preview:-1\" \/>\n<link rel=\"canonical\" href=\"https:\/\/www.prokennex.eu\/fr\/sacs-et-sacs-a-dos-tennis\/sac-a-dos-tour\/\" \/>\n<meta property=\"og:locale\" content=\"fr_FR\" \/>\n<meta property=\"og:type\" content=\"article\" \/>\n<meta property=\"og:title\" content=\"Sac \u00e0 dos Tour - ProKennex Racchette e Accessori\" \/>\n<meta property=\"og:description\" content=\"Dos ergonomique molletonn\u00e9, trois compartiments dont un pour la raquette avec un prot\u00e8ge-poign\u00e9e pour assurer la s\u00e9curit\u00e9 lors du transport. Poche rembourr\u00e9e pour ordinateur portable ou tablette, plus une poche zipp\u00e9e pour les accessoires et le rangement, et 2poches en filet pour l\u2019eau, les boissons ou un tube \u00e0 balles. Le fond du sac \u00e0 dos est dot\u00e9 d\u2019une poche avec un trou d\u2019a\u00e9ration, id\u00e9ale pour les chaussures ou les v\u00eatements qui transpirent.   Dimensions: 36 x 44 x 26 cm  Capacit\u00e9: 2 raquettes\" \/>\n<meta property=\"og:url\" content=\"https:\/\/www.prokennex.eu\/fr\/sacs-et-sacs-a-dos-tennis\/sac-a-dos-tour\/\" \/>\n<meta property=\"og:site_name\" content=\"ProKennex Racchette e Accessori\" \/>\n<meta property=\"article:modified_time\" content=\"2023-10-09T15:18:29+00:00\" \/>\n<meta property=\"og:image\" content=\"https:\/\/www.prokennex.eu\/wp-content\/uploads\/2016\/10\/tour-back-pack.jpg\" \/>\n\t<meta property=\"og:image:width\" content=\"2000\" \/>\n\t<meta property=\"og:image:height\" content=\"2000\" \/>\n\t<meta property=\"og:image:type\" content=\"image\/jpeg\" \/>\n<meta name=\"twitter:card\" content=\"summary_large_image\" \/>\n<script type=\"application\/ld+json\" class=\"yoast-schema-graph\">{\"@context\":\"https:\/\/schema.org\",\"@graph\":[{\"@type\":\"WebPage\",\"@id\":\"https:\/\/www.prokennex.eu\/fr\/sacs-et-sacs-a-dos-tennis\/sac-a-dos-tour\/\",\"url\":\"https:\/\/www.prokennex.eu\/fr\/sacs-et-sacs-a-dos-tennis\/sac-a-dos-tour\/\",\"name\":\"Sac \u00e0 dos Tour - ProKennex Racchette e Accessori\",\"isPartOf\":{\"@id\":\"https:\/\/www.prokennex.eu\/fr\/#website\"},\"primaryImageOfPage\":{\"@id\":\"https:\/\/www.prokennex.eu\/fr\/sacs-et-sacs-a-dos-tennis\/sac-a-dos-tour\/#primaryimage\"},\"image\":{\"@id\":\"https:\/\/www.prokennex.eu\/fr\/sacs-et-sacs-a-dos-tennis\/sac-a-dos-tour\/#primaryimage\"},\"thumbnailUrl\":\"https:\/\/www.prokennex.eu\/wp-content\/uploads\/2016\/10\/tour-back-pack.jpg\",\"datePublished\":\"2023-09-23T11:00:23+00:00\",\"dateModified\":\"2023-10-09T15:18:29+00:00\",\"breadcrumb\":{\"@id\":\"https:\/\/www.prokennex.eu\/fr\/sacs-et-sacs-a-dos-tennis\/sac-a-dos-tour\/#breadcrumb\"},\"inLanguage\":\"fr-FR\",\"potentialAction\":[{\"@type\":\"ReadAction\",\"target\":[\"https:\/\/www.prokennex.eu\/fr\/sacs-et-sacs-a-dos-tennis\/sac-a-dos-tour\/\"]}]},{\"@type\":\"ImageObject\",\"inLanguage\":\"fr-FR\",\"@id\":\"https:\/\/www.prokennex.eu\/fr\/sacs-et-sacs-a-dos-tennis\/sac-a-dos-tour\/#primaryimage\",\"url\":\"https:\/\/www.prokennex.eu\/wp-content\/uploads\/2016\/10\/tour-back-pack.jpg\",\"contentUrl\":\"https:\/\/www.prokennex.eu\/wp-content\/uploads\/2016\/10\/tour-back-pack.jpg\",\"width\":2000,\"height\":2000},{\"@type\":\"BreadcrumbList\",\"@id\":\"https:\/\/www.prokennex.eu\/fr\/sacs-et-sacs-a-dos-tennis\/sac-a-dos-tour\/#breadcrumb\",\"itemListElement\":[{\"@type\":\"ListItem\",\"position\":1,\"name\":\"Shop\",\"item\":\"https:\/\/www.prokennex.eu\/fr\/negozio\/\"},{\"@type\":\"ListItem\",\"position\":2,\"name\":\"Squash\",\"item\":\"https:\/\/www.prokennex.eu\/fr\/squash-fr\/\"},{\"@type\":\"ListItem\",\"position\":3,\"name\":\"XTRAS\",\"item\":\"https:\/\/www.prokennex.eu\/fr\/squash-fr\/xtras-squash-fr\/\"},{\"@type\":\"ListItem\",\"position\":4,\"name\":\"Sacs et sacs \u00e0 dos\",\"item\":\"https:\/\/www.prokennex.eu\/fr\/squash-fr\/xtras-squash-fr\/sacs-et-sacs-a-dos-squash\/\"},{\"@type\":\"ListItem\",\"position\":5,\"name\":\"Sac \u00e0 dos Tour\"}]},{\"@type\":\"WebSite\",\"@id\":\"https:\/\/www.prokennex.eu\/fr\/#website\",\"url\":\"https:\/\/www.prokennex.eu\/fr\/\",\"name\":\"ProKennex Racchette e Accessori\",\"description\":\"Tomorrow&#039;s Technologies\",\"publisher\":{\"@id\":\"https:\/\/www.prokennex.eu\/fr\/#organization\"},\"potentialAction\":[{\"@type\":\"SearchAction\",\"target\":{\"@type\":\"EntryPoint\",\"urlTemplate\":\"https:\/\/www.prokennex.eu\/fr\/?s={search_term_string}\"},\"query-input\":{\"@type\":\"PropertyValueSpecification\",\"valueRequired\":true,\"valueName\":\"search_term_string\"}}],\"inLanguage\":\"fr-FR\"},{\"@type\":\"Organization\",\"@id\":\"https:\/\/www.prokennex.eu\/fr\/#organization\",\"name\":\"Pro Kennex s.r.l.\",\"url\":\"https:\/\/www.prokennex.eu\/fr\/\",\"logo\":{\"@type\":\"ImageObject\",\"inLanguage\":\"fr-FR\",\"@id\":\"https:\/\/www.prokennex.eu\/fr\/#\/schema\/logo\/image\/\",\"url\":\"https:\/\/www.prokennex.eu\/wp-content\/uploads\/2021\/09\/prokennex-logo.svg\",\"contentUrl\":\"https:\/\/www.prokennex.eu\/wp-content\/uploads\/2021\/09\/prokennex-logo.svg\",\"width\":\"1440\",\"height\":\"1080\",\"caption\":\"Pro Kennex s.r.l.\"},\"image\":{\"@id\":\"https:\/\/www.prokennex.eu\/fr\/#\/schema\/logo\/image\/\"}}]}<\/script>\n<!-- \/ Yoast SEO plugin. -->","yoast_head_json":{"title":"Sac \u00e0 dos Tour - ProKennex Racchette e Accessori","robots":{"index":"index","follow":"follow","max-snippet":"max-snippet:-1","max-image-preview":"max-image-preview:large","max-video-preview":"max-video-preview:-1"},"canonical":"https:\/\/www.prokennex.eu\/fr\/sacs-et-sacs-a-dos-tennis\/sac-a-dos-tour\/","og_locale":"fr_FR","og_type":"article","og_title":"Sac \u00e0 dos Tour - ProKennex Racchette e Accessori","og_description":"Dos ergonomique molletonn\u00e9, trois compartiments dont un pour la raquette avec un prot\u00e8ge-poign\u00e9e pour assurer la s\u00e9curit\u00e9 lors du transport. Poche rembourr\u00e9e pour ordinateur portable ou tablette, plus une poche zipp\u00e9e pour les accessoires et le rangement, et 2poches en filet pour l\u2019eau, les boissons ou un tube \u00e0 balles. Le fond du sac \u00e0 dos est dot\u00e9 d\u2019une poche avec un trou d\u2019a\u00e9ration, id\u00e9ale pour les chaussures ou les v\u00eatements qui transpirent.   Dimensions: 36 x 44 x 26 cm  Capacit\u00e9: 2 raquettes","og_url":"https:\/\/www.prokennex.eu\/fr\/sacs-et-sacs-a-dos-tennis\/sac-a-dos-tour\/","og_site_name":"ProKennex Racchette e Accessori","article_modified_time":"2023-10-09T15:18:29+00:00","og_image":[{"width":2000,"height":2000,"url":"https:\/\/www.prokennex.eu\/wp-content\/uploads\/2016\/10\/tour-back-pack.jpg","type":"image\/jpeg"}],"twitter_card":"summary_large_image","schema":{"@context":"https:\/\/schema.org","@graph":[{"@type":"WebPage","@id":"https:\/\/www.prokennex.eu\/fr\/sacs-et-sacs-a-dos-tennis\/sac-a-dos-tour\/","url":"https:\/\/www.prokennex.eu\/fr\/sacs-et-sacs-a-dos-tennis\/sac-a-dos-tour\/","name":"Sac \u00e0 dos Tour - ProKennex Racchette e Accessori","isPartOf":{"@id":"https:\/\/www.prokennex.eu\/fr\/#website"},"primaryImageOfPage":{"@id":"https:\/\/www.prokennex.eu\/fr\/sacs-et-sacs-a-dos-tennis\/sac-a-dos-tour\/#primaryimage"},"image":{"@id":"https:\/\/www.prokennex.eu\/fr\/sacs-et-sacs-a-dos-tennis\/sac-a-dos-tour\/#primaryimage"},"thumbnailUrl":"https:\/\/www.prokennex.eu\/wp-content\/uploads\/2016\/10\/tour-back-pack.jpg","datePublished":"2023-09-23T11:00:23+00:00","dateModified":"2023-10-09T15:18:29+00:00","breadcrumb":{"@id":"https:\/\/www.prokennex.eu\/fr\/sacs-et-sacs-a-dos-tennis\/sac-a-dos-tour\/#breadcrumb"},"inLanguage":"fr-FR","potentialAction":[{"@type":"ReadAction","target":["https:\/\/www.prokennex.eu\/fr\/sacs-et-sacs-a-dos-tennis\/sac-a-dos-tour\/"]}]},{"@type":"ImageObject","inLanguage":"fr-FR","@id":"https:\/\/www.prokennex.eu\/fr\/sacs-et-sacs-a-dos-tennis\/sac-a-dos-tour\/#primaryimage","url":"https:\/\/www.prokennex.eu\/wp-content\/uploads\/2016\/10\/tour-back-pack.jpg","contentUrl":"https:\/\/www.prokennex.eu\/wp-content\/uploads\/2016\/10\/tour-back-pack.jpg","width":2000,"height":2000},{"@type":"BreadcrumbList","@id":"https:\/\/www.prokennex.eu\/fr\/sacs-et-sacs-a-dos-tennis\/sac-a-dos-tour\/#breadcrumb","itemListElement":[{"@type":"ListItem","position":1,"name":"Shop","item":"https:\/\/www.prokennex.eu\/fr\/negozio\/"},{"@type":"ListItem","position":2,"name":"Squash","item":"https:\/\/www.prokennex.eu\/fr\/squash-fr\/"},{"@type":"ListItem","position":3,"name":"XTRAS","item":"https:\/\/www.prokennex.eu\/fr\/squash-fr\/xtras-squash-fr\/"},{"@type":"ListItem","position":4,"name":"Sacs et sacs \u00e0 dos","item":"https:\/\/www.prokennex.eu\/fr\/squash-fr\/xtras-squash-fr\/sacs-et-sacs-a-dos-squash\/"},{"@type":"ListItem","position":5,"name":"Sac \u00e0 dos Tour"}]},{"@type":"WebSite","@id":"https:\/\/www.prokennex.eu\/fr\/#website","url":"https:\/\/www.prokennex.eu\/fr\/","name":"ProKennex Racchette e Accessori","description":"Tomorrow&#039;s Technologies","publisher":{"@id":"https:\/\/www.prokennex.eu\/fr\/#organization"},"potentialAction":[{"@type":"SearchAction","target":{"@type":"EntryPoint","urlTemplate":"https:\/\/www.prokennex.eu\/fr\/?s={search_term_string}"},"query-input":{"@type":"PropertyValueSpecification","valueRequired":true,"valueName":"search_term_string"}}],"inLanguage":"fr-FR"},{"@type":"Organization","@id":"https:\/\/www.prokennex.eu\/fr\/#organization","name":"Pro Kennex s.r.l.","url":"https:\/\/www.prokennex.eu\/fr\/","logo":{"@type":"ImageObject","inLanguage":"fr-FR","@id":"https:\/\/www.prokennex.eu\/fr\/#\/schema\/logo\/image\/","url":"https:\/\/www.prokennex.eu\/wp-content\/uploads\/2021\/09\/prokennex-logo.svg","contentUrl":"https:\/\/www.prokennex.eu\/wp-content\/uploads\/2021\/09\/prokennex-logo.svg","width":"1440","height":"1080","caption":"Pro Kennex s.r.l."},"image":{"@id":"https:\/\/www.prokennex.eu\/fr\/#\/schema\/logo\/image\/"}}]}},"_links":{"self":[{"href":"https:\/\/www.prokennex.eu\/fr\/wp-json\/wp\/v2\/product\/10229","targetHints":{"allow":["GET"]}}],"collection":[{"href":"https:\/\/www.prokennex.eu\/fr\/wp-json\/wp\/v2\/product"}],"about":[{"href":"https:\/\/www.prokennex.eu\/fr\/wp-json\/wp\/v2\/types\/product"}],"replies":[{"embeddable":true,"href":"https:\/\/www.prokennex.eu\/fr\/wp-json\/wp\/v2\/comments?post=10229"}],"wp:featuredmedia":[{"embeddable":true,"href":"https:\/\/www.prokennex.eu\/fr\/wp-json\/wp\/v2\/media\/12560"}],"wp:attachment":[{"href":"https:\/\/www.prokennex.eu\/fr\/wp-json\/wp\/v2\/media?parent=10229"}],"wp:term":[{"taxonomy":"tecnologia","embeddable":true,"href":"https:\/\/www.prokennex.eu\/fr\/wp-json\/wp\/v2\/tecnologia?post=10229"},{"taxonomy":"product_brand","embeddable":true,"href":"https:\/\/www.prokennex.eu\/fr\/wp-json\/wp\/v2\/product_brand?post=10229"},{"taxonomy":"product_cat","embeddable":true,"href":"https:\/\/www.prokennex.eu\/fr\/wp-json\/wp\/v2\/product_cat?post=10229"},{"taxonomy":"product_tag","embeddable":true,"href":"https:\/\/www.prokennex.eu\/fr\/wp-json\/wp\/v2\/product_tag?post=10229"}],"curies":[{"name":"wp","href":"https:\/\/api.w.org\/{rel}","templated":true}]}}