{"id":10184,"date":"2022-04-08T17:24:06","date_gmt":"2022-04-08T15:24:06","guid":{"rendered":"https:\/\/www.prokennex.eu\/non%20class\u00e9\/nuova-ki-5\/"},"modified":"2024-09-03T15:18:47","modified_gmt":"2024-09-03T13:18:47","slug":"nouvelle-ki-5","status":"publish","type":"product","link":"https:\/\/www.prokennex.eu\/fr\/raquettes-fr\/nouvelle-ki-5\/","title":{"rendered":"Ki 5"},"content":{"rendered":"","protected":false},"excerpt":{"rendered":"<p>Cadre de taille moyenne avec un profil diff\u00e9rent: banc \u00e0 cordes elliptique, \u00e9paules de cadre trap\u00e9zo\u00efdales. Ces diff\u00e9rentes g\u00e9om\u00e9tries rendent le cadre stable et flexible. Elle offre une excellente sensation de jeu, et est id\u00e9ale pour les frappes tendues et lift\u00e9es lourdes. Le poids, l\u2019\u00e9quilibre et le poids de swing font de cette raquette le meilleur choix pour les joueurs qui veulent un contr\u00f4le total de leurs frappes, en phase d\u2019acc\u00e9l\u00e9ration ou de changement de direction.<\/p>\n<p>Le syst\u00e8me cin\u00e9tique \u00e0 l\u2019int\u00e9rieur de la forme ovale augmente la puissance, la stabilit\u00e9 du banc \u00e0 cordes et le confort du jeu. La chambre d\u2019amortissement cin\u00e9tique r\u00e9duit consid\u00e9rablement la fatigue du bras.<\/p>\n","protected":false},"featured_media":8956,"comment_status":"open","ping_status":"closed","template":"","meta":{"_acf_changed":false},"tecnologia":[1570,1569,1572],"product_brand":[],"product_cat":[1735,1728,1734],"product_tag":[],"class_list":{"0":"post-10184","1":"product","2":"type-product","3":"status-publish","4":"has-post-thumbnail","6":"tecnologia-ionic-technology-fr","7":"tecnologia-kinetic-system-fr","8":"tecnologia-spiral-tech-carbon-fr","9":"product_cat-kinetic-fr","10":"product_cat-tennis-fr","11":"product_cat-raquettes-fr","13":"first","14":"instock","15":"taxable","16":"shipping-taxable","17":"purchasable","18":"product-type-variable"},"bundled_by":[],"bundle_stock_status":"instock","bundle_stock_quantity":null,"bundle_virtual":false,"bundle_layout":"","bundle_add_to_cart_form_location":"","bundle_editable_in_cart":false,"bundle_sold_individually_context":"","bundle_item_grouping":"","bundle_min_size":"","bundle_max_size":"","bundle_price":[],"bundled_items":[],"bundle_sell_ids":[],"acf":[],"yoast_head":"<!-- This site is optimized with the Yoast SEO plugin v27.1.1 - https:\/\/yoast.com\/product\/yoast-seo-wordpress\/ -->\n<title>Ki 5 - ProKennex Racchette e Accessori<\/title>\n<meta name=\"description\" content=\"Una racchetta adatta a giocatori che vogliono il controllo assoluto dei propri colpi, in fase di accelerazioni o variazioni di traiettoria.\" \/>\n<meta name=\"robots\" content=\"index, follow, max-snippet:-1, max-image-preview:large, max-video-preview:-1\" \/>\n<link rel=\"canonical\" href=\"https:\/\/www.prokennex.eu\/fr\/raquettes-fr\/nouvelle-ki-5\/\" \/>\n<meta property=\"og:locale\" content=\"fr_FR\" \/>\n<meta property=\"og:type\" content=\"article\" \/>\n<meta property=\"og:title\" content=\"Ki 5\" \/>\n<meta property=\"og:description\" content=\"Una racchetta adatta a giocatori che vogliono il controllo assoluto dei propri colpi, in fase di accelerazioni o variazioni di traiettoria.\" \/>\n<meta property=\"og:url\" content=\"https:\/\/www.prokennex.eu\/fr\/raquettes-fr\/nouvelle-ki-5\/\" \/>\n<meta property=\"og:site_name\" content=\"ProKennex Racchette e Accessori\" \/>\n<meta property=\"article:modified_time\" content=\"2024-09-03T13:18:47+00:00\" \/>\n<meta name=\"twitter:card\" content=\"summary_large_image\" \/>\n<meta name=\"twitter:image\" content=\"https:\/\/www.prokennex.eu\/wp-content\/uploads\/2022\/04\/prokennex-ki-5-1-1.jpg\" \/>\n<script type=\"application\/ld+json\" class=\"yoast-schema-graph\">{\"@context\":\"https:\/\/schema.org\",\"@graph\":[{\"@type\":\"WebPage\",\"@id\":\"https:\/\/www.prokennex.eu\/fr\/raquettes-fr\/nouvelle-ki-5\/\",\"url\":\"https:\/\/www.prokennex.eu\/fr\/raquettes-fr\/nouvelle-ki-5\/\",\"name\":\"Ki 5 - ProKennex Racchette e Accessori\",\"isPartOf\":{\"@id\":\"https:\/\/www.prokennex.eu\/fr\/#website\"},\"primaryImageOfPage\":{\"@id\":\"https:\/\/www.prokennex.eu\/fr\/raquettes-fr\/nouvelle-ki-5\/#primaryimage\"},\"image\":{\"@id\":\"https:\/\/www.prokennex.eu\/fr\/raquettes-fr\/nouvelle-ki-5\/#primaryimage\"},\"thumbnailUrl\":\"https:\/\/www.prokennex.eu\/wp-content\/uploads\/2022\/04\/prokennex-ki-5-1-1.jpg\",\"datePublished\":\"2022-04-08T15:24:06+00:00\",\"dateModified\":\"2024-09-03T13:18:47+00:00\",\"description\":\"Una racchetta adatta a giocatori che vogliono il controllo assoluto dei propri colpi, in fase di accelerazioni o variazioni di traiettoria.\",\"breadcrumb\":{\"@id\":\"https:\/\/www.prokennex.eu\/fr\/raquettes-fr\/nouvelle-ki-5\/#breadcrumb\"},\"inLanguage\":\"fr-FR\",\"potentialAction\":[{\"@type\":\"ReadAction\",\"target\":[\"https:\/\/www.prokennex.eu\/fr\/raquettes-fr\/nouvelle-ki-5\/\"]}]},{\"@type\":\"ImageObject\",\"inLanguage\":\"fr-FR\",\"@id\":\"https:\/\/www.prokennex.eu\/fr\/raquettes-fr\/nouvelle-ki-5\/#primaryimage\",\"url\":\"https:\/\/www.prokennex.eu\/wp-content\/uploads\/2022\/04\/prokennex-ki-5-1-1.jpg\",\"contentUrl\":\"https:\/\/www.prokennex.eu\/wp-content\/uploads\/2022\/04\/prokennex-ki-5-1-1.jpg\",\"width\":2000,\"height\":2000},{\"@type\":\"BreadcrumbList\",\"@id\":\"https:\/\/www.prokennex.eu\/fr\/raquettes-fr\/nouvelle-ki-5\/#breadcrumb\",\"itemListElement\":[{\"@type\":\"ListItem\",\"position\":1,\"name\":\"Shop\",\"item\":\"https:\/\/www.prokennex.eu\/fr\/negozio\/\"},{\"@type\":\"ListItem\",\"position\":2,\"name\":\"Tennis\",\"item\":\"https:\/\/www.prokennex.eu\/fr\/tennis-fr\/\"},{\"@type\":\"ListItem\",\"position\":3,\"name\":\"Raquettes\",\"item\":\"https:\/\/www.prokennex.eu\/fr\/tennis-fr\/raquettes-fr\/\"},{\"@type\":\"ListItem\",\"position\":4,\"name\":\"Ki 5\"}]},{\"@type\":\"WebSite\",\"@id\":\"https:\/\/www.prokennex.eu\/fr\/#website\",\"url\":\"https:\/\/www.prokennex.eu\/fr\/\",\"name\":\"ProKennex Racchette e Accessori\",\"description\":\"Tomorrow&#039;s Technologies\",\"publisher\":{\"@id\":\"https:\/\/www.prokennex.eu\/fr\/#organization\"},\"potentialAction\":[{\"@type\":\"SearchAction\",\"target\":{\"@type\":\"EntryPoint\",\"urlTemplate\":\"https:\/\/www.prokennex.eu\/fr\/?s={search_term_string}\"},\"query-input\":{\"@type\":\"PropertyValueSpecification\",\"valueRequired\":true,\"valueName\":\"search_term_string\"}}],\"inLanguage\":\"fr-FR\"},{\"@type\":\"Organization\",\"@id\":\"https:\/\/www.prokennex.eu\/fr\/#organization\",\"name\":\"Pro Kennex s.r.l.\",\"url\":\"https:\/\/www.prokennex.eu\/fr\/\",\"logo\":{\"@type\":\"ImageObject\",\"inLanguage\":\"fr-FR\",\"@id\":\"https:\/\/www.prokennex.eu\/fr\/#\/schema\/logo\/image\/\",\"url\":\"https:\/\/www.prokennex.eu\/wp-content\/uploads\/2021\/09\/prokennex-logo.svg\",\"contentUrl\":\"https:\/\/www.prokennex.eu\/wp-content\/uploads\/2021\/09\/prokennex-logo.svg\",\"width\":\"1440\",\"height\":\"1080\",\"caption\":\"Pro Kennex s.r.l.\"},\"image\":{\"@id\":\"https:\/\/www.prokennex.eu\/fr\/#\/schema\/logo\/image\/\"}}]}<\/script>\n<!-- \/ Yoast SEO plugin. -->","yoast_head_json":{"title":"Ki 5 - ProKennex Racchette e Accessori","description":"Una racchetta adatta a giocatori che vogliono il controllo assoluto dei propri colpi, in fase di accelerazioni o variazioni di traiettoria.","robots":{"index":"index","follow":"follow","max-snippet":"max-snippet:-1","max-image-preview":"max-image-preview:large","max-video-preview":"max-video-preview:-1"},"canonical":"https:\/\/www.prokennex.eu\/fr\/raquettes-fr\/nouvelle-ki-5\/","og_locale":"fr_FR","og_type":"article","og_title":"Ki 5","og_description":"Una racchetta adatta a giocatori che vogliono il controllo assoluto dei propri colpi, in fase di accelerazioni o variazioni di traiettoria.","og_url":"https:\/\/www.prokennex.eu\/fr\/raquettes-fr\/nouvelle-ki-5\/","og_site_name":"ProKennex Racchette e Accessori","article_modified_time":"2024-09-03T13:18:47+00:00","twitter_card":"summary_large_image","twitter_image":"https:\/\/www.prokennex.eu\/wp-content\/uploads\/2022\/04\/prokennex-ki-5-1-1.jpg","schema":{"@context":"https:\/\/schema.org","@graph":[{"@type":"WebPage","@id":"https:\/\/www.prokennex.eu\/fr\/raquettes-fr\/nouvelle-ki-5\/","url":"https:\/\/www.prokennex.eu\/fr\/raquettes-fr\/nouvelle-ki-5\/","name":"Ki 5 - ProKennex Racchette e Accessori","isPartOf":{"@id":"https:\/\/www.prokennex.eu\/fr\/#website"},"primaryImageOfPage":{"@id":"https:\/\/www.prokennex.eu\/fr\/raquettes-fr\/nouvelle-ki-5\/#primaryimage"},"image":{"@id":"https:\/\/www.prokennex.eu\/fr\/raquettes-fr\/nouvelle-ki-5\/#primaryimage"},"thumbnailUrl":"https:\/\/www.prokennex.eu\/wp-content\/uploads\/2022\/04\/prokennex-ki-5-1-1.jpg","datePublished":"2022-04-08T15:24:06+00:00","dateModified":"2024-09-03T13:18:47+00:00","description":"Una racchetta adatta a giocatori che vogliono il controllo assoluto dei propri colpi, in fase di accelerazioni o variazioni di traiettoria.","breadcrumb":{"@id":"https:\/\/www.prokennex.eu\/fr\/raquettes-fr\/nouvelle-ki-5\/#breadcrumb"},"inLanguage":"fr-FR","potentialAction":[{"@type":"ReadAction","target":["https:\/\/www.prokennex.eu\/fr\/raquettes-fr\/nouvelle-ki-5\/"]}]},{"@type":"ImageObject","inLanguage":"fr-FR","@id":"https:\/\/www.prokennex.eu\/fr\/raquettes-fr\/nouvelle-ki-5\/#primaryimage","url":"https:\/\/www.prokennex.eu\/wp-content\/uploads\/2022\/04\/prokennex-ki-5-1-1.jpg","contentUrl":"https:\/\/www.prokennex.eu\/wp-content\/uploads\/2022\/04\/prokennex-ki-5-1-1.jpg","width":2000,"height":2000},{"@type":"BreadcrumbList","@id":"https:\/\/www.prokennex.eu\/fr\/raquettes-fr\/nouvelle-ki-5\/#breadcrumb","itemListElement":[{"@type":"ListItem","position":1,"name":"Shop","item":"https:\/\/www.prokennex.eu\/fr\/negozio\/"},{"@type":"ListItem","position":2,"name":"Tennis","item":"https:\/\/www.prokennex.eu\/fr\/tennis-fr\/"},{"@type":"ListItem","position":3,"name":"Raquettes","item":"https:\/\/www.prokennex.eu\/fr\/tennis-fr\/raquettes-fr\/"},{"@type":"ListItem","position":4,"name":"Ki 5"}]},{"@type":"WebSite","@id":"https:\/\/www.prokennex.eu\/fr\/#website","url":"https:\/\/www.prokennex.eu\/fr\/","name":"ProKennex Racchette e Accessori","description":"Tomorrow&#039;s Technologies","publisher":{"@id":"https:\/\/www.prokennex.eu\/fr\/#organization"},"potentialAction":[{"@type":"SearchAction","target":{"@type":"EntryPoint","urlTemplate":"https:\/\/www.prokennex.eu\/fr\/?s={search_term_string}"},"query-input":{"@type":"PropertyValueSpecification","valueRequired":true,"valueName":"search_term_string"}}],"inLanguage":"fr-FR"},{"@type":"Organization","@id":"https:\/\/www.prokennex.eu\/fr\/#organization","name":"Pro Kennex s.r.l.","url":"https:\/\/www.prokennex.eu\/fr\/","logo":{"@type":"ImageObject","inLanguage":"fr-FR","@id":"https:\/\/www.prokennex.eu\/fr\/#\/schema\/logo\/image\/","url":"https:\/\/www.prokennex.eu\/wp-content\/uploads\/2021\/09\/prokennex-logo.svg","contentUrl":"https:\/\/www.prokennex.eu\/wp-content\/uploads\/2021\/09\/prokennex-logo.svg","width":"1440","height":"1080","caption":"Pro Kennex s.r.l."},"image":{"@id":"https:\/\/www.prokennex.eu\/fr\/#\/schema\/logo\/image\/"}}]}},"_links":{"self":[{"href":"https:\/\/www.prokennex.eu\/fr\/wp-json\/wp\/v2\/product\/10184","targetHints":{"allow":["GET"]}}],"collection":[{"href":"https:\/\/www.prokennex.eu\/fr\/wp-json\/wp\/v2\/product"}],"about":[{"href":"https:\/\/www.prokennex.eu\/fr\/wp-json\/wp\/v2\/types\/product"}],"replies":[{"embeddable":true,"href":"https:\/\/www.prokennex.eu\/fr\/wp-json\/wp\/v2\/comments?post=10184"}],"wp:featuredmedia":[{"embeddable":true,"href":"https:\/\/www.prokennex.eu\/fr\/wp-json\/wp\/v2\/media\/8956"}],"wp:attachment":[{"href":"https:\/\/www.prokennex.eu\/fr\/wp-json\/wp\/v2\/media?parent=10184"}],"wp:term":[{"taxonomy":"tecnologia","embeddable":true,"href":"https:\/\/www.prokennex.eu\/fr\/wp-json\/wp\/v2\/tecnologia?post=10184"},{"taxonomy":"product_brand","embeddable":true,"href":"https:\/\/www.prokennex.eu\/fr\/wp-json\/wp\/v2\/product_brand?post=10184"},{"taxonomy":"product_cat","embeddable":true,"href":"https:\/\/www.prokennex.eu\/fr\/wp-json\/wp\/v2\/product_cat?post=10184"},{"taxonomy":"product_tag","embeddable":true,"href":"https:\/\/www.prokennex.eu\/fr\/wp-json\/wp\/v2\/product_tag?post=10184"}],"curies":[{"name":"wp","href":"https:\/\/api.w.org\/{rel}","templated":true}]}}