{"id":10132,"date":"2024-09-10T09:13:26","date_gmt":"2024-09-10T07:13:26","guid":{"rendered":"https:\/\/www.prokennex.eu\/non%20class\u00e9\/prokennex-black-ace-pro\/"},"modified":"2024-09-12T18:52:52","modified_gmt":"2024-09-12T16:52:52","slug":"prokennex-black-ace-pro","status":"publish","type":"product","link":"https:\/\/www.prokennex.eu\/fr\/raquettes-fr\/prokennex-black-ace-pro\/","title":{"rendered":"Black Ace Pro"},"content":{"rendered":"","protected":false},"excerpt":{"rendered":"<p>Le nouveau Black Ace Pro est dot\u00e9 d&rsquo;un cadre comp\u00e9titif avec des caract\u00e9ristiques encore plus extr\u00eames que le Black Ace. D\u00e9velopp\u00e9e en <strong>carbone Aurelian<\/strong> 24k et soutenue par la technologie <strong>FlexLogic<\/strong>, qui permet de r\u00e9duire la d\u00e9formation de la t\u00eate du cadre pour permettre au joueur de r\u00e9aliser les meilleurs coups possibles, cette raquette dispose d&rsquo;un tamis de 97 in<sup>2<\/sup> et d&rsquo;un profil \u00e9troit pour une sensation de balle absolue. Rapide et pr\u00e9cise en sortie, la nouvelle Black Ace Pro permet une grande acc\u00e9l\u00e9ration et un contr\u00f4le optimal.<\/p>\n<p>Le Black Ace Pro est la raquette id\u00e9ale pour le joueur de tennis agressif qui aime le jeu moderne, o\u00f9 l&rsquo;attaque est la meilleure d\u00e9fense.<\/p>\n<p>Le <strong>syst\u00e8me exclusif Kinetic<\/strong> \u00e0 l&rsquo;int\u00e9rieur de la t\u00eate de la raquette augmente la puissance et procure un confort et une stabilit\u00e9 imm\u00e9diats au tamis.<\/p>\n<p>La <strong>chambre d&rsquo;amortissement Kinetic <\/strong>dans le manche \u00e9limine les vibrations et r\u00e9duit consid\u00e9rablement la fatigue du bras<\/p>\n","protected":false},"featured_media":14053,"comment_status":"open","ping_status":"closed","template":"","meta":{"_acf_changed":false},"tecnologia":[2044,1570,1569],"product_brand":[],"product_cat":[1728,1734],"product_tag":[2055],"class_list":{"0":"post-10132","1":"product","2":"type-product","3":"status-publish","4":"has-post-thumbnail","6":"tecnologia-aurelian-carbon-fr","7":"tecnologia-ionic-technology-fr","8":"tecnologia-kinetic-system-fr","9":"product_cat-tennis-fr","10":"product_cat-raquettes-fr","11":"product_tag-ace-station-fr","13":"first","14":"instock","15":"taxable","16":"shipping-taxable","17":"purchasable","18":"product-type-variable","19":"has-default-attributes"},"bundled_by":[],"bundle_stock_status":"instock","bundle_stock_quantity":null,"bundle_virtual":false,"bundle_layout":"","bundle_add_to_cart_form_location":"","bundle_editable_in_cart":false,"bundle_sold_individually_context":"","bundle_item_grouping":"","bundle_min_size":"","bundle_max_size":"","bundle_price":[],"bundled_items":[],"bundle_sell_ids":[],"acf":[],"yoast_head":"<!-- This site is optimized with the Yoast SEO plugin v27.4 - https:\/\/yoast.com\/product\/yoast-seo-wordpress\/ -->\n<title>Black Ace Pro - ProKennex Racchette e Accessori<\/title>\n<meta name=\"robots\" content=\"index, follow, max-snippet:-1, max-image-preview:large, max-video-preview:-1\" \/>\n<link rel=\"canonical\" href=\"https:\/\/www.prokennex.eu\/fr\/raquettes-fr\/prokennex-black-ace-pro\/\" \/>\n<meta property=\"og:locale\" content=\"fr_FR\" \/>\n<meta property=\"og:type\" content=\"article\" \/>\n<meta property=\"og:title\" content=\"Black Ace Pro - ProKennex Racchette e Accessori\" \/>\n<meta property=\"og:description\" content=\"Le nouveau Black Ace Pro est dot\u00e9 d&#039;un cadre comp\u00e9titif avec des caract\u00e9ristiques encore plus extr\u00eames que le Black Ace. D\u00e9velopp\u00e9e en carbone Aurelian 24k et soutenue par la technologie FlexLogic, qui permet de r\u00e9duire la d\u00e9formation de la t\u00eate du cadre pour permettre au joueur de r\u00e9aliser les meilleurs coups possibles, cette raquette dispose d&#039;un tamis de 97 in2 et d&#039;un profil \u00e9troit pour une sensation de balle absolue. Rapide et pr\u00e9cise en sortie, la nouvelle Black Ace Pro permet une grande acc\u00e9l\u00e9ration et un contr\u00f4le optimal.  Le Black Ace Pro est la raquette id\u00e9ale pour le joueur de tennis agressif qui aime le jeu moderne, o\u00f9 l&#039;attaque est la meilleure d\u00e9fense.  Le syst\u00e8me exclusif Kinetic \u00e0 l&#039;int\u00e9rieur de la t\u00eate de la raquette augmente la puissance et procure un confort et une stabilit\u00e9 imm\u00e9diats au tamis.  La chambre d&#039;amortissement Kinetic dans le manche \u00e9limine les vibrations et r\u00e9duit consid\u00e9rablement la fatigue du bras\" \/>\n<meta property=\"og:url\" content=\"https:\/\/www.prokennex.eu\/fr\/raquettes-fr\/prokennex-black-ace-pro\/\" \/>\n<meta property=\"og:site_name\" content=\"ProKennex Racchette e Accessori\" \/>\n<meta property=\"article:modified_time\" content=\"2024-09-12T16:52:52+00:00\" \/>\n<meta property=\"og:image\" content=\"https:\/\/www.prokennex.eu\/wp-content\/uploads\/2021\/04\/black-ace-pro.jpg\" \/>\n\t<meta property=\"og:image:width\" content=\"2000\" \/>\n\t<meta property=\"og:image:height\" content=\"2000\" \/>\n\t<meta property=\"og:image:type\" content=\"image\/jpeg\" \/>\n<meta name=\"twitter:card\" content=\"summary_large_image\" \/>\n<script type=\"application\/ld+json\" class=\"yoast-schema-graph\">{\"@context\":\"https:\\\/\\\/schema.org\",\"@graph\":[{\"@type\":\"WebPage\",\"@id\":\"https:\\\/\\\/www.prokennex.eu\\\/fr\\\/raquettes-fr\\\/prokennex-black-ace-pro\\\/\",\"url\":\"https:\\\/\\\/www.prokennex.eu\\\/fr\\\/raquettes-fr\\\/prokennex-black-ace-pro\\\/\",\"name\":\"Black Ace Pro - ProKennex Racchette e Accessori\",\"isPartOf\":{\"@id\":\"https:\\\/\\\/www.prokennex.eu\\\/fr\\\/#website\"},\"primaryImageOfPage\":{\"@id\":\"https:\\\/\\\/www.prokennex.eu\\\/fr\\\/raquettes-fr\\\/prokennex-black-ace-pro\\\/#primaryimage\"},\"image\":{\"@id\":\"https:\\\/\\\/www.prokennex.eu\\\/fr\\\/raquettes-fr\\\/prokennex-black-ace-pro\\\/#primaryimage\"},\"thumbnailUrl\":\"https:\\\/\\\/www.prokennex.eu\\\/wp-content\\\/uploads\\\/2021\\\/04\\\/black-ace-pro.jpg\",\"datePublished\":\"2024-09-10T07:13:26+00:00\",\"dateModified\":\"2024-09-12T16:52:52+00:00\",\"breadcrumb\":{\"@id\":\"https:\\\/\\\/www.prokennex.eu\\\/fr\\\/raquettes-fr\\\/prokennex-black-ace-pro\\\/#breadcrumb\"},\"inLanguage\":\"fr-FR\",\"potentialAction\":[{\"@type\":\"ReadAction\",\"target\":[\"https:\\\/\\\/www.prokennex.eu\\\/fr\\\/raquettes-fr\\\/prokennex-black-ace-pro\\\/\"]}]},{\"@type\":\"ImageObject\",\"inLanguage\":\"fr-FR\",\"@id\":\"https:\\\/\\\/www.prokennex.eu\\\/fr\\\/raquettes-fr\\\/prokennex-black-ace-pro\\\/#primaryimage\",\"url\":\"https:\\\/\\\/www.prokennex.eu\\\/wp-content\\\/uploads\\\/2021\\\/04\\\/black-ace-pro.jpg\",\"contentUrl\":\"https:\\\/\\\/www.prokennex.eu\\\/wp-content\\\/uploads\\\/2021\\\/04\\\/black-ace-pro.jpg\",\"width\":2000,\"height\":2000},{\"@type\":\"BreadcrumbList\",\"@id\":\"https:\\\/\\\/www.prokennex.eu\\\/fr\\\/raquettes-fr\\\/prokennex-black-ace-pro\\\/#breadcrumb\",\"itemListElement\":[{\"@type\":\"ListItem\",\"position\":1,\"name\":\"Shop\",\"item\":\"https:\\\/\\\/www.prokennex.eu\\\/fr\\\/negozio\\\/\"},{\"@type\":\"ListItem\",\"position\":2,\"name\":\"Tennis\",\"item\":\"https:\\\/\\\/www.prokennex.eu\\\/fr\\\/tennis-fr\\\/\"},{\"@type\":\"ListItem\",\"position\":3,\"name\":\"Raquettes\",\"item\":\"https:\\\/\\\/www.prokennex.eu\\\/fr\\\/tennis-fr\\\/raquettes-fr\\\/\"},{\"@type\":\"ListItem\",\"position\":4,\"name\":\"Black Ace Pro\"}]},{\"@type\":\"WebSite\",\"@id\":\"https:\\\/\\\/www.prokennex.eu\\\/fr\\\/#website\",\"url\":\"https:\\\/\\\/www.prokennex.eu\\\/fr\\\/\",\"name\":\"ProKennex Racchette e Accessori\",\"description\":\"Tomorrow&#039;s Technologies\",\"publisher\":{\"@id\":\"https:\\\/\\\/www.prokennex.eu\\\/fr\\\/#organization\"},\"potentialAction\":[{\"@type\":\"SearchAction\",\"target\":{\"@type\":\"EntryPoint\",\"urlTemplate\":\"https:\\\/\\\/www.prokennex.eu\\\/fr\\\/?s={search_term_string}\"},\"query-input\":{\"@type\":\"PropertyValueSpecification\",\"valueRequired\":true,\"valueName\":\"search_term_string\"}}],\"inLanguage\":\"fr-FR\"},{\"@type\":\"Organization\",\"@id\":\"https:\\\/\\\/www.prokennex.eu\\\/fr\\\/#organization\",\"name\":\"Pro Kennex s.r.l.\",\"url\":\"https:\\\/\\\/www.prokennex.eu\\\/fr\\\/\",\"logo\":{\"@type\":\"ImageObject\",\"inLanguage\":\"fr-FR\",\"@id\":\"https:\\\/\\\/www.prokennex.eu\\\/fr\\\/#\\\/schema\\\/logo\\\/image\\\/\",\"url\":\"https:\\\/\\\/www.prokennex.eu\\\/wp-content\\\/uploads\\\/2021\\\/09\\\/prokennex-logo.svg\",\"contentUrl\":\"https:\\\/\\\/www.prokennex.eu\\\/wp-content\\\/uploads\\\/2021\\\/09\\\/prokennex-logo.svg\",\"width\":\"1440\",\"height\":\"1080\",\"caption\":\"Pro Kennex s.r.l.\"},\"image\":{\"@id\":\"https:\\\/\\\/www.prokennex.eu\\\/fr\\\/#\\\/schema\\\/logo\\\/image\\\/\"}}]}<\/script>\n<!-- \/ Yoast SEO plugin. -->","yoast_head_json":{"title":"Black Ace Pro - ProKennex Racchette e Accessori","robots":{"index":"index","follow":"follow","max-snippet":"max-snippet:-1","max-image-preview":"max-image-preview:large","max-video-preview":"max-video-preview:-1"},"canonical":"https:\/\/www.prokennex.eu\/fr\/raquettes-fr\/prokennex-black-ace-pro\/","og_locale":"fr_FR","og_type":"article","og_title":"Black Ace Pro - ProKennex Racchette e Accessori","og_description":"Le nouveau Black Ace Pro est dot\u00e9 d'un cadre comp\u00e9titif avec des caract\u00e9ristiques encore plus extr\u00eames que le Black Ace. D\u00e9velopp\u00e9e en carbone Aurelian 24k et soutenue par la technologie FlexLogic, qui permet de r\u00e9duire la d\u00e9formation de la t\u00eate du cadre pour permettre au joueur de r\u00e9aliser les meilleurs coups possibles, cette raquette dispose d'un tamis de 97 in2 et d'un profil \u00e9troit pour une sensation de balle absolue. Rapide et pr\u00e9cise en sortie, la nouvelle Black Ace Pro permet une grande acc\u00e9l\u00e9ration et un contr\u00f4le optimal.  Le Black Ace Pro est la raquette id\u00e9ale pour le joueur de tennis agressif qui aime le jeu moderne, o\u00f9 l'attaque est la meilleure d\u00e9fense.  Le syst\u00e8me exclusif Kinetic \u00e0 l'int\u00e9rieur de la t\u00eate de la raquette augmente la puissance et procure un confort et une stabilit\u00e9 imm\u00e9diats au tamis.  La chambre d'amortissement Kinetic dans le manche \u00e9limine les vibrations et r\u00e9duit consid\u00e9rablement la fatigue du bras","og_url":"https:\/\/www.prokennex.eu\/fr\/raquettes-fr\/prokennex-black-ace-pro\/","og_site_name":"ProKennex Racchette e Accessori","article_modified_time":"2024-09-12T16:52:52+00:00","og_image":[{"width":2000,"height":2000,"url":"https:\/\/www.prokennex.eu\/wp-content\/uploads\/2021\/04\/black-ace-pro.jpg","type":"image\/jpeg"}],"twitter_card":"summary_large_image","schema":{"@context":"https:\/\/schema.org","@graph":[{"@type":"WebPage","@id":"https:\/\/www.prokennex.eu\/fr\/raquettes-fr\/prokennex-black-ace-pro\/","url":"https:\/\/www.prokennex.eu\/fr\/raquettes-fr\/prokennex-black-ace-pro\/","name":"Black Ace Pro - ProKennex Racchette e Accessori","isPartOf":{"@id":"https:\/\/www.prokennex.eu\/fr\/#website"},"primaryImageOfPage":{"@id":"https:\/\/www.prokennex.eu\/fr\/raquettes-fr\/prokennex-black-ace-pro\/#primaryimage"},"image":{"@id":"https:\/\/www.prokennex.eu\/fr\/raquettes-fr\/prokennex-black-ace-pro\/#primaryimage"},"thumbnailUrl":"https:\/\/www.prokennex.eu\/wp-content\/uploads\/2021\/04\/black-ace-pro.jpg","datePublished":"2024-09-10T07:13:26+00:00","dateModified":"2024-09-12T16:52:52+00:00","breadcrumb":{"@id":"https:\/\/www.prokennex.eu\/fr\/raquettes-fr\/prokennex-black-ace-pro\/#breadcrumb"},"inLanguage":"fr-FR","potentialAction":[{"@type":"ReadAction","target":["https:\/\/www.prokennex.eu\/fr\/raquettes-fr\/prokennex-black-ace-pro\/"]}]},{"@type":"ImageObject","inLanguage":"fr-FR","@id":"https:\/\/www.prokennex.eu\/fr\/raquettes-fr\/prokennex-black-ace-pro\/#primaryimage","url":"https:\/\/www.prokennex.eu\/wp-content\/uploads\/2021\/04\/black-ace-pro.jpg","contentUrl":"https:\/\/www.prokennex.eu\/wp-content\/uploads\/2021\/04\/black-ace-pro.jpg","width":2000,"height":2000},{"@type":"BreadcrumbList","@id":"https:\/\/www.prokennex.eu\/fr\/raquettes-fr\/prokennex-black-ace-pro\/#breadcrumb","itemListElement":[{"@type":"ListItem","position":1,"name":"Shop","item":"https:\/\/www.prokennex.eu\/fr\/negozio\/"},{"@type":"ListItem","position":2,"name":"Tennis","item":"https:\/\/www.prokennex.eu\/fr\/tennis-fr\/"},{"@type":"ListItem","position":3,"name":"Raquettes","item":"https:\/\/www.prokennex.eu\/fr\/tennis-fr\/raquettes-fr\/"},{"@type":"ListItem","position":4,"name":"Black Ace Pro"}]},{"@type":"WebSite","@id":"https:\/\/www.prokennex.eu\/fr\/#website","url":"https:\/\/www.prokennex.eu\/fr\/","name":"ProKennex Racchette e Accessori","description":"Tomorrow&#039;s Technologies","publisher":{"@id":"https:\/\/www.prokennex.eu\/fr\/#organization"},"potentialAction":[{"@type":"SearchAction","target":{"@type":"EntryPoint","urlTemplate":"https:\/\/www.prokennex.eu\/fr\/?s={search_term_string}"},"query-input":{"@type":"PropertyValueSpecification","valueRequired":true,"valueName":"search_term_string"}}],"inLanguage":"fr-FR"},{"@type":"Organization","@id":"https:\/\/www.prokennex.eu\/fr\/#organization","name":"Pro Kennex s.r.l.","url":"https:\/\/www.prokennex.eu\/fr\/","logo":{"@type":"ImageObject","inLanguage":"fr-FR","@id":"https:\/\/www.prokennex.eu\/fr\/#\/schema\/logo\/image\/","url":"https:\/\/www.prokennex.eu\/wp-content\/uploads\/2021\/09\/prokennex-logo.svg","contentUrl":"https:\/\/www.prokennex.eu\/wp-content\/uploads\/2021\/09\/prokennex-logo.svg","width":"1440","height":"1080","caption":"Pro Kennex s.r.l."},"image":{"@id":"https:\/\/www.prokennex.eu\/fr\/#\/schema\/logo\/image\/"}}]}},"_links":{"self":[{"href":"https:\/\/www.prokennex.eu\/fr\/wp-json\/wp\/v2\/product\/10132","targetHints":{"allow":["GET"]}}],"collection":[{"href":"https:\/\/www.prokennex.eu\/fr\/wp-json\/wp\/v2\/product"}],"about":[{"href":"https:\/\/www.prokennex.eu\/fr\/wp-json\/wp\/v2\/types\/product"}],"replies":[{"embeddable":true,"href":"https:\/\/www.prokennex.eu\/fr\/wp-json\/wp\/v2\/comments?post=10132"}],"wp:featuredmedia":[{"embeddable":true,"href":"https:\/\/www.prokennex.eu\/fr\/wp-json\/wp\/v2\/media\/14053"}],"wp:attachment":[{"href":"https:\/\/www.prokennex.eu\/fr\/wp-json\/wp\/v2\/media?parent=10132"}],"wp:term":[{"taxonomy":"tecnologia","embeddable":true,"href":"https:\/\/www.prokennex.eu\/fr\/wp-json\/wp\/v2\/tecnologia?post=10132"},{"taxonomy":"product_brand","embeddable":true,"href":"https:\/\/www.prokennex.eu\/fr\/wp-json\/wp\/v2\/product_brand?post=10132"},{"taxonomy":"product_cat","embeddable":true,"href":"https:\/\/www.prokennex.eu\/fr\/wp-json\/wp\/v2\/product_cat?post=10132"},{"taxonomy":"product_tag","embeddable":true,"href":"https:\/\/www.prokennex.eu\/fr\/wp-json\/wp\/v2\/product_tag?post=10132"}],"curies":[{"name":"wp","href":"https:\/\/api.w.org\/{rel}","templated":true}]}}