{"id":9567,"date":"2021-04-11T11:53:33","date_gmt":"2021-04-11T09:53:33","guid":{"rendered":"https:\/\/www.prokennex.eu\/spese-di-spedizione-e-pagamenti\/"},"modified":"2022-09-27T11:54:41","modified_gmt":"2022-09-27T09:54:41","slug":"frais-dexpedition-et-paiements","status":"publish","type":"page","link":"https:\/\/www.prokennex.eu\/fr\/frais-dexpedition-et-paiements\/","title":{"rendered":"Frais d\u2019exp\u00e9dition et paiements"},"content":{"rendered":"\n\t<section class=\"section\" id=\"section_1677942739\">\n\t\t<div class=\"section-bg fill\" >\n\t\t\t\t\t\t\t\t\t\n\t\t\t\n\n\t\t<\/div>\n\n\t\t\n\n\t\t<div class=\"section-content relative\">\n\t\t\t\n<div class=\"row align-center\"  id=\"row-195639638\">\n\n\t<div id=\"col-968770476\" class=\"col medium-10 small-12 large-10\"  >\n\t\t\t\t<div class=\"col-inner\"  >\n\t\t\t\n\t\t\t\n<p><strong>EXP\u00c9DITION<\/strong><\/p>\n<p>L\u2019exp\u00e9dition est gratuite sur tout le territoire italien pour les montants sup\u00e9rieurs \u00e0 50,00\u00a0\u20ac. Pour les montants inf\u00e9rieurs, le tarif dans le territoire italien de 15,00\u00a0\u20ac s\u2019applique pour tout produit. Les d\u00e9lais d\u2019exp\u00e9dition sont habituellement de 24\/48 heures sur tout le territoire italien. Les commandes r\u00e9gl\u00e9es par virement bancaire seront trait\u00e9es apr\u00e8s r\u00e9ception effective du montant de la commande. En g\u00e9n\u00e9ral, les d\u00e9lai sont de 2\/3 jours travaill\u00e9s. Un e-mail pr\u00e9viendra le client que l\u2019exp\u00e9dition a \u00e9t\u00e9 effectu\u00e9e et communiquera un code de pour pouvoir suivre le colis \u00e0 tout moment.<\/p>\n<p>Toutes les commandes sont exp\u00e9di\u00e9e du lundi au vendredi (\u00e0 l\u2019exclusion des jours f\u00e9ri\u00e9s et des veilles des jours f\u00e9ri\u00e9s). Les commandes pass\u00e9es avant 12h seront envoy\u00e9es le jour-m\u00eame, alors que celles pass\u00e9es apr\u00e8s 12h seront envoy\u00e9es le jour suivant.<\/p>\n<p>Pour chaque commande est disponible un service tra\u00e7abilit\u00e9 avec les donn\u00e9es que le transporteur enverra automatiquement pour suivre la commande.<\/p>\n<p><strong>PAIEMENT<\/strong><\/p>\n<p><strong>PAYPAL<\/strong><\/p>\n<p>La m\u00e9thode la plus rapide, la plus s\u00fbre et la plus utilis\u00e9e au monde. Une fois votre commande termin\u00e9e, connectez-vous \u00e0 votre compte PayPal pour effectuer votre paiement.<\/p>\n<p><strong>VIREMENT BANCAIRE<\/strong><\/p>\n<p>C\u2019est un transfert de fonds du montant de la commande de banque \u00e0 banque. La commande sera exp\u00e9di\u00e9e une fois le paiement re\u00e7u, g\u00e9n\u00e9ralement dans les deux ou trois jours ouvrables.<\/p>\n<p><strong>CARTE DE CR\u00c9DIT<\/strong><\/p>\n<p>Payez confortablement avec votre carte de cr\u00e9dit en toute s\u00e9curit\u00e9 via PayPal en saisissant les d\u00e9tails de votre carte dans l\u2019espace pr\u00e9vu \u00e0 cet effet. Il n\u2019est pas n\u00e9cessaire d\u2019avoir un compte PayPal pour payer par carte de cr\u00e9dit. Ce mode de paiement n\u2019entra\u00eene pas de frais suppl\u00e9mentaires pour vous.<\/p>\n\t\t<\/div>\n\t\t\t\t\t<\/div>\n\n\t\n<\/div>\n\t\t<\/div>\n\n\t\t\n<style>\n#section_1677942739 {\n  padding-top: 30px;\n  padding-bottom: 30px;\n}\n<\/style>\n\t<\/section>\n\t\n","protected":false},"excerpt":{"rendered":"","protected":false},"author":1,"featured_media":0,"parent":0,"menu_order":0,"comment_status":"closed","ping_status":"closed","template":"","meta":{"_acf_changed":false,"footnotes":""},"class_list":["post-9567","page","type-page","status-publish","hentry"],"acf":[],"yoast_head":"<!-- This site is optimized with the Yoast SEO plugin v27.4 - https:\/\/yoast.com\/product\/yoast-seo-wordpress\/ -->\n<title>Frais d\u2019exp\u00e9dition et paiements - ProKennex Racchette e Accessori<\/title>\n<meta name=\"robots\" content=\"index, follow, max-snippet:-1, max-image-preview:large, max-video-preview:-1\" \/>\n<link rel=\"canonical\" href=\"https:\/\/www.prokennex.eu\/fr\/frais-dexpedition-et-paiements\/\" \/>\n<meta property=\"og:locale\" content=\"fr_FR\" \/>\n<meta property=\"og:type\" content=\"article\" \/>\n<meta property=\"og:title\" content=\"Frais d\u2019exp\u00e9dition et paiements - ProKennex Racchette e Accessori\" \/>\n<meta property=\"og:url\" content=\"https:\/\/www.prokennex.eu\/fr\/frais-dexpedition-et-paiements\/\" \/>\n<meta property=\"og:site_name\" content=\"ProKennex Racchette e Accessori\" \/>\n<meta property=\"article:modified_time\" content=\"2022-09-27T09:54:41+00:00\" \/>\n<meta name=\"twitter:card\" content=\"summary_large_image\" \/>\n<script type=\"application\/ld+json\" class=\"yoast-schema-graph\">{\"@context\":\"https:\\\/\\\/schema.org\",\"@graph\":[{\"@type\":\"WebPage\",\"@id\":\"https:\\\/\\\/www.prokennex.eu\\\/fr\\\/frais-dexpedition-et-paiements\\\/\",\"url\":\"https:\\\/\\\/www.prokennex.eu\\\/fr\\\/frais-dexpedition-et-paiements\\\/\",\"name\":\"Frais d\u2019exp\u00e9dition et paiements - ProKennex Racchette e Accessori\",\"isPartOf\":{\"@id\":\"https:\\\/\\\/www.prokennex.eu\\\/fr\\\/#website\"},\"datePublished\":\"2021-04-11T09:53:33+00:00\",\"dateModified\":\"2022-09-27T09:54:41+00:00\",\"inLanguage\":\"fr-FR\",\"potentialAction\":[{\"@type\":\"ReadAction\",\"target\":[\"https:\\\/\\\/www.prokennex.eu\\\/fr\\\/frais-dexpedition-et-paiements\\\/\"]}]},{\"@type\":\"WebSite\",\"@id\":\"https:\\\/\\\/www.prokennex.eu\\\/fr\\\/#website\",\"url\":\"https:\\\/\\\/www.prokennex.eu\\\/fr\\\/\",\"name\":\"ProKennex Racchette e Accessori\",\"description\":\"Tomorrow&#039;s Technologies\",\"publisher\":{\"@id\":\"https:\\\/\\\/www.prokennex.eu\\\/fr\\\/#organization\"},\"potentialAction\":[{\"@type\":\"SearchAction\",\"target\":{\"@type\":\"EntryPoint\",\"urlTemplate\":\"https:\\\/\\\/www.prokennex.eu\\\/fr\\\/?s={search_term_string}\"},\"query-input\":{\"@type\":\"PropertyValueSpecification\",\"valueRequired\":true,\"valueName\":\"search_term_string\"}}],\"inLanguage\":\"fr-FR\"},{\"@type\":\"Organization\",\"@id\":\"https:\\\/\\\/www.prokennex.eu\\\/fr\\\/#organization\",\"name\":\"Pro Kennex s.r.l.\",\"url\":\"https:\\\/\\\/www.prokennex.eu\\\/fr\\\/\",\"logo\":{\"@type\":\"ImageObject\",\"inLanguage\":\"fr-FR\",\"@id\":\"https:\\\/\\\/www.prokennex.eu\\\/fr\\\/#\\\/schema\\\/logo\\\/image\\\/\",\"url\":\"https:\\\/\\\/www.prokennex.eu\\\/wp-content\\\/uploads\\\/2021\\\/09\\\/prokennex-logo.svg\",\"contentUrl\":\"https:\\\/\\\/www.prokennex.eu\\\/wp-content\\\/uploads\\\/2021\\\/09\\\/prokennex-logo.svg\",\"width\":\"1440\",\"height\":\"1080\",\"caption\":\"Pro Kennex s.r.l.\"},\"image\":{\"@id\":\"https:\\\/\\\/www.prokennex.eu\\\/fr\\\/#\\\/schema\\\/logo\\\/image\\\/\"}}]}<\/script>\n<!-- \/ Yoast SEO plugin. -->","yoast_head_json":{"title":"Frais d\u2019exp\u00e9dition et paiements - ProKennex Racchette e Accessori","robots":{"index":"index","follow":"follow","max-snippet":"max-snippet:-1","max-image-preview":"max-image-preview:large","max-video-preview":"max-video-preview:-1"},"canonical":"https:\/\/www.prokennex.eu\/fr\/frais-dexpedition-et-paiements\/","og_locale":"fr_FR","og_type":"article","og_title":"Frais d\u2019exp\u00e9dition et paiements - ProKennex Racchette e Accessori","og_url":"https:\/\/www.prokennex.eu\/fr\/frais-dexpedition-et-paiements\/","og_site_name":"ProKennex Racchette e Accessori","article_modified_time":"2022-09-27T09:54:41+00:00","twitter_card":"summary_large_image","schema":{"@context":"https:\/\/schema.org","@graph":[{"@type":"WebPage","@id":"https:\/\/www.prokennex.eu\/fr\/frais-dexpedition-et-paiements\/","url":"https:\/\/www.prokennex.eu\/fr\/frais-dexpedition-et-paiements\/","name":"Frais d\u2019exp\u00e9dition et paiements - ProKennex Racchette e Accessori","isPartOf":{"@id":"https:\/\/www.prokennex.eu\/fr\/#website"},"datePublished":"2021-04-11T09:53:33+00:00","dateModified":"2022-09-27T09:54:41+00:00","inLanguage":"fr-FR","potentialAction":[{"@type":"ReadAction","target":["https:\/\/www.prokennex.eu\/fr\/frais-dexpedition-et-paiements\/"]}]},{"@type":"WebSite","@id":"https:\/\/www.prokennex.eu\/fr\/#website","url":"https:\/\/www.prokennex.eu\/fr\/","name":"ProKennex Racchette e Accessori","description":"Tomorrow&#039;s Technologies","publisher":{"@id":"https:\/\/www.prokennex.eu\/fr\/#organization"},"potentialAction":[{"@type":"SearchAction","target":{"@type":"EntryPoint","urlTemplate":"https:\/\/www.prokennex.eu\/fr\/?s={search_term_string}"},"query-input":{"@type":"PropertyValueSpecification","valueRequired":true,"valueName":"search_term_string"}}],"inLanguage":"fr-FR"},{"@type":"Organization","@id":"https:\/\/www.prokennex.eu\/fr\/#organization","name":"Pro Kennex s.r.l.","url":"https:\/\/www.prokennex.eu\/fr\/","logo":{"@type":"ImageObject","inLanguage":"fr-FR","@id":"https:\/\/www.prokennex.eu\/fr\/#\/schema\/logo\/image\/","url":"https:\/\/www.prokennex.eu\/wp-content\/uploads\/2021\/09\/prokennex-logo.svg","contentUrl":"https:\/\/www.prokennex.eu\/wp-content\/uploads\/2021\/09\/prokennex-logo.svg","width":"1440","height":"1080","caption":"Pro Kennex s.r.l."},"image":{"@id":"https:\/\/www.prokennex.eu\/fr\/#\/schema\/logo\/image\/"}}]}},"_links":{"self":[{"href":"https:\/\/www.prokennex.eu\/fr\/wp-json\/wp\/v2\/pages\/9567","targetHints":{"allow":["GET"]}}],"collection":[{"href":"https:\/\/www.prokennex.eu\/fr\/wp-json\/wp\/v2\/pages"}],"about":[{"href":"https:\/\/www.prokennex.eu\/fr\/wp-json\/wp\/v2\/types\/page"}],"author":[{"embeddable":true,"href":"https:\/\/www.prokennex.eu\/fr\/wp-json\/wp\/v2\/users\/1"}],"replies":[{"embeddable":true,"href":"https:\/\/www.prokennex.eu\/fr\/wp-json\/wp\/v2\/comments?post=9567"}],"version-history":[{"count":4,"href":"https:\/\/www.prokennex.eu\/fr\/wp-json\/wp\/v2\/pages\/9567\/revisions"}],"predecessor-version":[{"id":10529,"href":"https:\/\/www.prokennex.eu\/fr\/wp-json\/wp\/v2\/pages\/9567\/revisions\/10529"}],"wp:attachment":[{"href":"https:\/\/www.prokennex.eu\/fr\/wp-json\/wp\/v2\/media?parent=9567"}],"curies":[{"name":"wp","href":"https:\/\/api.w.org\/{rel}","templated":true}]}}