{"id":9564,"date":"2021-04-11T11:54:42","date_gmt":"2021-04-11T09:54:42","guid":{"rendered":"https:\/\/www.prokennex.eu\/termini-di-revoca\/"},"modified":"2022-09-27T11:55:27","modified_gmt":"2022-09-27T09:55:27","slug":"conditions-de-revocation","status":"publish","type":"page","link":"https:\/\/www.prokennex.eu\/fr\/conditions-de-revocation\/","title":{"rendered":"Conditions de r\u00e9vocation"},"content":{"rendered":"\n\t<section class=\"section\" id=\"section_1927809083\">\n\t\t<div class=\"section-bg fill\" >\n\t\t\t\t\t\t\t\t\t\n\t\t\t\n\n\t\t<\/div>\n\n\t\t\n\n\t\t<div class=\"section-content relative\">\n\t\t\t\n<div class=\"row align-center\"  id=\"row-137113108\">\n\n\t<div id=\"col-474330031\" class=\"col medium-10 small-12 large-10\"  >\n\t\t\t\t<div class=\"col-inner\"  >\n\t\t\t\n\t\t\t\n<p><strong>RETOURS<\/strong><\/p>\n<p>Le client dispose d\u2019un d\u00e9lai de 5 jours calendaires pour signaler un retour \u00e0 partir de la date de r\u00e9ception de la marchandise. Les frais d\u2019exp\u00e9dition pour le retour des marchandises dans les locaux de PRO KENNEX s.r.l. et l\u2019exp\u00e9dition des nouveaux produits achet\u00e9s en remplacement sont \u00e0 la charge du client lorsque le retour est demand\u00e9 pour des raisons personnelles ou une taille incorrecte, et \u00e0 la charge de PRO KENNEX s.r.l. lorsqu\u2019un d\u00e9faut du produit est constat\u00e9. Tous les produits doivent \u00eatre retourn\u00e9s avec l\u2019emballage et le conditionnement d\u2019origine\u00a0:<\/p>\n<p><u>RAQUETTES<\/u>\u00a0: elles doivent avoir toutes les caract\u00e9ristiques d\u2019une raquette neuve, ne doivent jamais avoir \u00e9t\u00e9 utilis\u00e9es, doivent avoir un rev\u00eatement plastique et ne doivent avoir aucun type d\u2019accessoire (poids, overgrip ou changement de grip).<\/p>\n<p><u>ACCESSOIRES<\/u>\u00a0(balles, sacs, grips, overgrips, dispositifs anti-vibration)\u00a0: tous les produits de cette cat\u00e9gorie doivent \u00eatre retourn\u00e9s dans leur emballage d\u2019origine ou dans l\u2019emballage dans lequel ils ont \u00e9t\u00e9 re\u00e7us exp\u00e9di\u00e9s par le vendeur et ne doivent pas pr\u00e9senter de signes d\u2019usure, de taches ou de d\u00e9pressurisation (dans le cas de tube(s) de balle).<\/p>\n<p>NB\u00a0: le remboursement ou le retour de la commande et la cr\u00e9ation ult\u00e9rieure d\u2019un cr\u00e9dit ou d\u2019un bon d\u2019achat concerne seulement le co\u00fbt des produits, pas les frais d\u2019exp\u00e9dition.<\/p>\n<p>Le retour doit \u00eatre effectu\u00e9 \u00e0\u00a0: Pro Kennex s.r.l. Via della Volta 46\/A 25124 Brescia<\/p>\n<p><strong>REMBOURSEMENTS<\/strong><\/p>\n<p>Les remboursements sont effectu\u00e9s dans un d\u00e9lai de 14 jours calendaires selon le mode de paiement effectu\u00e9 au moment de la commande. En cas de retour, le remboursement ne sera effectu\u00e9 qu\u2019apr\u00e8s r\u00e9ception de la marchandise par le client et v\u00e9rification de son int\u00e9grit\u00e9.<\/p>\n<p>&#8211; CARTE DE CR\u00c9DIT et VIREMENT BANCAIRE\u00a0: remboursement par virement bancaire\u00a0; nous aurons besoin de votre code IBAN<\/p>\n<p>&#8211; PAYPAL\u00a0: remboursement par PAYPAL<\/p>\n\t\t<\/div>\n\t\t\t\t\t<\/div>\n\n\t\n<\/div>\n\t\t<\/div>\n\n\t\t\n<style>\n#section_1927809083 {\n  padding-top: 30px;\n  padding-bottom: 30px;\n}\n<\/style>\n\t<\/section>\n\t\n","protected":false},"excerpt":{"rendered":"","protected":false},"author":1,"featured_media":0,"parent":0,"menu_order":0,"comment_status":"closed","ping_status":"closed","template":"","meta":{"_acf_changed":false,"footnotes":""},"class_list":["post-9564","page","type-page","status-publish","hentry"],"acf":[],"yoast_head":"<!-- This site is optimized with the Yoast SEO plugin v27.1.1 - https:\/\/yoast.com\/product\/yoast-seo-wordpress\/ -->\n<title>Conditions de r\u00e9vocation - ProKennex Racchette e Accessori<\/title>\n<meta name=\"robots\" content=\"index, follow, max-snippet:-1, max-image-preview:large, max-video-preview:-1\" \/>\n<link rel=\"canonical\" href=\"https:\/\/www.prokennex.eu\/fr\/conditions-de-revocation\/\" \/>\n<meta property=\"og:locale\" content=\"fr_FR\" \/>\n<meta property=\"og:type\" content=\"article\" \/>\n<meta property=\"og:title\" content=\"Conditions de r\u00e9vocation - ProKennex Racchette e Accessori\" \/>\n<meta property=\"og:url\" content=\"https:\/\/www.prokennex.eu\/fr\/conditions-de-revocation\/\" \/>\n<meta property=\"og:site_name\" content=\"ProKennex Racchette e Accessori\" \/>\n<meta property=\"article:modified_time\" content=\"2022-09-27T09:55:27+00:00\" \/>\n<meta name=\"twitter:card\" content=\"summary_large_image\" \/>\n<script type=\"application\/ld+json\" class=\"yoast-schema-graph\">{\"@context\":\"https:\/\/schema.org\",\"@graph\":[{\"@type\":\"WebPage\",\"@id\":\"https:\/\/www.prokennex.eu\/fr\/conditions-de-revocation\/\",\"url\":\"https:\/\/www.prokennex.eu\/fr\/conditions-de-revocation\/\",\"name\":\"Conditions de r\u00e9vocation - ProKennex Racchette e Accessori\",\"isPartOf\":{\"@id\":\"https:\/\/www.prokennex.eu\/fr\/#website\"},\"datePublished\":\"2021-04-11T09:54:42+00:00\",\"dateModified\":\"2022-09-27T09:55:27+00:00\",\"inLanguage\":\"fr-FR\",\"potentialAction\":[{\"@type\":\"ReadAction\",\"target\":[\"https:\/\/www.prokennex.eu\/fr\/conditions-de-revocation\/\"]}]},{\"@type\":\"WebSite\",\"@id\":\"https:\/\/www.prokennex.eu\/fr\/#website\",\"url\":\"https:\/\/www.prokennex.eu\/fr\/\",\"name\":\"ProKennex Racchette e Accessori\",\"description\":\"Tomorrow&#039;s Technologies\",\"publisher\":{\"@id\":\"https:\/\/www.prokennex.eu\/fr\/#organization\"},\"potentialAction\":[{\"@type\":\"SearchAction\",\"target\":{\"@type\":\"EntryPoint\",\"urlTemplate\":\"https:\/\/www.prokennex.eu\/fr\/?s={search_term_string}\"},\"query-input\":{\"@type\":\"PropertyValueSpecification\",\"valueRequired\":true,\"valueName\":\"search_term_string\"}}],\"inLanguage\":\"fr-FR\"},{\"@type\":\"Organization\",\"@id\":\"https:\/\/www.prokennex.eu\/fr\/#organization\",\"name\":\"Pro Kennex s.r.l.\",\"url\":\"https:\/\/www.prokennex.eu\/fr\/\",\"logo\":{\"@type\":\"ImageObject\",\"inLanguage\":\"fr-FR\",\"@id\":\"https:\/\/www.prokennex.eu\/fr\/#\/schema\/logo\/image\/\",\"url\":\"https:\/\/www.prokennex.eu\/wp-content\/uploads\/2021\/09\/prokennex-logo.svg\",\"contentUrl\":\"https:\/\/www.prokennex.eu\/wp-content\/uploads\/2021\/09\/prokennex-logo.svg\",\"width\":\"1440\",\"height\":\"1080\",\"caption\":\"Pro Kennex s.r.l.\"},\"image\":{\"@id\":\"https:\/\/www.prokennex.eu\/fr\/#\/schema\/logo\/image\/\"}}]}<\/script>\n<!-- \/ Yoast SEO plugin. -->","yoast_head_json":{"title":"Conditions de r\u00e9vocation - ProKennex Racchette e Accessori","robots":{"index":"index","follow":"follow","max-snippet":"max-snippet:-1","max-image-preview":"max-image-preview:large","max-video-preview":"max-video-preview:-1"},"canonical":"https:\/\/www.prokennex.eu\/fr\/conditions-de-revocation\/","og_locale":"fr_FR","og_type":"article","og_title":"Conditions de r\u00e9vocation - ProKennex Racchette e Accessori","og_url":"https:\/\/www.prokennex.eu\/fr\/conditions-de-revocation\/","og_site_name":"ProKennex Racchette e Accessori","article_modified_time":"2022-09-27T09:55:27+00:00","twitter_card":"summary_large_image","schema":{"@context":"https:\/\/schema.org","@graph":[{"@type":"WebPage","@id":"https:\/\/www.prokennex.eu\/fr\/conditions-de-revocation\/","url":"https:\/\/www.prokennex.eu\/fr\/conditions-de-revocation\/","name":"Conditions de r\u00e9vocation - ProKennex Racchette e Accessori","isPartOf":{"@id":"https:\/\/www.prokennex.eu\/fr\/#website"},"datePublished":"2021-04-11T09:54:42+00:00","dateModified":"2022-09-27T09:55:27+00:00","inLanguage":"fr-FR","potentialAction":[{"@type":"ReadAction","target":["https:\/\/www.prokennex.eu\/fr\/conditions-de-revocation\/"]}]},{"@type":"WebSite","@id":"https:\/\/www.prokennex.eu\/fr\/#website","url":"https:\/\/www.prokennex.eu\/fr\/","name":"ProKennex Racchette e Accessori","description":"Tomorrow&#039;s Technologies","publisher":{"@id":"https:\/\/www.prokennex.eu\/fr\/#organization"},"potentialAction":[{"@type":"SearchAction","target":{"@type":"EntryPoint","urlTemplate":"https:\/\/www.prokennex.eu\/fr\/?s={search_term_string}"},"query-input":{"@type":"PropertyValueSpecification","valueRequired":true,"valueName":"search_term_string"}}],"inLanguage":"fr-FR"},{"@type":"Organization","@id":"https:\/\/www.prokennex.eu\/fr\/#organization","name":"Pro Kennex s.r.l.","url":"https:\/\/www.prokennex.eu\/fr\/","logo":{"@type":"ImageObject","inLanguage":"fr-FR","@id":"https:\/\/www.prokennex.eu\/fr\/#\/schema\/logo\/image\/","url":"https:\/\/www.prokennex.eu\/wp-content\/uploads\/2021\/09\/prokennex-logo.svg","contentUrl":"https:\/\/www.prokennex.eu\/wp-content\/uploads\/2021\/09\/prokennex-logo.svg","width":"1440","height":"1080","caption":"Pro Kennex s.r.l."},"image":{"@id":"https:\/\/www.prokennex.eu\/fr\/#\/schema\/logo\/image\/"}}]}},"_links":{"self":[{"href":"https:\/\/www.prokennex.eu\/fr\/wp-json\/wp\/v2\/pages\/9564","targetHints":{"allow":["GET"]}}],"collection":[{"href":"https:\/\/www.prokennex.eu\/fr\/wp-json\/wp\/v2\/pages"}],"about":[{"href":"https:\/\/www.prokennex.eu\/fr\/wp-json\/wp\/v2\/types\/page"}],"author":[{"embeddable":true,"href":"https:\/\/www.prokennex.eu\/fr\/wp-json\/wp\/v2\/users\/1"}],"replies":[{"embeddable":true,"href":"https:\/\/www.prokennex.eu\/fr\/wp-json\/wp\/v2\/comments?post=9564"}],"version-history":[{"count":3,"href":"https:\/\/www.prokennex.eu\/fr\/wp-json\/wp\/v2\/pages\/9564\/revisions"}],"predecessor-version":[{"id":10530,"href":"https:\/\/www.prokennex.eu\/fr\/wp-json\/wp\/v2\/pages\/9564\/revisions\/10530"}],"wp:attachment":[{"href":"https:\/\/www.prokennex.eu\/fr\/wp-json\/wp\/v2\/media?parent=9564"}],"curies":[{"name":"wp","href":"https:\/\/api.w.org\/{rel}","templated":true}]}}