{"id":3717,"date":"2024-09-10T15:04:20","date_gmt":"2024-09-10T13:04:20","guid":{"rendered":"https:\/\/www.prokennex.eu\/?post_type=product&#038;p=3717"},"modified":"2026-04-06T13:40:11","modified_gmt":"2026-04-06T11:40:11","slug":"black-ace","status":"publish","type":"product","link":"https:\/\/www.prokennex.eu\/es\/raquetas\/black-ace\/","title":{"rendered":"Black Ace"},"content":{"rendered":"","protected":false},"excerpt":{"rendered":"<p>El nuevo Black Ace es el equilibrio perfecto entre potencia y flexibilidad, gracias al marco competitivo desarrollado en<strong> Aurelian Carbon<\/strong> 24k y equipado con la Tecnolog\u00eda <strong>FlexLogic<\/strong>, que puede reducir la deformaci\u00f3n de la cabeza del marco y mantener la pelota m\u00e1s tiempo, permitiendo al jugador liberar, en cada situaci\u00f3n de juego, el mejor golpe posible. El exclusivo <strong>Sistema Kinetic<\/strong>, dentro de la cabeza de la raqueta, se activa en el momento del swing y libera energ\u00eda secundaria al impacto con la pelota, proporcionando m\u00e1s potencia y estabilizando instant\u00e1neamente la torsi\u00f3n de la raqueta.<\/p>\n<p>El nuevo Black Ace fue dise\u00f1ado y desarrollado para mejorar los atributos agresivos del tenista que prefiere jugar con la m\u00e1xima potencia, sin sacrificar el control total de la raqueta.<\/p>\n<p>Dentro del mango, la <strong>C\u00e1mara de Amortiguaci\u00f3n Kinetic<\/strong> asegura la absorci\u00f3n de vibraciones y reduce significativamente la fatiga del brazo.<\/p>\n","protected":false},"featured_media":14050,"comment_status":"open","ping_status":"closed","template":"","meta":{"_acf_changed":false},"tecnologia":[2046,1329,466],"product_brand":[],"product_cat":[1615,1616],"product_tag":[2057],"class_list":{"0":"post-3717","1":"product","2":"type-product","3":"status-publish","4":"has-post-thumbnail","6":"tecnologia-aurelian-carbon-es","7":"tecnologia-kinetic-system-es","8":"tecnologia-ionic-technology","9":"product_cat-tennis-es","10":"product_cat-raquetas","11":"product_tag-ace-station-es","13":"first","14":"instock","15":"taxable","16":"shipping-taxable","17":"purchasable","18":"product-type-variable"},"bundled_by":[],"bundle_stock_status":"instock","bundle_stock_quantity":null,"bundle_virtual":false,"bundle_layout":"","bundle_add_to_cart_form_location":"","bundle_editable_in_cart":false,"bundle_sold_individually_context":"","bundle_item_grouping":"","bundle_min_size":"","bundle_max_size":"","bundle_price":[],"bundled_items":[],"bundle_sell_ids":[],"acf":[],"yoast_head":"<!-- This site is optimized with the Yoast SEO plugin v27.1.1 - https:\/\/yoast.com\/product\/yoast-seo-wordpress\/ -->\n<title>Black Ace - ProKennex Racchette e Accessori<\/title>\n<meta name=\"robots\" content=\"index, follow, max-snippet:-1, max-image-preview:large, max-video-preview:-1\" \/>\n<link rel=\"canonical\" href=\"https:\/\/www.prokennex.eu\/es\/raquetas\/black-ace\/\" \/>\n<meta property=\"og:locale\" content=\"es_ES\" \/>\n<meta property=\"og:type\" content=\"article\" \/>\n<meta property=\"og:title\" content=\"Black Ace - ProKennex Racchette e Accessori\" \/>\n<meta property=\"og:description\" content=\"El nuevo Black Ace es el equilibrio perfecto entre potencia y flexibilidad, gracias al marco competitivo desarrollado en Aurelian Carbon 24k y equipado con la Tecnolog\u00eda FlexLogic, que puede reducir la deformaci\u00f3n de la cabeza del marco y mantener la pelota m\u00e1s tiempo, permitiendo al jugador liberar, en cada situaci\u00f3n de juego, el mejor golpe posible. El exclusivo Sistema Kinetic, dentro de la cabeza de la raqueta, se activa en el momento del swing y libera energ\u00eda secundaria al impacto con la pelota, proporcionando m\u00e1s potencia y estabilizando instant\u00e1neamente la torsi\u00f3n de la raqueta.  El nuevo Black Ace fue dise\u00f1ado y desarrollado para mejorar los atributos agresivos del tenista que prefiere jugar con la m\u00e1xima potencia, sin sacrificar el control total de la raqueta.  Dentro del mango, la C\u00e1mara de Amortiguaci\u00f3n Kinetic asegura la absorci\u00f3n de vibraciones y reduce significativamente la fatiga del brazo.\" \/>\n<meta property=\"og:url\" content=\"https:\/\/www.prokennex.eu\/es\/raquetas\/black-ace\/\" \/>\n<meta property=\"og:site_name\" content=\"ProKennex Racchette e Accessori\" \/>\n<meta property=\"article:modified_time\" content=\"2026-04-06T11:40:11+00:00\" \/>\n<meta property=\"og:image\" content=\"https:\/\/www.prokennex.eu\/wp-content\/uploads\/2021\/04\/black-ace.jpg\" \/>\n\t<meta property=\"og:image:width\" content=\"2000\" \/>\n\t<meta property=\"og:image:height\" content=\"2000\" \/>\n\t<meta property=\"og:image:type\" content=\"image\/jpeg\" \/>\n<meta name=\"twitter:card\" content=\"summary_large_image\" \/>\n<script type=\"application\/ld+json\" class=\"yoast-schema-graph\">{\"@context\":\"https:\/\/schema.org\",\"@graph\":[{\"@type\":\"WebPage\",\"@id\":\"https:\/\/www.prokennex.eu\/es\/raquetas\/black-ace\/\",\"url\":\"https:\/\/www.prokennex.eu\/es\/raquetas\/black-ace\/\",\"name\":\"Black Ace - ProKennex Racchette e Accessori\",\"isPartOf\":{\"@id\":\"https:\/\/www.prokennex.eu\/es\/#website\"},\"primaryImageOfPage\":{\"@id\":\"https:\/\/www.prokennex.eu\/es\/raquetas\/black-ace\/#primaryimage\"},\"image\":{\"@id\":\"https:\/\/www.prokennex.eu\/es\/raquetas\/black-ace\/#primaryimage\"},\"thumbnailUrl\":\"https:\/\/www.prokennex.eu\/wp-content\/uploads\/2021\/04\/black-ace.jpg\",\"datePublished\":\"2024-09-10T13:04:20+00:00\",\"dateModified\":\"2026-04-06T11:40:11+00:00\",\"breadcrumb\":{\"@id\":\"https:\/\/www.prokennex.eu\/es\/raquetas\/black-ace\/#breadcrumb\"},\"inLanguage\":\"es\",\"potentialAction\":[{\"@type\":\"ReadAction\",\"target\":[\"https:\/\/www.prokennex.eu\/es\/raquetas\/black-ace\/\"]}]},{\"@type\":\"ImageObject\",\"inLanguage\":\"es\",\"@id\":\"https:\/\/www.prokennex.eu\/es\/raquetas\/black-ace\/#primaryimage\",\"url\":\"https:\/\/www.prokennex.eu\/wp-content\/uploads\/2021\/04\/black-ace.jpg\",\"contentUrl\":\"https:\/\/www.prokennex.eu\/wp-content\/uploads\/2021\/04\/black-ace.jpg\",\"width\":2000,\"height\":2000},{\"@type\":\"BreadcrumbList\",\"@id\":\"https:\/\/www.prokennex.eu\/es\/raquetas\/black-ace\/#breadcrumb\",\"itemListElement\":[{\"@type\":\"ListItem\",\"position\":1,\"name\":\"Shop\",\"item\":\"https:\/\/www.prokennex.eu\/es\/negozio\/\"},{\"@type\":\"ListItem\",\"position\":2,\"name\":\"Tennis\",\"item\":\"https:\/\/www.prokennex.eu\/es\/tennis-es\/\"},{\"@type\":\"ListItem\",\"position\":3,\"name\":\"Raquetas\",\"item\":\"https:\/\/www.prokennex.eu\/es\/tennis-es\/raquetas\/\"},{\"@type\":\"ListItem\",\"position\":4,\"name\":\"Black Ace\"}]},{\"@type\":\"WebSite\",\"@id\":\"https:\/\/www.prokennex.eu\/es\/#website\",\"url\":\"https:\/\/www.prokennex.eu\/es\/\",\"name\":\"ProKennex Racchette e Accessori\",\"description\":\"Tomorrow&#039;s Technologies\",\"publisher\":{\"@id\":\"https:\/\/www.prokennex.eu\/es\/#organization\"},\"potentialAction\":[{\"@type\":\"SearchAction\",\"target\":{\"@type\":\"EntryPoint\",\"urlTemplate\":\"https:\/\/www.prokennex.eu\/es\/?s={search_term_string}\"},\"query-input\":{\"@type\":\"PropertyValueSpecification\",\"valueRequired\":true,\"valueName\":\"search_term_string\"}}],\"inLanguage\":\"es\"},{\"@type\":\"Organization\",\"@id\":\"https:\/\/www.prokennex.eu\/es\/#organization\",\"name\":\"Pro Kennex s.r.l.\",\"url\":\"https:\/\/www.prokennex.eu\/es\/\",\"logo\":{\"@type\":\"ImageObject\",\"inLanguage\":\"es\",\"@id\":\"https:\/\/www.prokennex.eu\/es\/#\/schema\/logo\/image\/\",\"url\":\"https:\/\/www.prokennex.eu\/wp-content\/uploads\/2021\/09\/prokennex-logo.svg\",\"contentUrl\":\"https:\/\/www.prokennex.eu\/wp-content\/uploads\/2021\/09\/prokennex-logo.svg\",\"width\":\"1440\",\"height\":\"1080\",\"caption\":\"Pro Kennex s.r.l.\"},\"image\":{\"@id\":\"https:\/\/www.prokennex.eu\/es\/#\/schema\/logo\/image\/\"}}]}<\/script>\n<!-- \/ Yoast SEO plugin. -->","yoast_head_json":{"title":"Black Ace - ProKennex Racchette e Accessori","robots":{"index":"index","follow":"follow","max-snippet":"max-snippet:-1","max-image-preview":"max-image-preview:large","max-video-preview":"max-video-preview:-1"},"canonical":"https:\/\/www.prokennex.eu\/es\/raquetas\/black-ace\/","og_locale":"es_ES","og_type":"article","og_title":"Black Ace - ProKennex Racchette e Accessori","og_description":"El nuevo Black Ace es el equilibrio perfecto entre potencia y flexibilidad, gracias al marco competitivo desarrollado en Aurelian Carbon 24k y equipado con la Tecnolog\u00eda FlexLogic, que puede reducir la deformaci\u00f3n de la cabeza del marco y mantener la pelota m\u00e1s tiempo, permitiendo al jugador liberar, en cada situaci\u00f3n de juego, el mejor golpe posible. El exclusivo Sistema Kinetic, dentro de la cabeza de la raqueta, se activa en el momento del swing y libera energ\u00eda secundaria al impacto con la pelota, proporcionando m\u00e1s potencia y estabilizando instant\u00e1neamente la torsi\u00f3n de la raqueta.  El nuevo Black Ace fue dise\u00f1ado y desarrollado para mejorar los atributos agresivos del tenista que prefiere jugar con la m\u00e1xima potencia, sin sacrificar el control total de la raqueta.  Dentro del mango, la C\u00e1mara de Amortiguaci\u00f3n Kinetic asegura la absorci\u00f3n de vibraciones y reduce significativamente la fatiga del brazo.","og_url":"https:\/\/www.prokennex.eu\/es\/raquetas\/black-ace\/","og_site_name":"ProKennex Racchette e Accessori","article_modified_time":"2026-04-06T11:40:11+00:00","og_image":[{"width":2000,"height":2000,"url":"https:\/\/www.prokennex.eu\/wp-content\/uploads\/2021\/04\/black-ace.jpg","type":"image\/jpeg"}],"twitter_card":"summary_large_image","schema":{"@context":"https:\/\/schema.org","@graph":[{"@type":"WebPage","@id":"https:\/\/www.prokennex.eu\/es\/raquetas\/black-ace\/","url":"https:\/\/www.prokennex.eu\/es\/raquetas\/black-ace\/","name":"Black Ace - ProKennex Racchette e Accessori","isPartOf":{"@id":"https:\/\/www.prokennex.eu\/es\/#website"},"primaryImageOfPage":{"@id":"https:\/\/www.prokennex.eu\/es\/raquetas\/black-ace\/#primaryimage"},"image":{"@id":"https:\/\/www.prokennex.eu\/es\/raquetas\/black-ace\/#primaryimage"},"thumbnailUrl":"https:\/\/www.prokennex.eu\/wp-content\/uploads\/2021\/04\/black-ace.jpg","datePublished":"2024-09-10T13:04:20+00:00","dateModified":"2026-04-06T11:40:11+00:00","breadcrumb":{"@id":"https:\/\/www.prokennex.eu\/es\/raquetas\/black-ace\/#breadcrumb"},"inLanguage":"es","potentialAction":[{"@type":"ReadAction","target":["https:\/\/www.prokennex.eu\/es\/raquetas\/black-ace\/"]}]},{"@type":"ImageObject","inLanguage":"es","@id":"https:\/\/www.prokennex.eu\/es\/raquetas\/black-ace\/#primaryimage","url":"https:\/\/www.prokennex.eu\/wp-content\/uploads\/2021\/04\/black-ace.jpg","contentUrl":"https:\/\/www.prokennex.eu\/wp-content\/uploads\/2021\/04\/black-ace.jpg","width":2000,"height":2000},{"@type":"BreadcrumbList","@id":"https:\/\/www.prokennex.eu\/es\/raquetas\/black-ace\/#breadcrumb","itemListElement":[{"@type":"ListItem","position":1,"name":"Shop","item":"https:\/\/www.prokennex.eu\/es\/negozio\/"},{"@type":"ListItem","position":2,"name":"Tennis","item":"https:\/\/www.prokennex.eu\/es\/tennis-es\/"},{"@type":"ListItem","position":3,"name":"Raquetas","item":"https:\/\/www.prokennex.eu\/es\/tennis-es\/raquetas\/"},{"@type":"ListItem","position":4,"name":"Black Ace"}]},{"@type":"WebSite","@id":"https:\/\/www.prokennex.eu\/es\/#website","url":"https:\/\/www.prokennex.eu\/es\/","name":"ProKennex Racchette e Accessori","description":"Tomorrow&#039;s Technologies","publisher":{"@id":"https:\/\/www.prokennex.eu\/es\/#organization"},"potentialAction":[{"@type":"SearchAction","target":{"@type":"EntryPoint","urlTemplate":"https:\/\/www.prokennex.eu\/es\/?s={search_term_string}"},"query-input":{"@type":"PropertyValueSpecification","valueRequired":true,"valueName":"search_term_string"}}],"inLanguage":"es"},{"@type":"Organization","@id":"https:\/\/www.prokennex.eu\/es\/#organization","name":"Pro Kennex s.r.l.","url":"https:\/\/www.prokennex.eu\/es\/","logo":{"@type":"ImageObject","inLanguage":"es","@id":"https:\/\/www.prokennex.eu\/es\/#\/schema\/logo\/image\/","url":"https:\/\/www.prokennex.eu\/wp-content\/uploads\/2021\/09\/prokennex-logo.svg","contentUrl":"https:\/\/www.prokennex.eu\/wp-content\/uploads\/2021\/09\/prokennex-logo.svg","width":"1440","height":"1080","caption":"Pro Kennex s.r.l."},"image":{"@id":"https:\/\/www.prokennex.eu\/es\/#\/schema\/logo\/image\/"}}]}},"_links":{"self":[{"href":"https:\/\/www.prokennex.eu\/es\/wp-json\/wp\/v2\/product\/3717","targetHints":{"allow":["GET"]}}],"collection":[{"href":"https:\/\/www.prokennex.eu\/es\/wp-json\/wp\/v2\/product"}],"about":[{"href":"https:\/\/www.prokennex.eu\/es\/wp-json\/wp\/v2\/types\/product"}],"replies":[{"embeddable":true,"href":"https:\/\/www.prokennex.eu\/es\/wp-json\/wp\/v2\/comments?post=3717"}],"wp:featuredmedia":[{"embeddable":true,"href":"https:\/\/www.prokennex.eu\/es\/wp-json\/wp\/v2\/media\/14050"}],"wp:attachment":[{"href":"https:\/\/www.prokennex.eu\/es\/wp-json\/wp\/v2\/media?parent=3717"}],"wp:term":[{"taxonomy":"tecnologia","embeddable":true,"href":"https:\/\/www.prokennex.eu\/es\/wp-json\/wp\/v2\/tecnologia?post=3717"},{"taxonomy":"product_brand","embeddable":true,"href":"https:\/\/www.prokennex.eu\/es\/wp-json\/wp\/v2\/product_brand?post=3717"},{"taxonomy":"product_cat","embeddable":true,"href":"https:\/\/www.prokennex.eu\/es\/wp-json\/wp\/v2\/product_cat?post=3717"},{"taxonomy":"product_tag","embeddable":true,"href":"https:\/\/www.prokennex.eu\/es\/wp-json\/wp\/v2\/product_tag?post=3717"}],"curies":[{"name":"wp","href":"https:\/\/api.w.org\/{rel}","templated":true}]}}