{"id":3617,"date":"2024-09-10T09:13:26","date_gmt":"2024-09-10T07:13:26","guid":{"rendered":"https:\/\/www.prokennex.eu\/?post_type=product&#038;p=3617"},"modified":"2024-09-12T19:19:28","modified_gmt":"2024-09-12T17:19:28","slug":"black-ace-pro","status":"publish","type":"product","link":"https:\/\/www.prokennex.eu\/es\/raquetas\/black-ace-pro\/","title":{"rendered":"Black Ace Pro"},"content":{"rendered":"","protected":false},"excerpt":{"rendered":"<p>El nuevo Black Ace Pro cuenta con un marco competitivo con caracter\u00edsticas a\u00fan m\u00e1s extremas que el Black Ace. Desarrollado en <strong>Carbono Aurelian<\/strong> 24k y respaldado por la tecnolog\u00eda <strong>FlexLogic<\/strong>, que puede reducir la deformaci\u00f3n de la cabeza del marco, permitiendo al jugador realizar el mejor golpe posible, tiene una superficie de encordado de 97 pulgadas cuadradas y un perfil estrecho para una sensaci\u00f3n absoluta de la pelota. R\u00e1pido y preciso en la salida, el nuevo Black Ace Pro permite una gran aceleraci\u00f3n y el mejor control.<br \/>\nBlack Ace Pro es la raqueta ideal para el tenista agresivo que disfruta del juego moderno, donde la ofensiva es la mejor defensa.<\/p>\n<p>El exclusivo <strong>Sistema Kinetic<\/strong> dentro de la cabeza de la raqueta aumenta la potencia y proporciona comodidad y estabilidad inmediata al encordado.<\/p>\n<p>La <strong>C\u00e1mara de Amortiguaci\u00f3n Kinetic<\/strong> en el mango elimina la vibraci\u00f3n del golpe y reduce significativamente la fatiga del brazo.<\/p>\n","protected":false},"featured_media":14055,"comment_status":"open","ping_status":"closed","template":"","meta":{"_acf_changed":false},"tecnologia":[2046,1329,466],"product_brand":[],"product_cat":[1615,1616],"product_tag":[2057],"class_list":{"0":"post-3617","1":"product","2":"type-product","3":"status-publish","4":"has-post-thumbnail","6":"tecnologia-aurelian-carbon-es","7":"tecnologia-kinetic-system-es","8":"tecnologia-ionic-technology","9":"product_cat-tennis-es","10":"product_cat-raquetas","11":"product_tag-ace-station-es","13":"first","14":"instock","15":"taxable","16":"shipping-taxable","17":"purchasable","18":"product-type-variable","19":"has-default-attributes"},"bundled_by":[],"bundle_stock_status":"instock","bundle_stock_quantity":null,"bundle_virtual":false,"bundle_layout":"","bundle_add_to_cart_form_location":"","bundle_editable_in_cart":false,"bundle_sold_individually_context":"","bundle_item_grouping":"","bundle_min_size":"","bundle_max_size":"","bundle_price":[],"bundled_items":[],"bundle_sell_ids":[],"acf":[],"yoast_head":"<!-- This site is optimized with the Yoast SEO plugin v27.1.1 - https:\/\/yoast.com\/product\/yoast-seo-wordpress\/ -->\n<title>Black Ace Pro - ProKennex Racchette e Accessori<\/title>\n<meta name=\"robots\" content=\"index, follow, max-snippet:-1, max-image-preview:large, max-video-preview:-1\" \/>\n<link rel=\"canonical\" href=\"https:\/\/www.prokennex.eu\/es\/raquetas\/black-ace-pro\/\" \/>\n<meta property=\"og:locale\" content=\"es_ES\" \/>\n<meta property=\"og:type\" content=\"article\" \/>\n<meta property=\"og:title\" content=\"Black Ace Pro - ProKennex Racchette e Accessori\" \/>\n<meta property=\"og:description\" content=\"El nuevo Black Ace Pro cuenta con un marco competitivo con caracter\u00edsticas a\u00fan m\u00e1s extremas que el Black Ace. Desarrollado en Carbono Aurelian 24k y respaldado por la tecnolog\u00eda FlexLogic, que puede reducir la deformaci\u00f3n de la cabeza del marco, permitiendo al jugador realizar el mejor golpe posible, tiene una superficie de encordado de 97 pulgadas cuadradas y un perfil estrecho para una sensaci\u00f3n absoluta de la pelota. R\u00e1pido y preciso en la salida, el nuevo Black Ace Pro permite una gran aceleraci\u00f3n y el mejor control. Black Ace Pro es la raqueta ideal para el tenista agresivo que disfruta del juego moderno, donde la ofensiva es la mejor defensa.  El exclusivo Sistema Kinetic dentro de la cabeza de la raqueta aumenta la potencia y proporciona comodidad y estabilidad inmediata al encordado.  La C\u00e1mara de Amortiguaci\u00f3n Kinetic en el mango elimina la vibraci\u00f3n del golpe y reduce significativamente la fatiga del brazo.\" \/>\n<meta property=\"og:url\" content=\"https:\/\/www.prokennex.eu\/es\/raquetas\/black-ace-pro\/\" \/>\n<meta property=\"og:site_name\" content=\"ProKennex Racchette e Accessori\" \/>\n<meta property=\"article:modified_time\" content=\"2024-09-12T17:19:28+00:00\" \/>\n<meta property=\"og:image\" content=\"https:\/\/www.prokennex.eu\/wp-content\/uploads\/2021\/04\/black-ace-pro.jpg\" \/>\n\t<meta property=\"og:image:width\" content=\"2000\" \/>\n\t<meta property=\"og:image:height\" content=\"2000\" \/>\n\t<meta property=\"og:image:type\" content=\"image\/jpeg\" \/>\n<meta name=\"twitter:card\" content=\"summary_large_image\" \/>\n<script type=\"application\/ld+json\" class=\"yoast-schema-graph\">{\"@context\":\"https:\/\/schema.org\",\"@graph\":[{\"@type\":\"WebPage\",\"@id\":\"https:\/\/www.prokennex.eu\/es\/raquetas\/black-ace-pro\/\",\"url\":\"https:\/\/www.prokennex.eu\/es\/raquetas\/black-ace-pro\/\",\"name\":\"Black Ace Pro - ProKennex Racchette e Accessori\",\"isPartOf\":{\"@id\":\"https:\/\/www.prokennex.eu\/es\/#website\"},\"primaryImageOfPage\":{\"@id\":\"https:\/\/www.prokennex.eu\/es\/raquetas\/black-ace-pro\/#primaryimage\"},\"image\":{\"@id\":\"https:\/\/www.prokennex.eu\/es\/raquetas\/black-ace-pro\/#primaryimage\"},\"thumbnailUrl\":\"https:\/\/www.prokennex.eu\/wp-content\/uploads\/2021\/04\/black-ace-pro.jpg\",\"datePublished\":\"2024-09-10T07:13:26+00:00\",\"dateModified\":\"2024-09-12T17:19:28+00:00\",\"breadcrumb\":{\"@id\":\"https:\/\/www.prokennex.eu\/es\/raquetas\/black-ace-pro\/#breadcrumb\"},\"inLanguage\":\"es\",\"potentialAction\":[{\"@type\":\"ReadAction\",\"target\":[\"https:\/\/www.prokennex.eu\/es\/raquetas\/black-ace-pro\/\"]}]},{\"@type\":\"ImageObject\",\"inLanguage\":\"es\",\"@id\":\"https:\/\/www.prokennex.eu\/es\/raquetas\/black-ace-pro\/#primaryimage\",\"url\":\"https:\/\/www.prokennex.eu\/wp-content\/uploads\/2021\/04\/black-ace-pro.jpg\",\"contentUrl\":\"https:\/\/www.prokennex.eu\/wp-content\/uploads\/2021\/04\/black-ace-pro.jpg\",\"width\":2000,\"height\":2000},{\"@type\":\"BreadcrumbList\",\"@id\":\"https:\/\/www.prokennex.eu\/es\/raquetas\/black-ace-pro\/#breadcrumb\",\"itemListElement\":[{\"@type\":\"ListItem\",\"position\":1,\"name\":\"Shop\",\"item\":\"https:\/\/www.prokennex.eu\/es\/negozio\/\"},{\"@type\":\"ListItem\",\"position\":2,\"name\":\"Tennis\",\"item\":\"https:\/\/www.prokennex.eu\/es\/tennis-es\/\"},{\"@type\":\"ListItem\",\"position\":3,\"name\":\"Raquetas\",\"item\":\"https:\/\/www.prokennex.eu\/es\/tennis-es\/raquetas\/\"},{\"@type\":\"ListItem\",\"position\":4,\"name\":\"Black Ace Pro\"}]},{\"@type\":\"WebSite\",\"@id\":\"https:\/\/www.prokennex.eu\/es\/#website\",\"url\":\"https:\/\/www.prokennex.eu\/es\/\",\"name\":\"ProKennex Racchette e Accessori\",\"description\":\"Tomorrow&#039;s Technologies\",\"publisher\":{\"@id\":\"https:\/\/www.prokennex.eu\/es\/#organization\"},\"potentialAction\":[{\"@type\":\"SearchAction\",\"target\":{\"@type\":\"EntryPoint\",\"urlTemplate\":\"https:\/\/www.prokennex.eu\/es\/?s={search_term_string}\"},\"query-input\":{\"@type\":\"PropertyValueSpecification\",\"valueRequired\":true,\"valueName\":\"search_term_string\"}}],\"inLanguage\":\"es\"},{\"@type\":\"Organization\",\"@id\":\"https:\/\/www.prokennex.eu\/es\/#organization\",\"name\":\"Pro Kennex s.r.l.\",\"url\":\"https:\/\/www.prokennex.eu\/es\/\",\"logo\":{\"@type\":\"ImageObject\",\"inLanguage\":\"es\",\"@id\":\"https:\/\/www.prokennex.eu\/es\/#\/schema\/logo\/image\/\",\"url\":\"https:\/\/www.prokennex.eu\/wp-content\/uploads\/2021\/09\/prokennex-logo.svg\",\"contentUrl\":\"https:\/\/www.prokennex.eu\/wp-content\/uploads\/2021\/09\/prokennex-logo.svg\",\"width\":\"1440\",\"height\":\"1080\",\"caption\":\"Pro Kennex s.r.l.\"},\"image\":{\"@id\":\"https:\/\/www.prokennex.eu\/es\/#\/schema\/logo\/image\/\"}}]}<\/script>\n<!-- \/ Yoast SEO plugin. -->","yoast_head_json":{"title":"Black Ace Pro - ProKennex Racchette e Accessori","robots":{"index":"index","follow":"follow","max-snippet":"max-snippet:-1","max-image-preview":"max-image-preview:large","max-video-preview":"max-video-preview:-1"},"canonical":"https:\/\/www.prokennex.eu\/es\/raquetas\/black-ace-pro\/","og_locale":"es_ES","og_type":"article","og_title":"Black Ace Pro - ProKennex Racchette e Accessori","og_description":"El nuevo Black Ace Pro cuenta con un marco competitivo con caracter\u00edsticas a\u00fan m\u00e1s extremas que el Black Ace. Desarrollado en Carbono Aurelian 24k y respaldado por la tecnolog\u00eda FlexLogic, que puede reducir la deformaci\u00f3n de la cabeza del marco, permitiendo al jugador realizar el mejor golpe posible, tiene una superficie de encordado de 97 pulgadas cuadradas y un perfil estrecho para una sensaci\u00f3n absoluta de la pelota. R\u00e1pido y preciso en la salida, el nuevo Black Ace Pro permite una gran aceleraci\u00f3n y el mejor control. Black Ace Pro es la raqueta ideal para el tenista agresivo que disfruta del juego moderno, donde la ofensiva es la mejor defensa.  El exclusivo Sistema Kinetic dentro de la cabeza de la raqueta aumenta la potencia y proporciona comodidad y estabilidad inmediata al encordado.  La C\u00e1mara de Amortiguaci\u00f3n Kinetic en el mango elimina la vibraci\u00f3n del golpe y reduce significativamente la fatiga del brazo.","og_url":"https:\/\/www.prokennex.eu\/es\/raquetas\/black-ace-pro\/","og_site_name":"ProKennex Racchette e Accessori","article_modified_time":"2024-09-12T17:19:28+00:00","og_image":[{"width":2000,"height":2000,"url":"https:\/\/www.prokennex.eu\/wp-content\/uploads\/2021\/04\/black-ace-pro.jpg","type":"image\/jpeg"}],"twitter_card":"summary_large_image","schema":{"@context":"https:\/\/schema.org","@graph":[{"@type":"WebPage","@id":"https:\/\/www.prokennex.eu\/es\/raquetas\/black-ace-pro\/","url":"https:\/\/www.prokennex.eu\/es\/raquetas\/black-ace-pro\/","name":"Black Ace Pro - ProKennex Racchette e Accessori","isPartOf":{"@id":"https:\/\/www.prokennex.eu\/es\/#website"},"primaryImageOfPage":{"@id":"https:\/\/www.prokennex.eu\/es\/raquetas\/black-ace-pro\/#primaryimage"},"image":{"@id":"https:\/\/www.prokennex.eu\/es\/raquetas\/black-ace-pro\/#primaryimage"},"thumbnailUrl":"https:\/\/www.prokennex.eu\/wp-content\/uploads\/2021\/04\/black-ace-pro.jpg","datePublished":"2024-09-10T07:13:26+00:00","dateModified":"2024-09-12T17:19:28+00:00","breadcrumb":{"@id":"https:\/\/www.prokennex.eu\/es\/raquetas\/black-ace-pro\/#breadcrumb"},"inLanguage":"es","potentialAction":[{"@type":"ReadAction","target":["https:\/\/www.prokennex.eu\/es\/raquetas\/black-ace-pro\/"]}]},{"@type":"ImageObject","inLanguage":"es","@id":"https:\/\/www.prokennex.eu\/es\/raquetas\/black-ace-pro\/#primaryimage","url":"https:\/\/www.prokennex.eu\/wp-content\/uploads\/2021\/04\/black-ace-pro.jpg","contentUrl":"https:\/\/www.prokennex.eu\/wp-content\/uploads\/2021\/04\/black-ace-pro.jpg","width":2000,"height":2000},{"@type":"BreadcrumbList","@id":"https:\/\/www.prokennex.eu\/es\/raquetas\/black-ace-pro\/#breadcrumb","itemListElement":[{"@type":"ListItem","position":1,"name":"Shop","item":"https:\/\/www.prokennex.eu\/es\/negozio\/"},{"@type":"ListItem","position":2,"name":"Tennis","item":"https:\/\/www.prokennex.eu\/es\/tennis-es\/"},{"@type":"ListItem","position":3,"name":"Raquetas","item":"https:\/\/www.prokennex.eu\/es\/tennis-es\/raquetas\/"},{"@type":"ListItem","position":4,"name":"Black Ace Pro"}]},{"@type":"WebSite","@id":"https:\/\/www.prokennex.eu\/es\/#website","url":"https:\/\/www.prokennex.eu\/es\/","name":"ProKennex Racchette e Accessori","description":"Tomorrow&#039;s Technologies","publisher":{"@id":"https:\/\/www.prokennex.eu\/es\/#organization"},"potentialAction":[{"@type":"SearchAction","target":{"@type":"EntryPoint","urlTemplate":"https:\/\/www.prokennex.eu\/es\/?s={search_term_string}"},"query-input":{"@type":"PropertyValueSpecification","valueRequired":true,"valueName":"search_term_string"}}],"inLanguage":"es"},{"@type":"Organization","@id":"https:\/\/www.prokennex.eu\/es\/#organization","name":"Pro Kennex s.r.l.","url":"https:\/\/www.prokennex.eu\/es\/","logo":{"@type":"ImageObject","inLanguage":"es","@id":"https:\/\/www.prokennex.eu\/es\/#\/schema\/logo\/image\/","url":"https:\/\/www.prokennex.eu\/wp-content\/uploads\/2021\/09\/prokennex-logo.svg","contentUrl":"https:\/\/www.prokennex.eu\/wp-content\/uploads\/2021\/09\/prokennex-logo.svg","width":"1440","height":"1080","caption":"Pro Kennex s.r.l."},"image":{"@id":"https:\/\/www.prokennex.eu\/es\/#\/schema\/logo\/image\/"}}]}},"_links":{"self":[{"href":"https:\/\/www.prokennex.eu\/es\/wp-json\/wp\/v2\/product\/3617","targetHints":{"allow":["GET"]}}],"collection":[{"href":"https:\/\/www.prokennex.eu\/es\/wp-json\/wp\/v2\/product"}],"about":[{"href":"https:\/\/www.prokennex.eu\/es\/wp-json\/wp\/v2\/types\/product"}],"replies":[{"embeddable":true,"href":"https:\/\/www.prokennex.eu\/es\/wp-json\/wp\/v2\/comments?post=3617"}],"wp:featuredmedia":[{"embeddable":true,"href":"https:\/\/www.prokennex.eu\/es\/wp-json\/wp\/v2\/media\/14055"}],"wp:attachment":[{"href":"https:\/\/www.prokennex.eu\/es\/wp-json\/wp\/v2\/media?parent=3617"}],"wp:term":[{"taxonomy":"tecnologia","embeddable":true,"href":"https:\/\/www.prokennex.eu\/es\/wp-json\/wp\/v2\/tecnologia?post=3617"},{"taxonomy":"product_brand","embeddable":true,"href":"https:\/\/www.prokennex.eu\/es\/wp-json\/wp\/v2\/product_brand?post=3617"},{"taxonomy":"product_cat","embeddable":true,"href":"https:\/\/www.prokennex.eu\/es\/wp-json\/wp\/v2\/product_cat?post=3617"},{"taxonomy":"product_tag","embeddable":true,"href":"https:\/\/www.prokennex.eu\/es\/wp-json\/wp\/v2\/product_tag?post=3617"}],"curies":[{"name":"wp","href":"https:\/\/api.w.org\/{rel}","templated":true}]}}