{"id":2571,"date":"2021-04-09T21:26:33","date_gmt":"2021-04-09T21:26:33","guid":{"rendered":"https:\/\/www.prokennex.eu\/?post_type=product&#038;p=2571"},"modified":"2025-10-02T15:41:33","modified_gmt":"2025-10-02T13:41:33","slug":"prokennex-q-20","status":"publish","type":"product","link":"https:\/\/www.prokennex.eu\/es\/q-es\/prokennex-q-20\/","title":{"rendered":"Q+20"},"content":{"rendered":"","protected":false},"excerpt":{"rendered":"<p>La nueva Q+20 ha sido dise\u00f1ada con un tamiz ampliado y una longitud de 27,25 pulgadas, para satisfacer las necesidades de los jugadores que buscan un acceso m\u00e1s sencillo al juego, sin renunciar a todas las ventajas que caracterizan a la serie Q+: gran velocidad, salida perfecta de la bola y absoluta naturalidad en los golpes liftados y cortados. La nueva Q+20 es una raqueta de competici\u00f3n extremadamente vers\u00e1til, capaz de adaptarse perfectamente a todos los niveles de jugadores que en pista buscan crear profundidad manteniendo siempre el control absoluto de cada golpe.<\/p>\n<p>La exclusiva tecnolog\u00eda QuadFocus Kinetic distribuye la energ\u00eda en cuatro zonas estrat\u00e9gicas del marco, lo que permite una mayor absorci\u00f3n de vibraciones, protecci\u00f3n del brazo y aumento de la estabilidad torsional en cada golpe, garantizando constantemente una sensaci\u00f3n de juego perfecta.<\/p>\n","protected":false},"featured_media":16197,"comment_status":"open","ping_status":"closed","template":"","meta":{"_acf_changed":false},"tecnologia":[1329,1331,1336],"product_brand":[],"product_cat":[1619,1615,1616],"product_tag":[],"class_list":{"0":"post-2571","1":"product","2":"type-product","3":"status-publish","4":"has-post-thumbnail","6":"tecnologia-kinetic-system-es","7":"tecnologia-quad-focus-es","8":"tecnologia-spiral-tech-carbon-es","9":"product_cat-q-es","10":"product_cat-tennis-es","11":"product_cat-raquetas","13":"first","14":"instock","15":"taxable","16":"shipping-taxable","17":"purchasable","18":"product-type-variable","19":"has-default-attributes"},"bundled_by":[],"bundle_stock_status":"instock","bundle_stock_quantity":null,"bundle_virtual":false,"bundle_layout":"","bundle_add_to_cart_form_location":"","bundle_editable_in_cart":false,"bundle_sold_individually_context":"","bundle_item_grouping":"","bundle_min_size":"","bundle_max_size":"","bundle_price":[],"bundled_items":[],"bundle_sell_ids":[],"acf":[],"yoast_head":"<!-- This site is optimized with the Yoast SEO plugin v27.1.1 - https:\/\/yoast.com\/product\/yoast-seo-wordpress\/ -->\n<title>Q+20 - ProKennex Racchette e Accessori<\/title>\n<meta name=\"robots\" content=\"index, follow, max-snippet:-1, max-image-preview:large, max-video-preview:-1\" \/>\n<link rel=\"canonical\" href=\"https:\/\/www.prokennex.eu\/es\/q-es\/prokennex-q-20\/\" \/>\n<meta property=\"og:locale\" content=\"es_ES\" \/>\n<meta property=\"og:type\" content=\"article\" \/>\n<meta property=\"og:title\" content=\"Q+20 - ProKennex Racchette e Accessori\" \/>\n<meta property=\"og:description\" content=\"La nueva Q+20 ha sido dise\u00f1ada con un tamiz ampliado y una longitud de 27,25 pulgadas, para satisfacer las necesidades de los jugadores que buscan un acceso m\u00e1s sencillo al juego, sin renunciar a todas las ventajas que caracterizan a la serie Q+: gran velocidad, salida perfecta de la bola y absoluta naturalidad en los golpes liftados y cortados. La nueva Q+20 es una raqueta de competici\u00f3n extremadamente vers\u00e1til, capaz de adaptarse perfectamente a todos los niveles de jugadores que en pista buscan crear profundidad manteniendo siempre el control absoluto de cada golpe.  La exclusiva tecnolog\u00eda QuadFocus Kinetic distribuye la energ\u00eda en cuatro zonas estrat\u00e9gicas del marco, lo que permite una mayor absorci\u00f3n de vibraciones, protecci\u00f3n del brazo y aumento de la estabilidad torsional en cada golpe, garantizando constantemente una sensaci\u00f3n de juego perfecta.\" \/>\n<meta property=\"og:url\" content=\"https:\/\/www.prokennex.eu\/es\/q-es\/prokennex-q-20\/\" \/>\n<meta property=\"og:site_name\" content=\"ProKennex Racchette e Accessori\" \/>\n<meta property=\"article:modified_time\" content=\"2025-10-02T13:41:33+00:00\" \/>\n<meta property=\"og:image\" content=\"https:\/\/www.prokennex.eu\/wp-content\/uploads\/2021\/04\/q20-1.jpg\" \/>\n\t<meta property=\"og:image:width\" content=\"2000\" \/>\n\t<meta property=\"og:image:height\" content=\"2000\" \/>\n\t<meta property=\"og:image:type\" content=\"image\/jpeg\" \/>\n<meta name=\"twitter:card\" content=\"summary_large_image\" \/>\n<script type=\"application\/ld+json\" class=\"yoast-schema-graph\">{\"@context\":\"https:\/\/schema.org\",\"@graph\":[{\"@type\":\"WebPage\",\"@id\":\"https:\/\/www.prokennex.eu\/es\/q-es\/prokennex-q-20\/\",\"url\":\"https:\/\/www.prokennex.eu\/es\/q-es\/prokennex-q-20\/\",\"name\":\"Q+20 - ProKennex Racchette e Accessori\",\"isPartOf\":{\"@id\":\"https:\/\/www.prokennex.eu\/es\/#website\"},\"primaryImageOfPage\":{\"@id\":\"https:\/\/www.prokennex.eu\/es\/q-es\/prokennex-q-20\/#primaryimage\"},\"image\":{\"@id\":\"https:\/\/www.prokennex.eu\/es\/q-es\/prokennex-q-20\/#primaryimage\"},\"thumbnailUrl\":\"https:\/\/www.prokennex.eu\/wp-content\/uploads\/2021\/04\/q20-1.jpg\",\"datePublished\":\"2021-04-09T21:26:33+00:00\",\"dateModified\":\"2025-10-02T13:41:33+00:00\",\"breadcrumb\":{\"@id\":\"https:\/\/www.prokennex.eu\/es\/q-es\/prokennex-q-20\/#breadcrumb\"},\"inLanguage\":\"es\",\"potentialAction\":[{\"@type\":\"ReadAction\",\"target\":[\"https:\/\/www.prokennex.eu\/es\/q-es\/prokennex-q-20\/\"]}]},{\"@type\":\"ImageObject\",\"inLanguage\":\"es\",\"@id\":\"https:\/\/www.prokennex.eu\/es\/q-es\/prokennex-q-20\/#primaryimage\",\"url\":\"https:\/\/www.prokennex.eu\/wp-content\/uploads\/2021\/04\/q20-1.jpg\",\"contentUrl\":\"https:\/\/www.prokennex.eu\/wp-content\/uploads\/2021\/04\/q20-1.jpg\",\"width\":2000,\"height\":2000},{\"@type\":\"BreadcrumbList\",\"@id\":\"https:\/\/www.prokennex.eu\/es\/q-es\/prokennex-q-20\/#breadcrumb\",\"itemListElement\":[{\"@type\":\"ListItem\",\"position\":1,\"name\":\"Shop\",\"item\":\"https:\/\/www.prokennex.eu\/es\/negozio\/\"},{\"@type\":\"ListItem\",\"position\":2,\"name\":\"Tennis\",\"item\":\"https:\/\/www.prokennex.eu\/es\/tennis-es\/\"},{\"@type\":\"ListItem\",\"position\":3,\"name\":\"Raquetas\",\"item\":\"https:\/\/www.prokennex.eu\/es\/tennis-es\/raquetas\/\"},{\"@type\":\"ListItem\",\"position\":4,\"name\":\"Q+\",\"item\":\"https:\/\/www.prokennex.eu\/es\/tennis-es\/raquetas\/q-es\/\"},{\"@type\":\"ListItem\",\"position\":5,\"name\":\"Q+20\"}]},{\"@type\":\"WebSite\",\"@id\":\"https:\/\/www.prokennex.eu\/es\/#website\",\"url\":\"https:\/\/www.prokennex.eu\/es\/\",\"name\":\"ProKennex Racchette e Accessori\",\"description\":\"Tomorrow&#039;s Technologies\",\"publisher\":{\"@id\":\"https:\/\/www.prokennex.eu\/es\/#organization\"},\"potentialAction\":[{\"@type\":\"SearchAction\",\"target\":{\"@type\":\"EntryPoint\",\"urlTemplate\":\"https:\/\/www.prokennex.eu\/es\/?s={search_term_string}\"},\"query-input\":{\"@type\":\"PropertyValueSpecification\",\"valueRequired\":true,\"valueName\":\"search_term_string\"}}],\"inLanguage\":\"es\"},{\"@type\":\"Organization\",\"@id\":\"https:\/\/www.prokennex.eu\/es\/#organization\",\"name\":\"Pro Kennex s.r.l.\",\"url\":\"https:\/\/www.prokennex.eu\/es\/\",\"logo\":{\"@type\":\"ImageObject\",\"inLanguage\":\"es\",\"@id\":\"https:\/\/www.prokennex.eu\/es\/#\/schema\/logo\/image\/\",\"url\":\"https:\/\/www.prokennex.eu\/wp-content\/uploads\/2021\/09\/prokennex-logo.svg\",\"contentUrl\":\"https:\/\/www.prokennex.eu\/wp-content\/uploads\/2021\/09\/prokennex-logo.svg\",\"width\":\"1440\",\"height\":\"1080\",\"caption\":\"Pro Kennex s.r.l.\"},\"image\":{\"@id\":\"https:\/\/www.prokennex.eu\/es\/#\/schema\/logo\/image\/\"}}]}<\/script>\n<!-- \/ Yoast SEO plugin. -->","yoast_head_json":{"title":"Q+20 - ProKennex Racchette e Accessori","robots":{"index":"index","follow":"follow","max-snippet":"max-snippet:-1","max-image-preview":"max-image-preview:large","max-video-preview":"max-video-preview:-1"},"canonical":"https:\/\/www.prokennex.eu\/es\/q-es\/prokennex-q-20\/","og_locale":"es_ES","og_type":"article","og_title":"Q+20 - ProKennex Racchette e Accessori","og_description":"La nueva Q+20 ha sido dise\u00f1ada con un tamiz ampliado y una longitud de 27,25 pulgadas, para satisfacer las necesidades de los jugadores que buscan un acceso m\u00e1s sencillo al juego, sin renunciar a todas las ventajas que caracterizan a la serie Q+: gran velocidad, salida perfecta de la bola y absoluta naturalidad en los golpes liftados y cortados. La nueva Q+20 es una raqueta de competici\u00f3n extremadamente vers\u00e1til, capaz de adaptarse perfectamente a todos los niveles de jugadores que en pista buscan crear profundidad manteniendo siempre el control absoluto de cada golpe.  La exclusiva tecnolog\u00eda QuadFocus Kinetic distribuye la energ\u00eda en cuatro zonas estrat\u00e9gicas del marco, lo que permite una mayor absorci\u00f3n de vibraciones, protecci\u00f3n del brazo y aumento de la estabilidad torsional en cada golpe, garantizando constantemente una sensaci\u00f3n de juego perfecta.","og_url":"https:\/\/www.prokennex.eu\/es\/q-es\/prokennex-q-20\/","og_site_name":"ProKennex Racchette e Accessori","article_modified_time":"2025-10-02T13:41:33+00:00","og_image":[{"width":2000,"height":2000,"url":"https:\/\/www.prokennex.eu\/wp-content\/uploads\/2021\/04\/q20-1.jpg","type":"image\/jpeg"}],"twitter_card":"summary_large_image","schema":{"@context":"https:\/\/schema.org","@graph":[{"@type":"WebPage","@id":"https:\/\/www.prokennex.eu\/es\/q-es\/prokennex-q-20\/","url":"https:\/\/www.prokennex.eu\/es\/q-es\/prokennex-q-20\/","name":"Q+20 - ProKennex Racchette e Accessori","isPartOf":{"@id":"https:\/\/www.prokennex.eu\/es\/#website"},"primaryImageOfPage":{"@id":"https:\/\/www.prokennex.eu\/es\/q-es\/prokennex-q-20\/#primaryimage"},"image":{"@id":"https:\/\/www.prokennex.eu\/es\/q-es\/prokennex-q-20\/#primaryimage"},"thumbnailUrl":"https:\/\/www.prokennex.eu\/wp-content\/uploads\/2021\/04\/q20-1.jpg","datePublished":"2021-04-09T21:26:33+00:00","dateModified":"2025-10-02T13:41:33+00:00","breadcrumb":{"@id":"https:\/\/www.prokennex.eu\/es\/q-es\/prokennex-q-20\/#breadcrumb"},"inLanguage":"es","potentialAction":[{"@type":"ReadAction","target":["https:\/\/www.prokennex.eu\/es\/q-es\/prokennex-q-20\/"]}]},{"@type":"ImageObject","inLanguage":"es","@id":"https:\/\/www.prokennex.eu\/es\/q-es\/prokennex-q-20\/#primaryimage","url":"https:\/\/www.prokennex.eu\/wp-content\/uploads\/2021\/04\/q20-1.jpg","contentUrl":"https:\/\/www.prokennex.eu\/wp-content\/uploads\/2021\/04\/q20-1.jpg","width":2000,"height":2000},{"@type":"BreadcrumbList","@id":"https:\/\/www.prokennex.eu\/es\/q-es\/prokennex-q-20\/#breadcrumb","itemListElement":[{"@type":"ListItem","position":1,"name":"Shop","item":"https:\/\/www.prokennex.eu\/es\/negozio\/"},{"@type":"ListItem","position":2,"name":"Tennis","item":"https:\/\/www.prokennex.eu\/es\/tennis-es\/"},{"@type":"ListItem","position":3,"name":"Raquetas","item":"https:\/\/www.prokennex.eu\/es\/tennis-es\/raquetas\/"},{"@type":"ListItem","position":4,"name":"Q+","item":"https:\/\/www.prokennex.eu\/es\/tennis-es\/raquetas\/q-es\/"},{"@type":"ListItem","position":5,"name":"Q+20"}]},{"@type":"WebSite","@id":"https:\/\/www.prokennex.eu\/es\/#website","url":"https:\/\/www.prokennex.eu\/es\/","name":"ProKennex Racchette e Accessori","description":"Tomorrow&#039;s Technologies","publisher":{"@id":"https:\/\/www.prokennex.eu\/es\/#organization"},"potentialAction":[{"@type":"SearchAction","target":{"@type":"EntryPoint","urlTemplate":"https:\/\/www.prokennex.eu\/es\/?s={search_term_string}"},"query-input":{"@type":"PropertyValueSpecification","valueRequired":true,"valueName":"search_term_string"}}],"inLanguage":"es"},{"@type":"Organization","@id":"https:\/\/www.prokennex.eu\/es\/#organization","name":"Pro Kennex s.r.l.","url":"https:\/\/www.prokennex.eu\/es\/","logo":{"@type":"ImageObject","inLanguage":"es","@id":"https:\/\/www.prokennex.eu\/es\/#\/schema\/logo\/image\/","url":"https:\/\/www.prokennex.eu\/wp-content\/uploads\/2021\/09\/prokennex-logo.svg","contentUrl":"https:\/\/www.prokennex.eu\/wp-content\/uploads\/2021\/09\/prokennex-logo.svg","width":"1440","height":"1080","caption":"Pro Kennex s.r.l."},"image":{"@id":"https:\/\/www.prokennex.eu\/es\/#\/schema\/logo\/image\/"}}]}},"_links":{"self":[{"href":"https:\/\/www.prokennex.eu\/es\/wp-json\/wp\/v2\/product\/2571","targetHints":{"allow":["GET"]}}],"collection":[{"href":"https:\/\/www.prokennex.eu\/es\/wp-json\/wp\/v2\/product"}],"about":[{"href":"https:\/\/www.prokennex.eu\/es\/wp-json\/wp\/v2\/types\/product"}],"replies":[{"embeddable":true,"href":"https:\/\/www.prokennex.eu\/es\/wp-json\/wp\/v2\/comments?post=2571"}],"wp:featuredmedia":[{"embeddable":true,"href":"https:\/\/www.prokennex.eu\/es\/wp-json\/wp\/v2\/media\/16197"}],"wp:attachment":[{"href":"https:\/\/www.prokennex.eu\/es\/wp-json\/wp\/v2\/media?parent=2571"}],"wp:term":[{"taxonomy":"tecnologia","embeddable":true,"href":"https:\/\/www.prokennex.eu\/es\/wp-json\/wp\/v2\/tecnologia?post=2571"},{"taxonomy":"product_brand","embeddable":true,"href":"https:\/\/www.prokennex.eu\/es\/wp-json\/wp\/v2\/product_brand?post=2571"},{"taxonomy":"product_cat","embeddable":true,"href":"https:\/\/www.prokennex.eu\/es\/wp-json\/wp\/v2\/product_cat?post=2571"},{"taxonomy":"product_tag","embeddable":true,"href":"https:\/\/www.prokennex.eu\/es\/wp-json\/wp\/v2\/product_tag?post=2571"}],"curies":[{"name":"wp","href":"https:\/\/api.w.org\/{rel}","templated":true}]}}