{"id":2141,"date":"2016-11-30T11:51:34","date_gmt":"2016-11-30T11:51:34","guid":{"rendered":"https:\/\/www.prokennex.eu\/?post_type=product&#038;p=2141"},"modified":"2023-11-02T21:43:59","modified_gmt":"2023-11-02T20:43:59","slug":"performer-madeja","status":"publish","type":"product","link":"https:\/\/www.prokennex.eu\/es\/cordajes-multifilamento\/performer-madeja\/","title":{"rendered":"Performer Madeja"},"content":{"rendered":"","protected":false},"excerpt":{"rendered":"<p>Cordaje multifilamento con n\u00facleo central de nailon 66. El tratamiento t\u00e9rmico le aporta buena elasticidad sin p\u00e9rdida de tensi\u00f3n. La mejor relaci\u00f3n calidad precio del mercado. Recomendada para jugadores que, a menudo, \u201crompen\u201d, pero no quieren renunciar a la calidad del multifilamento.<\/p>\n","protected":false},"featured_media":6819,"comment_status":"open","ping_status":"closed","template":"","meta":{"_acf_changed":false},"tecnologia":[],"product_brand":[],"product_cat":[1624,1615,1620],"product_tag":[],"class_list":{"0":"post-2141","1":"product","2":"type-product","3":"status-publish","4":"has-post-thumbnail","6":"product_cat-cordajes-multifilamento","7":"product_cat-tennis-es","8":"product_cat-xtras-tennis-es","10":"first","11":"instock","12":"taxable","13":"shipping-taxable","14":"purchasable","15":"product-type-variable"},"bundled_by":[],"bundle_stock_status":"instock","bundle_stock_quantity":null,"bundle_virtual":false,"bundle_layout":"","bundle_add_to_cart_form_location":"","bundle_editable_in_cart":false,"bundle_sold_individually_context":"","bundle_item_grouping":"","bundle_min_size":"","bundle_max_size":"","bundle_price":[],"bundled_items":[],"bundle_sell_ids":[],"acf":[],"yoast_head":"<!-- This site is optimized with the Yoast SEO plugin v27.4 - https:\/\/yoast.com\/product\/yoast-seo-wordpress\/ -->\n<title>Performer Madeja - ProKennex Racchette e Accessori<\/title>\n<meta name=\"robots\" content=\"index, follow, max-snippet:-1, max-image-preview:large, max-video-preview:-1\" \/>\n<link rel=\"canonical\" href=\"https:\/\/www.prokennex.eu\/es\/cordajes-multifilamento\/performer-madeja\/\" \/>\n<meta property=\"og:locale\" content=\"es_ES\" \/>\n<meta property=\"og:type\" content=\"article\" \/>\n<meta property=\"og:title\" content=\"Performer Madeja - ProKennex Racchette e Accessori\" \/>\n<meta property=\"og:description\" content=\"Cordaje multifilamento con n\u00facleo central de nailon 66. El tratamiento t\u00e9rmico le aporta buena elasticidad sin p\u00e9rdida de tensi\u00f3n. La mejor relaci\u00f3n calidad precio del mercado. Recomendada para jugadores que, a menudo, \u201crompen\u201d, pero no quieren renunciar a la calidad del multifilamento.\" \/>\n<meta property=\"og:url\" content=\"https:\/\/www.prokennex.eu\/es\/cordajes-multifilamento\/performer-madeja\/\" \/>\n<meta property=\"og:site_name\" content=\"ProKennex Racchette e Accessori\" \/>\n<meta property=\"article:modified_time\" content=\"2023-11-02T20:43:59+00:00\" \/>\n<meta property=\"og:image\" content=\"https:\/\/www.prokennex.eu\/wp-content\/uploads\/2016\/11\/performer.jpg\" \/>\n\t<meta property=\"og:image:width\" content=\"2000\" \/>\n\t<meta property=\"og:image:height\" content=\"2000\" \/>\n\t<meta property=\"og:image:type\" content=\"image\/jpeg\" \/>\n<meta name=\"twitter:card\" content=\"summary_large_image\" \/>\n<script type=\"application\/ld+json\" class=\"yoast-schema-graph\">{\"@context\":\"https:\\\/\\\/schema.org\",\"@graph\":[{\"@type\":\"WebPage\",\"@id\":\"https:\\\/\\\/www.prokennex.eu\\\/es\\\/cordajes-multifilamento\\\/performer-madeja\\\/\",\"url\":\"https:\\\/\\\/www.prokennex.eu\\\/es\\\/cordajes-multifilamento\\\/performer-madeja\\\/\",\"name\":\"Performer Madeja - ProKennex Racchette e Accessori\",\"isPartOf\":{\"@id\":\"https:\\\/\\\/www.prokennex.eu\\\/es\\\/#website\"},\"primaryImageOfPage\":{\"@id\":\"https:\\\/\\\/www.prokennex.eu\\\/es\\\/cordajes-multifilamento\\\/performer-madeja\\\/#primaryimage\"},\"image\":{\"@id\":\"https:\\\/\\\/www.prokennex.eu\\\/es\\\/cordajes-multifilamento\\\/performer-madeja\\\/#primaryimage\"},\"thumbnailUrl\":\"https:\\\/\\\/www.prokennex.eu\\\/wp-content\\\/uploads\\\/2016\\\/11\\\/performer.jpg\",\"datePublished\":\"2016-11-30T11:51:34+00:00\",\"dateModified\":\"2023-11-02T20:43:59+00:00\",\"breadcrumb\":{\"@id\":\"https:\\\/\\\/www.prokennex.eu\\\/es\\\/cordajes-multifilamento\\\/performer-madeja\\\/#breadcrumb\"},\"inLanguage\":\"es\",\"potentialAction\":[{\"@type\":\"ReadAction\",\"target\":[\"https:\\\/\\\/www.prokennex.eu\\\/es\\\/cordajes-multifilamento\\\/performer-madeja\\\/\"]}]},{\"@type\":\"ImageObject\",\"inLanguage\":\"es\",\"@id\":\"https:\\\/\\\/www.prokennex.eu\\\/es\\\/cordajes-multifilamento\\\/performer-madeja\\\/#primaryimage\",\"url\":\"https:\\\/\\\/www.prokennex.eu\\\/wp-content\\\/uploads\\\/2016\\\/11\\\/performer.jpg\",\"contentUrl\":\"https:\\\/\\\/www.prokennex.eu\\\/wp-content\\\/uploads\\\/2016\\\/11\\\/performer.jpg\",\"width\":2000,\"height\":2000},{\"@type\":\"BreadcrumbList\",\"@id\":\"https:\\\/\\\/www.prokennex.eu\\\/es\\\/cordajes-multifilamento\\\/performer-madeja\\\/#breadcrumb\",\"itemListElement\":[{\"@type\":\"ListItem\",\"position\":1,\"name\":\"Shop\",\"item\":\"https:\\\/\\\/www.prokennex.eu\\\/es\\\/negozio\\\/\"},{\"@type\":\"ListItem\",\"position\":2,\"name\":\"Tennis\",\"item\":\"https:\\\/\\\/www.prokennex.eu\\\/es\\\/tennis-es\\\/\"},{\"@type\":\"ListItem\",\"position\":3,\"name\":\"XTRAS\",\"item\":\"https:\\\/\\\/www.prokennex.eu\\\/es\\\/tennis-es\\\/xtras-tennis-es\\\/\"},{\"@type\":\"ListItem\",\"position\":4,\"name\":\"Cordajes multifilamento\",\"item\":\"https:\\\/\\\/www.prokennex.eu\\\/es\\\/tennis-es\\\/xtras-tennis-es\\\/cordajes-multifilamento\\\/\"},{\"@type\":\"ListItem\",\"position\":5,\"name\":\"Performer Madeja\"}]},{\"@type\":\"WebSite\",\"@id\":\"https:\\\/\\\/www.prokennex.eu\\\/es\\\/#website\",\"url\":\"https:\\\/\\\/www.prokennex.eu\\\/es\\\/\",\"name\":\"ProKennex Racchette e Accessori\",\"description\":\"Tomorrow&#039;s Technologies\",\"publisher\":{\"@id\":\"https:\\\/\\\/www.prokennex.eu\\\/es\\\/#organization\"},\"potentialAction\":[{\"@type\":\"SearchAction\",\"target\":{\"@type\":\"EntryPoint\",\"urlTemplate\":\"https:\\\/\\\/www.prokennex.eu\\\/es\\\/?s={search_term_string}\"},\"query-input\":{\"@type\":\"PropertyValueSpecification\",\"valueRequired\":true,\"valueName\":\"search_term_string\"}}],\"inLanguage\":\"es\"},{\"@type\":\"Organization\",\"@id\":\"https:\\\/\\\/www.prokennex.eu\\\/es\\\/#organization\",\"name\":\"Pro Kennex s.r.l.\",\"url\":\"https:\\\/\\\/www.prokennex.eu\\\/es\\\/\",\"logo\":{\"@type\":\"ImageObject\",\"inLanguage\":\"es\",\"@id\":\"https:\\\/\\\/www.prokennex.eu\\\/es\\\/#\\\/schema\\\/logo\\\/image\\\/\",\"url\":\"https:\\\/\\\/www.prokennex.eu\\\/wp-content\\\/uploads\\\/2021\\\/09\\\/prokennex-logo.svg\",\"contentUrl\":\"https:\\\/\\\/www.prokennex.eu\\\/wp-content\\\/uploads\\\/2021\\\/09\\\/prokennex-logo.svg\",\"width\":\"1440\",\"height\":\"1080\",\"caption\":\"Pro Kennex s.r.l.\"},\"image\":{\"@id\":\"https:\\\/\\\/www.prokennex.eu\\\/es\\\/#\\\/schema\\\/logo\\\/image\\\/\"}}]}<\/script>\n<!-- \/ Yoast SEO plugin. -->","yoast_head_json":{"title":"Performer Madeja - ProKennex Racchette e Accessori","robots":{"index":"index","follow":"follow","max-snippet":"max-snippet:-1","max-image-preview":"max-image-preview:large","max-video-preview":"max-video-preview:-1"},"canonical":"https:\/\/www.prokennex.eu\/es\/cordajes-multifilamento\/performer-madeja\/","og_locale":"es_ES","og_type":"article","og_title":"Performer Madeja - ProKennex Racchette e Accessori","og_description":"Cordaje multifilamento con n\u00facleo central de nailon 66. El tratamiento t\u00e9rmico le aporta buena elasticidad sin p\u00e9rdida de tensi\u00f3n. La mejor relaci\u00f3n calidad precio del mercado. Recomendada para jugadores que, a menudo, \u201crompen\u201d, pero no quieren renunciar a la calidad del multifilamento.","og_url":"https:\/\/www.prokennex.eu\/es\/cordajes-multifilamento\/performer-madeja\/","og_site_name":"ProKennex Racchette e Accessori","article_modified_time":"2023-11-02T20:43:59+00:00","og_image":[{"width":2000,"height":2000,"url":"https:\/\/www.prokennex.eu\/wp-content\/uploads\/2016\/11\/performer.jpg","type":"image\/jpeg"}],"twitter_card":"summary_large_image","schema":{"@context":"https:\/\/schema.org","@graph":[{"@type":"WebPage","@id":"https:\/\/www.prokennex.eu\/es\/cordajes-multifilamento\/performer-madeja\/","url":"https:\/\/www.prokennex.eu\/es\/cordajes-multifilamento\/performer-madeja\/","name":"Performer Madeja - ProKennex Racchette e Accessori","isPartOf":{"@id":"https:\/\/www.prokennex.eu\/es\/#website"},"primaryImageOfPage":{"@id":"https:\/\/www.prokennex.eu\/es\/cordajes-multifilamento\/performer-madeja\/#primaryimage"},"image":{"@id":"https:\/\/www.prokennex.eu\/es\/cordajes-multifilamento\/performer-madeja\/#primaryimage"},"thumbnailUrl":"https:\/\/www.prokennex.eu\/wp-content\/uploads\/2016\/11\/performer.jpg","datePublished":"2016-11-30T11:51:34+00:00","dateModified":"2023-11-02T20:43:59+00:00","breadcrumb":{"@id":"https:\/\/www.prokennex.eu\/es\/cordajes-multifilamento\/performer-madeja\/#breadcrumb"},"inLanguage":"es","potentialAction":[{"@type":"ReadAction","target":["https:\/\/www.prokennex.eu\/es\/cordajes-multifilamento\/performer-madeja\/"]}]},{"@type":"ImageObject","inLanguage":"es","@id":"https:\/\/www.prokennex.eu\/es\/cordajes-multifilamento\/performer-madeja\/#primaryimage","url":"https:\/\/www.prokennex.eu\/wp-content\/uploads\/2016\/11\/performer.jpg","contentUrl":"https:\/\/www.prokennex.eu\/wp-content\/uploads\/2016\/11\/performer.jpg","width":2000,"height":2000},{"@type":"BreadcrumbList","@id":"https:\/\/www.prokennex.eu\/es\/cordajes-multifilamento\/performer-madeja\/#breadcrumb","itemListElement":[{"@type":"ListItem","position":1,"name":"Shop","item":"https:\/\/www.prokennex.eu\/es\/negozio\/"},{"@type":"ListItem","position":2,"name":"Tennis","item":"https:\/\/www.prokennex.eu\/es\/tennis-es\/"},{"@type":"ListItem","position":3,"name":"XTRAS","item":"https:\/\/www.prokennex.eu\/es\/tennis-es\/xtras-tennis-es\/"},{"@type":"ListItem","position":4,"name":"Cordajes multifilamento","item":"https:\/\/www.prokennex.eu\/es\/tennis-es\/xtras-tennis-es\/cordajes-multifilamento\/"},{"@type":"ListItem","position":5,"name":"Performer Madeja"}]},{"@type":"WebSite","@id":"https:\/\/www.prokennex.eu\/es\/#website","url":"https:\/\/www.prokennex.eu\/es\/","name":"ProKennex Racchette e Accessori","description":"Tomorrow&#039;s Technologies","publisher":{"@id":"https:\/\/www.prokennex.eu\/es\/#organization"},"potentialAction":[{"@type":"SearchAction","target":{"@type":"EntryPoint","urlTemplate":"https:\/\/www.prokennex.eu\/es\/?s={search_term_string}"},"query-input":{"@type":"PropertyValueSpecification","valueRequired":true,"valueName":"search_term_string"}}],"inLanguage":"es"},{"@type":"Organization","@id":"https:\/\/www.prokennex.eu\/es\/#organization","name":"Pro Kennex s.r.l.","url":"https:\/\/www.prokennex.eu\/es\/","logo":{"@type":"ImageObject","inLanguage":"es","@id":"https:\/\/www.prokennex.eu\/es\/#\/schema\/logo\/image\/","url":"https:\/\/www.prokennex.eu\/wp-content\/uploads\/2021\/09\/prokennex-logo.svg","contentUrl":"https:\/\/www.prokennex.eu\/wp-content\/uploads\/2021\/09\/prokennex-logo.svg","width":"1440","height":"1080","caption":"Pro Kennex s.r.l."},"image":{"@id":"https:\/\/www.prokennex.eu\/es\/#\/schema\/logo\/image\/"}}]}},"_links":{"self":[{"href":"https:\/\/www.prokennex.eu\/es\/wp-json\/wp\/v2\/product\/2141","targetHints":{"allow":["GET"]}}],"collection":[{"href":"https:\/\/www.prokennex.eu\/es\/wp-json\/wp\/v2\/product"}],"about":[{"href":"https:\/\/www.prokennex.eu\/es\/wp-json\/wp\/v2\/types\/product"}],"replies":[{"embeddable":true,"href":"https:\/\/www.prokennex.eu\/es\/wp-json\/wp\/v2\/comments?post=2141"}],"wp:featuredmedia":[{"embeddable":true,"href":"https:\/\/www.prokennex.eu\/es\/wp-json\/wp\/v2\/media\/6819"}],"wp:attachment":[{"href":"https:\/\/www.prokennex.eu\/es\/wp-json\/wp\/v2\/media?parent=2141"}],"wp:term":[{"taxonomy":"tecnologia","embeddable":true,"href":"https:\/\/www.prokennex.eu\/es\/wp-json\/wp\/v2\/tecnologia?post=2141"},{"taxonomy":"product_brand","embeddable":true,"href":"https:\/\/www.prokennex.eu\/es\/wp-json\/wp\/v2\/product_brand?post=2141"},{"taxonomy":"product_cat","embeddable":true,"href":"https:\/\/www.prokennex.eu\/es\/wp-json\/wp\/v2\/product_cat?post=2141"},{"taxonomy":"product_tag","embeddable":true,"href":"https:\/\/www.prokennex.eu\/es\/wp-json\/wp\/v2\/product_tag?post=2141"}],"curies":[{"name":"wp","href":"https:\/\/api.w.org\/{rel}","templated":true}]}}