{"id":17303,"date":"2025-12-13T04:00:00","date_gmt":"2025-12-13T03:00:00","guid":{"rendered":"https:\/\/www.prokennex.eu\/?post_type=product&#038;p=17303"},"modified":"2025-12-13T04:22:13","modified_gmt":"2025-12-13T03:22:13","slug":"black-ace-copia","status":"publish","type":"product","link":"https:\/\/www.prokennex.eu\/es\/raquetas-padel\/black-ace-copia\/","title":{"rendered":"Black Ace RND"},"content":{"rendered":"","protected":false},"excerpt":{"rendered":"<p>La Black Ace RND est\u00e1 dise\u00f1ada para jugadores que dominan el punto con manejabilidad, control y rapidez de ejecuci\u00f3n. La forma Round, el peso de 365 g y el balance de 255 mm ofrecen un marco \u00e1gil, estable y reactivo. El <strong>Spiral Tech Carbon\u00ae<\/strong> garantiza un impacto uniforme, la <strong>Soft EVA\u00ae 16\u00b0<\/strong> aporta fluidez y control, mientras que <strong>PK-Bridge\u00ae<\/strong> y <strong>Kinetic System\u00ae<\/strong> mantienen la limpieza del golpe incluso en las fases m\u00e1s din\u00e1micas. La <strong>3D Grain Surface\u00ae<\/strong> y el <strong>Geo-Dinamic Hole Design\u00ae<\/strong> potencian el spin y la precisi\u00f3n.<\/p>\n<p>Para jugadores Advanced que buscan control, velocidad y m\u00e1xima manejabilidad.<\/p>\n<p><strong>Funda t\u00e9rmica incluida.<\/strong><\/p>\n","protected":false},"featured_media":17343,"comment_status":"open","ping_status":"closed","template":"","meta":{"_acf_changed":false},"tecnologia":[2231,1329,2157,1336],"product_brand":[],"product_cat":[1597,1598],"product_tag":[2057,2241],"class_list":{"0":"post-17303","1":"product","2":"type-product","3":"status-publish","4":"has-post-thumbnail","6":"tecnologia-3d-grain-surface","7":"tecnologia-kinetic-system-es","8":"tecnologia-racquet-sense-es","9":"tecnologia-spiral-tech-carbon-es","10":"product_cat-padel-es","11":"product_cat-raquetas-padel","12":"product_tag-ace-station-es","13":"product_tag-black-ace-padel-es","15":"first","16":"instock","17":"taxable","18":"shipping-taxable","19":"purchasable","20":"product-type-simple"},"bundled_by":[],"bundle_stock_status":"instock","bundle_stock_quantity":10,"bundle_virtual":false,"bundle_layout":"","bundle_add_to_cart_form_location":"","bundle_editable_in_cart":false,"bundle_sold_individually_context":"","bundle_item_grouping":"","bundle_min_size":"","bundle_max_size":"","bundle_price":[],"bundled_items":[],"bundle_sell_ids":[],"acf":[],"yoast_head":"<!-- This site is optimized with the Yoast SEO plugin v27.4 - https:\/\/yoast.com\/product\/yoast-seo-wordpress\/ -->\n<title>Black Ace RND - ProKennex Racchette e Accessori<\/title>\n<meta name=\"description\" content=\"La Black Ace RND est\u00e1 dise\u00f1ada para jugadores que dominan el punto con manejabilidad, control y rapidez de ejecuci\u00f3n.\" \/>\n<meta name=\"robots\" content=\"index, follow, max-snippet:-1, max-image-preview:large, max-video-preview:-1\" \/>\n<link rel=\"canonical\" href=\"https:\/\/www.prokennex.eu\/es\/raquetas-padel\/black-ace-copia\/\" \/>\n<meta property=\"og:locale\" content=\"es_ES\" \/>\n<meta property=\"og:type\" content=\"article\" \/>\n<meta property=\"og:title\" content=\"Black Ace RND - ProKennex Racchette e Accessori\" \/>\n<meta property=\"og:description\" content=\"La Black Ace RND est\u00e1 dise\u00f1ada para jugadores que dominan el punto con manejabilidad, control y rapidez de ejecuci\u00f3n.\" \/>\n<meta property=\"og:url\" content=\"https:\/\/www.prokennex.eu\/es\/raquetas-padel\/black-ace-copia\/\" \/>\n<meta property=\"og:site_name\" content=\"ProKennex Racchette e Accessori\" \/>\n<meta property=\"article:modified_time\" content=\"2025-12-13T03:22:13+00:00\" \/>\n<meta property=\"og:image\" content=\"https:\/\/www.prokennex.eu\/wp-content\/uploads\/2025\/12\/black-ace-rnd-padel-2026-01.jpg\" \/>\n\t<meta property=\"og:image:width\" content=\"2000\" \/>\n\t<meta property=\"og:image:height\" content=\"2000\" \/>\n\t<meta property=\"og:image:type\" content=\"image\/jpeg\" \/>\n<meta name=\"twitter:card\" content=\"summary_large_image\" \/>\n<script type=\"application\/ld+json\" class=\"yoast-schema-graph\">{\"@context\":\"https:\\\/\\\/schema.org\",\"@graph\":[{\"@type\":\"WebPage\",\"@id\":\"https:\\\/\\\/www.prokennex.eu\\\/es\\\/raquetas-padel\\\/black-ace-copia\\\/\",\"url\":\"https:\\\/\\\/www.prokennex.eu\\\/es\\\/raquetas-padel\\\/black-ace-copia\\\/\",\"name\":\"Black Ace RND - ProKennex Racchette e Accessori\",\"isPartOf\":{\"@id\":\"https:\\\/\\\/www.prokennex.eu\\\/es\\\/#website\"},\"primaryImageOfPage\":{\"@id\":\"https:\\\/\\\/www.prokennex.eu\\\/es\\\/raquetas-padel\\\/black-ace-copia\\\/#primaryimage\"},\"image\":{\"@id\":\"https:\\\/\\\/www.prokennex.eu\\\/es\\\/raquetas-padel\\\/black-ace-copia\\\/#primaryimage\"},\"thumbnailUrl\":\"https:\\\/\\\/www.prokennex.eu\\\/wp-content\\\/uploads\\\/2025\\\/12\\\/black-ace-rnd-padel-2026-01.jpg\",\"datePublished\":\"2025-12-13T03:00:00+00:00\",\"dateModified\":\"2025-12-13T03:22:13+00:00\",\"description\":\"La Black Ace RND est\u00e1 dise\u00f1ada para jugadores que dominan el punto con manejabilidad, control y rapidez de ejecuci\u00f3n.\",\"breadcrumb\":{\"@id\":\"https:\\\/\\\/www.prokennex.eu\\\/es\\\/raquetas-padel\\\/black-ace-copia\\\/#breadcrumb\"},\"inLanguage\":\"es\",\"potentialAction\":[{\"@type\":\"ReadAction\",\"target\":[\"https:\\\/\\\/www.prokennex.eu\\\/es\\\/raquetas-padel\\\/black-ace-copia\\\/\"]}]},{\"@type\":\"ImageObject\",\"inLanguage\":\"es\",\"@id\":\"https:\\\/\\\/www.prokennex.eu\\\/es\\\/raquetas-padel\\\/black-ace-copia\\\/#primaryimage\",\"url\":\"https:\\\/\\\/www.prokennex.eu\\\/wp-content\\\/uploads\\\/2025\\\/12\\\/black-ace-rnd-padel-2026-01.jpg\",\"contentUrl\":\"https:\\\/\\\/www.prokennex.eu\\\/wp-content\\\/uploads\\\/2025\\\/12\\\/black-ace-rnd-padel-2026-01.jpg\",\"width\":2000,\"height\":2000},{\"@type\":\"BreadcrumbList\",\"@id\":\"https:\\\/\\\/www.prokennex.eu\\\/es\\\/raquetas-padel\\\/black-ace-copia\\\/#breadcrumb\",\"itemListElement\":[{\"@type\":\"ListItem\",\"position\":1,\"name\":\"Shop\",\"item\":\"https:\\\/\\\/www.prokennex.eu\\\/es\\\/negozio\\\/\"},{\"@type\":\"ListItem\",\"position\":2,\"name\":\"Padel\",\"item\":\"https:\\\/\\\/www.prokennex.eu\\\/es\\\/padel-es\\\/\"},{\"@type\":\"ListItem\",\"position\":3,\"name\":\"Raquetas\",\"item\":\"https:\\\/\\\/www.prokennex.eu\\\/es\\\/padel-es\\\/raquetas-padel\\\/\"},{\"@type\":\"ListItem\",\"position\":4,\"name\":\"Black Ace RND\"}]},{\"@type\":\"WebSite\",\"@id\":\"https:\\\/\\\/www.prokennex.eu\\\/es\\\/#website\",\"url\":\"https:\\\/\\\/www.prokennex.eu\\\/es\\\/\",\"name\":\"ProKennex Racchette e Accessori\",\"description\":\"Tomorrow&#039;s Technologies\",\"publisher\":{\"@id\":\"https:\\\/\\\/www.prokennex.eu\\\/es\\\/#organization\"},\"potentialAction\":[{\"@type\":\"SearchAction\",\"target\":{\"@type\":\"EntryPoint\",\"urlTemplate\":\"https:\\\/\\\/www.prokennex.eu\\\/es\\\/?s={search_term_string}\"},\"query-input\":{\"@type\":\"PropertyValueSpecification\",\"valueRequired\":true,\"valueName\":\"search_term_string\"}}],\"inLanguage\":\"es\"},{\"@type\":\"Organization\",\"@id\":\"https:\\\/\\\/www.prokennex.eu\\\/es\\\/#organization\",\"name\":\"Pro Kennex s.r.l.\",\"url\":\"https:\\\/\\\/www.prokennex.eu\\\/es\\\/\",\"logo\":{\"@type\":\"ImageObject\",\"inLanguage\":\"es\",\"@id\":\"https:\\\/\\\/www.prokennex.eu\\\/es\\\/#\\\/schema\\\/logo\\\/image\\\/\",\"url\":\"https:\\\/\\\/www.prokennex.eu\\\/wp-content\\\/uploads\\\/2021\\\/09\\\/prokennex-logo.svg\",\"contentUrl\":\"https:\\\/\\\/www.prokennex.eu\\\/wp-content\\\/uploads\\\/2021\\\/09\\\/prokennex-logo.svg\",\"width\":\"1440\",\"height\":\"1080\",\"caption\":\"Pro Kennex s.r.l.\"},\"image\":{\"@id\":\"https:\\\/\\\/www.prokennex.eu\\\/es\\\/#\\\/schema\\\/logo\\\/image\\\/\"}}]}<\/script>\n<!-- \/ Yoast SEO plugin. -->","yoast_head_json":{"title":"Black Ace RND - ProKennex Racchette e Accessori","description":"La Black Ace RND est\u00e1 dise\u00f1ada para jugadores que dominan el punto con manejabilidad, control y rapidez de ejecuci\u00f3n.","robots":{"index":"index","follow":"follow","max-snippet":"max-snippet:-1","max-image-preview":"max-image-preview:large","max-video-preview":"max-video-preview:-1"},"canonical":"https:\/\/www.prokennex.eu\/es\/raquetas-padel\/black-ace-copia\/","og_locale":"es_ES","og_type":"article","og_title":"Black Ace RND - ProKennex Racchette e Accessori","og_description":"La Black Ace RND est\u00e1 dise\u00f1ada para jugadores que dominan el punto con manejabilidad, control y rapidez de ejecuci\u00f3n.","og_url":"https:\/\/www.prokennex.eu\/es\/raquetas-padel\/black-ace-copia\/","og_site_name":"ProKennex Racchette e Accessori","article_modified_time":"2025-12-13T03:22:13+00:00","og_image":[{"width":2000,"height":2000,"url":"https:\/\/www.prokennex.eu\/wp-content\/uploads\/2025\/12\/black-ace-rnd-padel-2026-01.jpg","type":"image\/jpeg"}],"twitter_card":"summary_large_image","schema":{"@context":"https:\/\/schema.org","@graph":[{"@type":"WebPage","@id":"https:\/\/www.prokennex.eu\/es\/raquetas-padel\/black-ace-copia\/","url":"https:\/\/www.prokennex.eu\/es\/raquetas-padel\/black-ace-copia\/","name":"Black Ace RND - ProKennex Racchette e Accessori","isPartOf":{"@id":"https:\/\/www.prokennex.eu\/es\/#website"},"primaryImageOfPage":{"@id":"https:\/\/www.prokennex.eu\/es\/raquetas-padel\/black-ace-copia\/#primaryimage"},"image":{"@id":"https:\/\/www.prokennex.eu\/es\/raquetas-padel\/black-ace-copia\/#primaryimage"},"thumbnailUrl":"https:\/\/www.prokennex.eu\/wp-content\/uploads\/2025\/12\/black-ace-rnd-padel-2026-01.jpg","datePublished":"2025-12-13T03:00:00+00:00","dateModified":"2025-12-13T03:22:13+00:00","description":"La Black Ace RND est\u00e1 dise\u00f1ada para jugadores que dominan el punto con manejabilidad, control y rapidez de ejecuci\u00f3n.","breadcrumb":{"@id":"https:\/\/www.prokennex.eu\/es\/raquetas-padel\/black-ace-copia\/#breadcrumb"},"inLanguage":"es","potentialAction":[{"@type":"ReadAction","target":["https:\/\/www.prokennex.eu\/es\/raquetas-padel\/black-ace-copia\/"]}]},{"@type":"ImageObject","inLanguage":"es","@id":"https:\/\/www.prokennex.eu\/es\/raquetas-padel\/black-ace-copia\/#primaryimage","url":"https:\/\/www.prokennex.eu\/wp-content\/uploads\/2025\/12\/black-ace-rnd-padel-2026-01.jpg","contentUrl":"https:\/\/www.prokennex.eu\/wp-content\/uploads\/2025\/12\/black-ace-rnd-padel-2026-01.jpg","width":2000,"height":2000},{"@type":"BreadcrumbList","@id":"https:\/\/www.prokennex.eu\/es\/raquetas-padel\/black-ace-copia\/#breadcrumb","itemListElement":[{"@type":"ListItem","position":1,"name":"Shop","item":"https:\/\/www.prokennex.eu\/es\/negozio\/"},{"@type":"ListItem","position":2,"name":"Padel","item":"https:\/\/www.prokennex.eu\/es\/padel-es\/"},{"@type":"ListItem","position":3,"name":"Raquetas","item":"https:\/\/www.prokennex.eu\/es\/padel-es\/raquetas-padel\/"},{"@type":"ListItem","position":4,"name":"Black Ace RND"}]},{"@type":"WebSite","@id":"https:\/\/www.prokennex.eu\/es\/#website","url":"https:\/\/www.prokennex.eu\/es\/","name":"ProKennex Racchette e Accessori","description":"Tomorrow&#039;s Technologies","publisher":{"@id":"https:\/\/www.prokennex.eu\/es\/#organization"},"potentialAction":[{"@type":"SearchAction","target":{"@type":"EntryPoint","urlTemplate":"https:\/\/www.prokennex.eu\/es\/?s={search_term_string}"},"query-input":{"@type":"PropertyValueSpecification","valueRequired":true,"valueName":"search_term_string"}}],"inLanguage":"es"},{"@type":"Organization","@id":"https:\/\/www.prokennex.eu\/es\/#organization","name":"Pro Kennex s.r.l.","url":"https:\/\/www.prokennex.eu\/es\/","logo":{"@type":"ImageObject","inLanguage":"es","@id":"https:\/\/www.prokennex.eu\/es\/#\/schema\/logo\/image\/","url":"https:\/\/www.prokennex.eu\/wp-content\/uploads\/2021\/09\/prokennex-logo.svg","contentUrl":"https:\/\/www.prokennex.eu\/wp-content\/uploads\/2021\/09\/prokennex-logo.svg","width":"1440","height":"1080","caption":"Pro Kennex s.r.l."},"image":{"@id":"https:\/\/www.prokennex.eu\/es\/#\/schema\/logo\/image\/"}}]}},"_links":{"self":[{"href":"https:\/\/www.prokennex.eu\/es\/wp-json\/wp\/v2\/product\/17303","targetHints":{"allow":["GET"]}}],"collection":[{"href":"https:\/\/www.prokennex.eu\/es\/wp-json\/wp\/v2\/product"}],"about":[{"href":"https:\/\/www.prokennex.eu\/es\/wp-json\/wp\/v2\/types\/product"}],"replies":[{"embeddable":true,"href":"https:\/\/www.prokennex.eu\/es\/wp-json\/wp\/v2\/comments?post=17303"}],"wp:featuredmedia":[{"embeddable":true,"href":"https:\/\/www.prokennex.eu\/es\/wp-json\/wp\/v2\/media\/17343"}],"wp:attachment":[{"href":"https:\/\/www.prokennex.eu\/es\/wp-json\/wp\/v2\/media?parent=17303"}],"wp:term":[{"taxonomy":"tecnologia","embeddable":true,"href":"https:\/\/www.prokennex.eu\/es\/wp-json\/wp\/v2\/tecnologia?post=17303"},{"taxonomy":"product_brand","embeddable":true,"href":"https:\/\/www.prokennex.eu\/es\/wp-json\/wp\/v2\/product_brand?post=17303"},{"taxonomy":"product_cat","embeddable":true,"href":"https:\/\/www.prokennex.eu\/es\/wp-json\/wp\/v2\/product_cat?post=17303"},{"taxonomy":"product_tag","embeddable":true,"href":"https:\/\/www.prokennex.eu\/es\/wp-json\/wp\/v2\/product_tag?post=17303"}],"curies":[{"name":"wp","href":"https:\/\/api.w.org\/{rel}","templated":true}]}}