{"id":15514,"date":"2025-07-24T19:41:13","date_gmt":"2025-07-24T17:41:13","guid":{"rendered":"https:\/\/www.prokennex.eu\/sin categor\u00eda\/maestro\/"},"modified":"2025-07-24T19:41:13","modified_gmt":"2025-07-24T17:41:13","slug":"maestro","status":"publish","type":"product","link":"https:\/\/www.prokennex.eu\/es\/raquetas-pickleball\/maestro\/","title":{"rendered":"Maestro"},"content":{"rendered":"","protected":false},"excerpt":{"rendered":"<p>Esta pala de pickleball ha sido dise\u00f1ada especialmente para quienes se acercan por primera vez al juego, ofreciendo un equilibrio perfecto entre control, comodidad y maniobrabilidad. El tama\u00f1o reducido del mango garantiza un agarre firme y seguro, facilitando el movimiento de la mu\u00f1eca y mejorando la sensibilidad en los golpes. Ideal para desarrollar la t\u00e9cnica desde los primeros intercambios, ofrece estabilidad sin sacrificar la capacidad de respuesta, convirti\u00e9ndola en la herramienta perfecta para quienes desean aprender, divertirse y progresar en su estilo de juego.<\/p>\n","protected":false},"featured_media":15478,"comment_status":"open","ping_status":"closed","template":"","meta":{"_acf_changed":false},"tecnologia":[],"product_brand":[],"product_cat":[1838,1603,1604],"product_tag":[],"class_list":{"0":"post-15514","1":"product","2":"type-product","3":"status-publish","4":"has-post-thumbnail","6":"product_cat-non-categorizzato-es","7":"product_cat-pickleball-es","8":"product_cat-raquetas-pickleball","10":"first","11":"instock","12":"taxable","13":"shipping-taxable","14":"purchasable","15":"product-type-simple"},"bundled_by":[],"bundle_stock_status":"instock","bundle_stock_quantity":10,"bundle_virtual":false,"bundle_layout":"","bundle_add_to_cart_form_location":"","bundle_editable_in_cart":false,"bundle_sold_individually_context":"","bundle_item_grouping":"","bundle_min_size":"","bundle_max_size":"","bundle_price":[],"bundled_items":[],"bundle_sell_ids":[],"acf":[],"yoast_head":"<!-- This site is optimized with the Yoast SEO plugin v27.4 - https:\/\/yoast.com\/product\/yoast-seo-wordpress\/ -->\n<title>Maestro - ProKennex Racchette e Accessori<\/title>\n<meta name=\"robots\" content=\"index, follow, max-snippet:-1, max-image-preview:large, max-video-preview:-1\" \/>\n<link rel=\"canonical\" href=\"https:\/\/www.prokennex.eu\/es\/raquetas-pickleball\/maestro\/\" \/>\n<meta property=\"og:locale\" content=\"es_ES\" \/>\n<meta property=\"og:type\" content=\"article\" \/>\n<meta property=\"og:title\" content=\"Maestro - ProKennex Racchette e Accessori\" \/>\n<meta property=\"og:description\" content=\"Esta pala de pickleball ha sido dise\u00f1ada especialmente para quienes se acercan por primera vez al juego, ofreciendo un equilibrio perfecto entre control, comodidad y maniobrabilidad. El tama\u00f1o reducido del mango garantiza un agarre firme y seguro, facilitando el movimiento de la mu\u00f1eca y mejorando la sensibilidad en los golpes. Ideal para desarrollar la t\u00e9cnica desde los primeros intercambios, ofrece estabilidad sin sacrificar la capacidad de respuesta, convirti\u00e9ndola en la herramienta perfecta para quienes desean aprender, divertirse y progresar en su estilo de juego.\" \/>\n<meta property=\"og:url\" content=\"https:\/\/www.prokennex.eu\/es\/raquetas-pickleball\/maestro\/\" \/>\n<meta property=\"og:site_name\" content=\"ProKennex Racchette e Accessori\" \/>\n<meta property=\"og:image\" content=\"https:\/\/www.prokennex.eu\/wp-content\/uploads\/2025\/07\/maestro-pickleball.jpg\" \/>\n\t<meta property=\"og:image:width\" content=\"2000\" \/>\n\t<meta property=\"og:image:height\" content=\"2000\" \/>\n\t<meta property=\"og:image:type\" content=\"image\/jpeg\" \/>\n<meta name=\"twitter:card\" content=\"summary_large_image\" \/>\n<script type=\"application\/ld+json\" class=\"yoast-schema-graph\">{\"@context\":\"https:\\\/\\\/schema.org\",\"@graph\":[{\"@type\":\"WebPage\",\"@id\":\"https:\\\/\\\/www.prokennex.eu\\\/es\\\/raquetas-pickleball\\\/maestro\\\/\",\"url\":\"https:\\\/\\\/www.prokennex.eu\\\/es\\\/raquetas-pickleball\\\/maestro\\\/\",\"name\":\"Maestro - ProKennex Racchette e Accessori\",\"isPartOf\":{\"@id\":\"https:\\\/\\\/www.prokennex.eu\\\/es\\\/#website\"},\"primaryImageOfPage\":{\"@id\":\"https:\\\/\\\/www.prokennex.eu\\\/es\\\/raquetas-pickleball\\\/maestro\\\/#primaryimage\"},\"image\":{\"@id\":\"https:\\\/\\\/www.prokennex.eu\\\/es\\\/raquetas-pickleball\\\/maestro\\\/#primaryimage\"},\"thumbnailUrl\":\"https:\\\/\\\/www.prokennex.eu\\\/wp-content\\\/uploads\\\/2025\\\/07\\\/maestro-pickleball.jpg\",\"datePublished\":\"2025-07-24T17:41:13+00:00\",\"breadcrumb\":{\"@id\":\"https:\\\/\\\/www.prokennex.eu\\\/es\\\/raquetas-pickleball\\\/maestro\\\/#breadcrumb\"},\"inLanguage\":\"es\",\"potentialAction\":[{\"@type\":\"ReadAction\",\"target\":[\"https:\\\/\\\/www.prokennex.eu\\\/es\\\/raquetas-pickleball\\\/maestro\\\/\"]}]},{\"@type\":\"ImageObject\",\"inLanguage\":\"es\",\"@id\":\"https:\\\/\\\/www.prokennex.eu\\\/es\\\/raquetas-pickleball\\\/maestro\\\/#primaryimage\",\"url\":\"https:\\\/\\\/www.prokennex.eu\\\/wp-content\\\/uploads\\\/2025\\\/07\\\/maestro-pickleball.jpg\",\"contentUrl\":\"https:\\\/\\\/www.prokennex.eu\\\/wp-content\\\/uploads\\\/2025\\\/07\\\/maestro-pickleball.jpg\",\"width\":2000,\"height\":2000},{\"@type\":\"BreadcrumbList\",\"@id\":\"https:\\\/\\\/www.prokennex.eu\\\/es\\\/raquetas-pickleball\\\/maestro\\\/#breadcrumb\",\"itemListElement\":[{\"@type\":\"ListItem\",\"position\":1,\"name\":\"Shop\",\"item\":\"https:\\\/\\\/www.prokennex.eu\\\/es\\\/negozio\\\/\"},{\"@type\":\"ListItem\",\"position\":2,\"name\":\"Pickleball\",\"item\":\"https:\\\/\\\/www.prokennex.eu\\\/es\\\/pickleball-es\\\/\"},{\"@type\":\"ListItem\",\"position\":3,\"name\":\"Raquetas\",\"item\":\"https:\\\/\\\/www.prokennex.eu\\\/es\\\/pickleball-es\\\/raquetas-pickleball\\\/\"},{\"@type\":\"ListItem\",\"position\":4,\"name\":\"Maestro\"}]},{\"@type\":\"WebSite\",\"@id\":\"https:\\\/\\\/www.prokennex.eu\\\/es\\\/#website\",\"url\":\"https:\\\/\\\/www.prokennex.eu\\\/es\\\/\",\"name\":\"ProKennex Racchette e Accessori\",\"description\":\"Tomorrow&#039;s Technologies\",\"publisher\":{\"@id\":\"https:\\\/\\\/www.prokennex.eu\\\/es\\\/#organization\"},\"potentialAction\":[{\"@type\":\"SearchAction\",\"target\":{\"@type\":\"EntryPoint\",\"urlTemplate\":\"https:\\\/\\\/www.prokennex.eu\\\/es\\\/?s={search_term_string}\"},\"query-input\":{\"@type\":\"PropertyValueSpecification\",\"valueRequired\":true,\"valueName\":\"search_term_string\"}}],\"inLanguage\":\"es\"},{\"@type\":\"Organization\",\"@id\":\"https:\\\/\\\/www.prokennex.eu\\\/es\\\/#organization\",\"name\":\"Pro Kennex s.r.l.\",\"url\":\"https:\\\/\\\/www.prokennex.eu\\\/es\\\/\",\"logo\":{\"@type\":\"ImageObject\",\"inLanguage\":\"es\",\"@id\":\"https:\\\/\\\/www.prokennex.eu\\\/es\\\/#\\\/schema\\\/logo\\\/image\\\/\",\"url\":\"https:\\\/\\\/www.prokennex.eu\\\/wp-content\\\/uploads\\\/2021\\\/09\\\/prokennex-logo.svg\",\"contentUrl\":\"https:\\\/\\\/www.prokennex.eu\\\/wp-content\\\/uploads\\\/2021\\\/09\\\/prokennex-logo.svg\",\"width\":\"1440\",\"height\":\"1080\",\"caption\":\"Pro Kennex s.r.l.\"},\"image\":{\"@id\":\"https:\\\/\\\/www.prokennex.eu\\\/es\\\/#\\\/schema\\\/logo\\\/image\\\/\"}}]}<\/script>\n<!-- \/ Yoast SEO plugin. -->","yoast_head_json":{"title":"Maestro - ProKennex Racchette e Accessori","robots":{"index":"index","follow":"follow","max-snippet":"max-snippet:-1","max-image-preview":"max-image-preview:large","max-video-preview":"max-video-preview:-1"},"canonical":"https:\/\/www.prokennex.eu\/es\/raquetas-pickleball\/maestro\/","og_locale":"es_ES","og_type":"article","og_title":"Maestro - ProKennex Racchette e Accessori","og_description":"Esta pala de pickleball ha sido dise\u00f1ada especialmente para quienes se acercan por primera vez al juego, ofreciendo un equilibrio perfecto entre control, comodidad y maniobrabilidad. El tama\u00f1o reducido del mango garantiza un agarre firme y seguro, facilitando el movimiento de la mu\u00f1eca y mejorando la sensibilidad en los golpes. Ideal para desarrollar la t\u00e9cnica desde los primeros intercambios, ofrece estabilidad sin sacrificar la capacidad de respuesta, convirti\u00e9ndola en la herramienta perfecta para quienes desean aprender, divertirse y progresar en su estilo de juego.","og_url":"https:\/\/www.prokennex.eu\/es\/raquetas-pickleball\/maestro\/","og_site_name":"ProKennex Racchette e Accessori","og_image":[{"width":2000,"height":2000,"url":"https:\/\/www.prokennex.eu\/wp-content\/uploads\/2025\/07\/maestro-pickleball.jpg","type":"image\/jpeg"}],"twitter_card":"summary_large_image","schema":{"@context":"https:\/\/schema.org","@graph":[{"@type":"WebPage","@id":"https:\/\/www.prokennex.eu\/es\/raquetas-pickleball\/maestro\/","url":"https:\/\/www.prokennex.eu\/es\/raquetas-pickleball\/maestro\/","name":"Maestro - ProKennex Racchette e Accessori","isPartOf":{"@id":"https:\/\/www.prokennex.eu\/es\/#website"},"primaryImageOfPage":{"@id":"https:\/\/www.prokennex.eu\/es\/raquetas-pickleball\/maestro\/#primaryimage"},"image":{"@id":"https:\/\/www.prokennex.eu\/es\/raquetas-pickleball\/maestro\/#primaryimage"},"thumbnailUrl":"https:\/\/www.prokennex.eu\/wp-content\/uploads\/2025\/07\/maestro-pickleball.jpg","datePublished":"2025-07-24T17:41:13+00:00","breadcrumb":{"@id":"https:\/\/www.prokennex.eu\/es\/raquetas-pickleball\/maestro\/#breadcrumb"},"inLanguage":"es","potentialAction":[{"@type":"ReadAction","target":["https:\/\/www.prokennex.eu\/es\/raquetas-pickleball\/maestro\/"]}]},{"@type":"ImageObject","inLanguage":"es","@id":"https:\/\/www.prokennex.eu\/es\/raquetas-pickleball\/maestro\/#primaryimage","url":"https:\/\/www.prokennex.eu\/wp-content\/uploads\/2025\/07\/maestro-pickleball.jpg","contentUrl":"https:\/\/www.prokennex.eu\/wp-content\/uploads\/2025\/07\/maestro-pickleball.jpg","width":2000,"height":2000},{"@type":"BreadcrumbList","@id":"https:\/\/www.prokennex.eu\/es\/raquetas-pickleball\/maestro\/#breadcrumb","itemListElement":[{"@type":"ListItem","position":1,"name":"Shop","item":"https:\/\/www.prokennex.eu\/es\/negozio\/"},{"@type":"ListItem","position":2,"name":"Pickleball","item":"https:\/\/www.prokennex.eu\/es\/pickleball-es\/"},{"@type":"ListItem","position":3,"name":"Raquetas","item":"https:\/\/www.prokennex.eu\/es\/pickleball-es\/raquetas-pickleball\/"},{"@type":"ListItem","position":4,"name":"Maestro"}]},{"@type":"WebSite","@id":"https:\/\/www.prokennex.eu\/es\/#website","url":"https:\/\/www.prokennex.eu\/es\/","name":"ProKennex Racchette e Accessori","description":"Tomorrow&#039;s Technologies","publisher":{"@id":"https:\/\/www.prokennex.eu\/es\/#organization"},"potentialAction":[{"@type":"SearchAction","target":{"@type":"EntryPoint","urlTemplate":"https:\/\/www.prokennex.eu\/es\/?s={search_term_string}"},"query-input":{"@type":"PropertyValueSpecification","valueRequired":true,"valueName":"search_term_string"}}],"inLanguage":"es"},{"@type":"Organization","@id":"https:\/\/www.prokennex.eu\/es\/#organization","name":"Pro Kennex s.r.l.","url":"https:\/\/www.prokennex.eu\/es\/","logo":{"@type":"ImageObject","inLanguage":"es","@id":"https:\/\/www.prokennex.eu\/es\/#\/schema\/logo\/image\/","url":"https:\/\/www.prokennex.eu\/wp-content\/uploads\/2021\/09\/prokennex-logo.svg","contentUrl":"https:\/\/www.prokennex.eu\/wp-content\/uploads\/2021\/09\/prokennex-logo.svg","width":"1440","height":"1080","caption":"Pro Kennex s.r.l."},"image":{"@id":"https:\/\/www.prokennex.eu\/es\/#\/schema\/logo\/image\/"}}]}},"_links":{"self":[{"href":"https:\/\/www.prokennex.eu\/es\/wp-json\/wp\/v2\/product\/15514","targetHints":{"allow":["GET"]}}],"collection":[{"href":"https:\/\/www.prokennex.eu\/es\/wp-json\/wp\/v2\/product"}],"about":[{"href":"https:\/\/www.prokennex.eu\/es\/wp-json\/wp\/v2\/types\/product"}],"replies":[{"embeddable":true,"href":"https:\/\/www.prokennex.eu\/es\/wp-json\/wp\/v2\/comments?post=15514"}],"wp:featuredmedia":[{"embeddable":true,"href":"https:\/\/www.prokennex.eu\/es\/wp-json\/wp\/v2\/media\/15478"}],"wp:attachment":[{"href":"https:\/\/www.prokennex.eu\/es\/wp-json\/wp\/v2\/media?parent=15514"}],"wp:term":[{"taxonomy":"tecnologia","embeddable":true,"href":"https:\/\/www.prokennex.eu\/es\/wp-json\/wp\/v2\/tecnologia?post=15514"},{"taxonomy":"product_brand","embeddable":true,"href":"https:\/\/www.prokennex.eu\/es\/wp-json\/wp\/v2\/product_brand?post=15514"},{"taxonomy":"product_cat","embeddable":true,"href":"https:\/\/www.prokennex.eu\/es\/wp-json\/wp\/v2\/product_cat?post=15514"},{"taxonomy":"product_tag","embeddable":true,"href":"https:\/\/www.prokennex.eu\/es\/wp-json\/wp\/v2\/product_tag?post=15514"}],"curies":[{"name":"wp","href":"https:\/\/api.w.org\/{rel}","templated":true}]}}