{"id":15110,"date":"2025-02-24T09:16:31","date_gmt":"2025-02-24T08:16:31","guid":{"rendered":"https:\/\/www.prokennex.eu\/sin categor\u00eda\/black-ace-lg-14\/"},"modified":"2025-02-24T09:16:31","modified_gmt":"2025-02-24T08:16:31","slug":"black-ace-lg-14","status":"publish","type":"product","link":"https:\/\/www.prokennex.eu\/es\/raquetas-pickleball\/black-ace-lg-14\/","title":{"rendered":"Black Ace LG 14"},"content":{"rendered":"","protected":false},"excerpt":{"rendered":"<p>La nueva Black Ace 14 LG es la raqueta que encarna la cima de la experiencia profesional.<br \/>\nConcebida y fabricada con la colaboraci\u00f3n de Daniel De La Rosa, la LG a\u00f1ade al alto control y la precisi\u00f3n en los golpes, una gran potencia y una gesti\u00f3n perfecta del campo, gracias al mango extendido con el que cuenta la pala.<br \/>\nEl Kinetic System, presente en toda la nueva serie Black Ace, no solo estabiliza inmediatamente la pala despu\u00e9s de cada golpe, sino que tambi\u00e9n evita que las vibraciones lleguen al brazo, garantizando una continuidad de juego inigualable.<br \/>\nEl plano, concebido y fabricado con la tecnolog\u00eda Carbon Fire, garantiza rotaciones a\u00fan m\u00e1s efectivas para dominar a tus oponentes.<\/p>\n<p>Funda de paleta de regalo.<\/p>\n","protected":false},"featured_media":14810,"comment_status":"open","ping_status":"closed","template":"","meta":{"_acf_changed":false},"tecnologia":[2124,1329,2157],"product_brand":[],"product_cat":[1603,1604],"product_tag":[2057,2162],"class_list":{"0":"post-15110","1":"product","2":"type-product","3":"status-publish","4":"has-post-thumbnail","6":"tecnologia-carbon-fire-es","7":"tecnologia-kinetic-system-es","8":"tecnologia-racquet-sense-es","9":"product_cat-pickleball-es","10":"product_cat-raquetas-pickleball","11":"product_tag-ace-station-es","12":"product_tag-black-ace-pickleball-es","14":"first","15":"instock","16":"taxable","17":"shipping-taxable","18":"purchasable","19":"product-type-simple"},"bundled_by":[],"bundle_stock_status":"instock","bundle_stock_quantity":10,"bundle_virtual":false,"bundle_layout":"","bundle_add_to_cart_form_location":"","bundle_editable_in_cart":false,"bundle_sold_individually_context":"","bundle_item_grouping":"","bundle_min_size":"","bundle_max_size":"","bundle_price":[],"bundled_items":[],"bundle_sell_ids":[],"acf":[],"yoast_head":"<!-- This site is optimized with the Yoast SEO plugin v27.1.1 - https:\/\/yoast.com\/product\/yoast-seo-wordpress\/ -->\n<title>Black Ace LG 14 - ProKennex Racchette e Accessori<\/title>\n<meta name=\"robots\" content=\"index, follow, max-snippet:-1, max-image-preview:large, max-video-preview:-1\" \/>\n<link rel=\"canonical\" href=\"https:\/\/www.prokennex.eu\/es\/raquetas-pickleball\/black-ace-lg-14\/\" \/>\n<meta property=\"og:locale\" content=\"es_ES\" \/>\n<meta property=\"og:type\" content=\"article\" \/>\n<meta property=\"og:title\" content=\"Black Ace LG 14 - ProKennex Racchette e Accessori\" \/>\n<meta property=\"og:description\" content=\"La nueva Black Ace 14 LG es la raqueta que encarna la cima de la experiencia profesional. Concebida y fabricada con la colaboraci\u00f3n de Daniel De La Rosa, la LG a\u00f1ade al alto control y la precisi\u00f3n en los golpes, una gran potencia y una gesti\u00f3n perfecta del campo, gracias al mango extendido con el que cuenta la pala. El Kinetic System, presente en toda la nueva serie Black Ace, no solo estabiliza inmediatamente la pala despu\u00e9s de cada golpe, sino que tambi\u00e9n evita que las vibraciones lleguen al brazo, garantizando una continuidad de juego inigualable. El plano, concebido y fabricado con la tecnolog\u00eda Carbon Fire, garantiza rotaciones a\u00fan m\u00e1s efectivas para dominar a tus oponentes.  Funda de paleta de regalo.\" \/>\n<meta property=\"og:url\" content=\"https:\/\/www.prokennex.eu\/es\/raquetas-pickleball\/black-ace-lg-14\/\" \/>\n<meta property=\"og:site_name\" content=\"ProKennex Racchette e Accessori\" \/>\n<meta property=\"og:image\" content=\"https:\/\/www.prokennex.eu\/wp-content\/uploads\/2025\/02\/black-ace-LG14-1.jpg\" \/>\n\t<meta property=\"og:image:width\" content=\"2000\" \/>\n\t<meta property=\"og:image:height\" content=\"2000\" \/>\n\t<meta property=\"og:image:type\" content=\"image\/jpeg\" \/>\n<meta name=\"twitter:card\" content=\"summary_large_image\" \/>\n<script type=\"application\/ld+json\" class=\"yoast-schema-graph\">{\"@context\":\"https:\/\/schema.org\",\"@graph\":[{\"@type\":\"WebPage\",\"@id\":\"https:\/\/www.prokennex.eu\/es\/raquetas-pickleball\/black-ace-lg-14\/\",\"url\":\"https:\/\/www.prokennex.eu\/es\/raquetas-pickleball\/black-ace-lg-14\/\",\"name\":\"Black Ace LG 14 - ProKennex Racchette e Accessori\",\"isPartOf\":{\"@id\":\"https:\/\/www.prokennex.eu\/es\/#website\"},\"primaryImageOfPage\":{\"@id\":\"https:\/\/www.prokennex.eu\/es\/raquetas-pickleball\/black-ace-lg-14\/#primaryimage\"},\"image\":{\"@id\":\"https:\/\/www.prokennex.eu\/es\/raquetas-pickleball\/black-ace-lg-14\/#primaryimage\"},\"thumbnailUrl\":\"https:\/\/www.prokennex.eu\/wp-content\/uploads\/2025\/02\/black-ace-LG14-1.jpg\",\"datePublished\":\"2025-02-24T08:16:31+00:00\",\"breadcrumb\":{\"@id\":\"https:\/\/www.prokennex.eu\/es\/raquetas-pickleball\/black-ace-lg-14\/#breadcrumb\"},\"inLanguage\":\"es\",\"potentialAction\":[{\"@type\":\"ReadAction\",\"target\":[\"https:\/\/www.prokennex.eu\/es\/raquetas-pickleball\/black-ace-lg-14\/\"]}]},{\"@type\":\"ImageObject\",\"inLanguage\":\"es\",\"@id\":\"https:\/\/www.prokennex.eu\/es\/raquetas-pickleball\/black-ace-lg-14\/#primaryimage\",\"url\":\"https:\/\/www.prokennex.eu\/wp-content\/uploads\/2025\/02\/black-ace-LG14-1.jpg\",\"contentUrl\":\"https:\/\/www.prokennex.eu\/wp-content\/uploads\/2025\/02\/black-ace-LG14-1.jpg\",\"width\":2000,\"height\":2000},{\"@type\":\"BreadcrumbList\",\"@id\":\"https:\/\/www.prokennex.eu\/es\/raquetas-pickleball\/black-ace-lg-14\/#breadcrumb\",\"itemListElement\":[{\"@type\":\"ListItem\",\"position\":1,\"name\":\"Shop\",\"item\":\"https:\/\/www.prokennex.eu\/es\/negozio\/\"},{\"@type\":\"ListItem\",\"position\":2,\"name\":\"Pickleball\",\"item\":\"https:\/\/www.prokennex.eu\/es\/pickleball-es\/\"},{\"@type\":\"ListItem\",\"position\":3,\"name\":\"Raquetas\",\"item\":\"https:\/\/www.prokennex.eu\/es\/pickleball-es\/raquetas-pickleball\/\"},{\"@type\":\"ListItem\",\"position\":4,\"name\":\"Black Ace LG 14\"}]},{\"@type\":\"WebSite\",\"@id\":\"https:\/\/www.prokennex.eu\/es\/#website\",\"url\":\"https:\/\/www.prokennex.eu\/es\/\",\"name\":\"ProKennex Racchette e Accessori\",\"description\":\"Tomorrow&#039;s Technologies\",\"publisher\":{\"@id\":\"https:\/\/www.prokennex.eu\/es\/#organization\"},\"potentialAction\":[{\"@type\":\"SearchAction\",\"target\":{\"@type\":\"EntryPoint\",\"urlTemplate\":\"https:\/\/www.prokennex.eu\/es\/?s={search_term_string}\"},\"query-input\":{\"@type\":\"PropertyValueSpecification\",\"valueRequired\":true,\"valueName\":\"search_term_string\"}}],\"inLanguage\":\"es\"},{\"@type\":\"Organization\",\"@id\":\"https:\/\/www.prokennex.eu\/es\/#organization\",\"name\":\"Pro Kennex s.r.l.\",\"url\":\"https:\/\/www.prokennex.eu\/es\/\",\"logo\":{\"@type\":\"ImageObject\",\"inLanguage\":\"es\",\"@id\":\"https:\/\/www.prokennex.eu\/es\/#\/schema\/logo\/image\/\",\"url\":\"https:\/\/www.prokennex.eu\/wp-content\/uploads\/2021\/09\/prokennex-logo.svg\",\"contentUrl\":\"https:\/\/www.prokennex.eu\/wp-content\/uploads\/2021\/09\/prokennex-logo.svg\",\"width\":\"1440\",\"height\":\"1080\",\"caption\":\"Pro Kennex s.r.l.\"},\"image\":{\"@id\":\"https:\/\/www.prokennex.eu\/es\/#\/schema\/logo\/image\/\"}}]}<\/script>\n<!-- \/ Yoast SEO plugin. -->","yoast_head_json":{"title":"Black Ace LG 14 - ProKennex Racchette e Accessori","robots":{"index":"index","follow":"follow","max-snippet":"max-snippet:-1","max-image-preview":"max-image-preview:large","max-video-preview":"max-video-preview:-1"},"canonical":"https:\/\/www.prokennex.eu\/es\/raquetas-pickleball\/black-ace-lg-14\/","og_locale":"es_ES","og_type":"article","og_title":"Black Ace LG 14 - ProKennex Racchette e Accessori","og_description":"La nueva Black Ace 14 LG es la raqueta que encarna la cima de la experiencia profesional. Concebida y fabricada con la colaboraci\u00f3n de Daniel De La Rosa, la LG a\u00f1ade al alto control y la precisi\u00f3n en los golpes, una gran potencia y una gesti\u00f3n perfecta del campo, gracias al mango extendido con el que cuenta la pala. El Kinetic System, presente en toda la nueva serie Black Ace, no solo estabiliza inmediatamente la pala despu\u00e9s de cada golpe, sino que tambi\u00e9n evita que las vibraciones lleguen al brazo, garantizando una continuidad de juego inigualable. El plano, concebido y fabricado con la tecnolog\u00eda Carbon Fire, garantiza rotaciones a\u00fan m\u00e1s efectivas para dominar a tus oponentes.  Funda de paleta de regalo.","og_url":"https:\/\/www.prokennex.eu\/es\/raquetas-pickleball\/black-ace-lg-14\/","og_site_name":"ProKennex Racchette e Accessori","og_image":[{"width":2000,"height":2000,"url":"https:\/\/www.prokennex.eu\/wp-content\/uploads\/2025\/02\/black-ace-LG14-1.jpg","type":"image\/jpeg"}],"twitter_card":"summary_large_image","schema":{"@context":"https:\/\/schema.org","@graph":[{"@type":"WebPage","@id":"https:\/\/www.prokennex.eu\/es\/raquetas-pickleball\/black-ace-lg-14\/","url":"https:\/\/www.prokennex.eu\/es\/raquetas-pickleball\/black-ace-lg-14\/","name":"Black Ace LG 14 - ProKennex Racchette e Accessori","isPartOf":{"@id":"https:\/\/www.prokennex.eu\/es\/#website"},"primaryImageOfPage":{"@id":"https:\/\/www.prokennex.eu\/es\/raquetas-pickleball\/black-ace-lg-14\/#primaryimage"},"image":{"@id":"https:\/\/www.prokennex.eu\/es\/raquetas-pickleball\/black-ace-lg-14\/#primaryimage"},"thumbnailUrl":"https:\/\/www.prokennex.eu\/wp-content\/uploads\/2025\/02\/black-ace-LG14-1.jpg","datePublished":"2025-02-24T08:16:31+00:00","breadcrumb":{"@id":"https:\/\/www.prokennex.eu\/es\/raquetas-pickleball\/black-ace-lg-14\/#breadcrumb"},"inLanguage":"es","potentialAction":[{"@type":"ReadAction","target":["https:\/\/www.prokennex.eu\/es\/raquetas-pickleball\/black-ace-lg-14\/"]}]},{"@type":"ImageObject","inLanguage":"es","@id":"https:\/\/www.prokennex.eu\/es\/raquetas-pickleball\/black-ace-lg-14\/#primaryimage","url":"https:\/\/www.prokennex.eu\/wp-content\/uploads\/2025\/02\/black-ace-LG14-1.jpg","contentUrl":"https:\/\/www.prokennex.eu\/wp-content\/uploads\/2025\/02\/black-ace-LG14-1.jpg","width":2000,"height":2000},{"@type":"BreadcrumbList","@id":"https:\/\/www.prokennex.eu\/es\/raquetas-pickleball\/black-ace-lg-14\/#breadcrumb","itemListElement":[{"@type":"ListItem","position":1,"name":"Shop","item":"https:\/\/www.prokennex.eu\/es\/negozio\/"},{"@type":"ListItem","position":2,"name":"Pickleball","item":"https:\/\/www.prokennex.eu\/es\/pickleball-es\/"},{"@type":"ListItem","position":3,"name":"Raquetas","item":"https:\/\/www.prokennex.eu\/es\/pickleball-es\/raquetas-pickleball\/"},{"@type":"ListItem","position":4,"name":"Black Ace LG 14"}]},{"@type":"WebSite","@id":"https:\/\/www.prokennex.eu\/es\/#website","url":"https:\/\/www.prokennex.eu\/es\/","name":"ProKennex Racchette e Accessori","description":"Tomorrow&#039;s Technologies","publisher":{"@id":"https:\/\/www.prokennex.eu\/es\/#organization"},"potentialAction":[{"@type":"SearchAction","target":{"@type":"EntryPoint","urlTemplate":"https:\/\/www.prokennex.eu\/es\/?s={search_term_string}"},"query-input":{"@type":"PropertyValueSpecification","valueRequired":true,"valueName":"search_term_string"}}],"inLanguage":"es"},{"@type":"Organization","@id":"https:\/\/www.prokennex.eu\/es\/#organization","name":"Pro Kennex s.r.l.","url":"https:\/\/www.prokennex.eu\/es\/","logo":{"@type":"ImageObject","inLanguage":"es","@id":"https:\/\/www.prokennex.eu\/es\/#\/schema\/logo\/image\/","url":"https:\/\/www.prokennex.eu\/wp-content\/uploads\/2021\/09\/prokennex-logo.svg","contentUrl":"https:\/\/www.prokennex.eu\/wp-content\/uploads\/2021\/09\/prokennex-logo.svg","width":"1440","height":"1080","caption":"Pro Kennex s.r.l."},"image":{"@id":"https:\/\/www.prokennex.eu\/es\/#\/schema\/logo\/image\/"}}]}},"_links":{"self":[{"href":"https:\/\/www.prokennex.eu\/es\/wp-json\/wp\/v2\/product\/15110","targetHints":{"allow":["GET"]}}],"collection":[{"href":"https:\/\/www.prokennex.eu\/es\/wp-json\/wp\/v2\/product"}],"about":[{"href":"https:\/\/www.prokennex.eu\/es\/wp-json\/wp\/v2\/types\/product"}],"replies":[{"embeddable":true,"href":"https:\/\/www.prokennex.eu\/es\/wp-json\/wp\/v2\/comments?post=15110"}],"wp:featuredmedia":[{"embeddable":true,"href":"https:\/\/www.prokennex.eu\/es\/wp-json\/wp\/v2\/media\/14810"}],"wp:attachment":[{"href":"https:\/\/www.prokennex.eu\/es\/wp-json\/wp\/v2\/media?parent=15110"}],"wp:term":[{"taxonomy":"tecnologia","embeddable":true,"href":"https:\/\/www.prokennex.eu\/es\/wp-json\/wp\/v2\/tecnologia?post=15110"},{"taxonomy":"product_brand","embeddable":true,"href":"https:\/\/www.prokennex.eu\/es\/wp-json\/wp\/v2\/product_brand?post=15110"},{"taxonomy":"product_cat","embeddable":true,"href":"https:\/\/www.prokennex.eu\/es\/wp-json\/wp\/v2\/product_cat?post=15110"},{"taxonomy":"product_tag","embeddable":true,"href":"https:\/\/www.prokennex.eu\/es\/wp-json\/wp\/v2\/product_tag?post=15110"}],"curies":[{"name":"wp","href":"https:\/\/api.w.org\/{rel}","templated":true}]}}