{"id":14578,"date":"2025-01-29T01:36:38","date_gmt":"2025-01-29T00:36:38","guid":{"rendered":"https:\/\/www.prokennex.eu\/sin%20categor\u00eda\/black-ace-modern-classic-leather-grip\/"},"modified":"2025-01-29T01:57:12","modified_gmt":"2025-01-29T00:57:12","slug":"black-ace-modern-classic-leather-grip","status":"publish","type":"product","link":"https:\/\/www.prokennex.eu\/es\/grip-es\/black-ace-modern-classic-leather-grip\/","title":{"rendered":"Black Ace Leather grip"},"content":{"rendered":"","protected":false},"excerpt":{"rendered":"<p lang=\"es-ES\">Empu\u00f1adura de piel para un mejor agarre y mayor sensibilidad en el juego. La calidad de la piel, adem\u00e1s de asegurar un agarre duradero, garantiza una alta capacidad de absorci\u00f3n del sudor.<\/p>\n","protected":false},"featured_media":14573,"comment_status":"open","ping_status":"closed","template":"","meta":{"_acf_changed":false},"tecnologia":[],"product_brand":[],"product_cat":[1591,1606,1588,1625,1602,1613,1597,1603,1607,1615,1605,1599,1609,1590,1620],"product_tag":[2057],"class_list":{"0":"post-14578","1":"product","2":"type-product","3":"status-publish","4":"has-post-thumbnail","6":"product_cat-accesorios-badminton","7":"product_cat-accesorios-pickleball","8":"product_cat-badminton-es","9":"product_cat-grip-es","10":"product_cat-grip-padel-es","11":"product_cat-grip-squash-es","12":"product_cat-padel-es","13":"product_cat-pickleball-es","14":"product_cat-squash-es","15":"product_cat-tennis-es","16":"product_cat-xtras-pickleball-es","17":"product_cat-xtras-padel-es","18":"product_cat-xtras-squash-es","19":"product_cat-xtras-badminton-es","20":"product_cat-xtras-tennis-es","21":"product_tag-ace-station-es","23":"first","24":"instock","25":"taxable","26":"shipping-taxable","27":"purchasable","28":"product-type-simple"},"bundled_by":[],"bundle_stock_status":"instock","bundle_stock_quantity":10,"bundle_virtual":false,"bundle_layout":"","bundle_add_to_cart_form_location":"","bundle_editable_in_cart":false,"bundle_sold_individually_context":"","bundle_item_grouping":"","bundle_min_size":"","bundle_max_size":"","bundle_price":[],"bundled_items":[],"bundle_sell_ids":[],"acf":[],"yoast_head":"<!-- This site is optimized with the Yoast SEO plugin v27.1.1 - https:\/\/yoast.com\/product\/yoast-seo-wordpress\/ -->\n<title>Black Ace Leather grip - ProKennex Racchette e Accessori<\/title>\n<meta name=\"description\" content=\"La calidad de la piel, adem\u00e1s de asegurar un agarre duradero, garantiza una alta capacidad de absorci\u00f3n del sudor.\" \/>\n<meta name=\"robots\" content=\"index, follow, max-snippet:-1, max-image-preview:large, max-video-preview:-1\" \/>\n<link rel=\"canonical\" href=\"https:\/\/www.prokennex.eu\/es\/grip-es\/black-ace-modern-classic-leather-grip\/\" \/>\n<meta property=\"og:locale\" content=\"es_ES\" \/>\n<meta property=\"og:type\" content=\"article\" \/>\n<meta property=\"og:title\" content=\"Black Ace Leather grip - ProKennex Racchette e Accessori\" \/>\n<meta property=\"og:description\" content=\"La calidad de la piel, adem\u00e1s de asegurar un agarre duradero, garantiza una alta capacidad de absorci\u00f3n del sudor.\" \/>\n<meta property=\"og:url\" content=\"https:\/\/www.prokennex.eu\/es\/grip-es\/black-ace-modern-classic-leather-grip\/\" \/>\n<meta property=\"og:site_name\" content=\"ProKennex Racchette e Accessori\" \/>\n<meta property=\"article:modified_time\" content=\"2025-01-29T00:57:12+00:00\" \/>\n<meta property=\"og:image\" content=\"https:\/\/www.prokennex.eu\/wp-content\/uploads\/2025\/01\/black-ace-leather-grip.jpg\" \/>\n\t<meta property=\"og:image:width\" content=\"2000\" \/>\n\t<meta property=\"og:image:height\" content=\"2000\" \/>\n\t<meta property=\"og:image:type\" content=\"image\/jpeg\" \/>\n<meta name=\"twitter:card\" content=\"summary_large_image\" \/>\n<script type=\"application\/ld+json\" class=\"yoast-schema-graph\">{\"@context\":\"https:\/\/schema.org\",\"@graph\":[{\"@type\":\"WebPage\",\"@id\":\"https:\/\/www.prokennex.eu\/es\/grip-es\/black-ace-modern-classic-leather-grip\/\",\"url\":\"https:\/\/www.prokennex.eu\/es\/grip-es\/black-ace-modern-classic-leather-grip\/\",\"name\":\"Black Ace Leather grip - ProKennex Racchette e Accessori\",\"isPartOf\":{\"@id\":\"https:\/\/www.prokennex.eu\/es\/#website\"},\"primaryImageOfPage\":{\"@id\":\"https:\/\/www.prokennex.eu\/es\/grip-es\/black-ace-modern-classic-leather-grip\/#primaryimage\"},\"image\":{\"@id\":\"https:\/\/www.prokennex.eu\/es\/grip-es\/black-ace-modern-classic-leather-grip\/#primaryimage\"},\"thumbnailUrl\":\"https:\/\/www.prokennex.eu\/wp-content\/uploads\/2025\/01\/black-ace-leather-grip.jpg\",\"datePublished\":\"2025-01-29T00:36:38+00:00\",\"dateModified\":\"2025-01-29T00:57:12+00:00\",\"description\":\"La calidad de la piel, adem\u00e1s de asegurar un agarre duradero, garantiza una alta capacidad de absorci\u00f3n del sudor.\",\"breadcrumb\":{\"@id\":\"https:\/\/www.prokennex.eu\/es\/grip-es\/black-ace-modern-classic-leather-grip\/#breadcrumb\"},\"inLanguage\":\"es\",\"potentialAction\":[{\"@type\":\"ReadAction\",\"target\":[\"https:\/\/www.prokennex.eu\/es\/grip-es\/black-ace-modern-classic-leather-grip\/\"]}]},{\"@type\":\"ImageObject\",\"inLanguage\":\"es\",\"@id\":\"https:\/\/www.prokennex.eu\/es\/grip-es\/black-ace-modern-classic-leather-grip\/#primaryimage\",\"url\":\"https:\/\/www.prokennex.eu\/wp-content\/uploads\/2025\/01\/black-ace-leather-grip.jpg\",\"contentUrl\":\"https:\/\/www.prokennex.eu\/wp-content\/uploads\/2025\/01\/black-ace-leather-grip.jpg\",\"width\":2000,\"height\":2000},{\"@type\":\"BreadcrumbList\",\"@id\":\"https:\/\/www.prokennex.eu\/es\/grip-es\/black-ace-modern-classic-leather-grip\/#breadcrumb\",\"itemListElement\":[{\"@type\":\"ListItem\",\"position\":1,\"name\":\"Shop\",\"item\":\"https:\/\/www.prokennex.eu\/es\/negozio\/\"},{\"@type\":\"ListItem\",\"position\":2,\"name\":\"Badminton\",\"item\":\"https:\/\/www.prokennex.eu\/es\/badminton-es\/\"},{\"@type\":\"ListItem\",\"position\":3,\"name\":\"XTRAS\",\"item\":\"https:\/\/www.prokennex.eu\/es\/badminton-es\/xtras-badminton-es\/\"},{\"@type\":\"ListItem\",\"position\":4,\"name\":\"Accesorios\",\"item\":\"https:\/\/www.prokennex.eu\/es\/badminton-es\/xtras-badminton-es\/accesorios-badminton\/\"},{\"@type\":\"ListItem\",\"position\":5,\"name\":\"Black Ace Leather grip\"}]},{\"@type\":\"WebSite\",\"@id\":\"https:\/\/www.prokennex.eu\/es\/#website\",\"url\":\"https:\/\/www.prokennex.eu\/es\/\",\"name\":\"ProKennex Racchette e Accessori\",\"description\":\"Tomorrow&#039;s Technologies\",\"publisher\":{\"@id\":\"https:\/\/www.prokennex.eu\/es\/#organization\"},\"potentialAction\":[{\"@type\":\"SearchAction\",\"target\":{\"@type\":\"EntryPoint\",\"urlTemplate\":\"https:\/\/www.prokennex.eu\/es\/?s={search_term_string}\"},\"query-input\":{\"@type\":\"PropertyValueSpecification\",\"valueRequired\":true,\"valueName\":\"search_term_string\"}}],\"inLanguage\":\"es\"},{\"@type\":\"Organization\",\"@id\":\"https:\/\/www.prokennex.eu\/es\/#organization\",\"name\":\"Pro Kennex s.r.l.\",\"url\":\"https:\/\/www.prokennex.eu\/es\/\",\"logo\":{\"@type\":\"ImageObject\",\"inLanguage\":\"es\",\"@id\":\"https:\/\/www.prokennex.eu\/es\/#\/schema\/logo\/image\/\",\"url\":\"https:\/\/www.prokennex.eu\/wp-content\/uploads\/2021\/09\/prokennex-logo.svg\",\"contentUrl\":\"https:\/\/www.prokennex.eu\/wp-content\/uploads\/2021\/09\/prokennex-logo.svg\",\"width\":\"1440\",\"height\":\"1080\",\"caption\":\"Pro Kennex s.r.l.\"},\"image\":{\"@id\":\"https:\/\/www.prokennex.eu\/es\/#\/schema\/logo\/image\/\"}}]}<\/script>\n<!-- \/ Yoast SEO plugin. -->","yoast_head_json":{"title":"Black Ace Leather grip - ProKennex Racchette e Accessori","description":"La calidad de la piel, adem\u00e1s de asegurar un agarre duradero, garantiza una alta capacidad de absorci\u00f3n del sudor.","robots":{"index":"index","follow":"follow","max-snippet":"max-snippet:-1","max-image-preview":"max-image-preview:large","max-video-preview":"max-video-preview:-1"},"canonical":"https:\/\/www.prokennex.eu\/es\/grip-es\/black-ace-modern-classic-leather-grip\/","og_locale":"es_ES","og_type":"article","og_title":"Black Ace Leather grip - ProKennex Racchette e Accessori","og_description":"La calidad de la piel, adem\u00e1s de asegurar un agarre duradero, garantiza una alta capacidad de absorci\u00f3n del sudor.","og_url":"https:\/\/www.prokennex.eu\/es\/grip-es\/black-ace-modern-classic-leather-grip\/","og_site_name":"ProKennex Racchette e Accessori","article_modified_time":"2025-01-29T00:57:12+00:00","og_image":[{"width":2000,"height":2000,"url":"https:\/\/www.prokennex.eu\/wp-content\/uploads\/2025\/01\/black-ace-leather-grip.jpg","type":"image\/jpeg"}],"twitter_card":"summary_large_image","schema":{"@context":"https:\/\/schema.org","@graph":[{"@type":"WebPage","@id":"https:\/\/www.prokennex.eu\/es\/grip-es\/black-ace-modern-classic-leather-grip\/","url":"https:\/\/www.prokennex.eu\/es\/grip-es\/black-ace-modern-classic-leather-grip\/","name":"Black Ace Leather grip - ProKennex Racchette e Accessori","isPartOf":{"@id":"https:\/\/www.prokennex.eu\/es\/#website"},"primaryImageOfPage":{"@id":"https:\/\/www.prokennex.eu\/es\/grip-es\/black-ace-modern-classic-leather-grip\/#primaryimage"},"image":{"@id":"https:\/\/www.prokennex.eu\/es\/grip-es\/black-ace-modern-classic-leather-grip\/#primaryimage"},"thumbnailUrl":"https:\/\/www.prokennex.eu\/wp-content\/uploads\/2025\/01\/black-ace-leather-grip.jpg","datePublished":"2025-01-29T00:36:38+00:00","dateModified":"2025-01-29T00:57:12+00:00","description":"La calidad de la piel, adem\u00e1s de asegurar un agarre duradero, garantiza una alta capacidad de absorci\u00f3n del sudor.","breadcrumb":{"@id":"https:\/\/www.prokennex.eu\/es\/grip-es\/black-ace-modern-classic-leather-grip\/#breadcrumb"},"inLanguage":"es","potentialAction":[{"@type":"ReadAction","target":["https:\/\/www.prokennex.eu\/es\/grip-es\/black-ace-modern-classic-leather-grip\/"]}]},{"@type":"ImageObject","inLanguage":"es","@id":"https:\/\/www.prokennex.eu\/es\/grip-es\/black-ace-modern-classic-leather-grip\/#primaryimage","url":"https:\/\/www.prokennex.eu\/wp-content\/uploads\/2025\/01\/black-ace-leather-grip.jpg","contentUrl":"https:\/\/www.prokennex.eu\/wp-content\/uploads\/2025\/01\/black-ace-leather-grip.jpg","width":2000,"height":2000},{"@type":"BreadcrumbList","@id":"https:\/\/www.prokennex.eu\/es\/grip-es\/black-ace-modern-classic-leather-grip\/#breadcrumb","itemListElement":[{"@type":"ListItem","position":1,"name":"Shop","item":"https:\/\/www.prokennex.eu\/es\/negozio\/"},{"@type":"ListItem","position":2,"name":"Badminton","item":"https:\/\/www.prokennex.eu\/es\/badminton-es\/"},{"@type":"ListItem","position":3,"name":"XTRAS","item":"https:\/\/www.prokennex.eu\/es\/badminton-es\/xtras-badminton-es\/"},{"@type":"ListItem","position":4,"name":"Accesorios","item":"https:\/\/www.prokennex.eu\/es\/badminton-es\/xtras-badminton-es\/accesorios-badminton\/"},{"@type":"ListItem","position":5,"name":"Black Ace Leather grip"}]},{"@type":"WebSite","@id":"https:\/\/www.prokennex.eu\/es\/#website","url":"https:\/\/www.prokennex.eu\/es\/","name":"ProKennex Racchette e Accessori","description":"Tomorrow&#039;s Technologies","publisher":{"@id":"https:\/\/www.prokennex.eu\/es\/#organization"},"potentialAction":[{"@type":"SearchAction","target":{"@type":"EntryPoint","urlTemplate":"https:\/\/www.prokennex.eu\/es\/?s={search_term_string}"},"query-input":{"@type":"PropertyValueSpecification","valueRequired":true,"valueName":"search_term_string"}}],"inLanguage":"es"},{"@type":"Organization","@id":"https:\/\/www.prokennex.eu\/es\/#organization","name":"Pro Kennex s.r.l.","url":"https:\/\/www.prokennex.eu\/es\/","logo":{"@type":"ImageObject","inLanguage":"es","@id":"https:\/\/www.prokennex.eu\/es\/#\/schema\/logo\/image\/","url":"https:\/\/www.prokennex.eu\/wp-content\/uploads\/2021\/09\/prokennex-logo.svg","contentUrl":"https:\/\/www.prokennex.eu\/wp-content\/uploads\/2021\/09\/prokennex-logo.svg","width":"1440","height":"1080","caption":"Pro Kennex s.r.l."},"image":{"@id":"https:\/\/www.prokennex.eu\/es\/#\/schema\/logo\/image\/"}}]}},"_links":{"self":[{"href":"https:\/\/www.prokennex.eu\/es\/wp-json\/wp\/v2\/product\/14578","targetHints":{"allow":["GET"]}}],"collection":[{"href":"https:\/\/www.prokennex.eu\/es\/wp-json\/wp\/v2\/product"}],"about":[{"href":"https:\/\/www.prokennex.eu\/es\/wp-json\/wp\/v2\/types\/product"}],"replies":[{"embeddable":true,"href":"https:\/\/www.prokennex.eu\/es\/wp-json\/wp\/v2\/comments?post=14578"}],"wp:featuredmedia":[{"embeddable":true,"href":"https:\/\/www.prokennex.eu\/es\/wp-json\/wp\/v2\/media\/14573"}],"wp:attachment":[{"href":"https:\/\/www.prokennex.eu\/es\/wp-json\/wp\/v2\/media?parent=14578"}],"wp:term":[{"taxonomy":"tecnologia","embeddable":true,"href":"https:\/\/www.prokennex.eu\/es\/wp-json\/wp\/v2\/tecnologia?post=14578"},{"taxonomy":"product_brand","embeddable":true,"href":"https:\/\/www.prokennex.eu\/es\/wp-json\/wp\/v2\/product_brand?post=14578"},{"taxonomy":"product_cat","embeddable":true,"href":"https:\/\/www.prokennex.eu\/es\/wp-json\/wp\/v2\/product_cat?post=14578"},{"taxonomy":"product_tag","embeddable":true,"href":"https:\/\/www.prokennex.eu\/es\/wp-json\/wp\/v2\/product_tag?post=14578"}],"curies":[{"name":"wp","href":"https:\/\/api.w.org\/{rel}","templated":true}]}}