{"id":14541,"date":"2025-01-28T17:27:19","date_gmt":"2025-01-28T16:27:20","guid":{"rendered":"https:\/\/www.prokennex.eu\/?post_type=product&#038;p=14541"},"modified":"2025-01-29T01:18:42","modified_gmt":"2025-01-29T00:18:42","slug":"dark-wire-6-set-copia","status":"publish","type":"product","link":"https:\/\/www.prokennex.eu\/es\/cordajes-monofilamento\/dark-wire-6-set-copia\/","title":{"rendered":"Dark wire 6 Madeja"},"content":{"rendered":"","protected":false},"excerpt":{"rendered":"<p lang=\"es-ES\">Cuerda de perfil hexagonal con caracter\u00edsticas excepcionales para mayor durabilidad y mantenimiento constante de la tensi\u00f3n. Dise\u00f1ado y creado para Racquet Sense, le da a la cancha mayor potencia, control y efectos, combinados con una sensaci\u00f3n de pelota suave.<\/p>\n","protected":false},"featured_media":14532,"comment_status":"open","ping_status":"closed","template":"","meta":{"_acf_changed":false},"tecnologia":[],"product_brand":[],"product_cat":[1623,1615,1620],"product_tag":[2057],"class_list":{"0":"post-14541","1":"product","2":"type-product","3":"status-publish","4":"has-post-thumbnail","6":"product_cat-cordajes-monofilamento","7":"product_cat-tennis-es","8":"product_cat-xtras-tennis-es","9":"product_tag-ace-station-es","11":"first","12":"instock","13":"taxable","14":"shipping-taxable","15":"purchasable","16":"product-type-variable"},"bundled_by":[],"bundle_stock_status":"instock","bundle_stock_quantity":null,"bundle_virtual":false,"bundle_layout":"","bundle_add_to_cart_form_location":"","bundle_editable_in_cart":false,"bundle_sold_individually_context":"","bundle_item_grouping":"","bundle_min_size":"","bundle_max_size":"","bundle_price":[],"bundled_items":[],"bundle_sell_ids":[],"acf":[],"yoast_head":"<!-- This site is optimized with the Yoast SEO plugin v27.1.1 - https:\/\/yoast.com\/product\/yoast-seo-wordpress\/ -->\n<title>Dark wire 6 Madeja - ProKennex Racchette e Accessori<\/title>\n<meta name=\"description\" content=\"Perfil hexagonal, mayor durabilidad y mantenimiento constante de la tensi\u00f3n. Le da a la cancha mayor potencia, control y efectos, combinados con una sensaci\u00f3n de pelota suave.\" \/>\n<meta name=\"robots\" content=\"index, follow, max-snippet:-1, max-image-preview:large, max-video-preview:-1\" \/>\n<link rel=\"canonical\" href=\"https:\/\/www.prokennex.eu\/es\/cordajes-monofilamento\/dark-wire-6-set-copia\/\" \/>\n<meta property=\"og:locale\" content=\"es_ES\" \/>\n<meta property=\"og:type\" content=\"article\" \/>\n<meta property=\"og:title\" content=\"Dark wire 6 Madeja - ProKennex Racchette e Accessori\" \/>\n<meta property=\"og:description\" content=\"Perfil hexagonal, mayor durabilidad y mantenimiento constante de la tensi\u00f3n. Le da a la cancha mayor potencia, control y efectos, combinados con una sensaci\u00f3n de pelota suave.\" \/>\n<meta property=\"og:url\" content=\"https:\/\/www.prokennex.eu\/es\/cordajes-monofilamento\/dark-wire-6-set-copia\/\" \/>\n<meta property=\"og:site_name\" content=\"ProKennex Racchette e Accessori\" \/>\n<meta property=\"article:modified_time\" content=\"2025-01-29T00:18:42+00:00\" \/>\n<meta property=\"og:image\" content=\"https:\/\/www.prokennex.eu\/wp-content\/uploads\/2025\/01\/dark-wire-6-200mt.jpg\" \/>\n\t<meta property=\"og:image:width\" content=\"2000\" \/>\n\t<meta property=\"og:image:height\" content=\"2000\" \/>\n\t<meta property=\"og:image:type\" content=\"image\/jpeg\" \/>\n<meta name=\"twitter:card\" content=\"summary_large_image\" \/>\n<script type=\"application\/ld+json\" class=\"yoast-schema-graph\">{\"@context\":\"https:\/\/schema.org\",\"@graph\":[{\"@type\":\"WebPage\",\"@id\":\"https:\/\/www.prokennex.eu\/es\/cordajes-monofilamento\/dark-wire-6-set-copia\/\",\"url\":\"https:\/\/www.prokennex.eu\/es\/cordajes-monofilamento\/dark-wire-6-set-copia\/\",\"name\":\"Dark wire 6 Madeja - ProKennex Racchette e Accessori\",\"isPartOf\":{\"@id\":\"https:\/\/www.prokennex.eu\/es\/#website\"},\"primaryImageOfPage\":{\"@id\":\"https:\/\/www.prokennex.eu\/es\/cordajes-monofilamento\/dark-wire-6-set-copia\/#primaryimage\"},\"image\":{\"@id\":\"https:\/\/www.prokennex.eu\/es\/cordajes-monofilamento\/dark-wire-6-set-copia\/#primaryimage\"},\"thumbnailUrl\":\"https:\/\/www.prokennex.eu\/wp-content\/uploads\/2025\/01\/dark-wire-6-200mt.jpg\",\"datePublished\":\"2025-01-28T16:27:20+00:00\",\"dateModified\":\"2025-01-29T00:18:42+00:00\",\"description\":\"Perfil hexagonal, mayor durabilidad y mantenimiento constante de la tensi\u00f3n. Le da a la cancha mayor potencia, control y efectos, combinados con una sensaci\u00f3n de pelota suave.\",\"breadcrumb\":{\"@id\":\"https:\/\/www.prokennex.eu\/es\/cordajes-monofilamento\/dark-wire-6-set-copia\/#breadcrumb\"},\"inLanguage\":\"es\",\"potentialAction\":[{\"@type\":\"ReadAction\",\"target\":[\"https:\/\/www.prokennex.eu\/es\/cordajes-monofilamento\/dark-wire-6-set-copia\/\"]}]},{\"@type\":\"ImageObject\",\"inLanguage\":\"es\",\"@id\":\"https:\/\/www.prokennex.eu\/es\/cordajes-monofilamento\/dark-wire-6-set-copia\/#primaryimage\",\"url\":\"https:\/\/www.prokennex.eu\/wp-content\/uploads\/2025\/01\/dark-wire-6-200mt.jpg\",\"contentUrl\":\"https:\/\/www.prokennex.eu\/wp-content\/uploads\/2025\/01\/dark-wire-6-200mt.jpg\",\"width\":2000,\"height\":2000},{\"@type\":\"BreadcrumbList\",\"@id\":\"https:\/\/www.prokennex.eu\/es\/cordajes-monofilamento\/dark-wire-6-set-copia\/#breadcrumb\",\"itemListElement\":[{\"@type\":\"ListItem\",\"position\":1,\"name\":\"Shop\",\"item\":\"https:\/\/www.prokennex.eu\/es\/negozio\/\"},{\"@type\":\"ListItem\",\"position\":2,\"name\":\"Tennis\",\"item\":\"https:\/\/www.prokennex.eu\/es\/tennis-es\/\"},{\"@type\":\"ListItem\",\"position\":3,\"name\":\"XTRAS\",\"item\":\"https:\/\/www.prokennex.eu\/es\/tennis-es\/xtras-tennis-es\/\"},{\"@type\":\"ListItem\",\"position\":4,\"name\":\"Cordajes monofilamento\",\"item\":\"https:\/\/www.prokennex.eu\/es\/tennis-es\/xtras-tennis-es\/cordajes-monofilamento\/\"},{\"@type\":\"ListItem\",\"position\":5,\"name\":\"Dark wire 6 Madeja\"}]},{\"@type\":\"WebSite\",\"@id\":\"https:\/\/www.prokennex.eu\/es\/#website\",\"url\":\"https:\/\/www.prokennex.eu\/es\/\",\"name\":\"ProKennex Racchette e Accessori\",\"description\":\"Tomorrow&#039;s Technologies\",\"publisher\":{\"@id\":\"https:\/\/www.prokennex.eu\/es\/#organization\"},\"potentialAction\":[{\"@type\":\"SearchAction\",\"target\":{\"@type\":\"EntryPoint\",\"urlTemplate\":\"https:\/\/www.prokennex.eu\/es\/?s={search_term_string}\"},\"query-input\":{\"@type\":\"PropertyValueSpecification\",\"valueRequired\":true,\"valueName\":\"search_term_string\"}}],\"inLanguage\":\"es\"},{\"@type\":\"Organization\",\"@id\":\"https:\/\/www.prokennex.eu\/es\/#organization\",\"name\":\"Pro Kennex s.r.l.\",\"url\":\"https:\/\/www.prokennex.eu\/es\/\",\"logo\":{\"@type\":\"ImageObject\",\"inLanguage\":\"es\",\"@id\":\"https:\/\/www.prokennex.eu\/es\/#\/schema\/logo\/image\/\",\"url\":\"https:\/\/www.prokennex.eu\/wp-content\/uploads\/2021\/09\/prokennex-logo.svg\",\"contentUrl\":\"https:\/\/www.prokennex.eu\/wp-content\/uploads\/2021\/09\/prokennex-logo.svg\",\"width\":\"1440\",\"height\":\"1080\",\"caption\":\"Pro Kennex s.r.l.\"},\"image\":{\"@id\":\"https:\/\/www.prokennex.eu\/es\/#\/schema\/logo\/image\/\"}}]}<\/script>\n<!-- \/ Yoast SEO plugin. -->","yoast_head_json":{"title":"Dark wire 6 Madeja - ProKennex Racchette e Accessori","description":"Perfil hexagonal, mayor durabilidad y mantenimiento constante de la tensi\u00f3n. Le da a la cancha mayor potencia, control y efectos, combinados con una sensaci\u00f3n de pelota suave.","robots":{"index":"index","follow":"follow","max-snippet":"max-snippet:-1","max-image-preview":"max-image-preview:large","max-video-preview":"max-video-preview:-1"},"canonical":"https:\/\/www.prokennex.eu\/es\/cordajes-monofilamento\/dark-wire-6-set-copia\/","og_locale":"es_ES","og_type":"article","og_title":"Dark wire 6 Madeja - ProKennex Racchette e Accessori","og_description":"Perfil hexagonal, mayor durabilidad y mantenimiento constante de la tensi\u00f3n. Le da a la cancha mayor potencia, control y efectos, combinados con una sensaci\u00f3n de pelota suave.","og_url":"https:\/\/www.prokennex.eu\/es\/cordajes-monofilamento\/dark-wire-6-set-copia\/","og_site_name":"ProKennex Racchette e Accessori","article_modified_time":"2025-01-29T00:18:42+00:00","og_image":[{"width":2000,"height":2000,"url":"https:\/\/www.prokennex.eu\/wp-content\/uploads\/2025\/01\/dark-wire-6-200mt.jpg","type":"image\/jpeg"}],"twitter_card":"summary_large_image","schema":{"@context":"https:\/\/schema.org","@graph":[{"@type":"WebPage","@id":"https:\/\/www.prokennex.eu\/es\/cordajes-monofilamento\/dark-wire-6-set-copia\/","url":"https:\/\/www.prokennex.eu\/es\/cordajes-monofilamento\/dark-wire-6-set-copia\/","name":"Dark wire 6 Madeja - ProKennex Racchette e Accessori","isPartOf":{"@id":"https:\/\/www.prokennex.eu\/es\/#website"},"primaryImageOfPage":{"@id":"https:\/\/www.prokennex.eu\/es\/cordajes-monofilamento\/dark-wire-6-set-copia\/#primaryimage"},"image":{"@id":"https:\/\/www.prokennex.eu\/es\/cordajes-monofilamento\/dark-wire-6-set-copia\/#primaryimage"},"thumbnailUrl":"https:\/\/www.prokennex.eu\/wp-content\/uploads\/2025\/01\/dark-wire-6-200mt.jpg","datePublished":"2025-01-28T16:27:20+00:00","dateModified":"2025-01-29T00:18:42+00:00","description":"Perfil hexagonal, mayor durabilidad y mantenimiento constante de la tensi\u00f3n. Le da a la cancha mayor potencia, control y efectos, combinados con una sensaci\u00f3n de pelota suave.","breadcrumb":{"@id":"https:\/\/www.prokennex.eu\/es\/cordajes-monofilamento\/dark-wire-6-set-copia\/#breadcrumb"},"inLanguage":"es","potentialAction":[{"@type":"ReadAction","target":["https:\/\/www.prokennex.eu\/es\/cordajes-monofilamento\/dark-wire-6-set-copia\/"]}]},{"@type":"ImageObject","inLanguage":"es","@id":"https:\/\/www.prokennex.eu\/es\/cordajes-monofilamento\/dark-wire-6-set-copia\/#primaryimage","url":"https:\/\/www.prokennex.eu\/wp-content\/uploads\/2025\/01\/dark-wire-6-200mt.jpg","contentUrl":"https:\/\/www.prokennex.eu\/wp-content\/uploads\/2025\/01\/dark-wire-6-200mt.jpg","width":2000,"height":2000},{"@type":"BreadcrumbList","@id":"https:\/\/www.prokennex.eu\/es\/cordajes-monofilamento\/dark-wire-6-set-copia\/#breadcrumb","itemListElement":[{"@type":"ListItem","position":1,"name":"Shop","item":"https:\/\/www.prokennex.eu\/es\/negozio\/"},{"@type":"ListItem","position":2,"name":"Tennis","item":"https:\/\/www.prokennex.eu\/es\/tennis-es\/"},{"@type":"ListItem","position":3,"name":"XTRAS","item":"https:\/\/www.prokennex.eu\/es\/tennis-es\/xtras-tennis-es\/"},{"@type":"ListItem","position":4,"name":"Cordajes monofilamento","item":"https:\/\/www.prokennex.eu\/es\/tennis-es\/xtras-tennis-es\/cordajes-monofilamento\/"},{"@type":"ListItem","position":5,"name":"Dark wire 6 Madeja"}]},{"@type":"WebSite","@id":"https:\/\/www.prokennex.eu\/es\/#website","url":"https:\/\/www.prokennex.eu\/es\/","name":"ProKennex Racchette e Accessori","description":"Tomorrow&#039;s Technologies","publisher":{"@id":"https:\/\/www.prokennex.eu\/es\/#organization"},"potentialAction":[{"@type":"SearchAction","target":{"@type":"EntryPoint","urlTemplate":"https:\/\/www.prokennex.eu\/es\/?s={search_term_string}"},"query-input":{"@type":"PropertyValueSpecification","valueRequired":true,"valueName":"search_term_string"}}],"inLanguage":"es"},{"@type":"Organization","@id":"https:\/\/www.prokennex.eu\/es\/#organization","name":"Pro Kennex s.r.l.","url":"https:\/\/www.prokennex.eu\/es\/","logo":{"@type":"ImageObject","inLanguage":"es","@id":"https:\/\/www.prokennex.eu\/es\/#\/schema\/logo\/image\/","url":"https:\/\/www.prokennex.eu\/wp-content\/uploads\/2021\/09\/prokennex-logo.svg","contentUrl":"https:\/\/www.prokennex.eu\/wp-content\/uploads\/2021\/09\/prokennex-logo.svg","width":"1440","height":"1080","caption":"Pro Kennex s.r.l."},"image":{"@id":"https:\/\/www.prokennex.eu\/es\/#\/schema\/logo\/image\/"}}]}},"_links":{"self":[{"href":"https:\/\/www.prokennex.eu\/es\/wp-json\/wp\/v2\/product\/14541","targetHints":{"allow":["GET"]}}],"collection":[{"href":"https:\/\/www.prokennex.eu\/es\/wp-json\/wp\/v2\/product"}],"about":[{"href":"https:\/\/www.prokennex.eu\/es\/wp-json\/wp\/v2\/types\/product"}],"replies":[{"embeddable":true,"href":"https:\/\/www.prokennex.eu\/es\/wp-json\/wp\/v2\/comments?post=14541"}],"wp:featuredmedia":[{"embeddable":true,"href":"https:\/\/www.prokennex.eu\/es\/wp-json\/wp\/v2\/media\/14532"}],"wp:attachment":[{"href":"https:\/\/www.prokennex.eu\/es\/wp-json\/wp\/v2\/media?parent=14541"}],"wp:term":[{"taxonomy":"tecnologia","embeddable":true,"href":"https:\/\/www.prokennex.eu\/es\/wp-json\/wp\/v2\/tecnologia?post=14541"},{"taxonomy":"product_brand","embeddable":true,"href":"https:\/\/www.prokennex.eu\/es\/wp-json\/wp\/v2\/product_brand?post=14541"},{"taxonomy":"product_cat","embeddable":true,"href":"https:\/\/www.prokennex.eu\/es\/wp-json\/wp\/v2\/product_cat?post=14541"},{"taxonomy":"product_tag","embeddable":true,"href":"https:\/\/www.prokennex.eu\/es\/wp-json\/wp\/v2\/product_tag?post=14541"}],"curies":[{"name":"wp","href":"https:\/\/api.w.org\/{rel}","templated":true}]}}