{"id":14516,"date":"2025-01-25T07:01:53","date_gmt":"2025-01-25T06:01:53","guid":{"rendered":"https:\/\/www.prokennex.eu\/?post_type=product&#038;p=14516"},"modified":"2025-01-30T02:50:38","modified_gmt":"2025-01-30T01:50:38","slug":"ace-mochila","status":"publish","type":"product","link":"https:\/\/www.prokennex.eu\/es\/bolsas-y-mochilas-padel\/ace-mochila\/","title":{"rendered":"ACE Mochila"},"content":{"rendered":"","protected":false},"excerpt":{"rendered":"<p>La mochila Ace Station combina un dise\u00f1o exclusivo con una funcionalidad inigualable, convirti\u00e9ndola en el compa\u00f1ero ideal para cualquier jugador que desee destacar con estilo tanto dentro como fuera de la pista.<br \/>\nDise\u00f1ada y fabricada para garantizar el m\u00e1ximo confort en los hombros y la espalda, gracias a su panel trasero ergon\u00f3mico y suave y sus correas acolchadas ajustables, la mochila Ace Station es la elecci\u00f3n perfecta en t\u00e9rminos de practicidad y comodidad.<br \/>\nCuenta con tres amplios compartimentos, uno de ellos dise\u00f1ado espec\u00edficamente para asegurar la raqueta, adem\u00e1s de un bolsillo acolchado para port\u00e1til, un bolsillo con cremallera para accesorios y un compartimento ventilado en la parte inferior para guardar zapatos o equipo despu\u00e9s del partido.<\/p>\n<p>Dimensiones: 47 x 33 x 20 cm<\/p>\n","protected":false},"featured_media":14391,"comment_status":"open","ping_status":"closed","template":"","meta":{"_acf_changed":false},"tecnologia":[],"product_brand":[],"product_cat":[1606,1622,1592,1601,1611],"product_tag":[2057],"class_list":{"0":"post-14516","1":"product","2":"type-product","3":"status-publish","4":"has-post-thumbnail","6":"product_cat-accesorios-pickleball","7":"product_cat-bolsas-y-mochilas-tennis","8":"product_cat-bolsas-y-mochilas-badminton","9":"product_cat-bolsas-y-mochilas-padel","10":"product_cat-bolsas-y-mochilas-squash","11":"product_tag-ace-station-es","13":"first","14":"instock","15":"taxable","16":"shipping-taxable","17":"purchasable","18":"product-type-simple"},"bundled_by":[],"bundle_stock_status":"instock","bundle_stock_quantity":10,"bundle_virtual":false,"bundle_layout":"","bundle_add_to_cart_form_location":"","bundle_editable_in_cart":false,"bundle_sold_individually_context":"","bundle_item_grouping":"","bundle_min_size":"","bundle_max_size":"","bundle_price":[],"bundled_items":[],"bundle_sell_ids":[],"acf":[],"yoast_head":"<!-- This site is optimized with the Yoast SEO plugin v27.1.1 - https:\/\/yoast.com\/product\/yoast-seo-wordpress\/ -->\n<title>ACE Mochila<\/title>\n<meta name=\"description\" content=\"Mochila de inconfundible dise\u00f1o ACE Station con bolsillo acolchado para el port\u00e1til, bolsillo para accesorios y compartimento inferior para el calzado.\" \/>\n<meta name=\"robots\" content=\"index, follow, max-snippet:-1, max-image-preview:large, max-video-preview:-1\" \/>\n<link rel=\"canonical\" href=\"https:\/\/www.prokennex.eu\/es\/bolsas-y-mochilas-padel\/ace-mochila\/\" \/>\n<meta property=\"og:locale\" content=\"es_ES\" \/>\n<meta property=\"og:type\" content=\"article\" \/>\n<meta property=\"og:title\" content=\"ACE Mochila\" \/>\n<meta property=\"og:description\" content=\"Mochila de inconfundible dise\u00f1o ACE Station con bolsillo acolchado para el port\u00e1til, bolsillo para accesorios y compartimento inferior para el calzado.\" \/>\n<meta property=\"og:url\" content=\"https:\/\/www.prokennex.eu\/es\/bolsas-y-mochilas-padel\/ace-mochila\/\" \/>\n<meta property=\"og:site_name\" content=\"ProKennex Racchette e Accessori\" \/>\n<meta property=\"article:modified_time\" content=\"2025-01-30T01:50:38+00:00\" \/>\n<meta property=\"og:image\" content=\"https:\/\/www.prokennex.eu\/wp-content\/uploads\/2025\/01\/ace-backpack-1.jpg\" \/>\n\t<meta property=\"og:image:width\" content=\"2000\" \/>\n\t<meta property=\"og:image:height\" content=\"2000\" \/>\n\t<meta property=\"og:image:type\" content=\"image\/jpeg\" \/>\n<meta name=\"twitter:card\" content=\"summary_large_image\" \/>\n<script type=\"application\/ld+json\" class=\"yoast-schema-graph\">{\"@context\":\"https:\/\/schema.org\",\"@graph\":[{\"@type\":\"WebPage\",\"@id\":\"https:\/\/www.prokennex.eu\/es\/bolsas-y-mochilas-padel\/ace-mochila\/\",\"url\":\"https:\/\/www.prokennex.eu\/es\/bolsas-y-mochilas-padel\/ace-mochila\/\",\"name\":\"ACE Mochila\",\"isPartOf\":{\"@id\":\"https:\/\/www.prokennex.eu\/es\/#website\"},\"primaryImageOfPage\":{\"@id\":\"https:\/\/www.prokennex.eu\/es\/bolsas-y-mochilas-padel\/ace-mochila\/#primaryimage\"},\"image\":{\"@id\":\"https:\/\/www.prokennex.eu\/es\/bolsas-y-mochilas-padel\/ace-mochila\/#primaryimage\"},\"thumbnailUrl\":\"https:\/\/www.prokennex.eu\/wp-content\/uploads\/2025\/01\/ace-backpack-1.jpg\",\"datePublished\":\"2025-01-25T06:01:53+00:00\",\"dateModified\":\"2025-01-30T01:50:38+00:00\",\"description\":\"Mochila de inconfundible dise\u00f1o ACE Station con bolsillo acolchado para el port\u00e1til, bolsillo para accesorios y compartimento inferior para el calzado.\",\"breadcrumb\":{\"@id\":\"https:\/\/www.prokennex.eu\/es\/bolsas-y-mochilas-padel\/ace-mochila\/#breadcrumb\"},\"inLanguage\":\"es\",\"potentialAction\":[{\"@type\":\"ReadAction\",\"target\":[\"https:\/\/www.prokennex.eu\/es\/bolsas-y-mochilas-padel\/ace-mochila\/\"]}]},{\"@type\":\"ImageObject\",\"inLanguage\":\"es\",\"@id\":\"https:\/\/www.prokennex.eu\/es\/bolsas-y-mochilas-padel\/ace-mochila\/#primaryimage\",\"url\":\"https:\/\/www.prokennex.eu\/wp-content\/uploads\/2025\/01\/ace-backpack-1.jpg\",\"contentUrl\":\"https:\/\/www.prokennex.eu\/wp-content\/uploads\/2025\/01\/ace-backpack-1.jpg\",\"width\":2000,\"height\":2000},{\"@type\":\"BreadcrumbList\",\"@id\":\"https:\/\/www.prokennex.eu\/es\/bolsas-y-mochilas-padel\/ace-mochila\/#breadcrumb\",\"itemListElement\":[{\"@type\":\"ListItem\",\"position\":1,\"name\":\"Shop\",\"item\":\"https:\/\/www.prokennex.eu\/es\/negozio\/\"},{\"@type\":\"ListItem\",\"position\":2,\"name\":\"Pickleball\",\"item\":\"https:\/\/www.prokennex.eu\/es\/pickleball-es\/\"},{\"@type\":\"ListItem\",\"position\":3,\"name\":\"XTRAS\",\"item\":\"https:\/\/www.prokennex.eu\/es\/pickleball-es\/xtras-pickleball-es\/\"},{\"@type\":\"ListItem\",\"position\":4,\"name\":\"Accesorios\",\"item\":\"https:\/\/www.prokennex.eu\/es\/pickleball-es\/xtras-pickleball-es\/accesorios-pickleball\/\"},{\"@type\":\"ListItem\",\"position\":5,\"name\":\"ACE Mochila\"}]},{\"@type\":\"WebSite\",\"@id\":\"https:\/\/www.prokennex.eu\/es\/#website\",\"url\":\"https:\/\/www.prokennex.eu\/es\/\",\"name\":\"ProKennex Racchette e Accessori\",\"description\":\"Tomorrow&#039;s Technologies\",\"publisher\":{\"@id\":\"https:\/\/www.prokennex.eu\/es\/#organization\"},\"potentialAction\":[{\"@type\":\"SearchAction\",\"target\":{\"@type\":\"EntryPoint\",\"urlTemplate\":\"https:\/\/www.prokennex.eu\/es\/?s={search_term_string}\"},\"query-input\":{\"@type\":\"PropertyValueSpecification\",\"valueRequired\":true,\"valueName\":\"search_term_string\"}}],\"inLanguage\":\"es\"},{\"@type\":\"Organization\",\"@id\":\"https:\/\/www.prokennex.eu\/es\/#organization\",\"name\":\"Pro Kennex s.r.l.\",\"url\":\"https:\/\/www.prokennex.eu\/es\/\",\"logo\":{\"@type\":\"ImageObject\",\"inLanguage\":\"es\",\"@id\":\"https:\/\/www.prokennex.eu\/es\/#\/schema\/logo\/image\/\",\"url\":\"https:\/\/www.prokennex.eu\/wp-content\/uploads\/2021\/09\/prokennex-logo.svg\",\"contentUrl\":\"https:\/\/www.prokennex.eu\/wp-content\/uploads\/2021\/09\/prokennex-logo.svg\",\"width\":\"1440\",\"height\":\"1080\",\"caption\":\"Pro Kennex s.r.l.\"},\"image\":{\"@id\":\"https:\/\/www.prokennex.eu\/es\/#\/schema\/logo\/image\/\"}}]}<\/script>\n<!-- \/ Yoast SEO plugin. -->","yoast_head_json":{"title":"ACE Mochila","description":"Mochila de inconfundible dise\u00f1o ACE Station con bolsillo acolchado para el port\u00e1til, bolsillo para accesorios y compartimento inferior para el calzado.","robots":{"index":"index","follow":"follow","max-snippet":"max-snippet:-1","max-image-preview":"max-image-preview:large","max-video-preview":"max-video-preview:-1"},"canonical":"https:\/\/www.prokennex.eu\/es\/bolsas-y-mochilas-padel\/ace-mochila\/","og_locale":"es_ES","og_type":"article","og_title":"ACE Mochila","og_description":"Mochila de inconfundible dise\u00f1o ACE Station con bolsillo acolchado para el port\u00e1til, bolsillo para accesorios y compartimento inferior para el calzado.","og_url":"https:\/\/www.prokennex.eu\/es\/bolsas-y-mochilas-padel\/ace-mochila\/","og_site_name":"ProKennex Racchette e Accessori","article_modified_time":"2025-01-30T01:50:38+00:00","og_image":[{"width":2000,"height":2000,"url":"https:\/\/www.prokennex.eu\/wp-content\/uploads\/2025\/01\/ace-backpack-1.jpg","type":"image\/jpeg"}],"twitter_card":"summary_large_image","schema":{"@context":"https:\/\/schema.org","@graph":[{"@type":"WebPage","@id":"https:\/\/www.prokennex.eu\/es\/bolsas-y-mochilas-padel\/ace-mochila\/","url":"https:\/\/www.prokennex.eu\/es\/bolsas-y-mochilas-padel\/ace-mochila\/","name":"ACE Mochila","isPartOf":{"@id":"https:\/\/www.prokennex.eu\/es\/#website"},"primaryImageOfPage":{"@id":"https:\/\/www.prokennex.eu\/es\/bolsas-y-mochilas-padel\/ace-mochila\/#primaryimage"},"image":{"@id":"https:\/\/www.prokennex.eu\/es\/bolsas-y-mochilas-padel\/ace-mochila\/#primaryimage"},"thumbnailUrl":"https:\/\/www.prokennex.eu\/wp-content\/uploads\/2025\/01\/ace-backpack-1.jpg","datePublished":"2025-01-25T06:01:53+00:00","dateModified":"2025-01-30T01:50:38+00:00","description":"Mochila de inconfundible dise\u00f1o ACE Station con bolsillo acolchado para el port\u00e1til, bolsillo para accesorios y compartimento inferior para el calzado.","breadcrumb":{"@id":"https:\/\/www.prokennex.eu\/es\/bolsas-y-mochilas-padel\/ace-mochila\/#breadcrumb"},"inLanguage":"es","potentialAction":[{"@type":"ReadAction","target":["https:\/\/www.prokennex.eu\/es\/bolsas-y-mochilas-padel\/ace-mochila\/"]}]},{"@type":"ImageObject","inLanguage":"es","@id":"https:\/\/www.prokennex.eu\/es\/bolsas-y-mochilas-padel\/ace-mochila\/#primaryimage","url":"https:\/\/www.prokennex.eu\/wp-content\/uploads\/2025\/01\/ace-backpack-1.jpg","contentUrl":"https:\/\/www.prokennex.eu\/wp-content\/uploads\/2025\/01\/ace-backpack-1.jpg","width":2000,"height":2000},{"@type":"BreadcrumbList","@id":"https:\/\/www.prokennex.eu\/es\/bolsas-y-mochilas-padel\/ace-mochila\/#breadcrumb","itemListElement":[{"@type":"ListItem","position":1,"name":"Shop","item":"https:\/\/www.prokennex.eu\/es\/negozio\/"},{"@type":"ListItem","position":2,"name":"Pickleball","item":"https:\/\/www.prokennex.eu\/es\/pickleball-es\/"},{"@type":"ListItem","position":3,"name":"XTRAS","item":"https:\/\/www.prokennex.eu\/es\/pickleball-es\/xtras-pickleball-es\/"},{"@type":"ListItem","position":4,"name":"Accesorios","item":"https:\/\/www.prokennex.eu\/es\/pickleball-es\/xtras-pickleball-es\/accesorios-pickleball\/"},{"@type":"ListItem","position":5,"name":"ACE Mochila"}]},{"@type":"WebSite","@id":"https:\/\/www.prokennex.eu\/es\/#website","url":"https:\/\/www.prokennex.eu\/es\/","name":"ProKennex Racchette e Accessori","description":"Tomorrow&#039;s Technologies","publisher":{"@id":"https:\/\/www.prokennex.eu\/es\/#organization"},"potentialAction":[{"@type":"SearchAction","target":{"@type":"EntryPoint","urlTemplate":"https:\/\/www.prokennex.eu\/es\/?s={search_term_string}"},"query-input":{"@type":"PropertyValueSpecification","valueRequired":true,"valueName":"search_term_string"}}],"inLanguage":"es"},{"@type":"Organization","@id":"https:\/\/www.prokennex.eu\/es\/#organization","name":"Pro Kennex s.r.l.","url":"https:\/\/www.prokennex.eu\/es\/","logo":{"@type":"ImageObject","inLanguage":"es","@id":"https:\/\/www.prokennex.eu\/es\/#\/schema\/logo\/image\/","url":"https:\/\/www.prokennex.eu\/wp-content\/uploads\/2021\/09\/prokennex-logo.svg","contentUrl":"https:\/\/www.prokennex.eu\/wp-content\/uploads\/2021\/09\/prokennex-logo.svg","width":"1440","height":"1080","caption":"Pro Kennex s.r.l."},"image":{"@id":"https:\/\/www.prokennex.eu\/es\/#\/schema\/logo\/image\/"}}]}},"_links":{"self":[{"href":"https:\/\/www.prokennex.eu\/es\/wp-json\/wp\/v2\/product\/14516","targetHints":{"allow":["GET"]}}],"collection":[{"href":"https:\/\/www.prokennex.eu\/es\/wp-json\/wp\/v2\/product"}],"about":[{"href":"https:\/\/www.prokennex.eu\/es\/wp-json\/wp\/v2\/types\/product"}],"replies":[{"embeddable":true,"href":"https:\/\/www.prokennex.eu\/es\/wp-json\/wp\/v2\/comments?post=14516"}],"wp:featuredmedia":[{"embeddable":true,"href":"https:\/\/www.prokennex.eu\/es\/wp-json\/wp\/v2\/media\/14391"}],"wp:attachment":[{"href":"https:\/\/www.prokennex.eu\/es\/wp-json\/wp\/v2\/media?parent=14516"}],"wp:term":[{"taxonomy":"tecnologia","embeddable":true,"href":"https:\/\/www.prokennex.eu\/es\/wp-json\/wp\/v2\/tecnologia?post=14516"},{"taxonomy":"product_brand","embeddable":true,"href":"https:\/\/www.prokennex.eu\/es\/wp-json\/wp\/v2\/product_brand?post=14516"},{"taxonomy":"product_cat","embeddable":true,"href":"https:\/\/www.prokennex.eu\/es\/wp-json\/wp\/v2\/product_cat?post=14516"},{"taxonomy":"product_tag","embeddable":true,"href":"https:\/\/www.prokennex.eu\/es\/wp-json\/wp\/v2\/product_tag?post=14516"}],"curies":[{"name":"wp","href":"https:\/\/api.w.org\/{rel}","templated":true}]}}