{"id":14508,"date":"2025-01-25T07:10:03","date_gmt":"2025-01-25T06:10:03","guid":{"rendered":"https:\/\/www.prokennex.eu\/?post_type=product&#038;p=14508"},"modified":"2025-01-30T02:21:36","modified_gmt":"2025-01-30T01:21:36","slug":"ace-barrel-bag","status":"publish","type":"product","link":"https:\/\/www.prokennex.eu\/es\/bolsas-y-mochilas-tennis\/ace-barrel-bag\/","title":{"rendered":"ACE Barrel Bag"},"content":{"rendered":"","protected":false},"excerpt":{"rendered":"<p>La Ace Station Barrel Bag combina un dise\u00f1o \u00fanico con una funcionalidad incomparable. Dise\u00f1ada para jugadores que valoran la practicidad y quieren destacar tanto dentro como fuera de la pista, la Barrel Bag cuenta con un compartimento para el equipo con cubiertas espec\u00edficas para los mangos de las raquetas, un bolsillo acolchado para un port\u00e1til o tableta, un bolsillo con cremallera para accesorios y un compartimento trasero pr\u00e1ctico.<br \/>\nLa parte inferior incluye una secci\u00f3n en forma de t\u00fanel ventilada y bien aislada, ideal para guardar zapatos y ropa despu\u00e9s del partido.<br \/>\nLa Ace Station Barrel Bag est\u00e1 equipada con un panel trasero suave y ergon\u00f3mico y correas acolchadas ajustables, proporcionando un confort y soporte excepcionales durante el transporte.<\/p>\n<p>Dimensiones: 71 x 39 x 25 cm<\/p>\n","protected":false},"featured_media":14422,"comment_status":"open","ping_status":"closed","template":"","meta":{"_acf_changed":false},"tecnologia":[],"product_brand":[],"product_cat":[1606,1601,1611,1622,1592],"product_tag":[2057],"class_list":{"0":"post-14508","1":"product","2":"type-product","3":"status-publish","4":"has-post-thumbnail","6":"product_cat-accesorios-pickleball","7":"product_cat-bolsas-y-mochilas-padel","8":"product_cat-bolsas-y-mochilas-squash","9":"product_cat-bolsas-y-mochilas-tennis","10":"product_cat-bolsas-y-mochilas-badminton","11":"product_tag-ace-station-es","13":"first","14":"outofstock","15":"taxable","16":"shipping-taxable","17":"purchasable","18":"product-type-simple"},"bundled_by":[],"bundle_stock_status":"outofstock","bundle_stock_quantity":0,"bundle_virtual":false,"bundle_layout":"","bundle_add_to_cart_form_location":"","bundle_editable_in_cart":false,"bundle_sold_individually_context":"","bundle_item_grouping":"","bundle_min_size":"","bundle_max_size":"","bundle_price":[],"bundled_items":[],"bundle_sell_ids":[],"acf":[],"yoast_head":"<!-- This site is optimized with the Yoast SEO plugin v27.4 - https:\/\/yoast.com\/product\/yoast-seo-wordpress\/ -->\n<title>ACE Barrel Bag - ProKennex Racchette e Accessori<\/title>\n<meta name=\"description\" content=\"La Barrel Bag cuenta con un compartimento para el equipo con cubiertas espec\u00edficas para los mangos de las raquetas, un bolsillo acolchado para un port\u00e1til o tableta, un bolsillo con cremallera para accesorios y un compartimento trasero pr\u00e1ctico.\" \/>\n<meta name=\"robots\" content=\"index, follow, max-snippet:-1, max-image-preview:large, max-video-preview:-1\" \/>\n<link rel=\"canonical\" href=\"https:\/\/www.prokennex.eu\/es\/bolsas-y-mochilas-tennis\/ace-barrel-bag\/\" \/>\n<meta property=\"og:locale\" content=\"es_ES\" \/>\n<meta property=\"og:type\" content=\"article\" \/>\n<meta property=\"og:title\" content=\"ACE Barrel Bag - ProKennex Racchette e Accessori\" \/>\n<meta property=\"og:description\" content=\"La Barrel Bag cuenta con un compartimento para el equipo con cubiertas espec\u00edficas para los mangos de las raquetas, un bolsillo acolchado para un port\u00e1til o tableta, un bolsillo con cremallera para accesorios y un compartimento trasero pr\u00e1ctico.\" \/>\n<meta property=\"og:url\" content=\"https:\/\/www.prokennex.eu\/es\/bolsas-y-mochilas-tennis\/ace-barrel-bag\/\" \/>\n<meta property=\"og:site_name\" content=\"ProKennex Racchette e Accessori\" \/>\n<meta property=\"article:modified_time\" content=\"2025-01-30T01:21:36+00:00\" \/>\n<meta property=\"og:image\" content=\"https:\/\/www.prokennex.eu\/wp-content\/uploads\/2025\/01\/ace-barrel-bag-1.jpg\" \/>\n\t<meta property=\"og:image:width\" content=\"2000\" \/>\n\t<meta property=\"og:image:height\" content=\"2000\" \/>\n\t<meta property=\"og:image:type\" content=\"image\/jpeg\" \/>\n<meta name=\"twitter:card\" content=\"summary_large_image\" \/>\n<script type=\"application\/ld+json\" class=\"yoast-schema-graph\">{\"@context\":\"https:\\\/\\\/schema.org\",\"@graph\":[{\"@type\":\"WebPage\",\"@id\":\"https:\\\/\\\/www.prokennex.eu\\\/es\\\/bolsas-y-mochilas-tennis\\\/ace-barrel-bag\\\/\",\"url\":\"https:\\\/\\\/www.prokennex.eu\\\/es\\\/bolsas-y-mochilas-tennis\\\/ace-barrel-bag\\\/\",\"name\":\"ACE Barrel Bag - ProKennex Racchette e Accessori\",\"isPartOf\":{\"@id\":\"https:\\\/\\\/www.prokennex.eu\\\/es\\\/#website\"},\"primaryImageOfPage\":{\"@id\":\"https:\\\/\\\/www.prokennex.eu\\\/es\\\/bolsas-y-mochilas-tennis\\\/ace-barrel-bag\\\/#primaryimage\"},\"image\":{\"@id\":\"https:\\\/\\\/www.prokennex.eu\\\/es\\\/bolsas-y-mochilas-tennis\\\/ace-barrel-bag\\\/#primaryimage\"},\"thumbnailUrl\":\"https:\\\/\\\/www.prokennex.eu\\\/wp-content\\\/uploads\\\/2025\\\/01\\\/ace-barrel-bag-1.jpg\",\"datePublished\":\"2025-01-25T06:10:03+00:00\",\"dateModified\":\"2025-01-30T01:21:36+00:00\",\"description\":\"La Barrel Bag cuenta con un compartimento para el equipo con cubiertas espec\u00edficas para los mangos de las raquetas, un bolsillo acolchado para un port\u00e1til o tableta, un bolsillo con cremallera para accesorios y un compartimento trasero pr\u00e1ctico.\",\"breadcrumb\":{\"@id\":\"https:\\\/\\\/www.prokennex.eu\\\/es\\\/bolsas-y-mochilas-tennis\\\/ace-barrel-bag\\\/#breadcrumb\"},\"inLanguage\":\"es\",\"potentialAction\":[{\"@type\":\"ReadAction\",\"target\":[\"https:\\\/\\\/www.prokennex.eu\\\/es\\\/bolsas-y-mochilas-tennis\\\/ace-barrel-bag\\\/\"]}]},{\"@type\":\"ImageObject\",\"inLanguage\":\"es\",\"@id\":\"https:\\\/\\\/www.prokennex.eu\\\/es\\\/bolsas-y-mochilas-tennis\\\/ace-barrel-bag\\\/#primaryimage\",\"url\":\"https:\\\/\\\/www.prokennex.eu\\\/wp-content\\\/uploads\\\/2025\\\/01\\\/ace-barrel-bag-1.jpg\",\"contentUrl\":\"https:\\\/\\\/www.prokennex.eu\\\/wp-content\\\/uploads\\\/2025\\\/01\\\/ace-barrel-bag-1.jpg\",\"width\":2000,\"height\":2000},{\"@type\":\"BreadcrumbList\",\"@id\":\"https:\\\/\\\/www.prokennex.eu\\\/es\\\/bolsas-y-mochilas-tennis\\\/ace-barrel-bag\\\/#breadcrumb\",\"itemListElement\":[{\"@type\":\"ListItem\",\"position\":1,\"name\":\"Shop\",\"item\":\"https:\\\/\\\/www.prokennex.eu\\\/es\\\/negozio\\\/\"},{\"@type\":\"ListItem\",\"position\":2,\"name\":\"Pickleball\",\"item\":\"https:\\\/\\\/www.prokennex.eu\\\/es\\\/pickleball-es\\\/\"},{\"@type\":\"ListItem\",\"position\":3,\"name\":\"XTRAS\",\"item\":\"https:\\\/\\\/www.prokennex.eu\\\/es\\\/pickleball-es\\\/xtras-pickleball-es\\\/\"},{\"@type\":\"ListItem\",\"position\":4,\"name\":\"Accesorios\",\"item\":\"https:\\\/\\\/www.prokennex.eu\\\/es\\\/pickleball-es\\\/xtras-pickleball-es\\\/accesorios-pickleball\\\/\"},{\"@type\":\"ListItem\",\"position\":5,\"name\":\"ACE Barrel Bag\"}]},{\"@type\":\"WebSite\",\"@id\":\"https:\\\/\\\/www.prokennex.eu\\\/es\\\/#website\",\"url\":\"https:\\\/\\\/www.prokennex.eu\\\/es\\\/\",\"name\":\"ProKennex Racchette e Accessori\",\"description\":\"Tomorrow&#039;s Technologies\",\"publisher\":{\"@id\":\"https:\\\/\\\/www.prokennex.eu\\\/es\\\/#organization\"},\"potentialAction\":[{\"@type\":\"SearchAction\",\"target\":{\"@type\":\"EntryPoint\",\"urlTemplate\":\"https:\\\/\\\/www.prokennex.eu\\\/es\\\/?s={search_term_string}\"},\"query-input\":{\"@type\":\"PropertyValueSpecification\",\"valueRequired\":true,\"valueName\":\"search_term_string\"}}],\"inLanguage\":\"es\"},{\"@type\":\"Organization\",\"@id\":\"https:\\\/\\\/www.prokennex.eu\\\/es\\\/#organization\",\"name\":\"Pro Kennex s.r.l.\",\"url\":\"https:\\\/\\\/www.prokennex.eu\\\/es\\\/\",\"logo\":{\"@type\":\"ImageObject\",\"inLanguage\":\"es\",\"@id\":\"https:\\\/\\\/www.prokennex.eu\\\/es\\\/#\\\/schema\\\/logo\\\/image\\\/\",\"url\":\"https:\\\/\\\/www.prokennex.eu\\\/wp-content\\\/uploads\\\/2021\\\/09\\\/prokennex-logo.svg\",\"contentUrl\":\"https:\\\/\\\/www.prokennex.eu\\\/wp-content\\\/uploads\\\/2021\\\/09\\\/prokennex-logo.svg\",\"width\":\"1440\",\"height\":\"1080\",\"caption\":\"Pro Kennex s.r.l.\"},\"image\":{\"@id\":\"https:\\\/\\\/www.prokennex.eu\\\/es\\\/#\\\/schema\\\/logo\\\/image\\\/\"}}]}<\/script>\n<!-- \/ Yoast SEO plugin. -->","yoast_head_json":{"title":"ACE Barrel Bag - ProKennex Racchette e Accessori","description":"La Barrel Bag cuenta con un compartimento para el equipo con cubiertas espec\u00edficas para los mangos de las raquetas, un bolsillo acolchado para un port\u00e1til o tableta, un bolsillo con cremallera para accesorios y un compartimento trasero pr\u00e1ctico.","robots":{"index":"index","follow":"follow","max-snippet":"max-snippet:-1","max-image-preview":"max-image-preview:large","max-video-preview":"max-video-preview:-1"},"canonical":"https:\/\/www.prokennex.eu\/es\/bolsas-y-mochilas-tennis\/ace-barrel-bag\/","og_locale":"es_ES","og_type":"article","og_title":"ACE Barrel Bag - ProKennex Racchette e Accessori","og_description":"La Barrel Bag cuenta con un compartimento para el equipo con cubiertas espec\u00edficas para los mangos de las raquetas, un bolsillo acolchado para un port\u00e1til o tableta, un bolsillo con cremallera para accesorios y un compartimento trasero pr\u00e1ctico.","og_url":"https:\/\/www.prokennex.eu\/es\/bolsas-y-mochilas-tennis\/ace-barrel-bag\/","og_site_name":"ProKennex Racchette e Accessori","article_modified_time":"2025-01-30T01:21:36+00:00","og_image":[{"width":2000,"height":2000,"url":"https:\/\/www.prokennex.eu\/wp-content\/uploads\/2025\/01\/ace-barrel-bag-1.jpg","type":"image\/jpeg"}],"twitter_card":"summary_large_image","schema":{"@context":"https:\/\/schema.org","@graph":[{"@type":"WebPage","@id":"https:\/\/www.prokennex.eu\/es\/bolsas-y-mochilas-tennis\/ace-barrel-bag\/","url":"https:\/\/www.prokennex.eu\/es\/bolsas-y-mochilas-tennis\/ace-barrel-bag\/","name":"ACE Barrel Bag - ProKennex Racchette e Accessori","isPartOf":{"@id":"https:\/\/www.prokennex.eu\/es\/#website"},"primaryImageOfPage":{"@id":"https:\/\/www.prokennex.eu\/es\/bolsas-y-mochilas-tennis\/ace-barrel-bag\/#primaryimage"},"image":{"@id":"https:\/\/www.prokennex.eu\/es\/bolsas-y-mochilas-tennis\/ace-barrel-bag\/#primaryimage"},"thumbnailUrl":"https:\/\/www.prokennex.eu\/wp-content\/uploads\/2025\/01\/ace-barrel-bag-1.jpg","datePublished":"2025-01-25T06:10:03+00:00","dateModified":"2025-01-30T01:21:36+00:00","description":"La Barrel Bag cuenta con un compartimento para el equipo con cubiertas espec\u00edficas para los mangos de las raquetas, un bolsillo acolchado para un port\u00e1til o tableta, un bolsillo con cremallera para accesorios y un compartimento trasero pr\u00e1ctico.","breadcrumb":{"@id":"https:\/\/www.prokennex.eu\/es\/bolsas-y-mochilas-tennis\/ace-barrel-bag\/#breadcrumb"},"inLanguage":"es","potentialAction":[{"@type":"ReadAction","target":["https:\/\/www.prokennex.eu\/es\/bolsas-y-mochilas-tennis\/ace-barrel-bag\/"]}]},{"@type":"ImageObject","inLanguage":"es","@id":"https:\/\/www.prokennex.eu\/es\/bolsas-y-mochilas-tennis\/ace-barrel-bag\/#primaryimage","url":"https:\/\/www.prokennex.eu\/wp-content\/uploads\/2025\/01\/ace-barrel-bag-1.jpg","contentUrl":"https:\/\/www.prokennex.eu\/wp-content\/uploads\/2025\/01\/ace-barrel-bag-1.jpg","width":2000,"height":2000},{"@type":"BreadcrumbList","@id":"https:\/\/www.prokennex.eu\/es\/bolsas-y-mochilas-tennis\/ace-barrel-bag\/#breadcrumb","itemListElement":[{"@type":"ListItem","position":1,"name":"Shop","item":"https:\/\/www.prokennex.eu\/es\/negozio\/"},{"@type":"ListItem","position":2,"name":"Pickleball","item":"https:\/\/www.prokennex.eu\/es\/pickleball-es\/"},{"@type":"ListItem","position":3,"name":"XTRAS","item":"https:\/\/www.prokennex.eu\/es\/pickleball-es\/xtras-pickleball-es\/"},{"@type":"ListItem","position":4,"name":"Accesorios","item":"https:\/\/www.prokennex.eu\/es\/pickleball-es\/xtras-pickleball-es\/accesorios-pickleball\/"},{"@type":"ListItem","position":5,"name":"ACE Barrel Bag"}]},{"@type":"WebSite","@id":"https:\/\/www.prokennex.eu\/es\/#website","url":"https:\/\/www.prokennex.eu\/es\/","name":"ProKennex Racchette e Accessori","description":"Tomorrow&#039;s Technologies","publisher":{"@id":"https:\/\/www.prokennex.eu\/es\/#organization"},"potentialAction":[{"@type":"SearchAction","target":{"@type":"EntryPoint","urlTemplate":"https:\/\/www.prokennex.eu\/es\/?s={search_term_string}"},"query-input":{"@type":"PropertyValueSpecification","valueRequired":true,"valueName":"search_term_string"}}],"inLanguage":"es"},{"@type":"Organization","@id":"https:\/\/www.prokennex.eu\/es\/#organization","name":"Pro Kennex s.r.l.","url":"https:\/\/www.prokennex.eu\/es\/","logo":{"@type":"ImageObject","inLanguage":"es","@id":"https:\/\/www.prokennex.eu\/es\/#\/schema\/logo\/image\/","url":"https:\/\/www.prokennex.eu\/wp-content\/uploads\/2021\/09\/prokennex-logo.svg","contentUrl":"https:\/\/www.prokennex.eu\/wp-content\/uploads\/2021\/09\/prokennex-logo.svg","width":"1440","height":"1080","caption":"Pro Kennex s.r.l."},"image":{"@id":"https:\/\/www.prokennex.eu\/es\/#\/schema\/logo\/image\/"}}]}},"_links":{"self":[{"href":"https:\/\/www.prokennex.eu\/es\/wp-json\/wp\/v2\/product\/14508","targetHints":{"allow":["GET"]}}],"collection":[{"href":"https:\/\/www.prokennex.eu\/es\/wp-json\/wp\/v2\/product"}],"about":[{"href":"https:\/\/www.prokennex.eu\/es\/wp-json\/wp\/v2\/types\/product"}],"replies":[{"embeddable":true,"href":"https:\/\/www.prokennex.eu\/es\/wp-json\/wp\/v2\/comments?post=14508"}],"wp:featuredmedia":[{"embeddable":true,"href":"https:\/\/www.prokennex.eu\/es\/wp-json\/wp\/v2\/media\/14422"}],"wp:attachment":[{"href":"https:\/\/www.prokennex.eu\/es\/wp-json\/wp\/v2\/media?parent=14508"}],"wp:term":[{"taxonomy":"tecnologia","embeddable":true,"href":"https:\/\/www.prokennex.eu\/es\/wp-json\/wp\/v2\/tecnologia?post=14508"},{"taxonomy":"product_brand","embeddable":true,"href":"https:\/\/www.prokennex.eu\/es\/wp-json\/wp\/v2\/product_brand?post=14508"},{"taxonomy":"product_cat","embeddable":true,"href":"https:\/\/www.prokennex.eu\/es\/wp-json\/wp\/v2\/product_cat?post=14508"},{"taxonomy":"product_tag","embeddable":true,"href":"https:\/\/www.prokennex.eu\/es\/wp-json\/wp\/v2\/product_tag?post=14508"}],"curies":[{"name":"wp","href":"https:\/\/api.w.org\/{rel}","templated":true}]}}