{"id":13374,"date":"2024-01-05T23:27:23","date_gmt":"2024-01-05T22:27:23","guid":{"rendered":"https:\/\/www.prokennex.eu\/sin categor\u00eda\/black-ace-lg\/"},"modified":"2024-01-05T23:27:23","modified_gmt":"2024-01-05T22:27:23","slug":"black-ace-lg","status":"publish","type":"product","link":"https:\/\/www.prokennex.eu\/es\/raquetas-outlet\/black-ace-lg\/","title":{"rendered":"Black Ace LG"},"content":{"rendered":"","protected":false},"excerpt":{"rendered":"<p>El Black Ace LG, acr\u00f3nimo de \u00abLONG GRIP\u00bb, es el resultado de la colaboraci\u00f3n entre ProKennex y Daniel De La Rosa, n\u00famero 1 del mundo en raquetbol y jugador profesional del circuito de la Asociaci\u00f3n Profesional de Pickleball y de la Liga Mayor de Pickleball.<\/p>\n<p>Desarrollada en grafito de carbono con un plato m\u00e1s estrecho y largo, en comparaci\u00f3n con la Black Ace Pro, la nueva LG garantiza el m\u00e1ximo rendimiento en todo tipo de giros. El sistema Air-O-Guard ofrece una aerodin\u00e1mica y una capacidad de giro sin precedentes, para unos reflejos ultrarr\u00e1pidos y un impacto de la pelota a\u00fan m\u00e1s incisivo. El mango alargado, con el punto dulce empujado hacia arriba, est\u00e1 dise\u00f1ado para promover la m\u00e1xima potencia de salida y facilitar el rev\u00e9s a dos manos, que puede jugarse con gran facilidad en todas las situaciones de juego.<\/p>\n<p>Por \u00faltimo, el exclusivo Sistema Kinetic proporciona estabilidad a la raqueta y elimina cualquier vibraci\u00f3n, para una experiencia de juego m\u00e1xima en comodidad y protecci\u00f3n del brazo.<\/p>\n","protected":false},"featured_media":13272,"comment_status":"open","ping_status":"closed","template":"","meta":{"_acf_changed":false},"tecnologia":[1329],"product_brand":[],"product_cat":[1594,1596],"product_tag":[2057],"class_list":{"0":"post-13374","1":"product","2":"type-product","3":"status-publish","4":"has-post-thumbnail","6":"tecnologia-kinetic-system-es","7":"product_cat-outlet-es","8":"product_cat-raquetas-outlet","9":"product_tag-ace-station-es","11":"first","12":"instock","13":"sale","14":"taxable","15":"shipping-taxable","16":"purchasable","17":"product-type-simple"},"bundled_by":[],"bundle_stock_status":"instock","bundle_stock_quantity":10,"bundle_virtual":false,"bundle_layout":"","bundle_add_to_cart_form_location":"","bundle_editable_in_cart":false,"bundle_sold_individually_context":"","bundle_item_grouping":"","bundle_min_size":"","bundle_max_size":"","bundle_price":[],"bundled_items":[],"bundle_sell_ids":[],"acf":[],"yoast_head":"<!-- This site is optimized with the Yoast SEO plugin v27.1.1 - https:\/\/yoast.com\/product\/yoast-seo-wordpress\/ -->\n<title>Black Ace LG - ProKennex Racchette e Accessori<\/title>\n<meta name=\"robots\" content=\"index, follow, max-snippet:-1, max-image-preview:large, max-video-preview:-1\" \/>\n<link rel=\"canonical\" href=\"https:\/\/www.prokennex.eu\/es\/raquetas-outlet\/black-ace-lg\/\" \/>\n<meta property=\"og:locale\" content=\"es_ES\" \/>\n<meta property=\"og:type\" content=\"article\" \/>\n<meta property=\"og:title\" content=\"Black Ace LG - ProKennex Racchette e Accessori\" \/>\n<meta property=\"og:description\" content=\"El Black Ace LG, acr\u00f3nimo de &quot;LONG GRIP&quot;, es el resultado de la colaboraci\u00f3n entre ProKennex y Daniel De La Rosa, n\u00famero 1 del mundo en raquetbol y jugador profesional del circuito de la Asociaci\u00f3n Profesional de Pickleball y de la Liga Mayor de Pickleball.  Desarrollada en grafito de carbono con un plato m\u00e1s estrecho y largo, en comparaci\u00f3n con la Black Ace Pro, la nueva LG garantiza el m\u00e1ximo rendimiento en todo tipo de giros. El sistema Air-O-Guard ofrece una aerodin\u00e1mica y una capacidad de giro sin precedentes, para unos reflejos ultrarr\u00e1pidos y un impacto de la pelota a\u00fan m\u00e1s incisivo. El mango alargado, con el punto dulce empujado hacia arriba, est\u00e1 dise\u00f1ado para promover la m\u00e1xima potencia de salida y facilitar el rev\u00e9s a dos manos, que puede jugarse con gran facilidad en todas las situaciones de juego.  Por \u00faltimo, el exclusivo Sistema Kinetic proporciona estabilidad a la raqueta y elimina cualquier vibraci\u00f3n, para una experiencia de juego m\u00e1xima en comodidad y protecci\u00f3n del brazo.\" \/>\n<meta property=\"og:url\" content=\"https:\/\/www.prokennex.eu\/es\/raquetas-outlet\/black-ace-lg\/\" \/>\n<meta property=\"og:site_name\" content=\"ProKennex Racchette e Accessori\" \/>\n<meta property=\"og:image\" content=\"https:\/\/www.prokennex.eu\/wp-content\/uploads\/2024\/01\/black-ace-lg-01.jpg\" \/>\n\t<meta property=\"og:image:width\" content=\"2000\" \/>\n\t<meta property=\"og:image:height\" content=\"2000\" \/>\n\t<meta property=\"og:image:type\" content=\"image\/jpeg\" \/>\n<meta name=\"twitter:card\" content=\"summary_large_image\" \/>\n<script type=\"application\/ld+json\" class=\"yoast-schema-graph\">{\"@context\":\"https:\/\/schema.org\",\"@graph\":[{\"@type\":\"WebPage\",\"@id\":\"https:\/\/www.prokennex.eu\/es\/raquetas-outlet\/black-ace-lg\/\",\"url\":\"https:\/\/www.prokennex.eu\/es\/raquetas-outlet\/black-ace-lg\/\",\"name\":\"Black Ace LG - ProKennex Racchette e Accessori\",\"isPartOf\":{\"@id\":\"https:\/\/www.prokennex.eu\/es\/#website\"},\"primaryImageOfPage\":{\"@id\":\"https:\/\/www.prokennex.eu\/es\/raquetas-outlet\/black-ace-lg\/#primaryimage\"},\"image\":{\"@id\":\"https:\/\/www.prokennex.eu\/es\/raquetas-outlet\/black-ace-lg\/#primaryimage\"},\"thumbnailUrl\":\"https:\/\/www.prokennex.eu\/wp-content\/uploads\/2024\/01\/black-ace-lg-01.jpg\",\"datePublished\":\"2024-01-05T22:27:23+00:00\",\"breadcrumb\":{\"@id\":\"https:\/\/www.prokennex.eu\/es\/raquetas-outlet\/black-ace-lg\/#breadcrumb\"},\"inLanguage\":\"es\",\"potentialAction\":[{\"@type\":\"ReadAction\",\"target\":[\"https:\/\/www.prokennex.eu\/es\/raquetas-outlet\/black-ace-lg\/\"]}]},{\"@type\":\"ImageObject\",\"inLanguage\":\"es\",\"@id\":\"https:\/\/www.prokennex.eu\/es\/raquetas-outlet\/black-ace-lg\/#primaryimage\",\"url\":\"https:\/\/www.prokennex.eu\/wp-content\/uploads\/2024\/01\/black-ace-lg-01.jpg\",\"contentUrl\":\"https:\/\/www.prokennex.eu\/wp-content\/uploads\/2024\/01\/black-ace-lg-01.jpg\",\"width\":2000,\"height\":2000},{\"@type\":\"BreadcrumbList\",\"@id\":\"https:\/\/www.prokennex.eu\/es\/raquetas-outlet\/black-ace-lg\/#breadcrumb\",\"itemListElement\":[{\"@type\":\"ListItem\",\"position\":1,\"name\":\"Shop\",\"item\":\"https:\/\/www.prokennex.eu\/es\/negozio\/\"},{\"@type\":\"ListItem\",\"position\":2,\"name\":\"Outlet\",\"item\":\"https:\/\/www.prokennex.eu\/es\/outlet-es\/\"},{\"@type\":\"ListItem\",\"position\":3,\"name\":\"Raquetas\",\"item\":\"https:\/\/www.prokennex.eu\/es\/outlet-es\/raquetas-outlet\/\"},{\"@type\":\"ListItem\",\"position\":4,\"name\":\"Black Ace LG\"}]},{\"@type\":\"WebSite\",\"@id\":\"https:\/\/www.prokennex.eu\/es\/#website\",\"url\":\"https:\/\/www.prokennex.eu\/es\/\",\"name\":\"ProKennex Racchette e Accessori\",\"description\":\"Tomorrow&#039;s Technologies\",\"publisher\":{\"@id\":\"https:\/\/www.prokennex.eu\/es\/#organization\"},\"potentialAction\":[{\"@type\":\"SearchAction\",\"target\":{\"@type\":\"EntryPoint\",\"urlTemplate\":\"https:\/\/www.prokennex.eu\/es\/?s={search_term_string}\"},\"query-input\":{\"@type\":\"PropertyValueSpecification\",\"valueRequired\":true,\"valueName\":\"search_term_string\"}}],\"inLanguage\":\"es\"},{\"@type\":\"Organization\",\"@id\":\"https:\/\/www.prokennex.eu\/es\/#organization\",\"name\":\"Pro Kennex s.r.l.\",\"url\":\"https:\/\/www.prokennex.eu\/es\/\",\"logo\":{\"@type\":\"ImageObject\",\"inLanguage\":\"es\",\"@id\":\"https:\/\/www.prokennex.eu\/es\/#\/schema\/logo\/image\/\",\"url\":\"https:\/\/www.prokennex.eu\/wp-content\/uploads\/2021\/09\/prokennex-logo.svg\",\"contentUrl\":\"https:\/\/www.prokennex.eu\/wp-content\/uploads\/2021\/09\/prokennex-logo.svg\",\"width\":\"1440\",\"height\":\"1080\",\"caption\":\"Pro Kennex s.r.l.\"},\"image\":{\"@id\":\"https:\/\/www.prokennex.eu\/es\/#\/schema\/logo\/image\/\"}}]}<\/script>\n<!-- \/ Yoast SEO plugin. -->","yoast_head_json":{"title":"Black Ace LG - ProKennex Racchette e Accessori","robots":{"index":"index","follow":"follow","max-snippet":"max-snippet:-1","max-image-preview":"max-image-preview:large","max-video-preview":"max-video-preview:-1"},"canonical":"https:\/\/www.prokennex.eu\/es\/raquetas-outlet\/black-ace-lg\/","og_locale":"es_ES","og_type":"article","og_title":"Black Ace LG - ProKennex Racchette e Accessori","og_description":"El Black Ace LG, acr\u00f3nimo de \"LONG GRIP\", es el resultado de la colaboraci\u00f3n entre ProKennex y Daniel De La Rosa, n\u00famero 1 del mundo en raquetbol y jugador profesional del circuito de la Asociaci\u00f3n Profesional de Pickleball y de la Liga Mayor de Pickleball.  Desarrollada en grafito de carbono con un plato m\u00e1s estrecho y largo, en comparaci\u00f3n con la Black Ace Pro, la nueva LG garantiza el m\u00e1ximo rendimiento en todo tipo de giros. El sistema Air-O-Guard ofrece una aerodin\u00e1mica y una capacidad de giro sin precedentes, para unos reflejos ultrarr\u00e1pidos y un impacto de la pelota a\u00fan m\u00e1s incisivo. El mango alargado, con el punto dulce empujado hacia arriba, est\u00e1 dise\u00f1ado para promover la m\u00e1xima potencia de salida y facilitar el rev\u00e9s a dos manos, que puede jugarse con gran facilidad en todas las situaciones de juego.  Por \u00faltimo, el exclusivo Sistema Kinetic proporciona estabilidad a la raqueta y elimina cualquier vibraci\u00f3n, para una experiencia de juego m\u00e1xima en comodidad y protecci\u00f3n del brazo.","og_url":"https:\/\/www.prokennex.eu\/es\/raquetas-outlet\/black-ace-lg\/","og_site_name":"ProKennex Racchette e Accessori","og_image":[{"width":2000,"height":2000,"url":"https:\/\/www.prokennex.eu\/wp-content\/uploads\/2024\/01\/black-ace-lg-01.jpg","type":"image\/jpeg"}],"twitter_card":"summary_large_image","schema":{"@context":"https:\/\/schema.org","@graph":[{"@type":"WebPage","@id":"https:\/\/www.prokennex.eu\/es\/raquetas-outlet\/black-ace-lg\/","url":"https:\/\/www.prokennex.eu\/es\/raquetas-outlet\/black-ace-lg\/","name":"Black Ace LG - ProKennex Racchette e Accessori","isPartOf":{"@id":"https:\/\/www.prokennex.eu\/es\/#website"},"primaryImageOfPage":{"@id":"https:\/\/www.prokennex.eu\/es\/raquetas-outlet\/black-ace-lg\/#primaryimage"},"image":{"@id":"https:\/\/www.prokennex.eu\/es\/raquetas-outlet\/black-ace-lg\/#primaryimage"},"thumbnailUrl":"https:\/\/www.prokennex.eu\/wp-content\/uploads\/2024\/01\/black-ace-lg-01.jpg","datePublished":"2024-01-05T22:27:23+00:00","breadcrumb":{"@id":"https:\/\/www.prokennex.eu\/es\/raquetas-outlet\/black-ace-lg\/#breadcrumb"},"inLanguage":"es","potentialAction":[{"@type":"ReadAction","target":["https:\/\/www.prokennex.eu\/es\/raquetas-outlet\/black-ace-lg\/"]}]},{"@type":"ImageObject","inLanguage":"es","@id":"https:\/\/www.prokennex.eu\/es\/raquetas-outlet\/black-ace-lg\/#primaryimage","url":"https:\/\/www.prokennex.eu\/wp-content\/uploads\/2024\/01\/black-ace-lg-01.jpg","contentUrl":"https:\/\/www.prokennex.eu\/wp-content\/uploads\/2024\/01\/black-ace-lg-01.jpg","width":2000,"height":2000},{"@type":"BreadcrumbList","@id":"https:\/\/www.prokennex.eu\/es\/raquetas-outlet\/black-ace-lg\/#breadcrumb","itemListElement":[{"@type":"ListItem","position":1,"name":"Shop","item":"https:\/\/www.prokennex.eu\/es\/negozio\/"},{"@type":"ListItem","position":2,"name":"Outlet","item":"https:\/\/www.prokennex.eu\/es\/outlet-es\/"},{"@type":"ListItem","position":3,"name":"Raquetas","item":"https:\/\/www.prokennex.eu\/es\/outlet-es\/raquetas-outlet\/"},{"@type":"ListItem","position":4,"name":"Black Ace LG"}]},{"@type":"WebSite","@id":"https:\/\/www.prokennex.eu\/es\/#website","url":"https:\/\/www.prokennex.eu\/es\/","name":"ProKennex Racchette e Accessori","description":"Tomorrow&#039;s Technologies","publisher":{"@id":"https:\/\/www.prokennex.eu\/es\/#organization"},"potentialAction":[{"@type":"SearchAction","target":{"@type":"EntryPoint","urlTemplate":"https:\/\/www.prokennex.eu\/es\/?s={search_term_string}"},"query-input":{"@type":"PropertyValueSpecification","valueRequired":true,"valueName":"search_term_string"}}],"inLanguage":"es"},{"@type":"Organization","@id":"https:\/\/www.prokennex.eu\/es\/#organization","name":"Pro Kennex s.r.l.","url":"https:\/\/www.prokennex.eu\/es\/","logo":{"@type":"ImageObject","inLanguage":"es","@id":"https:\/\/www.prokennex.eu\/es\/#\/schema\/logo\/image\/","url":"https:\/\/www.prokennex.eu\/wp-content\/uploads\/2021\/09\/prokennex-logo.svg","contentUrl":"https:\/\/www.prokennex.eu\/wp-content\/uploads\/2021\/09\/prokennex-logo.svg","width":"1440","height":"1080","caption":"Pro Kennex s.r.l."},"image":{"@id":"https:\/\/www.prokennex.eu\/es\/#\/schema\/logo\/image\/"}}]}},"_links":{"self":[{"href":"https:\/\/www.prokennex.eu\/es\/wp-json\/wp\/v2\/product\/13374","targetHints":{"allow":["GET"]}}],"collection":[{"href":"https:\/\/www.prokennex.eu\/es\/wp-json\/wp\/v2\/product"}],"about":[{"href":"https:\/\/www.prokennex.eu\/es\/wp-json\/wp\/v2\/types\/product"}],"replies":[{"embeddable":true,"href":"https:\/\/www.prokennex.eu\/es\/wp-json\/wp\/v2\/comments?post=13374"}],"wp:featuredmedia":[{"embeddable":true,"href":"https:\/\/www.prokennex.eu\/es\/wp-json\/wp\/v2\/media\/13272"}],"wp:attachment":[{"href":"https:\/\/www.prokennex.eu\/es\/wp-json\/wp\/v2\/media?parent=13374"}],"wp:term":[{"taxonomy":"tecnologia","embeddable":true,"href":"https:\/\/www.prokennex.eu\/es\/wp-json\/wp\/v2\/tecnologia?post=13374"},{"taxonomy":"product_brand","embeddable":true,"href":"https:\/\/www.prokennex.eu\/es\/wp-json\/wp\/v2\/product_brand?post=13374"},{"taxonomy":"product_cat","embeddable":true,"href":"https:\/\/www.prokennex.eu\/es\/wp-json\/wp\/v2\/product_cat?post=13374"},{"taxonomy":"product_tag","embeddable":true,"href":"https:\/\/www.prokennex.eu\/es\/wp-json\/wp\/v2\/product_tag?post=13374"}],"curies":[{"name":"wp","href":"https:\/\/api.w.org\/{rel}","templated":true}]}}