{"id":12349,"date":"2023-07-25T18:48:13","date_gmt":"2023-07-14T19:41:52","guid":{"rendered":"https:\/\/www.prokennex.eu\/?post_type=product&#038;p=12349"},"modified":"2023-07-26T11:54:20","modified_gmt":"2023-07-26T09:54:20","slug":"turbo","status":"publish","type":"product","link":"https:\/\/www.prokennex.eu\/es\/raquetas-padel\/turbo\/","title":{"rendered":"Turbo"},"content":{"rendered":"","protected":false},"excerpt":{"rendered":"<p>Pala redonda presentada en dos versiones y 3 colores, con una alta jugabilidad, que permite al jugador de cualquier nivel tener un feeling inmediato. Las tres capas del Spiral Tech Carbon\u00ae garantizan estabilidad y control. El tama\u00f1o del plato particularmente generoso y el Soft EVA\u00ae 16 de \u00faltima generaci\u00f3n permiten facilidad de impacto en todas las situaciones de juego.<br \/>\nLa diferenciaci\u00f3n del di\u00e1metro de los orificios proporciona unos efectos excelentes sobre la pelota.<br \/>\nEn la versi\u00f3n <a style=\"padding: 2px 6px 4px; border: 1px solid black;\" href=\"..\/turbo-speed\/\">Speed<\/a> el peso contenido aporta una maniobrabilidad adicional a la pala.<\/p>\n<p><strong>Funda de regalo.<\/strong><\/p>\n","protected":false},"featured_media":12330,"comment_status":"open","ping_status":"closed","template":"","meta":{"_acf_changed":false},"tecnologia":[1336],"product_brand":[],"product_cat":[1597,1598],"product_tag":[],"class_list":{"0":"post-12349","1":"product","2":"type-product","3":"status-publish","4":"has-post-thumbnail","6":"tecnologia-spiral-tech-carbon-es","7":"product_cat-padel-es","8":"product_cat-raquetas-padel","10":"first","11":"instock","12":"taxable","13":"shipping-taxable","14":"purchasable","15":"product-type-variable"},"bundled_by":[],"bundle_stock_status":"instock","bundle_stock_quantity":10,"bundle_virtual":false,"bundle_layout":"","bundle_add_to_cart_form_location":"","bundle_editable_in_cart":false,"bundle_sold_individually_context":"","bundle_item_grouping":"","bundle_min_size":"","bundle_max_size":"","bundle_price":[],"bundled_items":[],"bundle_sell_ids":[],"acf":[],"yoast_head":"<!-- This site is optimized with the Yoast SEO plugin v27.1.1 - https:\/\/yoast.com\/product\/yoast-seo-wordpress\/ -->\n<title>Turbo - ProKennex Racchette e Accessori<\/title>\n<meta name=\"robots\" content=\"index, follow, max-snippet:-1, max-image-preview:large, max-video-preview:-1\" \/>\n<link rel=\"canonical\" href=\"https:\/\/www.prokennex.eu\/es\/raquetas-padel\/turbo\/\" \/>\n<meta property=\"og:locale\" content=\"es_ES\" \/>\n<meta property=\"og:type\" content=\"article\" \/>\n<meta property=\"og:title\" content=\"Turbo - ProKennex Racchette e Accessori\" \/>\n<meta property=\"og:description\" content=\"Pala redonda presentada en dos versiones y 3 colores, con una alta jugabilidad, que permite al jugador de cualquier nivel tener un feeling inmediato. Las tres capas del Spiral Tech Carbon\u00ae garantizan estabilidad y control. El tama\u00f1o del plato particularmente generoso y el Soft EVA\u00ae 16 de \u00faltima generaci\u00f3n permiten facilidad de impacto en todas las situaciones de juego. La diferenciaci\u00f3n del di\u00e1metro de los orificios proporciona unos efectos excelentes sobre la pelota. En la versi\u00f3n Speed el peso contenido aporta una maniobrabilidad adicional a la pala.  Funda de regalo.\" \/>\n<meta property=\"og:url\" content=\"https:\/\/www.prokennex.eu\/es\/raquetas-padel\/turbo\/\" \/>\n<meta property=\"og:site_name\" content=\"ProKennex Racchette e Accessori\" \/>\n<meta property=\"article:modified_time\" content=\"2023-07-26T09:54:20+00:00\" \/>\n<meta property=\"og:image\" content=\"https:\/\/www.prokennex.eu\/wp-content\/uploads\/2023\/07\/turbo-orange-01.jpg\" \/>\n\t<meta property=\"og:image:width\" content=\"2000\" \/>\n\t<meta property=\"og:image:height\" content=\"2000\" \/>\n\t<meta property=\"og:image:type\" content=\"image\/jpeg\" \/>\n<meta name=\"twitter:card\" content=\"summary_large_image\" \/>\n<script type=\"application\/ld+json\" class=\"yoast-schema-graph\">{\"@context\":\"https:\/\/schema.org\",\"@graph\":[{\"@type\":\"WebPage\",\"@id\":\"https:\/\/www.prokennex.eu\/es\/raquetas-padel\/turbo\/\",\"url\":\"https:\/\/www.prokennex.eu\/es\/raquetas-padel\/turbo\/\",\"name\":\"Turbo - ProKennex Racchette e Accessori\",\"isPartOf\":{\"@id\":\"https:\/\/www.prokennex.eu\/es\/#website\"},\"primaryImageOfPage\":{\"@id\":\"https:\/\/www.prokennex.eu\/es\/raquetas-padel\/turbo\/#primaryimage\"},\"image\":{\"@id\":\"https:\/\/www.prokennex.eu\/es\/raquetas-padel\/turbo\/#primaryimage\"},\"thumbnailUrl\":\"https:\/\/www.prokennex.eu\/wp-content\/uploads\/2023\/07\/turbo-orange-01.jpg\",\"datePublished\":\"2023-07-14T19:41:52+00:00\",\"dateModified\":\"2023-07-26T09:54:20+00:00\",\"breadcrumb\":{\"@id\":\"https:\/\/www.prokennex.eu\/es\/raquetas-padel\/turbo\/#breadcrumb\"},\"inLanguage\":\"es\",\"potentialAction\":[{\"@type\":\"ReadAction\",\"target\":[\"https:\/\/www.prokennex.eu\/es\/raquetas-padel\/turbo\/\"]}]},{\"@type\":\"ImageObject\",\"inLanguage\":\"es\",\"@id\":\"https:\/\/www.prokennex.eu\/es\/raquetas-padel\/turbo\/#primaryimage\",\"url\":\"https:\/\/www.prokennex.eu\/wp-content\/uploads\/2023\/07\/turbo-orange-01.jpg\",\"contentUrl\":\"https:\/\/www.prokennex.eu\/wp-content\/uploads\/2023\/07\/turbo-orange-01.jpg\",\"width\":2000,\"height\":2000},{\"@type\":\"BreadcrumbList\",\"@id\":\"https:\/\/www.prokennex.eu\/es\/raquetas-padel\/turbo\/#breadcrumb\",\"itemListElement\":[{\"@type\":\"ListItem\",\"position\":1,\"name\":\"Shop\",\"item\":\"https:\/\/www.prokennex.eu\/es\/negozio\/\"},{\"@type\":\"ListItem\",\"position\":2,\"name\":\"Padel\",\"item\":\"https:\/\/www.prokennex.eu\/es\/padel-es\/\"},{\"@type\":\"ListItem\",\"position\":3,\"name\":\"Raquetas\",\"item\":\"https:\/\/www.prokennex.eu\/es\/padel-es\/raquetas-padel\/\"},{\"@type\":\"ListItem\",\"position\":4,\"name\":\"Turbo\"}]},{\"@type\":\"WebSite\",\"@id\":\"https:\/\/www.prokennex.eu\/es\/#website\",\"url\":\"https:\/\/www.prokennex.eu\/es\/\",\"name\":\"ProKennex Racchette e Accessori\",\"description\":\"Tomorrow&#039;s Technologies\",\"publisher\":{\"@id\":\"https:\/\/www.prokennex.eu\/es\/#organization\"},\"potentialAction\":[{\"@type\":\"SearchAction\",\"target\":{\"@type\":\"EntryPoint\",\"urlTemplate\":\"https:\/\/www.prokennex.eu\/es\/?s={search_term_string}\"},\"query-input\":{\"@type\":\"PropertyValueSpecification\",\"valueRequired\":true,\"valueName\":\"search_term_string\"}}],\"inLanguage\":\"es\"},{\"@type\":\"Organization\",\"@id\":\"https:\/\/www.prokennex.eu\/es\/#organization\",\"name\":\"Pro Kennex s.r.l.\",\"url\":\"https:\/\/www.prokennex.eu\/es\/\",\"logo\":{\"@type\":\"ImageObject\",\"inLanguage\":\"es\",\"@id\":\"https:\/\/www.prokennex.eu\/es\/#\/schema\/logo\/image\/\",\"url\":\"https:\/\/www.prokennex.eu\/wp-content\/uploads\/2021\/09\/prokennex-logo.svg\",\"contentUrl\":\"https:\/\/www.prokennex.eu\/wp-content\/uploads\/2021\/09\/prokennex-logo.svg\",\"width\":\"1440\",\"height\":\"1080\",\"caption\":\"Pro Kennex s.r.l.\"},\"image\":{\"@id\":\"https:\/\/www.prokennex.eu\/es\/#\/schema\/logo\/image\/\"}}]}<\/script>\n<!-- \/ Yoast SEO plugin. -->","yoast_head_json":{"title":"Turbo - ProKennex Racchette e Accessori","robots":{"index":"index","follow":"follow","max-snippet":"max-snippet:-1","max-image-preview":"max-image-preview:large","max-video-preview":"max-video-preview:-1"},"canonical":"https:\/\/www.prokennex.eu\/es\/raquetas-padel\/turbo\/","og_locale":"es_ES","og_type":"article","og_title":"Turbo - ProKennex Racchette e Accessori","og_description":"Pala redonda presentada en dos versiones y 3 colores, con una alta jugabilidad, que permite al jugador de cualquier nivel tener un feeling inmediato. Las tres capas del Spiral Tech Carbon\u00ae garantizan estabilidad y control. El tama\u00f1o del plato particularmente generoso y el Soft EVA\u00ae 16 de \u00faltima generaci\u00f3n permiten facilidad de impacto en todas las situaciones de juego. La diferenciaci\u00f3n del di\u00e1metro de los orificios proporciona unos efectos excelentes sobre la pelota. En la versi\u00f3n Speed el peso contenido aporta una maniobrabilidad adicional a la pala.  Funda de regalo.","og_url":"https:\/\/www.prokennex.eu\/es\/raquetas-padel\/turbo\/","og_site_name":"ProKennex Racchette e Accessori","article_modified_time":"2023-07-26T09:54:20+00:00","og_image":[{"width":2000,"height":2000,"url":"https:\/\/www.prokennex.eu\/wp-content\/uploads\/2023\/07\/turbo-orange-01.jpg","type":"image\/jpeg"}],"twitter_card":"summary_large_image","schema":{"@context":"https:\/\/schema.org","@graph":[{"@type":"WebPage","@id":"https:\/\/www.prokennex.eu\/es\/raquetas-padel\/turbo\/","url":"https:\/\/www.prokennex.eu\/es\/raquetas-padel\/turbo\/","name":"Turbo - ProKennex Racchette e Accessori","isPartOf":{"@id":"https:\/\/www.prokennex.eu\/es\/#website"},"primaryImageOfPage":{"@id":"https:\/\/www.prokennex.eu\/es\/raquetas-padel\/turbo\/#primaryimage"},"image":{"@id":"https:\/\/www.prokennex.eu\/es\/raquetas-padel\/turbo\/#primaryimage"},"thumbnailUrl":"https:\/\/www.prokennex.eu\/wp-content\/uploads\/2023\/07\/turbo-orange-01.jpg","datePublished":"2023-07-14T19:41:52+00:00","dateModified":"2023-07-26T09:54:20+00:00","breadcrumb":{"@id":"https:\/\/www.prokennex.eu\/es\/raquetas-padel\/turbo\/#breadcrumb"},"inLanguage":"es","potentialAction":[{"@type":"ReadAction","target":["https:\/\/www.prokennex.eu\/es\/raquetas-padel\/turbo\/"]}]},{"@type":"ImageObject","inLanguage":"es","@id":"https:\/\/www.prokennex.eu\/es\/raquetas-padel\/turbo\/#primaryimage","url":"https:\/\/www.prokennex.eu\/wp-content\/uploads\/2023\/07\/turbo-orange-01.jpg","contentUrl":"https:\/\/www.prokennex.eu\/wp-content\/uploads\/2023\/07\/turbo-orange-01.jpg","width":2000,"height":2000},{"@type":"BreadcrumbList","@id":"https:\/\/www.prokennex.eu\/es\/raquetas-padel\/turbo\/#breadcrumb","itemListElement":[{"@type":"ListItem","position":1,"name":"Shop","item":"https:\/\/www.prokennex.eu\/es\/negozio\/"},{"@type":"ListItem","position":2,"name":"Padel","item":"https:\/\/www.prokennex.eu\/es\/padel-es\/"},{"@type":"ListItem","position":3,"name":"Raquetas","item":"https:\/\/www.prokennex.eu\/es\/padel-es\/raquetas-padel\/"},{"@type":"ListItem","position":4,"name":"Turbo"}]},{"@type":"WebSite","@id":"https:\/\/www.prokennex.eu\/es\/#website","url":"https:\/\/www.prokennex.eu\/es\/","name":"ProKennex Racchette e Accessori","description":"Tomorrow&#039;s Technologies","publisher":{"@id":"https:\/\/www.prokennex.eu\/es\/#organization"},"potentialAction":[{"@type":"SearchAction","target":{"@type":"EntryPoint","urlTemplate":"https:\/\/www.prokennex.eu\/es\/?s={search_term_string}"},"query-input":{"@type":"PropertyValueSpecification","valueRequired":true,"valueName":"search_term_string"}}],"inLanguage":"es"},{"@type":"Organization","@id":"https:\/\/www.prokennex.eu\/es\/#organization","name":"Pro Kennex s.r.l.","url":"https:\/\/www.prokennex.eu\/es\/","logo":{"@type":"ImageObject","inLanguage":"es","@id":"https:\/\/www.prokennex.eu\/es\/#\/schema\/logo\/image\/","url":"https:\/\/www.prokennex.eu\/wp-content\/uploads\/2021\/09\/prokennex-logo.svg","contentUrl":"https:\/\/www.prokennex.eu\/wp-content\/uploads\/2021\/09\/prokennex-logo.svg","width":"1440","height":"1080","caption":"Pro Kennex s.r.l."},"image":{"@id":"https:\/\/www.prokennex.eu\/es\/#\/schema\/logo\/image\/"}}]}},"_links":{"self":[{"href":"https:\/\/www.prokennex.eu\/es\/wp-json\/wp\/v2\/product\/12349","targetHints":{"allow":["GET"]}}],"collection":[{"href":"https:\/\/www.prokennex.eu\/es\/wp-json\/wp\/v2\/product"}],"about":[{"href":"https:\/\/www.prokennex.eu\/es\/wp-json\/wp\/v2\/types\/product"}],"replies":[{"embeddable":true,"href":"https:\/\/www.prokennex.eu\/es\/wp-json\/wp\/v2\/comments?post=12349"}],"wp:featuredmedia":[{"embeddable":true,"href":"https:\/\/www.prokennex.eu\/es\/wp-json\/wp\/v2\/media\/12330"}],"wp:attachment":[{"href":"https:\/\/www.prokennex.eu\/es\/wp-json\/wp\/v2\/media?parent=12349"}],"wp:term":[{"taxonomy":"tecnologia","embeddable":true,"href":"https:\/\/www.prokennex.eu\/es\/wp-json\/wp\/v2\/tecnologia?post=12349"},{"taxonomy":"product_brand","embeddable":true,"href":"https:\/\/www.prokennex.eu\/es\/wp-json\/wp\/v2\/product_brand?post=12349"},{"taxonomy":"product_cat","embeddable":true,"href":"https:\/\/www.prokennex.eu\/es\/wp-json\/wp\/v2\/product_cat?post=12349"},{"taxonomy":"product_tag","embeddable":true,"href":"https:\/\/www.prokennex.eu\/es\/wp-json\/wp\/v2\/product_tag?post=12349"}],"curies":[{"name":"wp","href":"https:\/\/api.w.org\/{rel}","templated":true}]}}