{"id":12238,"date":"2023-07-20T15:48:26","date_gmt":"2023-07-20T13:48:26","guid":{"rendered":"https:\/\/www.prokennex.eu\/?post_type=product&#038;p=12238"},"modified":"2023-07-18T12:04:11","modified_gmt":"2023-07-18T10:04:11","slug":"focus-pro","status":"publish","type":"product","link":"https:\/\/www.prokennex.eu\/es\/raquetas-padel\/focus-pro\/","title":{"rendered":"Focus Pro"},"content":{"rendered":"","protected":false},"excerpt":{"rendered":"<p>Pala de diamante de alto rendimiento. La potencia y la velocidad de salida de la pelota est\u00e1n garantizadas por la combinaci\u00f3n de peso elevado y equilibrio alto. Las tres capas de Grafite Spiral Tech\u00ae y el Soft EVA 16\u00b0 de \u00faltima generaci\u00f3n brindan precisi\u00f3n y control.<br \/>\nEl 3D Grain Surface\u00ae, combinado con el Geo-Dinamic Hole Design\u00ae, realza los efectos sobre la bola. El Kinetic System\u00ae, junto con el Kinetic Damping Chamber\u00ae, garantiza un confort absoluto, reduciendo dr\u00e1sticamente las vibraciones y la distorsi\u00f3n torsional del cuadro y aportando sensibilidad y control al impacto.<\/p>\n<p><strong>Funda t\u00e9rmica de regalo.<\/strong><\/p>\n","protected":false},"featured_media":12404,"comment_status":"open","ping_status":"closed","template":"","meta":{"_acf_changed":false},"tecnologia":[1329,1336],"product_brand":[],"product_cat":[1597,1598],"product_tag":[],"class_list":{"0":"post-12238","1":"product","2":"type-product","3":"status-publish","4":"has-post-thumbnail","6":"tecnologia-kinetic-system-es","7":"tecnologia-spiral-tech-carbon-es","8":"product_cat-padel-es","9":"product_cat-raquetas-padel","11":"first","12":"instock","13":"taxable","14":"shipping-taxable","15":"purchasable","16":"product-type-simple"},"bundled_by":[],"bundle_stock_status":"instock","bundle_stock_quantity":10,"bundle_virtual":false,"bundle_layout":"","bundle_add_to_cart_form_location":"","bundle_editable_in_cart":false,"bundle_sold_individually_context":"","bundle_item_grouping":"","bundle_min_size":"","bundle_max_size":"","bundle_price":[],"bundled_items":[],"bundle_sell_ids":[],"acf":[],"yoast_head":"<!-- This site is optimized with the Yoast SEO plugin v27.4 - https:\/\/yoast.com\/product\/yoast-seo-wordpress\/ -->\n<title>Focus Pro - ProKennex Racchette e Accessori<\/title>\n<meta name=\"description\" content=\"Pala de diamante de alto rendimiento. La potencia y la velocidad de salida de la pelota est\u00e1n garantizadas por la combinaci\u00f3n de peso elevado y equilibrio alto.\" \/>\n<meta name=\"robots\" content=\"index, follow, max-snippet:-1, max-image-preview:large, max-video-preview:-1\" \/>\n<link rel=\"canonical\" href=\"https:\/\/www.prokennex.eu\/es\/raquetas-padel\/focus-pro\/\" \/>\n<meta property=\"og:locale\" content=\"es_ES\" \/>\n<meta property=\"og:type\" content=\"article\" \/>\n<meta property=\"og:title\" content=\"Focus Pro - ProKennex Racchette e Accessori\" \/>\n<meta property=\"og:description\" content=\"Pala de diamante de alto rendimiento. La potencia y la velocidad de salida de la pelota est\u00e1n garantizadas por la combinaci\u00f3n de peso elevado y equilibrio alto.\" \/>\n<meta property=\"og:url\" content=\"https:\/\/www.prokennex.eu\/es\/raquetas-padel\/focus-pro\/\" \/>\n<meta property=\"og:site_name\" content=\"ProKennex Racchette e Accessori\" \/>\n<meta property=\"og:image\" content=\"https:\/\/www.prokennex.eu\/wp-content\/uploads\/2023\/07\/focus-pro-01.jpg\" \/>\n\t<meta property=\"og:image:width\" content=\"2000\" \/>\n\t<meta property=\"og:image:height\" content=\"2000\" \/>\n\t<meta property=\"og:image:type\" content=\"image\/jpeg\" \/>\n<meta name=\"twitter:card\" content=\"summary_large_image\" \/>\n<script type=\"application\/ld+json\" class=\"yoast-schema-graph\">{\"@context\":\"https:\\\/\\\/schema.org\",\"@graph\":[{\"@type\":\"WebPage\",\"@id\":\"https:\\\/\\\/www.prokennex.eu\\\/es\\\/raquetas-padel\\\/focus-pro\\\/\",\"url\":\"https:\\\/\\\/www.prokennex.eu\\\/es\\\/raquetas-padel\\\/focus-pro\\\/\",\"name\":\"Focus Pro - ProKennex Racchette e Accessori\",\"isPartOf\":{\"@id\":\"https:\\\/\\\/www.prokennex.eu\\\/es\\\/#website\"},\"primaryImageOfPage\":{\"@id\":\"https:\\\/\\\/www.prokennex.eu\\\/es\\\/raquetas-padel\\\/focus-pro\\\/#primaryimage\"},\"image\":{\"@id\":\"https:\\\/\\\/www.prokennex.eu\\\/es\\\/raquetas-padel\\\/focus-pro\\\/#primaryimage\"},\"thumbnailUrl\":\"https:\\\/\\\/www.prokennex.eu\\\/wp-content\\\/uploads\\\/2023\\\/07\\\/focus-pro-01.jpg\",\"datePublished\":\"2023-07-20T13:48:26+00:00\",\"description\":\"Pala de diamante de alto rendimiento. La potencia y la velocidad de salida de la pelota est\u00e1n garantizadas por la combinaci\u00f3n de peso elevado y equilibrio alto.\",\"breadcrumb\":{\"@id\":\"https:\\\/\\\/www.prokennex.eu\\\/es\\\/raquetas-padel\\\/focus-pro\\\/#breadcrumb\"},\"inLanguage\":\"es\",\"potentialAction\":[{\"@type\":\"ReadAction\",\"target\":[\"https:\\\/\\\/www.prokennex.eu\\\/es\\\/raquetas-padel\\\/focus-pro\\\/\"]}]},{\"@type\":\"ImageObject\",\"inLanguage\":\"es\",\"@id\":\"https:\\\/\\\/www.prokennex.eu\\\/es\\\/raquetas-padel\\\/focus-pro\\\/#primaryimage\",\"url\":\"https:\\\/\\\/www.prokennex.eu\\\/wp-content\\\/uploads\\\/2023\\\/07\\\/focus-pro-01.jpg\",\"contentUrl\":\"https:\\\/\\\/www.prokennex.eu\\\/wp-content\\\/uploads\\\/2023\\\/07\\\/focus-pro-01.jpg\",\"width\":2000,\"height\":2000},{\"@type\":\"BreadcrumbList\",\"@id\":\"https:\\\/\\\/www.prokennex.eu\\\/es\\\/raquetas-padel\\\/focus-pro\\\/#breadcrumb\",\"itemListElement\":[{\"@type\":\"ListItem\",\"position\":1,\"name\":\"Shop\",\"item\":\"https:\\\/\\\/www.prokennex.eu\\\/es\\\/negozio\\\/\"},{\"@type\":\"ListItem\",\"position\":2,\"name\":\"Padel\",\"item\":\"https:\\\/\\\/www.prokennex.eu\\\/es\\\/padel-es\\\/\"},{\"@type\":\"ListItem\",\"position\":3,\"name\":\"Raquetas\",\"item\":\"https:\\\/\\\/www.prokennex.eu\\\/es\\\/padel-es\\\/raquetas-padel\\\/\"},{\"@type\":\"ListItem\",\"position\":4,\"name\":\"Focus Pro\"}]},{\"@type\":\"WebSite\",\"@id\":\"https:\\\/\\\/www.prokennex.eu\\\/es\\\/#website\",\"url\":\"https:\\\/\\\/www.prokennex.eu\\\/es\\\/\",\"name\":\"ProKennex Racchette e Accessori\",\"description\":\"Tomorrow&#039;s Technologies\",\"publisher\":{\"@id\":\"https:\\\/\\\/www.prokennex.eu\\\/es\\\/#organization\"},\"potentialAction\":[{\"@type\":\"SearchAction\",\"target\":{\"@type\":\"EntryPoint\",\"urlTemplate\":\"https:\\\/\\\/www.prokennex.eu\\\/es\\\/?s={search_term_string}\"},\"query-input\":{\"@type\":\"PropertyValueSpecification\",\"valueRequired\":true,\"valueName\":\"search_term_string\"}}],\"inLanguage\":\"es\"},{\"@type\":\"Organization\",\"@id\":\"https:\\\/\\\/www.prokennex.eu\\\/es\\\/#organization\",\"name\":\"Pro Kennex s.r.l.\",\"url\":\"https:\\\/\\\/www.prokennex.eu\\\/es\\\/\",\"logo\":{\"@type\":\"ImageObject\",\"inLanguage\":\"es\",\"@id\":\"https:\\\/\\\/www.prokennex.eu\\\/es\\\/#\\\/schema\\\/logo\\\/image\\\/\",\"url\":\"https:\\\/\\\/www.prokennex.eu\\\/wp-content\\\/uploads\\\/2021\\\/09\\\/prokennex-logo.svg\",\"contentUrl\":\"https:\\\/\\\/www.prokennex.eu\\\/wp-content\\\/uploads\\\/2021\\\/09\\\/prokennex-logo.svg\",\"width\":\"1440\",\"height\":\"1080\",\"caption\":\"Pro Kennex s.r.l.\"},\"image\":{\"@id\":\"https:\\\/\\\/www.prokennex.eu\\\/es\\\/#\\\/schema\\\/logo\\\/image\\\/\"}}]}<\/script>\n<!-- \/ Yoast SEO plugin. -->","yoast_head_json":{"title":"Focus Pro - ProKennex Racchette e Accessori","description":"Pala de diamante de alto rendimiento. La potencia y la velocidad de salida de la pelota est\u00e1n garantizadas por la combinaci\u00f3n de peso elevado y equilibrio alto.","robots":{"index":"index","follow":"follow","max-snippet":"max-snippet:-1","max-image-preview":"max-image-preview:large","max-video-preview":"max-video-preview:-1"},"canonical":"https:\/\/www.prokennex.eu\/es\/raquetas-padel\/focus-pro\/","og_locale":"es_ES","og_type":"article","og_title":"Focus Pro - ProKennex Racchette e Accessori","og_description":"Pala de diamante de alto rendimiento. La potencia y la velocidad de salida de la pelota est\u00e1n garantizadas por la combinaci\u00f3n de peso elevado y equilibrio alto.","og_url":"https:\/\/www.prokennex.eu\/es\/raquetas-padel\/focus-pro\/","og_site_name":"ProKennex Racchette e Accessori","og_image":[{"width":2000,"height":2000,"url":"https:\/\/www.prokennex.eu\/wp-content\/uploads\/2023\/07\/focus-pro-01.jpg","type":"image\/jpeg"}],"twitter_card":"summary_large_image","schema":{"@context":"https:\/\/schema.org","@graph":[{"@type":"WebPage","@id":"https:\/\/www.prokennex.eu\/es\/raquetas-padel\/focus-pro\/","url":"https:\/\/www.prokennex.eu\/es\/raquetas-padel\/focus-pro\/","name":"Focus Pro - ProKennex Racchette e Accessori","isPartOf":{"@id":"https:\/\/www.prokennex.eu\/es\/#website"},"primaryImageOfPage":{"@id":"https:\/\/www.prokennex.eu\/es\/raquetas-padel\/focus-pro\/#primaryimage"},"image":{"@id":"https:\/\/www.prokennex.eu\/es\/raquetas-padel\/focus-pro\/#primaryimage"},"thumbnailUrl":"https:\/\/www.prokennex.eu\/wp-content\/uploads\/2023\/07\/focus-pro-01.jpg","datePublished":"2023-07-20T13:48:26+00:00","description":"Pala de diamante de alto rendimiento. La potencia y la velocidad de salida de la pelota est\u00e1n garantizadas por la combinaci\u00f3n de peso elevado y equilibrio alto.","breadcrumb":{"@id":"https:\/\/www.prokennex.eu\/es\/raquetas-padel\/focus-pro\/#breadcrumb"},"inLanguage":"es","potentialAction":[{"@type":"ReadAction","target":["https:\/\/www.prokennex.eu\/es\/raquetas-padel\/focus-pro\/"]}]},{"@type":"ImageObject","inLanguage":"es","@id":"https:\/\/www.prokennex.eu\/es\/raquetas-padel\/focus-pro\/#primaryimage","url":"https:\/\/www.prokennex.eu\/wp-content\/uploads\/2023\/07\/focus-pro-01.jpg","contentUrl":"https:\/\/www.prokennex.eu\/wp-content\/uploads\/2023\/07\/focus-pro-01.jpg","width":2000,"height":2000},{"@type":"BreadcrumbList","@id":"https:\/\/www.prokennex.eu\/es\/raquetas-padel\/focus-pro\/#breadcrumb","itemListElement":[{"@type":"ListItem","position":1,"name":"Shop","item":"https:\/\/www.prokennex.eu\/es\/negozio\/"},{"@type":"ListItem","position":2,"name":"Padel","item":"https:\/\/www.prokennex.eu\/es\/padel-es\/"},{"@type":"ListItem","position":3,"name":"Raquetas","item":"https:\/\/www.prokennex.eu\/es\/padel-es\/raquetas-padel\/"},{"@type":"ListItem","position":4,"name":"Focus Pro"}]},{"@type":"WebSite","@id":"https:\/\/www.prokennex.eu\/es\/#website","url":"https:\/\/www.prokennex.eu\/es\/","name":"ProKennex Racchette e Accessori","description":"Tomorrow&#039;s Technologies","publisher":{"@id":"https:\/\/www.prokennex.eu\/es\/#organization"},"potentialAction":[{"@type":"SearchAction","target":{"@type":"EntryPoint","urlTemplate":"https:\/\/www.prokennex.eu\/es\/?s={search_term_string}"},"query-input":{"@type":"PropertyValueSpecification","valueRequired":true,"valueName":"search_term_string"}}],"inLanguage":"es"},{"@type":"Organization","@id":"https:\/\/www.prokennex.eu\/es\/#organization","name":"Pro Kennex s.r.l.","url":"https:\/\/www.prokennex.eu\/es\/","logo":{"@type":"ImageObject","inLanguage":"es","@id":"https:\/\/www.prokennex.eu\/es\/#\/schema\/logo\/image\/","url":"https:\/\/www.prokennex.eu\/wp-content\/uploads\/2021\/09\/prokennex-logo.svg","contentUrl":"https:\/\/www.prokennex.eu\/wp-content\/uploads\/2021\/09\/prokennex-logo.svg","width":"1440","height":"1080","caption":"Pro Kennex s.r.l."},"image":{"@id":"https:\/\/www.prokennex.eu\/es\/#\/schema\/logo\/image\/"}}]}},"_links":{"self":[{"href":"https:\/\/www.prokennex.eu\/es\/wp-json\/wp\/v2\/product\/12238","targetHints":{"allow":["GET"]}}],"collection":[{"href":"https:\/\/www.prokennex.eu\/es\/wp-json\/wp\/v2\/product"}],"about":[{"href":"https:\/\/www.prokennex.eu\/es\/wp-json\/wp\/v2\/types\/product"}],"replies":[{"embeddable":true,"href":"https:\/\/www.prokennex.eu\/es\/wp-json\/wp\/v2\/comments?post=12238"}],"wp:featuredmedia":[{"embeddable":true,"href":"https:\/\/www.prokennex.eu\/es\/wp-json\/wp\/v2\/media\/12404"}],"wp:attachment":[{"href":"https:\/\/www.prokennex.eu\/es\/wp-json\/wp\/v2\/media?parent=12238"}],"wp:term":[{"taxonomy":"tecnologia","embeddable":true,"href":"https:\/\/www.prokennex.eu\/es\/wp-json\/wp\/v2\/tecnologia?post=12238"},{"taxonomy":"product_brand","embeddable":true,"href":"https:\/\/www.prokennex.eu\/es\/wp-json\/wp\/v2\/product_brand?post=12238"},{"taxonomy":"product_cat","embeddable":true,"href":"https:\/\/www.prokennex.eu\/es\/wp-json\/wp\/v2\/product_cat?post=12238"},{"taxonomy":"product_tag","embeddable":true,"href":"https:\/\/www.prokennex.eu\/es\/wp-json\/wp\/v2\/product_tag?post=12238"}],"curies":[{"name":"wp","href":"https:\/\/api.w.org\/{rel}","templated":true}]}}