{"id":11865,"date":"2022-12-19T12:34:53","date_gmt":"2022-12-19T11:34:53","guid":{"rendered":"https:\/\/www.prokennex.eu\/sin%20categor\u00eda\/black-ace-xf\/"},"modified":"2023-03-30T01:25:33","modified_gmt":"2023-03-29T23:25:33","slug":"black-ace-xf","status":"publish","type":"product","link":"https:\/\/www.prokennex.eu\/es\/raquetas-pickleball\/black-ace-xf\/","title":{"rendered":"Black Ace XF"},"content":{"rendered":"","protected":false},"excerpt":{"rendered":"<p>La Black Ace XF es una paleta de carbono de una sola pieza con cara TORAY. Gracias al alargamiento de su estructura, la Black Ace XF proporciona la m\u00e1xima potencia en cada golpe y facilidad en las recuperaciones tanto desde el fondo de pista como en la red, lo que la convierte en la paleta ideal en partidos de individuales. La potencia es el resultado del swing perfecto de la estructura desarrollada en un dise\u00f1o sin bordes.<\/p>\n<p>La Black Ace XF incorpora nuestra tecnolog\u00eda Kinetic para una total absorci\u00f3n de impactos y vibraciones. El sistema Kinetic, a\u00f1adido tambi\u00e9n en el mango de la raqueta, ayuda a aumentar la potencia y proporciona una experiencia de juego \u00fanica.<\/p>\n<p><strong>Funda de paleta de regalo.<\/strong><\/p>\n","protected":false},"featured_media":11861,"comment_status":"open","ping_status":"closed","template":"","meta":{"_acf_changed":false},"tecnologia":[1329],"product_brand":[],"product_cat":[1603,1604],"product_tag":[],"class_list":{"0":"post-11865","1":"product","2":"type-product","3":"status-publish","4":"has-post-thumbnail","6":"tecnologia-kinetic-system-es","7":"product_cat-pickleball-es","8":"product_cat-raquetas-pickleball","10":"first","11":"outofstock","12":"taxable","13":"shipping-taxable","14":"purchasable","15":"product-type-simple"},"bundled_by":[],"bundle_stock_status":"outofstock","bundle_stock_quantity":0,"bundle_virtual":false,"bundle_layout":"","bundle_add_to_cart_form_location":"","bundle_editable_in_cart":false,"bundle_sold_individually_context":"","bundle_item_grouping":"","bundle_min_size":"","bundle_max_size":"","bundle_price":[],"bundled_items":[],"bundle_sell_ids":[],"acf":[],"yoast_head":"<!-- This site is optimized with the Yoast SEO plugin v27.4 - https:\/\/yoast.com\/product\/yoast-seo-wordpress\/ -->\n<title>Black Ace XF - ProKennex Racchette e Accessori<\/title>\n<meta name=\"robots\" content=\"index, follow, max-snippet:-1, max-image-preview:large, max-video-preview:-1\" \/>\n<link rel=\"canonical\" href=\"https:\/\/www.prokennex.eu\/es\/raquetas-pickleball\/black-ace-xf\/\" \/>\n<meta property=\"og:locale\" content=\"es_ES\" \/>\n<meta property=\"og:type\" content=\"article\" \/>\n<meta property=\"og:title\" content=\"Black Ace XF - ProKennex Racchette e Accessori\" \/>\n<meta property=\"og:description\" content=\"La Black Ace XF es una paleta de carbono de una sola pieza con cara TORAY. Gracias al alargamiento de su estructura, la Black Ace XF proporciona la m\u00e1xima potencia en cada golpe y facilidad en las recuperaciones tanto desde el fondo de pista como en la red, lo que la convierte en la paleta ideal en partidos de individuales. La potencia es el resultado del swing perfecto de la estructura desarrollada en un dise\u00f1o sin bordes.  La Black Ace XF incorpora nuestra tecnolog\u00eda Kinetic para una total absorci\u00f3n de impactos y vibraciones. El sistema Kinetic, a\u00f1adido tambi\u00e9n en el mango de la raqueta, ayuda a aumentar la potencia y proporciona una experiencia de juego \u00fanica.  Funda de paleta de regalo.\" \/>\n<meta property=\"og:url\" content=\"https:\/\/www.prokennex.eu\/es\/raquetas-pickleball\/black-ace-xf\/\" \/>\n<meta property=\"og:site_name\" content=\"ProKennex Racchette e Accessori\" \/>\n<meta property=\"article:modified_time\" content=\"2023-03-29T23:25:33+00:00\" \/>\n<meta property=\"og:image\" content=\"https:\/\/www.prokennex.eu\/wp-content\/uploads\/2022\/12\/prokennex-black-ace-XF-free.jpg\" \/>\n\t<meta property=\"og:image:width\" content=\"2000\" \/>\n\t<meta property=\"og:image:height\" content=\"2000\" \/>\n\t<meta property=\"og:image:type\" content=\"image\/jpeg\" \/>\n<meta name=\"twitter:card\" content=\"summary_large_image\" \/>\n<script type=\"application\/ld+json\" class=\"yoast-schema-graph\">{\"@context\":\"https:\\\/\\\/schema.org\",\"@graph\":[{\"@type\":\"WebPage\",\"@id\":\"https:\\\/\\\/www.prokennex.eu\\\/es\\\/raquetas-pickleball\\\/black-ace-xf\\\/\",\"url\":\"https:\\\/\\\/www.prokennex.eu\\\/es\\\/raquetas-pickleball\\\/black-ace-xf\\\/\",\"name\":\"Black Ace XF - ProKennex Racchette e Accessori\",\"isPartOf\":{\"@id\":\"https:\\\/\\\/www.prokennex.eu\\\/es\\\/#website\"},\"primaryImageOfPage\":{\"@id\":\"https:\\\/\\\/www.prokennex.eu\\\/es\\\/raquetas-pickleball\\\/black-ace-xf\\\/#primaryimage\"},\"image\":{\"@id\":\"https:\\\/\\\/www.prokennex.eu\\\/es\\\/raquetas-pickleball\\\/black-ace-xf\\\/#primaryimage\"},\"thumbnailUrl\":\"https:\\\/\\\/www.prokennex.eu\\\/wp-content\\\/uploads\\\/2022\\\/12\\\/prokennex-black-ace-XF-free.jpg\",\"datePublished\":\"2022-12-19T11:34:53+00:00\",\"dateModified\":\"2023-03-29T23:25:33+00:00\",\"breadcrumb\":{\"@id\":\"https:\\\/\\\/www.prokennex.eu\\\/es\\\/raquetas-pickleball\\\/black-ace-xf\\\/#breadcrumb\"},\"inLanguage\":\"es\",\"potentialAction\":[{\"@type\":\"ReadAction\",\"target\":[\"https:\\\/\\\/www.prokennex.eu\\\/es\\\/raquetas-pickleball\\\/black-ace-xf\\\/\"]}]},{\"@type\":\"ImageObject\",\"inLanguage\":\"es\",\"@id\":\"https:\\\/\\\/www.prokennex.eu\\\/es\\\/raquetas-pickleball\\\/black-ace-xf\\\/#primaryimage\",\"url\":\"https:\\\/\\\/www.prokennex.eu\\\/wp-content\\\/uploads\\\/2022\\\/12\\\/prokennex-black-ace-XF-free.jpg\",\"contentUrl\":\"https:\\\/\\\/www.prokennex.eu\\\/wp-content\\\/uploads\\\/2022\\\/12\\\/prokennex-black-ace-XF-free.jpg\",\"width\":2000,\"height\":2000},{\"@type\":\"BreadcrumbList\",\"@id\":\"https:\\\/\\\/www.prokennex.eu\\\/es\\\/raquetas-pickleball\\\/black-ace-xf\\\/#breadcrumb\",\"itemListElement\":[{\"@type\":\"ListItem\",\"position\":1,\"name\":\"Shop\",\"item\":\"https:\\\/\\\/www.prokennex.eu\\\/es\\\/negozio\\\/\"},{\"@type\":\"ListItem\",\"position\":2,\"name\":\"Pickleball\",\"item\":\"https:\\\/\\\/www.prokennex.eu\\\/es\\\/pickleball-es\\\/\"},{\"@type\":\"ListItem\",\"position\":3,\"name\":\"Raquetas\",\"item\":\"https:\\\/\\\/www.prokennex.eu\\\/es\\\/pickleball-es\\\/raquetas-pickleball\\\/\"},{\"@type\":\"ListItem\",\"position\":4,\"name\":\"Black Ace XF\"}]},{\"@type\":\"WebSite\",\"@id\":\"https:\\\/\\\/www.prokennex.eu\\\/es\\\/#website\",\"url\":\"https:\\\/\\\/www.prokennex.eu\\\/es\\\/\",\"name\":\"ProKennex Racchette e Accessori\",\"description\":\"Tomorrow&#039;s Technologies\",\"publisher\":{\"@id\":\"https:\\\/\\\/www.prokennex.eu\\\/es\\\/#organization\"},\"potentialAction\":[{\"@type\":\"SearchAction\",\"target\":{\"@type\":\"EntryPoint\",\"urlTemplate\":\"https:\\\/\\\/www.prokennex.eu\\\/es\\\/?s={search_term_string}\"},\"query-input\":{\"@type\":\"PropertyValueSpecification\",\"valueRequired\":true,\"valueName\":\"search_term_string\"}}],\"inLanguage\":\"es\"},{\"@type\":\"Organization\",\"@id\":\"https:\\\/\\\/www.prokennex.eu\\\/es\\\/#organization\",\"name\":\"Pro Kennex s.r.l.\",\"url\":\"https:\\\/\\\/www.prokennex.eu\\\/es\\\/\",\"logo\":{\"@type\":\"ImageObject\",\"inLanguage\":\"es\",\"@id\":\"https:\\\/\\\/www.prokennex.eu\\\/es\\\/#\\\/schema\\\/logo\\\/image\\\/\",\"url\":\"https:\\\/\\\/www.prokennex.eu\\\/wp-content\\\/uploads\\\/2021\\\/09\\\/prokennex-logo.svg\",\"contentUrl\":\"https:\\\/\\\/www.prokennex.eu\\\/wp-content\\\/uploads\\\/2021\\\/09\\\/prokennex-logo.svg\",\"width\":\"1440\",\"height\":\"1080\",\"caption\":\"Pro Kennex s.r.l.\"},\"image\":{\"@id\":\"https:\\\/\\\/www.prokennex.eu\\\/es\\\/#\\\/schema\\\/logo\\\/image\\\/\"}}]}<\/script>\n<!-- \/ Yoast SEO plugin. -->","yoast_head_json":{"title":"Black Ace XF - ProKennex Racchette e Accessori","robots":{"index":"index","follow":"follow","max-snippet":"max-snippet:-1","max-image-preview":"max-image-preview:large","max-video-preview":"max-video-preview:-1"},"canonical":"https:\/\/www.prokennex.eu\/es\/raquetas-pickleball\/black-ace-xf\/","og_locale":"es_ES","og_type":"article","og_title":"Black Ace XF - ProKennex Racchette e Accessori","og_description":"La Black Ace XF es una paleta de carbono de una sola pieza con cara TORAY. Gracias al alargamiento de su estructura, la Black Ace XF proporciona la m\u00e1xima potencia en cada golpe y facilidad en las recuperaciones tanto desde el fondo de pista como en la red, lo que la convierte en la paleta ideal en partidos de individuales. La potencia es el resultado del swing perfecto de la estructura desarrollada en un dise\u00f1o sin bordes.  La Black Ace XF incorpora nuestra tecnolog\u00eda Kinetic para una total absorci\u00f3n de impactos y vibraciones. El sistema Kinetic, a\u00f1adido tambi\u00e9n en el mango de la raqueta, ayuda a aumentar la potencia y proporciona una experiencia de juego \u00fanica.  Funda de paleta de regalo.","og_url":"https:\/\/www.prokennex.eu\/es\/raquetas-pickleball\/black-ace-xf\/","og_site_name":"ProKennex Racchette e Accessori","article_modified_time":"2023-03-29T23:25:33+00:00","og_image":[{"width":2000,"height":2000,"url":"https:\/\/www.prokennex.eu\/wp-content\/uploads\/2022\/12\/prokennex-black-ace-XF-free.jpg","type":"image\/jpeg"}],"twitter_card":"summary_large_image","schema":{"@context":"https:\/\/schema.org","@graph":[{"@type":"WebPage","@id":"https:\/\/www.prokennex.eu\/es\/raquetas-pickleball\/black-ace-xf\/","url":"https:\/\/www.prokennex.eu\/es\/raquetas-pickleball\/black-ace-xf\/","name":"Black Ace XF - ProKennex Racchette e Accessori","isPartOf":{"@id":"https:\/\/www.prokennex.eu\/es\/#website"},"primaryImageOfPage":{"@id":"https:\/\/www.prokennex.eu\/es\/raquetas-pickleball\/black-ace-xf\/#primaryimage"},"image":{"@id":"https:\/\/www.prokennex.eu\/es\/raquetas-pickleball\/black-ace-xf\/#primaryimage"},"thumbnailUrl":"https:\/\/www.prokennex.eu\/wp-content\/uploads\/2022\/12\/prokennex-black-ace-XF-free.jpg","datePublished":"2022-12-19T11:34:53+00:00","dateModified":"2023-03-29T23:25:33+00:00","breadcrumb":{"@id":"https:\/\/www.prokennex.eu\/es\/raquetas-pickleball\/black-ace-xf\/#breadcrumb"},"inLanguage":"es","potentialAction":[{"@type":"ReadAction","target":["https:\/\/www.prokennex.eu\/es\/raquetas-pickleball\/black-ace-xf\/"]}]},{"@type":"ImageObject","inLanguage":"es","@id":"https:\/\/www.prokennex.eu\/es\/raquetas-pickleball\/black-ace-xf\/#primaryimage","url":"https:\/\/www.prokennex.eu\/wp-content\/uploads\/2022\/12\/prokennex-black-ace-XF-free.jpg","contentUrl":"https:\/\/www.prokennex.eu\/wp-content\/uploads\/2022\/12\/prokennex-black-ace-XF-free.jpg","width":2000,"height":2000},{"@type":"BreadcrumbList","@id":"https:\/\/www.prokennex.eu\/es\/raquetas-pickleball\/black-ace-xf\/#breadcrumb","itemListElement":[{"@type":"ListItem","position":1,"name":"Shop","item":"https:\/\/www.prokennex.eu\/es\/negozio\/"},{"@type":"ListItem","position":2,"name":"Pickleball","item":"https:\/\/www.prokennex.eu\/es\/pickleball-es\/"},{"@type":"ListItem","position":3,"name":"Raquetas","item":"https:\/\/www.prokennex.eu\/es\/pickleball-es\/raquetas-pickleball\/"},{"@type":"ListItem","position":4,"name":"Black Ace XF"}]},{"@type":"WebSite","@id":"https:\/\/www.prokennex.eu\/es\/#website","url":"https:\/\/www.prokennex.eu\/es\/","name":"ProKennex Racchette e Accessori","description":"Tomorrow&#039;s Technologies","publisher":{"@id":"https:\/\/www.prokennex.eu\/es\/#organization"},"potentialAction":[{"@type":"SearchAction","target":{"@type":"EntryPoint","urlTemplate":"https:\/\/www.prokennex.eu\/es\/?s={search_term_string}"},"query-input":{"@type":"PropertyValueSpecification","valueRequired":true,"valueName":"search_term_string"}}],"inLanguage":"es"},{"@type":"Organization","@id":"https:\/\/www.prokennex.eu\/es\/#organization","name":"Pro Kennex s.r.l.","url":"https:\/\/www.prokennex.eu\/es\/","logo":{"@type":"ImageObject","inLanguage":"es","@id":"https:\/\/www.prokennex.eu\/es\/#\/schema\/logo\/image\/","url":"https:\/\/www.prokennex.eu\/wp-content\/uploads\/2021\/09\/prokennex-logo.svg","contentUrl":"https:\/\/www.prokennex.eu\/wp-content\/uploads\/2021\/09\/prokennex-logo.svg","width":"1440","height":"1080","caption":"Pro Kennex s.r.l."},"image":{"@id":"https:\/\/www.prokennex.eu\/es\/#\/schema\/logo\/image\/"}}]}},"_links":{"self":[{"href":"https:\/\/www.prokennex.eu\/es\/wp-json\/wp\/v2\/product\/11865","targetHints":{"allow":["GET"]}}],"collection":[{"href":"https:\/\/www.prokennex.eu\/es\/wp-json\/wp\/v2\/product"}],"about":[{"href":"https:\/\/www.prokennex.eu\/es\/wp-json\/wp\/v2\/types\/product"}],"replies":[{"embeddable":true,"href":"https:\/\/www.prokennex.eu\/es\/wp-json\/wp\/v2\/comments?post=11865"}],"wp:featuredmedia":[{"embeddable":true,"href":"https:\/\/www.prokennex.eu\/es\/wp-json\/wp\/v2\/media\/11861"}],"wp:attachment":[{"href":"https:\/\/www.prokennex.eu\/es\/wp-json\/wp\/v2\/media?parent=11865"}],"wp:term":[{"taxonomy":"tecnologia","embeddable":true,"href":"https:\/\/www.prokennex.eu\/es\/wp-json\/wp\/v2\/tecnologia?post=11865"},{"taxonomy":"product_brand","embeddable":true,"href":"https:\/\/www.prokennex.eu\/es\/wp-json\/wp\/v2\/product_brand?post=11865"},{"taxonomy":"product_cat","embeddable":true,"href":"https:\/\/www.prokennex.eu\/es\/wp-json\/wp\/v2\/product_cat?post=11865"},{"taxonomy":"product_tag","embeddable":true,"href":"https:\/\/www.prokennex.eu\/es\/wp-json\/wp\/v2\/product_tag?post=11865"}],"curies":[{"name":"wp","href":"https:\/\/api.w.org\/{rel}","templated":true}]}}