{"id":11762,"date":"2022-12-12T19:48:01","date_gmt":"2022-12-12T18:48:01","guid":{"rendered":"https:\/\/www.prokennex.eu\/sin%20categor\u00eda\/black-ace-ovation\/"},"modified":"2023-03-30T01:29:59","modified_gmt":"2023-03-29T23:29:59","slug":"black-ace-ovation","status":"publish","type":"product","link":"https:\/\/www.prokennex.eu\/es\/raquetas-outlet\/black-ace-ovation\/","title":{"rendered":"Black Ace Ovation"},"content":{"rendered":"","protected":false},"excerpt":{"rendered":"<p>La Black Ace Ovation presenta una actualizaci\u00f3n de la ic\u00f3nica paleta ProKennex de forma ovalada que est\u00e1 aerodin\u00e1micamente dise\u00f1ada para la velocidad del aire. La Black Ace Ovation es la primera paleta de carbono TORAY de una sola pieza, lo que la hace extremadamente r\u00e1pida y sensible en la mano, mejorando los reflejos en los intercambios r\u00e1pidos mientras produce m\u00e1s potencia en comparaci\u00f3n con otras paletas de carbono debido a la velocidad de swing mejorada de su dise\u00f1o sin bordes.<\/p>\n<p>La Black Ace Ovation est\u00e1 equipada con tecnolog\u00eda kinetic, nuestro sistema patentado de absorci\u00f3n de golpes y vibraciones. Un sistema kinetic adicional se agrega al mango de la paleta y act\u00faa como un sistema de filtraci\u00f3n de \u00faltimo paso debido a la potencia mejorada de la Black Ace.<\/p>\n<p><strong>Funda de paleta de regalo.<\/strong><\/p>\n","protected":false},"featured_media":11851,"comment_status":"open","ping_status":"closed","template":"","meta":{"_acf_changed":false},"tecnologia":[1329],"product_brand":[],"product_cat":[1594,1596],"product_tag":[2057],"class_list":{"0":"post-11762","1":"product","2":"type-product","3":"status-publish","4":"has-post-thumbnail","6":"tecnologia-kinetic-system-es","7":"product_cat-outlet-es","8":"product_cat-raquetas-outlet","9":"product_tag-ace-station-es","11":"first","12":"instock","13":"sale","14":"taxable","15":"shipping-taxable","16":"purchasable","17":"product-type-simple"},"bundled_by":[],"bundle_stock_status":"instock","bundle_stock_quantity":10,"bundle_virtual":false,"bundle_layout":"","bundle_add_to_cart_form_location":"","bundle_editable_in_cart":false,"bundle_sold_individually_context":"","bundle_item_grouping":"","bundle_min_size":"","bundle_max_size":"","bundle_price":[],"bundled_items":[],"bundle_sell_ids":[],"acf":[],"yoast_head":"<!-- This site is optimized with the Yoast SEO plugin v27.1.1 - https:\/\/yoast.com\/product\/yoast-seo-wordpress\/ -->\n<title>Black Ace Ovation - ProKennex Racchette e Accessori<\/title>\n<meta name=\"robots\" content=\"index, follow, max-snippet:-1, max-image-preview:large, max-video-preview:-1\" \/>\n<link rel=\"canonical\" href=\"https:\/\/www.prokennex.eu\/es\/raquetas-outlet\/black-ace-ovation\/\" \/>\n<meta property=\"og:locale\" content=\"es_ES\" \/>\n<meta property=\"og:type\" content=\"article\" \/>\n<meta property=\"og:title\" content=\"Black Ace Ovation - ProKennex Racchette e Accessori\" \/>\n<meta property=\"og:description\" content=\"La Black Ace Ovation presenta una actualizaci\u00f3n de la ic\u00f3nica paleta ProKennex de forma ovalada que est\u00e1 aerodin\u00e1micamente dise\u00f1ada para la velocidad del aire. La Black Ace Ovation es la primera paleta de carbono TORAY de una sola pieza, lo que la hace extremadamente r\u00e1pida y sensible en la mano, mejorando los reflejos en los intercambios r\u00e1pidos mientras produce m\u00e1s potencia en comparaci\u00f3n con otras paletas de carbono debido a la velocidad de swing mejorada de su dise\u00f1o sin bordes.  La Black Ace Ovation est\u00e1 equipada con tecnolog\u00eda kinetic, nuestro sistema patentado de absorci\u00f3n de golpes y vibraciones. Un sistema kinetic adicional se agrega al mango de la paleta y act\u00faa como un sistema de filtraci\u00f3n de \u00faltimo paso debido a la potencia mejorada de la Black Ace.  Funda de paleta de regalo.\" \/>\n<meta property=\"og:url\" content=\"https:\/\/www.prokennex.eu\/es\/raquetas-outlet\/black-ace-ovation\/\" \/>\n<meta property=\"og:site_name\" content=\"ProKennex Racchette e Accessori\" \/>\n<meta property=\"article:modified_time\" content=\"2023-03-29T23:29:59+00:00\" \/>\n<meta property=\"og:image\" content=\"https:\/\/www.prokennex.eu\/wp-content\/uploads\/2022\/12\/prokennex-black-ace-ovation-free.jpg\" \/>\n\t<meta property=\"og:image:width\" content=\"2000\" \/>\n\t<meta property=\"og:image:height\" content=\"2000\" \/>\n\t<meta property=\"og:image:type\" content=\"image\/jpeg\" \/>\n<meta name=\"twitter:card\" content=\"summary_large_image\" \/>\n<script type=\"application\/ld+json\" class=\"yoast-schema-graph\">{\"@context\":\"https:\/\/schema.org\",\"@graph\":[{\"@type\":\"WebPage\",\"@id\":\"https:\/\/www.prokennex.eu\/es\/raquetas-outlet\/black-ace-ovation\/\",\"url\":\"https:\/\/www.prokennex.eu\/es\/raquetas-outlet\/black-ace-ovation\/\",\"name\":\"Black Ace Ovation - ProKennex Racchette e Accessori\",\"isPartOf\":{\"@id\":\"https:\/\/www.prokennex.eu\/es\/#website\"},\"primaryImageOfPage\":{\"@id\":\"https:\/\/www.prokennex.eu\/es\/raquetas-outlet\/black-ace-ovation\/#primaryimage\"},\"image\":{\"@id\":\"https:\/\/www.prokennex.eu\/es\/raquetas-outlet\/black-ace-ovation\/#primaryimage\"},\"thumbnailUrl\":\"https:\/\/www.prokennex.eu\/wp-content\/uploads\/2022\/12\/prokennex-black-ace-ovation-free.jpg\",\"datePublished\":\"2022-12-12T18:48:01+00:00\",\"dateModified\":\"2023-03-29T23:29:59+00:00\",\"breadcrumb\":{\"@id\":\"https:\/\/www.prokennex.eu\/es\/raquetas-outlet\/black-ace-ovation\/#breadcrumb\"},\"inLanguage\":\"es\",\"potentialAction\":[{\"@type\":\"ReadAction\",\"target\":[\"https:\/\/www.prokennex.eu\/es\/raquetas-outlet\/black-ace-ovation\/\"]}]},{\"@type\":\"ImageObject\",\"inLanguage\":\"es\",\"@id\":\"https:\/\/www.prokennex.eu\/es\/raquetas-outlet\/black-ace-ovation\/#primaryimage\",\"url\":\"https:\/\/www.prokennex.eu\/wp-content\/uploads\/2022\/12\/prokennex-black-ace-ovation-free.jpg\",\"contentUrl\":\"https:\/\/www.prokennex.eu\/wp-content\/uploads\/2022\/12\/prokennex-black-ace-ovation-free.jpg\",\"width\":2000,\"height\":2000},{\"@type\":\"BreadcrumbList\",\"@id\":\"https:\/\/www.prokennex.eu\/es\/raquetas-outlet\/black-ace-ovation\/#breadcrumb\",\"itemListElement\":[{\"@type\":\"ListItem\",\"position\":1,\"name\":\"Shop\",\"item\":\"https:\/\/www.prokennex.eu\/es\/negozio\/\"},{\"@type\":\"ListItem\",\"position\":2,\"name\":\"Pickleball\",\"item\":\"https:\/\/www.prokennex.eu\/es\/pickleball-es\/\"},{\"@type\":\"ListItem\",\"position\":3,\"name\":\"Raquetas\",\"item\":\"https:\/\/www.prokennex.eu\/es\/pickleball-es\/raquetas-pickleball\/\"},{\"@type\":\"ListItem\",\"position\":4,\"name\":\"Black Ace Ovation\"}]},{\"@type\":\"WebSite\",\"@id\":\"https:\/\/www.prokennex.eu\/es\/#website\",\"url\":\"https:\/\/www.prokennex.eu\/es\/\",\"name\":\"ProKennex Racchette e Accessori\",\"description\":\"Tomorrow&#039;s Technologies\",\"publisher\":{\"@id\":\"https:\/\/www.prokennex.eu\/es\/#organization\"},\"potentialAction\":[{\"@type\":\"SearchAction\",\"target\":{\"@type\":\"EntryPoint\",\"urlTemplate\":\"https:\/\/www.prokennex.eu\/es\/?s={search_term_string}\"},\"query-input\":{\"@type\":\"PropertyValueSpecification\",\"valueRequired\":true,\"valueName\":\"search_term_string\"}}],\"inLanguage\":\"es\"},{\"@type\":\"Organization\",\"@id\":\"https:\/\/www.prokennex.eu\/es\/#organization\",\"name\":\"Pro Kennex s.r.l.\",\"url\":\"https:\/\/www.prokennex.eu\/es\/\",\"logo\":{\"@type\":\"ImageObject\",\"inLanguage\":\"es\",\"@id\":\"https:\/\/www.prokennex.eu\/es\/#\/schema\/logo\/image\/\",\"url\":\"https:\/\/www.prokennex.eu\/wp-content\/uploads\/2021\/09\/prokennex-logo.svg\",\"contentUrl\":\"https:\/\/www.prokennex.eu\/wp-content\/uploads\/2021\/09\/prokennex-logo.svg\",\"width\":\"1440\",\"height\":\"1080\",\"caption\":\"Pro Kennex s.r.l.\"},\"image\":{\"@id\":\"https:\/\/www.prokennex.eu\/es\/#\/schema\/logo\/image\/\"}}]}<\/script>\n<!-- \/ Yoast SEO plugin. -->","yoast_head_json":{"title":"Black Ace Ovation - ProKennex Racchette e Accessori","robots":{"index":"index","follow":"follow","max-snippet":"max-snippet:-1","max-image-preview":"max-image-preview:large","max-video-preview":"max-video-preview:-1"},"canonical":"https:\/\/www.prokennex.eu\/es\/raquetas-outlet\/black-ace-ovation\/","og_locale":"es_ES","og_type":"article","og_title":"Black Ace Ovation - ProKennex Racchette e Accessori","og_description":"La Black Ace Ovation presenta una actualizaci\u00f3n de la ic\u00f3nica paleta ProKennex de forma ovalada que est\u00e1 aerodin\u00e1micamente dise\u00f1ada para la velocidad del aire. La Black Ace Ovation es la primera paleta de carbono TORAY de una sola pieza, lo que la hace extremadamente r\u00e1pida y sensible en la mano, mejorando los reflejos en los intercambios r\u00e1pidos mientras produce m\u00e1s potencia en comparaci\u00f3n con otras paletas de carbono debido a la velocidad de swing mejorada de su dise\u00f1o sin bordes.  La Black Ace Ovation est\u00e1 equipada con tecnolog\u00eda kinetic, nuestro sistema patentado de absorci\u00f3n de golpes y vibraciones. Un sistema kinetic adicional se agrega al mango de la paleta y act\u00faa como un sistema de filtraci\u00f3n de \u00faltimo paso debido a la potencia mejorada de la Black Ace.  Funda de paleta de regalo.","og_url":"https:\/\/www.prokennex.eu\/es\/raquetas-outlet\/black-ace-ovation\/","og_site_name":"ProKennex Racchette e Accessori","article_modified_time":"2023-03-29T23:29:59+00:00","og_image":[{"width":2000,"height":2000,"url":"https:\/\/www.prokennex.eu\/wp-content\/uploads\/2022\/12\/prokennex-black-ace-ovation-free.jpg","type":"image\/jpeg"}],"twitter_card":"summary_large_image","schema":{"@context":"https:\/\/schema.org","@graph":[{"@type":"WebPage","@id":"https:\/\/www.prokennex.eu\/es\/raquetas-outlet\/black-ace-ovation\/","url":"https:\/\/www.prokennex.eu\/es\/raquetas-outlet\/black-ace-ovation\/","name":"Black Ace Ovation - ProKennex Racchette e Accessori","isPartOf":{"@id":"https:\/\/www.prokennex.eu\/es\/#website"},"primaryImageOfPage":{"@id":"https:\/\/www.prokennex.eu\/es\/raquetas-outlet\/black-ace-ovation\/#primaryimage"},"image":{"@id":"https:\/\/www.prokennex.eu\/es\/raquetas-outlet\/black-ace-ovation\/#primaryimage"},"thumbnailUrl":"https:\/\/www.prokennex.eu\/wp-content\/uploads\/2022\/12\/prokennex-black-ace-ovation-free.jpg","datePublished":"2022-12-12T18:48:01+00:00","dateModified":"2023-03-29T23:29:59+00:00","breadcrumb":{"@id":"https:\/\/www.prokennex.eu\/es\/raquetas-outlet\/black-ace-ovation\/#breadcrumb"},"inLanguage":"es","potentialAction":[{"@type":"ReadAction","target":["https:\/\/www.prokennex.eu\/es\/raquetas-outlet\/black-ace-ovation\/"]}]},{"@type":"ImageObject","inLanguage":"es","@id":"https:\/\/www.prokennex.eu\/es\/raquetas-outlet\/black-ace-ovation\/#primaryimage","url":"https:\/\/www.prokennex.eu\/wp-content\/uploads\/2022\/12\/prokennex-black-ace-ovation-free.jpg","contentUrl":"https:\/\/www.prokennex.eu\/wp-content\/uploads\/2022\/12\/prokennex-black-ace-ovation-free.jpg","width":2000,"height":2000},{"@type":"BreadcrumbList","@id":"https:\/\/www.prokennex.eu\/es\/raquetas-outlet\/black-ace-ovation\/#breadcrumb","itemListElement":[{"@type":"ListItem","position":1,"name":"Shop","item":"https:\/\/www.prokennex.eu\/es\/negozio\/"},{"@type":"ListItem","position":2,"name":"Pickleball","item":"https:\/\/www.prokennex.eu\/es\/pickleball-es\/"},{"@type":"ListItem","position":3,"name":"Raquetas","item":"https:\/\/www.prokennex.eu\/es\/pickleball-es\/raquetas-pickleball\/"},{"@type":"ListItem","position":4,"name":"Black Ace Ovation"}]},{"@type":"WebSite","@id":"https:\/\/www.prokennex.eu\/es\/#website","url":"https:\/\/www.prokennex.eu\/es\/","name":"ProKennex Racchette e Accessori","description":"Tomorrow&#039;s Technologies","publisher":{"@id":"https:\/\/www.prokennex.eu\/es\/#organization"},"potentialAction":[{"@type":"SearchAction","target":{"@type":"EntryPoint","urlTemplate":"https:\/\/www.prokennex.eu\/es\/?s={search_term_string}"},"query-input":{"@type":"PropertyValueSpecification","valueRequired":true,"valueName":"search_term_string"}}],"inLanguage":"es"},{"@type":"Organization","@id":"https:\/\/www.prokennex.eu\/es\/#organization","name":"Pro Kennex s.r.l.","url":"https:\/\/www.prokennex.eu\/es\/","logo":{"@type":"ImageObject","inLanguage":"es","@id":"https:\/\/www.prokennex.eu\/es\/#\/schema\/logo\/image\/","url":"https:\/\/www.prokennex.eu\/wp-content\/uploads\/2021\/09\/prokennex-logo.svg","contentUrl":"https:\/\/www.prokennex.eu\/wp-content\/uploads\/2021\/09\/prokennex-logo.svg","width":"1440","height":"1080","caption":"Pro Kennex s.r.l."},"image":{"@id":"https:\/\/www.prokennex.eu\/es\/#\/schema\/logo\/image\/"}}]}},"_links":{"self":[{"href":"https:\/\/www.prokennex.eu\/es\/wp-json\/wp\/v2\/product\/11762","targetHints":{"allow":["GET"]}}],"collection":[{"href":"https:\/\/www.prokennex.eu\/es\/wp-json\/wp\/v2\/product"}],"about":[{"href":"https:\/\/www.prokennex.eu\/es\/wp-json\/wp\/v2\/types\/product"}],"replies":[{"embeddable":true,"href":"https:\/\/www.prokennex.eu\/es\/wp-json\/wp\/v2\/comments?post=11762"}],"wp:featuredmedia":[{"embeddable":true,"href":"https:\/\/www.prokennex.eu\/es\/wp-json\/wp\/v2\/media\/11851"}],"wp:attachment":[{"href":"https:\/\/www.prokennex.eu\/es\/wp-json\/wp\/v2\/media?parent=11762"}],"wp:term":[{"taxonomy":"tecnologia","embeddable":true,"href":"https:\/\/www.prokennex.eu\/es\/wp-json\/wp\/v2\/tecnologia?post=11762"},{"taxonomy":"product_brand","embeddable":true,"href":"https:\/\/www.prokennex.eu\/es\/wp-json\/wp\/v2\/product_brand?post=11762"},{"taxonomy":"product_cat","embeddable":true,"href":"https:\/\/www.prokennex.eu\/es\/wp-json\/wp\/v2\/product_cat?post=11762"},{"taxonomy":"product_tag","embeddable":true,"href":"https:\/\/www.prokennex.eu\/es\/wp-json\/wp\/v2\/product_tag?post=11762"}],"curies":[{"name":"wp","href":"https:\/\/api.w.org\/{rel}","templated":true}]}}