{"id":10792,"date":"2022-04-08T15:44:16","date_gmt":"2022-04-08T13:44:16","guid":{"rendered":"https:\/\/www.prokennex.eu\/sin%20categor\u00eda\/nuova-ki-15\/"},"modified":"2022-10-28T21:39:58","modified_gmt":"2022-10-28T19:39:58","slug":"nuevo-ki-15","status":"publish","type":"product","link":"https:\/\/www.prokennex.eu\/es\/raquetas\/nuevo-ki-15\/","title":{"rendered":"Ki 15"},"content":{"rendered":"","protected":false},"excerpt":{"rendered":"<p>La estructura \u00fanica de esta raqueta, la cantidad de <strong>masa cin\u00e9tica<\/strong> en el interior del \u00f3valo y el gran peso hacen de este marco un arma mortal para los golpes de fondo.\u00a0<strong>Puedes golpear la pelota tanto con efecto cortado como liftado sin perder el control de las trayectorias, manteniendo la profundidad en los tiros defensivos.<\/strong><\/p>\n<p>La\u00a0<strong>c\u00e1mara de amortiguaci\u00f3n cin\u00e9tica<\/strong>\u00a0y la elevada cantidad de masa cin\u00e9tica en el\u00a0<strong>sistema cin\u00e9tico<\/strong>\u00a0garantizan un confort total y desplegar con facilidad un juego potente.<\/p>\n<p>La raqueta se vende con la funda.<\/p>\n","protected":false},"featured_media":8968,"comment_status":"open","ping_status":"closed","template":"","meta":{"_acf_changed":false},"tecnologia":[1329,1336,466],"product_brand":[],"product_cat":[1618,1615,1616],"product_tag":[],"class_list":{"0":"post-10792","1":"product","2":"type-product","3":"status-publish","4":"has-post-thumbnail","6":"tecnologia-kinetic-system-es","7":"tecnologia-spiral-tech-carbon-es","8":"tecnologia-ionic-technology","9":"product_cat-ki","10":"product_cat-tennis-es","11":"product_cat-raquetas","13":"first","14":"instock","15":"taxable","16":"shipping-taxable","17":"purchasable","18":"product-type-variable"},"bundled_by":[],"bundle_stock_status":"instock","bundle_stock_quantity":null,"bundle_virtual":false,"bundle_layout":"","bundle_add_to_cart_form_location":"","bundle_editable_in_cart":false,"bundle_sold_individually_context":"","bundle_item_grouping":"","bundle_min_size":"","bundle_max_size":"","bundle_price":[],"bundled_items":[],"bundle_sell_ids":[],"acf":[],"yoast_head":"<!-- This site is optimized with the Yoast SEO plugin v27.1.1 - https:\/\/yoast.com\/product\/yoast-seo-wordpress\/ -->\n<title>Ki 15 - ProKennex Racchette e Accessori<\/title>\n<meta name=\"robots\" content=\"index, follow, max-snippet:-1, max-image-preview:large, max-video-preview:-1\" \/>\n<link rel=\"canonical\" href=\"https:\/\/www.prokennex.eu\/es\/raquetas\/nuevo-ki-15\/\" \/>\n<meta property=\"og:locale\" content=\"es_ES\" \/>\n<meta property=\"og:type\" content=\"article\" \/>\n<meta property=\"og:title\" content=\"Ki 15 - ProKennex Racchette e Accessori\" \/>\n<meta property=\"og:description\" content=\"La estructura \u00fanica de esta raqueta, la cantidad de masa cin\u00e9tica en el interior del \u00f3valo y el gran peso hacen de este marco un arma mortal para los golpes de fondo.\u00a0Puedes golpear la pelota tanto con efecto cortado como liftado sin perder el control de las trayectorias, manteniendo la profundidad en los tiros defensivos.  La\u00a0c\u00e1mara de amortiguaci\u00f3n cin\u00e9tica\u00a0y la elevada cantidad de masa cin\u00e9tica en el\u00a0sistema cin\u00e9tico\u00a0garantizan un confort total y desplegar con facilidad un juego potente.  La raqueta se vende con la funda.\" \/>\n<meta property=\"og:url\" content=\"https:\/\/www.prokennex.eu\/es\/raquetas\/nuevo-ki-15\/\" \/>\n<meta property=\"og:site_name\" content=\"ProKennex Racchette e Accessori\" \/>\n<meta property=\"article:modified_time\" content=\"2022-10-28T19:39:58+00:00\" \/>\n<meta property=\"og:image\" content=\"https:\/\/www.prokennex.eu\/wp-content\/uploads\/2022\/04\/prokennex-ki-15-1-1.jpg\" \/>\n\t<meta property=\"og:image:width\" content=\"2000\" \/>\n\t<meta property=\"og:image:height\" content=\"2000\" \/>\n\t<meta property=\"og:image:type\" content=\"image\/jpeg\" \/>\n<meta name=\"twitter:card\" content=\"summary_large_image\" \/>\n<script type=\"application\/ld+json\" class=\"yoast-schema-graph\">{\"@context\":\"https:\/\/schema.org\",\"@graph\":[{\"@type\":\"WebPage\",\"@id\":\"https:\/\/www.prokennex.eu\/es\/raquetas\/nuevo-ki-15\/\",\"url\":\"https:\/\/www.prokennex.eu\/es\/raquetas\/nuevo-ki-15\/\",\"name\":\"Ki 15 - ProKennex Racchette e Accessori\",\"isPartOf\":{\"@id\":\"https:\/\/www.prokennex.eu\/es\/#website\"},\"primaryImageOfPage\":{\"@id\":\"https:\/\/www.prokennex.eu\/es\/raquetas\/nuevo-ki-15\/#primaryimage\"},\"image\":{\"@id\":\"https:\/\/www.prokennex.eu\/es\/raquetas\/nuevo-ki-15\/#primaryimage\"},\"thumbnailUrl\":\"https:\/\/www.prokennex.eu\/wp-content\/uploads\/2022\/04\/prokennex-ki-15-1-1.jpg\",\"datePublished\":\"2022-04-08T13:44:16+00:00\",\"dateModified\":\"2022-10-28T19:39:58+00:00\",\"breadcrumb\":{\"@id\":\"https:\/\/www.prokennex.eu\/es\/raquetas\/nuevo-ki-15\/#breadcrumb\"},\"inLanguage\":\"es\",\"potentialAction\":[{\"@type\":\"ReadAction\",\"target\":[\"https:\/\/www.prokennex.eu\/es\/raquetas\/nuevo-ki-15\/\"]}]},{\"@type\":\"ImageObject\",\"inLanguage\":\"es\",\"@id\":\"https:\/\/www.prokennex.eu\/es\/raquetas\/nuevo-ki-15\/#primaryimage\",\"url\":\"https:\/\/www.prokennex.eu\/wp-content\/uploads\/2022\/04\/prokennex-ki-15-1-1.jpg\",\"contentUrl\":\"https:\/\/www.prokennex.eu\/wp-content\/uploads\/2022\/04\/prokennex-ki-15-1-1.jpg\",\"width\":2000,\"height\":2000},{\"@type\":\"BreadcrumbList\",\"@id\":\"https:\/\/www.prokennex.eu\/es\/raquetas\/nuevo-ki-15\/#breadcrumb\",\"itemListElement\":[{\"@type\":\"ListItem\",\"position\":1,\"name\":\"Shop\",\"item\":\"https:\/\/www.prokennex.eu\/es\/negozio\/\"},{\"@type\":\"ListItem\",\"position\":2,\"name\":\"Tennis\",\"item\":\"https:\/\/www.prokennex.eu\/es\/tennis-es\/\"},{\"@type\":\"ListItem\",\"position\":3,\"name\":\"Raquetas\",\"item\":\"https:\/\/www.prokennex.eu\/es\/tennis-es\/raquetas\/\"},{\"@type\":\"ListItem\",\"position\":4,\"name\":\"Ki 15\"}]},{\"@type\":\"WebSite\",\"@id\":\"https:\/\/www.prokennex.eu\/es\/#website\",\"url\":\"https:\/\/www.prokennex.eu\/es\/\",\"name\":\"ProKennex Racchette e Accessori\",\"description\":\"Tomorrow&#039;s Technologies\",\"publisher\":{\"@id\":\"https:\/\/www.prokennex.eu\/es\/#organization\"},\"potentialAction\":[{\"@type\":\"SearchAction\",\"target\":{\"@type\":\"EntryPoint\",\"urlTemplate\":\"https:\/\/www.prokennex.eu\/es\/?s={search_term_string}\"},\"query-input\":{\"@type\":\"PropertyValueSpecification\",\"valueRequired\":true,\"valueName\":\"search_term_string\"}}],\"inLanguage\":\"es\"},{\"@type\":\"Organization\",\"@id\":\"https:\/\/www.prokennex.eu\/es\/#organization\",\"name\":\"Pro Kennex s.r.l.\",\"url\":\"https:\/\/www.prokennex.eu\/es\/\",\"logo\":{\"@type\":\"ImageObject\",\"inLanguage\":\"es\",\"@id\":\"https:\/\/www.prokennex.eu\/es\/#\/schema\/logo\/image\/\",\"url\":\"https:\/\/www.prokennex.eu\/wp-content\/uploads\/2021\/09\/prokennex-logo.svg\",\"contentUrl\":\"https:\/\/www.prokennex.eu\/wp-content\/uploads\/2021\/09\/prokennex-logo.svg\",\"width\":\"1440\",\"height\":\"1080\",\"caption\":\"Pro Kennex s.r.l.\"},\"image\":{\"@id\":\"https:\/\/www.prokennex.eu\/es\/#\/schema\/logo\/image\/\"}}]}<\/script>\n<!-- \/ Yoast SEO plugin. -->","yoast_head_json":{"title":"Ki 15 - ProKennex Racchette e Accessori","robots":{"index":"index","follow":"follow","max-snippet":"max-snippet:-1","max-image-preview":"max-image-preview:large","max-video-preview":"max-video-preview:-1"},"canonical":"https:\/\/www.prokennex.eu\/es\/raquetas\/nuevo-ki-15\/","og_locale":"es_ES","og_type":"article","og_title":"Ki 15 - ProKennex Racchette e Accessori","og_description":"La estructura \u00fanica de esta raqueta, la cantidad de masa cin\u00e9tica en el interior del \u00f3valo y el gran peso hacen de este marco un arma mortal para los golpes de fondo.\u00a0Puedes golpear la pelota tanto con efecto cortado como liftado sin perder el control de las trayectorias, manteniendo la profundidad en los tiros defensivos.  La\u00a0c\u00e1mara de amortiguaci\u00f3n cin\u00e9tica\u00a0y la elevada cantidad de masa cin\u00e9tica en el\u00a0sistema cin\u00e9tico\u00a0garantizan un confort total y desplegar con facilidad un juego potente.  La raqueta se vende con la funda.","og_url":"https:\/\/www.prokennex.eu\/es\/raquetas\/nuevo-ki-15\/","og_site_name":"ProKennex Racchette e Accessori","article_modified_time":"2022-10-28T19:39:58+00:00","og_image":[{"width":2000,"height":2000,"url":"https:\/\/www.prokennex.eu\/wp-content\/uploads\/2022\/04\/prokennex-ki-15-1-1.jpg","type":"image\/jpeg"}],"twitter_card":"summary_large_image","schema":{"@context":"https:\/\/schema.org","@graph":[{"@type":"WebPage","@id":"https:\/\/www.prokennex.eu\/es\/raquetas\/nuevo-ki-15\/","url":"https:\/\/www.prokennex.eu\/es\/raquetas\/nuevo-ki-15\/","name":"Ki 15 - ProKennex Racchette e Accessori","isPartOf":{"@id":"https:\/\/www.prokennex.eu\/es\/#website"},"primaryImageOfPage":{"@id":"https:\/\/www.prokennex.eu\/es\/raquetas\/nuevo-ki-15\/#primaryimage"},"image":{"@id":"https:\/\/www.prokennex.eu\/es\/raquetas\/nuevo-ki-15\/#primaryimage"},"thumbnailUrl":"https:\/\/www.prokennex.eu\/wp-content\/uploads\/2022\/04\/prokennex-ki-15-1-1.jpg","datePublished":"2022-04-08T13:44:16+00:00","dateModified":"2022-10-28T19:39:58+00:00","breadcrumb":{"@id":"https:\/\/www.prokennex.eu\/es\/raquetas\/nuevo-ki-15\/#breadcrumb"},"inLanguage":"es","potentialAction":[{"@type":"ReadAction","target":["https:\/\/www.prokennex.eu\/es\/raquetas\/nuevo-ki-15\/"]}]},{"@type":"ImageObject","inLanguage":"es","@id":"https:\/\/www.prokennex.eu\/es\/raquetas\/nuevo-ki-15\/#primaryimage","url":"https:\/\/www.prokennex.eu\/wp-content\/uploads\/2022\/04\/prokennex-ki-15-1-1.jpg","contentUrl":"https:\/\/www.prokennex.eu\/wp-content\/uploads\/2022\/04\/prokennex-ki-15-1-1.jpg","width":2000,"height":2000},{"@type":"BreadcrumbList","@id":"https:\/\/www.prokennex.eu\/es\/raquetas\/nuevo-ki-15\/#breadcrumb","itemListElement":[{"@type":"ListItem","position":1,"name":"Shop","item":"https:\/\/www.prokennex.eu\/es\/negozio\/"},{"@type":"ListItem","position":2,"name":"Tennis","item":"https:\/\/www.prokennex.eu\/es\/tennis-es\/"},{"@type":"ListItem","position":3,"name":"Raquetas","item":"https:\/\/www.prokennex.eu\/es\/tennis-es\/raquetas\/"},{"@type":"ListItem","position":4,"name":"Ki 15"}]},{"@type":"WebSite","@id":"https:\/\/www.prokennex.eu\/es\/#website","url":"https:\/\/www.prokennex.eu\/es\/","name":"ProKennex Racchette e Accessori","description":"Tomorrow&#039;s Technologies","publisher":{"@id":"https:\/\/www.prokennex.eu\/es\/#organization"},"potentialAction":[{"@type":"SearchAction","target":{"@type":"EntryPoint","urlTemplate":"https:\/\/www.prokennex.eu\/es\/?s={search_term_string}"},"query-input":{"@type":"PropertyValueSpecification","valueRequired":true,"valueName":"search_term_string"}}],"inLanguage":"es"},{"@type":"Organization","@id":"https:\/\/www.prokennex.eu\/es\/#organization","name":"Pro Kennex s.r.l.","url":"https:\/\/www.prokennex.eu\/es\/","logo":{"@type":"ImageObject","inLanguage":"es","@id":"https:\/\/www.prokennex.eu\/es\/#\/schema\/logo\/image\/","url":"https:\/\/www.prokennex.eu\/wp-content\/uploads\/2021\/09\/prokennex-logo.svg","contentUrl":"https:\/\/www.prokennex.eu\/wp-content\/uploads\/2021\/09\/prokennex-logo.svg","width":"1440","height":"1080","caption":"Pro Kennex s.r.l."},"image":{"@id":"https:\/\/www.prokennex.eu\/es\/#\/schema\/logo\/image\/"}}]}},"_links":{"self":[{"href":"https:\/\/www.prokennex.eu\/es\/wp-json\/wp\/v2\/product\/10792","targetHints":{"allow":["GET"]}}],"collection":[{"href":"https:\/\/www.prokennex.eu\/es\/wp-json\/wp\/v2\/product"}],"about":[{"href":"https:\/\/www.prokennex.eu\/es\/wp-json\/wp\/v2\/types\/product"}],"replies":[{"embeddable":true,"href":"https:\/\/www.prokennex.eu\/es\/wp-json\/wp\/v2\/comments?post=10792"}],"wp:featuredmedia":[{"embeddable":true,"href":"https:\/\/www.prokennex.eu\/es\/wp-json\/wp\/v2\/media\/8968"}],"wp:attachment":[{"href":"https:\/\/www.prokennex.eu\/es\/wp-json\/wp\/v2\/media?parent=10792"}],"wp:term":[{"taxonomy":"tecnologia","embeddable":true,"href":"https:\/\/www.prokennex.eu\/es\/wp-json\/wp\/v2\/tecnologia?post=10792"},{"taxonomy":"product_brand","embeddable":true,"href":"https:\/\/www.prokennex.eu\/es\/wp-json\/wp\/v2\/product_brand?post=10792"},{"taxonomy":"product_cat","embeddable":true,"href":"https:\/\/www.prokennex.eu\/es\/wp-json\/wp\/v2\/product_cat?post=10792"},{"taxonomy":"product_tag","embeddable":true,"href":"https:\/\/www.prokennex.eu\/es\/wp-json\/wp\/v2\/product_tag?post=10792"}],"curies":[{"name":"wp","href":"https:\/\/api.w.org\/{rel}","templated":true}]}}