{"id":10725,"date":"2022-04-08T17:24:06","date_gmt":"2022-04-08T15:24:06","guid":{"rendered":"https:\/\/www.prokennex.eu\/sin%20categor\u00eda\/nuova-ki-5\/"},"modified":"2022-10-29T11:07:16","modified_gmt":"2022-10-29T09:07:16","slug":"nuevo-ki-5","status":"publish","type":"product","link":"https:\/\/www.prokennex.eu\/es\/raquetas\/nuevo-ki-5\/","title":{"rendered":"Ki 5"},"content":{"rendered":"","protected":false},"excerpt":{"rendered":"<p>Marco de talla media que se caracteriza por su perfil diferenciado: de forma el\u00edptica en cordaje y trapezoidal en los hombros del marco. Estas diferentes geometr\u00edas proporcionan al marco estabilidad y una flexibilidad que permite la ejecuci\u00f3n tanto de golpes planos como en rotaci\u00f3n. El peso, el equilibrio y el swing weight convierten a este modelo en una raqueta adecuada para jugadores que buscan el control absoluto de sus golpes en fase de aceleraciones o variaciones de trayectoria.<br \/>\nEl Kinetic System en el interior del \u00f3valo incrementa la potencia, la estabilidad del tamiz del cordaje y el confort. La Kinetic Damping Chamber reduce significativamente la fatiga del brazo.<\/p>\n","protected":false},"featured_media":8958,"comment_status":"open","ping_status":"closed","template":"","meta":{"_acf_changed":false},"tecnologia":[1329,1336,466],"product_brand":[],"product_cat":[1618,1615,1616],"product_tag":[],"class_list":{"0":"post-10725","1":"product","2":"type-product","3":"status-publish","4":"has-post-thumbnail","6":"tecnologia-kinetic-system-es","7":"tecnologia-spiral-tech-carbon-es","8":"tecnologia-ionic-technology","9":"product_cat-ki","10":"product_cat-tennis-es","11":"product_cat-raquetas","13":"first","14":"instock","15":"taxable","16":"shipping-taxable","17":"purchasable","18":"product-type-variable"},"bundled_by":[],"bundle_stock_status":"instock","bundle_stock_quantity":null,"bundle_virtual":false,"bundle_layout":"","bundle_add_to_cart_form_location":"","bundle_editable_in_cart":false,"bundle_sold_individually_context":"","bundle_item_grouping":"","bundle_min_size":"","bundle_max_size":"","bundle_price":[],"bundled_items":[],"bundle_sell_ids":[],"acf":[],"yoast_head":"<!-- This site is optimized with the Yoast SEO plugin v27.1.1 - https:\/\/yoast.com\/product\/yoast-seo-wordpress\/ -->\n<title>Ki 5 - ProKennex Racchette e Accessori<\/title>\n<meta name=\"robots\" content=\"index, follow, max-snippet:-1, max-image-preview:large, max-video-preview:-1\" \/>\n<link rel=\"canonical\" href=\"https:\/\/www.prokennex.eu\/es\/raquetas\/nuevo-ki-5\/\" \/>\n<meta property=\"og:locale\" content=\"es_ES\" \/>\n<meta property=\"og:type\" content=\"article\" \/>\n<meta property=\"og:title\" content=\"Ki 5 - ProKennex Racchette e Accessori\" \/>\n<meta property=\"og:description\" content=\"Marco de talla media que se caracteriza por su perfil diferenciado: de forma el\u00edptica en cordaje y trapezoidal en los hombros del marco. Estas diferentes geometr\u00edas proporcionan al marco estabilidad y una flexibilidad que permite la ejecuci\u00f3n tanto de golpes planos como en rotaci\u00f3n. El peso, el equilibrio y el swing weight convierten a este modelo en una raqueta adecuada para jugadores que buscan el control absoluto de sus golpes en fase de aceleraciones o variaciones de trayectoria. El Kinetic System en el interior del \u00f3valo incrementa la potencia, la estabilidad del tamiz del cordaje y el confort. La Kinetic Damping Chamber reduce significativamente la fatiga del brazo.\" \/>\n<meta property=\"og:url\" content=\"https:\/\/www.prokennex.eu\/es\/raquetas\/nuevo-ki-5\/\" \/>\n<meta property=\"og:site_name\" content=\"ProKennex Racchette e Accessori\" \/>\n<meta property=\"article:modified_time\" content=\"2022-10-29T09:07:16+00:00\" \/>\n<meta name=\"twitter:card\" content=\"summary_large_image\" \/>\n<meta name=\"twitter:image\" content=\"https:\/\/www.prokennex.eu\/wp-content\/uploads\/2022\/04\/prokennex-ki-5-1-1.jpg\" \/>\n<script type=\"application\/ld+json\" class=\"yoast-schema-graph\">{\"@context\":\"https:\/\/schema.org\",\"@graph\":[{\"@type\":\"WebPage\",\"@id\":\"https:\/\/www.prokennex.eu\/es\/raquetas\/nuevo-ki-5\/\",\"url\":\"https:\/\/www.prokennex.eu\/es\/raquetas\/nuevo-ki-5\/\",\"name\":\"Ki 5 - ProKennex Racchette e Accessori\",\"isPartOf\":{\"@id\":\"https:\/\/www.prokennex.eu\/es\/#website\"},\"primaryImageOfPage\":{\"@id\":\"https:\/\/www.prokennex.eu\/es\/raquetas\/nuevo-ki-5\/#primaryimage\"},\"image\":{\"@id\":\"https:\/\/www.prokennex.eu\/es\/raquetas\/nuevo-ki-5\/#primaryimage\"},\"thumbnailUrl\":\"https:\/\/www.prokennex.eu\/wp-content\/uploads\/2022\/04\/prokennex-ki-5-1-1.jpg\",\"datePublished\":\"2022-04-08T15:24:06+00:00\",\"dateModified\":\"2022-10-29T09:07:16+00:00\",\"breadcrumb\":{\"@id\":\"https:\/\/www.prokennex.eu\/es\/raquetas\/nuevo-ki-5\/#breadcrumb\"},\"inLanguage\":\"es\",\"potentialAction\":[{\"@type\":\"ReadAction\",\"target\":[\"https:\/\/www.prokennex.eu\/es\/raquetas\/nuevo-ki-5\/\"]}]},{\"@type\":\"ImageObject\",\"inLanguage\":\"es\",\"@id\":\"https:\/\/www.prokennex.eu\/es\/raquetas\/nuevo-ki-5\/#primaryimage\",\"url\":\"https:\/\/www.prokennex.eu\/wp-content\/uploads\/2022\/04\/prokennex-ki-5-1-1.jpg\",\"contentUrl\":\"https:\/\/www.prokennex.eu\/wp-content\/uploads\/2022\/04\/prokennex-ki-5-1-1.jpg\",\"width\":2000,\"height\":2000},{\"@type\":\"BreadcrumbList\",\"@id\":\"https:\/\/www.prokennex.eu\/es\/raquetas\/nuevo-ki-5\/#breadcrumb\",\"itemListElement\":[{\"@type\":\"ListItem\",\"position\":1,\"name\":\"Shop\",\"item\":\"https:\/\/www.prokennex.eu\/es\/negozio\/\"},{\"@type\":\"ListItem\",\"position\":2,\"name\":\"Tennis\",\"item\":\"https:\/\/www.prokennex.eu\/es\/tennis-es\/\"},{\"@type\":\"ListItem\",\"position\":3,\"name\":\"Raquetas\",\"item\":\"https:\/\/www.prokennex.eu\/es\/tennis-es\/raquetas\/\"},{\"@type\":\"ListItem\",\"position\":4,\"name\":\"Ki 5\"}]},{\"@type\":\"WebSite\",\"@id\":\"https:\/\/www.prokennex.eu\/es\/#website\",\"url\":\"https:\/\/www.prokennex.eu\/es\/\",\"name\":\"ProKennex Racchette e Accessori\",\"description\":\"Tomorrow&#039;s Technologies\",\"publisher\":{\"@id\":\"https:\/\/www.prokennex.eu\/es\/#organization\"},\"potentialAction\":[{\"@type\":\"SearchAction\",\"target\":{\"@type\":\"EntryPoint\",\"urlTemplate\":\"https:\/\/www.prokennex.eu\/es\/?s={search_term_string}\"},\"query-input\":{\"@type\":\"PropertyValueSpecification\",\"valueRequired\":true,\"valueName\":\"search_term_string\"}}],\"inLanguage\":\"es\"},{\"@type\":\"Organization\",\"@id\":\"https:\/\/www.prokennex.eu\/es\/#organization\",\"name\":\"Pro Kennex s.r.l.\",\"url\":\"https:\/\/www.prokennex.eu\/es\/\",\"logo\":{\"@type\":\"ImageObject\",\"inLanguage\":\"es\",\"@id\":\"https:\/\/www.prokennex.eu\/es\/#\/schema\/logo\/image\/\",\"url\":\"https:\/\/www.prokennex.eu\/wp-content\/uploads\/2021\/09\/prokennex-logo.svg\",\"contentUrl\":\"https:\/\/www.prokennex.eu\/wp-content\/uploads\/2021\/09\/prokennex-logo.svg\",\"width\":\"1440\",\"height\":\"1080\",\"caption\":\"Pro Kennex s.r.l.\"},\"image\":{\"@id\":\"https:\/\/www.prokennex.eu\/es\/#\/schema\/logo\/image\/\"}}]}<\/script>\n<!-- \/ Yoast SEO plugin. -->","yoast_head_json":{"title":"Ki 5 - ProKennex Racchette e Accessori","robots":{"index":"index","follow":"follow","max-snippet":"max-snippet:-1","max-image-preview":"max-image-preview:large","max-video-preview":"max-video-preview:-1"},"canonical":"https:\/\/www.prokennex.eu\/es\/raquetas\/nuevo-ki-5\/","og_locale":"es_ES","og_type":"article","og_title":"Ki 5 - ProKennex Racchette e Accessori","og_description":"Marco de talla media que se caracteriza por su perfil diferenciado: de forma el\u00edptica en cordaje y trapezoidal en los hombros del marco. Estas diferentes geometr\u00edas proporcionan al marco estabilidad y una flexibilidad que permite la ejecuci\u00f3n tanto de golpes planos como en rotaci\u00f3n. El peso, el equilibrio y el swing weight convierten a este modelo en una raqueta adecuada para jugadores que buscan el control absoluto de sus golpes en fase de aceleraciones o variaciones de trayectoria. El Kinetic System en el interior del \u00f3valo incrementa la potencia, la estabilidad del tamiz del cordaje y el confort. La Kinetic Damping Chamber reduce significativamente la fatiga del brazo.","og_url":"https:\/\/www.prokennex.eu\/es\/raquetas\/nuevo-ki-5\/","og_site_name":"ProKennex Racchette e Accessori","article_modified_time":"2022-10-29T09:07:16+00:00","twitter_card":"summary_large_image","twitter_image":"https:\/\/www.prokennex.eu\/wp-content\/uploads\/2022\/04\/prokennex-ki-5-1-1.jpg","schema":{"@context":"https:\/\/schema.org","@graph":[{"@type":"WebPage","@id":"https:\/\/www.prokennex.eu\/es\/raquetas\/nuevo-ki-5\/","url":"https:\/\/www.prokennex.eu\/es\/raquetas\/nuevo-ki-5\/","name":"Ki 5 - ProKennex Racchette e Accessori","isPartOf":{"@id":"https:\/\/www.prokennex.eu\/es\/#website"},"primaryImageOfPage":{"@id":"https:\/\/www.prokennex.eu\/es\/raquetas\/nuevo-ki-5\/#primaryimage"},"image":{"@id":"https:\/\/www.prokennex.eu\/es\/raquetas\/nuevo-ki-5\/#primaryimage"},"thumbnailUrl":"https:\/\/www.prokennex.eu\/wp-content\/uploads\/2022\/04\/prokennex-ki-5-1-1.jpg","datePublished":"2022-04-08T15:24:06+00:00","dateModified":"2022-10-29T09:07:16+00:00","breadcrumb":{"@id":"https:\/\/www.prokennex.eu\/es\/raquetas\/nuevo-ki-5\/#breadcrumb"},"inLanguage":"es","potentialAction":[{"@type":"ReadAction","target":["https:\/\/www.prokennex.eu\/es\/raquetas\/nuevo-ki-5\/"]}]},{"@type":"ImageObject","inLanguage":"es","@id":"https:\/\/www.prokennex.eu\/es\/raquetas\/nuevo-ki-5\/#primaryimage","url":"https:\/\/www.prokennex.eu\/wp-content\/uploads\/2022\/04\/prokennex-ki-5-1-1.jpg","contentUrl":"https:\/\/www.prokennex.eu\/wp-content\/uploads\/2022\/04\/prokennex-ki-5-1-1.jpg","width":2000,"height":2000},{"@type":"BreadcrumbList","@id":"https:\/\/www.prokennex.eu\/es\/raquetas\/nuevo-ki-5\/#breadcrumb","itemListElement":[{"@type":"ListItem","position":1,"name":"Shop","item":"https:\/\/www.prokennex.eu\/es\/negozio\/"},{"@type":"ListItem","position":2,"name":"Tennis","item":"https:\/\/www.prokennex.eu\/es\/tennis-es\/"},{"@type":"ListItem","position":3,"name":"Raquetas","item":"https:\/\/www.prokennex.eu\/es\/tennis-es\/raquetas\/"},{"@type":"ListItem","position":4,"name":"Ki 5"}]},{"@type":"WebSite","@id":"https:\/\/www.prokennex.eu\/es\/#website","url":"https:\/\/www.prokennex.eu\/es\/","name":"ProKennex Racchette e Accessori","description":"Tomorrow&#039;s Technologies","publisher":{"@id":"https:\/\/www.prokennex.eu\/es\/#organization"},"potentialAction":[{"@type":"SearchAction","target":{"@type":"EntryPoint","urlTemplate":"https:\/\/www.prokennex.eu\/es\/?s={search_term_string}"},"query-input":{"@type":"PropertyValueSpecification","valueRequired":true,"valueName":"search_term_string"}}],"inLanguage":"es"},{"@type":"Organization","@id":"https:\/\/www.prokennex.eu\/es\/#organization","name":"Pro Kennex s.r.l.","url":"https:\/\/www.prokennex.eu\/es\/","logo":{"@type":"ImageObject","inLanguage":"es","@id":"https:\/\/www.prokennex.eu\/es\/#\/schema\/logo\/image\/","url":"https:\/\/www.prokennex.eu\/wp-content\/uploads\/2021\/09\/prokennex-logo.svg","contentUrl":"https:\/\/www.prokennex.eu\/wp-content\/uploads\/2021\/09\/prokennex-logo.svg","width":"1440","height":"1080","caption":"Pro Kennex s.r.l."},"image":{"@id":"https:\/\/www.prokennex.eu\/es\/#\/schema\/logo\/image\/"}}]}},"_links":{"self":[{"href":"https:\/\/www.prokennex.eu\/es\/wp-json\/wp\/v2\/product\/10725","targetHints":{"allow":["GET"]}}],"collection":[{"href":"https:\/\/www.prokennex.eu\/es\/wp-json\/wp\/v2\/product"}],"about":[{"href":"https:\/\/www.prokennex.eu\/es\/wp-json\/wp\/v2\/types\/product"}],"replies":[{"embeddable":true,"href":"https:\/\/www.prokennex.eu\/es\/wp-json\/wp\/v2\/comments?post=10725"}],"wp:featuredmedia":[{"embeddable":true,"href":"https:\/\/www.prokennex.eu\/es\/wp-json\/wp\/v2\/media\/8958"}],"wp:attachment":[{"href":"https:\/\/www.prokennex.eu\/es\/wp-json\/wp\/v2\/media?parent=10725"}],"wp:term":[{"taxonomy":"tecnologia","embeddable":true,"href":"https:\/\/www.prokennex.eu\/es\/wp-json\/wp\/v2\/tecnologia?post=10725"},{"taxonomy":"product_brand","embeddable":true,"href":"https:\/\/www.prokennex.eu\/es\/wp-json\/wp\/v2\/product_brand?post=10725"},{"taxonomy":"product_cat","embeddable":true,"href":"https:\/\/www.prokennex.eu\/es\/wp-json\/wp\/v2\/product_cat?post=10725"},{"taxonomy":"product_tag","embeddable":true,"href":"https:\/\/www.prokennex.eu\/es\/wp-json\/wp\/v2\/product_tag?post=10725"}],"curies":[{"name":"wp","href":"https:\/\/api.w.org\/{rel}","templated":true}]}}