{"id":10510,"date":"2024-09-10T16:51:07","date_gmt":"2024-09-10T14:51:07","guid":{"rendered":"https:\/\/www.prokennex.eu\/sin%20categor\u00eda\/black-ace-105\/"},"modified":"2024-09-12T18:26:09","modified_gmt":"2024-09-12T16:26:09","slug":"black-ace-105","status":"publish","type":"product","link":"https:\/\/www.prokennex.eu\/es\/raquetas\/black-ace-105\/","title":{"rendered":"Black Ace 105"},"content":{"rendered":"","protected":false},"excerpt":{"rendered":"<p>La nouvelle Black Ace 105 conserve la g\u00e9om\u00e9trie et les caract\u00e9ristiques comp\u00e9titives de la Black Ace, avec un tamis de 105 in\u00b2 qui offre une grande r\u00e9activit\u00e9 et efficacit\u00e9 \u00e0 l&#8217;impact. La Black Ace 105 se distingue par une puissance extr\u00eame lors des phases offensives et des coups profonds. Con\u00e7ue pour un style de jeu agressif, m\u00eame en phase d\u00e9fensive, le cadre est compos\u00e9 de la nouvelle fibre de <strong>carbone Aurelian<\/strong> 24k et soutenu par la technologie <strong>FlexLogic<\/strong>, qui peut r\u00e9duire la d\u00e9formation de la t\u00eate du cadre, permettant au joueur de r\u00e9aliser le meilleur coup possible.<\/p>\n<p>Le <strong>syst\u00e8me Kinetic<\/strong> exclusif \u00e0 l&#8217;int\u00e9rieur de la t\u00eate de la raquette augmente la puissance et procure un confort et une stabilit\u00e9 imm\u00e9diats au tamis.<\/p>\n<p>La <strong>chambre d&#8217;amortissement Kinetic<\/strong> dans le manche \u00e9limine les vibrations des coups et r\u00e9duit consid\u00e9rablement la fatigue du bras.<\/p>\n","protected":false},"featured_media":14035,"comment_status":"open","ping_status":"closed","template":"","meta":{"_acf_changed":false},"tecnologia":[2046,1329,466],"product_brand":[],"product_cat":[1615,1616],"product_tag":[2057],"class_list":{"0":"post-10510","1":"product","2":"type-product","3":"status-publish","4":"has-post-thumbnail","6":"tecnologia-aurelian-carbon-es","7":"tecnologia-kinetic-system-es","8":"tecnologia-ionic-technology","9":"product_cat-tennis-es","10":"product_cat-raquetas","11":"product_tag-ace-station-es","13":"first","14":"instock","15":"taxable","16":"shipping-taxable","17":"purchasable","18":"product-type-variable"},"bundled_by":[],"bundle_stock_status":"instock","bundle_stock_quantity":null,"bundle_virtual":false,"bundle_layout":"","bundle_add_to_cart_form_location":"","bundle_editable_in_cart":false,"bundle_sold_individually_context":"","bundle_item_grouping":"","bundle_min_size":"","bundle_max_size":"","bundle_price":[],"bundled_items":[],"bundle_sell_ids":[],"acf":[],"yoast_head":"<!-- This site is optimized with the Yoast SEO plugin v27.1.1 - https:\/\/yoast.com\/product\/yoast-seo-wordpress\/ -->\n<title>Black Ace 105 - ProKennex Racchette e Accessori<\/title>\n<meta name=\"robots\" content=\"index, follow, max-snippet:-1, max-image-preview:large, max-video-preview:-1\" \/>\n<link rel=\"canonical\" href=\"https:\/\/www.prokennex.eu\/es\/raquetas\/black-ace-105\/\" \/>\n<meta property=\"og:locale\" content=\"es_ES\" \/>\n<meta property=\"og:type\" content=\"article\" \/>\n<meta property=\"og:title\" content=\"Black Ace 105 - ProKennex Racchette e Accessori\" \/>\n<meta property=\"og:description\" content=\"La nouvelle Black Ace 105 conserve la g\u00e9om\u00e9trie et les caract\u00e9ristiques comp\u00e9titives de la Black Ace, avec un tamis de 105 in\u00b2 qui offre une grande r\u00e9activit\u00e9 et efficacit\u00e9 \u00e0 l&#039;impact. La Black Ace 105 se distingue par une puissance extr\u00eame lors des phases offensives et des coups profonds. Con\u00e7ue pour un style de jeu agressif, m\u00eame en phase d\u00e9fensive, le cadre est compos\u00e9 de la nouvelle fibre de carbone Aurelian 24k et soutenu par la technologie FlexLogic, qui peut r\u00e9duire la d\u00e9formation de la t\u00eate du cadre, permettant au joueur de r\u00e9aliser le meilleur coup possible.  Le syst\u00e8me Kinetic exclusif \u00e0 l&#039;int\u00e9rieur de la t\u00eate de la raquette augmente la puissance et procure un confort et une stabilit\u00e9 imm\u00e9diats au tamis.  La chambre d&#039;amortissement Kinetic dans le manche \u00e9limine les vibrations des coups et r\u00e9duit consid\u00e9rablement la fatigue du bras.\" \/>\n<meta property=\"og:url\" content=\"https:\/\/www.prokennex.eu\/es\/raquetas\/black-ace-105\/\" \/>\n<meta property=\"og:site_name\" content=\"ProKennex Racchette e Accessori\" \/>\n<meta property=\"article:modified_time\" content=\"2024-09-12T16:26:09+00:00\" \/>\n<meta property=\"og:image\" content=\"https:\/\/www.prokennex.eu\/wp-content\/uploads\/2022\/04\/black-ace-105.jpg\" \/>\n\t<meta property=\"og:image:width\" content=\"2000\" \/>\n\t<meta property=\"og:image:height\" content=\"2000\" \/>\n\t<meta property=\"og:image:type\" content=\"image\/jpeg\" \/>\n<meta name=\"twitter:card\" content=\"summary_large_image\" \/>\n<script type=\"application\/ld+json\" class=\"yoast-schema-graph\">{\"@context\":\"https:\/\/schema.org\",\"@graph\":[{\"@type\":\"WebPage\",\"@id\":\"https:\/\/www.prokennex.eu\/es\/raquetas\/black-ace-105\/\",\"url\":\"https:\/\/www.prokennex.eu\/es\/raquetas\/black-ace-105\/\",\"name\":\"Black Ace 105 - ProKennex Racchette e Accessori\",\"isPartOf\":{\"@id\":\"https:\/\/www.prokennex.eu\/es\/#website\"},\"primaryImageOfPage\":{\"@id\":\"https:\/\/www.prokennex.eu\/es\/raquetas\/black-ace-105\/#primaryimage\"},\"image\":{\"@id\":\"https:\/\/www.prokennex.eu\/es\/raquetas\/black-ace-105\/#primaryimage\"},\"thumbnailUrl\":\"https:\/\/www.prokennex.eu\/wp-content\/uploads\/2022\/04\/black-ace-105.jpg\",\"datePublished\":\"2024-09-10T14:51:07+00:00\",\"dateModified\":\"2024-09-12T16:26:09+00:00\",\"breadcrumb\":{\"@id\":\"https:\/\/www.prokennex.eu\/es\/raquetas\/black-ace-105\/#breadcrumb\"},\"inLanguage\":\"es\",\"potentialAction\":[{\"@type\":\"ReadAction\",\"target\":[\"https:\/\/www.prokennex.eu\/es\/raquetas\/black-ace-105\/\"]}]},{\"@type\":\"ImageObject\",\"inLanguage\":\"es\",\"@id\":\"https:\/\/www.prokennex.eu\/es\/raquetas\/black-ace-105\/#primaryimage\",\"url\":\"https:\/\/www.prokennex.eu\/wp-content\/uploads\/2022\/04\/black-ace-105.jpg\",\"contentUrl\":\"https:\/\/www.prokennex.eu\/wp-content\/uploads\/2022\/04\/black-ace-105.jpg\",\"width\":2000,\"height\":2000},{\"@type\":\"BreadcrumbList\",\"@id\":\"https:\/\/www.prokennex.eu\/es\/raquetas\/black-ace-105\/#breadcrumb\",\"itemListElement\":[{\"@type\":\"ListItem\",\"position\":1,\"name\":\"Shop\",\"item\":\"https:\/\/www.prokennex.eu\/es\/negozio\/\"},{\"@type\":\"ListItem\",\"position\":2,\"name\":\"Tennis\",\"item\":\"https:\/\/www.prokennex.eu\/es\/tennis-es\/\"},{\"@type\":\"ListItem\",\"position\":3,\"name\":\"Raquetas\",\"item\":\"https:\/\/www.prokennex.eu\/es\/tennis-es\/raquetas\/\"},{\"@type\":\"ListItem\",\"position\":4,\"name\":\"Black Ace 105\"}]},{\"@type\":\"WebSite\",\"@id\":\"https:\/\/www.prokennex.eu\/es\/#website\",\"url\":\"https:\/\/www.prokennex.eu\/es\/\",\"name\":\"ProKennex Racchette e Accessori\",\"description\":\"Tomorrow&#039;s Technologies\",\"publisher\":{\"@id\":\"https:\/\/www.prokennex.eu\/es\/#organization\"},\"potentialAction\":[{\"@type\":\"SearchAction\",\"target\":{\"@type\":\"EntryPoint\",\"urlTemplate\":\"https:\/\/www.prokennex.eu\/es\/?s={search_term_string}\"},\"query-input\":{\"@type\":\"PropertyValueSpecification\",\"valueRequired\":true,\"valueName\":\"search_term_string\"}}],\"inLanguage\":\"es\"},{\"@type\":\"Organization\",\"@id\":\"https:\/\/www.prokennex.eu\/es\/#organization\",\"name\":\"Pro Kennex s.r.l.\",\"url\":\"https:\/\/www.prokennex.eu\/es\/\",\"logo\":{\"@type\":\"ImageObject\",\"inLanguage\":\"es\",\"@id\":\"https:\/\/www.prokennex.eu\/es\/#\/schema\/logo\/image\/\",\"url\":\"https:\/\/www.prokennex.eu\/wp-content\/uploads\/2021\/09\/prokennex-logo.svg\",\"contentUrl\":\"https:\/\/www.prokennex.eu\/wp-content\/uploads\/2021\/09\/prokennex-logo.svg\",\"width\":\"1440\",\"height\":\"1080\",\"caption\":\"Pro Kennex s.r.l.\"},\"image\":{\"@id\":\"https:\/\/www.prokennex.eu\/es\/#\/schema\/logo\/image\/\"}}]}<\/script>\n<!-- \/ Yoast SEO plugin. -->","yoast_head_json":{"title":"Black Ace 105 - ProKennex Racchette e Accessori","robots":{"index":"index","follow":"follow","max-snippet":"max-snippet:-1","max-image-preview":"max-image-preview:large","max-video-preview":"max-video-preview:-1"},"canonical":"https:\/\/www.prokennex.eu\/es\/raquetas\/black-ace-105\/","og_locale":"es_ES","og_type":"article","og_title":"Black Ace 105 - ProKennex Racchette e Accessori","og_description":"La nouvelle Black Ace 105 conserve la g\u00e9om\u00e9trie et les caract\u00e9ristiques comp\u00e9titives de la Black Ace, avec un tamis de 105 in\u00b2 qui offre une grande r\u00e9activit\u00e9 et efficacit\u00e9 \u00e0 l'impact. La Black Ace 105 se distingue par une puissance extr\u00eame lors des phases offensives et des coups profonds. Con\u00e7ue pour un style de jeu agressif, m\u00eame en phase d\u00e9fensive, le cadre est compos\u00e9 de la nouvelle fibre de carbone Aurelian 24k et soutenu par la technologie FlexLogic, qui peut r\u00e9duire la d\u00e9formation de la t\u00eate du cadre, permettant au joueur de r\u00e9aliser le meilleur coup possible.  Le syst\u00e8me Kinetic exclusif \u00e0 l'int\u00e9rieur de la t\u00eate de la raquette augmente la puissance et procure un confort et une stabilit\u00e9 imm\u00e9diats au tamis.  La chambre d'amortissement Kinetic dans le manche \u00e9limine les vibrations des coups et r\u00e9duit consid\u00e9rablement la fatigue du bras.","og_url":"https:\/\/www.prokennex.eu\/es\/raquetas\/black-ace-105\/","og_site_name":"ProKennex Racchette e Accessori","article_modified_time":"2024-09-12T16:26:09+00:00","og_image":[{"width":2000,"height":2000,"url":"https:\/\/www.prokennex.eu\/wp-content\/uploads\/2022\/04\/black-ace-105.jpg","type":"image\/jpeg"}],"twitter_card":"summary_large_image","schema":{"@context":"https:\/\/schema.org","@graph":[{"@type":"WebPage","@id":"https:\/\/www.prokennex.eu\/es\/raquetas\/black-ace-105\/","url":"https:\/\/www.prokennex.eu\/es\/raquetas\/black-ace-105\/","name":"Black Ace 105 - ProKennex Racchette e Accessori","isPartOf":{"@id":"https:\/\/www.prokennex.eu\/es\/#website"},"primaryImageOfPage":{"@id":"https:\/\/www.prokennex.eu\/es\/raquetas\/black-ace-105\/#primaryimage"},"image":{"@id":"https:\/\/www.prokennex.eu\/es\/raquetas\/black-ace-105\/#primaryimage"},"thumbnailUrl":"https:\/\/www.prokennex.eu\/wp-content\/uploads\/2022\/04\/black-ace-105.jpg","datePublished":"2024-09-10T14:51:07+00:00","dateModified":"2024-09-12T16:26:09+00:00","breadcrumb":{"@id":"https:\/\/www.prokennex.eu\/es\/raquetas\/black-ace-105\/#breadcrumb"},"inLanguage":"es","potentialAction":[{"@type":"ReadAction","target":["https:\/\/www.prokennex.eu\/es\/raquetas\/black-ace-105\/"]}]},{"@type":"ImageObject","inLanguage":"es","@id":"https:\/\/www.prokennex.eu\/es\/raquetas\/black-ace-105\/#primaryimage","url":"https:\/\/www.prokennex.eu\/wp-content\/uploads\/2022\/04\/black-ace-105.jpg","contentUrl":"https:\/\/www.prokennex.eu\/wp-content\/uploads\/2022\/04\/black-ace-105.jpg","width":2000,"height":2000},{"@type":"BreadcrumbList","@id":"https:\/\/www.prokennex.eu\/es\/raquetas\/black-ace-105\/#breadcrumb","itemListElement":[{"@type":"ListItem","position":1,"name":"Shop","item":"https:\/\/www.prokennex.eu\/es\/negozio\/"},{"@type":"ListItem","position":2,"name":"Tennis","item":"https:\/\/www.prokennex.eu\/es\/tennis-es\/"},{"@type":"ListItem","position":3,"name":"Raquetas","item":"https:\/\/www.prokennex.eu\/es\/tennis-es\/raquetas\/"},{"@type":"ListItem","position":4,"name":"Black Ace 105"}]},{"@type":"WebSite","@id":"https:\/\/www.prokennex.eu\/es\/#website","url":"https:\/\/www.prokennex.eu\/es\/","name":"ProKennex Racchette e Accessori","description":"Tomorrow&#039;s Technologies","publisher":{"@id":"https:\/\/www.prokennex.eu\/es\/#organization"},"potentialAction":[{"@type":"SearchAction","target":{"@type":"EntryPoint","urlTemplate":"https:\/\/www.prokennex.eu\/es\/?s={search_term_string}"},"query-input":{"@type":"PropertyValueSpecification","valueRequired":true,"valueName":"search_term_string"}}],"inLanguage":"es"},{"@type":"Organization","@id":"https:\/\/www.prokennex.eu\/es\/#organization","name":"Pro Kennex s.r.l.","url":"https:\/\/www.prokennex.eu\/es\/","logo":{"@type":"ImageObject","inLanguage":"es","@id":"https:\/\/www.prokennex.eu\/es\/#\/schema\/logo\/image\/","url":"https:\/\/www.prokennex.eu\/wp-content\/uploads\/2021\/09\/prokennex-logo.svg","contentUrl":"https:\/\/www.prokennex.eu\/wp-content\/uploads\/2021\/09\/prokennex-logo.svg","width":"1440","height":"1080","caption":"Pro Kennex s.r.l."},"image":{"@id":"https:\/\/www.prokennex.eu\/es\/#\/schema\/logo\/image\/"}}]}},"_links":{"self":[{"href":"https:\/\/www.prokennex.eu\/es\/wp-json\/wp\/v2\/product\/10510","targetHints":{"allow":["GET"]}}],"collection":[{"href":"https:\/\/www.prokennex.eu\/es\/wp-json\/wp\/v2\/product"}],"about":[{"href":"https:\/\/www.prokennex.eu\/es\/wp-json\/wp\/v2\/types\/product"}],"replies":[{"embeddable":true,"href":"https:\/\/www.prokennex.eu\/es\/wp-json\/wp\/v2\/comments?post=10510"}],"wp:featuredmedia":[{"embeddable":true,"href":"https:\/\/www.prokennex.eu\/es\/wp-json\/wp\/v2\/media\/14035"}],"wp:attachment":[{"href":"https:\/\/www.prokennex.eu\/es\/wp-json\/wp\/v2\/media?parent=10510"}],"wp:term":[{"taxonomy":"tecnologia","embeddable":true,"href":"https:\/\/www.prokennex.eu\/es\/wp-json\/wp\/v2\/tecnologia?post=10510"},{"taxonomy":"product_brand","embeddable":true,"href":"https:\/\/www.prokennex.eu\/es\/wp-json\/wp\/v2\/product_brand?post=10510"},{"taxonomy":"product_cat","embeddable":true,"href":"https:\/\/www.prokennex.eu\/es\/wp-json\/wp\/v2\/product_cat?post=10510"},{"taxonomy":"product_tag","embeddable":true,"href":"https:\/\/www.prokennex.eu\/es\/wp-json\/wp\/v2\/product_tag?post=10510"}],"curies":[{"name":"wp","href":"https:\/\/api.w.org\/{rel}","templated":true}]}}