{"id":10456,"date":"2021-08-14T12:13:15","date_gmt":"2021-08-14T10:13:15","guid":{"rendered":"https:\/\/www.prokennex.eu\/sin%20categor\u00eda\/speed-ii-pro\/"},"modified":"2024-01-17T17:15:48","modified_gmt":"2024-01-17T16:15:48","slug":"speed-ii-pro","status":"publish","type":"product","link":"https:\/\/www.prokennex.eu\/es\/raquetas-pickleball\/speed-ii-pro\/","title":{"rendered":"Speed II Pro"},"content":{"rendered":"","protected":false},"excerpt":{"rendered":"<p>La serie Pro Speed II se ha creado para jugadores que exigen la m\u00e1xima calidad artesanal con una ingenier\u00eda y un dise\u00f1o sin igual en una pala de Pickleball profesional, potente y con una velocidad de punta fulgurante.<br \/>\nSu revestimiento patentado de 7 capas y su complejo compuesto, que incluye una piel blanda especialmente tratada con funci\u00f3n de agarre con efecto y el sistema de resina epoxi ProKennex Release, hacen de esta nuestra mejor pala para jugadores avanzados.<br \/>\nLa serie Pro Speed II es una pala de una sola pieza brillantemente dise\u00f1ada con una incrustaci\u00f3n de grafito, que la hace pr\u00e1cticamente indestructible.<\/p>\n","protected":false},"featured_media":11714,"comment_status":"open","ping_status":"closed","template":"","meta":{"_acf_changed":false},"tecnologia":[1329],"product_brand":[],"product_cat":[1603,1604],"product_tag":[],"class_list":{"0":"post-10456","1":"product","2":"type-product","3":"status-publish","4":"has-post-thumbnail","6":"tecnologia-kinetic-system-es","7":"product_cat-pickleball-es","8":"product_cat-raquetas-pickleball","10":"first","11":"outofstock","12":"taxable","13":"shipping-taxable","14":"purchasable","15":"product-type-variable"},"bundled_by":[],"bundle_stock_status":"outofstock","bundle_stock_quantity":null,"bundle_virtual":false,"bundle_layout":"","bundle_add_to_cart_form_location":"","bundle_editable_in_cart":false,"bundle_sold_individually_context":"","bundle_item_grouping":"","bundle_min_size":"","bundle_max_size":"","bundle_price":[],"bundled_items":[],"bundle_sell_ids":[],"acf":[],"yoast_head":"<!-- This site is optimized with the Yoast SEO plugin v27.1.1 - https:\/\/yoast.com\/product\/yoast-seo-wordpress\/ -->\n<title>Speed II Pro - ProKennex Racchette e Accessori<\/title>\n<meta name=\"description\" content=\"Su revestimiento patentado de 7 capas y su complejo compuesto, que incluye una piel blanda especialmente tratada con funci\u00f3n de agarre con efecto y el sistema de resina epoxi ProKennex Release, hacen de esta nuestra mejor pala para jugadores avanzados.\" \/>\n<meta name=\"robots\" content=\"index, follow, max-snippet:-1, max-image-preview:large, max-video-preview:-1\" \/>\n<link rel=\"canonical\" href=\"https:\/\/www.prokennex.eu\/es\/raquetas-pickleball\/speed-ii-pro\/\" \/>\n<meta property=\"og:locale\" content=\"es_ES\" \/>\n<meta property=\"og:type\" content=\"article\" \/>\n<meta property=\"og:title\" content=\"Speed II Pro - ProKennex Racchette e Accessori\" \/>\n<meta property=\"og:description\" content=\"Su revestimiento patentado de 7 capas y su complejo compuesto, que incluye una piel blanda especialmente tratada con funci\u00f3n de agarre con efecto y el sistema de resina epoxi ProKennex Release, hacen de esta nuestra mejor pala para jugadores avanzados.\" \/>\n<meta property=\"og:url\" content=\"https:\/\/www.prokennex.eu\/es\/raquetas-pickleball\/speed-ii-pro\/\" \/>\n<meta property=\"og:site_name\" content=\"ProKennex Racchette e Accessori\" \/>\n<meta property=\"article:modified_time\" content=\"2024-01-17T16:15:48+00:00\" \/>\n<meta property=\"og:image\" content=\"https:\/\/www.prokennex.eu\/wp-content\/uploads\/2022\/12\/prokennex-speed2-pro-green-1.jpg\" \/>\n\t<meta property=\"og:image:width\" content=\"2000\" \/>\n\t<meta property=\"og:image:height\" content=\"2000\" \/>\n\t<meta property=\"og:image:type\" content=\"image\/jpeg\" \/>\n<meta name=\"twitter:card\" content=\"summary_large_image\" \/>\n<script type=\"application\/ld+json\" class=\"yoast-schema-graph\">{\"@context\":\"https:\/\/schema.org\",\"@graph\":[{\"@type\":\"WebPage\",\"@id\":\"https:\/\/www.prokennex.eu\/es\/raquetas-pickleball\/speed-ii-pro\/\",\"url\":\"https:\/\/www.prokennex.eu\/es\/raquetas-pickleball\/speed-ii-pro\/\",\"name\":\"Speed II Pro - ProKennex Racchette e Accessori\",\"isPartOf\":{\"@id\":\"https:\/\/www.prokennex.eu\/es\/#website\"},\"primaryImageOfPage\":{\"@id\":\"https:\/\/www.prokennex.eu\/es\/raquetas-pickleball\/speed-ii-pro\/#primaryimage\"},\"image\":{\"@id\":\"https:\/\/www.prokennex.eu\/es\/raquetas-pickleball\/speed-ii-pro\/#primaryimage\"},\"thumbnailUrl\":\"https:\/\/www.prokennex.eu\/wp-content\/uploads\/2022\/12\/prokennex-speed2-pro-green-1.jpg\",\"datePublished\":\"2021-08-14T10:13:15+00:00\",\"dateModified\":\"2024-01-17T16:15:48+00:00\",\"description\":\"Su revestimiento patentado de 7 capas y su complejo compuesto, que incluye una piel blanda especialmente tratada con funci\u00f3n de agarre con efecto y el sistema de resina epoxi ProKennex Release, hacen de esta nuestra mejor pala para jugadores avanzados.\",\"breadcrumb\":{\"@id\":\"https:\/\/www.prokennex.eu\/es\/raquetas-pickleball\/speed-ii-pro\/#breadcrumb\"},\"inLanguage\":\"es\",\"potentialAction\":[{\"@type\":\"ReadAction\",\"target\":[\"https:\/\/www.prokennex.eu\/es\/raquetas-pickleball\/speed-ii-pro\/\"]}]},{\"@type\":\"ImageObject\",\"inLanguage\":\"es\",\"@id\":\"https:\/\/www.prokennex.eu\/es\/raquetas-pickleball\/speed-ii-pro\/#primaryimage\",\"url\":\"https:\/\/www.prokennex.eu\/wp-content\/uploads\/2022\/12\/prokennex-speed2-pro-green-1.jpg\",\"contentUrl\":\"https:\/\/www.prokennex.eu\/wp-content\/uploads\/2022\/12\/prokennex-speed2-pro-green-1.jpg\",\"width\":2000,\"height\":2000},{\"@type\":\"BreadcrumbList\",\"@id\":\"https:\/\/www.prokennex.eu\/es\/raquetas-pickleball\/speed-ii-pro\/#breadcrumb\",\"itemListElement\":[{\"@type\":\"ListItem\",\"position\":1,\"name\":\"Shop\",\"item\":\"https:\/\/www.prokennex.eu\/es\/negozio\/\"},{\"@type\":\"ListItem\",\"position\":2,\"name\":\"Pickleball\",\"item\":\"https:\/\/www.prokennex.eu\/es\/pickleball-es\/\"},{\"@type\":\"ListItem\",\"position\":3,\"name\":\"Raquetas\",\"item\":\"https:\/\/www.prokennex.eu\/es\/pickleball-es\/raquetas-pickleball\/\"},{\"@type\":\"ListItem\",\"position\":4,\"name\":\"Speed II Pro\"}]},{\"@type\":\"WebSite\",\"@id\":\"https:\/\/www.prokennex.eu\/es\/#website\",\"url\":\"https:\/\/www.prokennex.eu\/es\/\",\"name\":\"ProKennex Racchette e Accessori\",\"description\":\"Tomorrow&#039;s Technologies\",\"publisher\":{\"@id\":\"https:\/\/www.prokennex.eu\/es\/#organization\"},\"potentialAction\":[{\"@type\":\"SearchAction\",\"target\":{\"@type\":\"EntryPoint\",\"urlTemplate\":\"https:\/\/www.prokennex.eu\/es\/?s={search_term_string}\"},\"query-input\":{\"@type\":\"PropertyValueSpecification\",\"valueRequired\":true,\"valueName\":\"search_term_string\"}}],\"inLanguage\":\"es\"},{\"@type\":\"Organization\",\"@id\":\"https:\/\/www.prokennex.eu\/es\/#organization\",\"name\":\"Pro Kennex s.r.l.\",\"url\":\"https:\/\/www.prokennex.eu\/es\/\",\"logo\":{\"@type\":\"ImageObject\",\"inLanguage\":\"es\",\"@id\":\"https:\/\/www.prokennex.eu\/es\/#\/schema\/logo\/image\/\",\"url\":\"https:\/\/www.prokennex.eu\/wp-content\/uploads\/2021\/09\/prokennex-logo.svg\",\"contentUrl\":\"https:\/\/www.prokennex.eu\/wp-content\/uploads\/2021\/09\/prokennex-logo.svg\",\"width\":\"1440\",\"height\":\"1080\",\"caption\":\"Pro Kennex s.r.l.\"},\"image\":{\"@id\":\"https:\/\/www.prokennex.eu\/es\/#\/schema\/logo\/image\/\"}}]}<\/script>\n<!-- \/ Yoast SEO plugin. -->","yoast_head_json":{"title":"Speed II Pro - ProKennex Racchette e Accessori","description":"Su revestimiento patentado de 7 capas y su complejo compuesto, que incluye una piel blanda especialmente tratada con funci\u00f3n de agarre con efecto y el sistema de resina epoxi ProKennex Release, hacen de esta nuestra mejor pala para jugadores avanzados.","robots":{"index":"index","follow":"follow","max-snippet":"max-snippet:-1","max-image-preview":"max-image-preview:large","max-video-preview":"max-video-preview:-1"},"canonical":"https:\/\/www.prokennex.eu\/es\/raquetas-pickleball\/speed-ii-pro\/","og_locale":"es_ES","og_type":"article","og_title":"Speed II Pro - ProKennex Racchette e Accessori","og_description":"Su revestimiento patentado de 7 capas y su complejo compuesto, que incluye una piel blanda especialmente tratada con funci\u00f3n de agarre con efecto y el sistema de resina epoxi ProKennex Release, hacen de esta nuestra mejor pala para jugadores avanzados.","og_url":"https:\/\/www.prokennex.eu\/es\/raquetas-pickleball\/speed-ii-pro\/","og_site_name":"ProKennex Racchette e Accessori","article_modified_time":"2024-01-17T16:15:48+00:00","og_image":[{"width":2000,"height":2000,"url":"https:\/\/www.prokennex.eu\/wp-content\/uploads\/2022\/12\/prokennex-speed2-pro-green-1.jpg","type":"image\/jpeg"}],"twitter_card":"summary_large_image","schema":{"@context":"https:\/\/schema.org","@graph":[{"@type":"WebPage","@id":"https:\/\/www.prokennex.eu\/es\/raquetas-pickleball\/speed-ii-pro\/","url":"https:\/\/www.prokennex.eu\/es\/raquetas-pickleball\/speed-ii-pro\/","name":"Speed II Pro - ProKennex Racchette e Accessori","isPartOf":{"@id":"https:\/\/www.prokennex.eu\/es\/#website"},"primaryImageOfPage":{"@id":"https:\/\/www.prokennex.eu\/es\/raquetas-pickleball\/speed-ii-pro\/#primaryimage"},"image":{"@id":"https:\/\/www.prokennex.eu\/es\/raquetas-pickleball\/speed-ii-pro\/#primaryimage"},"thumbnailUrl":"https:\/\/www.prokennex.eu\/wp-content\/uploads\/2022\/12\/prokennex-speed2-pro-green-1.jpg","datePublished":"2021-08-14T10:13:15+00:00","dateModified":"2024-01-17T16:15:48+00:00","description":"Su revestimiento patentado de 7 capas y su complejo compuesto, que incluye una piel blanda especialmente tratada con funci\u00f3n de agarre con efecto y el sistema de resina epoxi ProKennex Release, hacen de esta nuestra mejor pala para jugadores avanzados.","breadcrumb":{"@id":"https:\/\/www.prokennex.eu\/es\/raquetas-pickleball\/speed-ii-pro\/#breadcrumb"},"inLanguage":"es","potentialAction":[{"@type":"ReadAction","target":["https:\/\/www.prokennex.eu\/es\/raquetas-pickleball\/speed-ii-pro\/"]}]},{"@type":"ImageObject","inLanguage":"es","@id":"https:\/\/www.prokennex.eu\/es\/raquetas-pickleball\/speed-ii-pro\/#primaryimage","url":"https:\/\/www.prokennex.eu\/wp-content\/uploads\/2022\/12\/prokennex-speed2-pro-green-1.jpg","contentUrl":"https:\/\/www.prokennex.eu\/wp-content\/uploads\/2022\/12\/prokennex-speed2-pro-green-1.jpg","width":2000,"height":2000},{"@type":"BreadcrumbList","@id":"https:\/\/www.prokennex.eu\/es\/raquetas-pickleball\/speed-ii-pro\/#breadcrumb","itemListElement":[{"@type":"ListItem","position":1,"name":"Shop","item":"https:\/\/www.prokennex.eu\/es\/negozio\/"},{"@type":"ListItem","position":2,"name":"Pickleball","item":"https:\/\/www.prokennex.eu\/es\/pickleball-es\/"},{"@type":"ListItem","position":3,"name":"Raquetas","item":"https:\/\/www.prokennex.eu\/es\/pickleball-es\/raquetas-pickleball\/"},{"@type":"ListItem","position":4,"name":"Speed II Pro"}]},{"@type":"WebSite","@id":"https:\/\/www.prokennex.eu\/es\/#website","url":"https:\/\/www.prokennex.eu\/es\/","name":"ProKennex Racchette e Accessori","description":"Tomorrow&#039;s Technologies","publisher":{"@id":"https:\/\/www.prokennex.eu\/es\/#organization"},"potentialAction":[{"@type":"SearchAction","target":{"@type":"EntryPoint","urlTemplate":"https:\/\/www.prokennex.eu\/es\/?s={search_term_string}"},"query-input":{"@type":"PropertyValueSpecification","valueRequired":true,"valueName":"search_term_string"}}],"inLanguage":"es"},{"@type":"Organization","@id":"https:\/\/www.prokennex.eu\/es\/#organization","name":"Pro Kennex s.r.l.","url":"https:\/\/www.prokennex.eu\/es\/","logo":{"@type":"ImageObject","inLanguage":"es","@id":"https:\/\/www.prokennex.eu\/es\/#\/schema\/logo\/image\/","url":"https:\/\/www.prokennex.eu\/wp-content\/uploads\/2021\/09\/prokennex-logo.svg","contentUrl":"https:\/\/www.prokennex.eu\/wp-content\/uploads\/2021\/09\/prokennex-logo.svg","width":"1440","height":"1080","caption":"Pro Kennex s.r.l."},"image":{"@id":"https:\/\/www.prokennex.eu\/es\/#\/schema\/logo\/image\/"}}]}},"_links":{"self":[{"href":"https:\/\/www.prokennex.eu\/es\/wp-json\/wp\/v2\/product\/10456","targetHints":{"allow":["GET"]}}],"collection":[{"href":"https:\/\/www.prokennex.eu\/es\/wp-json\/wp\/v2\/product"}],"about":[{"href":"https:\/\/www.prokennex.eu\/es\/wp-json\/wp\/v2\/types\/product"}],"replies":[{"embeddable":true,"href":"https:\/\/www.prokennex.eu\/es\/wp-json\/wp\/v2\/comments?post=10456"}],"wp:featuredmedia":[{"embeddable":true,"href":"https:\/\/www.prokennex.eu\/es\/wp-json\/wp\/v2\/media\/11714"}],"wp:attachment":[{"href":"https:\/\/www.prokennex.eu\/es\/wp-json\/wp\/v2\/media?parent=10456"}],"wp:term":[{"taxonomy":"tecnologia","embeddable":true,"href":"https:\/\/www.prokennex.eu\/es\/wp-json\/wp\/v2\/tecnologia?post=10456"},{"taxonomy":"product_brand","embeddable":true,"href":"https:\/\/www.prokennex.eu\/es\/wp-json\/wp\/v2\/product_brand?post=10456"},{"taxonomy":"product_cat","embeddable":true,"href":"https:\/\/www.prokennex.eu\/es\/wp-json\/wp\/v2\/product_cat?post=10456"},{"taxonomy":"product_tag","embeddable":true,"href":"https:\/\/www.prokennex.eu\/es\/wp-json\/wp\/v2\/product_tag?post=10456"}],"curies":[{"name":"wp","href":"https:\/\/api.w.org\/{rel}","templated":true}]}}