{"id":9642,"date":"2021-04-11T11:56:22","date_gmt":"2021-04-11T09:56:22","guid":{"rendered":"https:\/\/www.prokennex.eu\/informazioni-legali\/"},"modified":"2022-09-27T11:56:29","modified_gmt":"2022-09-27T09:56:29","slug":"aviso-legal","status":"publish","type":"page","link":"https:\/\/www.prokennex.eu\/es\/aviso-legal\/","title":{"rendered":"Aviso legal"},"content":{"rendered":"\n\t<section class=\"section\" id=\"section_748074932\">\n\t\t<div class=\"section-bg fill\" >\n\t\t\t\t\t\t\t\t\t\n\t\t\t\n\n\t\t<\/div>\n\n\t\t\n\n\t\t<div class=\"section-content relative\">\n\t\t\t\n<div class=\"row align-center\"  id=\"row-624801599\">\n\n\t<div id=\"col-793942465\" class=\"col medium-10 small-12 large-10\"  >\n\t\t\t\t<div class=\"col-inner\"  >\n\t\t\t\n\t\t\t\n<p><strong>prokennex.eu<\/strong>\u00a0es un sitio web de comercio electr\u00f3nico editado y administrado por\u00a0<strong>Pro Kennex s.r.l.<\/strong>, Via Della Volta 46\/a 25124 Brescia, N\u00fam. IVA \/ C.F. 02226210983.<\/p>\n<p><strong>Derechos de autor<\/strong><br \/>El dise\u00f1o del sitio web, su configuraci\u00f3n, las im\u00e1genes, las descripciones y las rese\u00f1as est\u00e1n protegidas por los derechos de autor de sus respectivos autores, representados por Pro Kennex s.r.l., salvo autorizaci\u00f3n por escrito. No obstante, est\u00e1 permitido imprimir, enviar por correo electr\u00f3nico y compartir a trav\u00e9s de la web cualquier imagen, descripci\u00f3n o rese\u00f1a.<\/p>\n<p><strong>Representaci\u00f3n de productos<\/strong><\/p>\n<p>La representaci\u00f3n gr\u00e1fica de los productos, im\u00e1genes o v\u00eddeos se realiza con el \u00fanico prop\u00f3sito comercial de ilustrar el producto y solamente es orientativa. Los productos pueden diferir de lo que aparece en la pantalla tanto por razones de configuraci\u00f3n del mismo (tono, color, etc.) como por motivos de derecho de cambio del producto\/color y nomenclatura por parte del fabricante. Adem\u00e1s, Pro Kennex s.r.l., con el fin de satisfacer el pedido del cliente, se reserva el derecho a enviar el producto solicitado tambi\u00e9n con un embalaje o una representaci\u00f3n diferente de la mostrada en la ficha del producto. Por tanto, Pro Kennex s.r.l. declina toda responsabilidad si estos cambios no significan variaciones en la pura funcionalidad del producto (como cambio de color del logotipo o texto, o incluso la posici\u00f3n).<\/p>\n\t\t<\/div>\n\t\t\t\t\t<\/div>\n\n\t\n<\/div>\n\t\t<\/div>\n\n\t\t\n<style>\n#section_748074932 {\n  padding-top: 30px;\n  padding-bottom: 30px;\n}\n<\/style>\n\t<\/section>\n\t\n","protected":false},"excerpt":{"rendered":"","protected":false},"author":1,"featured_media":0,"parent":0,"menu_order":0,"comment_status":"closed","ping_status":"closed","template":"","meta":{"_acf_changed":false,"footnotes":""},"class_list":["post-9642","page","type-page","status-publish","hentry"],"acf":[],"yoast_head":"<!-- This site is optimized with the Yoast SEO plugin v27.1.1 - https:\/\/yoast.com\/product\/yoast-seo-wordpress\/ -->\n<title>Aviso legal - ProKennex Racchette e Accessori<\/title>\n<meta name=\"robots\" content=\"index, follow, max-snippet:-1, max-image-preview:large, max-video-preview:-1\" \/>\n<link rel=\"canonical\" href=\"https:\/\/www.prokennex.eu\/es\/aviso-legal\/\" \/>\n<meta property=\"og:locale\" content=\"es_ES\" \/>\n<meta property=\"og:type\" content=\"article\" \/>\n<meta property=\"og:title\" content=\"Aviso legal - ProKennex Racchette e Accessori\" \/>\n<meta property=\"og:url\" content=\"https:\/\/www.prokennex.eu\/es\/aviso-legal\/\" \/>\n<meta property=\"og:site_name\" content=\"ProKennex Racchette e Accessori\" \/>\n<meta property=\"article:modified_time\" content=\"2022-09-27T09:56:29+00:00\" \/>\n<meta name=\"twitter:card\" content=\"summary_large_image\" \/>\n<script type=\"application\/ld+json\" class=\"yoast-schema-graph\">{\"@context\":\"https:\/\/schema.org\",\"@graph\":[{\"@type\":\"WebPage\",\"@id\":\"https:\/\/www.prokennex.eu\/es\/aviso-legal\/\",\"url\":\"https:\/\/www.prokennex.eu\/es\/aviso-legal\/\",\"name\":\"Aviso legal - ProKennex Racchette e Accessori\",\"isPartOf\":{\"@id\":\"https:\/\/www.prokennex.eu\/es\/#website\"},\"datePublished\":\"2021-04-11T09:56:22+00:00\",\"dateModified\":\"2022-09-27T09:56:29+00:00\",\"inLanguage\":\"es\",\"potentialAction\":[{\"@type\":\"ReadAction\",\"target\":[\"https:\/\/www.prokennex.eu\/es\/aviso-legal\/\"]}]},{\"@type\":\"WebSite\",\"@id\":\"https:\/\/www.prokennex.eu\/es\/#website\",\"url\":\"https:\/\/www.prokennex.eu\/es\/\",\"name\":\"ProKennex Racchette e Accessori\",\"description\":\"Tomorrow&#039;s Technologies\",\"publisher\":{\"@id\":\"https:\/\/www.prokennex.eu\/es\/#organization\"},\"potentialAction\":[{\"@type\":\"SearchAction\",\"target\":{\"@type\":\"EntryPoint\",\"urlTemplate\":\"https:\/\/www.prokennex.eu\/es\/?s={search_term_string}\"},\"query-input\":{\"@type\":\"PropertyValueSpecification\",\"valueRequired\":true,\"valueName\":\"search_term_string\"}}],\"inLanguage\":\"es\"},{\"@type\":\"Organization\",\"@id\":\"https:\/\/www.prokennex.eu\/es\/#organization\",\"name\":\"Pro Kennex s.r.l.\",\"url\":\"https:\/\/www.prokennex.eu\/es\/\",\"logo\":{\"@type\":\"ImageObject\",\"inLanguage\":\"es\",\"@id\":\"https:\/\/www.prokennex.eu\/es\/#\/schema\/logo\/image\/\",\"url\":\"https:\/\/www.prokennex.eu\/wp-content\/uploads\/2021\/09\/prokennex-logo.svg\",\"contentUrl\":\"https:\/\/www.prokennex.eu\/wp-content\/uploads\/2021\/09\/prokennex-logo.svg\",\"width\":\"1440\",\"height\":\"1080\",\"caption\":\"Pro Kennex s.r.l.\"},\"image\":{\"@id\":\"https:\/\/www.prokennex.eu\/es\/#\/schema\/logo\/image\/\"}}]}<\/script>\n<!-- \/ Yoast SEO plugin. -->","yoast_head_json":{"title":"Aviso legal - ProKennex Racchette e Accessori","robots":{"index":"index","follow":"follow","max-snippet":"max-snippet:-1","max-image-preview":"max-image-preview:large","max-video-preview":"max-video-preview:-1"},"canonical":"https:\/\/www.prokennex.eu\/es\/aviso-legal\/","og_locale":"es_ES","og_type":"article","og_title":"Aviso legal - ProKennex Racchette e Accessori","og_url":"https:\/\/www.prokennex.eu\/es\/aviso-legal\/","og_site_name":"ProKennex Racchette e Accessori","article_modified_time":"2022-09-27T09:56:29+00:00","twitter_card":"summary_large_image","schema":{"@context":"https:\/\/schema.org","@graph":[{"@type":"WebPage","@id":"https:\/\/www.prokennex.eu\/es\/aviso-legal\/","url":"https:\/\/www.prokennex.eu\/es\/aviso-legal\/","name":"Aviso legal - ProKennex Racchette e Accessori","isPartOf":{"@id":"https:\/\/www.prokennex.eu\/es\/#website"},"datePublished":"2021-04-11T09:56:22+00:00","dateModified":"2022-09-27T09:56:29+00:00","inLanguage":"es","potentialAction":[{"@type":"ReadAction","target":["https:\/\/www.prokennex.eu\/es\/aviso-legal\/"]}]},{"@type":"WebSite","@id":"https:\/\/www.prokennex.eu\/es\/#website","url":"https:\/\/www.prokennex.eu\/es\/","name":"ProKennex Racchette e Accessori","description":"Tomorrow&#039;s Technologies","publisher":{"@id":"https:\/\/www.prokennex.eu\/es\/#organization"},"potentialAction":[{"@type":"SearchAction","target":{"@type":"EntryPoint","urlTemplate":"https:\/\/www.prokennex.eu\/es\/?s={search_term_string}"},"query-input":{"@type":"PropertyValueSpecification","valueRequired":true,"valueName":"search_term_string"}}],"inLanguage":"es"},{"@type":"Organization","@id":"https:\/\/www.prokennex.eu\/es\/#organization","name":"Pro Kennex s.r.l.","url":"https:\/\/www.prokennex.eu\/es\/","logo":{"@type":"ImageObject","inLanguage":"es","@id":"https:\/\/www.prokennex.eu\/es\/#\/schema\/logo\/image\/","url":"https:\/\/www.prokennex.eu\/wp-content\/uploads\/2021\/09\/prokennex-logo.svg","contentUrl":"https:\/\/www.prokennex.eu\/wp-content\/uploads\/2021\/09\/prokennex-logo.svg","width":"1440","height":"1080","caption":"Pro Kennex s.r.l."},"image":{"@id":"https:\/\/www.prokennex.eu\/es\/#\/schema\/logo\/image\/"}}]}},"_links":{"self":[{"href":"https:\/\/www.prokennex.eu\/es\/wp-json\/wp\/v2\/pages\/9642","targetHints":{"allow":["GET"]}}],"collection":[{"href":"https:\/\/www.prokennex.eu\/es\/wp-json\/wp\/v2\/pages"}],"about":[{"href":"https:\/\/www.prokennex.eu\/es\/wp-json\/wp\/v2\/types\/page"}],"author":[{"embeddable":true,"href":"https:\/\/www.prokennex.eu\/es\/wp-json\/wp\/v2\/users\/1"}],"replies":[{"embeddable":true,"href":"https:\/\/www.prokennex.eu\/es\/wp-json\/wp\/v2\/comments?post=9642"}],"version-history":[{"count":3,"href":"https:\/\/www.prokennex.eu\/es\/wp-json\/wp\/v2\/pages\/9642\/revisions"}],"predecessor-version":[{"id":10532,"href":"https:\/\/www.prokennex.eu\/es\/wp-json\/wp\/v2\/pages\/9642\/revisions\/10532"}],"wp:attachment":[{"href":"https:\/\/www.prokennex.eu\/es\/wp-json\/wp\/v2\/media?parent=9642"}],"curies":[{"name":"wp","href":"https:\/\/api.w.org\/{rel}","templated":true}]}}