{"id":8209,"date":"2021-12-23T14:02:49","date_gmt":"2021-12-23T13:02:49","guid":{"rendered":"https:\/\/www.prokennex.eu\/?post_type=product&#038;p=8209"},"modified":"2022-10-29T11:03:45","modified_gmt":"2022-10-29T09:03:45","slug":"expert-tx-set","status":"publish","type":"product","link":"https:\/\/www.prokennex.eu\/de\/multifaser-saite-tennis\/expert-tx-set\/","title":{"rendered":"Expert Tx Set"},"content":{"rendered":"","protected":false},"excerpt":{"rendered":"<p>Saite mit einem zentralen Kern aus hochresistenter, Nylon-66 Monofilamentfaser. Umgeben von einem verdrillten Multifilamentfasermantel von unterschiedlichem Durchmesser. Diese Saite ist eine Mischung aus Kontrolle, Sensibilit\u00e4t und Leistung. Die thermische Behandlung dieser Saite verringert die Verschiebung der L\u00e4ngssaiten w\u00e4hrend des Spiels.<\/p>\n","protected":false},"featured_media":10012,"comment_status":"open","ping_status":"closed","template":"","meta":{"_acf_changed":false},"tecnologia":[],"product_brand":[],"product_cat":[1505,1496,1501],"product_tag":[],"class_list":{"0":"post-8209","1":"product","2":"type-product","3":"status-publish","4":"has-post-thumbnail","6":"product_cat-multifaser-saite-tennis","7":"product_cat-tennis-de","8":"product_cat-xtras-tennis-de","10":"first","11":"outofstock","12":"taxable","13":"shipping-taxable","14":"purchasable","15":"product-type-variable"},"bundled_by":[],"bundle_stock_status":"outofstock","bundle_stock_quantity":null,"bundle_virtual":false,"bundle_layout":"","bundle_add_to_cart_form_location":"","bundle_editable_in_cart":false,"bundle_sold_individually_context":"","bundle_item_grouping":"","bundle_min_size":"","bundle_max_size":"","bundle_price":[],"bundled_items":[],"bundle_sell_ids":[],"acf":[],"yoast_head":"<!-- This site is optimized with the Yoast SEO plugin v27.1.1 - https:\/\/yoast.com\/product\/yoast-seo-wordpress\/ -->\n<title>Expert Tx Set - ProKennex Racchette e Accessori<\/title>\n<meta name=\"robots\" content=\"index, follow, max-snippet:-1, max-image-preview:large, max-video-preview:-1\" \/>\n<link rel=\"canonical\" href=\"https:\/\/www.prokennex.eu\/de\/multifaser-saite-tennis\/expert-tx-set\/\" \/>\n<meta property=\"og:locale\" content=\"de_DE\" \/>\n<meta property=\"og:type\" content=\"article\" \/>\n<meta property=\"og:title\" content=\"Expert Tx Set - ProKennex Racchette e Accessori\" \/>\n<meta property=\"og:description\" content=\"Saite mit einem zentralen Kern aus hochresistenter, Nylon-66 Monofilamentfaser. Umgeben von einem verdrillten Multifilamentfasermantel von unterschiedlichem Durchmesser. Diese Saite ist eine Mischung aus Kontrolle, Sensibilit\u00e4t und Leistung. Die thermische Behandlung dieser Saite verringert die Verschiebung der L\u00e4ngssaiten w\u00e4hrend des Spiels.\" \/>\n<meta property=\"og:url\" content=\"https:\/\/www.prokennex.eu\/de\/multifaser-saite-tennis\/expert-tx-set\/\" \/>\n<meta property=\"og:site_name\" content=\"ProKennex Racchette e Accessori\" \/>\n<meta property=\"article:modified_time\" content=\"2022-10-29T09:03:45+00:00\" \/>\n<meta property=\"og:image\" content=\"https:\/\/www.prokennex.eu\/wp-content\/uploads\/2022\/09\/prokennex_20221383-scaled.jpg\" \/>\n\t<meta property=\"og:image:width\" content=\"2560\" \/>\n\t<meta property=\"og:image:height\" content=\"2505\" \/>\n\t<meta property=\"og:image:type\" content=\"image\/jpeg\" \/>\n<meta name=\"twitter:card\" content=\"summary_large_image\" \/>\n<script type=\"application\/ld+json\" class=\"yoast-schema-graph\">{\"@context\":\"https:\/\/schema.org\",\"@graph\":[{\"@type\":\"WebPage\",\"@id\":\"https:\/\/www.prokennex.eu\/de\/multifaser-saite-tennis\/expert-tx-set\/\",\"url\":\"https:\/\/www.prokennex.eu\/de\/multifaser-saite-tennis\/expert-tx-set\/\",\"name\":\"Expert Tx Set - ProKennex Racchette e Accessori\",\"isPartOf\":{\"@id\":\"https:\/\/www.prokennex.eu\/de\/#website\"},\"primaryImageOfPage\":{\"@id\":\"https:\/\/www.prokennex.eu\/de\/multifaser-saite-tennis\/expert-tx-set\/#primaryimage\"},\"image\":{\"@id\":\"https:\/\/www.prokennex.eu\/de\/multifaser-saite-tennis\/expert-tx-set\/#primaryimage\"},\"thumbnailUrl\":\"https:\/\/www.prokennex.eu\/wp-content\/uploads\/2022\/09\/prokennex_20221383-scaled.jpg\",\"datePublished\":\"2021-12-23T13:02:49+00:00\",\"dateModified\":\"2022-10-29T09:03:45+00:00\",\"breadcrumb\":{\"@id\":\"https:\/\/www.prokennex.eu\/de\/multifaser-saite-tennis\/expert-tx-set\/#breadcrumb\"},\"inLanguage\":\"de\",\"potentialAction\":[{\"@type\":\"ReadAction\",\"target\":[\"https:\/\/www.prokennex.eu\/de\/multifaser-saite-tennis\/expert-tx-set\/\"]}]},{\"@type\":\"ImageObject\",\"inLanguage\":\"de\",\"@id\":\"https:\/\/www.prokennex.eu\/de\/multifaser-saite-tennis\/expert-tx-set\/#primaryimage\",\"url\":\"https:\/\/www.prokennex.eu\/wp-content\/uploads\/2022\/09\/prokennex_20221383-scaled.jpg\",\"contentUrl\":\"https:\/\/www.prokennex.eu\/wp-content\/uploads\/2022\/09\/prokennex_20221383-scaled.jpg\",\"width\":2560,\"height\":2505},{\"@type\":\"BreadcrumbList\",\"@id\":\"https:\/\/www.prokennex.eu\/de\/multifaser-saite-tennis\/expert-tx-set\/#breadcrumb\",\"itemListElement\":[{\"@type\":\"ListItem\",\"position\":1,\"name\":\"Shop\",\"item\":\"https:\/\/www.prokennex.eu\/de\/negozio\/\"},{\"@type\":\"ListItem\",\"position\":2,\"name\":\"Tennis\",\"item\":\"https:\/\/www.prokennex.eu\/de\/tennis-de\/\"},{\"@type\":\"ListItem\",\"position\":3,\"name\":\"XTRAS\",\"item\":\"https:\/\/www.prokennex.eu\/de\/tennis-de\/xtras-tennis-de\/\"},{\"@type\":\"ListItem\",\"position\":4,\"name\":\"Multifaser-Saite\",\"item\":\"https:\/\/www.prokennex.eu\/de\/tennis-de\/xtras-tennis-de\/multifaser-saite-tennis\/\"},{\"@type\":\"ListItem\",\"position\":5,\"name\":\"Expert Tx Set\"}]},{\"@type\":\"WebSite\",\"@id\":\"https:\/\/www.prokennex.eu\/de\/#website\",\"url\":\"https:\/\/www.prokennex.eu\/de\/\",\"name\":\"ProKennex Racchette e Accessori\",\"description\":\"Tomorrow&#039;s Tachnologies\",\"publisher\":{\"@id\":\"https:\/\/www.prokennex.eu\/de\/#organization\"},\"potentialAction\":[{\"@type\":\"SearchAction\",\"target\":{\"@type\":\"EntryPoint\",\"urlTemplate\":\"https:\/\/www.prokennex.eu\/de\/?s={search_term_string}\"},\"query-input\":{\"@type\":\"PropertyValueSpecification\",\"valueRequired\":true,\"valueName\":\"search_term_string\"}}],\"inLanguage\":\"de\"},{\"@type\":\"Organization\",\"@id\":\"https:\/\/www.prokennex.eu\/de\/#organization\",\"name\":\"Pro Kennex s.r.l.\",\"url\":\"https:\/\/www.prokennex.eu\/de\/\",\"logo\":{\"@type\":\"ImageObject\",\"inLanguage\":\"de\",\"@id\":\"https:\/\/www.prokennex.eu\/de\/#\/schema\/logo\/image\/\",\"url\":\"https:\/\/www.prokennex.eu\/wp-content\/uploads\/2021\/09\/prokennex-logo.svg\",\"contentUrl\":\"https:\/\/www.prokennex.eu\/wp-content\/uploads\/2021\/09\/prokennex-logo.svg\",\"width\":\"1440\",\"height\":\"1080\",\"caption\":\"Pro Kennex s.r.l.\"},\"image\":{\"@id\":\"https:\/\/www.prokennex.eu\/de\/#\/schema\/logo\/image\/\"}}]}<\/script>\n<!-- \/ Yoast SEO plugin. -->","yoast_head_json":{"title":"Expert Tx Set - ProKennex Racchette e Accessori","robots":{"index":"index","follow":"follow","max-snippet":"max-snippet:-1","max-image-preview":"max-image-preview:large","max-video-preview":"max-video-preview:-1"},"canonical":"https:\/\/www.prokennex.eu\/de\/multifaser-saite-tennis\/expert-tx-set\/","og_locale":"de_DE","og_type":"article","og_title":"Expert Tx Set - ProKennex Racchette e Accessori","og_description":"Saite mit einem zentralen Kern aus hochresistenter, Nylon-66 Monofilamentfaser. Umgeben von einem verdrillten Multifilamentfasermantel von unterschiedlichem Durchmesser. Diese Saite ist eine Mischung aus Kontrolle, Sensibilit\u00e4t und Leistung. Die thermische Behandlung dieser Saite verringert die Verschiebung der L\u00e4ngssaiten w\u00e4hrend des Spiels.","og_url":"https:\/\/www.prokennex.eu\/de\/multifaser-saite-tennis\/expert-tx-set\/","og_site_name":"ProKennex Racchette e Accessori","article_modified_time":"2022-10-29T09:03:45+00:00","og_image":[{"width":2560,"height":2505,"url":"https:\/\/www.prokennex.eu\/wp-content\/uploads\/2022\/09\/prokennex_20221383-scaled.jpg","type":"image\/jpeg"}],"twitter_card":"summary_large_image","schema":{"@context":"https:\/\/schema.org","@graph":[{"@type":"WebPage","@id":"https:\/\/www.prokennex.eu\/de\/multifaser-saite-tennis\/expert-tx-set\/","url":"https:\/\/www.prokennex.eu\/de\/multifaser-saite-tennis\/expert-tx-set\/","name":"Expert Tx Set - ProKennex Racchette e Accessori","isPartOf":{"@id":"https:\/\/www.prokennex.eu\/de\/#website"},"primaryImageOfPage":{"@id":"https:\/\/www.prokennex.eu\/de\/multifaser-saite-tennis\/expert-tx-set\/#primaryimage"},"image":{"@id":"https:\/\/www.prokennex.eu\/de\/multifaser-saite-tennis\/expert-tx-set\/#primaryimage"},"thumbnailUrl":"https:\/\/www.prokennex.eu\/wp-content\/uploads\/2022\/09\/prokennex_20221383-scaled.jpg","datePublished":"2021-12-23T13:02:49+00:00","dateModified":"2022-10-29T09:03:45+00:00","breadcrumb":{"@id":"https:\/\/www.prokennex.eu\/de\/multifaser-saite-tennis\/expert-tx-set\/#breadcrumb"},"inLanguage":"de","potentialAction":[{"@type":"ReadAction","target":["https:\/\/www.prokennex.eu\/de\/multifaser-saite-tennis\/expert-tx-set\/"]}]},{"@type":"ImageObject","inLanguage":"de","@id":"https:\/\/www.prokennex.eu\/de\/multifaser-saite-tennis\/expert-tx-set\/#primaryimage","url":"https:\/\/www.prokennex.eu\/wp-content\/uploads\/2022\/09\/prokennex_20221383-scaled.jpg","contentUrl":"https:\/\/www.prokennex.eu\/wp-content\/uploads\/2022\/09\/prokennex_20221383-scaled.jpg","width":2560,"height":2505},{"@type":"BreadcrumbList","@id":"https:\/\/www.prokennex.eu\/de\/multifaser-saite-tennis\/expert-tx-set\/#breadcrumb","itemListElement":[{"@type":"ListItem","position":1,"name":"Shop","item":"https:\/\/www.prokennex.eu\/de\/negozio\/"},{"@type":"ListItem","position":2,"name":"Tennis","item":"https:\/\/www.prokennex.eu\/de\/tennis-de\/"},{"@type":"ListItem","position":3,"name":"XTRAS","item":"https:\/\/www.prokennex.eu\/de\/tennis-de\/xtras-tennis-de\/"},{"@type":"ListItem","position":4,"name":"Multifaser-Saite","item":"https:\/\/www.prokennex.eu\/de\/tennis-de\/xtras-tennis-de\/multifaser-saite-tennis\/"},{"@type":"ListItem","position":5,"name":"Expert Tx Set"}]},{"@type":"WebSite","@id":"https:\/\/www.prokennex.eu\/de\/#website","url":"https:\/\/www.prokennex.eu\/de\/","name":"ProKennex Racchette e Accessori","description":"Tomorrow&#039;s Tachnologies","publisher":{"@id":"https:\/\/www.prokennex.eu\/de\/#organization"},"potentialAction":[{"@type":"SearchAction","target":{"@type":"EntryPoint","urlTemplate":"https:\/\/www.prokennex.eu\/de\/?s={search_term_string}"},"query-input":{"@type":"PropertyValueSpecification","valueRequired":true,"valueName":"search_term_string"}}],"inLanguage":"de"},{"@type":"Organization","@id":"https:\/\/www.prokennex.eu\/de\/#organization","name":"Pro Kennex s.r.l.","url":"https:\/\/www.prokennex.eu\/de\/","logo":{"@type":"ImageObject","inLanguage":"de","@id":"https:\/\/www.prokennex.eu\/de\/#\/schema\/logo\/image\/","url":"https:\/\/www.prokennex.eu\/wp-content\/uploads\/2021\/09\/prokennex-logo.svg","contentUrl":"https:\/\/www.prokennex.eu\/wp-content\/uploads\/2021\/09\/prokennex-logo.svg","width":"1440","height":"1080","caption":"Pro Kennex s.r.l."},"image":{"@id":"https:\/\/www.prokennex.eu\/de\/#\/schema\/logo\/image\/"}}]}},"_links":{"self":[{"href":"https:\/\/www.prokennex.eu\/de\/wp-json\/wp\/v2\/product\/8209","targetHints":{"allow":["GET"]}}],"collection":[{"href":"https:\/\/www.prokennex.eu\/de\/wp-json\/wp\/v2\/product"}],"about":[{"href":"https:\/\/www.prokennex.eu\/de\/wp-json\/wp\/v2\/types\/product"}],"replies":[{"embeddable":true,"href":"https:\/\/www.prokennex.eu\/de\/wp-json\/wp\/v2\/comments?post=8209"}],"wp:featuredmedia":[{"embeddable":true,"href":"https:\/\/www.prokennex.eu\/de\/wp-json\/wp\/v2\/media\/10012"}],"wp:attachment":[{"href":"https:\/\/www.prokennex.eu\/de\/wp-json\/wp\/v2\/media?parent=8209"}],"wp:term":[{"taxonomy":"tecnologia","embeddable":true,"href":"https:\/\/www.prokennex.eu\/de\/wp-json\/wp\/v2\/tecnologia?post=8209"},{"taxonomy":"product_brand","embeddable":true,"href":"https:\/\/www.prokennex.eu\/de\/wp-json\/wp\/v2\/product_brand?post=8209"},{"taxonomy":"product_cat","embeddable":true,"href":"https:\/\/www.prokennex.eu\/de\/wp-json\/wp\/v2\/product_cat?post=8209"},{"taxonomy":"product_tag","embeddable":true,"href":"https:\/\/www.prokennex.eu\/de\/wp-json\/wp\/v2\/product_tag?post=8209"}],"curies":[{"name":"wp","href":"https:\/\/api.w.org\/{rel}","templated":true}]}}