{"id":3623,"date":"2024-09-10T09:13:26","date_gmt":"2024-09-10T07:13:26","guid":{"rendered":"https:\/\/www.prokennex.eu\/?post_type=product&#038;p=3623"},"modified":"2025-07-10T14:04:39","modified_gmt":"2025-07-10T12:04:39","slug":"black-ace-pro","status":"publish","type":"product","link":"https:\/\/www.prokennex.eu\/de\/schlager\/black-ace-pro\/","title":{"rendered":"Black Ace Pro"},"content":{"rendered":"","protected":false},"excerpt":{"rendered":"<p>Die neue Black Ace Pro bietet einen wettbewerbsf\u00e4higen Rahmen mit noch extremeren Eigenschaften als die Black Ace. Entwickelt mit <strong>Aurelian Carbon<\/strong> 24k und unterst\u00fctzt durch die <strong>FlexLogic<\/strong>-Technologie, die die Verformung des Rahmenkopfes reduzieren kann und es dem Spieler erm\u00f6glicht, den bestm\u00f6glichen Schlag auszuf\u00fchren. Sie verf\u00fcgt \u00fcber ein 97 in\u00b2 gro\u00dfes Bespannungsfeld und ein schmales Profil f\u00fcr ein absolutes Ballgef\u00fchl. Schnell und pr\u00e4zise im Ausstieg, erm\u00f6glicht die neue Black Ace Pro eine hohe Beschleunigung und beste Kontrolle.<\/p>\n<p>Die Black Ace Pro ist der ideale Schl\u00e4ger f\u00fcr den aggressiven Tennisspieler, der das moderne Spiel liebt, bei dem Angriff die beste Verteidigung ist.<\/p>\n<p>Das exklusive <strong>Kinetic System<\/strong> im Schl\u00e4gerkopf erh\u00f6ht die Kraft und bietet sofortigen Komfort und Stabilit\u00e4t im Bespannungsfeld. Die <strong>Kinetic Damping Chamber<\/strong> im Griff eliminiert Schwingungsvibrationen und reduziert signifikant die Erm\u00fcdung des Arms.<\/p>\n","protected":false},"featured_media":14054,"comment_status":"open","ping_status":"closed","template":"","meta":{"_acf_changed":false},"tecnologia":[2045,1334,1328],"product_brand":[],"product_cat":[1496,1497],"product_tag":[2056],"class_list":{"0":"post-3623","1":"product","2":"type-product","3":"status-publish","4":"has-post-thumbnail","6":"tecnologia-aurelian-carbon-de","7":"tecnologia-ionic-technology-de","8":"tecnologia-kinetic-system-de","9":"product_cat-tennis-de","10":"product_cat-schlager","11":"product_tag-ace-station-de","13":"first","14":"instock","15":"taxable","16":"shipping-taxable","17":"purchasable","18":"product-type-variable","19":"has-default-attributes"},"bundled_by":[],"bundle_stock_status":"instock","bundle_stock_quantity":null,"bundle_virtual":false,"bundle_layout":"","bundle_add_to_cart_form_location":"","bundle_editable_in_cart":false,"bundle_sold_individually_context":"","bundle_item_grouping":"","bundle_min_size":"","bundle_max_size":"","bundle_price":[],"bundled_items":[],"bundle_sell_ids":[],"acf":[],"yoast_head":"<!-- This site is optimized with the Yoast SEO plugin v27.4 - https:\/\/yoast.com\/product\/yoast-seo-wordpress\/ -->\n<title>Black Ace Pro - ProKennex Racchette e Accessori<\/title>\n<meta name=\"robots\" content=\"index, follow, max-snippet:-1, max-image-preview:large, max-video-preview:-1\" \/>\n<link rel=\"canonical\" href=\"https:\/\/www.prokennex.eu\/de\/schlager\/black-ace-pro\/\" \/>\n<meta property=\"og:locale\" content=\"de_DE\" \/>\n<meta property=\"og:type\" content=\"article\" \/>\n<meta property=\"og:title\" content=\"Black Ace Pro - ProKennex Racchette e Accessori\" \/>\n<meta property=\"og:description\" content=\"Die neue Black Ace Pro bietet einen wettbewerbsf\u00e4higen Rahmen mit noch extremeren Eigenschaften als die Black Ace. Entwickelt mit Aurelian Carbon 24k und unterst\u00fctzt durch die FlexLogic-Technologie, die die Verformung des Rahmenkopfes reduzieren kann und es dem Spieler erm\u00f6glicht, den bestm\u00f6glichen Schlag auszuf\u00fchren. Sie verf\u00fcgt \u00fcber ein 97 in\u00b2 gro\u00dfes Bespannungsfeld und ein schmales Profil f\u00fcr ein absolutes Ballgef\u00fchl. Schnell und pr\u00e4zise im Ausstieg, erm\u00f6glicht die neue Black Ace Pro eine hohe Beschleunigung und beste Kontrolle.  Die Black Ace Pro ist der ideale Schl\u00e4ger f\u00fcr den aggressiven Tennisspieler, der das moderne Spiel liebt, bei dem Angriff die beste Verteidigung ist.  Das exklusive Kinetic System im Schl\u00e4gerkopf erh\u00f6ht die Kraft und bietet sofortigen Komfort und Stabilit\u00e4t im Bespannungsfeld. Die Kinetic Damping Chamber im Griff eliminiert Schwingungsvibrationen und reduziert signifikant die Erm\u00fcdung des Arms.\" \/>\n<meta property=\"og:url\" content=\"https:\/\/www.prokennex.eu\/de\/schlager\/black-ace-pro\/\" \/>\n<meta property=\"og:site_name\" content=\"ProKennex Racchette e Accessori\" \/>\n<meta property=\"article:modified_time\" content=\"2025-07-10T12:04:39+00:00\" \/>\n<meta property=\"og:image\" content=\"https:\/\/www.prokennex.eu\/wp-content\/uploads\/2021\/04\/black-ace-pro.jpg\" \/>\n\t<meta property=\"og:image:width\" content=\"2000\" \/>\n\t<meta property=\"og:image:height\" content=\"2000\" \/>\n\t<meta property=\"og:image:type\" content=\"image\/jpeg\" \/>\n<meta name=\"twitter:card\" content=\"summary_large_image\" \/>\n<script type=\"application\/ld+json\" class=\"yoast-schema-graph\">{\"@context\":\"https:\\\/\\\/schema.org\",\"@graph\":[{\"@type\":\"WebPage\",\"@id\":\"https:\\\/\\\/www.prokennex.eu\\\/de\\\/schlager\\\/black-ace-pro\\\/\",\"url\":\"https:\\\/\\\/www.prokennex.eu\\\/de\\\/schlager\\\/black-ace-pro\\\/\",\"name\":\"Black Ace Pro - ProKennex Racchette e Accessori\",\"isPartOf\":{\"@id\":\"https:\\\/\\\/www.prokennex.eu\\\/de\\\/#website\"},\"primaryImageOfPage\":{\"@id\":\"https:\\\/\\\/www.prokennex.eu\\\/de\\\/schlager\\\/black-ace-pro\\\/#primaryimage\"},\"image\":{\"@id\":\"https:\\\/\\\/www.prokennex.eu\\\/de\\\/schlager\\\/black-ace-pro\\\/#primaryimage\"},\"thumbnailUrl\":\"https:\\\/\\\/www.prokennex.eu\\\/wp-content\\\/uploads\\\/2021\\\/04\\\/black-ace-pro.jpg\",\"datePublished\":\"2024-09-10T07:13:26+00:00\",\"dateModified\":\"2025-07-10T12:04:39+00:00\",\"breadcrumb\":{\"@id\":\"https:\\\/\\\/www.prokennex.eu\\\/de\\\/schlager\\\/black-ace-pro\\\/#breadcrumb\"},\"inLanguage\":\"de\",\"potentialAction\":[{\"@type\":\"ReadAction\",\"target\":[\"https:\\\/\\\/www.prokennex.eu\\\/de\\\/schlager\\\/black-ace-pro\\\/\"]}]},{\"@type\":\"ImageObject\",\"inLanguage\":\"de\",\"@id\":\"https:\\\/\\\/www.prokennex.eu\\\/de\\\/schlager\\\/black-ace-pro\\\/#primaryimage\",\"url\":\"https:\\\/\\\/www.prokennex.eu\\\/wp-content\\\/uploads\\\/2021\\\/04\\\/black-ace-pro.jpg\",\"contentUrl\":\"https:\\\/\\\/www.prokennex.eu\\\/wp-content\\\/uploads\\\/2021\\\/04\\\/black-ace-pro.jpg\",\"width\":2000,\"height\":2000},{\"@type\":\"BreadcrumbList\",\"@id\":\"https:\\\/\\\/www.prokennex.eu\\\/de\\\/schlager\\\/black-ace-pro\\\/#breadcrumb\",\"itemListElement\":[{\"@type\":\"ListItem\",\"position\":1,\"name\":\"Shop\",\"item\":\"https:\\\/\\\/www.prokennex.eu\\\/de\\\/negozio\\\/\"},{\"@type\":\"ListItem\",\"position\":2,\"name\":\"Tennis\",\"item\":\"https:\\\/\\\/www.prokennex.eu\\\/de\\\/tennis-de\\\/\"},{\"@type\":\"ListItem\",\"position\":3,\"name\":\"Schl\u00e4ger\",\"item\":\"https:\\\/\\\/www.prokennex.eu\\\/de\\\/tennis-de\\\/schlager\\\/\"},{\"@type\":\"ListItem\",\"position\":4,\"name\":\"Black Ace Pro\"}]},{\"@type\":\"WebSite\",\"@id\":\"https:\\\/\\\/www.prokennex.eu\\\/de\\\/#website\",\"url\":\"https:\\\/\\\/www.prokennex.eu\\\/de\\\/\",\"name\":\"ProKennex Racchette e Accessori\",\"description\":\"Tomorrow&#039;s Tachnologies\",\"publisher\":{\"@id\":\"https:\\\/\\\/www.prokennex.eu\\\/de\\\/#organization\"},\"potentialAction\":[{\"@type\":\"SearchAction\",\"target\":{\"@type\":\"EntryPoint\",\"urlTemplate\":\"https:\\\/\\\/www.prokennex.eu\\\/de\\\/?s={search_term_string}\"},\"query-input\":{\"@type\":\"PropertyValueSpecification\",\"valueRequired\":true,\"valueName\":\"search_term_string\"}}],\"inLanguage\":\"de\"},{\"@type\":\"Organization\",\"@id\":\"https:\\\/\\\/www.prokennex.eu\\\/de\\\/#organization\",\"name\":\"Pro Kennex s.r.l.\",\"url\":\"https:\\\/\\\/www.prokennex.eu\\\/de\\\/\",\"logo\":{\"@type\":\"ImageObject\",\"inLanguage\":\"de\",\"@id\":\"https:\\\/\\\/www.prokennex.eu\\\/de\\\/#\\\/schema\\\/logo\\\/image\\\/\",\"url\":\"https:\\\/\\\/www.prokennex.eu\\\/wp-content\\\/uploads\\\/2021\\\/09\\\/prokennex-logo.svg\",\"contentUrl\":\"https:\\\/\\\/www.prokennex.eu\\\/wp-content\\\/uploads\\\/2021\\\/09\\\/prokennex-logo.svg\",\"width\":\"1440\",\"height\":\"1080\",\"caption\":\"Pro Kennex s.r.l.\"},\"image\":{\"@id\":\"https:\\\/\\\/www.prokennex.eu\\\/de\\\/#\\\/schema\\\/logo\\\/image\\\/\"}}]}<\/script>\n<!-- \/ Yoast SEO plugin. -->","yoast_head_json":{"title":"Black Ace Pro - ProKennex Racchette e Accessori","robots":{"index":"index","follow":"follow","max-snippet":"max-snippet:-1","max-image-preview":"max-image-preview:large","max-video-preview":"max-video-preview:-1"},"canonical":"https:\/\/www.prokennex.eu\/de\/schlager\/black-ace-pro\/","og_locale":"de_DE","og_type":"article","og_title":"Black Ace Pro - ProKennex Racchette e Accessori","og_description":"Die neue Black Ace Pro bietet einen wettbewerbsf\u00e4higen Rahmen mit noch extremeren Eigenschaften als die Black Ace. Entwickelt mit Aurelian Carbon 24k und unterst\u00fctzt durch die FlexLogic-Technologie, die die Verformung des Rahmenkopfes reduzieren kann und es dem Spieler erm\u00f6glicht, den bestm\u00f6glichen Schlag auszuf\u00fchren. Sie verf\u00fcgt \u00fcber ein 97 in\u00b2 gro\u00dfes Bespannungsfeld und ein schmales Profil f\u00fcr ein absolutes Ballgef\u00fchl. Schnell und pr\u00e4zise im Ausstieg, erm\u00f6glicht die neue Black Ace Pro eine hohe Beschleunigung und beste Kontrolle.  Die Black Ace Pro ist der ideale Schl\u00e4ger f\u00fcr den aggressiven Tennisspieler, der das moderne Spiel liebt, bei dem Angriff die beste Verteidigung ist.  Das exklusive Kinetic System im Schl\u00e4gerkopf erh\u00f6ht die Kraft und bietet sofortigen Komfort und Stabilit\u00e4t im Bespannungsfeld. Die Kinetic Damping Chamber im Griff eliminiert Schwingungsvibrationen und reduziert signifikant die Erm\u00fcdung des Arms.","og_url":"https:\/\/www.prokennex.eu\/de\/schlager\/black-ace-pro\/","og_site_name":"ProKennex Racchette e Accessori","article_modified_time":"2025-07-10T12:04:39+00:00","og_image":[{"width":2000,"height":2000,"url":"https:\/\/www.prokennex.eu\/wp-content\/uploads\/2021\/04\/black-ace-pro.jpg","type":"image\/jpeg"}],"twitter_card":"summary_large_image","schema":{"@context":"https:\/\/schema.org","@graph":[{"@type":"WebPage","@id":"https:\/\/www.prokennex.eu\/de\/schlager\/black-ace-pro\/","url":"https:\/\/www.prokennex.eu\/de\/schlager\/black-ace-pro\/","name":"Black Ace Pro - ProKennex Racchette e Accessori","isPartOf":{"@id":"https:\/\/www.prokennex.eu\/de\/#website"},"primaryImageOfPage":{"@id":"https:\/\/www.prokennex.eu\/de\/schlager\/black-ace-pro\/#primaryimage"},"image":{"@id":"https:\/\/www.prokennex.eu\/de\/schlager\/black-ace-pro\/#primaryimage"},"thumbnailUrl":"https:\/\/www.prokennex.eu\/wp-content\/uploads\/2021\/04\/black-ace-pro.jpg","datePublished":"2024-09-10T07:13:26+00:00","dateModified":"2025-07-10T12:04:39+00:00","breadcrumb":{"@id":"https:\/\/www.prokennex.eu\/de\/schlager\/black-ace-pro\/#breadcrumb"},"inLanguage":"de","potentialAction":[{"@type":"ReadAction","target":["https:\/\/www.prokennex.eu\/de\/schlager\/black-ace-pro\/"]}]},{"@type":"ImageObject","inLanguage":"de","@id":"https:\/\/www.prokennex.eu\/de\/schlager\/black-ace-pro\/#primaryimage","url":"https:\/\/www.prokennex.eu\/wp-content\/uploads\/2021\/04\/black-ace-pro.jpg","contentUrl":"https:\/\/www.prokennex.eu\/wp-content\/uploads\/2021\/04\/black-ace-pro.jpg","width":2000,"height":2000},{"@type":"BreadcrumbList","@id":"https:\/\/www.prokennex.eu\/de\/schlager\/black-ace-pro\/#breadcrumb","itemListElement":[{"@type":"ListItem","position":1,"name":"Shop","item":"https:\/\/www.prokennex.eu\/de\/negozio\/"},{"@type":"ListItem","position":2,"name":"Tennis","item":"https:\/\/www.prokennex.eu\/de\/tennis-de\/"},{"@type":"ListItem","position":3,"name":"Schl\u00e4ger","item":"https:\/\/www.prokennex.eu\/de\/tennis-de\/schlager\/"},{"@type":"ListItem","position":4,"name":"Black Ace Pro"}]},{"@type":"WebSite","@id":"https:\/\/www.prokennex.eu\/de\/#website","url":"https:\/\/www.prokennex.eu\/de\/","name":"ProKennex Racchette e Accessori","description":"Tomorrow&#039;s Tachnologies","publisher":{"@id":"https:\/\/www.prokennex.eu\/de\/#organization"},"potentialAction":[{"@type":"SearchAction","target":{"@type":"EntryPoint","urlTemplate":"https:\/\/www.prokennex.eu\/de\/?s={search_term_string}"},"query-input":{"@type":"PropertyValueSpecification","valueRequired":true,"valueName":"search_term_string"}}],"inLanguage":"de"},{"@type":"Organization","@id":"https:\/\/www.prokennex.eu\/de\/#organization","name":"Pro Kennex s.r.l.","url":"https:\/\/www.prokennex.eu\/de\/","logo":{"@type":"ImageObject","inLanguage":"de","@id":"https:\/\/www.prokennex.eu\/de\/#\/schema\/logo\/image\/","url":"https:\/\/www.prokennex.eu\/wp-content\/uploads\/2021\/09\/prokennex-logo.svg","contentUrl":"https:\/\/www.prokennex.eu\/wp-content\/uploads\/2021\/09\/prokennex-logo.svg","width":"1440","height":"1080","caption":"Pro Kennex s.r.l."},"image":{"@id":"https:\/\/www.prokennex.eu\/de\/#\/schema\/logo\/image\/"}}]}},"_links":{"self":[{"href":"https:\/\/www.prokennex.eu\/de\/wp-json\/wp\/v2\/product\/3623","targetHints":{"allow":["GET"]}}],"collection":[{"href":"https:\/\/www.prokennex.eu\/de\/wp-json\/wp\/v2\/product"}],"about":[{"href":"https:\/\/www.prokennex.eu\/de\/wp-json\/wp\/v2\/types\/product"}],"replies":[{"embeddable":true,"href":"https:\/\/www.prokennex.eu\/de\/wp-json\/wp\/v2\/comments?post=3623"}],"wp:featuredmedia":[{"embeddable":true,"href":"https:\/\/www.prokennex.eu\/de\/wp-json\/wp\/v2\/media\/14054"}],"wp:attachment":[{"href":"https:\/\/www.prokennex.eu\/de\/wp-json\/wp\/v2\/media?parent=3623"}],"wp:term":[{"taxonomy":"tecnologia","embeddable":true,"href":"https:\/\/www.prokennex.eu\/de\/wp-json\/wp\/v2\/tecnologia?post=3623"},{"taxonomy":"product_brand","embeddable":true,"href":"https:\/\/www.prokennex.eu\/de\/wp-json\/wp\/v2\/product_brand?post=3623"},{"taxonomy":"product_cat","embeddable":true,"href":"https:\/\/www.prokennex.eu\/de\/wp-json\/wp\/v2\/product_cat?post=3623"},{"taxonomy":"product_tag","embeddable":true,"href":"https:\/\/www.prokennex.eu\/de\/wp-json\/wp\/v2\/product_tag?post=3623"}],"curies":[{"name":"wp","href":"https:\/\/api.w.org\/{rel}","templated":true}]}}