{"id":2685,"date":"2021-04-09T17:07:17","date_gmt":"2021-04-09T15:07:17","guid":{"rendered":"https:\/\/www.prokennex.eu\/?post_type=product&#038;p=2685"},"modified":"2025-12-18T21:11:00","modified_gmt":"2025-12-18T20:11:00","slug":"prokennex-q-15","status":"publish","type":"product","link":"https:\/\/www.prokennex.eu\/de\/schlager-outlet\/prokennex-q-15\/","title":{"rendered":"Q+15"},"content":{"rendered":"","protected":false},"excerpt":{"rendered":"<p>Mittelgro\u00dfer Rahmen mit dem neuen Q Plus System, perfekte Mischung aus Leistung und Komfort; der vergr\u00f6\u00dferte ovale Kopf sorgt f\u00fcr eine unglaubliche Leichtigkeit des Spiels, die vier Kinetic-Ecken helfen, bei den Schl\u00e4gen von unten nach oben pr\u00e4zise zu sein. Ideal f\u00fcr Backspin und flache Schl\u00e4ge. Die Kinetic Damping Chamber und die gro\u00dfe Menge an Kinetic System darin garantieren absoluten Komfort.<\/p>\n","protected":false},"featured_media":2690,"comment_status":"open","ping_status":"closed","template":"","meta":{"_acf_changed":false},"tecnologia":[1334,1328,1330,468],"product_brand":[],"product_cat":[1471],"product_tag":[],"class_list":{"0":"post-2685","1":"product","2":"type-product","3":"status-publish","4":"has-post-thumbnail","6":"tecnologia-ionic-technology-de","7":"tecnologia-kinetic-system-de","8":"tecnologia-quad-focus-de","9":"tecnologia-spiral-tech-carbon","10":"product_cat-schlager-outlet","12":"first","13":"instock","14":"sale","15":"taxable","16":"shipping-taxable","17":"purchasable","18":"product-type-variable"},"bundled_by":[],"bundle_stock_status":"instock","bundle_stock_quantity":null,"bundle_virtual":false,"bundle_layout":"","bundle_add_to_cart_form_location":"","bundle_editable_in_cart":false,"bundle_sold_individually_context":"","bundle_item_grouping":"","bundle_min_size":"","bundle_max_size":"","bundle_price":[],"bundled_items":[],"bundle_sell_ids":[],"acf":[],"yoast_head":"<!-- This site is optimized with the Yoast SEO plugin v27.4 - https:\/\/yoast.com\/product\/yoast-seo-wordpress\/ -->\n<title>Q+15 - ProKennex Racchette e Accessori<\/title>\n<meta name=\"robots\" content=\"index, follow, max-snippet:-1, max-image-preview:large, max-video-preview:-1\" \/>\n<link rel=\"canonical\" href=\"https:\/\/www.prokennex.eu\/de\/schlager-outlet\/prokennex-q-15\/\" \/>\n<meta property=\"og:locale\" content=\"de_DE\" \/>\n<meta property=\"og:type\" content=\"article\" \/>\n<meta property=\"og:title\" content=\"Q+15 - ProKennex Racchette e Accessori\" \/>\n<meta property=\"og:description\" content=\"Mittelgro\u00dfer Rahmen mit dem neuen Q Plus System, perfekte Mischung aus Leistung und Komfort; der vergr\u00f6\u00dferte ovale Kopf sorgt f\u00fcr eine unglaubliche Leichtigkeit des Spiels, die vier Kinetic-Ecken helfen, bei den Schl\u00e4gen von unten nach oben pr\u00e4zise zu sein. Ideal f\u00fcr Backspin und flache Schl\u00e4ge. Die Kinetic Damping Chamber und die gro\u00dfe Menge an Kinetic System darin garantieren absoluten Komfort.\" \/>\n<meta property=\"og:url\" content=\"https:\/\/www.prokennex.eu\/de\/schlager-outlet\/prokennex-q-15\/\" \/>\n<meta property=\"og:site_name\" content=\"ProKennex Racchette e Accessori\" \/>\n<meta property=\"article:modified_time\" content=\"2025-12-18T20:11:00+00:00\" \/>\n<meta property=\"og:image\" content=\"https:\/\/www.prokennex.eu\/wp-content\/uploads\/2021\/04\/products-2172694632-3.jpg\" \/>\n\t<meta property=\"og:image:width\" content=\"1600\" \/>\n\t<meta property=\"og:image:height\" content=\"2000\" \/>\n\t<meta property=\"og:image:type\" content=\"image\/jpeg\" \/>\n<meta name=\"twitter:card\" content=\"summary_large_image\" \/>\n<script type=\"application\/ld+json\" class=\"yoast-schema-graph\">{\"@context\":\"https:\\\/\\\/schema.org\",\"@graph\":[{\"@type\":\"WebPage\",\"@id\":\"https:\\\/\\\/www.prokennex.eu\\\/de\\\/schlager-outlet\\\/prokennex-q-15\\\/\",\"url\":\"https:\\\/\\\/www.prokennex.eu\\\/de\\\/schlager-outlet\\\/prokennex-q-15\\\/\",\"name\":\"Q+15 - ProKennex Racchette e Accessori\",\"isPartOf\":{\"@id\":\"https:\\\/\\\/www.prokennex.eu\\\/de\\\/#website\"},\"primaryImageOfPage\":{\"@id\":\"https:\\\/\\\/www.prokennex.eu\\\/de\\\/schlager-outlet\\\/prokennex-q-15\\\/#primaryimage\"},\"image\":{\"@id\":\"https:\\\/\\\/www.prokennex.eu\\\/de\\\/schlager-outlet\\\/prokennex-q-15\\\/#primaryimage\"},\"thumbnailUrl\":\"https:\\\/\\\/www.prokennex.eu\\\/wp-content\\\/uploads\\\/2021\\\/04\\\/products-2172694632-3.jpg\",\"datePublished\":\"2021-04-09T15:07:17+00:00\",\"dateModified\":\"2025-12-18T20:11:00+00:00\",\"breadcrumb\":{\"@id\":\"https:\\\/\\\/www.prokennex.eu\\\/de\\\/schlager-outlet\\\/prokennex-q-15\\\/#breadcrumb\"},\"inLanguage\":\"de\",\"potentialAction\":[{\"@type\":\"ReadAction\",\"target\":[\"https:\\\/\\\/www.prokennex.eu\\\/de\\\/schlager-outlet\\\/prokennex-q-15\\\/\"]}]},{\"@type\":\"ImageObject\",\"inLanguage\":\"de\",\"@id\":\"https:\\\/\\\/www.prokennex.eu\\\/de\\\/schlager-outlet\\\/prokennex-q-15\\\/#primaryimage\",\"url\":\"https:\\\/\\\/www.prokennex.eu\\\/wp-content\\\/uploads\\\/2021\\\/04\\\/products-2172694632-3.jpg\",\"contentUrl\":\"https:\\\/\\\/www.prokennex.eu\\\/wp-content\\\/uploads\\\/2021\\\/04\\\/products-2172694632-3.jpg\",\"width\":\"1600\",\"height\":\"2000\",\"caption\":\"PROKENNEX Q+15\"},{\"@type\":\"BreadcrumbList\",\"@id\":\"https:\\\/\\\/www.prokennex.eu\\\/de\\\/schlager-outlet\\\/prokennex-q-15\\\/#breadcrumb\",\"itemListElement\":[{\"@type\":\"ListItem\",\"position\":1,\"name\":\"Shop\",\"item\":\"https:\\\/\\\/www.prokennex.eu\\\/de\\\/negozio\\\/\"},{\"@type\":\"ListItem\",\"position\":2,\"name\":\"Outlet\",\"item\":\"https:\\\/\\\/www.prokennex.eu\\\/de\\\/outlet-de\\\/\"},{\"@type\":\"ListItem\",\"position\":3,\"name\":\"Schl\u00e4ger\",\"item\":\"https:\\\/\\\/www.prokennex.eu\\\/de\\\/outlet-de\\\/schlager-outlet\\\/\"},{\"@type\":\"ListItem\",\"position\":4,\"name\":\"Q+15\"}]},{\"@type\":\"WebSite\",\"@id\":\"https:\\\/\\\/www.prokennex.eu\\\/de\\\/#website\",\"url\":\"https:\\\/\\\/www.prokennex.eu\\\/de\\\/\",\"name\":\"ProKennex Racchette e Accessori\",\"description\":\"Tomorrow&#039;s Tachnologies\",\"publisher\":{\"@id\":\"https:\\\/\\\/www.prokennex.eu\\\/de\\\/#organization\"},\"potentialAction\":[{\"@type\":\"SearchAction\",\"target\":{\"@type\":\"EntryPoint\",\"urlTemplate\":\"https:\\\/\\\/www.prokennex.eu\\\/de\\\/?s={search_term_string}\"},\"query-input\":{\"@type\":\"PropertyValueSpecification\",\"valueRequired\":true,\"valueName\":\"search_term_string\"}}],\"inLanguage\":\"de\"},{\"@type\":\"Organization\",\"@id\":\"https:\\\/\\\/www.prokennex.eu\\\/de\\\/#organization\",\"name\":\"Pro Kennex s.r.l.\",\"url\":\"https:\\\/\\\/www.prokennex.eu\\\/de\\\/\",\"logo\":{\"@type\":\"ImageObject\",\"inLanguage\":\"de\",\"@id\":\"https:\\\/\\\/www.prokennex.eu\\\/de\\\/#\\\/schema\\\/logo\\\/image\\\/\",\"url\":\"https:\\\/\\\/www.prokennex.eu\\\/wp-content\\\/uploads\\\/2021\\\/09\\\/prokennex-logo.svg\",\"contentUrl\":\"https:\\\/\\\/www.prokennex.eu\\\/wp-content\\\/uploads\\\/2021\\\/09\\\/prokennex-logo.svg\",\"width\":\"1440\",\"height\":\"1080\",\"caption\":\"Pro Kennex s.r.l.\"},\"image\":{\"@id\":\"https:\\\/\\\/www.prokennex.eu\\\/de\\\/#\\\/schema\\\/logo\\\/image\\\/\"}}]}<\/script>\n<!-- \/ Yoast SEO plugin. -->","yoast_head_json":{"title":"Q+15 - ProKennex Racchette e Accessori","robots":{"index":"index","follow":"follow","max-snippet":"max-snippet:-1","max-image-preview":"max-image-preview:large","max-video-preview":"max-video-preview:-1"},"canonical":"https:\/\/www.prokennex.eu\/de\/schlager-outlet\/prokennex-q-15\/","og_locale":"de_DE","og_type":"article","og_title":"Q+15 - ProKennex Racchette e Accessori","og_description":"Mittelgro\u00dfer Rahmen mit dem neuen Q Plus System, perfekte Mischung aus Leistung und Komfort; der vergr\u00f6\u00dferte ovale Kopf sorgt f\u00fcr eine unglaubliche Leichtigkeit des Spiels, die vier Kinetic-Ecken helfen, bei den Schl\u00e4gen von unten nach oben pr\u00e4zise zu sein. Ideal f\u00fcr Backspin und flache Schl\u00e4ge. Die Kinetic Damping Chamber und die gro\u00dfe Menge an Kinetic System darin garantieren absoluten Komfort.","og_url":"https:\/\/www.prokennex.eu\/de\/schlager-outlet\/prokennex-q-15\/","og_site_name":"ProKennex Racchette e Accessori","article_modified_time":"2025-12-18T20:11:00+00:00","og_image":[{"width":1600,"height":2000,"url":"https:\/\/www.prokennex.eu\/wp-content\/uploads\/2021\/04\/products-2172694632-3.jpg","type":"image\/jpeg"}],"twitter_card":"summary_large_image","schema":{"@context":"https:\/\/schema.org","@graph":[{"@type":"WebPage","@id":"https:\/\/www.prokennex.eu\/de\/schlager-outlet\/prokennex-q-15\/","url":"https:\/\/www.prokennex.eu\/de\/schlager-outlet\/prokennex-q-15\/","name":"Q+15 - ProKennex Racchette e Accessori","isPartOf":{"@id":"https:\/\/www.prokennex.eu\/de\/#website"},"primaryImageOfPage":{"@id":"https:\/\/www.prokennex.eu\/de\/schlager-outlet\/prokennex-q-15\/#primaryimage"},"image":{"@id":"https:\/\/www.prokennex.eu\/de\/schlager-outlet\/prokennex-q-15\/#primaryimage"},"thumbnailUrl":"https:\/\/www.prokennex.eu\/wp-content\/uploads\/2021\/04\/products-2172694632-3.jpg","datePublished":"2021-04-09T15:07:17+00:00","dateModified":"2025-12-18T20:11:00+00:00","breadcrumb":{"@id":"https:\/\/www.prokennex.eu\/de\/schlager-outlet\/prokennex-q-15\/#breadcrumb"},"inLanguage":"de","potentialAction":[{"@type":"ReadAction","target":["https:\/\/www.prokennex.eu\/de\/schlager-outlet\/prokennex-q-15\/"]}]},{"@type":"ImageObject","inLanguage":"de","@id":"https:\/\/www.prokennex.eu\/de\/schlager-outlet\/prokennex-q-15\/#primaryimage","url":"https:\/\/www.prokennex.eu\/wp-content\/uploads\/2021\/04\/products-2172694632-3.jpg","contentUrl":"https:\/\/www.prokennex.eu\/wp-content\/uploads\/2021\/04\/products-2172694632-3.jpg","width":"1600","height":"2000","caption":"PROKENNEX Q+15"},{"@type":"BreadcrumbList","@id":"https:\/\/www.prokennex.eu\/de\/schlager-outlet\/prokennex-q-15\/#breadcrumb","itemListElement":[{"@type":"ListItem","position":1,"name":"Shop","item":"https:\/\/www.prokennex.eu\/de\/negozio\/"},{"@type":"ListItem","position":2,"name":"Outlet","item":"https:\/\/www.prokennex.eu\/de\/outlet-de\/"},{"@type":"ListItem","position":3,"name":"Schl\u00e4ger","item":"https:\/\/www.prokennex.eu\/de\/outlet-de\/schlager-outlet\/"},{"@type":"ListItem","position":4,"name":"Q+15"}]},{"@type":"WebSite","@id":"https:\/\/www.prokennex.eu\/de\/#website","url":"https:\/\/www.prokennex.eu\/de\/","name":"ProKennex Racchette e Accessori","description":"Tomorrow&#039;s Tachnologies","publisher":{"@id":"https:\/\/www.prokennex.eu\/de\/#organization"},"potentialAction":[{"@type":"SearchAction","target":{"@type":"EntryPoint","urlTemplate":"https:\/\/www.prokennex.eu\/de\/?s={search_term_string}"},"query-input":{"@type":"PropertyValueSpecification","valueRequired":true,"valueName":"search_term_string"}}],"inLanguage":"de"},{"@type":"Organization","@id":"https:\/\/www.prokennex.eu\/de\/#organization","name":"Pro Kennex s.r.l.","url":"https:\/\/www.prokennex.eu\/de\/","logo":{"@type":"ImageObject","inLanguage":"de","@id":"https:\/\/www.prokennex.eu\/de\/#\/schema\/logo\/image\/","url":"https:\/\/www.prokennex.eu\/wp-content\/uploads\/2021\/09\/prokennex-logo.svg","contentUrl":"https:\/\/www.prokennex.eu\/wp-content\/uploads\/2021\/09\/prokennex-logo.svg","width":"1440","height":"1080","caption":"Pro Kennex s.r.l."},"image":{"@id":"https:\/\/www.prokennex.eu\/de\/#\/schema\/logo\/image\/"}}]}},"_links":{"self":[{"href":"https:\/\/www.prokennex.eu\/de\/wp-json\/wp\/v2\/product\/2685","targetHints":{"allow":["GET"]}}],"collection":[{"href":"https:\/\/www.prokennex.eu\/de\/wp-json\/wp\/v2\/product"}],"about":[{"href":"https:\/\/www.prokennex.eu\/de\/wp-json\/wp\/v2\/types\/product"}],"replies":[{"embeddable":true,"href":"https:\/\/www.prokennex.eu\/de\/wp-json\/wp\/v2\/comments?post=2685"}],"wp:featuredmedia":[{"embeddable":true,"href":"https:\/\/www.prokennex.eu\/de\/wp-json\/wp\/v2\/media\/2690"}],"wp:attachment":[{"href":"https:\/\/www.prokennex.eu\/de\/wp-json\/wp\/v2\/media?parent=2685"}],"wp:term":[{"taxonomy":"tecnologia","embeddable":true,"href":"https:\/\/www.prokennex.eu\/de\/wp-json\/wp\/v2\/tecnologia?post=2685"},{"taxonomy":"product_brand","embeddable":true,"href":"https:\/\/www.prokennex.eu\/de\/wp-json\/wp\/v2\/product_brand?post=2685"},{"taxonomy":"product_cat","embeddable":true,"href":"https:\/\/www.prokennex.eu\/de\/wp-json\/wp\/v2\/product_cat?post=2685"},{"taxonomy":"product_tag","embeddable":true,"href":"https:\/\/www.prokennex.eu\/de\/wp-json\/wp\/v2\/product_tag?post=2685"}],"curies":[{"name":"wp","href":"https:\/\/api.w.org\/{rel}","templated":true}]}}