{"id":2578,"date":"2021-04-09T21:26:33","date_gmt":"2021-04-09T21:26:33","guid":{"rendered":"https:\/\/www.prokennex.eu\/?post_type=product&#038;p=2578"},"modified":"2025-10-02T15:40:14","modified_gmt":"2025-10-02T13:40:14","slug":"prokennex-q-20","status":"publish","type":"product","link":"https:\/\/www.prokennex.eu\/de\/q-de\/prokennex-q-20\/","title":{"rendered":"Q+20"},"content":{"rendered":"","protected":false},"excerpt":{"rendered":"<p>Der neue Q+20 wurde mit einer vergr\u00f6\u00dferten Schlagfl\u00e4che und einer L\u00e4nge von 27,25 Zoll entwickelt, um den Bed\u00fcrfnissen der Spieler gerecht zu werden, die einen leichteren Zugang zum Spiel suchen, ohne auf die Vorteile der Q+-Serie zu verzichten: hohe Geschwindigkeit, perfekter Ballabsprung und m\u00fchelose Topspin- und Slice-Rotation. Der neue Q+20 ist ein \u00e4u\u00dferst vielseitiger Wettkampfschl\u00e4ger, der sich perfekt an Spieler aller Spielst\u00e4rken anpasst, die auf dem Platz gerne Tiefe erzeugen und gleichzeitig die volle Kontrolle \u00fcber jeden Schlag behalten.<\/p>\n<p>Die exklusive QuadFocus-Kinetic-Technologie verteilt die Energie auf vier strategische Bereiche des Rahmens und sorgt so f\u00fcr noch bessere Vibrationsd\u00e4mpfung, Armschutz und erh\u00f6hte Torsionsstabilit\u00e4t bei jedem Schlag \u2013 f\u00fcr ein dauerhaft perfektes Spielgef\u00fchl.<\/p>\n","protected":false},"featured_media":16196,"comment_status":"open","ping_status":"closed","template":"","meta":{"_acf_changed":false},"tecnologia":[1328,1330,468],"product_brand":[],"product_cat":[1500,1496,1497],"product_tag":[],"class_list":{"0":"post-2578","1":"product","2":"type-product","3":"status-publish","4":"has-post-thumbnail","6":"tecnologia-kinetic-system-de","7":"tecnologia-quad-focus-de","8":"tecnologia-spiral-tech-carbon","9":"product_cat-q-de","10":"product_cat-tennis-de","11":"product_cat-schlager","13":"first","14":"instock","15":"taxable","16":"shipping-taxable","17":"purchasable","18":"product-type-variable","19":"has-default-attributes"},"bundled_by":[],"bundle_stock_status":"instock","bundle_stock_quantity":null,"bundle_virtual":false,"bundle_layout":"","bundle_add_to_cart_form_location":"","bundle_editable_in_cart":false,"bundle_sold_individually_context":"","bundle_item_grouping":"","bundle_min_size":"","bundle_max_size":"","bundle_price":[],"bundled_items":[],"bundle_sell_ids":[],"acf":[],"yoast_head":"<!-- This site is optimized with the Yoast SEO plugin v27.1.1 - https:\/\/yoast.com\/product\/yoast-seo-wordpress\/ -->\n<title>Q+20 - ProKennex Racchette e Accessori<\/title>\n<meta name=\"robots\" content=\"index, follow, max-snippet:-1, max-image-preview:large, max-video-preview:-1\" \/>\n<link rel=\"canonical\" href=\"https:\/\/www.prokennex.eu\/de\/q-de\/prokennex-q-20\/\" \/>\n<meta property=\"og:locale\" content=\"de_DE\" \/>\n<meta property=\"og:type\" content=\"article\" \/>\n<meta property=\"og:title\" content=\"Q+20 - ProKennex Racchette e Accessori\" \/>\n<meta property=\"og:description\" content=\"Der neue Q+20 wurde mit einer vergr\u00f6\u00dferten Schlagfl\u00e4che und einer L\u00e4nge von 27,25 Zoll entwickelt, um den Bed\u00fcrfnissen der Spieler gerecht zu werden, die einen leichteren Zugang zum Spiel suchen, ohne auf die Vorteile der Q+-Serie zu verzichten: hohe Geschwindigkeit, perfekter Ballabsprung und m\u00fchelose Topspin- und Slice-Rotation. Der neue Q+20 ist ein \u00e4u\u00dferst vielseitiger Wettkampfschl\u00e4ger, der sich perfekt an Spieler aller Spielst\u00e4rken anpasst, die auf dem Platz gerne Tiefe erzeugen und gleichzeitig die volle Kontrolle \u00fcber jeden Schlag behalten.  Die exklusive QuadFocus-Kinetic-Technologie verteilt die Energie auf vier strategische Bereiche des Rahmens und sorgt so f\u00fcr noch bessere Vibrationsd\u00e4mpfung, Armschutz und erh\u00f6hte Torsionsstabilit\u00e4t bei jedem Schlag \u2013 f\u00fcr ein dauerhaft perfektes Spielgef\u00fchl.\" \/>\n<meta property=\"og:url\" content=\"https:\/\/www.prokennex.eu\/de\/q-de\/prokennex-q-20\/\" \/>\n<meta property=\"og:site_name\" content=\"ProKennex Racchette e Accessori\" \/>\n<meta property=\"article:modified_time\" content=\"2025-10-02T13:40:14+00:00\" \/>\n<meta property=\"og:image\" content=\"https:\/\/www.prokennex.eu\/wp-content\/uploads\/2021\/04\/q20-1.jpg\" \/>\n\t<meta property=\"og:image:width\" content=\"2000\" \/>\n\t<meta property=\"og:image:height\" content=\"2000\" \/>\n\t<meta property=\"og:image:type\" content=\"image\/jpeg\" \/>\n<meta name=\"twitter:card\" content=\"summary_large_image\" \/>\n<script type=\"application\/ld+json\" class=\"yoast-schema-graph\">{\"@context\":\"https:\/\/schema.org\",\"@graph\":[{\"@type\":\"WebPage\",\"@id\":\"https:\/\/www.prokennex.eu\/de\/q-de\/prokennex-q-20\/\",\"url\":\"https:\/\/www.prokennex.eu\/de\/q-de\/prokennex-q-20\/\",\"name\":\"Q+20 - ProKennex Racchette e Accessori\",\"isPartOf\":{\"@id\":\"https:\/\/www.prokennex.eu\/de\/#website\"},\"primaryImageOfPage\":{\"@id\":\"https:\/\/www.prokennex.eu\/de\/q-de\/prokennex-q-20\/#primaryimage\"},\"image\":{\"@id\":\"https:\/\/www.prokennex.eu\/de\/q-de\/prokennex-q-20\/#primaryimage\"},\"thumbnailUrl\":\"https:\/\/www.prokennex.eu\/wp-content\/uploads\/2021\/04\/q20-1.jpg\",\"datePublished\":\"2021-04-09T21:26:33+00:00\",\"dateModified\":\"2025-10-02T13:40:14+00:00\",\"breadcrumb\":{\"@id\":\"https:\/\/www.prokennex.eu\/de\/q-de\/prokennex-q-20\/#breadcrumb\"},\"inLanguage\":\"de\",\"potentialAction\":[{\"@type\":\"ReadAction\",\"target\":[\"https:\/\/www.prokennex.eu\/de\/q-de\/prokennex-q-20\/\"]}]},{\"@type\":\"ImageObject\",\"inLanguage\":\"de\",\"@id\":\"https:\/\/www.prokennex.eu\/de\/q-de\/prokennex-q-20\/#primaryimage\",\"url\":\"https:\/\/www.prokennex.eu\/wp-content\/uploads\/2021\/04\/q20-1.jpg\",\"contentUrl\":\"https:\/\/www.prokennex.eu\/wp-content\/uploads\/2021\/04\/q20-1.jpg\",\"width\":2000,\"height\":2000},{\"@type\":\"BreadcrumbList\",\"@id\":\"https:\/\/www.prokennex.eu\/de\/q-de\/prokennex-q-20\/#breadcrumb\",\"itemListElement\":[{\"@type\":\"ListItem\",\"position\":1,\"name\":\"Shop\",\"item\":\"https:\/\/www.prokennex.eu\/de\/negozio\/\"},{\"@type\":\"ListItem\",\"position\":2,\"name\":\"Tennis\",\"item\":\"https:\/\/www.prokennex.eu\/de\/tennis-de\/\"},{\"@type\":\"ListItem\",\"position\":3,\"name\":\"Schl\u00e4ger\",\"item\":\"https:\/\/www.prokennex.eu\/de\/tennis-de\/schlager\/\"},{\"@type\":\"ListItem\",\"position\":4,\"name\":\"Q+\",\"item\":\"https:\/\/www.prokennex.eu\/de\/tennis-de\/schlager\/q-de\/\"},{\"@type\":\"ListItem\",\"position\":5,\"name\":\"Q+20\"}]},{\"@type\":\"WebSite\",\"@id\":\"https:\/\/www.prokennex.eu\/de\/#website\",\"url\":\"https:\/\/www.prokennex.eu\/de\/\",\"name\":\"ProKennex Racchette e Accessori\",\"description\":\"Tomorrow&#039;s Tachnologies\",\"publisher\":{\"@id\":\"https:\/\/www.prokennex.eu\/de\/#organization\"},\"potentialAction\":[{\"@type\":\"SearchAction\",\"target\":{\"@type\":\"EntryPoint\",\"urlTemplate\":\"https:\/\/www.prokennex.eu\/de\/?s={search_term_string}\"},\"query-input\":{\"@type\":\"PropertyValueSpecification\",\"valueRequired\":true,\"valueName\":\"search_term_string\"}}],\"inLanguage\":\"de\"},{\"@type\":\"Organization\",\"@id\":\"https:\/\/www.prokennex.eu\/de\/#organization\",\"name\":\"Pro Kennex s.r.l.\",\"url\":\"https:\/\/www.prokennex.eu\/de\/\",\"logo\":{\"@type\":\"ImageObject\",\"inLanguage\":\"de\",\"@id\":\"https:\/\/www.prokennex.eu\/de\/#\/schema\/logo\/image\/\",\"url\":\"https:\/\/www.prokennex.eu\/wp-content\/uploads\/2021\/09\/prokennex-logo.svg\",\"contentUrl\":\"https:\/\/www.prokennex.eu\/wp-content\/uploads\/2021\/09\/prokennex-logo.svg\",\"width\":\"1440\",\"height\":\"1080\",\"caption\":\"Pro Kennex s.r.l.\"},\"image\":{\"@id\":\"https:\/\/www.prokennex.eu\/de\/#\/schema\/logo\/image\/\"}}]}<\/script>\n<!-- \/ Yoast SEO plugin. -->","yoast_head_json":{"title":"Q+20 - ProKennex Racchette e Accessori","robots":{"index":"index","follow":"follow","max-snippet":"max-snippet:-1","max-image-preview":"max-image-preview:large","max-video-preview":"max-video-preview:-1"},"canonical":"https:\/\/www.prokennex.eu\/de\/q-de\/prokennex-q-20\/","og_locale":"de_DE","og_type":"article","og_title":"Q+20 - ProKennex Racchette e Accessori","og_description":"Der neue Q+20 wurde mit einer vergr\u00f6\u00dferten Schlagfl\u00e4che und einer L\u00e4nge von 27,25 Zoll entwickelt, um den Bed\u00fcrfnissen der Spieler gerecht zu werden, die einen leichteren Zugang zum Spiel suchen, ohne auf die Vorteile der Q+-Serie zu verzichten: hohe Geschwindigkeit, perfekter Ballabsprung und m\u00fchelose Topspin- und Slice-Rotation. Der neue Q+20 ist ein \u00e4u\u00dferst vielseitiger Wettkampfschl\u00e4ger, der sich perfekt an Spieler aller Spielst\u00e4rken anpasst, die auf dem Platz gerne Tiefe erzeugen und gleichzeitig die volle Kontrolle \u00fcber jeden Schlag behalten.  Die exklusive QuadFocus-Kinetic-Technologie verteilt die Energie auf vier strategische Bereiche des Rahmens und sorgt so f\u00fcr noch bessere Vibrationsd\u00e4mpfung, Armschutz und erh\u00f6hte Torsionsstabilit\u00e4t bei jedem Schlag \u2013 f\u00fcr ein dauerhaft perfektes Spielgef\u00fchl.","og_url":"https:\/\/www.prokennex.eu\/de\/q-de\/prokennex-q-20\/","og_site_name":"ProKennex Racchette e Accessori","article_modified_time":"2025-10-02T13:40:14+00:00","og_image":[{"width":2000,"height":2000,"url":"https:\/\/www.prokennex.eu\/wp-content\/uploads\/2021\/04\/q20-1.jpg","type":"image\/jpeg"}],"twitter_card":"summary_large_image","schema":{"@context":"https:\/\/schema.org","@graph":[{"@type":"WebPage","@id":"https:\/\/www.prokennex.eu\/de\/q-de\/prokennex-q-20\/","url":"https:\/\/www.prokennex.eu\/de\/q-de\/prokennex-q-20\/","name":"Q+20 - ProKennex Racchette e Accessori","isPartOf":{"@id":"https:\/\/www.prokennex.eu\/de\/#website"},"primaryImageOfPage":{"@id":"https:\/\/www.prokennex.eu\/de\/q-de\/prokennex-q-20\/#primaryimage"},"image":{"@id":"https:\/\/www.prokennex.eu\/de\/q-de\/prokennex-q-20\/#primaryimage"},"thumbnailUrl":"https:\/\/www.prokennex.eu\/wp-content\/uploads\/2021\/04\/q20-1.jpg","datePublished":"2021-04-09T21:26:33+00:00","dateModified":"2025-10-02T13:40:14+00:00","breadcrumb":{"@id":"https:\/\/www.prokennex.eu\/de\/q-de\/prokennex-q-20\/#breadcrumb"},"inLanguage":"de","potentialAction":[{"@type":"ReadAction","target":["https:\/\/www.prokennex.eu\/de\/q-de\/prokennex-q-20\/"]}]},{"@type":"ImageObject","inLanguage":"de","@id":"https:\/\/www.prokennex.eu\/de\/q-de\/prokennex-q-20\/#primaryimage","url":"https:\/\/www.prokennex.eu\/wp-content\/uploads\/2021\/04\/q20-1.jpg","contentUrl":"https:\/\/www.prokennex.eu\/wp-content\/uploads\/2021\/04\/q20-1.jpg","width":2000,"height":2000},{"@type":"BreadcrumbList","@id":"https:\/\/www.prokennex.eu\/de\/q-de\/prokennex-q-20\/#breadcrumb","itemListElement":[{"@type":"ListItem","position":1,"name":"Shop","item":"https:\/\/www.prokennex.eu\/de\/negozio\/"},{"@type":"ListItem","position":2,"name":"Tennis","item":"https:\/\/www.prokennex.eu\/de\/tennis-de\/"},{"@type":"ListItem","position":3,"name":"Schl\u00e4ger","item":"https:\/\/www.prokennex.eu\/de\/tennis-de\/schlager\/"},{"@type":"ListItem","position":4,"name":"Q+","item":"https:\/\/www.prokennex.eu\/de\/tennis-de\/schlager\/q-de\/"},{"@type":"ListItem","position":5,"name":"Q+20"}]},{"@type":"WebSite","@id":"https:\/\/www.prokennex.eu\/de\/#website","url":"https:\/\/www.prokennex.eu\/de\/","name":"ProKennex Racchette e Accessori","description":"Tomorrow&#039;s Tachnologies","publisher":{"@id":"https:\/\/www.prokennex.eu\/de\/#organization"},"potentialAction":[{"@type":"SearchAction","target":{"@type":"EntryPoint","urlTemplate":"https:\/\/www.prokennex.eu\/de\/?s={search_term_string}"},"query-input":{"@type":"PropertyValueSpecification","valueRequired":true,"valueName":"search_term_string"}}],"inLanguage":"de"},{"@type":"Organization","@id":"https:\/\/www.prokennex.eu\/de\/#organization","name":"Pro Kennex s.r.l.","url":"https:\/\/www.prokennex.eu\/de\/","logo":{"@type":"ImageObject","inLanguage":"de","@id":"https:\/\/www.prokennex.eu\/de\/#\/schema\/logo\/image\/","url":"https:\/\/www.prokennex.eu\/wp-content\/uploads\/2021\/09\/prokennex-logo.svg","contentUrl":"https:\/\/www.prokennex.eu\/wp-content\/uploads\/2021\/09\/prokennex-logo.svg","width":"1440","height":"1080","caption":"Pro Kennex s.r.l."},"image":{"@id":"https:\/\/www.prokennex.eu\/de\/#\/schema\/logo\/image\/"}}]}},"_links":{"self":[{"href":"https:\/\/www.prokennex.eu\/de\/wp-json\/wp\/v2\/product\/2578","targetHints":{"allow":["GET"]}}],"collection":[{"href":"https:\/\/www.prokennex.eu\/de\/wp-json\/wp\/v2\/product"}],"about":[{"href":"https:\/\/www.prokennex.eu\/de\/wp-json\/wp\/v2\/types\/product"}],"replies":[{"embeddable":true,"href":"https:\/\/www.prokennex.eu\/de\/wp-json\/wp\/v2\/comments?post=2578"}],"wp:featuredmedia":[{"embeddable":true,"href":"https:\/\/www.prokennex.eu\/de\/wp-json\/wp\/v2\/media\/16196"}],"wp:attachment":[{"href":"https:\/\/www.prokennex.eu\/de\/wp-json\/wp\/v2\/media?parent=2578"}],"wp:term":[{"taxonomy":"tecnologia","embeddable":true,"href":"https:\/\/www.prokennex.eu\/de\/wp-json\/wp\/v2\/tecnologia?post=2578"},{"taxonomy":"product_brand","embeddable":true,"href":"https:\/\/www.prokennex.eu\/de\/wp-json\/wp\/v2\/product_brand?post=2578"},{"taxonomy":"product_cat","embeddable":true,"href":"https:\/\/www.prokennex.eu\/de\/wp-json\/wp\/v2\/product_cat?post=2578"},{"taxonomy":"product_tag","embeddable":true,"href":"https:\/\/www.prokennex.eu\/de\/wp-json\/wp\/v2\/product_tag?post=2578"}],"curies":[{"name":"wp","href":"https:\/\/api.w.org\/{rel}","templated":true}]}}