{"id":2382,"date":"2021-01-29T21:50:34","date_gmt":"2021-01-29T20:50:34","guid":{"rendered":"https:\/\/www.prokennex.eu\/?post_type=product&#038;p=2382"},"modified":"2023-07-14T21:21:06","modified_gmt":"2023-07-14T19:21:06","slug":"turbo-purple-cat","status":"publish","type":"product","link":"https:\/\/www.prokennex.eu\/de\/schlager-outlet\/turbo-purple-cat\/","title":{"rendered":"Turbo Purple Cat (Mod. 2021)"},"content":{"rendered":"","protected":false},"excerpt":{"rendered":"<p>Mittelgro\u00dfer Rahmen mit dem neuen Q Plus System, perfekte Mischung aus Leistung und Komfort; der vergr\u00f6\u00dferte ovale Kopf sorgt f\u00fcr eine unglaubliche Leichtigkeit des Spiels, die vier Kinetic-Ecken helfen, bei den Schl\u00e4gen von unten nach oben pr\u00e4zise zu sein. Ideal f\u00fcr Backspin und flache Schl\u00e4ge. Die Kinetic Damping Chamber und die gro\u00dfe Menge an Kinetic System darin garantieren absoluten Komfort.<\/p>\n","protected":false},"featured_media":2384,"comment_status":"open","ping_status":"closed","template":"","meta":{"_acf_changed":false},"tecnologia":[468],"product_brand":[],"product_cat":[1472,1471],"product_tag":[],"class_list":{"0":"post-2382","1":"product","2":"type-product","3":"status-publish","4":"has-post-thumbnail","6":"tecnologia-spiral-tech-carbon","7":"product_cat-outlet-de","8":"product_cat-schlager-outlet","10":"first","11":"instock","12":"sale","13":"taxable","14":"shipping-taxable","15":"purchasable","16":"product-type-simple"},"bundled_by":[],"bundle_stock_status":"instock","bundle_stock_quantity":10,"bundle_virtual":false,"bundle_layout":"","bundle_add_to_cart_form_location":"","bundle_editable_in_cart":false,"bundle_sold_individually_context":"","bundle_item_grouping":"","bundle_min_size":"","bundle_max_size":"","bundle_price":[],"bundled_items":[],"bundle_sell_ids":[],"acf":[],"yoast_head":"<!-- This site is optimized with the Yoast SEO plugin v27.1.1 - https:\/\/yoast.com\/product\/yoast-seo-wordpress\/ -->\n<title>TURBO Purple Cat (Mod. 2021)<\/title>\n<meta name=\"robots\" content=\"index, follow, max-snippet:-1, max-image-preview:large, max-video-preview:-1\" \/>\n<link rel=\"canonical\" href=\"https:\/\/www.prokennex.eu\/de\/schlager-outlet\/turbo-purple-cat\/\" \/>\n<meta property=\"og:locale\" content=\"de_DE\" \/>\n<meta property=\"og:type\" content=\"article\" \/>\n<meta property=\"og:title\" content=\"TURBO Purple Cat (Mod. 2021)\" \/>\n<meta property=\"og:description\" content=\"Mittelgro\u00dfer Rahmen mit dem neuen Q Plus System, perfekte Mischung aus Leistung und Komfort; der vergr\u00f6\u00dferte ovale Kopf sorgt f\u00fcr eine unglaubliche Leichtigkeit des Spiels, die vier Kinetic-Ecken helfen, bei den Schl\u00e4gen von unten nach oben pr\u00e4zise zu sein. Ideal f\u00fcr Backspin und flache Schl\u00e4ge. Die Kinetic Damping Chamber und die gro\u00dfe Menge an Kinetic System darin garantieren absoluten Komfort.\" \/>\n<meta property=\"og:url\" content=\"https:\/\/www.prokennex.eu\/de\/schlager-outlet\/turbo-purple-cat\/\" \/>\n<meta property=\"og:site_name\" content=\"ProKennex Racchette e Accessori\" \/>\n<meta property=\"article:modified_time\" content=\"2023-07-14T19:21:06+00:00\" \/>\n<meta property=\"og:image\" content=\"https:\/\/www.prokennex.eu\/wp-content\/uploads\/2021\/01\/products-1963883440-3.jpg\" \/>\n\t<meta property=\"og:image:width\" content=\"1600\" \/>\n\t<meta property=\"og:image:height\" content=\"1600\" \/>\n\t<meta property=\"og:image:type\" content=\"image\/jpeg\" \/>\n<meta name=\"twitter:card\" content=\"summary_large_image\" \/>\n<script type=\"application\/ld+json\" class=\"yoast-schema-graph\">{\"@context\":\"https:\/\/schema.org\",\"@graph\":[{\"@type\":\"WebPage\",\"@id\":\"https:\/\/www.prokennex.eu\/de\/schlager-outlet\/turbo-purple-cat\/\",\"url\":\"https:\/\/www.prokennex.eu\/de\/schlager-outlet\/turbo-purple-cat\/\",\"name\":\"TURBO Purple Cat (Mod. 2021)\",\"isPartOf\":{\"@id\":\"https:\/\/www.prokennex.eu\/de\/#website\"},\"primaryImageOfPage\":{\"@id\":\"https:\/\/www.prokennex.eu\/de\/schlager-outlet\/turbo-purple-cat\/#primaryimage\"},\"image\":{\"@id\":\"https:\/\/www.prokennex.eu\/de\/schlager-outlet\/turbo-purple-cat\/#primaryimage\"},\"thumbnailUrl\":\"https:\/\/www.prokennex.eu\/wp-content\/uploads\/2021\/01\/products-1963883440-3.jpg\",\"datePublished\":\"2021-01-29T20:50:34+00:00\",\"dateModified\":\"2023-07-14T19:21:06+00:00\",\"breadcrumb\":{\"@id\":\"https:\/\/www.prokennex.eu\/de\/schlager-outlet\/turbo-purple-cat\/#breadcrumb\"},\"inLanguage\":\"de\",\"potentialAction\":[{\"@type\":\"ReadAction\",\"target\":[\"https:\/\/www.prokennex.eu\/de\/schlager-outlet\/turbo-purple-cat\/\"]}]},{\"@type\":\"ImageObject\",\"inLanguage\":\"de\",\"@id\":\"https:\/\/www.prokennex.eu\/de\/schlager-outlet\/turbo-purple-cat\/#primaryimage\",\"url\":\"https:\/\/www.prokennex.eu\/wp-content\/uploads\/2021\/01\/products-1963883440-3.jpg\",\"contentUrl\":\"https:\/\/www.prokennex.eu\/wp-content\/uploads\/2021\/01\/products-1963883440-3.jpg\",\"width\":\"1600\",\"height\":\"1600\",\"caption\":\"TURBO Purple Cat\"},{\"@type\":\"BreadcrumbList\",\"@id\":\"https:\/\/www.prokennex.eu\/de\/schlager-outlet\/turbo-purple-cat\/#breadcrumb\",\"itemListElement\":[{\"@type\":\"ListItem\",\"position\":1,\"name\":\"Shop\",\"item\":\"https:\/\/www.prokennex.eu\/de\/negozio\/\"},{\"@type\":\"ListItem\",\"position\":2,\"name\":\"Outlet\",\"item\":\"https:\/\/www.prokennex.eu\/de\/outlet-de\/\"},{\"@type\":\"ListItem\",\"position\":3,\"name\":\"Schl\u00e4ger\",\"item\":\"https:\/\/www.prokennex.eu\/de\/outlet-de\/schlager-outlet\/\"},{\"@type\":\"ListItem\",\"position\":4,\"name\":\"Turbo Purple Cat (Mod. 2021)\"}]},{\"@type\":\"WebSite\",\"@id\":\"https:\/\/www.prokennex.eu\/de\/#website\",\"url\":\"https:\/\/www.prokennex.eu\/de\/\",\"name\":\"ProKennex Racchette e Accessori\",\"description\":\"Tomorrow&#039;s Tachnologies\",\"publisher\":{\"@id\":\"https:\/\/www.prokennex.eu\/de\/#organization\"},\"potentialAction\":[{\"@type\":\"SearchAction\",\"target\":{\"@type\":\"EntryPoint\",\"urlTemplate\":\"https:\/\/www.prokennex.eu\/de\/?s={search_term_string}\"},\"query-input\":{\"@type\":\"PropertyValueSpecification\",\"valueRequired\":true,\"valueName\":\"search_term_string\"}}],\"inLanguage\":\"de\"},{\"@type\":\"Organization\",\"@id\":\"https:\/\/www.prokennex.eu\/de\/#organization\",\"name\":\"Pro Kennex s.r.l.\",\"url\":\"https:\/\/www.prokennex.eu\/de\/\",\"logo\":{\"@type\":\"ImageObject\",\"inLanguage\":\"de\",\"@id\":\"https:\/\/www.prokennex.eu\/de\/#\/schema\/logo\/image\/\",\"url\":\"https:\/\/www.prokennex.eu\/wp-content\/uploads\/2021\/09\/prokennex-logo.svg\",\"contentUrl\":\"https:\/\/www.prokennex.eu\/wp-content\/uploads\/2021\/09\/prokennex-logo.svg\",\"width\":\"1440\",\"height\":\"1080\",\"caption\":\"Pro Kennex s.r.l.\"},\"image\":{\"@id\":\"https:\/\/www.prokennex.eu\/de\/#\/schema\/logo\/image\/\"}}]}<\/script>\n<!-- \/ Yoast SEO plugin. -->","yoast_head_json":{"title":"TURBO Purple Cat (Mod. 2021)","robots":{"index":"index","follow":"follow","max-snippet":"max-snippet:-1","max-image-preview":"max-image-preview:large","max-video-preview":"max-video-preview:-1"},"canonical":"https:\/\/www.prokennex.eu\/de\/schlager-outlet\/turbo-purple-cat\/","og_locale":"de_DE","og_type":"article","og_title":"TURBO Purple Cat (Mod. 2021)","og_description":"Mittelgro\u00dfer Rahmen mit dem neuen Q Plus System, perfekte Mischung aus Leistung und Komfort; der vergr\u00f6\u00dferte ovale Kopf sorgt f\u00fcr eine unglaubliche Leichtigkeit des Spiels, die vier Kinetic-Ecken helfen, bei den Schl\u00e4gen von unten nach oben pr\u00e4zise zu sein. Ideal f\u00fcr Backspin und flache Schl\u00e4ge. Die Kinetic Damping Chamber und die gro\u00dfe Menge an Kinetic System darin garantieren absoluten Komfort.","og_url":"https:\/\/www.prokennex.eu\/de\/schlager-outlet\/turbo-purple-cat\/","og_site_name":"ProKennex Racchette e Accessori","article_modified_time":"2023-07-14T19:21:06+00:00","og_image":[{"width":1600,"height":1600,"url":"https:\/\/www.prokennex.eu\/wp-content\/uploads\/2021\/01\/products-1963883440-3.jpg","type":"image\/jpeg"}],"twitter_card":"summary_large_image","schema":{"@context":"https:\/\/schema.org","@graph":[{"@type":"WebPage","@id":"https:\/\/www.prokennex.eu\/de\/schlager-outlet\/turbo-purple-cat\/","url":"https:\/\/www.prokennex.eu\/de\/schlager-outlet\/turbo-purple-cat\/","name":"TURBO Purple Cat (Mod. 2021)","isPartOf":{"@id":"https:\/\/www.prokennex.eu\/de\/#website"},"primaryImageOfPage":{"@id":"https:\/\/www.prokennex.eu\/de\/schlager-outlet\/turbo-purple-cat\/#primaryimage"},"image":{"@id":"https:\/\/www.prokennex.eu\/de\/schlager-outlet\/turbo-purple-cat\/#primaryimage"},"thumbnailUrl":"https:\/\/www.prokennex.eu\/wp-content\/uploads\/2021\/01\/products-1963883440-3.jpg","datePublished":"2021-01-29T20:50:34+00:00","dateModified":"2023-07-14T19:21:06+00:00","breadcrumb":{"@id":"https:\/\/www.prokennex.eu\/de\/schlager-outlet\/turbo-purple-cat\/#breadcrumb"},"inLanguage":"de","potentialAction":[{"@type":"ReadAction","target":["https:\/\/www.prokennex.eu\/de\/schlager-outlet\/turbo-purple-cat\/"]}]},{"@type":"ImageObject","inLanguage":"de","@id":"https:\/\/www.prokennex.eu\/de\/schlager-outlet\/turbo-purple-cat\/#primaryimage","url":"https:\/\/www.prokennex.eu\/wp-content\/uploads\/2021\/01\/products-1963883440-3.jpg","contentUrl":"https:\/\/www.prokennex.eu\/wp-content\/uploads\/2021\/01\/products-1963883440-3.jpg","width":"1600","height":"1600","caption":"TURBO Purple Cat"},{"@type":"BreadcrumbList","@id":"https:\/\/www.prokennex.eu\/de\/schlager-outlet\/turbo-purple-cat\/#breadcrumb","itemListElement":[{"@type":"ListItem","position":1,"name":"Shop","item":"https:\/\/www.prokennex.eu\/de\/negozio\/"},{"@type":"ListItem","position":2,"name":"Outlet","item":"https:\/\/www.prokennex.eu\/de\/outlet-de\/"},{"@type":"ListItem","position":3,"name":"Schl\u00e4ger","item":"https:\/\/www.prokennex.eu\/de\/outlet-de\/schlager-outlet\/"},{"@type":"ListItem","position":4,"name":"Turbo Purple Cat (Mod. 2021)"}]},{"@type":"WebSite","@id":"https:\/\/www.prokennex.eu\/de\/#website","url":"https:\/\/www.prokennex.eu\/de\/","name":"ProKennex Racchette e Accessori","description":"Tomorrow&#039;s Tachnologies","publisher":{"@id":"https:\/\/www.prokennex.eu\/de\/#organization"},"potentialAction":[{"@type":"SearchAction","target":{"@type":"EntryPoint","urlTemplate":"https:\/\/www.prokennex.eu\/de\/?s={search_term_string}"},"query-input":{"@type":"PropertyValueSpecification","valueRequired":true,"valueName":"search_term_string"}}],"inLanguage":"de"},{"@type":"Organization","@id":"https:\/\/www.prokennex.eu\/de\/#organization","name":"Pro Kennex s.r.l.","url":"https:\/\/www.prokennex.eu\/de\/","logo":{"@type":"ImageObject","inLanguage":"de","@id":"https:\/\/www.prokennex.eu\/de\/#\/schema\/logo\/image\/","url":"https:\/\/www.prokennex.eu\/wp-content\/uploads\/2021\/09\/prokennex-logo.svg","contentUrl":"https:\/\/www.prokennex.eu\/wp-content\/uploads\/2021\/09\/prokennex-logo.svg","width":"1440","height":"1080","caption":"Pro Kennex s.r.l."},"image":{"@id":"https:\/\/www.prokennex.eu\/de\/#\/schema\/logo\/image\/"}}]}},"_links":{"self":[{"href":"https:\/\/www.prokennex.eu\/de\/wp-json\/wp\/v2\/product\/2382","targetHints":{"allow":["GET"]}}],"collection":[{"href":"https:\/\/www.prokennex.eu\/de\/wp-json\/wp\/v2\/product"}],"about":[{"href":"https:\/\/www.prokennex.eu\/de\/wp-json\/wp\/v2\/types\/product"}],"replies":[{"embeddable":true,"href":"https:\/\/www.prokennex.eu\/de\/wp-json\/wp\/v2\/comments?post=2382"}],"wp:featuredmedia":[{"embeddable":true,"href":"https:\/\/www.prokennex.eu\/de\/wp-json\/wp\/v2\/media\/2384"}],"wp:attachment":[{"href":"https:\/\/www.prokennex.eu\/de\/wp-json\/wp\/v2\/media?parent=2382"}],"wp:term":[{"taxonomy":"tecnologia","embeddable":true,"href":"https:\/\/www.prokennex.eu\/de\/wp-json\/wp\/v2\/tecnologia?post=2382"},{"taxonomy":"product_brand","embeddable":true,"href":"https:\/\/www.prokennex.eu\/de\/wp-json\/wp\/v2\/product_brand?post=2382"},{"taxonomy":"product_cat","embeddable":true,"href":"https:\/\/www.prokennex.eu\/de\/wp-json\/wp\/v2\/product_cat?post=2382"},{"taxonomy":"product_tag","embeddable":true,"href":"https:\/\/www.prokennex.eu\/de\/wp-json\/wp\/v2\/product_tag?post=2382"}],"curies":[{"name":"wp","href":"https:\/\/api.w.org\/{rel}","templated":true}]}}